{"id":40314,"date":"2022-12-02T10:29:26","date_gmt":"2022-12-02T10:29:26","guid":{"rendered":"https:\/\/jackpotlotteryonline.com\/?page_id=40314"},"modified":"2022-12-19T14:59:26","modified_gmt":"2022-12-19T14:59:26","slug":"mega-millions","status":"publish","type":"page","link":"https:\/\/jackpotlotteryonline.com\/it\/comprare-biglietti\/mega-millions\/","title":{"rendered":"Biglietti Mega Millions"},"content":{"rendered":"<h2>Come si pu\u00f2 acquistare un biglietto Mega Millions online?<\/h2>\n<p>Se state leggendo questo articolo, probabilmente siete interessati ad acquistare un biglietto Mega Millions. Mega Millions \u00e8 una delle tante lotterie che offrono grandi jackpot ai loro vincitori. Forse ora vi starete chiedendo: &#8220;Come posso acquistare il biglietto Mega Millions online?&#8221;.<\/p>\n<p>Beh, abbiamo pensato a voi. Ecco una guida che vi aiuter\u00e0 ad acquistare un biglietto Mega Millions online.<\/p>\n<h2>Perch\u00e9 acquistare i biglietti Mega Millions online?<\/h2>\n<p><img loading=\"lazy\" decoding=\"async\" class=\"alignright size-full wp-image-31073\" src=\"http:\/\/jackpotlotteryonline.com\/wp-content\/uploads\/2022\/11\/logo_Mega_Millions_233x110.png\" alt=\"compra il biglietto Mega Millions online\" width=\"232\" height=\"110\" \/>Mega Million \u00e8 una lotteria statunitense con grandi jackpot che cambiano la vita e che spesso raggiungono le centinaia di milioni di sterline. Vincere questo jackpot potrebbe cambiare la vostra vita da un giorno all&#8217;altro, ma solo se siete abbastanza fortunati da far coincidere correttamente tutti i numeri vincenti.<\/p>\n<p>Se avete intenzione di <a href=\"https:\/\/jackpotlotteryonline.com\/it\/come-giocare\/mega-millions\">giocare a questa lotteria online<\/a>, significa che acquisteremo i biglietti per vostro conto attraverso i nostri agenti di vendita locali. Siamo un fornitore di servizi concierge di fiducia che fornisce questi servizi ai propri clienti in tutto il mondo. Ci assicuriamo che i nostri clienti ottengano il meglio dei nostri servizi, quindi perch\u00e9 non acquistare con noi?<\/p>\n<p>Poich\u00e9 Mega Millions \u00e8 un jackpot enorme e molte persone vi partecipano, le probabilit\u00e0 di vincita sono piuttosto alte e la maggior parte delle persone cerca metodi da utilizzare per migliorare le proprie probabilit\u00e0 di vincita a questo jackpot.<\/p>\n<p>Un modo per migliorare le proprie possibilit\u00e0 \u00e8 quello di acquistare il biglietto Mega Millions online. \u00c8 possibile farlo sul nostro sito web ordinando un biglietto da qualsiasi parte del mondo, e una scansione del biglietto Mega Millions sar\u00e0 disponibile sul vostro conto. Acquistando il biglietto Mega Millions online, non dovrete preoccuparvi di perdere o farvi rubare il biglietto, perch\u00e9 i dati del biglietto saranno conservati in modo sicuro.<\/p>\n<p>Inoltre, l&#8217;acquisto di un biglietto Mega Millions online \u00e8 pi\u00f9 conveniente che recarsi in un negozio fisico, in quanto potete effettuare l&#8217;ordine comodamente da casa vostra, da qualsiasi parte del mondo. Potrete partecipare alla lotteria Mega Millions proprio come un residente negli Stati Uniti, in attesa delle estrazioni.<\/p>\n<h2>Il processo di acquisto dei biglietti Mega Millions online<\/h2>\n<p>Prima di acquistare il vostro biglietto Mega Millions con noi, dovete sapere che agiremo come intermediari tra voi e la lotteria, consentendovi di giocare e acquistare i biglietti online senza dovervi recare in un punto vendita fisico della lotteria.<\/p>\n<p>Siete pronti ad acquistare il vostro biglietto Mega Millions online? In caso affermativo, di seguito sono riportati alcuni passaggi da seguire per garantire il successo dell&#8217;acquisto del biglietto.<\/p>\n<p><strong>1. Creare un account.<\/strong><br \/>\n<img loading=\"lazy\" decoding=\"async\" class=\"alignright size-full wp-image-34025\" src=\"http:\/\/jackpotlotteryonline.com\/wp-content\/uploads\/2022\/11\/2_ticket_mega_millions3-1.jpg\" alt=\"compra il biglietto Mega Millions online\" width=\"180\" height=\"193\" \/>Se siete nuovi, verrete indirizzati alla pagina di registrazione, dove dovrete fornire i dati richiesti. Dopo aver creato con successo il vostro conto giocatore, andate alla pagina della lotteria Mega Millions e procedete come segue:<\/p>\n<p>Selezionare i numeri con cui si desidera giocare. Potete farlo manualmente o utilizzare il nostro generatore di numeri casuali per selezionare i numeri in modo casuale.<\/p>\n<p>Quindi selezionare il numero di estrazioni a cui si desidera partecipare. \u00c8 possibile selezionare una singola estrazione o acquistare biglietti per pi\u00f9 estrazioni. Partecipare a pi\u00f9 estrazioni aumenta le possibilit\u00e0 di vincere il jackpot di Mega Millions.<\/p>\n<p><strong>2. Fare clic sul pulsante &#8220;Continua&#8221; e passare alla pagina di pagamento.<\/strong><\/p>\n<p><strong>3. Metodi di pagamento<\/strong><\/p>\n<p>Andate alla pagina di pagamento e pagate i vostri biglietti. Una scansione del biglietto Mega Millions verr\u00e0 caricata sul vostro conto dopo qualche tempo.<\/p>\n<p><strong>4. A questo punto non vi resta che attendere le estrazioni, che si tengono ogni marted\u00ec e venerd\u00ec alle 23:00.<\/strong> I fusi orari possono essere diversi, quindi vi consigliamo di confermare il fuso orario mentre attendete <a href=\"https:\/\/jackpotlotteryonline.com\/it\/numeri-vincenti\/mega-millions\">le estrazioni<\/a>.<\/p>\n<h2>Cosa succede dopo aver vinto il jackpot di Mega Millions?<\/h2>\n<p>Se avete indovinato tutti i numeri, vi starete chiedendo cosa fare dopo o come riceverete il premio. Riceverete tutte le vostre vincite e non dovrete recarvi negli Stati Uniti per reclamare il vostro premio Mega Millions. Sappiate che la scansione del biglietto servir\u00e0 come prova di partecipazione, quindi tenetelo al sicuro: vi servir\u00e0.<\/p>\n<section class=\"layout\" style=\"border: solid 1px; width: 100%;\">\n<div class=\"img-div\" style=\"margin-top: 5px;\"><img decoding=\"async\" class=\"wp-image-17212 alignleft\" style=\"height: 45px; margin: 8px 8px 0px;\" src=\"http:\/\/jackpotlotteryonline.com\/wp-content\/uploads\/2022\/11\/read1.jpg\" alt=\"premiare il vincitore\" width=\"\" height=\"\" \/><\/div>\n<div style=\"padding-left: 5px;\">\n<div style=\"font-size: 1.1em;\">\n<p><strong>Come vengo pagato se vinco alla lotteria online?<\/strong><\/p>\n<p style=\"font-size: 0.85em; margin-top: -1.5em;\">Ecco come ricevere i soldi se si vince alla lotteria online \u00a0<a href=\"https:\/\/jackpotlotteryonline.com\/it\/come-vengo-pagato-se-vinco-alla-lotteria-online\">Per saperne di pi\u00f9<\/a><\/p>\n<\/div>\n<\/div>\n<\/section>\n<h2>Suggerimenti per aiutarvi a vincere il jackpot del Mega Millions<\/h2>\n<p><img loading=\"lazy\" decoding=\"async\" class=\"size-medium wp-image-29858 alignright\" src=\"http:\/\/jackpotlotteryonline.com\/wp-content\/uploads\/2022\/11\/1_win_euromillions_lottery-300x164.jpg\" alt=\"compra il biglietto Mega Millions online\" width=\"300\" height=\"164\" srcset=\"https:\/\/jackpotlotteryonline.com\/wp-content\/uploads\/2022\/11\/1_win_euromillions_lottery-300x164.jpg 300w, https:\/\/jackpotlotteryonline.com\/wp-content\/uploads\/2022\/11\/1_win_euromillions_lottery.jpg 350w\" sizes=\"auto, (max-width: 300px) 100vw, 300px\" \/>Se avete intenzione di giocare alla lotteria Mega Millions e di vincere il jackpot, ci sono alcune cose che dovreste considerare per aumentare le vostre possibilit\u00e0 di vincita.<\/p>\n<p>Innanzitutto, per cominciare, scegliete i numeri con attenzione. Non scegliete numeri troppo comuni, ma prendete in considerazione la possibilit\u00e0 di utilizzare i vostri numeri fortunati o di scegliere i numeri in modo casuale. Assicuratevi che siano distribuiti in modo uniforme per evitare di selezionare gli stessi numeri degli altri giocatori.<\/p>\n<p>In secondo luogo, confrontate gli ultimi numeri vincenti e studiate i modelli numerici. Eliminate i numeri estratti di recente da quelli selezionati.<\/p>\n<p>Inoltre, studiate l&#8217;andamento dei numeri vincenti pi\u00f9 comuni ed etichettateli come quelli con la pi\u00f9 alta frequenza di vincita. Dopo averli osservati, distribuitene alcuni in base alla vostra scelta di numeri.<\/p>\n<p>Infine, avete la possibilit\u00e0 di giocare alla lotteria Mega Millions in un sindacato. Si tratta di acquistare i biglietti in gruppo e le vincite saranno divise equamente tra tutti i giocatori che hanno partecipato. Questo \u00e8 un ottimo metodo per aumentare le possibilit\u00e0 di vincere il jackpot.<\/p>\n<p>Se giocate a Mega Millions tenendo conto dei suggerimenti di cui sopra, chi lo sa? Potreste essere il prossimo vincitore ad aggiudicarsi il jackpot. Tentate la fortuna oggi stesso!<\/p>\n<h2>Conclusione<\/h2>\n<p>Se non risiedete negli Stati Uniti e sperate di aggiudicarvi il jackpot di Mega Millions, la scelta migliore \u00e8 quella di acquistare il biglietto di Mega Millions online. Potete partecipare a questa lotteria da qualsiasi paese del mondo. Quindi cosa state aspettando? Acquistate oggi stesso i vostri biglietti e avrete la possibilit\u00e0 di diventare un fortunato vincitore del jackpot.<\/p>\n<p>Per ulteriori informazioni su questa lotteria, visitate la nostra pagina delle FAQ o inviate la vostra domanda: il nostro team di assistenza clienti vi risponder\u00e0 con le informazioni appropriate. Nel frattempo, potete anche esplorare le altre lotterie disponibili sul nostro sito web e, se siete interessati, premete il pulsante play e vincete anche in altre lotterie.<\/p>\n","protected":false},"excerpt":{"rendered":"<p>Come si pu\u00f2 acquistare un biglietto Mega Millions online? Se state leggendo questo articolo, probabilmente siete interessati ad acquistare un biglietto Mega Millions. Mega Millions \u00e8 una delle tante lotterie che offrono grandi jackpot ai loro vincitori. Forse ora vi starete chiedendo: &#8220;Come posso acquistare il biglietto Mega Millions online?&#8221;. Beh, abbiamo pensato a voi. [&hellip;]<\/p>\n","protected":false},"author":1,"featured_media":0,"parent":35762,"menu_order":1,"comment_status":"closed","ping_status":"closed","template":"megamillion.php","meta":{"_et_pb_use_builder":"","_et_pb_old_content":"","_et_gb_content_width":"","exclude_from_search":false,"footnotes":""},"class_list":["post-40314","page","type-page","status-publish","hentry"],"yoast_head":"<!-- This site is optimized with the Yoast SEO plugin v23.3 - https:\/\/yoast.com\/wordpress\/plugins\/seo\/ -->\n<title>Comprare i biglietti Mega Millions online | Biglietti per Mega Millions da fuori degli Stati Uniti<\/title>\n<meta name=\"description\" content=\"Se vivete fuori dagli Stati Uniti, potete comunque acquistare i biglietti per Mega Millions online, proprio qui. Acquistiamo per voi i veri biglietti Mega Millions e li scannerizziamo.\" \/>\n<meta name=\"robots\" content=\"index, follow, max-snippet:-1, max-image-preview:large, max-video-preview:-1\" \/>\n<link rel=\"canonical\" href=\"https:\/\/jackpotlotteryonline.com\/it\/comprare-biglietti\/mega-millions\/\" \/>\n<meta property=\"og:locale\" content=\"it_IT\" \/>\n<meta property=\"og:type\" content=\"article\" \/>\n<meta property=\"og:title\" content=\"Comprare i biglietti Mega Millions online | Biglietti per Mega Millions da fuori degli Stati Uniti\" \/>\n<meta property=\"og:description\" content=\"Se vivete fuori dagli Stati Uniti, potete comunque acquistare i biglietti per Mega Millions online, proprio qui. Acquistiamo per voi i veri biglietti Mega Millions e li scannerizziamo.\" \/>\n<meta property=\"og:url\" content=\"https:\/\/jackpotlotteryonline.com\/it\/comprare-biglietti\/mega-millions\/\" \/>\n<meta property=\"og:site_name\" content=\"Lotto Online - Crack The International Lottery Jackpots\" \/>\n<meta property=\"article:modified_time\" content=\"2022-12-19T14:59:26+00:00\" \/>\n<meta property=\"og:image\" content=\"http:\/\/jackpotlotteryonline.com\/wp-content\/uploads\/2022\/11\/logo_Mega_Millions_233x110.png\" \/>\n<meta name=\"twitter:card\" content=\"summary_large_image\" \/>\n<meta name=\"twitter:label1\" content=\"Tempo di lettura stimato\" \/>\n\t<meta name=\"twitter:data1\" content=\"6 minuti\" \/>\n<!-- \/ Yoast SEO plugin. -->","yoast_head_json":{"title":"Comprare i biglietti Mega Millions online | Biglietti per Mega Millions da fuori degli Stati Uniti","description":"Se vivete fuori dagli Stati Uniti, potete comunque acquistare i biglietti per Mega Millions online, proprio qui. Acquistiamo per voi i veri biglietti Mega Millions e li scannerizziamo.","robots":{"index":"index","follow":"follow","max-snippet":"max-snippet:-1","max-image-preview":"max-image-preview:large","max-video-preview":"max-video-preview:-1"},"canonical":"https:\/\/jackpotlotteryonline.com\/it\/comprare-biglietti\/mega-millions\/","og_locale":"it_IT","og_type":"article","og_title":"Comprare i biglietti Mega Millions online | Biglietti per Mega Millions da fuori degli Stati Uniti","og_description":"Se vivete fuori dagli Stati Uniti, potete comunque acquistare i biglietti per Mega Millions online, proprio qui. Acquistiamo per voi i veri biglietti Mega Millions e li scannerizziamo.","og_url":"https:\/\/jackpotlotteryonline.com\/it\/comprare-biglietti\/mega-millions\/","og_site_name":"Lotto Online - Crack The International Lottery Jackpots","article_modified_time":"2022-12-19T14:59:26+00:00","og_image":[{"url":"http:\/\/jackpotlotteryonline.com\/wp-content\/uploads\/2022\/11\/logo_Mega_Millions_233x110.png"}],"twitter_card":"summary_large_image","twitter_misc":{"Tempo di lettura stimato":"6 minuti"},"schema":{"@context":"https:\/\/schema.org","@graph":[{"@type":"WebPage","@id":"https:\/\/jackpotlotteryonline.com\/it\/comprare-biglietti\/mega-millions\/","url":"https:\/\/jackpotlotteryonline.com\/it\/comprare-biglietti\/mega-millions\/","name":"Comprare i biglietti Mega Millions online | Biglietti per Mega Millions da fuori degli Stati Uniti","isPartOf":{"@id":"https:\/\/jackpotlotteryonline.com\/#website"},"primaryImageOfPage":{"@id":"https:\/\/jackpotlotteryonline.com\/it\/comprare-biglietti\/mega-millions\/#primaryimage"},"image":{"@id":"https:\/\/jackpotlotteryonline.com\/it\/comprare-biglietti\/mega-millions\/#primaryimage"},"thumbnailUrl":"http:\/\/jackpotlotteryonline.com\/wp-content\/uploads\/2022\/11\/logo_Mega_Millions_233x110.png","datePublished":"2022-12-02T10:29:26+00:00","dateModified":"2022-12-19T14:59:26+00:00","description":"Se vivete fuori dagli Stati Uniti, potete comunque acquistare i biglietti per Mega Millions online, proprio qui. Acquistiamo per voi i veri biglietti Mega Millions e li scannerizziamo.","breadcrumb":{"@id":"https:\/\/jackpotlotteryonline.com\/it\/comprare-biglietti\/mega-millions\/#breadcrumb"},"inLanguage":"it-IT","potentialAction":[{"@type":"ReadAction","target":["https:\/\/jackpotlotteryonline.com\/it\/comprare-biglietti\/mega-millions\/"]}]},{"@type":"ImageObject","inLanguage":"it-IT","@id":"https:\/\/jackpotlotteryonline.com\/it\/comprare-biglietti\/mega-millions\/#primaryimage","url":"http:\/\/jackpotlotteryonline.com\/wp-content\/uploads\/2022\/11\/logo_Mega_Millions_233x110.png","contentUrl":"http:\/\/jackpotlotteryonline.com\/wp-content\/uploads\/2022\/11\/logo_Mega_Millions_233x110.png"},{"@type":"BreadcrumbList","@id":"https:\/\/jackpotlotteryonline.com\/it\/comprare-biglietti\/mega-millions\/#breadcrumb","itemListElement":[{"@type":"ListItem","position":1,"name":"Home","item":"https:\/\/jackpotlotteryonline.com\/it\/"},{"@type":"ListItem","position":2,"name":"Come acquistare i biglietti della lotteria online","item":"https:\/\/jackpotlotteryonline.com\/buy-tickets\/"},{"@type":"ListItem","position":3,"name":"Biglietti Mega Millions"}]},{"@type":"WebSite","@id":"https:\/\/jackpotlotteryonline.com\/#website","url":"https:\/\/jackpotlotteryonline.com\/","name":"Lotto Online - Crack The International Lottery Jackpots","description":"","potentialAction":[{"@type":"SearchAction","target":{"@type":"EntryPoint","urlTemplate":"https:\/\/jackpotlotteryonline.com\/?s={search_term_string}"},"query-input":"required name=search_term_string"}],"inLanguage":"it-IT"}]}},"_links":{"self":[{"href":"https:\/\/jackpotlotteryonline.com\/it\/wp-json\/wp\/v2\/pages\/40314","targetHints":{"allow":["GET"]}}],"collection":[{"href":"https:\/\/jackpotlotteryonline.com\/it\/wp-json\/wp\/v2\/pages"}],"about":[{"href":"https:\/\/jackpotlotteryonline.com\/it\/wp-json\/wp\/v2\/types\/page"}],"author":[{"embeddable":true,"href":"https:\/\/jackpotlotteryonline.com\/it\/wp-json\/wp\/v2\/users\/1"}],"replies":[{"embeddable":true,"href":"https:\/\/jackpotlotteryonline.com\/it\/wp-json\/wp\/v2\/comments?post=40314"}],"version-history":[{"count":0,"href":"https:\/\/jackpotlotteryonline.com\/it\/wp-json\/wp\/v2\/pages\/40314\/revisions"}],"up":[{"embeddable":true,"href":"https:\/\/jackpotlotteryonline.com\/it\/wp-json\/wp\/v2\/pages\/35762"}],"wp:attachment":[{"href":"https:\/\/jackpotlotteryonline.com\/it\/wp-json\/wp\/v2\/media?parent=40314"}],"curies":[{"name":"wp","href":"https:\/\/api.w.org\/{rel}","templated":true}]}}