{"id":40366,"date":"2022-12-02T14:06:42","date_gmt":"2022-12-02T14:06:42","guid":{"rendered":"https:\/\/jackpotlotteryonline.com\/?page_id=40366"},"modified":"2023-01-01T14:24:09","modified_gmt":"2023-01-01T14:24:09","slug":"oz-lotto","status":"publish","type":"page","link":"https:\/\/jackpotlotteryonline.com\/it\/come-giocare\/oz-lotto\/","title":{"rendered":"Giocare al Lotto Oz online"},"content":{"rendered":"<h2>Informazioni su Oz Lotto<\/h2>\n<p>Oz Lotto \u00e8 una lotteria australiana introdotta nel 1994 e gestita da un gruppo chiamato Tatts Group. L&#8217;Oz Lotto \u00e8 cresciuto in popolarit\u00e0 sia in Australia che in Nuova Zelanda, diventando la pi\u00f9 grande lotteria australiana. <a href=\"https:\/\/jackpotlotteryonline.com\/it\/numeri-vincenti\/oz-lotto\">Le estrazioni dell&#8217;Oz Lotto<\/a> si tengono ogni mercoled\u00ec e venerd\u00ec.<\/p>\n<p>Di seguito una guida che vi aiuter\u00e0 a giocare all&#8217;Oz Lotto online da qualsiasi parte del mondo.<\/p>\n<h2>Come giocare all&#8217;Oz Lotto online<\/h2>\n<p><img loading=\"lazy\" decoding=\"async\" class=\"alignright size-full wp-image-29777\" src=\"http:\/\/jackpotlotteryonline.com\/wp-content\/uploads\/2022\/11\/1_ticket_online_buying.jpg\" alt=\"gioca al lotto di oz online\" width=\"300\" height=\"203\" \/>Se siete alla ricerca di una lotteria emozionante e coinvolgente a cui partecipare, dovete dare un&#8217;occhiata all&#8217;Oz Lotto australiano. Offriamo ai giocatori l&#8217;opportunit\u00e0 di giocare alle lotterie internazionali online offrendo servizi di concierge. Tutto ci\u00f2 che serve per giocare all&#8217;Oz Lotto online \u00e8 un computer e una connessione a Internet.<\/p>\n<p>Per giocare all&#8217;Oz Lotto online, \u00e8 sufficiente scegliere sette numeri principali da un range di 1 a 47. Altri tre numeri, noti come numeri supplementari, vengono scelti durante l&#8217;estrazione. Potete scegliere i vostri numeri utilizzando il nostro generatore di numeri casuali o selezionarli manualmente. Quindi selezionare il numero di estrazioni a cui si desidera partecipare. Procedere alla <a href=\"https:\/\/jackpotlotteryonline.com\/it\/comprare-biglietti\/oz-lotto\">cassa e pagare i biglietti<\/a>, quindi attendere l&#8217;estrazione.<\/p>\n<h2>Cosa sono i numeri supplementari e come vengono utilizzati?<\/h2>\n<p>I numeri supplementari sono considerati &#8220;palline bonus&#8221; durante le estrazioni dell&#8217;Oz Lotto. Durante l&#8217;estrazione, vengono selezionati casualmente dieci numeri vincenti e i primi sette sono considerati i numeri principali per il vincitore del jackpot. I livelli 2, 4 e 7 sono determinati dai restanti tre &#8220;numeri supplementari&#8221;.<\/p>\n<h2>Livelli di premio dell&#8217;Oz Lotto<\/h2>\n<p>L&#8217;Oz Lotto australiano ha un totale di sette livelli di premio. Esse sono le seguenti:<\/p>\n<ul>\n<li>Livello 1: Jackpot: sette numeri abbinati<\/li>\n<li>Livello 2: Sei numeri abbinati + numero supplementare<\/li>\n<li>Livello 3: sei numeri abbinati<\/li>\n<li>Livello 4: Cinque numeri abbinati + numero supplementare<\/li>\n<li>Livello 5: Cinque numeri abbinati<\/li>\n<li>Livello 6: Quattro numeri abbinati<\/li>\n<li>Livello 7: abbinato a tre numeri + numero supplementare<\/li>\n<\/ul>\n<h2>Devo essere in Australia per giocare all&#8217;Oz Lotto?<\/h2>\n<p>No, non \u00e8 necessario essere residenti in Australia per partecipare a questa lotteria. Tutto ci\u00f2 che dovete fare \u00e8 visitare jackpotlotteryonline.com per realizzare il vostro sogno di giocare alle lotterie internazionali. Forniamo servizi di lotteria ai nostri clienti, per cui acquistiamo i biglietti fisici attraverso i nostri agenti di lotteria di fiducia. Il biglietto fisico sar\u00e0 conservato in modo sicuro, mentre una scansione dello stesso sar\u00e0 caricata sul conto del giocatore. Tutto questo viene fatto per voi, e ci\u00f2 che rimane \u00e8 l&#8217;attesa del giorno dell&#8217;estrazione.<\/p>\n<p>Non dovrete quindi preoccuparvi di non poter partecipare all&#8217;Oz Lotto. Giocherete a questa lotteria proprio come se foste residenti in Australia. Giocare all&#8217;Oz Lotto \u00e8 cos\u00ec semplice. Tentate la fortuna oggi stesso!<\/p>\n<h2>Vincere l&#8217;Oz Lotto<\/h2>\n<p>Per vincere il jackpot dell&#8217;Oz Lotto, il giocatore deve indovinare sette numeri sui 47 totali. Questo jackpot parte da 10 milioni di dollari e spesso cresce fino alla vincita. Oltre al jackpot principale, i giocatori che indovinano quattro o cinque numeri corretti per l&#8217;estrazione in questione vincono otto premi minori.<\/p>\n<section class=\"layout\" style=\"border: solid 1px; width: 100%;\">\n<div class=\"img-div\" style=\"margin-top: 5px;\"><img decoding=\"async\" class=\"wp-image-17212 alignleft\" style=\"height: 45px; margin: 8px 8px 0px;\" src=\"http:\/\/jackpotlotteryonline.com\/wp-content\/uploads\/2022\/11\/read1.jpg\" alt=\"Leggi \" width=\"\" height=\"\" \/><\/div>\n<div style=\"padding-left: 5px;\">\n<div style=\"font-size: 1.1em;\">\n<p><strong>I jackpot storici e da record delle lotterie<\/strong><\/p>\n<p style=\"font-size: 0.85em; margin-top: -1.5em;\">I pi\u00f9 grandi montepremi della storia del lotto vi faranno girare la testa\u00a0<a href=\"https:\/\/jackpotlotteryonline.com\/it\/i-piu-grandi-jackpot-del-lotto-nella-storia\"> Per saperne di pi\u00f9<\/a><\/p>\n<\/div>\n<\/div>\n<\/section>\n<h2>Quali sono le probabilit\u00e0 di vincita dell&#8217;Oz Lotto australiano?<\/h2>\n<p><img loading=\"lazy\" decoding=\"async\" class=\"alignright wp-image-28697 size-medium\" src=\"http:\/\/jackpotlotteryonline.com\/wp-content\/uploads\/2022\/11\/1_online_lotto_winners-300x200.jpg\" alt=\"giocare al lotto di oz online\" width=\"300\" height=\"200\" srcset=\"https:\/\/jackpotlotteryonline.com\/wp-content\/uploads\/2022\/11\/1_online_lotto_winners-300x200.jpg 300w, https:\/\/jackpotlotteryonline.com\/wp-content\/uploads\/2022\/11\/1_online_lotto_winners.jpg 320w\" sizes=\"auto, (max-width: 300px) 100vw, 300px\" \/>L&#8217;Oz Lotto ha guadagnato popolarit\u00e0 e ha fatto vincere molti giocatori, rendendo allo stesso tempo molto alte le possibilit\u00e0 di vincere in una qualsiasi delle categorie di premi.<\/p>\n<p>Le probabilit\u00e0 di indovinare sette numeri e vincere il jackpot sono di 1 su 62.891.499, il che \u00e8 praticamente impossibile. Ma l&#8217;aspetto positivo delle lotterie \u00e8 che il gioco \u00e8 tutto una questione di fortuna, non si sa mai se si diventer\u00e0 vincitori, e questo \u00e8 ci\u00f2 che rende emozionante la partecipazione alle lotterie.<\/p>\n<p>La probabilit\u00e0 complessiva di vincere uno dei sette premi \u00e8 di 1 su 51.<\/p>\n<p>Per ulteriori informazioni sull&#8217;Oz Lotto, visitate la nostra pagina delle FAQ o il sito ufficiale della lotteria.<\/p>\n<p>Registrate un account oggi stesso e avrete la possibilit\u00e0 di partecipare a questa lotteria da qualsiasi parte del mondo.<\/p>\n","protected":false},"excerpt":{"rendered":"<p>Informazioni su Oz Lotto Oz Lotto \u00e8 una lotteria australiana introdotta nel 1994 e gestita da un gruppo chiamato Tatts Group. L&#8217;Oz Lotto \u00e8 cresciuto in popolarit\u00e0 sia in Australia che in Nuova Zelanda, diventando la pi\u00f9 grande lotteria australiana. Le estrazioni dell&#8217;Oz Lotto si tengono ogni mercoled\u00ec e venerd\u00ec. Di seguito una guida che [&hellip;]<\/p>\n","protected":false},"author":1,"featured_media":0,"parent":35700,"menu_order":16,"comment_status":"closed","ping_status":"closed","template":"","meta":{"_et_pb_use_builder":"","_et_pb_old_content":"","_et_gb_content_width":"","exclude_from_search":false,"footnotes":""},"class_list":["post-40366","page","type-page","status-publish","hentry"],"yoast_head":"<!-- This site is optimized with the Yoast SEO plugin v23.3 - https:\/\/yoast.com\/wordpress\/plugins\/seo\/ -->\n<title>Giocare all&#039;Oz Lotto online da fuori dell&#039;Australia<\/title>\n<meta name=\"description\" content=\"Ora puoi giocare all&#039;Oz Lotto online, non solo se ti trovi in Australia - puoi giocare alla lotteria di Oz da qualsiasi parte del mondo.\" \/>\n<meta name=\"robots\" content=\"index, follow, max-snippet:-1, max-image-preview:large, max-video-preview:-1\" \/>\n<link rel=\"canonical\" href=\"https:\/\/jackpotlotteryonline.com\/it\/come-giocare\/oz-lotto\/\" \/>\n<meta property=\"og:locale\" content=\"it_IT\" \/>\n<meta property=\"og:type\" content=\"article\" \/>\n<meta property=\"og:title\" content=\"Giocare all&#039;Oz Lotto online da fuori dell&#039;Australia\" \/>\n<meta property=\"og:description\" content=\"Ora puoi giocare all&#039;Oz Lotto online, non solo se ti trovi in Australia - puoi giocare alla lotteria di Oz da qualsiasi parte del mondo.\" \/>\n<meta property=\"og:url\" content=\"https:\/\/jackpotlotteryonline.com\/it\/come-giocare\/oz-lotto\/\" \/>\n<meta property=\"og:site_name\" content=\"Lotto Online - Crack The International Lottery Jackpots\" \/>\n<meta property=\"article:modified_time\" content=\"2023-01-01T14:24:09+00:00\" \/>\n<meta property=\"og:image\" content=\"http:\/\/jackpotlotteryonline.com\/wp-content\/uploads\/2022\/11\/1_ticket_online_buying.jpg\" \/>\n<meta name=\"twitter:card\" content=\"summary_large_image\" \/>\n<meta name=\"twitter:label1\" content=\"Tempo di lettura stimato\" \/>\n\t<meta name=\"twitter:data1\" content=\"4 minuti\" \/>\n<!-- \/ Yoast SEO plugin. -->","yoast_head_json":{"title":"Giocare all'Oz Lotto online da fuori dell'Australia","description":"Ora puoi giocare all'Oz Lotto online, non solo se ti trovi in Australia - puoi giocare alla lotteria di Oz da qualsiasi parte del mondo.","robots":{"index":"index","follow":"follow","max-snippet":"max-snippet:-1","max-image-preview":"max-image-preview:large","max-video-preview":"max-video-preview:-1"},"canonical":"https:\/\/jackpotlotteryonline.com\/it\/come-giocare\/oz-lotto\/","og_locale":"it_IT","og_type":"article","og_title":"Giocare all'Oz Lotto online da fuori dell'Australia","og_description":"Ora puoi giocare all'Oz Lotto online, non solo se ti trovi in Australia - puoi giocare alla lotteria di Oz da qualsiasi parte del mondo.","og_url":"https:\/\/jackpotlotteryonline.com\/it\/come-giocare\/oz-lotto\/","og_site_name":"Lotto Online - Crack The International Lottery Jackpots","article_modified_time":"2023-01-01T14:24:09+00:00","og_image":[{"url":"http:\/\/jackpotlotteryonline.com\/wp-content\/uploads\/2022\/11\/1_ticket_online_buying.jpg"}],"twitter_card":"summary_large_image","twitter_misc":{"Tempo di lettura stimato":"4 minuti"},"schema":{"@context":"https:\/\/schema.org","@graph":[{"@type":"WebPage","@id":"https:\/\/jackpotlotteryonline.com\/it\/come-giocare\/oz-lotto\/","url":"https:\/\/jackpotlotteryonline.com\/it\/come-giocare\/oz-lotto\/","name":"Giocare all'Oz Lotto online da fuori dell'Australia","isPartOf":{"@id":"https:\/\/jackpotlotteryonline.com\/#website"},"primaryImageOfPage":{"@id":"https:\/\/jackpotlotteryonline.com\/it\/come-giocare\/oz-lotto\/#primaryimage"},"image":{"@id":"https:\/\/jackpotlotteryonline.com\/it\/come-giocare\/oz-lotto\/#primaryimage"},"thumbnailUrl":"http:\/\/jackpotlotteryonline.com\/wp-content\/uploads\/2022\/11\/1_ticket_online_buying.jpg","datePublished":"2022-12-02T14:06:42+00:00","dateModified":"2023-01-01T14:24:09+00:00","description":"Ora puoi giocare all'Oz Lotto online, non solo se ti trovi in Australia - puoi giocare alla lotteria di Oz da qualsiasi parte del mondo.","breadcrumb":{"@id":"https:\/\/jackpotlotteryonline.com\/it\/come-giocare\/oz-lotto\/#breadcrumb"},"inLanguage":"it-IT","potentialAction":[{"@type":"ReadAction","target":["https:\/\/jackpotlotteryonline.com\/it\/come-giocare\/oz-lotto\/"]}]},{"@type":"ImageObject","inLanguage":"it-IT","@id":"https:\/\/jackpotlotteryonline.com\/it\/come-giocare\/oz-lotto\/#primaryimage","url":"http:\/\/jackpotlotteryonline.com\/wp-content\/uploads\/2022\/11\/1_ticket_online_buying.jpg","contentUrl":"http:\/\/jackpotlotteryonline.com\/wp-content\/uploads\/2022\/11\/1_ticket_online_buying.jpg"},{"@type":"BreadcrumbList","@id":"https:\/\/jackpotlotteryonline.com\/it\/come-giocare\/oz-lotto\/#breadcrumb","itemListElement":[{"@type":"ListItem","position":1,"name":"Home","item":"https:\/\/jackpotlotteryonline.com\/it\/"},{"@type":"ListItem","position":2,"name":"Come giocare","item":"https:\/\/jackpotlotteryonline.com\/play-online\/"},{"@type":"ListItem","position":3,"name":"Giocare al Lotto Oz online"}]},{"@type":"WebSite","@id":"https:\/\/jackpotlotteryonline.com\/#website","url":"https:\/\/jackpotlotteryonline.com\/","name":"Lotto Online - Crack The International Lottery Jackpots","description":"","potentialAction":[{"@type":"SearchAction","target":{"@type":"EntryPoint","urlTemplate":"https:\/\/jackpotlotteryonline.com\/?s={search_term_string}"},"query-input":"required name=search_term_string"}],"inLanguage":"it-IT"}]}},"_links":{"self":[{"href":"https:\/\/jackpotlotteryonline.com\/it\/wp-json\/wp\/v2\/pages\/40366","targetHints":{"allow":["GET"]}}],"collection":[{"href":"https:\/\/jackpotlotteryonline.com\/it\/wp-json\/wp\/v2\/pages"}],"about":[{"href":"https:\/\/jackpotlotteryonline.com\/it\/wp-json\/wp\/v2\/types\/page"}],"author":[{"embeddable":true,"href":"https:\/\/jackpotlotteryonline.com\/it\/wp-json\/wp\/v2\/users\/1"}],"replies":[{"embeddable":true,"href":"https:\/\/jackpotlotteryonline.com\/it\/wp-json\/wp\/v2\/comments?post=40366"}],"version-history":[{"count":0,"href":"https:\/\/jackpotlotteryonline.com\/it\/wp-json\/wp\/v2\/pages\/40366\/revisions"}],"up":[{"embeddable":true,"href":"https:\/\/jackpotlotteryonline.com\/it\/wp-json\/wp\/v2\/pages\/35700"}],"wp:attachment":[{"href":"https:\/\/jackpotlotteryonline.com\/it\/wp-json\/wp\/v2\/media?parent=40366"}],"curies":[{"name":"wp","href":"https:\/\/api.w.org\/{rel}","templated":true}]}}