{"id":40490,"date":"2022-12-05T08:35:20","date_gmt":"2022-12-05T08:35:20","guid":{"rendered":"https:\/\/jackpotlotteryonline.com\/?page_id=40490"},"modified":"2022-12-26T13:57:20","modified_gmt":"2022-12-26T13:57:20","slug":"powerball","status":"publish","type":"page","link":"https:\/\/jackpotlotteryonline.com\/it\/numeri-vincenti\/powerball\/","title":{"rendered":"Risultati dell&#8217;estrazione Powerball"},"content":{"rendered":"<p>Il Powerball \u00e8 una lotteria statunitense con uno dei jackpot pi\u00f9 grandi di tutti i tempi. Vincere il Powerball statunitense \u00e8 il sogno ultimo di quasi tutti i giocatori. A causa dei suoi jackpot incredibilmente grandi, che a volte arrivano fino a 1 miliardo di dollari, i giocatori di tutto il mondo acquistano i biglietti del Powerball online. Ogni giocatore nutre forti speranze di vincere la lotteria. Tuttavia, acquistare un biglietto della lotteria \u00e8 una cosa, controllare i numeri vincenti \u00e8 un&#8217;altra. Per scoprire se si \u00e8 in possesso del biglietto vincente della lotteria Powerball, \u00e8 essenziale controllare i risultati dell&#8217;estrazione.<\/p>\n<p>In questa pagina vi spiegheremo come controllare i risultati delle estrazioni online. Inoltre, vi mostreremo come accedere alle vostre vincite anche se siete giocatori online.<\/p>\n<p>Ricordate che potete<a href=\"https:\/\/jackpotlotteryonline.com\/it\/comprare-biglietti\/powerball\"> acquistare i biglietti vincenti del Powerball<\/a> su jackpotlotteryonline.com e allo stesso tempo controllare i numeri vincenti.<\/p>\n<h2>Perch\u00e9 il Powerball \u00e8 cos\u00ec popolare<\/h2>\n<p><img loading=\"lazy\" decoding=\"async\" class=\"alignright size-full wp-image-29588\" src=\"http:\/\/jackpotlotteryonline.com\/wp-content\/uploads\/2022\/11\/1_results_powerball.jpg\" alt=\"acquistare facilmente i biglietti del Powerball\" width=\"300\" height=\"224\" \/>Ci sono diversi motivi per cui i giocatori si affollano al Powerball. Si tratta di una lotteria multistatale statunitense, il che significa che i biglietti sono venduti in diversi Stati degli USA. Chi vive in questi Stati pu\u00f2 quindi acquistare facilmente i biglietti del Powerball. Ma non sono solo gli appassionati di lotterie statunitensi ad acquistare biglietti con la speranza di vincere questa lotteria. Anche i giocatori di tutto il mondo cercano di acquistare i biglietti vincenti del Powerball.<\/p>\n<p>Nell&#8217;ottobre 2022, il jackpot del Powerball ha raggiunto il record di 1 miliardo di dollari, vinto da un singolo possessore di biglietto. Il solo pensiero di vincere un miliardo di dollari \u00e8 sufficiente per eccitare i giocatori di tutto il mondo. Inoltre, anche se le probabilit\u00e0 di vincere al Powerball sono piuttosto alte, i giocatori spesso vincono il jackpot.<\/p>\n<p>Anche in questo caso, il Powerball prevede diverse categorie con premi succulenti. Quindi, anche se non riuscite a vincere il primo premio, potreste comunque tornare a casa con una grossa vincita.<\/p>\n<h2>Giocare e vincere al Powerball online<\/h2>\n<p>Il bello di <a href=\"https:\/\/jackpotlotteryonline.com\/it\/come-giocare\/powerball\">giocare al Powerball online<\/a> \u00e8 che si pu\u00f2 accedere rapidamente a questa lotteria statunitense da qualsiasi luogo. Se acquistate il vostro biglietto vincente da jackpotlotteryonline.com, potete scegliere facilmente i vostri numeri vincenti. Basta scegliere 5 numeri da 1 a 69 e 1 numero aggiuntivo da 1 a 26.<\/p>\n<p>Una volta scelti i numeri vincenti, il passo successivo \u00e8 quello di partecipare alle estrazioni. Il Powerball prevede tre estrazioni settimanali, il marted\u00ec, il gioved\u00ec e la domenica. Noi vi consentiamo di partecipare facilmente a una singola estrazione o a pi\u00f9 estrazioni, a seconda delle vostre preferenze. Inoltre, \u00e8 possibile partecipare alle estrazioni con diverse settimane di anticipo.<\/p>\n<p>Dopo aver effettuato il pagamento, il passo successivo \u00e8 attendere le estrazioni. A quel punto verranno annunciati i numeri vincenti e si potr\u00e0 sapere se si \u00e8 vinto alla lotteria.<\/p>\n<section class=\"layout\" style=\"border: solid 1px; width: 100%;\">\n<div class=\"img-div\" style=\"margin-top: 5px;\"><img decoding=\"async\" class=\"wp-image-17212 alignleft\" style=\"height: 45px; margin: 8px 8px 0px;\" src=\"http:\/\/jackpotlotteryonline.com\/wp-content\/uploads\/2022\/11\/read1.jpg\" alt=\"leggere\" width=\"\" height=\"\" \/><\/div>\n<div style=\"padding-left: 5px;\">\n<div style=\"font-size: 1.1em;\">\n<p><strong>I jackpot storici e da record delle lotterie<\/strong><\/p>\n<p style=\"font-size: 0.85em; margin-top: -1.5em;\">I pi\u00f9 grandi montepremi della storia del lotto vi faranno girare la testa\u00a0 <a href=\"https:\/\/jackpotlotteryonline.com\/it\/i-piu-grandi-jackpot-del-lotto-nella-storia\"> Per saperne di pi\u00f9<\/a><\/p>\n<\/div>\n<\/div>\n<\/section>\n<h2>Controllare i numeri vincenti<\/h2>\n<p><img loading=\"lazy\" decoding=\"async\" class=\"alignright size-full wp-image-30371\" src=\"http:\/\/jackpotlotteryonline.com\/wp-content\/uploads\/2022\/11\/1_winning_numbers_powerball.jpg\" alt=\"giocare al Powerball online\" width=\"300\" height=\"129\" \/>Dato che state giocando al Powerball online, non potete entrare in un negozio di lotterie per verificare se avete il biglietto vincente. Quindi, il modo migliore per farlo \u00e8 controllare online. Se giocate con noi, potete tornare su questa pagina dopo ogni estrazione per vedere i numeri vincenti.<\/p>\n<p>Tuttavia, anche se non si controlla, si pu\u00f2 sapere se si \u00e8 vinto un premio. Infatti, per acquistare il biglietto del Powerball \u00e8 necessario essere registrati presso di noi. Il motivo \u00e8 che possiamo informarvi non appena avete un biglietto vincente. Se avete un biglietto vincente, vi invieremo un&#8217;e-mail per informarvi. \u00c8 molto semplice.<\/p>\n<h2>Incasso del premio<\/h2>\n<p>L&#8217;incasso della vincita \u00e8 un altro aspetto che potrebbe preoccupare i giocatori online. Perch\u00e9 se state giocando a Powerball online, volete essere sicuri di poter accedere alle vostre vincite. Se giocate al Powerball con noi, incassare il vostro premio \u00e8 una cosa semplice. Abbiamo progettato il nostro sistema in modo tale che possiate ritirare le vostre vincite sul vostro conto.<\/p>\n<p>Questo \u00e8 possibile per le vincite inferiori a 2.500 euro. Se la vincita \u00e8 superiore a tale importo, vi aiuteremo a compilare un modulo di richiesta di rimborso. Dovrete farlo per richiedere le vostre vincite direttamente alla societ\u00e0 di lotteria.<\/p>\n<h2>Vincere la lotteria Powerball<\/h2>\n<p>Vincere la lotteria Powerball significa avere un biglietto che corrisponde ai risultati dell&#8217;estrazione. Per dimostrarvi quanto sia straordinario il Powerball, vi mostriamo cosa potete vincere con gli altri premi.<\/p>\n<p>Divisione 1: Partita 5 + Powerball &#8211; Jackpot<\/p>\n<p>Divisione 2: Partita 5 da sola &#8211; 1 milione di dollari<\/p>\n<p>Divisione 3: Partita 4 + Powerball &#8211; 50.000 dollari<\/p>\n<p>Divisione 4: Partita 4 da sola &#8211; 100 dollari<\/p>\n<p>Divisione 5: Partita 3 + Powerball &#8211; 100 dollari<\/p>\n<p>Divisione 6: Partita 3 da sola &#8211; $7<\/p>\n<p>Divisione 7: Partita 2 + Powerball &#8211; $7<\/p>\n<p>Divisione 8: Partita 1 + Powerball &#8211; $4<\/p>\n<p>Divisione 9: Partita Powerball da sola &#8211; $4<\/p>\n<p>Con 9 divisioni, vincere alla lotteria \u00e8 una possibilit\u00e0 eccitante per i giocatori. Ci\u00f2 significa anche che le probabilit\u00e0 di vincere un premio sono piuttosto alte. Inoltre, anche se si vince la seconda divisione, si hanno buone possibilit\u00e0 di tornare a casa con una grossa vincita.<\/p>\n<h2>Controlla i risultati della vincita qui<\/h2>\n<p>La prossima volta che vorr\u00e0 giocare alla lotteria, non si preoccupi di dove controllare i risultati della vincita. Su jackpotlotteryonline.com vi facilitiamo la scelta dei numeri vincenti e il controllo dei risultati. Acquistate il vostro biglietto da noi e vi avviseremo quando avrete un biglietto vincente.<\/p>\n<p>Ricordate che potete anche prelevare le vostre vincite dal nostro sito direttamente sul vostro conto. Questo alleggerir\u00e0 notevolmente lo stress che avreste avuto giocando alla lotteria. In effetti, il nostro compito \u00e8 quello di fornire ai nostri clienti un&#8217;esperienza senza soluzione di continuit\u00e0 e senza problemi. In questo modo, potrete concentrarvi sulla vincita alla lotteria senza preoccuparvi di nulla.<\/p>\n","protected":false},"excerpt":{"rendered":"<p>Il Powerball \u00e8 una lotteria statunitense con uno dei jackpot pi\u00f9 grandi di tutti i tempi. Vincere il Powerball statunitense \u00e8 il sogno ultimo di quasi tutti i giocatori. A causa dei suoi jackpot incredibilmente grandi, che a volte arrivano fino a 1 miliardo di dollari, i giocatori di tutto il mondo acquistano i biglietti [&hellip;]<\/p>\n","protected":false},"author":1,"featured_media":0,"parent":35836,"menu_order":1,"comment_status":"closed","ping_status":"closed","template":"powerball-usa-results.php","meta":{"_et_pb_use_builder":"","_et_pb_old_content":"","_et_gb_content_width":"","exclude_from_search":false,"footnotes":""},"class_list":["post-40490","page","type-page","status-publish","hentry"],"yoast_head":"<!-- This site is optimized with the Yoast SEO plugin v23.3 - https:\/\/yoast.com\/wordpress\/plugins\/seo\/ -->\n<title>Numeri vincenti del Powerball e risultati dell&#039;estrazione<\/title>\n<meta name=\"description\" content=\"Tutti gli ultimi risultati delle estrazioni e i numeri vincenti del Powerball USA, pi\u00f9 un archivio dei risultati, tutto su un unico sito web.\" \/>\n<meta name=\"robots\" content=\"index, follow, max-snippet:-1, max-image-preview:large, max-video-preview:-1\" \/>\n<link rel=\"canonical\" href=\"https:\/\/jackpotlotteryonline.com\/it\/numeri-vincenti\/powerball\/\" \/>\n<meta property=\"og:locale\" content=\"it_IT\" \/>\n<meta property=\"og:type\" content=\"article\" \/>\n<meta property=\"og:title\" content=\"Numeri vincenti del Powerball e risultati dell&#039;estrazione\" \/>\n<meta property=\"og:description\" content=\"Tutti gli ultimi risultati delle estrazioni e i numeri vincenti del Powerball USA, pi\u00f9 un archivio dei risultati, tutto su un unico sito web.\" \/>\n<meta property=\"og:url\" content=\"https:\/\/jackpotlotteryonline.com\/it\/numeri-vincenti\/powerball\/\" \/>\n<meta property=\"og:site_name\" content=\"Lotto Online - Crack The International Lottery Jackpots\" \/>\n<meta property=\"article:modified_time\" content=\"2022-12-26T13:57:20+00:00\" \/>\n<meta property=\"og:image\" content=\"http:\/\/jackpotlotteryonline.com\/wp-content\/uploads\/2022\/11\/1_results_powerball.jpg\" \/>\n<meta name=\"twitter:card\" content=\"summary_large_image\" \/>\n<meta name=\"twitter:label1\" content=\"Tempo di lettura stimato\" \/>\n\t<meta name=\"twitter:data1\" content=\"5 minuti\" \/>\n<!-- \/ Yoast SEO plugin. -->","yoast_head_json":{"title":"Numeri vincenti del Powerball e risultati dell'estrazione","description":"Tutti gli ultimi risultati delle estrazioni e i numeri vincenti del Powerball USA, pi\u00f9 un archivio dei risultati, tutto su un unico sito web.","robots":{"index":"index","follow":"follow","max-snippet":"max-snippet:-1","max-image-preview":"max-image-preview:large","max-video-preview":"max-video-preview:-1"},"canonical":"https:\/\/jackpotlotteryonline.com\/it\/numeri-vincenti\/powerball\/","og_locale":"it_IT","og_type":"article","og_title":"Numeri vincenti del Powerball e risultati dell'estrazione","og_description":"Tutti gli ultimi risultati delle estrazioni e i numeri vincenti del Powerball USA, pi\u00f9 un archivio dei risultati, tutto su un unico sito web.","og_url":"https:\/\/jackpotlotteryonline.com\/it\/numeri-vincenti\/powerball\/","og_site_name":"Lotto Online - Crack The International Lottery Jackpots","article_modified_time":"2022-12-26T13:57:20+00:00","og_image":[{"url":"http:\/\/jackpotlotteryonline.com\/wp-content\/uploads\/2022\/11\/1_results_powerball.jpg"}],"twitter_card":"summary_large_image","twitter_misc":{"Tempo di lettura stimato":"5 minuti"},"schema":{"@context":"https:\/\/schema.org","@graph":[{"@type":"WebPage","@id":"https:\/\/jackpotlotteryonline.com\/it\/numeri-vincenti\/powerball\/","url":"https:\/\/jackpotlotteryonline.com\/it\/numeri-vincenti\/powerball\/","name":"Numeri vincenti del Powerball e risultati dell'estrazione","isPartOf":{"@id":"https:\/\/jackpotlotteryonline.com\/#website"},"primaryImageOfPage":{"@id":"https:\/\/jackpotlotteryonline.com\/it\/numeri-vincenti\/powerball\/#primaryimage"},"image":{"@id":"https:\/\/jackpotlotteryonline.com\/it\/numeri-vincenti\/powerball\/#primaryimage"},"thumbnailUrl":"http:\/\/jackpotlotteryonline.com\/wp-content\/uploads\/2022\/11\/1_results_powerball.jpg","datePublished":"2022-12-05T08:35:20+00:00","dateModified":"2022-12-26T13:57:20+00:00","description":"Tutti gli ultimi risultati delle estrazioni e i numeri vincenti del Powerball USA, pi\u00f9 un archivio dei risultati, tutto su un unico sito web.","breadcrumb":{"@id":"https:\/\/jackpotlotteryonline.com\/it\/numeri-vincenti\/powerball\/#breadcrumb"},"inLanguage":"it-IT","potentialAction":[{"@type":"ReadAction","target":["https:\/\/jackpotlotteryonline.com\/it\/numeri-vincenti\/powerball\/"]}]},{"@type":"ImageObject","inLanguage":"it-IT","@id":"https:\/\/jackpotlotteryonline.com\/it\/numeri-vincenti\/powerball\/#primaryimage","url":"http:\/\/jackpotlotteryonline.com\/wp-content\/uploads\/2022\/11\/1_results_powerball.jpg","contentUrl":"http:\/\/jackpotlotteryonline.com\/wp-content\/uploads\/2022\/11\/1_results_powerball.jpg"},{"@type":"BreadcrumbList","@id":"https:\/\/jackpotlotteryonline.com\/it\/numeri-vincenti\/powerball\/#breadcrumb","itemListElement":[{"@type":"ListItem","position":1,"name":"Home","item":"https:\/\/jackpotlotteryonline.com\/it\/"},{"@type":"ListItem","position":2,"name":"Risultati della lotteria","item":"https:\/\/jackpotlotteryonline.com\/winning-numbers\/"},{"@type":"ListItem","position":3,"name":"Risultati dell&#8217;estrazione Powerball"}]},{"@type":"WebSite","@id":"https:\/\/jackpotlotteryonline.com\/#website","url":"https:\/\/jackpotlotteryonline.com\/","name":"Lotto Online - Crack The International Lottery Jackpots","description":"","potentialAction":[{"@type":"SearchAction","target":{"@type":"EntryPoint","urlTemplate":"https:\/\/jackpotlotteryonline.com\/?s={search_term_string}"},"query-input":"required name=search_term_string"}],"inLanguage":"it-IT"}]}},"_links":{"self":[{"href":"https:\/\/jackpotlotteryonline.com\/it\/wp-json\/wp\/v2\/pages\/40490","targetHints":{"allow":["GET"]}}],"collection":[{"href":"https:\/\/jackpotlotteryonline.com\/it\/wp-json\/wp\/v2\/pages"}],"about":[{"href":"https:\/\/jackpotlotteryonline.com\/it\/wp-json\/wp\/v2\/types\/page"}],"author":[{"embeddable":true,"href":"https:\/\/jackpotlotteryonline.com\/it\/wp-json\/wp\/v2\/users\/1"}],"replies":[{"embeddable":true,"href":"https:\/\/jackpotlotteryonline.com\/it\/wp-json\/wp\/v2\/comments?post=40490"}],"version-history":[{"count":0,"href":"https:\/\/jackpotlotteryonline.com\/it\/wp-json\/wp\/v2\/pages\/40490\/revisions"}],"up":[{"embeddable":true,"href":"https:\/\/jackpotlotteryonline.com\/it\/wp-json\/wp\/v2\/pages\/35836"}],"wp:attachment":[{"href":"https:\/\/jackpotlotteryonline.com\/it\/wp-json\/wp\/v2\/media?parent=40490"}],"curies":[{"name":"wp","href":"https:\/\/api.w.org\/{rel}","templated":true}]}}