{"id":40542,"date":"2022-12-05T10:06:43","date_gmt":"2022-12-05T10:06:43","guid":{"rendered":"https:\/\/jackpotlotteryonline.com\/?page_id=40542"},"modified":"2022-12-26T20:07:46","modified_gmt":"2022-12-26T20:07:46","slug":"mega-millions","status":"publish","type":"page","link":"https:\/\/jackpotlotteryonline.com\/it\/numeri-vincenti\/mega-millions\/","title":{"rendered":"Risultati dell&#8217;estrazione Mega Millions"},"content":{"rendered":"<p>Mega Millions \u00e8 noto per i suoi mega jackpot e i giocatori di tutto il mondo amano il pensiero di vincere questa lotteria. Vincere la lotteria Mega Millions \u00e8 il sogno americano e milioni di giocatori si impegnano per ottenerlo. Fortunatamente, i giocatori di tutto il mondo hanno ora la possibilit\u00e0 di vincere la Mega Millions acquistando i biglietti online. Se vi state chiedendo come fare, abbiamo una sorpresa per voi.<\/p>\n<p>Se siete giocatori per la prima volta (o abituali) potete <a href=\"https:\/\/jackpotlotteryonline.com\/it\/comprare-biglietti\/mega-millions\">acquistare i biglietti per il Mega Million proprio qui sul nostro sito<\/a>. Non solo, ma qui su jackpotlotteryonline.com vi diamo anche la possibilit\u00e0 di vincere a diverse lotterie internazionali di alto livello. Quindi, se volete provare a vincere alle lotterie australiane, europee o americane, restate con noi.<\/p>\n<section class=\"layout\" style=\"border: solid 1px; width: 100%;\">\n<div class=\"img-div\" style=\"margin-top: 5px;\"><img decoding=\"async\" class=\"wp-image-17212 alignleft\" style=\"height: 45px; margin: 8px 8px 0px;\" src=\"http:\/\/jackpotlotteryonline.com\/wp-content\/uploads\/2022\/11\/read1.jpg\" alt=\"leggere\" width=\"\" height=\"\" \/><\/div>\n<div style=\"padding-left: 5px;\">\n<div style=\"font-size: 1.1em;\">\n<p><strong>Lotterie europee<\/strong><\/p>\n<p style=\"font-size: 0.85em; margin-top: -1.5em;\">Quali sono le migliori lotterie europee?\u00a0 <a href=\"https:\/\/jackpotlotteryonline.com\/it\/quali-sono-le-migliori-lotterie-europee\">Per saperne di pi\u00f9<\/a><\/p>\n<\/div>\n<\/div>\n<\/section>\n<p>E vi diremo anche come accedere alle vostre vincite al Mega Millions. Non ha senso<a href=\"https:\/\/jackpotlotteryonline.com\/it\/come-giocare\/mega-millions\"> giocare a Mega Millions<\/a>, vincere e non poter accedere al proprio premio. Quindi rilassatevi e continuate a leggere per scoprire tutto quello che c&#8217;\u00e8 da sapere sui numeri vincenti di Mega Millions.<\/p>\n<h2>Come scegliere i numeri vincenti di Mega Millions<\/h2>\n<p><img loading=\"lazy\" decoding=\"async\" class=\"alignright size-full wp-image-31073\" src=\"http:\/\/jackpotlotteryonline.com\/wp-content\/uploads\/2022\/11\/logo_Mega_Millions_233x110.png\" alt=\"compra il biglietto Mega Millions online\" width=\"232\" height=\"110\" \/>Tutti coloro che acquistano un biglietto della lotteria sperano di ottenere in qualche modo il biglietto vincente. \u00c8 un istinto umano naturale. Sappiamo che le probabilit\u00e0 possono essere elevate, ma qualcuno deve pur aggiudicarsi il biglietto vincente. E potreste essere voi, giusto? Ma come si fa? Ci sono alcuni trucchi che i giocatori usano per scegliere i numeri vincenti.<\/p>\n<p>Saremo sinceri e vi diremo che non esiste un modo garantito per ottenere il biglietto vincente. Si tratta di un gioco d&#8217;azzardo e ogni giocatore deve solo tentare la fortuna. Detto questo, ci sono modi per aiutarvi a sentirvi fortunati. Per questo, i numeri vincenti scelti sono molto importanti.<\/p>\n<p>In pratica, si possono scegliere i numeri vincenti scegliendo le date fortunate. Alcune persone considerano fortunate le date di nascita. Si dice che alcune persone siano nate sotto una buona stella. Se vi sentite una di queste persone, allora potreste usare tutta o parte della vostra data di nascita per il vostro biglietto della lotteria. Se non vi sentite cos\u00ec fortunati, allora utilizzate il generatore automatico per scegliere i numeri vincenti casuali.<\/p>\n<h2>Vincere a Mega Millions online<\/h2>\n<p>Le regole del gioco sono le stesse sia che si giochi online che offline. Vi guideremo attraverso il processo di scelta dei numeri vincenti online. Una volta capito, non vorrete pi\u00f9 giocare alla lotteria in nessun altro modo. C&#8217;\u00e8 qualcosa di incredibile nel non doversi recare da nessuna parte per acquistare il biglietto della lotteria. Basta usare il computer o il dispositivo mobile.<\/p>\n<p>Innanzitutto, le regole. Per Mega Millions, \u00e8 necessario scegliere 5 numeri compresi tra 1 e 70 e un Mega Ball da 1 a 25. Una volta scelta la combinazione vincente, si pu\u00f2 scegliere il numero di telefono che si desidera. Una volta scelta la combinazione vincente, si pu\u00f2 partecipare alle estrazioni. I giorni di estrazione sono il marted\u00ec e il venerd\u00ec di ogni settimana. \u00c8 possibile partecipare a una sola estrazione o a entrambe.<\/p>\n<p>\u00c8 possibile partecipare alle estrazioni anche con diverse settimane di anticipo. Se si indovina la combinazione vincente, si vince molto. Prima di pagare le iscrizioni, vi chiederemo di registrarvi. Questo per rendere pi\u00f9 facile l&#8217;accesso e la riscossione delle vincite. Ma questo lo spiegheremo pi\u00f9 avanti, continuate a leggere.<\/p>\n<h2>Controllare i numeri vincenti<\/h2>\n<p>Il jackpot del Mega Millions parte da 40 milioni di dollari. Questo \u00e8 il minimo garantito e il premio del jackpot non scende al di sotto di questa cifra. Se al termine delle estrazioni non viene estratto alcun numero vincente, il jackpot passa all&#8217;estrazione successiva. Il jackpot continua a scorrere fino a quando non viene trovato un biglietto vincente.<\/p>\n<p>Per controllare i risultati della lotteria Mega Millions, basta tornare su questa pagina dopo ogni estrazione. \u00c8 semplicissimo. Su questa pagina pubblichiamo i risultati vincenti di ogni estrazione e questo include anche le altre categorie di premi. S\u00ec, la vincita del jackpot non \u00e8 l&#8217;unica cosa che si pu\u00f2 vincere giocando a Mega Millions.<\/p>\n<p>Se vincete un premio, vi informeremo immediatamente via e-mail in modo che possiate reclamare la vostra vincita.<\/p>\n<h2>Categorie di premi di Mega Millions<\/h2>\n<p>Ok, sappiamo che probabilmente siete curiosi di sapere se potete vincere altri premi giocando a questa lotteria. Tutti speriamo di vincere alla lotteria, ma quando si punta alle stelle, a volte si colpisce il cielo. E questi premi sono davvero fantastici. Ecco la ripartizione dei premi.<\/p>\n<p>Divisione 1: 5 + Mega Ball &#8211; Jackpot<\/p>\n<p>Divisione 2: 5 &#8211; 1.000.000 di dollari<\/p>\n<p>Divisione 3: 4 + Mega Ball &#8211; 10.000 dollari<\/p>\n<p>Divisione 4: 4 &#8211; 500 dollari<\/p>\n<p>Divisione 5: 3 + Mega Ball &#8211; $200<\/p>\n<p>Divisione 6: 3 &#8211; $10<\/p>\n<p>Divisione 7: 2 + Mega Ball &#8211; $10<\/p>\n<p>Divisione 8: 1 + Mega Ball &#8211; $4<\/p>\n<p>Divisione 8: solo Mega Ball &#8211; $2<\/p>\n<p>Anche vincere il secondo premio sarebbe notevole, vero? Lo pensiamo anche noi.<\/p>\n<h2>Come richiedere il premio<\/h2>\n<p><img loading=\"lazy\" decoding=\"async\" class=\"alignright size-full wp-image-19115\" src=\"http:\/\/jackpotlotteryonline.com\/wp-content\/uploads\/2022\/10\/2_ticket_mega_millions3.jpg\" alt=\"scansione del biglietto mega millions\" width=\"180\" height=\"193\" \/>Giocare alla lotteria online va benissimo, ma come si fa a reclamare la vincita? Abbiamo pensato anche a questo. Se avete acquistato il biglietto della lotteria su jackpotlotteryonline.com, potete accedere facilmente alle vostre vincite. Una volta effettuato l&#8217;accesso al suo conto, potr\u00e0 semplicemente incassare dalla nostra piattaforma alla sua banca.<\/p>\n<p>Questo processo senza problemi \u00e8 il motivo principale per cui chiediamo ai nostri clienti di registrarsi. Rende molto pi\u00f9 facile il prelievo della vincita, indipendentemente dal luogo in cui si vive.<\/p>\n<p>Si noti che di solito si tratta di vincite inferiori a 2.500 euro. Se la vincita \u00e8 superiore a 2.500 euro, potrebbe essere necessario contattare direttamente la societ\u00e0 della lotteria per richiedere la vincita. Ma questo non \u00e8 un problema, perch\u00e9 vi assisteremo nella compilazione di un modulo di reclamo.<\/p>\n<h2>Perch\u00e9 dovresti giocare alla lotteria su jackpotlotteryonline.com<\/h2>\n<p>Tutto ci\u00f2 che facciamo su jackpotlotteryonline.com \u00e8 incentrato sull&#8217;offrire un&#8217;esperienza fantastica quando giocate a Mega Millions. Ci sono tante cose difficili nella vita, ma vincere alla lotteria non dovrebbe essere una di queste. Per questo ci prendiamo cura di tutti quei piccoli dettagli fastidiosi, in modo che possiate concentrarvi sul divertimento che desiderate.<\/p>\n<p>Inoltre, siamo un sito di concierge. Ci\u00f2 significa che diamo ai nostri clienti la possibilit\u00e0 di vincere alla lotteria. Non si scommette sull&#8217;esito di Mega Millions come avviene in molti siti di lotterie. Noi diamo ai nostri clienti l&#8217;accesso alle lotterie internazionali vincenti come Mega Millions. Quando acquistate i biglietti sul nostro sito, se avete il biglietto vincente, vincete la lotteria.<\/p>\n<p>Per i nostri clienti \u00e8 facile controllare i numeri vincenti di Mega Millions e la cronologia delle estrazioni. Controllare lo storico delle estrazioni aiuta i giocatori a creare la loro strategia di gioco vincente. Infine, l&#8217;accesso alle vincite \u00e8 semplice come un clic. Godetevi la lotteria Mega Millions oggi stesso registrandovi con noi.<\/p>\n","protected":false},"excerpt":{"rendered":"<p>Mega Millions \u00e8 noto per i suoi mega jackpot e i giocatori di tutto il mondo amano il pensiero di vincere questa lotteria. Vincere la lotteria Mega Millions \u00e8 il sogno americano e milioni di giocatori si impegnano per ottenerlo. Fortunatamente, i giocatori di tutto il mondo hanno ora la possibilit\u00e0 di vincere la Mega [&hellip;]<\/p>\n","protected":false},"author":1,"featured_media":0,"parent":35836,"menu_order":2,"comment_status":"closed","ping_status":"closed","template":"megamillion-results.php","meta":{"_et_pb_use_builder":"","_et_pb_old_content":"","_et_gb_content_width":"","exclude_from_search":false,"footnotes":""},"class_list":["post-40542","page","type-page","status-publish","hentry"],"yoast_head":"<!-- This site is optimized with the Yoast SEO plugin v23.3 - https:\/\/yoast.com\/wordpress\/plugins\/seo\/ -->\n<title>Numeri vincenti Mega Millions e risultati dell&#039;estrazione<\/title>\n<meta name=\"description\" content=\"Trova i risultati delle estrazioni Mega Millions di questa settimana e di quelle precedenti e i numeri vincenti qui sul nostro sito\" \/>\n<meta name=\"robots\" content=\"index, follow, max-snippet:-1, max-image-preview:large, max-video-preview:-1\" \/>\n<link rel=\"canonical\" href=\"https:\/\/jackpotlotteryonline.com\/it\/numeri-vincenti\/mega-millions\/\" \/>\n<meta property=\"og:locale\" content=\"it_IT\" \/>\n<meta property=\"og:type\" content=\"article\" \/>\n<meta property=\"og:title\" content=\"Numeri vincenti Mega Millions e risultati dell&#039;estrazione\" \/>\n<meta property=\"og:description\" content=\"Trova i risultati delle estrazioni Mega Millions di questa settimana e di quelle precedenti e i numeri vincenti qui sul nostro sito\" \/>\n<meta property=\"og:url\" content=\"https:\/\/jackpotlotteryonline.com\/it\/numeri-vincenti\/mega-millions\/\" \/>\n<meta property=\"og:site_name\" content=\"Lotto Online - Crack The International Lottery Jackpots\" \/>\n<meta property=\"article:modified_time\" content=\"2022-12-26T20:07:46+00:00\" \/>\n<meta property=\"og:image\" content=\"http:\/\/jackpotlotteryonline.com\/wp-content\/uploads\/2022\/11\/read1.jpg\" \/>\n<meta name=\"twitter:card\" content=\"summary_large_image\" \/>\n<meta name=\"twitter:label1\" content=\"Tempo di lettura stimato\" \/>\n\t<meta name=\"twitter:data1\" content=\"6 minuti\" \/>\n<!-- \/ Yoast SEO plugin. -->","yoast_head_json":{"title":"Numeri vincenti Mega Millions e risultati dell'estrazione","description":"Trova i risultati delle estrazioni Mega Millions di questa settimana e di quelle precedenti e i numeri vincenti qui sul nostro sito","robots":{"index":"index","follow":"follow","max-snippet":"max-snippet:-1","max-image-preview":"max-image-preview:large","max-video-preview":"max-video-preview:-1"},"canonical":"https:\/\/jackpotlotteryonline.com\/it\/numeri-vincenti\/mega-millions\/","og_locale":"it_IT","og_type":"article","og_title":"Numeri vincenti Mega Millions e risultati dell'estrazione","og_description":"Trova i risultati delle estrazioni Mega Millions di questa settimana e di quelle precedenti e i numeri vincenti qui sul nostro sito","og_url":"https:\/\/jackpotlotteryonline.com\/it\/numeri-vincenti\/mega-millions\/","og_site_name":"Lotto Online - Crack The International Lottery Jackpots","article_modified_time":"2022-12-26T20:07:46+00:00","og_image":[{"url":"http:\/\/jackpotlotteryonline.com\/wp-content\/uploads\/2022\/11\/read1.jpg"}],"twitter_card":"summary_large_image","twitter_misc":{"Tempo di lettura stimato":"6 minuti"},"schema":{"@context":"https:\/\/schema.org","@graph":[{"@type":"WebPage","@id":"https:\/\/jackpotlotteryonline.com\/it\/numeri-vincenti\/mega-millions\/","url":"https:\/\/jackpotlotteryonline.com\/it\/numeri-vincenti\/mega-millions\/","name":"Numeri vincenti Mega Millions e risultati dell'estrazione","isPartOf":{"@id":"https:\/\/jackpotlotteryonline.com\/#website"},"primaryImageOfPage":{"@id":"https:\/\/jackpotlotteryonline.com\/it\/numeri-vincenti\/mega-millions\/#primaryimage"},"image":{"@id":"https:\/\/jackpotlotteryonline.com\/it\/numeri-vincenti\/mega-millions\/#primaryimage"},"thumbnailUrl":"http:\/\/jackpotlotteryonline.com\/wp-content\/uploads\/2022\/11\/read1.jpg","datePublished":"2022-12-05T10:06:43+00:00","dateModified":"2022-12-26T20:07:46+00:00","description":"Trova i risultati delle estrazioni Mega Millions di questa settimana e di quelle precedenti e i numeri vincenti qui sul nostro sito","breadcrumb":{"@id":"https:\/\/jackpotlotteryonline.com\/it\/numeri-vincenti\/mega-millions\/#breadcrumb"},"inLanguage":"it-IT","potentialAction":[{"@type":"ReadAction","target":["https:\/\/jackpotlotteryonline.com\/it\/numeri-vincenti\/mega-millions\/"]}]},{"@type":"ImageObject","inLanguage":"it-IT","@id":"https:\/\/jackpotlotteryonline.com\/it\/numeri-vincenti\/mega-millions\/#primaryimage","url":"http:\/\/jackpotlotteryonline.com\/wp-content\/uploads\/2022\/11\/read1.jpg","contentUrl":"http:\/\/jackpotlotteryonline.com\/wp-content\/uploads\/2022\/11\/read1.jpg"},{"@type":"BreadcrumbList","@id":"https:\/\/jackpotlotteryonline.com\/it\/numeri-vincenti\/mega-millions\/#breadcrumb","itemListElement":[{"@type":"ListItem","position":1,"name":"Home","item":"https:\/\/jackpotlotteryonline.com\/it\/"},{"@type":"ListItem","position":2,"name":"Risultati della lotteria","item":"https:\/\/jackpotlotteryonline.com\/winning-numbers\/"},{"@type":"ListItem","position":3,"name":"Risultati dell&#8217;estrazione Mega Millions"}]},{"@type":"WebSite","@id":"https:\/\/jackpotlotteryonline.com\/#website","url":"https:\/\/jackpotlotteryonline.com\/","name":"Lotto Online - Crack The International Lottery Jackpots","description":"","potentialAction":[{"@type":"SearchAction","target":{"@type":"EntryPoint","urlTemplate":"https:\/\/jackpotlotteryonline.com\/?s={search_term_string}"},"query-input":"required name=search_term_string"}],"inLanguage":"it-IT"}]}},"_links":{"self":[{"href":"https:\/\/jackpotlotteryonline.com\/it\/wp-json\/wp\/v2\/pages\/40542","targetHints":{"allow":["GET"]}}],"collection":[{"href":"https:\/\/jackpotlotteryonline.com\/it\/wp-json\/wp\/v2\/pages"}],"about":[{"href":"https:\/\/jackpotlotteryonline.com\/it\/wp-json\/wp\/v2\/types\/page"}],"author":[{"embeddable":true,"href":"https:\/\/jackpotlotteryonline.com\/it\/wp-json\/wp\/v2\/users\/1"}],"replies":[{"embeddable":true,"href":"https:\/\/jackpotlotteryonline.com\/it\/wp-json\/wp\/v2\/comments?post=40542"}],"version-history":[{"count":0,"href":"https:\/\/jackpotlotteryonline.com\/it\/wp-json\/wp\/v2\/pages\/40542\/revisions"}],"up":[{"embeddable":true,"href":"https:\/\/jackpotlotteryonline.com\/it\/wp-json\/wp\/v2\/pages\/35836"}],"wp:attachment":[{"href":"https:\/\/jackpotlotteryonline.com\/it\/wp-json\/wp\/v2\/media?parent=40542"}],"curies":[{"name":"wp","href":"https:\/\/api.w.org\/{rel}","templated":true}]}}