{"id":40597,"date":"2022-12-05T13:15:55","date_gmt":"2022-12-05T13:15:55","guid":{"rendered":"https:\/\/jackpotlotteryonline.com\/?page_id=40597"},"modified":"2022-12-27T08:20:54","modified_gmt":"2022-12-27T08:20:54","slug":"euromillions","status":"publish","type":"page","link":"https:\/\/jackpotlotteryonline.com\/it\/numeri-vincenti\/euromillions\/","title":{"rendered":"Risultati dell&#8217;estrazione dell&#8217;Euromillions"},"content":{"rendered":"<p>I giocatori che acquistano i biglietti della lotteria spesso si preoccupano di perdere i premi della lotteria. Questo perch\u00e9 le persone sono sbadate e i biglietti scompaiono; senza il biglietto della lotteria non si pu\u00f2 reclamare il premio. Ma quando si gioca alla lotteria online, non ci si deve mai preoccupare dei biglietti mancanti perch\u00e9 tutto \u00e8 digitale. Tuttavia, controllare i numeri vincenti potrebbe essere un problema se non si sa cosa fare. Ecco perch\u00e9 siamo qui.<\/p>\n<p>Su jackpotlotteryonline.com diamo ai giocatori l&#8217;accesso alle migliori lotterie internazionali online. Inoltre, vi consentiamo di acquistare facilmente i biglietti della lotteria e di controllare i numeri vincenti dell&#8217;Euromillions ovunque vi troviate.<\/p>\n<h2>Come vincere il jackpot?<\/h2>\n<p><img loading=\"lazy\" decoding=\"async\" class=\"alignright size-full wp-image-31019\" src=\"http:\/\/jackpotlotteryonline.com\/wp-content\/uploads\/2022\/11\/euromillions.png\" alt=\"vincere Euromillions\" width=\"200\" height=\"212\" \/>Questa \u00e8 una domanda essenziale: tutti coloro che giocano alla lotteria vorrebbero sapere cosa serve per vincere. La risposta semplice \u00e8 che per vincere la lotteria, un giocatore deve semplicemente abbinare i numeri estratti. Naturalmente, sappiamo tutti che non \u00e8 cos\u00ec semplice. La lotteria dipende molto dalla fortuna.<\/p>\n<p>Per l&#8217;Euromillions, il giocatore deve scegliere 5 cifre da 1 a 70 e 2 Lucky Star. Chi corrisponde a tutte e 7 le cifre estratte vince la lotteria.<\/p>\n<p>\u00c8 possibile controllare le combinazioni passate per scoprire quali cifre ricorrono di pi\u00f9 o di meno. Questo potrebbe aiutarvi a pianificare la vostra strategia di vincita alla lotteria europea.<\/p>\n<h2>Come verificare il vincitore<\/h2>\n<p>Esistono diversi modi per verificare il vincitore della lotteria online. Il problema di controllare un sito a caso, per\u00f2, \u00e8 che potreste non ottenere informazioni accurate. Inoltre, se controllate i siti di notizie, potreste scoprire solo la combinazione che ha vinto il jackpot.<\/p>\n<p>La lotteria europea prevede diverse categorie di premi e anche se non si vince il primo premio, si pu\u00f2 comunque tornare a casa con una buona somma. \u00c8 quindi importante controllare il proprio biglietto rispetto alle altre categorie di premi.<\/p>\n<p>Se <a href=\"https:\/\/jackpotlotteryonline.com\/it\/comprare-biglietti\/euromillions\">acquista il biglietto della lotteria<\/a> su jackpotlotteryonline.com, le invieremo un&#8217;e-mail non appena avr\u00e0 vinto un premio. In questo modo, non dovrete preoccuparvi di perdere i vostri premi.<\/p>\n<h2>Accesso alla vincita<\/h2>\n<p>Poich\u00e9 state<a href=\"https:\/\/jackpotlotteryonline.com\/it\/come-giocare\/euromillions\"> giocando alla lotteria online<\/a>, \u00e8 naturale chiedersi cosa succede quando vincete un premio. Se giocate con noi, l&#8217;accesso alla vincita \u00e8 semplice come l&#8217;acquisto del biglietto. Con questo intendiamo dire che potete facilmente ritirare le vostre vincite dal nostro sito. Senza problemi e senza complicazioni.<\/p>\n<p>Se vincete il jackpot o un importo superiore a 2.500 euro, potreste dover compilare un modulo di reclamo. Ma non preoccupatevi, non si tratta di un processo complesso e vi guideremo attraverso di esso.<\/p>\n<section class=\"layout\" style=\"border: solid 1px; width: 100%;\">\n<div class=\"img-div\" style=\"margin-top: 5px;\"><img decoding=\"async\" class=\"wp-image-17212 alignleft\" style=\"height: 45px; margin: 8px 8px 0px;\" src=\"http:\/\/jackpotlotteryonline.com\/wp-content\/uploads\/2022\/11\/read1.jpg\" alt=\"leggere\" width=\"\" height=\"\" \/><\/div>\n<div style=\"padding-left: 5px;\">\n<div style=\"font-size: 1.1em;\">\n<p><strong>Come vengo pagato se vinco alla lotteria online?<\/strong><\/p>\n<p style=\"font-size: 0.85em; margin-top: -1.5em;\">Ecco come ricevere i soldi se si vince alla lotteria online <a href=\"https:\/\/jackpotlotteryonline.com\/it\/come-vengo-pagato-se-vinco-alla-lotteria-online\">Per saperne di pi\u00f9<\/a><\/p>\n<\/div>\n<\/div>\n<\/section>\n<h2>Controlla i tuoi numeri vincenti di Euromillions oggi stesso<\/h2>\n<p>Abbiamo lavorato duramente per creare un ambiente online sicuro per i nostri giocatori. Forniamo tutto ci\u00f2 di cui avete bisogno per giocare comodamente alla lotteria. Con noi, avrete accesso alle migliori lotterie internazionali e potrete partecipare a pi\u00f9 estrazioni in anticipo. Inoltre, potete facilmente controllare le estrazioni proprio qui e ritirare le vostre vincite.<\/p>\n","protected":false},"excerpt":{"rendered":"<p>I giocatori che acquistano i biglietti della lotteria spesso si preoccupano di perdere i premi della lotteria. Questo perch\u00e9 le persone sono sbadate e i biglietti scompaiono; senza il biglietto della lotteria non si pu\u00f2 reclamare il premio. Ma quando si gioca alla lotteria online, non ci si deve mai preoccupare dei biglietti mancanti perch\u00e9 [&hellip;]<\/p>\n","protected":false},"author":1,"featured_media":0,"parent":35836,"menu_order":3,"comment_status":"closed","ping_status":"closed","template":"euromillions-results.php","meta":{"_et_pb_use_builder":"","_et_pb_old_content":"","_et_gb_content_width":"","exclude_from_search":false,"footnotes":""},"class_list":["post-40597","page","type-page","status-publish","hentry"],"yoast_head":"<!-- This site is optimized with the Yoast SEO plugin v23.3 - https:\/\/yoast.com\/wordpress\/plugins\/seo\/ -->\n<title>Numeri vincenti e risultati dell&#039;estrazione Euromillions<\/title>\n<meta name=\"description\" content=\"Risultati dell&#039;estrazione di Euromillions - numeri vincenti per l&#039;ultima estrazione e un archivio dei risultati passati.\" \/>\n<meta name=\"robots\" content=\"index, follow, max-snippet:-1, max-image-preview:large, max-video-preview:-1\" \/>\n<link rel=\"canonical\" href=\"https:\/\/jackpotlotteryonline.com\/it\/numeri-vincenti\/euromillions\/\" \/>\n<meta property=\"og:locale\" content=\"it_IT\" \/>\n<meta property=\"og:type\" content=\"article\" \/>\n<meta property=\"og:title\" content=\"Numeri vincenti e risultati dell&#039;estrazione Euromillions\" \/>\n<meta property=\"og:description\" content=\"Risultati dell&#039;estrazione di Euromillions - numeri vincenti per l&#039;ultima estrazione e un archivio dei risultati passati.\" \/>\n<meta property=\"og:url\" content=\"https:\/\/jackpotlotteryonline.com\/it\/numeri-vincenti\/euromillions\/\" \/>\n<meta property=\"og:site_name\" content=\"Lotto Online - Crack The International Lottery Jackpots\" \/>\n<meta property=\"article:modified_time\" content=\"2022-12-27T08:20:54+00:00\" \/>\n<meta property=\"og:image\" content=\"http:\/\/jackpotlotteryonline.com\/wp-content\/uploads\/2022\/11\/euromillions.png\" \/>\n<meta name=\"twitter:card\" content=\"summary_large_image\" \/>\n<meta name=\"twitter:label1\" content=\"Tempo di lettura stimato\" \/>\n\t<meta name=\"twitter:data1\" content=\"3 minuti\" \/>\n<!-- \/ Yoast SEO plugin. -->","yoast_head_json":{"title":"Numeri vincenti e risultati dell'estrazione Euromillions","description":"Risultati dell'estrazione di Euromillions - numeri vincenti per l'ultima estrazione e un archivio dei risultati passati.","robots":{"index":"index","follow":"follow","max-snippet":"max-snippet:-1","max-image-preview":"max-image-preview:large","max-video-preview":"max-video-preview:-1"},"canonical":"https:\/\/jackpotlotteryonline.com\/it\/numeri-vincenti\/euromillions\/","og_locale":"it_IT","og_type":"article","og_title":"Numeri vincenti e risultati dell'estrazione Euromillions","og_description":"Risultati dell'estrazione di Euromillions - numeri vincenti per l'ultima estrazione e un archivio dei risultati passati.","og_url":"https:\/\/jackpotlotteryonline.com\/it\/numeri-vincenti\/euromillions\/","og_site_name":"Lotto Online - Crack The International Lottery Jackpots","article_modified_time":"2022-12-27T08:20:54+00:00","og_image":[{"url":"http:\/\/jackpotlotteryonline.com\/wp-content\/uploads\/2022\/11\/euromillions.png"}],"twitter_card":"summary_large_image","twitter_misc":{"Tempo di lettura stimato":"3 minuti"},"schema":{"@context":"https:\/\/schema.org","@graph":[{"@type":"WebPage","@id":"https:\/\/jackpotlotteryonline.com\/it\/numeri-vincenti\/euromillions\/","url":"https:\/\/jackpotlotteryonline.com\/it\/numeri-vincenti\/euromillions\/","name":"Numeri vincenti e risultati dell'estrazione Euromillions","isPartOf":{"@id":"https:\/\/jackpotlotteryonline.com\/#website"},"primaryImageOfPage":{"@id":"https:\/\/jackpotlotteryonline.com\/it\/numeri-vincenti\/euromillions\/#primaryimage"},"image":{"@id":"https:\/\/jackpotlotteryonline.com\/it\/numeri-vincenti\/euromillions\/#primaryimage"},"thumbnailUrl":"http:\/\/jackpotlotteryonline.com\/wp-content\/uploads\/2022\/11\/euromillions.png","datePublished":"2022-12-05T13:15:55+00:00","dateModified":"2022-12-27T08:20:54+00:00","description":"Risultati dell'estrazione di Euromillions - numeri vincenti per l'ultima estrazione e un archivio dei risultati passati.","breadcrumb":{"@id":"https:\/\/jackpotlotteryonline.com\/it\/numeri-vincenti\/euromillions\/#breadcrumb"},"inLanguage":"it-IT","potentialAction":[{"@type":"ReadAction","target":["https:\/\/jackpotlotteryonline.com\/it\/numeri-vincenti\/euromillions\/"]}]},{"@type":"ImageObject","inLanguage":"it-IT","@id":"https:\/\/jackpotlotteryonline.com\/it\/numeri-vincenti\/euromillions\/#primaryimage","url":"http:\/\/jackpotlotteryonline.com\/wp-content\/uploads\/2022\/11\/euromillions.png","contentUrl":"http:\/\/jackpotlotteryonline.com\/wp-content\/uploads\/2022\/11\/euromillions.png"},{"@type":"BreadcrumbList","@id":"https:\/\/jackpotlotteryonline.com\/it\/numeri-vincenti\/euromillions\/#breadcrumb","itemListElement":[{"@type":"ListItem","position":1,"name":"Home","item":"https:\/\/jackpotlotteryonline.com\/it\/"},{"@type":"ListItem","position":2,"name":"Risultati della lotteria","item":"https:\/\/jackpotlotteryonline.com\/winning-numbers\/"},{"@type":"ListItem","position":3,"name":"Risultati dell&#8217;estrazione dell&#8217;Euromillions"}]},{"@type":"WebSite","@id":"https:\/\/jackpotlotteryonline.com\/#website","url":"https:\/\/jackpotlotteryonline.com\/","name":"Lotto Online - Crack The International Lottery Jackpots","description":"","potentialAction":[{"@type":"SearchAction","target":{"@type":"EntryPoint","urlTemplate":"https:\/\/jackpotlotteryonline.com\/?s={search_term_string}"},"query-input":"required name=search_term_string"}],"inLanguage":"it-IT"}]}},"_links":{"self":[{"href":"https:\/\/jackpotlotteryonline.com\/it\/wp-json\/wp\/v2\/pages\/40597","targetHints":{"allow":["GET"]}}],"collection":[{"href":"https:\/\/jackpotlotteryonline.com\/it\/wp-json\/wp\/v2\/pages"}],"about":[{"href":"https:\/\/jackpotlotteryonline.com\/it\/wp-json\/wp\/v2\/types\/page"}],"author":[{"embeddable":true,"href":"https:\/\/jackpotlotteryonline.com\/it\/wp-json\/wp\/v2\/users\/1"}],"replies":[{"embeddable":true,"href":"https:\/\/jackpotlotteryonline.com\/it\/wp-json\/wp\/v2\/comments?post=40597"}],"version-history":[{"count":0,"href":"https:\/\/jackpotlotteryonline.com\/it\/wp-json\/wp\/v2\/pages\/40597\/revisions"}],"up":[{"embeddable":true,"href":"https:\/\/jackpotlotteryonline.com\/it\/wp-json\/wp\/v2\/pages\/35836"}],"wp:attachment":[{"href":"https:\/\/jackpotlotteryonline.com\/it\/wp-json\/wp\/v2\/media?parent=40597"}],"curies":[{"name":"wp","href":"https:\/\/api.w.org\/{rel}","templated":true}]}}