{"id":40668,"date":"2022-12-06T07:09:26","date_gmt":"2022-12-06T07:09:26","guid":{"rendered":"https:\/\/jackpotlotteryonline.com\/?page_id=40668"},"modified":"2022-12-28T08:24:22","modified_gmt":"2022-12-28T08:24:22","slug":"eurojackpot","status":"publish","type":"page","link":"https:\/\/jackpotlotteryonline.com\/it\/numeri-vincenti\/eurojackpot\/","title":{"rendered":"Risultati dell&#8217;estrazione Eurojackpot"},"content":{"rendered":"<p>Come si controllano i numeri vincenti della lotteria Eurojackpot? Essendo una delle lotterie pi\u00f9 popolari d&#8217;Europa, i giocatori di tutto il mondo sono ansiosi di avere l&#8217;opportunit\u00e0 di vincere molto. Se vivete fuori dall&#8217;Europa, potete anche acquistare i biglietti della lotteria e controllare i risultati dell&#8217;estrazione online.<\/p>\n<p>Visitando jackpotlotteryonline.com avrete accesso alle migliori lotterie internazionali di tutto il mondo. Offriamo un modo semplice e conveniente per giocare alla lotteria e controllare le estrazioni in un unico posto.<\/p>\n<h2>Qual \u00e8 la combinazione vincente?<\/h2>\n<p><img loading=\"lazy\" decoding=\"async\" class=\"size-full wp-image-28751 alignright\" src=\"https:\/\/jackpotlotteryonline.com\/wp-content\/uploads\/2022\/11\/1_online_ticket_eurojackpot.jpg\" alt=\"Combinazioni vincenti dell'Eurojackpot\" width=\"300\" height=\"210\" \/>La maggior parte delle persone <a href=\"https:\/\/jackpotlotteryonline.com\/it\/come-giocare\/eurojackpot\">gioca alla lotteria<\/a> per avere la possibilit\u00e0 di vincere molto e i giocatori amano particolarmente Eurojackpot per una serie di motivi. Uno di questi \u00e8 l&#8217;alta probabilit\u00e0 di vincita. Questa lotteria ha prodotto molti milionari da quando \u00e8 stata lanciata.<\/p>\n<p>In pratica, il vincitore \u00e8 il biglietto che corrisponde ai numeri estratti. Se si gioca online, \u00e8 necessario scegliere 5 cifre da 1 a 50 e altre 2 da 1 a 12. Chi corrisponde alle sette cifre estratte vince il jackpot.<\/p>\n<p>Quando scegliete i numeri, potete scegliere quelli che vi stanno a cuore o quelli casuali. Alcuni giocatori preferiscono utilizzare il nostro generatore automatico per scegliere in modo casuale. L&#8217;importante \u00e8 procurarsi il biglietto prima delle estrazioni.<\/p>\n<h2>Come controllare i risultati delle estrazioni<\/h2>\n<p>Questa lotteria europea ha due giorni di estrazione, il marted\u00ec e il venerd\u00ec di ogni settimana. I risultati delle estrazioni vengono spesso annunciati durante uno spettacolo dal vivo. Tuttavia, l&#8217;attesa per assistere alle estrazioni dal vivo pu\u00f2 diventare un po&#8217; scomoda. Soprattutto se coincide con una funzione importante o con il proprio lavoro, ad esempio. Ecco perch\u00e9 giocare alla lotteria con noi \u00e8 un&#8217;opzione fantastica.<\/p>\n<p>Quando giocate con noi, dovete solo controllare i risultati delle estrazioni. Questo perch\u00e9 pubblichiamo i risultati delle estrazioni proprio qui sul nostro sito.<\/p>\n<p>Inoltre, se vincete un premio, ve lo comunicheremo non appena avrete vinto via e-mail. Inoltre, una volta effettuato l&#8217;accesso al vostro conto sulla nostra piattaforma, riceverete un avviso. Giocare alla lotteria \u00e8 ancora pi\u00f9 facile e conveniente se acquistate i biglietti della lotteria da noi.<\/p>\n<h2>Cosa fare quando si vince<\/h2>\n<p>Ci piace molto quando i nostri clienti vincono alla lotteria, perch\u00e9 \u00e8 proprio per questo che siamo qui. Per dare ai giocatori di tutto il mondo l&#8217;accesso alle migliori lotterie internazionali dalla comodit\u00e0 dei loro computer o dispositivi mobili.<\/p>\n<p>Quindi, se vincete un premio, non solo vi avviseremo, ma potrete facilmente ritirare le vostre vincite dalla nostra piattaforma. Proprio cos\u00ec. Non c&#8217;\u00e8 bisogno di andare da nessuna parte per accedere al premio della lotteria, basta prelevare direttamente dal proprio conto.<\/p>\n<p>Va detto per\u00f2 che quando la vincita supera un certo importo, potrebbe essere necessario compilare un modulo di reclamo. Questo per aiutarvi a ottenere la vostra vincita dalla societ\u00e0 della lotteria. Ma noi siamo qui per assistervi e rendere il processo il pi\u00f9 semplice e diretto possibile.<\/p>\n<section class=\"layout\" style=\"border: solid 1px; width: 100%;\">\n<div class=\"img-div\" style=\"margin-top: 5px;\"><img decoding=\"async\" class=\"wp-image-17212 alignleft\" style=\"height: 45px; margin: 8px 8px 0px;\" src=\"https:\/\/jackpotlotteryonline.com\/wp-content\/uploads\/2022\/11\/read1.jpg\" alt=\"leggere\" width=\"\" height=\"\" \/><\/div>\n<div style=\"padding-left: 5px;\">\n<div style=\"font-size: 1.1em;\">\n<p><strong>Come vengo pagato se vinco alla lotteria online?<\/strong><\/p>\n<p style=\"font-size: 0.85em; margin-top: -1.5em;\">Ecco come ricevere i soldi se si vince alla lotteria online\u00a0 <a href=\"https:\/\/jackpotlotteryonline.com\/it\/come-vengo-pagato-se-vinco-alla-lotteria-online\">Per saperne di pi\u00f9<\/a><\/p>\n<\/div>\n<\/div>\n<\/section>\n<h2>Controlli i numeri vincenti di Eurojackpot qui<\/h2>\n<p><a href=\"https:\/\/jackpotlotteryonline.com\/it\/comprare-biglietti\/eurojackpot\">Acquistate i biglietti della lotteria<\/a>, partecipate alle estrazioni e controllate i risultati dei sorteggi, tutto da un unico sito. Visiti oggi stesso jackpotlotteryonline.com.<\/p>\n","protected":false},"excerpt":{"rendered":"<p>Come si controllano i numeri vincenti della lotteria Eurojackpot? Essendo una delle lotterie pi\u00f9 popolari d&#8217;Europa, i giocatori di tutto il mondo sono ansiosi di avere l&#8217;opportunit\u00e0 di vincere molto. Se vivete fuori dall&#8217;Europa, potete anche acquistare i biglietti della lotteria e controllare i risultati dell&#8217;estrazione online. Visitando jackpotlotteryonline.com avrete accesso alle migliori lotterie internazionali [&hellip;]<\/p>\n","protected":false},"author":1,"featured_media":0,"parent":35836,"menu_order":4,"comment_status":"closed","ping_status":"closed","template":"eurojackpot-results.php","meta":{"_et_pb_use_builder":"","_et_pb_old_content":"","_et_gb_content_width":"","exclude_from_search":false,"footnotes":""},"class_list":["post-40668","page","type-page","status-publish","hentry"],"yoast_head":"<!-- This site is optimized with the Yoast SEO plugin v23.3 - https:\/\/yoast.com\/wordpress\/plugins\/seo\/ -->\n<title>Numeri vincenti dell&#039;Eurojackpot e risultati delle estrazioni<\/title>\n<meta name=\"description\" content=\"Vuoi conoscere i numeri vincenti dell&#039;Eurojackpot? Controlla qui tutti i risultati delle estrazioni dell&#039;Eurojackpot e di molte altre lotterie!\" \/>\n<meta name=\"robots\" content=\"index, follow, max-snippet:-1, max-image-preview:large, max-video-preview:-1\" \/>\n<link rel=\"canonical\" href=\"https:\/\/jackpotlotteryonline.com\/it\/numeri-vincenti\/eurojackpot\/\" \/>\n<meta property=\"og:locale\" content=\"it_IT\" \/>\n<meta property=\"og:type\" content=\"article\" \/>\n<meta property=\"og:title\" content=\"Numeri vincenti dell&#039;Eurojackpot e risultati delle estrazioni\" \/>\n<meta property=\"og:description\" content=\"Vuoi conoscere i numeri vincenti dell&#039;Eurojackpot? Controlla qui tutti i risultati delle estrazioni dell&#039;Eurojackpot e di molte altre lotterie!\" \/>\n<meta property=\"og:url\" content=\"https:\/\/jackpotlotteryonline.com\/it\/numeri-vincenti\/eurojackpot\/\" \/>\n<meta property=\"og:site_name\" content=\"Lotto Online - Crack The International Lottery Jackpots\" \/>\n<meta property=\"article:modified_time\" content=\"2022-12-28T08:24:22+00:00\" \/>\n<meta property=\"og:image\" content=\"https:\/\/jackpotlotteryonline.com\/wp-content\/uploads\/2022\/11\/1_online_ticket_eurojackpot.jpg\" \/>\n<meta name=\"twitter:card\" content=\"summary_large_image\" \/>\n<meta name=\"twitter:label1\" content=\"Tempo di lettura stimato\" \/>\n\t<meta name=\"twitter:data1\" content=\"3 minuti\" \/>\n<!-- \/ Yoast SEO plugin. -->","yoast_head_json":{"title":"Numeri vincenti dell'Eurojackpot e risultati delle estrazioni","description":"Vuoi conoscere i numeri vincenti dell'Eurojackpot? Controlla qui tutti i risultati delle estrazioni dell'Eurojackpot e di molte altre lotterie!","robots":{"index":"index","follow":"follow","max-snippet":"max-snippet:-1","max-image-preview":"max-image-preview:large","max-video-preview":"max-video-preview:-1"},"canonical":"https:\/\/jackpotlotteryonline.com\/it\/numeri-vincenti\/eurojackpot\/","og_locale":"it_IT","og_type":"article","og_title":"Numeri vincenti dell'Eurojackpot e risultati delle estrazioni","og_description":"Vuoi conoscere i numeri vincenti dell'Eurojackpot? Controlla qui tutti i risultati delle estrazioni dell'Eurojackpot e di molte altre lotterie!","og_url":"https:\/\/jackpotlotteryonline.com\/it\/numeri-vincenti\/eurojackpot\/","og_site_name":"Lotto Online - Crack The International Lottery Jackpots","article_modified_time":"2022-12-28T08:24:22+00:00","og_image":[{"url":"https:\/\/jackpotlotteryonline.com\/wp-content\/uploads\/2022\/11\/1_online_ticket_eurojackpot.jpg"}],"twitter_card":"summary_large_image","twitter_misc":{"Tempo di lettura stimato":"3 minuti"},"schema":{"@context":"https:\/\/schema.org","@graph":[{"@type":"WebPage","@id":"https:\/\/jackpotlotteryonline.com\/it\/numeri-vincenti\/eurojackpot\/","url":"https:\/\/jackpotlotteryonline.com\/it\/numeri-vincenti\/eurojackpot\/","name":"Numeri vincenti dell'Eurojackpot e risultati delle estrazioni","isPartOf":{"@id":"https:\/\/jackpotlotteryonline.com\/#website"},"primaryImageOfPage":{"@id":"https:\/\/jackpotlotteryonline.com\/it\/numeri-vincenti\/eurojackpot\/#primaryimage"},"image":{"@id":"https:\/\/jackpotlotteryonline.com\/it\/numeri-vincenti\/eurojackpot\/#primaryimage"},"thumbnailUrl":"https:\/\/jackpotlotteryonline.com\/wp-content\/uploads\/2022\/11\/1_online_ticket_eurojackpot.jpg","datePublished":"2022-12-06T07:09:26+00:00","dateModified":"2022-12-28T08:24:22+00:00","description":"Vuoi conoscere i numeri vincenti dell'Eurojackpot? Controlla qui tutti i risultati delle estrazioni dell'Eurojackpot e di molte altre lotterie!","breadcrumb":{"@id":"https:\/\/jackpotlotteryonline.com\/it\/numeri-vincenti\/eurojackpot\/#breadcrumb"},"inLanguage":"it-IT","potentialAction":[{"@type":"ReadAction","target":["https:\/\/jackpotlotteryonline.com\/it\/numeri-vincenti\/eurojackpot\/"]}]},{"@type":"ImageObject","inLanguage":"it-IT","@id":"https:\/\/jackpotlotteryonline.com\/it\/numeri-vincenti\/eurojackpot\/#primaryimage","url":"https:\/\/jackpotlotteryonline.com\/wp-content\/uploads\/2022\/11\/1_online_ticket_eurojackpot.jpg","contentUrl":"https:\/\/jackpotlotteryonline.com\/wp-content\/uploads\/2022\/11\/1_online_ticket_eurojackpot.jpg"},{"@type":"BreadcrumbList","@id":"https:\/\/jackpotlotteryonline.com\/it\/numeri-vincenti\/eurojackpot\/#breadcrumb","itemListElement":[{"@type":"ListItem","position":1,"name":"Home","item":"https:\/\/jackpotlotteryonline.com\/it\/"},{"@type":"ListItem","position":2,"name":"Risultati della lotteria","item":"https:\/\/jackpotlotteryonline.com\/winning-numbers\/"},{"@type":"ListItem","position":3,"name":"Risultati dell&#8217;estrazione Eurojackpot"}]},{"@type":"WebSite","@id":"https:\/\/jackpotlotteryonline.com\/#website","url":"https:\/\/jackpotlotteryonline.com\/","name":"Lotto Online - Crack The International Lottery Jackpots","description":"","potentialAction":[{"@type":"SearchAction","target":{"@type":"EntryPoint","urlTemplate":"https:\/\/jackpotlotteryonline.com\/?s={search_term_string}"},"query-input":"required name=search_term_string"}],"inLanguage":"it-IT"}]}},"_links":{"self":[{"href":"https:\/\/jackpotlotteryonline.com\/it\/wp-json\/wp\/v2\/pages\/40668","targetHints":{"allow":["GET"]}}],"collection":[{"href":"https:\/\/jackpotlotteryonline.com\/it\/wp-json\/wp\/v2\/pages"}],"about":[{"href":"https:\/\/jackpotlotteryonline.com\/it\/wp-json\/wp\/v2\/types\/page"}],"author":[{"embeddable":true,"href":"https:\/\/jackpotlotteryonline.com\/it\/wp-json\/wp\/v2\/users\/1"}],"replies":[{"embeddable":true,"href":"https:\/\/jackpotlotteryonline.com\/it\/wp-json\/wp\/v2\/comments?post=40668"}],"version-history":[{"count":0,"href":"https:\/\/jackpotlotteryonline.com\/it\/wp-json\/wp\/v2\/pages\/40668\/revisions"}],"up":[{"embeddable":true,"href":"https:\/\/jackpotlotteryonline.com\/it\/wp-json\/wp\/v2\/pages\/35836"}],"wp:attachment":[{"href":"https:\/\/jackpotlotteryonline.com\/it\/wp-json\/wp\/v2\/media?parent=40668"}],"curies":[{"name":"wp","href":"https:\/\/api.w.org\/{rel}","templated":true}]}}