{"id":40720,"date":"2022-12-06T08:32:54","date_gmt":"2022-12-06T08:32:54","guid":{"rendered":"https:\/\/jackpotlotteryonline.com\/?page_id=40720"},"modified":"2022-12-27T09:58:53","modified_gmt":"2022-12-27T09:58:53","slug":"superenalotto","status":"publish","type":"page","link":"https:\/\/jackpotlotteryonline.com\/it\/numeri-vincenti\/superenalotto\/","title":{"rendered":"Risultati del sorteggio del Superenalotto"},"content":{"rendered":"<p>Il Superenalotto \u00e8 la lotteria nazionale italiana ed \u00e8 una lotteria popolare tra i giocatori del paese. Se si gioca da fuori Italia, \u00e8 bene capire come controllare i numeri vincenti. Continuate a leggere per saperne di pi\u00f9.<\/p>\n<h2>I passi per giocare al Superenalotto online<\/h2>\n<p><a href=\"https:\/\/jackpotlotteryonline.com\/it\/come-giocare\/superenalotto\">Giocare al Superenalotto online<\/a> \u00e8 come giocare offline, ma con maggiore comodit\u00e0 e facilit\u00e0. Una volta andati sulla pagina del Superenalotto sul sito jackpotlotteryoneline.com, si possono scegliere 6 numeri da 1 a 90. Poi, si sceglie il numero di estrazioni che si desidera effettuare. Poi si sceglie il numero di estrazioni a cui si vuole partecipare, e si pu\u00f2 partecipare fino a 5 settimane prima. Pi\u00f9 estrazioni si partecipano, pi\u00f9 alte sono le possibilit\u00e0 di vincita.<\/p>\n<p>Il Superenalotto organizza tre estrazioni settimanali, il marted\u00ec, il gioved\u00ec e il sabato. \u00c8 quindi possibile partecipare a una o a tutte. \u00c8 possibile scegliere un numero SuperStar per aumentare le probabilit\u00e0 di vincita alla lotteria. Inoltre, c&#8217;\u00e8 il &#8220;Numero Jolly&#8221; che va da 1 a 90 e viene utilizzato per determinare il vincitore del secondo livello.<\/p>\n<h2>Come controllare i numeri vincenti<\/h2>\n<p><img loading=\"lazy\" decoding=\"async\" class=\"alignright size-full wp-image-31316\" src=\"http:\/\/jackpotlotteryonline.com\/wp-content\/uploads\/2022\/11\/logo_superenalotto.png\" alt=\"Risultati dell'estrazione del Superenalotto\" width=\"200\" height=\"212\" \/>Ci sono diversi modi per controllare i numeri vincenti quando si gioca al Superenalotto. \u00c8 possibile guardare le estrazioni in diretta in TV, ma questo \u00e8 possibile solo se si vive in Italia e si parla italiano. Fortunatamente, \u00e8 possibile controllare i numeri vincenti anche online dopo le estrazioni. La maggior parte dei siti di notizie pubblica i risultati delle estrazioni.<\/p>\n<p>Ci sono per\u00f2 alcuni problemi. Innanzitutto, \u00e8 facile che ci si dimentichi di controllare i risultati dell&#8217;estrazione. Ci sono storie di premi del jackpot che sono rimasti non reclamati, probabilmente perch\u00e9 i vincitori hanno dimenticato di controllare i loro biglietti. Inoltre, molti siti pubblicano solo i numeri vincenti del primo livello. La maggior parte delle lotterie ha pi\u00f9 livelli di premio.<\/p>\n<p>Se giocate al Superenalotto con noi, non dovrete preoccuparvi di perdere alcun premio. Non solo vi informeremo non appena vincerete un premio, ma riceverete una notifica una volta effettuato l&#8217;accesso. Inoltre, pubblichiamo i risultati della lotteria subito dopo le estrazioni proprio qui sul nostro sito. Tornate quindi a trovarci dopo le estrazioni per vedere se avete i numeri vincenti del Superenalotto.<\/p>\n<h2>Livelli di premio del Superenalotto<\/h2>\n<p>Abbiamo gi\u00e0 detto che la lotteria del Superenalotto ha un montepremi di 2 milioni di euro. Ma sapevate che non c&#8217;\u00e8 un limite massimo all&#8217;importo del jackpot? Ci\u00f2 significa che se non c&#8217;\u00e8 un vincitore dopo un&#8217;estrazione, il premio continua a scorrere finch\u00e9 non c&#8217;\u00e8 un vincitore. Nel 2019, il jackpot \u00e8 stato accumulato cos\u00ec tante volte da raggiungere la cifra record di 209,1 milioni di euro.<\/p>\n<p>Oltre al jackpot, che \u00e8 il premio per il primo livello, ci sono altri premi che un giocatore pu\u00f2 vincere. I premi sono determinati dal montepremi, quindi non c&#8217;\u00e8 un importo fisso. Tuttavia, condivideremo l&#8217;importo medio per estrazione.<\/p>\n<p>Partita 6 &#8211; \u20ac 92.056.091,66<\/p>\n<p>Partita 5 + numero Jolly &#8211; \u20ac 594.951,95<\/p>\n<p>Partita 5 &#8211; 49.736,38 euro<\/p>\n<p>Abbinamento 4 numeri &#8211; 354,83 euro<\/p>\n<p>Abbinamento 3 numeri &#8211; 27,15 euro<\/p>\n<p>Abbinamento di 2 numeri &#8211; 5,48 \u20ac<\/p>\n<section class=\"layout\" style=\"border: solid 1px; width: 100%;\">\n<div class=\"img-div\" style=\"margin-top: 5px;\"><img decoding=\"async\" class=\"wp-image-17212 alignleft\" style=\"height: 45px; margin: 8px 8px 0px;\" src=\"http:\/\/jackpotlotteryonline.com\/wp-content\/uploads\/2022\/11\/read1.jpg\" alt=\"leggere\" width=\"\" height=\"\" \/><\/div>\n<div style=\"padding-left: 5px;\">\n<div style=\"font-size: 1.1em;\">\n<p><strong>Le lotterie che hanno le migliori probabilit\u00e0 di vincita<\/strong><\/p>\n<p style=\"font-size: 0.85em; margin-top: -1.5em;\">Quale lotteria ha le migliori probabilit\u00e0 di vincita?\u00a0<a href=\"https:\/\/jackpotlotteryonline.com\/it\/quale-lotteria-ha-le-migliori-probabilita-di-vincita\"> Per saperne di pi\u00f9<\/a><\/p>\n<\/div>\n<\/div>\n<\/section>\n<h2>Riscuotere le vincite al Superenalotto<\/h2>\n<p>Dato che state giocando al Superenalotto online, \u00e8 naturale chiedersi cosa succede quando vincete un premio. Qui di seguito vi spieghiamo come potete reclamare le vostre vincite al Superenalotto anche se vivete fuori dall&#8217;Italia.<\/p>\n<p>Quando giocate al Superenalotto con noi, reclamare le vostre vincite \u00e8 semplice come accedere al vostro conto qui. Per le vincite inferiori a 2.500 euro, potete incassare direttamente dalla nostra piattaforma sul vostro conto. \u00c8 davvero semplice e senza problemi, in modo che possiate concentrarvi su una meravigliosa esperienza di lotteria.<\/p>\n<p>Per importi superiori, potrebbe essere necessario contattare la societ\u00e0 della lotteria e compilare un modulo di reclamo. Ma noi saremo qui per guidarvi in questo processo. <a href=\"https:\/\/jackpotlotteryonline.com\/it\/comprare-biglietti\/superenalotto\">Acquistate oggi stesso il vostro biglietto del Superenalotto<\/a> e scegliete i vostri numeri vincenti.<\/p>\n","protected":false},"excerpt":{"rendered":"<p>Il Superenalotto \u00e8 la lotteria nazionale italiana ed \u00e8 una lotteria popolare tra i giocatori del paese. Se si gioca da fuori Italia, \u00e8 bene capire come controllare i numeri vincenti. Continuate a leggere per saperne di pi\u00f9. I passi per giocare al Superenalotto online Giocare al Superenalotto online \u00e8 come giocare offline, ma con [&hellip;]<\/p>\n","protected":false},"author":1,"featured_media":0,"parent":35836,"menu_order":5,"comment_status":"closed","ping_status":"closed","template":"superenalotto-results.php","meta":{"_et_pb_use_builder":"","_et_pb_old_content":"","_et_gb_content_width":"","exclude_from_search":false,"footnotes":""},"class_list":["post-40720","page","type-page","status-publish","hentry"],"yoast_head":"<!-- This site is optimized with the Yoast SEO plugin v23.3 - https:\/\/yoast.com\/wordpress\/plugins\/seo\/ -->\n<title>Numeri vincenti del Superenalotto e risultati dell&#039;estrazione<\/title>\n<meta name=\"description\" content=\"Scopri i risultati delle estrazioni e i numeri vincenti del Superenalotto, con aggiornamenti quotidiani sul nostro sito web dedicato alle lotterie.\" \/>\n<meta name=\"robots\" content=\"index, follow, max-snippet:-1, max-image-preview:large, max-video-preview:-1\" \/>\n<link rel=\"canonical\" href=\"https:\/\/jackpotlotteryonline.com\/it\/numeri-vincenti\/superenalotto\/\" \/>\n<meta property=\"og:locale\" content=\"it_IT\" \/>\n<meta property=\"og:type\" content=\"article\" \/>\n<meta property=\"og:title\" content=\"Numeri vincenti del Superenalotto e risultati dell&#039;estrazione\" \/>\n<meta property=\"og:description\" content=\"Scopri i risultati delle estrazioni e i numeri vincenti del Superenalotto, con aggiornamenti quotidiani sul nostro sito web dedicato alle lotterie.\" \/>\n<meta property=\"og:url\" content=\"https:\/\/jackpotlotteryonline.com\/it\/numeri-vincenti\/superenalotto\/\" \/>\n<meta property=\"og:site_name\" content=\"Lotto Online - Crack The International Lottery Jackpots\" \/>\n<meta property=\"article:modified_time\" content=\"2022-12-27T09:58:53+00:00\" \/>\n<meta property=\"og:image\" content=\"http:\/\/jackpotlotteryonline.com\/wp-content\/uploads\/2022\/11\/logo_superenalotto.png\" \/>\n<meta name=\"twitter:card\" content=\"summary_large_image\" \/>\n<meta name=\"twitter:label1\" content=\"Tempo di lettura stimato\" \/>\n\t<meta name=\"twitter:data1\" content=\"3 minuti\" \/>\n<!-- \/ Yoast SEO plugin. -->","yoast_head_json":{"title":"Numeri vincenti del Superenalotto e risultati dell'estrazione","description":"Scopri i risultati delle estrazioni e i numeri vincenti del Superenalotto, con aggiornamenti quotidiani sul nostro sito web dedicato alle lotterie.","robots":{"index":"index","follow":"follow","max-snippet":"max-snippet:-1","max-image-preview":"max-image-preview:large","max-video-preview":"max-video-preview:-1"},"canonical":"https:\/\/jackpotlotteryonline.com\/it\/numeri-vincenti\/superenalotto\/","og_locale":"it_IT","og_type":"article","og_title":"Numeri vincenti del Superenalotto e risultati dell'estrazione","og_description":"Scopri i risultati delle estrazioni e i numeri vincenti del Superenalotto, con aggiornamenti quotidiani sul nostro sito web dedicato alle lotterie.","og_url":"https:\/\/jackpotlotteryonline.com\/it\/numeri-vincenti\/superenalotto\/","og_site_name":"Lotto Online - Crack The International Lottery Jackpots","article_modified_time":"2022-12-27T09:58:53+00:00","og_image":[{"url":"http:\/\/jackpotlotteryonline.com\/wp-content\/uploads\/2022\/11\/logo_superenalotto.png"}],"twitter_card":"summary_large_image","twitter_misc":{"Tempo di lettura stimato":"3 minuti"},"schema":{"@context":"https:\/\/schema.org","@graph":[{"@type":"WebPage","@id":"https:\/\/jackpotlotteryonline.com\/it\/numeri-vincenti\/superenalotto\/","url":"https:\/\/jackpotlotteryonline.com\/it\/numeri-vincenti\/superenalotto\/","name":"Numeri vincenti del Superenalotto e risultati dell'estrazione","isPartOf":{"@id":"https:\/\/jackpotlotteryonline.com\/#website"},"primaryImageOfPage":{"@id":"https:\/\/jackpotlotteryonline.com\/it\/numeri-vincenti\/superenalotto\/#primaryimage"},"image":{"@id":"https:\/\/jackpotlotteryonline.com\/it\/numeri-vincenti\/superenalotto\/#primaryimage"},"thumbnailUrl":"http:\/\/jackpotlotteryonline.com\/wp-content\/uploads\/2022\/11\/logo_superenalotto.png","datePublished":"2022-12-06T08:32:54+00:00","dateModified":"2022-12-27T09:58:53+00:00","description":"Scopri i risultati delle estrazioni e i numeri vincenti del Superenalotto, con aggiornamenti quotidiani sul nostro sito web dedicato alle lotterie.","breadcrumb":{"@id":"https:\/\/jackpotlotteryonline.com\/it\/numeri-vincenti\/superenalotto\/#breadcrumb"},"inLanguage":"it-IT","potentialAction":[{"@type":"ReadAction","target":["https:\/\/jackpotlotteryonline.com\/it\/numeri-vincenti\/superenalotto\/"]}]},{"@type":"ImageObject","inLanguage":"it-IT","@id":"https:\/\/jackpotlotteryonline.com\/it\/numeri-vincenti\/superenalotto\/#primaryimage","url":"http:\/\/jackpotlotteryonline.com\/wp-content\/uploads\/2022\/11\/logo_superenalotto.png","contentUrl":"http:\/\/jackpotlotteryonline.com\/wp-content\/uploads\/2022\/11\/logo_superenalotto.png"},{"@type":"BreadcrumbList","@id":"https:\/\/jackpotlotteryonline.com\/it\/numeri-vincenti\/superenalotto\/#breadcrumb","itemListElement":[{"@type":"ListItem","position":1,"name":"Home","item":"https:\/\/jackpotlotteryonline.com\/it\/"},{"@type":"ListItem","position":2,"name":"Risultati della lotteria","item":"https:\/\/jackpotlotteryonline.com\/winning-numbers\/"},{"@type":"ListItem","position":3,"name":"Risultati del sorteggio del Superenalotto"}]},{"@type":"WebSite","@id":"https:\/\/jackpotlotteryonline.com\/#website","url":"https:\/\/jackpotlotteryonline.com\/","name":"Lotto Online - Crack The International Lottery Jackpots","description":"","potentialAction":[{"@type":"SearchAction","target":{"@type":"EntryPoint","urlTemplate":"https:\/\/jackpotlotteryonline.com\/?s={search_term_string}"},"query-input":"required name=search_term_string"}],"inLanguage":"it-IT"}]}},"_links":{"self":[{"href":"https:\/\/jackpotlotteryonline.com\/it\/wp-json\/wp\/v2\/pages\/40720","targetHints":{"allow":["GET"]}}],"collection":[{"href":"https:\/\/jackpotlotteryonline.com\/it\/wp-json\/wp\/v2\/pages"}],"about":[{"href":"https:\/\/jackpotlotteryonline.com\/it\/wp-json\/wp\/v2\/types\/page"}],"author":[{"embeddable":true,"href":"https:\/\/jackpotlotteryonline.com\/it\/wp-json\/wp\/v2\/users\/1"}],"replies":[{"embeddable":true,"href":"https:\/\/jackpotlotteryonline.com\/it\/wp-json\/wp\/v2\/comments?post=40720"}],"version-history":[{"count":0,"href":"https:\/\/jackpotlotteryonline.com\/it\/wp-json\/wp\/v2\/pages\/40720\/revisions"}],"up":[{"embeddable":true,"href":"https:\/\/jackpotlotteryonline.com\/it\/wp-json\/wp\/v2\/pages\/35836"}],"wp:attachment":[{"href":"https:\/\/jackpotlotteryonline.com\/it\/wp-json\/wp\/v2\/media?parent=40720"}],"curies":[{"name":"wp","href":"https:\/\/api.w.org\/{rel}","templated":true}]}}