{"id":40773,"date":"2022-12-06T10:12:18","date_gmt":"2022-12-06T10:12:18","guid":{"rendered":"https:\/\/jackpotlotteryonline.com\/?page_id=40773"},"modified":"2022-12-28T14:08:00","modified_gmt":"2022-12-28T14:08:00","slug":"la-primitiva","status":"publish","type":"page","link":"https:\/\/jackpotlotteryonline.com\/it\/numeri-vincenti\/la-primitiva\/","title":{"rendered":"I risultati del sorteggio de La Primitiva"},"content":{"rendered":"<h2>Come scegliere i numeri vincenti de La Primitiva<\/h2>\n<p>Prima di tutto, se si vuole giocare a La Primitiva, \u00e8 necessario scegliere 6 numeri da un range di 1 a 49. Inoltre, occorre scegliere 1 numero da 0 a 9. Questo numero extra \u00e8 chiamato numero Reintegro. Esiste anche il numero Complemantario, utilizzato per determinare alcuni livelli di premio.<\/p>\n<p>Esistono diversi metodi che i giocatori utilizzano per scegliere i loro numeri de La Primitiva. Alcuni preferiscono scegliere cifre che hanno un significato speciale per loro. Come i loro compleanni o anniversari. Altri scelgono numeri a caso e sperano che la fortuna sia dalla loro parte. Poich\u00e9 La Primitiva, come ogni lotteria, \u00e8 un gioco di fortuna, nessuno pu\u00f2 biasimarli.<\/p>\n<section class=\"layout\" style=\"border: solid 1px; width: 100%;\">\n<div class=\"img-div\" style=\"margin-top: 5px;\"><img decoding=\"async\" class=\"wp-image-17212 alignleft\" style=\"height: 45px; margin: 8px 8px 0px;\" src=\"http:\/\/jackpotlotteryonline.com\/wp-content\/uploads\/2022\/11\/read1.jpg\" alt=\"leggere\" width=\"\" height=\"\" \/><\/div>\n<div style=\"padding-left: 5px;\">\n<div style=\"font-size: 1.1em;\">\n<p><strong>Suggerimenti per la lotteria<\/strong><\/p>\n<p style=\"font-size: 0.85em; margin-top: -1.5em;\">Consigli che aiutano a vincere alla lotteria\u00a0<a href=\"https:\/\/jackpotlotteryonline.com\/it\/consigli-che-aiutano-a-vincere-alla-lotteria\"> Per saperne di pi\u00f9<\/a><\/p>\n<\/div>\n<\/div>\n<\/section>\n<h2>Vincere a La Primitiva<\/h2>\n<p>La Primitiva effettua tre estrazioni a settimana, il luned\u00ec, il gioved\u00ec e il sabato. Una volta scelti i numeri, il passo successivo \u00e8 quello di partecipare alle estrazioni prescelte. Dopo le estrazioni, il biglietto che corrisponde ai risultati estratti vince la lotteria.<\/p>\n<p>Pertanto, il fatto di tornare a casa con un premio dipende in larga misura dalle cifre scelte.<\/p>\n<p>Per vincere il jackpot de La Primitiva, il giocatore deve indovinare tutti e 7 i numeri (i 6 principali e il numero Reintegro). L&#8217;importo del jackpot parte da 5 milioni di euro. Se c&#8217;\u00e8 pi\u00f9 di un vincitore, l&#8217;importo viene suddiviso tra i vincitori. Ecco i premi che i giocatori possono vincere.<br \/>\n<img loading=\"lazy\" decoding=\"async\" class=\"alignright size-full wp-image-27671\" src=\"http:\/\/jackpotlotteryonline.com\/wp-content\/uploads\/2022\/11\/1_lottery_online_winner3.jpg\" alt=\"Vincere La Primitiva\" width=\"300\" height=\"300\" srcset=\"https:\/\/jackpotlotteryonline.com\/wp-content\/uploads\/2022\/11\/1_lottery_online_winner3.jpg 300w, https:\/\/jackpotlotteryonline.com\/wp-content\/uploads\/2022\/11\/1_lottery_online_winner3-100x100.jpg 100w, https:\/\/jackpotlotteryonline.com\/wp-content\/uploads\/2022\/11\/1_lottery_online_winner3-150x150.jpg 150w\" sizes=\"auto, (max-width: 300px) 100vw, 300px\" \/>Jackpot &#8211; Partita 6 + Reintegro<\/p>\n<p>Divisione 1 &#8211; Solo partita 6<\/p>\n<p>Divisione 2 &#8211; Partita 5 + Numero omaggio<\/p>\n<p>Divisione 3 &#8211; Solo partita 5<\/p>\n<p>Divisione 4 &#8211; Solo partita 4<\/p>\n<p>Divisione 5 &#8211; Solo partita 3<\/p>\n<p>Reintegro &#8211; Abbinare solo il numero Reintegro<\/p>\n<h2>Giocare a La Primitiva online con jackpotlotteryonline.com<\/h2>\n<p>Quando <a href=\"https:\/\/jackpotlotteryonline.com\/it\/come-giocare\/la-primitiva-2\">gioca alla lotteria La Primitiva<\/a> con noi, non solo ha accesso a La Primitiva ma anche ai risultati delle estrazioni. Giocare online apre un mondo di opportunit\u00e0 sia per i giocatori esperti che per i neofiti. Offriamo un modo comodo per acquistare i biglietti della lotteria, controllare i risultati e accedere alle vincite. Ma di questo parleremo tra poco.<\/p>\n<p>Pu\u00f2 facilmente <a href=\"https:\/\/jackpotlotteryonline.com\/it\/comprare-biglietti\/la-primitiva\">acquistare il suo biglietto della lotteria La Primitiva<\/a> andando alla pagina della lotteria e scegliendo le cifre della sua vincita. Se non siete sicuri di cosa scegliere, potete utilizzare il nostro generatore automatico per scegliere cifre casuali. Quindi, inserite le estrazioni di vostra scelta e, se non siete gi\u00e0 registrati con noi, iscrivetevi con un account.<\/p>\n<p>La registrazione \u00e8 un passo essenziale e vi servir\u00e0 per i seguenti motivi:<\/p>\n<ul>\n<li>Per memorizzare il biglietto digitale<\/li>\n<li>Per impostare le partecipazioni automatiche alle estrazioni<\/li>\n<li>Per ricevere notifiche di vincita<\/li>\n<\/ul>\n<h2>Controllare i risultati della lotteria La Primitiva<\/h2>\n<p>Controllare i risultati della lotteria La Primitiva non \u00e8 mai stato cos\u00ec facile quando si gioca online con noi. Dopo ogni estrazione, pubblichiamo i risultati proprio qui sulla nostra pagina. Inoltre, vi informeremo via e-mail quando vincerete un premio. In questo modo non dovrete mai pi\u00f9 perdere la possibilit\u00e0 di riscuotere il vostro premio.<\/p>\n<h2>Richiedere le vincite<\/h2>\n<p>Forse la parte pi\u00f9 interessante del giocare a La Primitiva online \u00e8 che non dovrete recarvi in Spagna per riscuotere le vostre vincite. Per le vincite inferiori a 2.500 euro, potete semplicemente prelevare dalla nostra piattaforma sul vostro conto.<\/p>\n<p>Giocate alla lotteria con noi per controllare i vostri numeri vincenti de La Primitiva online.<\/p>\n","protected":false},"excerpt":{"rendered":"<p>Come scegliere i numeri vincenti de La Primitiva Prima di tutto, se si vuole giocare a La Primitiva, \u00e8 necessario scegliere 6 numeri da un range di 1 a 49. Inoltre, occorre scegliere 1 numero da 0 a 9. Questo numero extra \u00e8 chiamato numero Reintegro. Esiste anche il numero Complemantario, utilizzato per determinare alcuni [&hellip;]<\/p>\n","protected":false},"author":1,"featured_media":0,"parent":35836,"menu_order":7,"comment_status":"closed","ping_status":"closed","template":"la-primitiva-results.php","meta":{"_et_pb_use_builder":"","_et_pb_old_content":"","_et_gb_content_width":"","exclude_from_search":false,"footnotes":""},"class_list":["post-40773","page","type-page","status-publish","hentry"],"yoast_head":"<!-- This site is optimized with the Yoast SEO plugin v23.3 - https:\/\/yoast.com\/wordpress\/plugins\/seo\/ -->\n<title>Numeri vincenti e risultati dell&#039;estrazione de La Primitiva<\/title>\n<meta name=\"description\" content=\"La lotteria spagnola La Primitiva: tutti i risultati delle estrazioni e i numeri vincenti, oltre all&#039;archivio dei risultati, tutto in un unico sito web.\" \/>\n<meta name=\"robots\" content=\"index, follow, max-snippet:-1, max-image-preview:large, max-video-preview:-1\" \/>\n<link rel=\"canonical\" href=\"https:\/\/jackpotlotteryonline.com\/it\/numeri-vincenti\/la-primitiva\/\" \/>\n<meta property=\"og:locale\" content=\"it_IT\" \/>\n<meta property=\"og:type\" content=\"article\" \/>\n<meta property=\"og:title\" content=\"Numeri vincenti e risultati dell&#039;estrazione de La Primitiva\" \/>\n<meta property=\"og:description\" content=\"La lotteria spagnola La Primitiva: tutti i risultati delle estrazioni e i numeri vincenti, oltre all&#039;archivio dei risultati, tutto in un unico sito web.\" \/>\n<meta property=\"og:url\" content=\"https:\/\/jackpotlotteryonline.com\/it\/numeri-vincenti\/la-primitiva\/\" \/>\n<meta property=\"og:site_name\" content=\"Lotto Online - Crack The International Lottery Jackpots\" \/>\n<meta property=\"article:modified_time\" content=\"2022-12-28T14:08:00+00:00\" \/>\n<meta property=\"og:image\" content=\"http:\/\/jackpotlotteryonline.com\/wp-content\/uploads\/2022\/11\/read1.jpg\" \/>\n<meta name=\"twitter:card\" content=\"summary_large_image\" \/>\n<meta name=\"twitter:label1\" content=\"Tempo di lettura stimato\" \/>\n\t<meta name=\"twitter:data1\" content=\"3 minuti\" \/>\n<!-- \/ Yoast SEO plugin. -->","yoast_head_json":{"title":"Numeri vincenti e risultati dell'estrazione de La Primitiva","description":"La lotteria spagnola La Primitiva: tutti i risultati delle estrazioni e i numeri vincenti, oltre all'archivio dei risultati, tutto in un unico sito web.","robots":{"index":"index","follow":"follow","max-snippet":"max-snippet:-1","max-image-preview":"max-image-preview:large","max-video-preview":"max-video-preview:-1"},"canonical":"https:\/\/jackpotlotteryonline.com\/it\/numeri-vincenti\/la-primitiva\/","og_locale":"it_IT","og_type":"article","og_title":"Numeri vincenti e risultati dell'estrazione de La Primitiva","og_description":"La lotteria spagnola La Primitiva: tutti i risultati delle estrazioni e i numeri vincenti, oltre all'archivio dei risultati, tutto in un unico sito web.","og_url":"https:\/\/jackpotlotteryonline.com\/it\/numeri-vincenti\/la-primitiva\/","og_site_name":"Lotto Online - Crack The International Lottery Jackpots","article_modified_time":"2022-12-28T14:08:00+00:00","og_image":[{"url":"http:\/\/jackpotlotteryonline.com\/wp-content\/uploads\/2022\/11\/read1.jpg"}],"twitter_card":"summary_large_image","twitter_misc":{"Tempo di lettura stimato":"3 minuti"},"schema":{"@context":"https:\/\/schema.org","@graph":[{"@type":"WebPage","@id":"https:\/\/jackpotlotteryonline.com\/it\/numeri-vincenti\/la-primitiva\/","url":"https:\/\/jackpotlotteryonline.com\/it\/numeri-vincenti\/la-primitiva\/","name":"Numeri vincenti e risultati dell'estrazione de La Primitiva","isPartOf":{"@id":"https:\/\/jackpotlotteryonline.com\/#website"},"primaryImageOfPage":{"@id":"https:\/\/jackpotlotteryonline.com\/it\/numeri-vincenti\/la-primitiva\/#primaryimage"},"image":{"@id":"https:\/\/jackpotlotteryonline.com\/it\/numeri-vincenti\/la-primitiva\/#primaryimage"},"thumbnailUrl":"http:\/\/jackpotlotteryonline.com\/wp-content\/uploads\/2022\/11\/read1.jpg","datePublished":"2022-12-06T10:12:18+00:00","dateModified":"2022-12-28T14:08:00+00:00","description":"La lotteria spagnola La Primitiva: tutti i risultati delle estrazioni e i numeri vincenti, oltre all'archivio dei risultati, tutto in un unico sito web.","breadcrumb":{"@id":"https:\/\/jackpotlotteryonline.com\/it\/numeri-vincenti\/la-primitiva\/#breadcrumb"},"inLanguage":"it-IT","potentialAction":[{"@type":"ReadAction","target":["https:\/\/jackpotlotteryonline.com\/it\/numeri-vincenti\/la-primitiva\/"]}]},{"@type":"ImageObject","inLanguage":"it-IT","@id":"https:\/\/jackpotlotteryonline.com\/it\/numeri-vincenti\/la-primitiva\/#primaryimage","url":"http:\/\/jackpotlotteryonline.com\/wp-content\/uploads\/2022\/11\/read1.jpg","contentUrl":"http:\/\/jackpotlotteryonline.com\/wp-content\/uploads\/2022\/11\/read1.jpg"},{"@type":"BreadcrumbList","@id":"https:\/\/jackpotlotteryonline.com\/it\/numeri-vincenti\/la-primitiva\/#breadcrumb","itemListElement":[{"@type":"ListItem","position":1,"name":"Home","item":"https:\/\/jackpotlotteryonline.com\/it\/"},{"@type":"ListItem","position":2,"name":"Risultati della lotteria","item":"https:\/\/jackpotlotteryonline.com\/winning-numbers\/"},{"@type":"ListItem","position":3,"name":"I risultati del sorteggio de La Primitiva"}]},{"@type":"WebSite","@id":"https:\/\/jackpotlotteryonline.com\/#website","url":"https:\/\/jackpotlotteryonline.com\/","name":"Lotto Online - Crack The International Lottery Jackpots","description":"","potentialAction":[{"@type":"SearchAction","target":{"@type":"EntryPoint","urlTemplate":"https:\/\/jackpotlotteryonline.com\/?s={search_term_string}"},"query-input":"required name=search_term_string"}],"inLanguage":"it-IT"}]}},"_links":{"self":[{"href":"https:\/\/jackpotlotteryonline.com\/it\/wp-json\/wp\/v2\/pages\/40773","targetHints":{"allow":["GET"]}}],"collection":[{"href":"https:\/\/jackpotlotteryonline.com\/it\/wp-json\/wp\/v2\/pages"}],"about":[{"href":"https:\/\/jackpotlotteryonline.com\/it\/wp-json\/wp\/v2\/types\/page"}],"author":[{"embeddable":true,"href":"https:\/\/jackpotlotteryonline.com\/it\/wp-json\/wp\/v2\/users\/1"}],"replies":[{"embeddable":true,"href":"https:\/\/jackpotlotteryonline.com\/it\/wp-json\/wp\/v2\/comments?post=40773"}],"version-history":[{"count":0,"href":"https:\/\/jackpotlotteryonline.com\/it\/wp-json\/wp\/v2\/pages\/40773\/revisions"}],"up":[{"embeddable":true,"href":"https:\/\/jackpotlotteryonline.com\/it\/wp-json\/wp\/v2\/pages\/35836"}],"wp:attachment":[{"href":"https:\/\/jackpotlotteryonline.com\/it\/wp-json\/wp\/v2\/media?parent=40773"}],"curies":[{"name":"wp","href":"https:\/\/api.w.org\/{rel}","templated":true}]}}