{"id":40826,"date":"2022-12-06T12:32:47","date_gmt":"2022-12-06T12:32:47","guid":{"rendered":"https:\/\/jackpotlotteryonline.com\/?page_id=40826"},"modified":"2022-12-28T11:05:47","modified_gmt":"2022-12-28T11:05:47","slug":"el-gordo-draw-results","status":"publish","type":"page","link":"https:\/\/jackpotlotteryonline.com\/it\/numeri-vincenti\/el-gordo-draw-results\/","title":{"rendered":"Risultati del sorteggio di El Gordo"},"content":{"rendered":"<p>Gli appassionati di lotterie si entusiasmano quando sentono parlare di El Gordo, non solo perch\u00e9 \u00e8 una delle pi\u00f9 grandi lotterie europee. El Gordo \u00e8 la madre di tutte le lotterie per il semplice fatto che le estrazioni avvengono una volta all&#8217;anno. In realt\u00e0, fa parte della lotteria spagnola e ogni anno organizza un&#8217;estrazione speciale di Natale. \u00c8 un evento ricco di emozioni e di tradizione. Riunisce famiglie, quartieri e intere comunit\u00e0 per celebrare le festivit\u00e0 natalizie. Per i giocatori spagnoli, il periodo natalizio \u00e8 il momento di cercare i numeri vincenti di El Gordo.<\/p>\n<p>In genere, El Gordo \u00e8 una lotteria che si svolge in Spagna. Ci\u00f2 significa che se non si vive in questo Paese, \u00e8 difficile acquistare i biglietti di El Gordo. Le cose sono cambiate perch\u00e9 ora \u00e8 possibile controllare i numeri vincenti di El Gordo su Internet.<\/p>\n<h2>Giocare a El Gordo<\/h2>\n<p><img loading=\"lazy\" decoding=\"async\" class=\"alignright size-full wp-image-17870\" src=\"http:\/\/jackpotlotteryonline.com\/wp-content\/uploads\/2022\/10\/lotto_euros.jpg\" alt=\"Giocare a El Gordo\" width=\"225\" height=\"134\" \/>El Gordo significa &#8220;il grande&#8221; ed \u00e8 il jackpot pi\u00f9 grande del mondo. La particolarit\u00e0 di questa lotteria \u00e8 che ora il jackpot viene vinto da una sola persona. Questo perch\u00e9 i biglietti sono divisi in tante frazioni. In realt\u00e0, questa \u00e8 la parte del gioco di El Gordo che pu\u00f2 creare un po&#8217; di confusione. Ogni biglietto di El Gordo \u00e8 diviso in 10 sezioni e ognuna di queste sezioni \u00e8 ulteriormente suddivisa.<\/p>\n<p>Il biglietto El Gordo pi\u00f9 economico che si pu\u00f2 acquistare \u00e8 1\/100 di un biglietto intero.<\/p>\n<p>Per saperne di pi\u00f9 sul <a href=\"https:\/\/jackpotlotteryonline.com\/it\/come-giocare\/el-gordo\">gioco El Gordo<\/a>, visitate jackpotlotteryonline.com e <a href=\"https:\/\/jackpotlotteryonline.com\/it\/comprare-biglietti\/el-gordo\">acquistate subito i vostri biglietti<\/a>. Giocare a El Gordo \u00e8 molto divertente, soprattutto se si gioca online.<\/p>\n<h2>Giocare online<\/h2>\n<p>Se siete pronti a partecipare alla lotteria El Gordo, visitate il nostro sito e scegliete le cifre vincenti. Tutto ci\u00f2 che dovete fare \u00e8 scegliere 6 cifre da 1 a 49. Naturalmente, potete lasciare che il nostro selezionatore automatico lo faccia per voi se non avete nulla di specifico da giocare. Quindi partecipate alle estrazioni e attendete i risultati della vincita di El Gordo.<\/p>\n<h2>Come vincere El Gordo<\/h2>\n<p>Vincere El Gordo significa semplicemente avere la combinazione vincente. Pertanto, se le vostre cifre corrispondono a quelle estratte, siete i vincitori della lotteria El Gordo.<\/p>\n<p>Ci sono diverse strategie che i giocatori utilizzano per scegliere le combinazioni vincenti di El Gordo. Una di queste \u00e8 quella di scegliere le cifre che considerano fortunate. Per alcuni, si tratta del proprio compleanno o di quello dei propri cari. Potrebbe essere qualsiasi numero speciale per voi. Altri giocatori preferiscono affidarsi completamente ai numeri generati casualmente. Qualunque sia la vostra scelta, dipende da voi.<\/p>\n<p>Un altro modo per scegliere una combinazione vincente per El Gordo \u00e8 quello di guardare ai risultati passati. Questo vi aiuter\u00e0 soprattutto se siete giocatori abituali. Per molti scommettitori, acquistare pi\u00f9 biglietti \u00e8 sempre un buon piano di gioco. Potreste sempre formare un gruppo di amici o familiari e acquistare i biglietti di El Gordo.<\/p>\n<h2>Come controllare i numeri vincenti<\/h2>\n<p><img loading=\"lazy\" decoding=\"async\" class=\"alignright size-full wp-image-30668\" src=\"http:\/\/jackpotlotteryonline.com\/wp-content\/uploads\/2022\/11\/3_screen_lottery_results_online.jpg\" alt=\"Vincere El Gordo\" width=\"130\" height=\"120\" \/>Una volta acquistato il biglietto El Gordo, il passo successivo \u00e8 aspettare le estrazioni di El Gordo. Dopo le estrazioni, \u00e8 importante controllare le combinazioni vincenti. Ci sono molte storie di jackpot non reclamati perch\u00e9 i vincitori non hanno mai controllato i loro biglietti della lotteria. Se giocate con noi, non dovrete mai preoccuparvi che questo accada a voi.<\/p>\n<p>Dopo ogni estrazione, pubblichiamo i risultati vincenti proprio qui sulla pagina di El Gordo. Uno degli errori che commettono i nuovi giocatori della lotteria \u00e8 quello di non controllare se hanno vinto altri premi.<\/p>\n<p>La lotteria El Gordo ha 17 diversi livelli di premio e un giocatore potrebbe vincerne uno qualsiasi. Se giocate con noi, vi faremo sapere se siete i vincitori di qualche premio. Lo facciamo via e-mail e riceverete una notifica una volta effettuato l&#8217;accesso alla piattaforma.<\/p>\n<h2>Cosa succede se si vince?<\/h2>\n<p>Vincere El Gordo \u00e8 un&#8217;esperienza meravigliosa perch\u00e9 si ha la sensazione di aver fatto parte di qualcosa di grande. \u00c8 un po&#8217; come essere parte della storia in divenire. \u00c8 una sensazione ancora pi\u00f9 grande se si acquistano i biglietti di El Gordo con i propri colleghi, compagni o familiari. Cos\u00ec potrete festeggiare tutti insieme la vostra vincita.<\/p>\n<p>Detto questo, ritirare le vincite di El Gordo \u00e8 molto facile se si gioca sul nostro sito. Si tratta solo di incassare la vincita sul proprio conto online. Se si vince pi\u00f9 di una certa somma, potrebbe essere necessario compilare un modulo di reclamo per ottenere le vincite dalla societ\u00e0 della lotteria. Ma \u00e8 per questo che siamo qui, per rendervi le cose pi\u00f9 semplici.<\/p>\n<section class=\"layout\" style=\"border: solid 1px; width: 100%;\">\n<div class=\"img-div\" style=\"margin-top: 5px;\"><img decoding=\"async\" class=\"wp-image-17212 alignleft\" style=\"height: 45px; margin: 8px 8px 0px;\" src=\"http:\/\/jackpotlotteryonline.com\/wp-content\/uploads\/2022\/11\/read1.jpg\" alt=\"leggere\" width=\"\" height=\"\" \/><\/div>\n<div style=\"padding-left: 5px;\">\n<div style=\"font-size: 1.1em;\">\n<p><strong>Tasse sulle vincite alla lotteria<\/strong><\/p>\n<p style=\"font-size: 0.85em; margin-top: -1.5em;\">Devo pagare le tasse sulle vincite alla lotteria? <a href=\"https:\/\/jackpotlotteryonline.com\/it\/devo-pagare-le-tasse-sulle-vincite-alla-lotteria\">Per saperne di pi\u00f9<\/a><\/p>\n<\/div>\n<\/div>\n<\/section>\n<h2>Perch\u00e9 dovreste giocare a El Gordo online con noi<\/h2>\n<p>Sono tanti i motivi per cui i nostri clienti amano giocare alla lotteria con noi.<\/p>\n<ul>\n<li>Acquistare il biglietto della lotteria El Gordo \u00e8 facile come pochi tap del vostro dispositivo mobile. Non c&#8217;\u00e8 stress e la convenienza \u00e8 totale.<\/li>\n<li>Potete controllare le vostre combinazioni vincenti di El Gordo proprio qui, senza andare da nessun&#8217;altra parte.<\/li>\n<li>Vi avviseremo non appena vincerete un premio, indipendentemente dall&#8217;importo.<\/li>\n<li>Se vincete un premio, potete incassarlo dalla nostra piattaforma sul vostro conto.<\/li>\n<\/ul>\n<p>Rendiamo letteralmente facile per i nostri clienti divertirsi e giocare alla lotteria. La verit\u00e0 \u00e8 che ci sono tante altre cose difficili nella vita, ma vincere alla lotteria non deve essere una di queste.<\/p>\n<h2>Controllare i numeri vincenti<\/h2>\n<p>Prima di acquistare il vostro biglietto, dovete sapere che noi diamo ai nostri clienti l&#8217;accesso al vero affare. Quando giocate con noi, non vi limitate a scommettere sull&#8217;esito della lotteria. Ci assicuriamo che siate entrati nella lotteria. Lo facciamo gestendo un sistema di concierge in cui il nostro agente in Spagna acquista i numeri corrispondenti ai vostri.<\/p>\n<p>Quando avete i numeri vincenti di El Gordo, significa che avete vinto la lotteria. \u00c8 davvero cos\u00ec semplice. Lavoriamo duramente per assicurarci che non dobbiate preoccuparvi dei dettagli. Ci prendiamo cura delle piccole cose in modo che possiate concentrarvi su ci\u00f2 che \u00e8 pi\u00f9 importante per voi.<\/p>\n<p>Venite a trovarci oggi e controllate i numeri vincenti delle principali lotterie internazionali proprio qui. Oppure acquistate i biglietti di El Gordo e restituiteli per ottenere i numeri vincenti.<\/p>\n","protected":false},"excerpt":{"rendered":"<p>Gli appassionati di lotterie si entusiasmano quando sentono parlare di El Gordo, non solo perch\u00e9 \u00e8 una delle pi\u00f9 grandi lotterie europee. El Gordo \u00e8 la madre di tutte le lotterie per il semplice fatto che le estrazioni avvengono una volta all&#8217;anno. In realt\u00e0, fa parte della lotteria spagnola e ogni anno organizza un&#8217;estrazione speciale [&hellip;]<\/p>\n","protected":false},"author":1,"featured_media":0,"parent":35836,"menu_order":6,"comment_status":"closed","ping_status":"closed","template":"el-gordo-results.php","meta":{"_et_pb_use_builder":"","_et_pb_old_content":"","_et_gb_content_width":"","exclude_from_search":false,"footnotes":""},"class_list":["post-40826","page","type-page","status-publish","hentry"],"yoast_head":"<!-- This site is optimized with the Yoast SEO plugin v23.3 - https:\/\/yoast.com\/wordpress\/plugins\/seo\/ -->\n<title>Numeri vincenti e risultati dell&#039;estrazione di El Gordo<\/title>\n<meta name=\"description\" content=\"Risultati, numeri vincenti per l&#039;estrazione di El Gordo - questa settimana e i risultati delle settimane passate\" \/>\n<meta name=\"robots\" content=\"index, follow, max-snippet:-1, max-image-preview:large, max-video-preview:-1\" \/>\n<link rel=\"canonical\" href=\"https:\/\/jackpotlotteryonline.com\/it\/numeri-vincenti\/el-gordo-draw-results\/\" \/>\n<meta property=\"og:locale\" content=\"it_IT\" \/>\n<meta property=\"og:type\" content=\"article\" \/>\n<meta property=\"og:title\" content=\"Numeri vincenti e risultati dell&#039;estrazione di El Gordo\" \/>\n<meta property=\"og:description\" content=\"Risultati, numeri vincenti per l&#039;estrazione di El Gordo - questa settimana e i risultati delle settimane passate\" \/>\n<meta property=\"og:url\" content=\"https:\/\/jackpotlotteryonline.com\/it\/numeri-vincenti\/el-gordo-draw-results\/\" \/>\n<meta property=\"og:site_name\" content=\"Lotto Online - Crack The International Lottery Jackpots\" \/>\n<meta property=\"article:modified_time\" content=\"2022-12-28T11:05:47+00:00\" \/>\n<meta property=\"og:image\" content=\"http:\/\/jackpotlotteryonline.com\/wp-content\/uploads\/2022\/10\/lotto_euros.jpg\" \/>\n<meta name=\"twitter:card\" content=\"summary_large_image\" \/>\n<meta name=\"twitter:label1\" content=\"Tempo di lettura stimato\" \/>\n\t<meta name=\"twitter:data1\" content=\"5 minuti\" \/>\n<!-- \/ Yoast SEO plugin. -->","yoast_head_json":{"title":"Numeri vincenti e risultati dell'estrazione di El Gordo","description":"Risultati, numeri vincenti per l'estrazione di El Gordo - questa settimana e i risultati delle settimane passate","robots":{"index":"index","follow":"follow","max-snippet":"max-snippet:-1","max-image-preview":"max-image-preview:large","max-video-preview":"max-video-preview:-1"},"canonical":"https:\/\/jackpotlotteryonline.com\/it\/numeri-vincenti\/el-gordo-draw-results\/","og_locale":"it_IT","og_type":"article","og_title":"Numeri vincenti e risultati dell'estrazione di El Gordo","og_description":"Risultati, numeri vincenti per l'estrazione di El Gordo - questa settimana e i risultati delle settimane passate","og_url":"https:\/\/jackpotlotteryonline.com\/it\/numeri-vincenti\/el-gordo-draw-results\/","og_site_name":"Lotto Online - Crack The International Lottery Jackpots","article_modified_time":"2022-12-28T11:05:47+00:00","og_image":[{"url":"http:\/\/jackpotlotteryonline.com\/wp-content\/uploads\/2022\/10\/lotto_euros.jpg"}],"twitter_card":"summary_large_image","twitter_misc":{"Tempo di lettura stimato":"5 minuti"},"schema":{"@context":"https:\/\/schema.org","@graph":[{"@type":"WebPage","@id":"https:\/\/jackpotlotteryonline.com\/it\/numeri-vincenti\/el-gordo-draw-results\/","url":"https:\/\/jackpotlotteryonline.com\/it\/numeri-vincenti\/el-gordo-draw-results\/","name":"Numeri vincenti e risultati dell'estrazione di El Gordo","isPartOf":{"@id":"https:\/\/jackpotlotteryonline.com\/#website"},"primaryImageOfPage":{"@id":"https:\/\/jackpotlotteryonline.com\/it\/numeri-vincenti\/el-gordo-draw-results\/#primaryimage"},"image":{"@id":"https:\/\/jackpotlotteryonline.com\/it\/numeri-vincenti\/el-gordo-draw-results\/#primaryimage"},"thumbnailUrl":"http:\/\/jackpotlotteryonline.com\/wp-content\/uploads\/2022\/10\/lotto_euros.jpg","datePublished":"2022-12-06T12:32:47+00:00","dateModified":"2022-12-28T11:05:47+00:00","description":"Risultati, numeri vincenti per l'estrazione di El Gordo - questa settimana e i risultati delle settimane passate","breadcrumb":{"@id":"https:\/\/jackpotlotteryonline.com\/it\/numeri-vincenti\/el-gordo-draw-results\/#breadcrumb"},"inLanguage":"it-IT","potentialAction":[{"@type":"ReadAction","target":["https:\/\/jackpotlotteryonline.com\/it\/numeri-vincenti\/el-gordo-draw-results\/"]}]},{"@type":"ImageObject","inLanguage":"it-IT","@id":"https:\/\/jackpotlotteryonline.com\/it\/numeri-vincenti\/el-gordo-draw-results\/#primaryimage","url":"http:\/\/jackpotlotteryonline.com\/wp-content\/uploads\/2022\/10\/lotto_euros.jpg","contentUrl":"http:\/\/jackpotlotteryonline.com\/wp-content\/uploads\/2022\/10\/lotto_euros.jpg"},{"@type":"BreadcrumbList","@id":"https:\/\/jackpotlotteryonline.com\/it\/numeri-vincenti\/el-gordo-draw-results\/#breadcrumb","itemListElement":[{"@type":"ListItem","position":1,"name":"Home","item":"https:\/\/jackpotlotteryonline.com\/it\/"},{"@type":"ListItem","position":2,"name":"Risultati della lotteria","item":"https:\/\/jackpotlotteryonline.com\/winning-numbers\/"},{"@type":"ListItem","position":3,"name":"Risultati del sorteggio di El Gordo"}]},{"@type":"WebSite","@id":"https:\/\/jackpotlotteryonline.com\/#website","url":"https:\/\/jackpotlotteryonline.com\/","name":"Lotto Online - Crack The International Lottery Jackpots","description":"","potentialAction":[{"@type":"SearchAction","target":{"@type":"EntryPoint","urlTemplate":"https:\/\/jackpotlotteryonline.com\/?s={search_term_string}"},"query-input":"required name=search_term_string"}],"inLanguage":"it-IT"}]}},"_links":{"self":[{"href":"https:\/\/jackpotlotteryonline.com\/it\/wp-json\/wp\/v2\/pages\/40826","targetHints":{"allow":["GET"]}}],"collection":[{"href":"https:\/\/jackpotlotteryonline.com\/it\/wp-json\/wp\/v2\/pages"}],"about":[{"href":"https:\/\/jackpotlotteryonline.com\/it\/wp-json\/wp\/v2\/types\/page"}],"author":[{"embeddable":true,"href":"https:\/\/jackpotlotteryonline.com\/it\/wp-json\/wp\/v2\/users\/1"}],"replies":[{"embeddable":true,"href":"https:\/\/jackpotlotteryonline.com\/it\/wp-json\/wp\/v2\/comments?post=40826"}],"version-history":[{"count":0,"href":"https:\/\/jackpotlotteryonline.com\/it\/wp-json\/wp\/v2\/pages\/40826\/revisions"}],"up":[{"embeddable":true,"href":"https:\/\/jackpotlotteryonline.com\/it\/wp-json\/wp\/v2\/pages\/35836"}],"wp:attachment":[{"href":"https:\/\/jackpotlotteryonline.com\/it\/wp-json\/wp\/v2\/media?parent=40826"}],"curies":[{"name":"wp","href":"https:\/\/api.w.org\/{rel}","templated":true}]}}