{"id":40884,"date":"2022-12-07T08:26:41","date_gmt":"2022-12-07T08:26:41","guid":{"rendered":"https:\/\/jackpotlotteryonline.com\/?page_id=40884"},"modified":"2022-12-28T18:10:34","modified_gmt":"2022-12-28T18:10:34","slug":"german-lotto","status":"publish","type":"page","link":"https:\/\/jackpotlotteryonline.com\/it\/numeri-vincenti\/german-lotto\/","title":{"rendered":"Risultati dell&#8217;estrazione del Lotto in Germania"},"content":{"rendered":"<p>Risultati delle estrazioni del Lotto tedescoSe avete <a href=\"https:\/\/jackpotlotteryonline.com\/it\/come-giocare\/german-lotto\">giocato al Lotto tedesco<\/a> o volete provarci, controllare i numeri vincenti \u00e8 fondamentale. Vincere alla lotteria \u00e8 un&#8217;esperienza che cambia la vita.<\/p>\n<p>Conosciuta come 6 aus 49 o 6 su 49, \u00e8 una delle lotterie pi\u00f9 popolari in Europa. Con probabilit\u00e0 incredibili e premi in jackpot che cambiano la vita, questo lotto tedesco ha nove diversi livelli di premio.<\/p>\n<p>\u00c8 facile giocare ed \u00e8 possibile partecipare al lotto tedesco da qualsiasi parte del mondo. Puoi anche controllare i tuoi numeri vincenti quando giochi su jackpotlottoonline.com.<\/p>\n<h2>Come si gioca al lotto tedesco<\/h2>\n<p><img loading=\"lazy\" decoding=\"async\" class=\"alignright size-medium wp-image-29156\" src=\"https:\/\/jackpotlotteryonline.com\/wp-content\/uploads\/2022\/11\/1_play_lotto_to_win-300x214.jpg\" alt=\"partecipa al lotto tedesco per vincere i premi\" width=\"300\" height=\"214\" srcset=\"https:\/\/jackpotlotteryonline.com\/wp-content\/uploads\/2022\/11\/1_play_lotto_to_win-300x214.jpg 300w, https:\/\/jackpotlotteryonline.com\/wp-content\/uploads\/2022\/11\/1_play_lotto_to_win.jpg 320w\" sizes=\"auto, (max-width: 300px) 100vw, 300px\" \/>In pratica, i giocatori devono solo scegliere 6 numeri da un range compreso tra 1 e 49 e chi corrisponde ai risultati estratti vince il jackpot. C&#8217;\u00e8 anche una cifra bonus chiamata Super Numero. Questo viene scelto in modo casuale e viene utilizzato per determinare i vincitori di tre livelli, compreso il jackpot.<\/p>\n<p>L&#8217;importo del jackpot \u00e8 di un milione di euro garantito, ma se non c&#8217;\u00e8 nessun vincitore dopo le estrazioni, il jackpot viene arrotondato. Il jackpot del lotto tedesco pu\u00f2 arrivare fino a 14.000.000 di euro, una cifra a nostro avviso davvero impressionante.<\/p>\n<h2>Giocare su jackpotlottoonline.com<\/h2>\n<p>Quando si <a href=\"https:\/\/jackpotlotteryonline.com\/it\/comprare-biglietti\/lotto-germany\">acquista un biglietto da noi,<\/a> si entra effettivamente nel gioco del lotto. Non operiamo come alcuni siti di lotto online che si limitano a dare ai giocatori la possibilit\u00e0 di scommettere sul risultato. Se si scommette sul risultato, anche se si ottengono i numeri vincenti, non si vince il lotto.<\/p>\n<p>Siamo un sito di portineria che offre ai nostri clienti la possibilit\u00e0 di partecipare a lotterie di tutto il mondo. Quando si acquista un biglietto del lotto tedesco online, i nostri agenti nel paese acquisteranno un biglietto fisico. Il biglietto fisico del lotto tedesco avr\u00e0 gli stessi numeri che avete scelto. Poi lo scannerizzeremo sul vostro conto.<\/p>\n<p><strong>Per giocare al lotto con noi:<\/strong><\/p>\n<ul>\n<li>Scegliere 6 numeri su 49. \u00c8 anche possibile utilizzare il nostro generatore automatico per scegliere numeri casuali del lotto.<\/li>\n<li>Inserire le estrazioni. \u00c8 possibile inserire estrazioni singole o multiple.<\/li>\n<li>Scegliere con quante settimane di anticipo si vuole giocare (oppure si pu\u00f2 giocare una sola volta).<\/li>\n<li>Registrarsi per elaborare il pagamento (in modo da poter essere avvisati quando si vince al lotto).<\/li>\n<\/ul>\n<h2>Vincita al lotto tedesco (suddivisione dei premi)<\/h2>\n<p><img loading=\"lazy\" decoding=\"async\" class=\"alignright size-medium wp-image-28616\" src=\"https:\/\/jackpotlotteryonline.com\/wp-content\/uploads\/2022\/11\/1_online_lotto-300x128.jpg\" alt=\"Gioca al lotto tedesco\" width=\"300\" height=\"128\" srcset=\"https:\/\/jackpotlotteryonline.com\/wp-content\/uploads\/2022\/11\/1_online_lotto-300x128.jpg 300w, https:\/\/jackpotlotteryonline.com\/wp-content\/uploads\/2022\/11\/1_online_lotto.jpg 320w\" sizes=\"auto, (max-width: 300px) 100vw, 300px\" \/>Abbiamo gi\u00e0 detto che questo lotto europeo ha 9 diversi livelli di premio. Sono molti i premi che un giocatore pu\u00f2 vincere, il che spiega perch\u00e9 questo lotto \u00e8 cos\u00ec popolare nel continente. Le probabilit\u00e0 di vincere il jackpot sono di 1 su 139.838.160.<\/p>\n<p>Condivideremo la ripartizione dei premi per i diversi livelli di premio e le probabilit\u00e0 per ogni livello. Inoltre, includeremo il premio stimato per ogni sezione. I premi sono determinati dal montepremi complessivo del lotto, ma in base alle vincite passate \u00e8 possibile ottenere una cifra approssimativa.<\/p>\n<p>Livello 1: 6 + Super Numero &#8211; 12.585.434,40 \u20ac (jackpot) &#8211; 1:139.838.160<\/p>\n<p>Livello 2: solo 6 cifre &#8211; 1.003.509,30 \u20ac &#8211; 1:15.537.573<\/p>\n<p>Livello 3: 5 + Numero Super &#8211; 12.135,40 \u20ac &#8211; 1:524.008<\/p>\n<p>Livello 4: solo 5 cifre &#8211; 4.019,20 \u20ac &#8211; 1:60.223<\/p>\n<p>Livello 5: 4 + Numero Super &#8211; 191,10 \u20ac &#8211; 1:10.324<\/p>\n<p>Livello 6: solo 4 cifre &#8211; 50,30 euro &#8211; 1:1.147<\/p>\n<p>Livello 7: 3 + Numero Super &#8211; 21,20 euro &#8211; 1:567<\/p>\n<p>Livello 8: solo 3 cifre &#8211; 11,10 euro &#8211; 1:63<\/p>\n<p>Livello 9: 2 + Numero Super &#8211; 6 \u20ac &#8211; 1:76<\/p>\n<section class=\"layout\" style=\"border: solid 1px; width: 100%;\">\n<div class=\"img-div\" style=\"margin-top: 5px;\"><img decoding=\"async\" class=\"wp-image-17212 alignleft\" style=\"height: 45px; margin: 8px 8px 0px;\" src=\"https:\/\/jackpotlotteryonline.com\/wp-content\/uploads\/2022\/11\/read1.jpg\" alt=\"leggere\" width=\"\" height=\"\" \/><\/div>\n<div style=\"padding-left: 5px;\">\n<div style=\"font-size: 1.1em;\">\n<p><strong>La vostra lotteria nazionale a confronto internazionale<\/strong><\/p>\n<p style=\"font-size: 0.85em; margin-top: -1.5em;\">La vostra lotteria locale potrebbe essere la peggiore: perch\u00e9 ha pi\u00f9 senso pagare di pi\u00f9 ma puntare a jackpot pi\u00f9 grandi <a href=\"https:\/\/jackpotlotteryonline.com\/it\/la-tua-lotteria-nazionale-nel-confronto-internazionale\">Per saperne di pi\u00f9<\/a><\/p>\n<\/div>\n<\/div>\n<\/section>\n<h2>Controllare i numeri vincenti online<\/h2>\n<p>Cos\u00ec come giocare al lotto tedesco \u00e8 incredibilmente semplice, abbiamo semplificato anche il processo di verifica dei risultati. Se giocate a questo lotto, potete facilmente controllare i vostri numeri vincenti online. Controllate dopo ogni estrazione se avete vinto un premio. I risultati delle estrazioni vengono pubblicati proprio qui.<\/p>\n<p>Ma anche se vi dimenticate di controllare dopo le estrazioni, vi faremo sapere se avete vinto dei premi. Non solo vi avviseremo tramite il vostro account, ma vi invieremo anche un&#8217;e-mail.<\/p>\n<h2>Come richiedere il premio<\/h2>\n<p>Le estrazioni del lotto tedesco si svolgono una volta alla settimana, il mercoled\u00ec. Dopo le estrazioni, vengono annunciati i numeri vincenti. Vincere la lotteria significa semplicemente avere un biglietto che corrisponde ai risultati estratti.<\/p>\n<p>Se vincete un premio, potete facilmente reclamarlo ritirandolo dalla nostra piattaforma sul vostro conto. Proprio cos\u00ec. Qualsiasi premio inferiore a 2.500 euro pu\u00f2 essere ritirato direttamente sul vostro conto.<\/p>\n<p>Per importi superiori a 2.500 euro, potrebbe essere necessario compilare un modulo di richiesta di rimborso da parte della societ\u00e0 del lotto. Ma noi vi guideremo attraverso la procedura. Quindi, se non avete ancora acquistato il vostro biglietto del lotto tedesco, fatelo subito. E ricordate di controllare i numeri vincenti.<\/p>\n","protected":false},"excerpt":{"rendered":"<p>Risultati delle estrazioni del Lotto tedescoSe avete giocato al Lotto tedesco o volete provarci, controllare i numeri vincenti \u00e8 fondamentale. Vincere alla lotteria \u00e8 un&#8217;esperienza che cambia la vita. Conosciuta come 6 aus 49 o 6 su 49, \u00e8 una delle lotterie pi\u00f9 popolari in Europa. Con probabilit\u00e0 incredibili e premi in jackpot che cambiano [&hellip;]<\/p>\n","protected":false},"author":1,"featured_media":0,"parent":35836,"menu_order":8,"comment_status":"closed","ping_status":"closed","template":"lotto-german-results.php","meta":{"_et_pb_use_builder":"","_et_pb_old_content":"","_et_gb_content_width":"","exclude_from_search":false,"footnotes":""},"class_list":["post-40884","page","type-page","status-publish","hentry"],"yoast_head":"<!-- This site is optimized with the Yoast SEO plugin v23.3 - https:\/\/yoast.com\/wordpress\/plugins\/seo\/ -->\n<title>Numeri vincenti del Lotto tedesco e risultati dell&#039;estrazione<\/title>\n<meta name=\"description\" content=\"Elenchiamo qui tutti i numeri vincenti presenti e passati, i risultati delle estrazioni del lotto tedesco\" \/>\n<meta name=\"robots\" content=\"index, follow, max-snippet:-1, max-image-preview:large, max-video-preview:-1\" \/>\n<link rel=\"canonical\" href=\"https:\/\/jackpotlotteryonline.com\/it\/numeri-vincenti\/german-lotto\/\" \/>\n<meta property=\"og:locale\" content=\"it_IT\" \/>\n<meta property=\"og:type\" content=\"article\" \/>\n<meta property=\"og:title\" content=\"Numeri vincenti del Lotto tedesco e risultati dell&#039;estrazione\" \/>\n<meta property=\"og:description\" content=\"Elenchiamo qui tutti i numeri vincenti presenti e passati, i risultati delle estrazioni del lotto tedesco\" \/>\n<meta property=\"og:url\" content=\"https:\/\/jackpotlotteryonline.com\/it\/numeri-vincenti\/german-lotto\/\" \/>\n<meta property=\"og:site_name\" content=\"Lotto Online - Crack The International Lottery Jackpots\" \/>\n<meta property=\"article:modified_time\" content=\"2022-12-28T18:10:34+00:00\" \/>\n<meta property=\"og:image\" content=\"https:\/\/jackpotlotteryonline.com\/wp-content\/uploads\/2022\/11\/1_play_lotto_to_win-300x214.jpg\" \/>\n<meta name=\"twitter:card\" content=\"summary_large_image\" \/>\n<meta name=\"twitter:label1\" content=\"Tempo di lettura stimato\" \/>\n\t<meta name=\"twitter:data1\" content=\"4 minuti\" \/>\n<!-- \/ Yoast SEO plugin. -->","yoast_head_json":{"title":"Numeri vincenti del Lotto tedesco e risultati dell'estrazione","description":"Elenchiamo qui tutti i numeri vincenti presenti e passati, i risultati delle estrazioni del lotto tedesco","robots":{"index":"index","follow":"follow","max-snippet":"max-snippet:-1","max-image-preview":"max-image-preview:large","max-video-preview":"max-video-preview:-1"},"canonical":"https:\/\/jackpotlotteryonline.com\/it\/numeri-vincenti\/german-lotto\/","og_locale":"it_IT","og_type":"article","og_title":"Numeri vincenti del Lotto tedesco e risultati dell'estrazione","og_description":"Elenchiamo qui tutti i numeri vincenti presenti e passati, i risultati delle estrazioni del lotto tedesco","og_url":"https:\/\/jackpotlotteryonline.com\/it\/numeri-vincenti\/german-lotto\/","og_site_name":"Lotto Online - Crack The International Lottery Jackpots","article_modified_time":"2022-12-28T18:10:34+00:00","og_image":[{"url":"https:\/\/jackpotlotteryonline.com\/wp-content\/uploads\/2022\/11\/1_play_lotto_to_win-300x214.jpg"}],"twitter_card":"summary_large_image","twitter_misc":{"Tempo di lettura stimato":"4 minuti"},"schema":{"@context":"https:\/\/schema.org","@graph":[{"@type":"WebPage","@id":"https:\/\/jackpotlotteryonline.com\/it\/numeri-vincenti\/german-lotto\/","url":"https:\/\/jackpotlotteryonline.com\/it\/numeri-vincenti\/german-lotto\/","name":"Numeri vincenti del Lotto tedesco e risultati dell'estrazione","isPartOf":{"@id":"https:\/\/jackpotlotteryonline.com\/#website"},"primaryImageOfPage":{"@id":"https:\/\/jackpotlotteryonline.com\/it\/numeri-vincenti\/german-lotto\/#primaryimage"},"image":{"@id":"https:\/\/jackpotlotteryonline.com\/it\/numeri-vincenti\/german-lotto\/#primaryimage"},"thumbnailUrl":"https:\/\/jackpotlotteryonline.com\/wp-content\/uploads\/2022\/11\/1_play_lotto_to_win-300x214.jpg","datePublished":"2022-12-07T08:26:41+00:00","dateModified":"2022-12-28T18:10:34+00:00","description":"Elenchiamo qui tutti i numeri vincenti presenti e passati, i risultati delle estrazioni del lotto tedesco","breadcrumb":{"@id":"https:\/\/jackpotlotteryonline.com\/it\/numeri-vincenti\/german-lotto\/#breadcrumb"},"inLanguage":"it-IT","potentialAction":[{"@type":"ReadAction","target":["https:\/\/jackpotlotteryonline.com\/it\/numeri-vincenti\/german-lotto\/"]}]},{"@type":"ImageObject","inLanguage":"it-IT","@id":"https:\/\/jackpotlotteryonline.com\/it\/numeri-vincenti\/german-lotto\/#primaryimage","url":"https:\/\/jackpotlotteryonline.com\/wp-content\/uploads\/2022\/11\/1_play_lotto_to_win-300x214.jpg","contentUrl":"https:\/\/jackpotlotteryonline.com\/wp-content\/uploads\/2022\/11\/1_play_lotto_to_win-300x214.jpg"},{"@type":"BreadcrumbList","@id":"https:\/\/jackpotlotteryonline.com\/it\/numeri-vincenti\/german-lotto\/#breadcrumb","itemListElement":[{"@type":"ListItem","position":1,"name":"Home","item":"https:\/\/jackpotlotteryonline.com\/it\/"},{"@type":"ListItem","position":2,"name":"Risultati della lotteria","item":"https:\/\/jackpotlotteryonline.com\/winning-numbers\/"},{"@type":"ListItem","position":3,"name":"Risultati dell&#8217;estrazione del Lotto in Germania"}]},{"@type":"WebSite","@id":"https:\/\/jackpotlotteryonline.com\/#website","url":"https:\/\/jackpotlotteryonline.com\/","name":"Lotto Online - Crack The International Lottery Jackpots","description":"","potentialAction":[{"@type":"SearchAction","target":{"@type":"EntryPoint","urlTemplate":"https:\/\/jackpotlotteryonline.com\/?s={search_term_string}"},"query-input":"required name=search_term_string"}],"inLanguage":"it-IT"}]}},"_links":{"self":[{"href":"https:\/\/jackpotlotteryonline.com\/it\/wp-json\/wp\/v2\/pages\/40884","targetHints":{"allow":["GET"]}}],"collection":[{"href":"https:\/\/jackpotlotteryonline.com\/it\/wp-json\/wp\/v2\/pages"}],"about":[{"href":"https:\/\/jackpotlotteryonline.com\/it\/wp-json\/wp\/v2\/types\/page"}],"author":[{"embeddable":true,"href":"https:\/\/jackpotlotteryonline.com\/it\/wp-json\/wp\/v2\/users\/1"}],"replies":[{"embeddable":true,"href":"https:\/\/jackpotlotteryonline.com\/it\/wp-json\/wp\/v2\/comments?post=40884"}],"version-history":[{"count":0,"href":"https:\/\/jackpotlotteryonline.com\/it\/wp-json\/wp\/v2\/pages\/40884\/revisions"}],"up":[{"embeddable":true,"href":"https:\/\/jackpotlotteryonline.com\/it\/wp-json\/wp\/v2\/pages\/35836"}],"wp:attachment":[{"href":"https:\/\/jackpotlotteryonline.com\/it\/wp-json\/wp\/v2\/media?parent=40884"}],"curies":[{"name":"wp","href":"https:\/\/api.w.org\/{rel}","templated":true}]}}