{"id":40939,"date":"2022-12-07T10:31:22","date_gmt":"2022-12-07T10:31:22","guid":{"rendered":"https:\/\/jackpotlotteryonline.com\/?page_id=40939"},"modified":"2022-12-28T20:57:30","modified_gmt":"2022-12-28T20:57:30","slug":"france-lotto-2","status":"publish","type":"page","link":"https:\/\/jackpotlotteryonline.com\/it\/numeri-vincenti\/france-lotto-2\/","title":{"rendered":"Risultati dell&#8217;estrazione del Lotto in Francia"},"content":{"rendered":"<p>France Lotto \u00e8 un lotto europeo che produce vincitori tre volte alla settimana. \u00c8 stato lanciato nel 1976 e i giorni di estrazione sono il luned\u00ec, il mercoled\u00ec e il sabato. I numeri vincenti del France Lotto vengono annunciati in questi giorni. I vincitori di tutto il mondo possono partecipare al France Lotto acquistando i biglietti online.<\/p>\n<h2>Perch\u00e9 controllare i numeri vincenti<\/h2>\n<p>In genere, la societ\u00e0 France Lotto non conosce l&#8217;identit\u00e0 di tutti coloro che hanno acquistato i biglietti. Pertanto, non ha modo di contattare i biglietti vincenti del lotto. Per questo motivo \u00e8 necessario controllare costantemente il proprio biglietto con i numeri estratti per scoprire se si \u00e8 vinto.<\/p>\n<p>Inoltre, France Lotto ha 10 divisioni di premi. \u00c8 possibile che un giocatore non abbia vinto il jackpot, ma abbia vinto altri premi.<\/p>\n<h2>Modi per controllare i risultati di vincita del France Lotto<\/h2>\n<p><img loading=\"lazy\" decoding=\"async\" class=\"alignright wp-image-31748\" src=\"https:\/\/jackpotlotteryonline.com\/wp-content\/uploads\/2022\/11\/rf_results_page-300x225.jpg\" alt=\"Risultati vincenti del Lotto Francia\" width=\"244\" height=\"183\" srcset=\"https:\/\/jackpotlotteryonline.com\/wp-content\/uploads\/2022\/11\/rf_results_page-300x225.jpg 300w, https:\/\/jackpotlotteryonline.com\/wp-content\/uploads\/2022\/11\/rf_results_page-600x449.jpg 600w, https:\/\/jackpotlotteryonline.com\/wp-content\/uploads\/2022\/11\/rf_results_page-768x575.jpg 768w, https:\/\/jackpotlotteryonline.com\/wp-content\/uploads\/2022\/11\/rf_results_page.jpg 801w\" sizes=\"auto, (max-width: 244px) 100vw, 244px\" \/>Esistono diversi modi per controllare i risultati delle estrazioni del France Lotto. Questo \u00e8 essenziale per scoprire il biglietto vincente del jackpot. Ricordate che vince chi corrisponde alle cifre estratte. Se acquistate i biglietti del France Lotto, potete controllare i risultati dell&#8217;estrazione in uno dei seguenti modi:<\/p>\n<h3>Guardare l&#8217;estrazione in diretta TV<\/h3>\n<p>Si tratta di un&#8217;operazione davvero emozionante, perch\u00e9 i numeri vengono chiamati e si pu\u00f2 scoprire immediatamente se si \u00e8 vinto. Il problema \u00e8 che per assistere alle estrazioni in diretta del France Lotto \u00e8 necessario risiedere in Francia.<\/p>\n<section class=\"layout\" style=\"border: solid 1px; width: 100%;\">\n<div class=\"img-div\" style=\"margin-top: 5px;\"><img decoding=\"async\" class=\"wp-image-17212 alignleft\" style=\"height: 45px; margin: 8px 8px 0px;\" src=\"https:\/\/jackpotlotteryonline.com\/wp-content\/uploads\/2022\/11\/read1.jpg\" alt=\"leggere\" width=\"\" height=\"\" \/><\/div>\n<div style=\"padding-left: 5px;\">\n<div style=\"font-size: 1.1em;\">\n<p><strong>Non perdete gli orari di estrazione dei pi\u00f9 grandi jackpot della lotteria mondiale<\/strong><\/p>\n<p style=\"font-size: 0.85em; margin-top: -1.5em;\">Un elenco degli orari di estrazione delle lotterie internazionali\u00a0<a href=\"https:\/\/jackpotlotteryonline.com\/it\/quando-sono-gli-orari-di-estrazione-delle-lotterie-internazionali-2\"> Per saperne di pi\u00f9<\/a><\/p>\n<\/div>\n<\/div>\n<\/section>\n<h3>Visitare i siti di notizie<\/h3>\n<p>Un altro modo per controllare i risultati delle estrazioni \u00e8 quello di consultare i siti di notizie. Diversi siti di notizie pubblicano le combinazioni vincenti sulle loro pagine. Questo vale soprattutto per i siti di notizie europei. Se si vince il jackpot, questa \u00e8 un&#8217;ottima opzione. Tuttavia, ci sono molte altre divisioni di premi che un giocatore pu\u00f2 vincere. Purtroppo, questi siti di solito non pubblicano le combinazioni vincenti per queste divisioni. Quindi, se si vince un premio di seconda categoria, ad esempio, si rischia di perderlo.<\/p>\n<h3>Controllare jackpotlotteryonline.com<\/h3>\n<p>Quando vi registrate con noi, potete facilmente controllare i numeri vincenti del France Lotto. Dopo ogni estrazione, pubblichiamo i risultati proprio qui sulla nostra pagina. Inoltre, in caso di vincita di un premio, vi informeremo immediatamente, indipendentemente dalla divisione del premio che avete vinto. Inoltre, \u00e8 possibile prelevare le vincite del lotto direttamente dal nostro sito sul proprio conto.<\/p>\n<h2>Vantaggi del gioco online<\/h2>\n<p>La possibilit\u00e0 di controllare comodamente i risultati delle estrazioni \u00e8 solo uno dei vantaggi di <a href=\"https:\/\/jackpotlotteryonline.com\/it\/come-giocare\/france-lotto\">giocare al lotto online<\/a>. Ma dobbiamo convenire che si tratta di un vantaggio enorme. Ecco alcuni vantaggi in breve:<\/p>\n<ul>\n<li>Accesso alle principali lotterie internazionali da qualsiasi luogo<\/li>\n<li>La comodit\u00e0 di giocare dal proprio computer o dispositivo mobile<\/li>\n<li>Programmare facilmente diverse estrazioni in anticipo<\/li>\n<li>Controllare comodamente i risultati delle estrazioni<\/li>\n<li>Prelevare le vincite direttamente sul proprio conto corrente<\/li>\n<\/ul>\n<h2>Combinazioni vincenti del France Lotto<\/h2>\n<p>Scegliere la giusta combinazione per il vostro biglietto del lotto Francia pu\u00f2 essere piuttosto complicato. Molti giocatori hanno diversi consigli da utilizzare per aumentare le loro possibilit\u00e0 di vincere alla lotteria. Quello che possiamo dirvi \u00e8 che non esiste un metodo garantito per vincere alla lotteria. \u00c8 una questione di fortuna. Tuttavia, possiamo condividere alcune strategie che i giocatori utilizzano per scegliere le cifre vincenti.<\/p>\n<p>Alcuni giocatori amano analizzare le combinazioni vincenti del passato per trovare i numeri che si ripetono regolarmente o raramente. Sono in grado di identificare uno schema e di utilizzarlo per creare una strategia di gioco al lotto. \u00c8 difficile dire se funzioni o meno.<\/p>\n<p>Altri giocatori scelgono di giocare frequentemente acquistando pi\u00f9 biglietti e partecipando a pi\u00f9 estrazioni. La logica \u00e8 che pi\u00f9 volte si gioca alla lotteria, pi\u00f9 alte sono le probabilit\u00e0 di vincita. \u00c8 interessante notare che la maggior parte dei vincitori ha giocato per anni prima di vincere la lotteria. Tuttavia, c&#8217;\u00e8 chi ha vinto la prima volta che ha giocato.<\/p>\n<h2>Conclusione<\/h2>\n<p>In conclusione, il lotto francese \u00e8 un gioco d&#8217;azzardo. Potete <a href=\"https:\/\/jackpotlotteryonline.com\/it\/comprare-biglietti\/lotto-france\">acquistare i biglietti del lotto Francia<\/a> e controllare le combinazioni vincenti proprio qui, su jackpotlotteryonline.com.<\/p>\n","protected":false},"excerpt":{"rendered":"<p>France Lotto \u00e8 un lotto europeo che produce vincitori tre volte alla settimana. \u00c8 stato lanciato nel 1976 e i giorni di estrazione sono il luned\u00ec, il mercoled\u00ec e il sabato. I numeri vincenti del France Lotto vengono annunciati in questi giorni. I vincitori di tutto il mondo possono partecipare al France Lotto acquistando i [&hellip;]<\/p>\n","protected":false},"author":1,"featured_media":0,"parent":35836,"menu_order":9,"comment_status":"closed","ping_status":"closed","template":"lotto-fr-results.php","meta":{"_et_pb_use_builder":"","_et_pb_old_content":"","_et_gb_content_width":"","exclude_from_search":false,"footnotes":""},"class_list":["post-40939","page","type-page","status-publish","hentry"],"yoast_head":"<!-- This site is optimized with the Yoast SEO plugin v23.3 - https:\/\/yoast.com\/wordpress\/plugins\/seo\/ -->\n<title>Numeri vincenti e risultati delle estrazioni del France Lotto<\/title>\n<meta name=\"description\" content=\"Volete conoscere i numeri vincenti e i risultati delle estrazioni del lotto francese? Consulta la nostra pagina dei risultati del Lotto France e il nostro archivio\" \/>\n<meta name=\"robots\" content=\"index, follow, max-snippet:-1, max-image-preview:large, max-video-preview:-1\" \/>\n<link rel=\"canonical\" href=\"https:\/\/jackpotlotteryonline.com\/it\/numeri-vincenti\/france-lotto-2\/\" \/>\n<meta property=\"og:locale\" content=\"it_IT\" \/>\n<meta property=\"og:type\" content=\"article\" \/>\n<meta property=\"og:title\" content=\"Numeri vincenti e risultati delle estrazioni del France Lotto\" \/>\n<meta property=\"og:description\" content=\"Volete conoscere i numeri vincenti e i risultati delle estrazioni del lotto francese? Consulta la nostra pagina dei risultati del Lotto France e il nostro archivio\" \/>\n<meta property=\"og:url\" content=\"https:\/\/jackpotlotteryonline.com\/it\/numeri-vincenti\/france-lotto-2\/\" \/>\n<meta property=\"og:site_name\" content=\"Lotto Online - Crack The International Lottery Jackpots\" \/>\n<meta property=\"article:modified_time\" content=\"2022-12-28T20:57:30+00:00\" \/>\n<meta property=\"og:image\" content=\"https:\/\/jackpotlotteryonline.com\/wp-content\/uploads\/2022\/11\/rf_results_page-300x225.jpg\" \/>\n<meta name=\"twitter:card\" content=\"summary_large_image\" \/>\n<meta name=\"twitter:label1\" content=\"Tempo di lettura stimato\" \/>\n\t<meta name=\"twitter:data1\" content=\"4 minuti\" \/>\n<!-- \/ Yoast SEO plugin. -->","yoast_head_json":{"title":"Numeri vincenti e risultati delle estrazioni del France Lotto","description":"Volete conoscere i numeri vincenti e i risultati delle estrazioni del lotto francese? Consulta la nostra pagina dei risultati del Lotto France e il nostro archivio","robots":{"index":"index","follow":"follow","max-snippet":"max-snippet:-1","max-image-preview":"max-image-preview:large","max-video-preview":"max-video-preview:-1"},"canonical":"https:\/\/jackpotlotteryonline.com\/it\/numeri-vincenti\/france-lotto-2\/","og_locale":"it_IT","og_type":"article","og_title":"Numeri vincenti e risultati delle estrazioni del France Lotto","og_description":"Volete conoscere i numeri vincenti e i risultati delle estrazioni del lotto francese? Consulta la nostra pagina dei risultati del Lotto France e il nostro archivio","og_url":"https:\/\/jackpotlotteryonline.com\/it\/numeri-vincenti\/france-lotto-2\/","og_site_name":"Lotto Online - Crack The International Lottery Jackpots","article_modified_time":"2022-12-28T20:57:30+00:00","og_image":[{"url":"https:\/\/jackpotlotteryonline.com\/wp-content\/uploads\/2022\/11\/rf_results_page-300x225.jpg"}],"twitter_card":"summary_large_image","twitter_misc":{"Tempo di lettura stimato":"4 minuti"},"schema":{"@context":"https:\/\/schema.org","@graph":[{"@type":"WebPage","@id":"https:\/\/jackpotlotteryonline.com\/it\/numeri-vincenti\/france-lotto-2\/","url":"https:\/\/jackpotlotteryonline.com\/it\/numeri-vincenti\/france-lotto-2\/","name":"Numeri vincenti e risultati delle estrazioni del France Lotto","isPartOf":{"@id":"https:\/\/jackpotlotteryonline.com\/#website"},"primaryImageOfPage":{"@id":"https:\/\/jackpotlotteryonline.com\/it\/numeri-vincenti\/france-lotto-2\/#primaryimage"},"image":{"@id":"https:\/\/jackpotlotteryonline.com\/it\/numeri-vincenti\/france-lotto-2\/#primaryimage"},"thumbnailUrl":"https:\/\/jackpotlotteryonline.com\/wp-content\/uploads\/2022\/11\/rf_results_page-300x225.jpg","datePublished":"2022-12-07T10:31:22+00:00","dateModified":"2022-12-28T20:57:30+00:00","description":"Volete conoscere i numeri vincenti e i risultati delle estrazioni del lotto francese? Consulta la nostra pagina dei risultati del Lotto France e il nostro archivio","breadcrumb":{"@id":"https:\/\/jackpotlotteryonline.com\/it\/numeri-vincenti\/france-lotto-2\/#breadcrumb"},"inLanguage":"it-IT","potentialAction":[{"@type":"ReadAction","target":["https:\/\/jackpotlotteryonline.com\/it\/numeri-vincenti\/france-lotto-2\/"]}]},{"@type":"ImageObject","inLanguage":"it-IT","@id":"https:\/\/jackpotlotteryonline.com\/it\/numeri-vincenti\/france-lotto-2\/#primaryimage","url":"https:\/\/jackpotlotteryonline.com\/wp-content\/uploads\/2022\/11\/rf_results_page-300x225.jpg","contentUrl":"https:\/\/jackpotlotteryonline.com\/wp-content\/uploads\/2022\/11\/rf_results_page-300x225.jpg"},{"@type":"BreadcrumbList","@id":"https:\/\/jackpotlotteryonline.com\/it\/numeri-vincenti\/france-lotto-2\/#breadcrumb","itemListElement":[{"@type":"ListItem","position":1,"name":"Home","item":"https:\/\/jackpotlotteryonline.com\/it\/"},{"@type":"ListItem","position":2,"name":"Risultati della lotteria","item":"https:\/\/jackpotlotteryonline.com\/winning-numbers\/"},{"@type":"ListItem","position":3,"name":"Risultati dell&#8217;estrazione del Lotto in Francia"}]},{"@type":"WebSite","@id":"https:\/\/jackpotlotteryonline.com\/#website","url":"https:\/\/jackpotlotteryonline.com\/","name":"Lotto Online - Crack The International Lottery Jackpots","description":"","potentialAction":[{"@type":"SearchAction","target":{"@type":"EntryPoint","urlTemplate":"https:\/\/jackpotlotteryonline.com\/?s={search_term_string}"},"query-input":"required name=search_term_string"}],"inLanguage":"it-IT"}]}},"_links":{"self":[{"href":"https:\/\/jackpotlotteryonline.com\/it\/wp-json\/wp\/v2\/pages\/40939","targetHints":{"allow":["GET"]}}],"collection":[{"href":"https:\/\/jackpotlotteryonline.com\/it\/wp-json\/wp\/v2\/pages"}],"about":[{"href":"https:\/\/jackpotlotteryonline.com\/it\/wp-json\/wp\/v2\/types\/page"}],"author":[{"embeddable":true,"href":"https:\/\/jackpotlotteryonline.com\/it\/wp-json\/wp\/v2\/users\/1"}],"replies":[{"embeddable":true,"href":"https:\/\/jackpotlotteryonline.com\/it\/wp-json\/wp\/v2\/comments?post=40939"}],"version-history":[{"count":0,"href":"https:\/\/jackpotlotteryonline.com\/it\/wp-json\/wp\/v2\/pages\/40939\/revisions"}],"up":[{"embeddable":true,"href":"https:\/\/jackpotlotteryonline.com\/it\/wp-json\/wp\/v2\/pages\/35836"}],"wp:attachment":[{"href":"https:\/\/jackpotlotteryonline.com\/it\/wp-json\/wp\/v2\/media?parent=40939"}],"curies":[{"name":"wp","href":"https:\/\/api.w.org\/{rel}","templated":true}]}}