{"id":40994,"date":"2022-12-07T12:21:15","date_gmt":"2022-12-07T12:21:15","guid":{"rendered":"https:\/\/jackpotlotteryonline.com\/?page_id=40994"},"modified":"2023-01-03T09:18:58","modified_gmt":"2023-01-03T09:18:58","slug":"uk-lottery","status":"publish","type":"page","link":"https:\/\/jackpotlotteryonline.com\/it\/come-giocare\/uk-lottery\/","title":{"rendered":"Giocare alla lotteria del Regno Unito da qualsiasi luogo"},"content":{"rendered":"<p>La lotteria del Regno Unito \u00e8 un gioco di lotteria che si gioca nel Regno Unito. Questo paese ospita molti giochi della lotteria, tra cui il gioco Set for Life, che \u00e8 una rendita. Ma non siamo qui per parlare di Set for Life. Si tratta di un gioco che i giocatori giocano per divertimento e che ora \u00e8 possibile giocare online. Sebbene sia noto per aver reso milionari di tanto in tanto, le vincite non sono molto generose. Soprattutto perch\u00e9 le vincite dipendono dal montepremi della lotteria.<\/p>\n<p>Sul nostro sito \u00e8 possibile giocare a questa e ad altre importanti lotterie internazionali online. Visitate semplicemente jackpotlotteryonline.com e registratevi con noi per avere la possibilit\u00e0 di vincere alla grande.<\/p>\n<h2>Come giocare alla lotteria del Regno Unito<\/h2>\n<p><img loading=\"lazy\" decoding=\"async\" class=\"alignright size-full wp-image-31370\" src=\"http:\/\/jackpotlotteryonline.com\/wp-content\/uploads\/2022\/11\/lotteryticket.jpg\" alt=\"Gioca alla lotteria del Regno Unito\" width=\"212\" height=\"142\" \/>Questo gioco \u00e8 molto simile alle altre lotterie. Le regole del gioco prevedono che il giocatore debba scegliere 6 numeri da una rosa di numeri da 1 a 49. C&#8217;\u00e8 anche un numero bonus che viene scelto durante le estrazioni. Questo viene utilizzato per determinare i vincitori delle altre categorie di premi. Il numero bonus viene scelto a caso durante le estrazioni e non dai giocatori.<\/p>\n<p>Ad essere sinceri, non siamo fan della lotteria britannica a causa delle basse vincite. Anche se si indovinano i numeri estratti, non possiamo garantire quanto si porter\u00e0 a casa.<\/p>\n<p>Perch\u00e9 non visitare il nostro sito per giocare ad altre lotterie come la Powerball e la Mega Millions statunitensi. In queste lotterie, il jackpot minimo \u00e8 di 40 milioni di dollari. Ci sono anche altre lotterie europee a cui potete giocare, come Euromillions ed Eurojackpot. Il nostro sogno per i nostri clienti \u00e8 che vincano molto.<\/p>\n<h2>Come partecipare alla lotteria online del Regno Unito<\/h2>\n<p>Giocare online \u00e8 un po&#8217; diverso dall&#8217;utilizzare un distributore fisico. Questa differenza non \u00e8 negativa. Anzi, rende il gioco della lotteria super conveniente. Seguite questi passaggi per giocare alla lotteria del Regno Unito sul nostro sito.<\/p>\n<ol>\n<li>Visitare la pagina della lotteria del Regno Unito<\/li>\n<li>Scegliete 6 numeri da 1 a 49 (se non siete sicuri di quali numeri usare, provate il generatore automatico di numeri).<\/li>\n<li><a href=\"https:\/\/jackpotlotteryonline.com\/it\/comprare-biglietti\/uk-lottery\">Acquistare linee di numeri aggiuntive<\/a> per avere maggiori possibilit\u00e0 di vincita<\/li>\n<li>Partecipare alle estrazioni (\u00e8 possibile partecipare a pi\u00f9 di un&#8217;estrazione)<\/li>\n<li>Registrarsi e pagare le iscrizioni.<\/li>\n<\/ol>\n<section class=\"layout\" style=\"border: solid 1px; width: 100%;\">\n<div class=\"img-div\" style=\"margin-top: 5px;\"><img decoding=\"async\" class=\"wp-image-17212 alignleft\" style=\"height: 45px; margin: 8px 8px 0px;\" src=\"http:\/\/jackpotlotteryonline.com\/wp-content\/uploads\/2022\/11\/read1.jpg\" alt=\"leggere\" width=\"\" height=\"\" \/><\/div>\n<div style=\"padding-left: 5px;\">\n<div style=\"font-size: 1.1em;\">\n<p><strong>Suggerimenti per la lotteria<\/strong><\/p>\n<p style=\"font-size: 0.85em; margin-top: -1.5em;\">Consigli che aiutano a vincere alla lotteria <a href=\"https:\/\/jackpotlotteryonline.com\/it\/consigli-che-aiutano-a-vincere-alla-lotteria\">Per saperne di pi\u00f9<\/a><\/p>\n<\/div>\n<\/div>\n<\/section>\n<h2>Controllare le estrazioni della lotteria<\/h2>\n<p><a href=\"https:\/\/jackpotlotteryonline.com\/it\/numeri-vincenti\/uk-lottery\">La lotteria britannica ha due giorni di estrazione a settimana<\/a>, mercoled\u00ec e sabato. \u00c8 possibile partecipare a pi\u00f9 estrazioni per aumentare le possibilit\u00e0 di vincere alla lotteria britannica. Inoltre, \u00e8 possibile partecipare facilmente alle estrazioni con diverse settimane di anticipo utilizzando il nostro servizio di abbonamento.<\/p>\n<p>Il biglietto vincente viene annunciato durante le estrazioni. Per vincere il jackpot \u00e8 sufficiente indovinare i 6 numeri estratti. I premi del jackpot della lotteria britannica partono da 2 milioni di sterline e possono essere rinnovati se non c&#8217;\u00e8 nessun vincitore dopo un&#8217;estrazione. Dato che il montepremi viene arrotolato dopo ogni estrazione (se non c&#8217;\u00e8 un vincitore), pu\u00f2 superare di poco la soglia dei 2 milioni di sterline.<\/p>\n<p>Dopo ogni estrazione, potete consultare il nostro sito per scoprire se avete vinto un premio. La lotteria del Regno Unito prevede 6 diverse categorie di premi e, in caso di vincita, vi invieremo un&#8217;e-mail di avviso.<\/p>\n<h2>Che cos&#8217;\u00e8 il servizio di abbonamento?<\/h2>\n<p><img loading=\"lazy\" decoding=\"async\" class=\"alignright wp-image-28427\" src=\"http:\/\/jackpotlotteryonline.com\/wp-content\/uploads\/2022\/11\/1_mega_win-300x279.jpg\" alt=\"vincere la lotteria del Regno Unito\" width=\"237\" height=\"220\" srcset=\"https:\/\/jackpotlotteryonline.com\/wp-content\/uploads\/2022\/11\/1_mega_win-300x279.jpg 300w, https:\/\/jackpotlotteryonline.com\/wp-content\/uploads\/2022\/11\/1_mega_win.jpg 320w\" sizes=\"auto, (max-width: 237px) 100vw, 237px\" \/>Se si utilizza un sito come il nostro, c&#8217;\u00e8 quello che chiamiamo servizio di abbonamento per consentire ai giocatori di giocare senza problemi e senza stress. Anche se va benissimo essere un giocatore occasionale (se \u00e8 questo che preferite), la maggior parte dei giocatori gioca spesso. Il modo migliore per giocare e vincere alla lotteria del Regno Unito \u00e8 quello di giocare regolarmente, e questo \u00e8 l&#8217;obiettivo di questo servizio.<\/p>\n<p>\u00c8 possibile impostare il servizio in modo da essere iscritti automaticamente alle estrazioni future. La lotteria britannica prevede 2 estrazioni settimanali: Mercoled\u00ec e Sabato. Siamo onesti, pu\u00f2 diventare un po&#8217; faticoso ricordarsi di giocare e partecipare a ogni estrazione, ma \u00e8 per questo che siamo qui.<\/p>\n<p>Una volta impostato il servizio di abbonamento, potrete rilassarvi e sapere che non dovrete perdere nessuna estrazione della lotteria del Regno Unito.<\/p>\n<h2>I premi<\/h2>\n<p>Abbiamo detto che i premi di questa lotteria dipendono dal fondo della lotteria. Possiamo quindi condividere solo i premi di una determinata estrazione. Si noti che se ci sono pi\u00f9 vincitori, il premio sar\u00e0 diviso tra loro.<\/p>\n<p>Divisione 1: Partita 6 &#8211; \u00a3 2.000.000 (jackpot)<\/p>\n<p>Divisione 2: Partita 5 + Bonus &#8211; 1.000.000 di sterline<\/p>\n<p>Divisione 3: Partita 5 &#8211; \u00a31.750<\/p>\n<p>Divisione 4: Partita 4 &#8211; \u00a3140<\/p>\n<p>Divisione 5: Partita 3 &#8211; \u00a330<\/p>\n<p>Divisione 6: Partita 2 &#8211; Lotto gratuito fortunato<\/p>\n<p>Anche se si vincono questi premi, l&#8217;importo indicato non \u00e8 quello che si ricever\u00e0 come vincita. Questo perch\u00e9 circa il 45% dei fondi della lotteria \u00e8 destinato ai premi in denaro. Quindi l&#8217;importo potrebbe essere inferiore o superiore, a seconda di quello che c&#8217;\u00e8 nel fondo.<\/p>\n<h2>Come richiedere la vincita<\/h2>\n<p>Se siete registrati con noi, richiedere la vostra vincita \u00e8 facile e immediato. Se la vostra vincita \u00e8 pari o inferiore a 2.500 euro, potete accedervi proprio qui sul nostro sito. Infatti, la societ\u00e0 della lotteria pagher\u00e0 la vincita direttamente sul nostro sito e voi potrete ritirarla sul vostro conto.<\/p>\n<p>Se la vincita \u00e8 superiore a 2.500 euro, dovrete richiederla direttamente alla societ\u00e0 della lotteria. Vi aiuteremo a farlo fornendovi un modulo di reclamo da compilare, quindi non c&#8217;\u00e8 da preoccuparsi.<\/p>\n<p><strong>La societ\u00e0 della lotteria ha alcune regole per quanto riguarda la riscossione delle vincite.<\/strong><\/p>\n<ul>\n<li>Per giocare alla lotteria \u00e8 necessario avere pi\u00f9 di 18 anni.<\/li>\n<li>Le vincite devono essere reclamate entro 180 giorni dall&#8217;estrazione. L&#8217;unica eccezione \u00e8 se avete iniziato la procedura entro 7 giorni.<\/li>\n<li>I giochi a vincita istantanea devono essere reclamati entro 180 giorni dall&#8217;acquisto del gioco a vincita istantanea.<\/li>\n<li>Anche i gratta e vinci devono essere reclamati entro 180 giorni dall&#8217;acquisto del gratta e vinci.<\/li>\n<\/ul>\n<h2>Informazioni sui nostri servizi di concierge<\/h2>\n<p>Vogliamo spiegare brevemente cosa facciamo e perch\u00e9 gestiamo un servizio di concierge. Esistono diversi siti di lotterie online che affermano di offrire ai giocatori l&#8217;accesso alle lotterie di tutto il mondo. Ma in realt\u00e0 permettono di scommettere sul risultato. Noi non lo facciamo. Noi diamo ai giocatori la possibilit\u00e0 di giocare alle migliori lotterie internazionali.<\/p>\n<p>Quando giocate alla lotteria del Regno Unito sul nostro sito, ecco cosa succede. Una volta scelti i numeri ed effettuato il pagamento, il nostro agente negli Stati Uniti acquister\u00e0 un biglietto fisico utilizzando i vostri numeri. Naturalmente, si tratta di un biglietto per l&#8217;estrazione scelta. Il biglietto viene poi scansionato e caricato sul vostro conto.<\/p>\n<p>Questo \u00e8 un modo perfettamente legale di giocare alla lotteria online del Regno Unito da qualsiasi parte del mondo. Inoltre, garantisce che siate veramente iscritti alla lotteria di vostra scelta. Inoltre, pubblichiamo i risultati dell&#8217;estrazione proprio qui sul nostro sito e vi informiamo in caso di vincita. Siamo un servizio di portineria perch\u00e9 ci occupiamo di tutti i piccoli dettagli fastidiosi per voi, in modo che possiate godervi la vostra esperienza alla lotteria.<\/p>\n<h2>Registratevi con noi per giocare alle migliori lotterie internazionali online<\/h2>\n<p>Nel Regno Unito ci sono molte lotterie che si possono giocare online. Se volete provare la lotteria, potete farlo. Ma se avete bisogno di una scelta pi\u00f9 ampia, perch\u00e9 non provare la lotteria Set for Life, che \u00e8 una rendita? Oppure potete giocare alla lotteria Eurojackpot e all&#8217;Euromillions. Potete trovare tutte queste lotterie online proprio qui sul nostro sito. Registratevi ora per avere la possibilit\u00e0 di vincere molto.<\/p>\n","protected":false},"excerpt":{"rendered":"<p>La lotteria del Regno Unito \u00e8 un gioco di lotteria che si gioca nel Regno Unito. Questo paese ospita molti giochi della lotteria, tra cui il gioco Set for Life, che \u00e8 una rendita. Ma non siamo qui per parlare di Set for Life. Si tratta di un gioco che i giocatori giocano per divertimento [&hellip;]<\/p>\n","protected":false},"author":1,"featured_media":0,"parent":35700,"menu_order":10,"comment_status":"closed","ping_status":"closed","template":"lotto-uk.php","meta":{"_et_pb_use_builder":"","_et_pb_old_content":"","_et_gb_content_width":"","exclude_from_search":false,"footnotes":""},"class_list":["post-40994","page","type-page","status-publish","hentry"],"yoast_head":"<!-- This site is optimized with the Yoast SEO plugin v23.3 - https:\/\/yoast.com\/wordpress\/plugins\/seo\/ -->\n<title>Giocate alla Lotteria del Regno Unito online, anche se non vivete nel Regno Unito.<\/title>\n<meta name=\"description\" content=\"Volete giocare alla lotteria del Regno Unito, ma non vivete nel Regno Unito? Nessun problema, potete utilizzare il nostro servizio online per giocare a questa lotteria da qualsiasi luogo.\" \/>\n<meta name=\"robots\" content=\"index, follow, max-snippet:-1, max-image-preview:large, max-video-preview:-1\" \/>\n<link rel=\"canonical\" href=\"https:\/\/jackpotlotteryonline.com\/it\/come-giocare\/uk-lottery\/\" \/>\n<meta property=\"og:locale\" content=\"it_IT\" \/>\n<meta property=\"og:type\" content=\"article\" \/>\n<meta property=\"og:title\" content=\"Giocate alla Lotteria del Regno Unito online, anche se non vivete nel Regno Unito.\" \/>\n<meta property=\"og:description\" content=\"Volete giocare alla lotteria del Regno Unito, ma non vivete nel Regno Unito? Nessun problema, potete utilizzare il nostro servizio online per giocare a questa lotteria da qualsiasi luogo.\" \/>\n<meta property=\"og:url\" content=\"https:\/\/jackpotlotteryonline.com\/it\/come-giocare\/uk-lottery\/\" \/>\n<meta property=\"og:site_name\" content=\"Lotto Online - Crack The International Lottery Jackpots\" \/>\n<meta property=\"article:modified_time\" content=\"2023-01-03T09:18:58+00:00\" \/>\n<meta property=\"og:image\" content=\"http:\/\/jackpotlotteryonline.com\/wp-content\/uploads\/2022\/11\/lotteryticket.jpg\" \/>\n<meta name=\"twitter:card\" content=\"summary_large_image\" \/>\n<meta name=\"twitter:label1\" content=\"Tempo di lettura stimato\" \/>\n\t<meta name=\"twitter:data1\" content=\"7 minuti\" \/>\n<!-- \/ Yoast SEO plugin. -->","yoast_head_json":{"title":"Giocate alla Lotteria del Regno Unito online, anche se non vivete nel Regno Unito.","description":"Volete giocare alla lotteria del Regno Unito, ma non vivete nel Regno Unito? Nessun problema, potete utilizzare il nostro servizio online per giocare a questa lotteria da qualsiasi luogo.","robots":{"index":"index","follow":"follow","max-snippet":"max-snippet:-1","max-image-preview":"max-image-preview:large","max-video-preview":"max-video-preview:-1"},"canonical":"https:\/\/jackpotlotteryonline.com\/it\/come-giocare\/uk-lottery\/","og_locale":"it_IT","og_type":"article","og_title":"Giocate alla Lotteria del Regno Unito online, anche se non vivete nel Regno Unito.","og_description":"Volete giocare alla lotteria del Regno Unito, ma non vivete nel Regno Unito? Nessun problema, potete utilizzare il nostro servizio online per giocare a questa lotteria da qualsiasi luogo.","og_url":"https:\/\/jackpotlotteryonline.com\/it\/come-giocare\/uk-lottery\/","og_site_name":"Lotto Online - Crack The International Lottery Jackpots","article_modified_time":"2023-01-03T09:18:58+00:00","og_image":[{"url":"http:\/\/jackpotlotteryonline.com\/wp-content\/uploads\/2022\/11\/lotteryticket.jpg"}],"twitter_card":"summary_large_image","twitter_misc":{"Tempo di lettura stimato":"7 minuti"},"schema":{"@context":"https:\/\/schema.org","@graph":[{"@type":"WebPage","@id":"https:\/\/jackpotlotteryonline.com\/it\/come-giocare\/uk-lottery\/","url":"https:\/\/jackpotlotteryonline.com\/it\/come-giocare\/uk-lottery\/","name":"Giocate alla Lotteria del Regno Unito online, anche se non vivete nel Regno Unito.","isPartOf":{"@id":"https:\/\/jackpotlotteryonline.com\/#website"},"primaryImageOfPage":{"@id":"https:\/\/jackpotlotteryonline.com\/it\/come-giocare\/uk-lottery\/#primaryimage"},"image":{"@id":"https:\/\/jackpotlotteryonline.com\/it\/come-giocare\/uk-lottery\/#primaryimage"},"thumbnailUrl":"http:\/\/jackpotlotteryonline.com\/wp-content\/uploads\/2022\/11\/lotteryticket.jpg","datePublished":"2022-12-07T12:21:15+00:00","dateModified":"2023-01-03T09:18:58+00:00","description":"Volete giocare alla lotteria del Regno Unito, ma non vivete nel Regno Unito? Nessun problema, potete utilizzare il nostro servizio online per giocare a questa lotteria da qualsiasi luogo.","breadcrumb":{"@id":"https:\/\/jackpotlotteryonline.com\/it\/come-giocare\/uk-lottery\/#breadcrumb"},"inLanguage":"it-IT","potentialAction":[{"@type":"ReadAction","target":["https:\/\/jackpotlotteryonline.com\/it\/come-giocare\/uk-lottery\/"]}]},{"@type":"ImageObject","inLanguage":"it-IT","@id":"https:\/\/jackpotlotteryonline.com\/it\/come-giocare\/uk-lottery\/#primaryimage","url":"http:\/\/jackpotlotteryonline.com\/wp-content\/uploads\/2022\/11\/lotteryticket.jpg","contentUrl":"http:\/\/jackpotlotteryonline.com\/wp-content\/uploads\/2022\/11\/lotteryticket.jpg"},{"@type":"BreadcrumbList","@id":"https:\/\/jackpotlotteryonline.com\/it\/come-giocare\/uk-lottery\/#breadcrumb","itemListElement":[{"@type":"ListItem","position":1,"name":"Home","item":"https:\/\/jackpotlotteryonline.com\/it\/"},{"@type":"ListItem","position":2,"name":"Come giocare","item":"https:\/\/jackpotlotteryonline.com\/play-online\/"},{"@type":"ListItem","position":3,"name":"Giocare alla lotteria del Regno Unito da qualsiasi luogo"}]},{"@type":"WebSite","@id":"https:\/\/jackpotlotteryonline.com\/#website","url":"https:\/\/jackpotlotteryonline.com\/","name":"Lotto Online - Crack The International Lottery Jackpots","description":"","potentialAction":[{"@type":"SearchAction","target":{"@type":"EntryPoint","urlTemplate":"https:\/\/jackpotlotteryonline.com\/?s={search_term_string}"},"query-input":"required name=search_term_string"}],"inLanguage":"it-IT"}]}},"_links":{"self":[{"href":"https:\/\/jackpotlotteryonline.com\/it\/wp-json\/wp\/v2\/pages\/40994","targetHints":{"allow":["GET"]}}],"collection":[{"href":"https:\/\/jackpotlotteryonline.com\/it\/wp-json\/wp\/v2\/pages"}],"about":[{"href":"https:\/\/jackpotlotteryonline.com\/it\/wp-json\/wp\/v2\/types\/page"}],"author":[{"embeddable":true,"href":"https:\/\/jackpotlotteryonline.com\/it\/wp-json\/wp\/v2\/users\/1"}],"replies":[{"embeddable":true,"href":"https:\/\/jackpotlotteryonline.com\/it\/wp-json\/wp\/v2\/comments?post=40994"}],"version-history":[{"count":0,"href":"https:\/\/jackpotlotteryonline.com\/it\/wp-json\/wp\/v2\/pages\/40994\/revisions"}],"up":[{"embeddable":true,"href":"https:\/\/jackpotlotteryonline.com\/it\/wp-json\/wp\/v2\/pages\/35700"}],"wp:attachment":[{"href":"https:\/\/jackpotlotteryonline.com\/it\/wp-json\/wp\/v2\/media?parent=40994"}],"curies":[{"name":"wp","href":"https:\/\/api.w.org\/{rel}","templated":true}]}}