{"id":41047,"date":"2022-12-08T07:07:56","date_gmt":"2022-12-08T07:07:56","guid":{"rendered":"https:\/\/jackpotlotteryonline.com\/?page_id=41047"},"modified":"2022-12-31T14:02:24","modified_gmt":"2022-12-31T14:02:24","slug":"thunderball","status":"publish","type":"page","link":"https:\/\/jackpotlotteryonline.com\/it\/come-giocare\/thunderball\/","title":{"rendered":"Thunderball online &#8211; gioca a questa lotteria britannica da qualsiasi luogo"},"content":{"rendered":"<p>Il Thunderball britannico esiste da tempo. Non \u00e8 vecchia come altre lotterie europee (come La Primitiva), dato che ha tenuto la sua prima estrazione nel 1999. Tuttavia, in quel periodo, Thunderball ha cambiato e continua a cambiare molte vite. Il montepremi di cinquecentomila sterline non sembra molto, ma \u00e8 una somma che cambia la vita. E gli scommettitori del Regno Unito sono d&#8217;accordo: molti giocatori acquistano i biglietti per le estrazioni di Thunderball.<\/p>\n<p>Se siete giocatori al di fuori del Regno Unito, potete giocare a Thunderball anche online. Potete <a href=\"https:\/\/jackpotlotteryonline.com\/it\/comprare-biglietti\/thunderball\">acquistare i biglietti<\/a>, controllare i <a href=\"https:\/\/jackpotlotteryonline.com\/it\/numeri-vincenti\/thunderball\">risultati delle estrazioni<\/a> e ritirare le vostre vincite comodamente dal vostro computer o dispositivo mobile. Continuate a leggere per scoprire come giocare a Thunderball online.<\/p>\n<h2>I vincitori del Thunderball<\/h2>\n<p><img loading=\"lazy\" decoding=\"async\" class=\"alignright size-full wp-image-31370\" src=\"http:\/\/jackpotlotteryonline.com\/wp-content\/uploads\/2022\/11\/lotteryticket.jpg\" alt=\"gioca a Thunderball online.\" width=\"212\" height=\"142\" \/>Se c&#8217;\u00e8 una lotteria che ha sfornato numerosi vincitori negli ultimi decenni, questa \u00e8 Thunderball. Questa lotteria britannica si \u00e8 guadagnata la reputazione di cambiare la vita perch\u00e9 ha prodotto molti vincitori. C&#8217;\u00e8 la storia della famiglia Knowles, che ha giocato per anni e ha continuato a farlo anche dopo la morte della madre. La vincita \u00e8 stata molto speciale per loro.<\/p>\n<p>Karen e David Ainger sono una coppia che ha vinto il jackpot di Thunderball che gli ha cambiato la vita. La vincita \u00e8 stata molto gradita, perch\u00e9 hanno detto che sarebbe servita per la loro pensione. Un&#8217;altra coppia che ha vinto il Thunderball \u00e8 quella di Alf e Rita Boorman. La loro \u00e8 stata una vincita interessante perch\u00e9 30 anni prima aveva vinto anche il padre di Alf. Si tratta di una vittoria generazionale.<\/p>\n<h2>Come giocare a Thunderball online<\/h2>\n<p>Giocare a Thunderball \u00e8 divertente e se siete dei giocatori esperti, \u00e8 probabile che sappiate gi\u00e0 cosa fare. I giocatori devono scegliere 5 numeri da 1 a 39 e un numero speciale da 1 a 14. Il numero speciale \u00e8 chiamato &#8220;Thunderball&#8221;. Il numero speciale \u00e8 chiamato &#8220;Thunderball&#8221;.<\/p>\n<p>Se giocate a Thunderball online, potete usare il generatore di numeri per scegliere i numeri casuali. Per chi \u00e8 abituato a giocare con i biglietti fisici, questo \u00e8 un po&#8217; come il &#8220;lucky dip&#8221;. \u00c8 possibile scegliere pi\u00f9 linee e pi\u00f9 biglietti per aumentare le possibilit\u00e0 di vincere il Thunderball. Il passo successivo \u00e8 quello di partecipare all&#8217;estrazione e questa \u00e8 la parte migliore.<\/p>\n<p>Thunderball prevede quattro estrazioni settimanali. Ci\u00f2 significa che le probabilit\u00e0 di vincere il jackpot con Thunderball sono quattro volte maggiori. Potreste partecipare a una singola estrazione, ma probabilmente \u00e8 meglio partecipare a pi\u00f9 estrazioni, in modo da avere una probabilit\u00e0 di vincita molto pi\u00f9 alta. Quando giocate con noi, vi chiederemo di registrarvi. In questo modo potremo avvisarvi quando vincerete un premio.<\/p>\n<section class=\"layout\" style=\"border: solid 1px; width: 100%;\">\n<div class=\"img-div\" style=\"margin-top: 5px;\"><img decoding=\"async\" class=\"wp-image-17212 alignleft\" style=\"height: 45px; margin: 8px 8px 0px;\" src=\"http:\/\/jackpotlotteryonline.com\/wp-content\/uploads\/2022\/11\/read1.jpg\" alt=\"Leggi \" width=\"\" height=\"\" \/><\/div>\n<div style=\"padding-left: 5px;\">\n<div style=\"font-size: 1.1em;\">\n<p><strong>\u00c8 legale giocare alle lotterie di altri Paesi online?<\/strong><\/p>\n<p style=\"font-size: 0.85em; margin-top: -1.5em;\">\u00c8 legale prendere un biglietto della lotteria online e verr\u00f2 effettivamente pagato?\u00a0 <a href=\"https:\/\/jackpotlotteryonline.com\/it\/e-legale-giocare-alle-lotterie-di-altri-paesi-online\"> Per saperne di pi\u00f9<\/a><\/p>\n<\/div>\n<\/div>\n<\/section>\n<h2>Cosa fare quando si vince<\/h2>\n<p>Se vincete un premio, vi invieremo un&#8217;e-mail per informarvi. Verr\u00e0 inoltre visualizzato un avviso sulla nostra piattaforma, in modo che possiate ricevere la notifica al successivo accesso. Ma la cosa va anche oltre.<\/p>\n<p>Se il vostro premio \u00e8 inferiore a 2.500 euro, potete facilmente ritirarlo direttamente dalla nostra piattaforma. Non c&#8217;\u00e8 bisogno di alcun protocollo o procedura inutile: basta prelevare il denaro. Per importi superiori a 2.500 euro, potrebbe essere necessario compilare un modulo di reclamo per richiederlo alla societ\u00e0 della lotteria. Ma non preoccupatevi, siamo qui per aiutarvi anche in questo.<\/p>\n<h2>I premi che si possono vincere<\/h2>\n<p>Detto questo, cosa si pu\u00f2 vincere esattamente giocando alla lotteria Thunderball? Questo Thunderball britannico prevede diverse categorie di premi e c&#8217;\u00e8 persino un premio per l&#8217;abbinamento con il Thunderball. Quindi, le possibilit\u00e0 di vincere qualcosa sono piuttosto alte. Ecco la ripartizione delle categorie di premi per il Thunderball britannico e le probabilit\u00e0 di vincita.<\/p>\n<p>Categoria 1: Partita 5 + Thunderball &#8211; 1 su 8.060.598 &#8211; \u00a3 500.000<\/p>\n<p>Categoria 2: solo Partita 5 &#8211; 1 su 620.046 &#8211; \u00a35.000<\/p>\n<p>Categoria 3: Partita 4 + Thunderball &#8211; 1 su 47.416 &#8211; \u00a3250<\/p>\n<p>Categoria 4: Solo Partita 4 &#8211; 1 su 3.648 &#8211; \u00a3100<\/p>\n<p>Categoria 5: Partita 3 + Thunderball &#8211; 1 su 1.437 &#8211; \u20ac20<\/p>\n<p>Categoria 6: Solo Partita 3 &#8211; 1 su 111 &#8211; \u00a310<\/p>\n<p>Categoria 7: Partita 2 + Thunderball &#8211; 1 su 135 &#8211; \u20ac 10<\/p>\n<p>Categoria 8: Partita 1 + Thunderball &#8211; 1 su 35 &#8211; \u20ac 5<\/p>\n<p>Categoria 9: Partita Thunderball &#8211; 1 su 29 &#8211; \u20ac 3<\/p>\n<p>Con Thunderball ce n&#8217;\u00e8 per tutti i gusti e non importa se si vive nel Regno Unito o meno. Ora potete giocare a questa lotteria britannica per avere la possibilit\u00e0 di vincere e, quando giocate con noi, potete facilmente prelevare le vostre vincite.<\/p>\n<h2>Vantaggi di un sito concierge<\/h2>\n<p><img loading=\"lazy\" decoding=\"async\" class=\"alignright size-full wp-image-28940\" src=\"http:\/\/jackpotlotteryonline.com\/wp-content\/uploads\/2022\/11\/1_pick_winning_numbers_lottery.jpg\" alt=\"acquista il tuo biglietto della lotteria Thunderball\" width=\"300\" height=\"200\" \/>L&#8217;aspetto sorprendente di un sito di portineria \u00e8 che non dovrete mai chiedervi se avete effettivamente partecipato alla lotteria. Questo \u00e8 un vero problema, perch\u00e9 molti siti non permettono ai loro clienti di accedere alla lotteria. Ci\u00f2 che fanno \u00e8 permettere agli utenti di scommettere sull&#8217;esito della lotteria, il che non \u00e8 affatto la stessa cosa.<\/p>\n<p>Con jackpotlotteryonline.com, diamo ai nostri utenti l&#8217;accesso alle migliori lotterie internazionali di tutto il mondo. Questo perch\u00e9 gestiamo un sito di portineria in cui abbiamo agenti in diverse parti del mondo. Quando si acquistano i biglietti della lotteria da noi, il nostro agente in quel Paese acquista un biglietto fisico con i numeri corrispondenti. Il biglietto viene poi scansionato e inviato a voi.<\/p>\n<p>Quando acquistate il biglietto della lotteria Thunderball da noi, avete la certezza che, se corrispondete ai numeri estratti, vincerete la lotteria. \u00c8 cos\u00ec semplice, ma \u00e8 l&#8217;unica cosa che d\u00e0 ai nostri clienti la tranquillit\u00e0 di giocare alla lotteria online.<\/p>\n<h2>Giocare al Thunderball del Regno Unito online<\/h2>\n<p>Se non vedete l&#8217;ora di giocare alla lotteria Thunderball e non vivete nel Regno Unito, siete fortunati. Visitando jackpotlotteryonline.com, avrete accesso alle migliori lotterie internazionali, tra cui Thunderball. Siamo un sito concierge, quindi quando giocate con noi, vi assicuriamo un vero affare.<\/p>\n<p>\u00c8 il momento di provare a vincere un premio che cambier\u00e0 la vostra vita con Thunderball. Giocate oggi stesso a Thunderball online per avere la possibilit\u00e0 di vincere la lotteria.<\/p>\n","protected":false},"excerpt":{"rendered":"<p>Il Thunderball britannico esiste da tempo. Non \u00e8 vecchia come altre lotterie europee (come La Primitiva), dato che ha tenuto la sua prima estrazione nel 1999. Tuttavia, in quel periodo, Thunderball ha cambiato e continua a cambiare molte vite. Il montepremi di cinquecentomila sterline non sembra molto, ma \u00e8 una somma che cambia la vita. [&hellip;]<\/p>\n","protected":false},"author":1,"featured_media":0,"parent":35700,"menu_order":12,"comment_status":"closed","ping_status":"closed","template":"thunderball.php","meta":{"_et_pb_use_builder":"","_et_pb_old_content":"","_et_gb_content_width":"","exclude_from_search":false,"footnotes":""},"class_list":["post-41047","page","type-page","status-publish","hentry"],"yoast_head":"<!-- This site is optimized with the Yoast SEO plugin v23.3 - https:\/\/yoast.com\/wordpress\/plugins\/seo\/ -->\n<title>Giocate alla lotteria britannica Thunderball online, anche da fuori dal Regno Unito.<\/title>\n<meta name=\"description\" content=\"Gli appassionati di lotterie al di fuori del Regno Unito possono giocare a Thunderball online ora - ottenete i vostri biglietti online attraverso il nostro servizio di messaggeria.\" \/>\n<meta name=\"robots\" content=\"index, follow, max-snippet:-1, max-image-preview:large, max-video-preview:-1\" \/>\n<link rel=\"canonical\" href=\"https:\/\/jackpotlotteryonline.com\/it\/come-giocare\/thunderball\/\" \/>\n<meta property=\"og:locale\" content=\"it_IT\" \/>\n<meta property=\"og:type\" content=\"article\" \/>\n<meta property=\"og:title\" content=\"Giocate alla lotteria britannica Thunderball online, anche da fuori dal Regno Unito.\" \/>\n<meta property=\"og:description\" content=\"Gli appassionati di lotterie al di fuori del Regno Unito possono giocare a Thunderball online ora - ottenete i vostri biglietti online attraverso il nostro servizio di messaggeria.\" \/>\n<meta property=\"og:url\" content=\"https:\/\/jackpotlotteryonline.com\/it\/come-giocare\/thunderball\/\" \/>\n<meta property=\"og:site_name\" content=\"Lotto Online - Crack The International Lottery Jackpots\" \/>\n<meta property=\"article:modified_time\" content=\"2022-12-31T14:02:24+00:00\" \/>\n<meta property=\"og:image\" content=\"http:\/\/jackpotlotteryonline.com\/wp-content\/uploads\/2022\/11\/lotteryticket.jpg\" \/>\n<meta name=\"twitter:card\" content=\"summary_large_image\" \/>\n<meta name=\"twitter:label1\" content=\"Tempo di lettura stimato\" \/>\n\t<meta name=\"twitter:data1\" content=\"5 minuti\" \/>\n<!-- \/ Yoast SEO plugin. -->","yoast_head_json":{"title":"Giocate alla lotteria britannica Thunderball online, anche da fuori dal Regno Unito.","description":"Gli appassionati di lotterie al di fuori del Regno Unito possono giocare a Thunderball online ora - ottenete i vostri biglietti online attraverso il nostro servizio di messaggeria.","robots":{"index":"index","follow":"follow","max-snippet":"max-snippet:-1","max-image-preview":"max-image-preview:large","max-video-preview":"max-video-preview:-1"},"canonical":"https:\/\/jackpotlotteryonline.com\/it\/come-giocare\/thunderball\/","og_locale":"it_IT","og_type":"article","og_title":"Giocate alla lotteria britannica Thunderball online, anche da fuori dal Regno Unito.","og_description":"Gli appassionati di lotterie al di fuori del Regno Unito possono giocare a Thunderball online ora - ottenete i vostri biglietti online attraverso il nostro servizio di messaggeria.","og_url":"https:\/\/jackpotlotteryonline.com\/it\/come-giocare\/thunderball\/","og_site_name":"Lotto Online - Crack The International Lottery Jackpots","article_modified_time":"2022-12-31T14:02:24+00:00","og_image":[{"url":"http:\/\/jackpotlotteryonline.com\/wp-content\/uploads\/2022\/11\/lotteryticket.jpg"}],"twitter_card":"summary_large_image","twitter_misc":{"Tempo di lettura stimato":"5 minuti"},"schema":{"@context":"https:\/\/schema.org","@graph":[{"@type":"WebPage","@id":"https:\/\/jackpotlotteryonline.com\/it\/come-giocare\/thunderball\/","url":"https:\/\/jackpotlotteryonline.com\/it\/come-giocare\/thunderball\/","name":"Giocate alla lotteria britannica Thunderball online, anche da fuori dal Regno Unito.","isPartOf":{"@id":"https:\/\/jackpotlotteryonline.com\/#website"},"primaryImageOfPage":{"@id":"https:\/\/jackpotlotteryonline.com\/it\/come-giocare\/thunderball\/#primaryimage"},"image":{"@id":"https:\/\/jackpotlotteryonline.com\/it\/come-giocare\/thunderball\/#primaryimage"},"thumbnailUrl":"http:\/\/jackpotlotteryonline.com\/wp-content\/uploads\/2022\/11\/lotteryticket.jpg","datePublished":"2022-12-08T07:07:56+00:00","dateModified":"2022-12-31T14:02:24+00:00","description":"Gli appassionati di lotterie al di fuori del Regno Unito possono giocare a Thunderball online ora - ottenete i vostri biglietti online attraverso il nostro servizio di messaggeria.","breadcrumb":{"@id":"https:\/\/jackpotlotteryonline.com\/it\/come-giocare\/thunderball\/#breadcrumb"},"inLanguage":"it-IT","potentialAction":[{"@type":"ReadAction","target":["https:\/\/jackpotlotteryonline.com\/it\/come-giocare\/thunderball\/"]}]},{"@type":"ImageObject","inLanguage":"it-IT","@id":"https:\/\/jackpotlotteryonline.com\/it\/come-giocare\/thunderball\/#primaryimage","url":"http:\/\/jackpotlotteryonline.com\/wp-content\/uploads\/2022\/11\/lotteryticket.jpg","contentUrl":"http:\/\/jackpotlotteryonline.com\/wp-content\/uploads\/2022\/11\/lotteryticket.jpg"},{"@type":"BreadcrumbList","@id":"https:\/\/jackpotlotteryonline.com\/it\/come-giocare\/thunderball\/#breadcrumb","itemListElement":[{"@type":"ListItem","position":1,"name":"Home","item":"https:\/\/jackpotlotteryonline.com\/it\/"},{"@type":"ListItem","position":2,"name":"Come giocare","item":"https:\/\/jackpotlotteryonline.com\/play-online\/"},{"@type":"ListItem","position":3,"name":"Thunderball online &#8211; gioca a questa lotteria britannica da qualsiasi luogo"}]},{"@type":"WebSite","@id":"https:\/\/jackpotlotteryonline.com\/#website","url":"https:\/\/jackpotlotteryonline.com\/","name":"Lotto Online - Crack The International Lottery Jackpots","description":"","potentialAction":[{"@type":"SearchAction","target":{"@type":"EntryPoint","urlTemplate":"https:\/\/jackpotlotteryonline.com\/?s={search_term_string}"},"query-input":"required name=search_term_string"}],"inLanguage":"it-IT"}]}},"_links":{"self":[{"href":"https:\/\/jackpotlotteryonline.com\/it\/wp-json\/wp\/v2\/pages\/41047","targetHints":{"allow":["GET"]}}],"collection":[{"href":"https:\/\/jackpotlotteryonline.com\/it\/wp-json\/wp\/v2\/pages"}],"about":[{"href":"https:\/\/jackpotlotteryonline.com\/it\/wp-json\/wp\/v2\/types\/page"}],"author":[{"embeddable":true,"href":"https:\/\/jackpotlotteryonline.com\/it\/wp-json\/wp\/v2\/users\/1"}],"replies":[{"embeddable":true,"href":"https:\/\/jackpotlotteryonline.com\/it\/wp-json\/wp\/v2\/comments?post=41047"}],"version-history":[{"count":0,"href":"https:\/\/jackpotlotteryonline.com\/it\/wp-json\/wp\/v2\/pages\/41047\/revisions"}],"up":[{"embeddable":true,"href":"https:\/\/jackpotlotteryonline.com\/it\/wp-json\/wp\/v2\/pages\/35700"}],"wp:attachment":[{"href":"https:\/\/jackpotlotteryonline.com\/it\/wp-json\/wp\/v2\/media?parent=41047"}],"curies":[{"name":"wp","href":"https:\/\/api.w.org\/{rel}","templated":true}]}}