{"id":41099,"date":"2022-12-08T09:02:31","date_gmt":"2022-12-08T09:02:31","guid":{"rendered":"https:\/\/jackpotlotteryonline.com\/?page_id=41099"},"modified":"2022-12-29T09:04:09","modified_gmt":"2022-12-29T09:04:09","slug":"uk-lottery","status":"publish","type":"page","link":"https:\/\/jackpotlotteryonline.com\/it\/numeri-vincenti\/uk-lottery\/","title":{"rendered":"Risultati dell&#8217;estrazione della lotteria del Regno Unito"},"content":{"rendered":"<p>La lotteria del Regno Unito \u00e8 un gioco interessante in quanto pu\u00f2 rendere i giocatori milionari. Sebbene sia popolare tra i giocatori del Regno Unito, non \u00e8 molto conosciuta dai giocatori internazionali. Quindi, se volete cimentarvi in una lotteria internazionale, perch\u00e9 non provare questa? Anche se i premi non sono garantiti, \u00e8 facile scegliere un numero vincente.<\/p>\n<p>C&#8217;\u00e8 per\u00f2 una cosa di cui dovete essere consapevoli. Se vincete questa lotteria, non possiamo dire con quale somma andrete a casa. Questo perch\u00e9 il premio del jackpot \u00e8 pari al 52% del fondo del lotto. Se non sono stati venduti molti biglietti, non si potr\u00e0 tornare a casa con molto. No, non ha nulla a che fare con noi ed \u00e8 una regola della societ\u00e0 della lotteria.<\/p>\n<p>Potete consultare il nostro sito jackpotlottery.com per partecipare a questo lotto o scegliere tra una serie di altre lotterie. Ci sono lotterie internazionali di alto livello che potete giocare sul nostro sito e che vi permettono di conservare le vostre vincite. Oppure, potete provare questa lotteria. Sta a voi decidere.<\/p>\n<section class=\"layout\" style=\"border: solid 1px; width: 100%;\">\n<div class=\"img-div\" style=\"margin-top: 5px;\"><img decoding=\"async\" class=\"wp-image-17212 alignleft\" style=\"height: 45px; margin: 8px 8px 0px;\" src=\"https:\/\/jackpotlotteryonline.com\/wp-content\/uploads\/2022\/11\/read1.jpg\" alt=\"leggere\" width=\"\" height=\"\" \/><\/div>\n<div style=\"padding-left: 5px;\">\n<div style=\"font-size: 1.1em;\">\n<p><strong>Qual \u00e8 la migliore lotteria internazionale?<\/strong><\/p>\n<p style=\"font-size: 0.85em; margin-top: -1.5em;\">Quali sono le lotterie internazionali con le migliori probabilit\u00e0 di vincita?\u00a0<a href=\"https:\/\/jackpotlotteryonline.com\/it\/quale-lotteria-internazionale-e-la-migliore\"> Per saperne di pi\u00f9<\/a><\/p>\n<\/div>\n<\/div>\n<\/section>\n<h2>Come giocare alla lotteria del Regno Unito<\/h2>\n<p><img loading=\"lazy\" decoding=\"async\" class=\"alignright size-full wp-image-27482\" src=\"https:\/\/jackpotlotteryonline.com\/wp-content\/uploads\/2022\/11\/1_lottery_jackpot3.jpg\" alt=\"gioca alla lotteria del Regno Unito\" width=\"245\" height=\"123\" \/>Come per gli altri giochi del lotto, \u00e8 necessario scegliere 6 numeri da una serie di numeri da 1 a 49. Durante le estrazioni, viene estratto un numero bonus. Durante le estrazioni, viene scelto a caso anche un numero bonus che viene utilizzato per determinare il premio. Non siamo particolarmente propensi a consigliare questo lotto. Anche se i numeri estratti corrispondono, non possiamo garantire il premio che porterete a casa.<\/p>\n<p>Se visitate il nostro sito, potete partecipare ad altri giochi come il Powerball e il Mega Millions. In queste lotterie, il jackpot minimo \u00e8 di 40 milioni di dollari. Ci sono anche altre lotterie europee a cui potete giocare, come Euromillions ed Eurojackpot.<\/p>\n<p>L&#8217;essenza di questi giochi \u00e8 vincere molto e questo \u00e8 il nostro sogno per i nostri clienti.<\/p>\n<h2>Le estrazioni<\/h2>\n<p>La lotteria del Regno Unito organizza due estrazioni settimanali, il mercoled\u00ec e il sabato. Quindi, quando acquistate un biglietto del lotto, potete scegliere se partecipare a una singola estrazione o a pi\u00f9 estrazioni. Partecipare a pi\u00f9 estrazioni \u00e8 un ottimo modo per aumentare le possibilit\u00e0 di vincere un premio.<\/p>\n<h2>Vincere la lotteria del Regno Unito<\/h2>\n<p>Per vincere al lotto, i giocatori devono abbinare almeno tre numeri principali ai risultati estratti. Il montepremi \u00e8 solitamente di circa 3.000.000 di sterline, anche se potrebbe essere superiore o inferiore. Per vincere il jackpot, \u00e8 necessario abbinare tutti e sei i numeri estratti.<\/p>\n<p>Ci sono altre divisioni di premi per questo gioco del lotto e le menzioneremo tra poco.<\/p>\n<p>Ricordate che il lotto \u00e8 un gioco d&#8217;azzardo e non esiste un modo preciso per vincere. La strategia migliore \u00e8 quella di acquistare pi\u00f9 biglietti e partecipare a pi\u00f9 estrazioni. Questo \u00e8 un modo per aumentare le possibilit\u00e0 di vincere un premio. Questo vale per qualsiasi gioco del lotto si scelga di giocare.<\/p>\n<h2>Divisioni dei premi<\/h2>\n<p>Quello che condividiamo \u00e8 un esempio della suddivisione dei premi per una particolare estrazione della lotteria britannica. Si noti che gli altri premi sono una percentuale del montepremi. Ci\u00f2 significa che se ci sono pi\u00f9 vincitori, il premio sar\u00e0 diviso tra loro.<\/p>\n<p>Divisione 1: Partita 6 &#8211; \u00a3 2.000.000 (jackpot)<\/p>\n<p>Divisione 2: Partita 5 + Bonus &#8211; 1.000.000 di sterline<\/p>\n<p>Divisione 3: Partita 5 &#8211; \u00a31.750<\/p>\n<p>Divisione 4: Partita 4 &#8211; \u00a3140<\/p>\n<p>Divisione 5: Partita 3 &#8211; \u00a330<\/p>\n<p>Divisione 6: Partita 2 &#8211; Lotto gratuito fortunato<\/p>\n<p>Anche se si vincono questi premi, l&#8217;importo indicato non \u00e8 quello che si ricever\u00e0 come vincita. Questo perch\u00e9 circa il 45% dei fondi del lotto \u00e8 destinato ai premi in denaro. Quindi l&#8217;importo potrebbe essere inferiore o superiore, a seconda di quello che c&#8217;\u00e8 nel fondo.<\/p>\n<h2>Rivendicare le vincite<\/h2>\n<p>La societ\u00e0 del lotto ha alcune regole per quanto riguarda la riscossione delle vincite.<\/p>\n<ul>\n<li>\u00c8 necessario avere pi\u00f9 di 18 anni per partecipare al lotto<\/li>\n<li>Le vincite devono essere reclamate entro 180 giorni dall&#8217;estrazione. L&#8217;unica eccezione \u00e8 se avete iniziato la procedura entro 7 giorni.<\/li>\n<li>I giochi a vincita istantanea devono essere reclamati entro 180 giorni dall&#8217;acquisto del gioco a vincita istantanea.<\/li>\n<li>Anche i gratta e vinci devono essere reclamati entro 180 giorni dall&#8217;acquisto del gratta e vinci.<\/li>\n<\/ul>\n<p>Se <a href=\"https:\/\/jackpotlotteryonline.com\/it\/come-giocare\/uk-lottery\">giocate alla lotteria sul nostro sito<\/a>, vi facilitiamo la riscossione delle vincite. Per le vincite di importo pari o inferiore a 2.500 euro, \u00e8 possibile accedervi proprio qui sul nostro sito. Questo perch\u00e9 la societ\u00e0 del lotto pagher\u00e0 la vincita direttamente sul nostro sito e voi potrete ritirarla sul vostro conto. Se la vincita \u00e8 superiore a 2.500 euro, dovrete richiedere la vincita direttamente alla societ\u00e0 del lotto. Vi aiuteremo a farlo fornendovi un modulo di reclamo da compilare, quindi non c&#8217;\u00e8 da preoccuparsi.<\/p>\n<h2>Come controllare i numeri vincenti<\/h2>\n<p><img loading=\"lazy\" decoding=\"async\" class=\"alignright size-medium wp-image-27563\" src=\"https:\/\/jackpotlotteryonline.com\/wp-content\/uploads\/2022\/11\/1_lottery_numbers_draw_results-300x201.jpg\" alt=\"vincere la lotteria del Regno Unito\" width=\"300\" height=\"201\" srcset=\"https:\/\/jackpotlotteryonline.com\/wp-content\/uploads\/2022\/11\/1_lottery_numbers_draw_results-300x201.jpg 300w, https:\/\/jackpotlotteryonline.com\/wp-content\/uploads\/2022\/11\/1_lottery_numbers_draw_results.jpg 320w\" sizes=\"auto, (max-width: 300px) 100vw, 300px\" \/>Per sapere se avete vinto o meno un premio, dovete innanzitutto controllare i numeri estratti. Ci sono diversi modi per farlo se si gioca online. Ma il pi\u00f9 efficace \u00e8 quello di tornare qui per controllare i risultati dell&#8217;estrazione. Pubblichiamo i numeri estratti dopo ogni estrazione.<\/p>\n<p>Inoltre, se vi siete registrati con noi, vi invieremo un&#8217;e-mail per informarvi se avete vinto un premio. Questo \u00e8 uno dei principali vantaggi di giocare al lotto con noi. Oltre al fatto che potete accedere a tonnellate di lotterie internazionali. Quando giocate con noi, non dovete preoccuparvi di perdere il vostro premio. Vi faremo sapere se avete vinto un premio. Inoltre, se il premio \u00e8 inferiore a 2.500 euro, la prossima volta che acceder\u00e0 al suo conto sar\u00e0 ben saldo.<\/p>\n<h2>Vantaggi di giocare alla lotteria con noi<\/h2>\n<ul>\n<li>Avrete accesso alle migliori lotterie internazionali da un unico e comodo posto.<\/li>\n<li>Siamo un sito concierge. Ci\u00f2 significa che non state scommettendo sull&#8217;esito della lotteria. State acquistando una partecipazione alla lotteria da qualsiasi luogo vi troviate.<\/li>\n<li>\u00c8 possibile partecipare alle estrazioni con diverse settimane di anticipo utilizzando il nostro servizio di abbonamento.<\/li>\n<li>Potete scoprire i risultati delle estrazioni proprio qui sul nostro sito<\/li>\n<li>Vi avvisiamo se vincete un premio<\/li>\n<li>Incassare facilmente le vincite dal nostro sito alla vostra banca<\/li>\n<\/ul>\n<p>I vantaggi di giocare alla lotteria dal nostro sito sono molteplici. Ci concentriamo sul fornire il servizio pi\u00f9 conveniente e senza interruzioni per i nostri clienti, in modo che possano divertirsi con il gioco del lotto.<\/p>\n<h2>Controllare i numeri vincenti del lotto qui<\/h2>\n<p>Abbiamo detto che forniamo l&#8217;accesso a diverse lotterie internazionali. Non solo potrete <a href=\"https:\/\/jackpotlotteryonline.com\/it\/comprare-biglietti\/uk-lottery\">acquistare i vostri biglietti da qualsiasi luogo<\/a>, ma potrete anche controllare i numeri estratti. Indipendentemente dal gioco del lotto che sceglierete, pubblicheremo i risultati proprio qui sul nostro sito.<\/p>\n<p>E soprattutto, se vincete un premio, non dovete preoccuparvi di cosa ne sar\u00e0 della vostra vincita. Non prendiamo alcuna percentuale delle vostre vincite; qualsiasi vincita \u00e8 tutta vostra. E potete facilmente ritirarla dalla nostra piattaforma.<\/p>\n<p>In verit\u00e0, giocare alle lotterie non \u00e8 mai stato cos\u00ec semplice e senza problemi. Perch\u00e9 non registrarsi con noi oggi stesso per provare il piacere di giocare al lotto in modo conveniente e senza stress?<\/p>\n","protected":false},"excerpt":{"rendered":"<p>La lotteria del Regno Unito \u00e8 un gioco interessante in quanto pu\u00f2 rendere i giocatori milionari. Sebbene sia popolare tra i giocatori del Regno Unito, non \u00e8 molto conosciuta dai giocatori internazionali. Quindi, se volete cimentarvi in una lotteria internazionale, perch\u00e9 non provare questa? Anche se i premi non sono garantiti, \u00e8 facile scegliere un [&hellip;]<\/p>\n","protected":false},"author":1,"featured_media":0,"parent":35836,"menu_order":10,"comment_status":"closed","ping_status":"closed","template":"lotto-uk-results.php","meta":{"_et_pb_use_builder":"","_et_pb_old_content":"","_et_gb_content_width":"","exclude_from_search":false,"footnotes":""},"class_list":["post-41099","page","type-page","status-publish","hentry"],"yoast_head":"<!-- This site is optimized with the Yoast SEO plugin v23.3 - https:\/\/yoast.com\/wordpress\/plugins\/seo\/ -->\n<title>Numeri vincenti della lotteria del Regno Unito e risultati delle estrazioni<\/title>\n<meta name=\"description\" content=\"Subito dopo l&#039;estrazione, troverete qui tutti i risultati e i numeri vincenti della lotteria del Regno Unito.\" \/>\n<meta name=\"robots\" content=\"index, follow, max-snippet:-1, max-image-preview:large, max-video-preview:-1\" \/>\n<link rel=\"canonical\" href=\"https:\/\/jackpotlotteryonline.com\/it\/numeri-vincenti\/uk-lottery\/\" \/>\n<meta property=\"og:locale\" content=\"it_IT\" \/>\n<meta property=\"og:type\" content=\"article\" \/>\n<meta property=\"og:title\" content=\"Numeri vincenti della lotteria del Regno Unito e risultati delle estrazioni\" \/>\n<meta property=\"og:description\" content=\"Subito dopo l&#039;estrazione, troverete qui tutti i risultati e i numeri vincenti della lotteria del Regno Unito.\" \/>\n<meta property=\"og:url\" content=\"https:\/\/jackpotlotteryonline.com\/it\/numeri-vincenti\/uk-lottery\/\" \/>\n<meta property=\"og:site_name\" content=\"Lotto Online - Crack The International Lottery Jackpots\" \/>\n<meta property=\"article:modified_time\" content=\"2022-12-29T09:04:09+00:00\" \/>\n<meta property=\"og:image\" content=\"https:\/\/jackpotlotteryonline.com\/wp-content\/uploads\/2022\/11\/read1.jpg\" \/>\n<meta name=\"twitter:card\" content=\"summary_large_image\" \/>\n<meta name=\"twitter:label1\" content=\"Tempo di lettura stimato\" \/>\n\t<meta name=\"twitter:data1\" content=\"6 minuti\" \/>\n<!-- \/ Yoast SEO plugin. -->","yoast_head_json":{"title":"Numeri vincenti della lotteria del Regno Unito e risultati delle estrazioni","description":"Subito dopo l'estrazione, troverete qui tutti i risultati e i numeri vincenti della lotteria del Regno Unito.","robots":{"index":"index","follow":"follow","max-snippet":"max-snippet:-1","max-image-preview":"max-image-preview:large","max-video-preview":"max-video-preview:-1"},"canonical":"https:\/\/jackpotlotteryonline.com\/it\/numeri-vincenti\/uk-lottery\/","og_locale":"it_IT","og_type":"article","og_title":"Numeri vincenti della lotteria del Regno Unito e risultati delle estrazioni","og_description":"Subito dopo l'estrazione, troverete qui tutti i risultati e i numeri vincenti della lotteria del Regno Unito.","og_url":"https:\/\/jackpotlotteryonline.com\/it\/numeri-vincenti\/uk-lottery\/","og_site_name":"Lotto Online - Crack The International Lottery Jackpots","article_modified_time":"2022-12-29T09:04:09+00:00","og_image":[{"url":"https:\/\/jackpotlotteryonline.com\/wp-content\/uploads\/2022\/11\/read1.jpg"}],"twitter_card":"summary_large_image","twitter_misc":{"Tempo di lettura stimato":"6 minuti"},"schema":{"@context":"https:\/\/schema.org","@graph":[{"@type":"WebPage","@id":"https:\/\/jackpotlotteryonline.com\/it\/numeri-vincenti\/uk-lottery\/","url":"https:\/\/jackpotlotteryonline.com\/it\/numeri-vincenti\/uk-lottery\/","name":"Numeri vincenti della lotteria del Regno Unito e risultati delle estrazioni","isPartOf":{"@id":"https:\/\/jackpotlotteryonline.com\/#website"},"primaryImageOfPage":{"@id":"https:\/\/jackpotlotteryonline.com\/it\/numeri-vincenti\/uk-lottery\/#primaryimage"},"image":{"@id":"https:\/\/jackpotlotteryonline.com\/it\/numeri-vincenti\/uk-lottery\/#primaryimage"},"thumbnailUrl":"https:\/\/jackpotlotteryonline.com\/wp-content\/uploads\/2022\/11\/read1.jpg","datePublished":"2022-12-08T09:02:31+00:00","dateModified":"2022-12-29T09:04:09+00:00","description":"Subito dopo l'estrazione, troverete qui tutti i risultati e i numeri vincenti della lotteria del Regno Unito.","breadcrumb":{"@id":"https:\/\/jackpotlotteryonline.com\/it\/numeri-vincenti\/uk-lottery\/#breadcrumb"},"inLanguage":"it-IT","potentialAction":[{"@type":"ReadAction","target":["https:\/\/jackpotlotteryonline.com\/it\/numeri-vincenti\/uk-lottery\/"]}]},{"@type":"ImageObject","inLanguage":"it-IT","@id":"https:\/\/jackpotlotteryonline.com\/it\/numeri-vincenti\/uk-lottery\/#primaryimage","url":"https:\/\/jackpotlotteryonline.com\/wp-content\/uploads\/2022\/11\/read1.jpg","contentUrl":"https:\/\/jackpotlotteryonline.com\/wp-content\/uploads\/2022\/11\/read1.jpg"},{"@type":"BreadcrumbList","@id":"https:\/\/jackpotlotteryonline.com\/it\/numeri-vincenti\/uk-lottery\/#breadcrumb","itemListElement":[{"@type":"ListItem","position":1,"name":"Home","item":"https:\/\/jackpotlotteryonline.com\/it\/"},{"@type":"ListItem","position":2,"name":"Risultati della lotteria","item":"https:\/\/jackpotlotteryonline.com\/winning-numbers\/"},{"@type":"ListItem","position":3,"name":"Risultati dell&#8217;estrazione della lotteria del Regno Unito"}]},{"@type":"WebSite","@id":"https:\/\/jackpotlotteryonline.com\/#website","url":"https:\/\/jackpotlotteryonline.com\/","name":"Lotto Online - Crack The International Lottery Jackpots","description":"","potentialAction":[{"@type":"SearchAction","target":{"@type":"EntryPoint","urlTemplate":"https:\/\/jackpotlotteryonline.com\/?s={search_term_string}"},"query-input":"required name=search_term_string"}],"inLanguage":"it-IT"}]}},"_links":{"self":[{"href":"https:\/\/jackpotlotteryonline.com\/it\/wp-json\/wp\/v2\/pages\/41099","targetHints":{"allow":["GET"]}}],"collection":[{"href":"https:\/\/jackpotlotteryonline.com\/it\/wp-json\/wp\/v2\/pages"}],"about":[{"href":"https:\/\/jackpotlotteryonline.com\/it\/wp-json\/wp\/v2\/types\/page"}],"author":[{"embeddable":true,"href":"https:\/\/jackpotlotteryonline.com\/it\/wp-json\/wp\/v2\/users\/1"}],"replies":[{"embeddable":true,"href":"https:\/\/jackpotlotteryonline.com\/it\/wp-json\/wp\/v2\/comments?post=41099"}],"version-history":[{"count":0,"href":"https:\/\/jackpotlotteryonline.com\/it\/wp-json\/wp\/v2\/pages\/41099\/revisions"}],"up":[{"embeddable":true,"href":"https:\/\/jackpotlotteryonline.com\/it\/wp-json\/wp\/v2\/pages\/35836"}],"wp:attachment":[{"href":"https:\/\/jackpotlotteryonline.com\/it\/wp-json\/wp\/v2\/media?parent=41099"}],"curies":[{"name":"wp","href":"https:\/\/api.w.org\/{rel}","templated":true}]}}