{"id":41151,"date":"2022-12-08T11:04:15","date_gmt":"2022-12-08T11:04:15","guid":{"rendered":"https:\/\/jackpotlotteryonline.com\/?page_id=41151"},"modified":"2022-12-29T11:23:44","modified_gmt":"2022-12-29T11:23:44","slug":"set-for-life","status":"publish","type":"page","link":"https:\/\/jackpotlotteryonline.com\/it\/numeri-vincenti\/set-for-life\/","title":{"rendered":"Risultati del sorteggio di Set for Life"},"content":{"rendered":"<p>La lotteria Set for Life \u00e8 la lotteria delle rendite del Regno Unito che offre ai giocatori la possibilit\u00e0 di vincere un premio che cambia la vita. Cambia la vita nel senso che i numeri vincenti ricevono 10.000 sterline al mese per 30 anni. \u00c8 quasi come vincere il jackpot ogni mese per il resto della vita.<\/p>\n<p>I giocatori di tutto il mondo possono ora<a href=\"https:\/\/jackpotlotteryonline.com\/it\/comprare-biglietti\/set-for-life\"> partecipare alla lotteria delle rendite del Regno Unito acquistando i biglietti online<\/a>. Inoltre, possono controllare i numeri vincenti online e accedere alle loro vincite.<\/p>\n<p>Quando <a href=\"https:\/\/jackpotlotteryonline.com\/it\/come-giocare\/set-for-life\">giocate alla lotteria con jackpotlotteryonline.com<\/a>, avete praticamente uno sportello unico per tutte le vostre esigenze. Potete concentrarvi sulla vincita alla lotteria acquistando online i biglietti delle migliori lotterie internazionali.<\/p>\n<section class=\"layout\" style=\"border: solid 1px; width: 100%;\">\n<div class=\"img-div\" style=\"margin-top: 5px;\"><img decoding=\"async\" class=\"wp-image-17212 alignleft\" style=\"height: 45px; margin: 8px 8px 0px;\" src=\"http:\/\/jackpotlotteryonline.com\/wp-content\/uploads\/2022\/11\/read1.jpg\" alt=\"leggere\" width=\"\" height=\"\" \/><\/div>\n<div style=\"padding-left: 5px;\">\n<div style=\"font-size: 1.1em;\">\n<p><strong>\u00c8 legale giocare alle lotterie di altri Paesi online?<\/strong><\/p>\n<p style=\"font-size: 0.85em; margin-top: -1.5em;\">\u00c8 legale prendere un biglietto della lotteria online e verr\u00f2 effettivamente pagato?\u00a0<a href=\"https:\/\/jackpotlotteryonline.com\/it\/e-legale-giocare-alle-lotterie-di-altri-paesi-online\"> Per saperne di pi\u00f9<\/a><\/p>\n<\/div>\n<\/div>\n<\/section>\n<h2>Perch\u00e9 giocare online?<\/h2>\n<p>Innanzitutto, se non vivete nel Regno Unito, sar\u00e0 piuttosto difficile per voi acquistare un biglietto per questa lotteria. In pratica, l&#8217;unico modo per giocare a Set for Life al di fuori del Regno Unito \u00e8 quello di farlo online. In secondo luogo, quando vedrete quanto \u00e8 conveniente giocare online, non vorrete pi\u00f9 giocare alla lotteria in altro modo.<\/p>\n<p><strong>In breve, ecco alcuni dei principali vantaggi di giocare alla lotteria online:<\/strong><br \/>\n<img loading=\"lazy\" decoding=\"async\" class=\"alignright size-medium wp-image-27941\" src=\"http:\/\/jackpotlotteryonline.com\/wp-content\/uploads\/2022\/11\/1_lottery_winner_ticket-200x300.jpg\" alt=\"gioca a set for life\" width=\"200\" height=\"300\" srcset=\"https:\/\/jackpotlotteryonline.com\/wp-content\/uploads\/2022\/11\/1_lottery_winner_ticket-200x300.jpg 200w, https:\/\/jackpotlotteryonline.com\/wp-content\/uploads\/2022\/11\/1_lottery_winner_ticket.jpg 320w\" sizes=\"auto, (max-width: 200px) 100vw, 200px\" \/><\/p>\n<ul>\n<li>Accesso immediato ai numeri vincenti per ogni estrazione.<\/li>\n<li>Potete impostare le vostre giocate con settimane di anticipo<\/li>\n<li>Controllare facilmente i numeri vincenti<\/li>\n<li>Accesso alle vincite senza stress<\/li>\n<\/ul>\n<p>I vantaggi di giocare alla lotteria online sono davvero tanti. E quando giocate con noi di jackpotlotteryonline.com, sperimentate la facilit\u00e0 e la convenienza di avere la lotteria a portata di mano. In qualit\u00e0 di sito concierge, gestiamo i dettagli per voi, mentre voi vi concentrate sulla scelta dei numeri vincenti con facilit\u00e0. \u00c8 un vantaggio per tutti.<\/p>\n<h2>Quali sono i numeri vincenti di Set for Life?<\/h2>\n<p>L&#8217;unico modo per sapere se avete i numeri vincenti \u00e8 sapere come giocare a questa lotteria britannica. Per giocare, \u00e8 necessario scegliere 5 numeri da 1 a 47 e 1 numero Life Ball da 1 a 10. Una volta scelti i numeri, la fase successiva \u00e8 quella di scegliere i numeri vincenti. Una volta scelti i numeri, il passo successivo \u00e8 quello di partecipare alle estrazioni di vostra scelta.<\/p>\n<p>Set for Life prevede due giorni di estrazione a settimana, il luned\u00ec e il gioved\u00ec. Ci\u00f2 significa due possibilit\u00e0 di vincere alla lotteria. Naturalmente \u00e8 possibile partecipare a entrambe le estrazioni, in quanto questo \u00e8 un modo per aumentare le possibilit\u00e0 di vincere la lotteria.<\/p>\n<p>Dopo le estrazioni, \u00e8 necessario controllare i risultati per verificare se si \u00e8 in possesso della combinazione vincente. Chi ha i numeri vincenti vince la lotteria.<\/p>\n<h2>Tre modi per controllare i risultati dell&#8217;estrazione<\/h2>\n<p>Ci sono tre modi per verificare la combinazione vincente di questa lotteria britannica. Se vivete nel Regno Unito, potete facilmente guardare le estrazioni in diretta in TV. Se per\u00f2 a quell&#8217;ora state lavorando o avete un&#8217;altra funzione, questa soluzione non \u00e8 adatta a voi.<\/p>\n<p>Un&#8217;altra alternativa \u00e8 quella di controllare online i risultati delle estrazioni. Diversi siti web pubblicano i risultati, in particolare la combinazione vincente del jackpot. Naturalmente, poich\u00e9 esistono altre categorie di premi per la lotteria, potreste essere interessati ad altre combinazioni vincenti oltre al jackpot.<\/p>\n<p>Il modo migliore per controllare i risultati delle estrazioni \u00e8 tornare su questa pagina dopo ogni estrazione. Pubblichiamo i risultati delle estrazioni proprio qui e ci prendiamo il tempo necessario per mostrare le combinazioni vincenti di ogni categoria di premi. Inoltre, se avete acquistato il biglietto da noi, vi invieremo un&#8217;e-mail se avete un biglietto vincente.<\/p>\n<h2>Categorie di premi Set for Life<\/h2>\n<p>Il primo premio di questa lotteria britannica \u00e8 di ben 10.000 sterline al mese per i prossimi 30 anni. Immaginate di vincere una tale somma ogni mese per 30 anni. Con un premio del genere, \u00e8 facile capire perch\u00e9 i giocatori di tutto il mondo sono ansiosi di ottenere la combinazione vincente di questa lotteria.<\/p>\n<p>Oltre alla vincita del primo premio, ci sono altri premi interessanti che i giocatori possono vincere con questa lotteria. Ecco le categorie di premi.<\/p>\n<p>Categoria 1: Partita 5 + il Life Ball &#8211; 10.000 sterline al mese per 30 anni<\/p>\n<p>Categoria 2: solo Partita 5 &#8211; 10.000 sterline al mese per 1 anno<\/p>\n<p>Categoria 3: Partita 4 + il LIfe Ball &#8211; 250 sterline<\/p>\n<p>Categoria 4: Solo Partita 4 &#8211; 50 sterline<\/p>\n<p>Categoria 5: Partita 3 + il Life Ball &#8211; \u00a330<\/p>\n<p>Categoria 6: Solo partita 3 &#8211; \u00a320<\/p>\n<p>Categoria 7: Partita 2 + Life Ball &#8211; \u00a310<\/p>\n<p>Categoria 8 Solo partita 2 &#8211; \u00a35<\/p>\n<h2>Prelievo delle vincite<\/h2>\n<p>Abbiamo detto che vi informeremo via e-mail e attraverso il vostro conto se avete un biglietto vincente. Ma come si fa a ritirare le vincite se si vive fuori dal Regno Unito? Questa \u00e8 una domanda che molti scommettitori si pongono. Siamo qui per tranquillizzarvi sulle vostre vincite.<\/p>\n<p>Quando vi registrate con noi e acquistate i biglietti della lotteria, vi semplifichiamo il processo. In qualit\u00e0 di sito concierge, abbiamo creato un processo senza soluzione di continuit\u00e0 che vi consente di ritirare facilmente le vostre vincite. Per le vincite inferiori a 2.500 euro, tutto ci\u00f2 che dovete fare \u00e8 prelevare dal nostro sito sul vostro conto.<\/p>\n<p>Se avete vinto un premio superiore a tale importo, vi forniremo un modulo di richiesta di rimborso. In questo modo, potrete richiedere la vostra vincita direttamente alla societ\u00e0 della lotteria. Quindi, acquistate oggi stesso un biglietto della lotteria per avere la possibilit\u00e0 di ottenere la combinazione vincente.<\/p>\n","protected":false},"excerpt":{"rendered":"<p>La lotteria Set for Life \u00e8 la lotteria delle rendite del Regno Unito che offre ai giocatori la possibilit\u00e0 di vincere un premio che cambia la vita. Cambia la vita nel senso che i numeri vincenti ricevono 10.000 sterline al mese per 30 anni. \u00c8 quasi come vincere il jackpot ogni mese per il resto [&hellip;]<\/p>\n","protected":false},"author":1,"featured_media":0,"parent":35836,"menu_order":11,"comment_status":"closed","ping_status":"closed","template":"set-for-life-results.php","meta":{"_et_pb_use_builder":"","_et_pb_old_content":"","_et_gb_content_width":"","exclude_from_search":false,"footnotes":""},"class_list":["post-41151","page","type-page","status-publish","hentry"],"yoast_head":"<!-- This site is optimized with the Yoast SEO plugin v23.3 - https:\/\/yoast.com\/wordpress\/plugins\/seo\/ -->\n<title>I numeri vincenti di Set for Life e i risultati dell&#039;estrazione<\/title>\n<meta name=\"description\" content=\"I risultati delle estrazioni della lotteria Set For Life, cos\u00ec come i numeri vincenti qui su Jackpotlotteryonline.com\" \/>\n<meta name=\"robots\" content=\"index, follow, max-snippet:-1, max-image-preview:large, max-video-preview:-1\" \/>\n<link rel=\"canonical\" href=\"https:\/\/jackpotlotteryonline.com\/it\/numeri-vincenti\/set-for-life\/\" \/>\n<meta property=\"og:locale\" content=\"it_IT\" \/>\n<meta property=\"og:type\" content=\"article\" \/>\n<meta property=\"og:title\" content=\"I numeri vincenti di Set for Life e i risultati dell&#039;estrazione\" \/>\n<meta property=\"og:description\" content=\"I risultati delle estrazioni della lotteria Set For Life, cos\u00ec come i numeri vincenti qui su Jackpotlotteryonline.com\" \/>\n<meta property=\"og:url\" content=\"https:\/\/jackpotlotteryonline.com\/it\/numeri-vincenti\/set-for-life\/\" \/>\n<meta property=\"og:site_name\" content=\"Lotto Online - Crack The International Lottery Jackpots\" \/>\n<meta property=\"article:modified_time\" content=\"2022-12-29T11:23:44+00:00\" \/>\n<meta property=\"og:image\" content=\"http:\/\/jackpotlotteryonline.com\/wp-content\/uploads\/2022\/11\/read1.jpg\" \/>\n<meta name=\"twitter:card\" content=\"summary_large_image\" \/>\n<meta name=\"twitter:label1\" content=\"Tempo di lettura stimato\" \/>\n\t<meta name=\"twitter:data1\" content=\"5 minuti\" \/>\n<!-- \/ Yoast SEO plugin. -->","yoast_head_json":{"title":"I numeri vincenti di Set for Life e i risultati dell'estrazione","description":"I risultati delle estrazioni della lotteria Set For Life, cos\u00ec come i numeri vincenti qui su Jackpotlotteryonline.com","robots":{"index":"index","follow":"follow","max-snippet":"max-snippet:-1","max-image-preview":"max-image-preview:large","max-video-preview":"max-video-preview:-1"},"canonical":"https:\/\/jackpotlotteryonline.com\/it\/numeri-vincenti\/set-for-life\/","og_locale":"it_IT","og_type":"article","og_title":"I numeri vincenti di Set for Life e i risultati dell'estrazione","og_description":"I risultati delle estrazioni della lotteria Set For Life, cos\u00ec come i numeri vincenti qui su Jackpotlotteryonline.com","og_url":"https:\/\/jackpotlotteryonline.com\/it\/numeri-vincenti\/set-for-life\/","og_site_name":"Lotto Online - Crack The International Lottery Jackpots","article_modified_time":"2022-12-29T11:23:44+00:00","og_image":[{"url":"http:\/\/jackpotlotteryonline.com\/wp-content\/uploads\/2022\/11\/read1.jpg"}],"twitter_card":"summary_large_image","twitter_misc":{"Tempo di lettura stimato":"5 minuti"},"schema":{"@context":"https:\/\/schema.org","@graph":[{"@type":"WebPage","@id":"https:\/\/jackpotlotteryonline.com\/it\/numeri-vincenti\/set-for-life\/","url":"https:\/\/jackpotlotteryonline.com\/it\/numeri-vincenti\/set-for-life\/","name":"I numeri vincenti di Set for Life e i risultati dell'estrazione","isPartOf":{"@id":"https:\/\/jackpotlotteryonline.com\/#website"},"primaryImageOfPage":{"@id":"https:\/\/jackpotlotteryonline.com\/it\/numeri-vincenti\/set-for-life\/#primaryimage"},"image":{"@id":"https:\/\/jackpotlotteryonline.com\/it\/numeri-vincenti\/set-for-life\/#primaryimage"},"thumbnailUrl":"http:\/\/jackpotlotteryonline.com\/wp-content\/uploads\/2022\/11\/read1.jpg","datePublished":"2022-12-08T11:04:15+00:00","dateModified":"2022-12-29T11:23:44+00:00","description":"I risultati delle estrazioni della lotteria Set For Life, cos\u00ec come i numeri vincenti qui su Jackpotlotteryonline.com","breadcrumb":{"@id":"https:\/\/jackpotlotteryonline.com\/it\/numeri-vincenti\/set-for-life\/#breadcrumb"},"inLanguage":"it-IT","potentialAction":[{"@type":"ReadAction","target":["https:\/\/jackpotlotteryonline.com\/it\/numeri-vincenti\/set-for-life\/"]}]},{"@type":"ImageObject","inLanguage":"it-IT","@id":"https:\/\/jackpotlotteryonline.com\/it\/numeri-vincenti\/set-for-life\/#primaryimage","url":"http:\/\/jackpotlotteryonline.com\/wp-content\/uploads\/2022\/11\/read1.jpg","contentUrl":"http:\/\/jackpotlotteryonline.com\/wp-content\/uploads\/2022\/11\/read1.jpg"},{"@type":"BreadcrumbList","@id":"https:\/\/jackpotlotteryonline.com\/it\/numeri-vincenti\/set-for-life\/#breadcrumb","itemListElement":[{"@type":"ListItem","position":1,"name":"Home","item":"https:\/\/jackpotlotteryonline.com\/it\/"},{"@type":"ListItem","position":2,"name":"Risultati della lotteria","item":"https:\/\/jackpotlotteryonline.com\/winning-numbers\/"},{"@type":"ListItem","position":3,"name":"Risultati del sorteggio di Set for Life"}]},{"@type":"WebSite","@id":"https:\/\/jackpotlotteryonline.com\/#website","url":"https:\/\/jackpotlotteryonline.com\/","name":"Lotto Online - Crack The International Lottery Jackpots","description":"","potentialAction":[{"@type":"SearchAction","target":{"@type":"EntryPoint","urlTemplate":"https:\/\/jackpotlotteryonline.com\/?s={search_term_string}"},"query-input":"required name=search_term_string"}],"inLanguage":"it-IT"}]}},"_links":{"self":[{"href":"https:\/\/jackpotlotteryonline.com\/it\/wp-json\/wp\/v2\/pages\/41151","targetHints":{"allow":["GET"]}}],"collection":[{"href":"https:\/\/jackpotlotteryonline.com\/it\/wp-json\/wp\/v2\/pages"}],"about":[{"href":"https:\/\/jackpotlotteryonline.com\/it\/wp-json\/wp\/v2\/types\/page"}],"author":[{"embeddable":true,"href":"https:\/\/jackpotlotteryonline.com\/it\/wp-json\/wp\/v2\/users\/1"}],"replies":[{"embeddable":true,"href":"https:\/\/jackpotlotteryonline.com\/it\/wp-json\/wp\/v2\/comments?post=41151"}],"version-history":[{"count":0,"href":"https:\/\/jackpotlotteryonline.com\/it\/wp-json\/wp\/v2\/pages\/41151\/revisions"}],"up":[{"embeddable":true,"href":"https:\/\/jackpotlotteryonline.com\/it\/wp-json\/wp\/v2\/pages\/35836"}],"wp:attachment":[{"href":"https:\/\/jackpotlotteryonline.com\/it\/wp-json\/wp\/v2\/media?parent=41151"}],"curies":[{"name":"wp","href":"https:\/\/api.w.org\/{rel}","templated":true}]}}