{"id":41205,"date":"2022-12-08T13:32:02","date_gmt":"2022-12-08T13:32:02","guid":{"rendered":"https:\/\/jackpotlotteryonline.com\/?page_id=41205"},"modified":"2022-12-29T21:24:02","modified_gmt":"2022-12-29T21:24:02","slug":"mega-sena","status":"publish","type":"page","link":"https:\/\/jackpotlotteryonline.com\/it\/numeri-vincenti\/mega-sena\/","title":{"rendered":"Risultati dell&#8217;estrazione della lotteria Mega-Sena"},"content":{"rendered":"<p>I giocatori di tutto il mondo possono ora acquistare i biglietti della lotteria Mega-Sena. Non solo, ma una volta giocata la lotteria, \u00e8 possibile controllare i numeri vincenti della Mega-Sena online. Una parte essenziale del gioco della lotteria \u00e8 il controllo dei risultati dell&#8217;estrazione, in modo da non perdere nessun premio. Esistono diversi modi per controllare i numeri vincenti della lotteria brasiliana e ne parleremo tra poco.<\/p>\n<p>Ma se avete fretta di conoscere i risultati dell&#8217;ultima estrazione, potete visitare jackpotlotteryonline.com per accedere alle migliori lotterie internazionali.<\/p>\n<section class=\"layout\" style=\"border: solid 1px; width: 100%;\">\n<div class=\"img-div\" style=\"margin-top: 5px;\"><img decoding=\"async\" class=\"wp-image-17212 alignleft\" style=\"height: 45px; margin: 8px 8px 0px;\" src=\"https:\/\/jackpotlotteryonline.com\/wp-content\/uploads\/2022\/11\/read1.jpg\" alt=\"leggere\" width=\"\" height=\"\" \/><\/div>\n<div style=\"padding-left: 5px;\">\n<div style=\"font-size: 1.1em;\">\n<p><strong>Lotterie europee<\/strong><\/p>\n<p style=\"font-size: 0.85em; margin-top: -1.5em;\">Quali sono le migliori lotterie europee?\u00a0 <a href=\"https:\/\/jackpotlotteryonline.com\/it\/quali-sono-le-migliori-lotterie-europee\"> Per saperne di pi\u00f9<\/a><\/p>\n<\/div>\n<\/div>\n<\/section>\n<h2>Le basi della lotteria Mega-Sena<\/h2>\n<p>Mega-Sena \u00e8 una lotteria come tutte le altre per quanto riguarda il modo in cui viene giocata. \u00c8 sufficiente scegliere i numeri da una certa gamma. Per la lotteria brasiliana, si scelgono 6 numeri da un intervallo di 1 a 60. E questo \u00e8 tutto. Non ci sono numeri extra o bonus, solo i sei per questa lotteria.<\/p>\n<p>Una volta scelte le cifre desiderate, il passo successivo \u00e8 quello di partecipare alle estrazioni. Mega-Sena prevede due estrazioni settimanali, il mercoled\u00ec e il gioved\u00ec.<\/p>\n<h2>Numeri vincenti di Mega-Sena<\/h2>\n<p><img loading=\"lazy\" decoding=\"async\" class=\"size-full wp-image-29102 alignright\" src=\"https:\/\/jackpotlotteryonline.com\/wp-content\/uploads\/2022\/11\/1_play_lottery_international.jpg\" alt=\"Numeri vincenti Mega-Sena\" width=\"205\" height=\"147\" \/>Come si scelgono i numeri vincenti di Mega-Sena? I giocatori hanno modi diversi di scegliere quello che fa per loro. Potete scegliere i vostri numeri vincenti utilizzando le date che per voi sono speciali. Se avete date o cifre fortunate, queste possono essere utili per aiutarvi a scegliere un numero.<\/p>\n<p>Se non avete in mente alcun numero speciale, non preoccupatevi. Quando <a href=\"https:\/\/jackpotlotteryonline.com\/it\/come-giocare\/mega-sena-2\">giocate a Mega-Sena con noi<\/a>, potete usare il nostro generatore automatico per scegliere i numeri casuali. Alla fine della giornata, \u00e8 importante ricordare che la lotteria \u00e8 un gioco d&#8217;azzardo. L&#8217;unico modo per aumentare le probabilit\u00e0 di vincita \u00e8 acquistare pi\u00f9 biglietti e partecipare a pi\u00f9 estrazioni.<\/p>\n<p>Potete giocare alla lotteria online visitando la nostra pagina dedicata a Mega-Sena. \u00c8 facile partecipare a una singola estrazione o a pi\u00f9 estrazioni. \u00c8 inoltre possibile acquistare pi\u00f9 linee su un biglietto, ottenendo cos\u00ec pi\u00f9 ingressi alla lotteria.<\/p>\n<h2>Premi di Mega-Sena<\/h2>\n<p>La lotteria Mega-Sena ha un jackpot iniziale garantito di 3 milioni di Real brasiliani. Si tratta di circa 549467,87 euro. Tuttavia, se dopo un&#8217;estrazione non c&#8217;\u00e8 nessun vincitore, il jackpot passa all&#8217;estrazione successiva. In questo modo, l&#8217;importo del jackpot pu\u00f2 crescere in modo considerevole, il che lo rende un ottimo affare per i giocatori di tutto il mondo.<\/p>\n<p>Inoltre, le probabilit\u00e0 di vincita di Mega-Sena sono di 1 su 50 milioni. Se si confronta questo dato con quello delle altre principali lotterie internazionali, si capisce perch\u00e9 la lotteria brasiliana \u00e8 molto popolare tra i giocatori.<\/p>\n<p>La lotteria brasiliana \u00e8 diversa dalle altre lotterie anche perch\u00e9 offre solo 3 categorie di premi, jackpot compreso. Quindi, vincere alla lotteria significa poter vincere uno dei seguenti premi.<\/p>\n<p>Jackpot &#8211; Sena: Partita 6 &#8211; 35% del montepremi<\/p>\n<p>Livello 2 &#8211; Quina: Partita 5 &#8211; 19% del montepremi<\/p>\n<p>Livello 3 &#8211; Quadra: Partita 4 &#8211; 19% del montepremi<\/p>\n<h2>Richiedere il premio<\/h2>\n<p>Il passo successivo consiste nel richiedere i premi vinti partecipando alla lotteria. Le modalit\u00e0 di riscossione del premio dipendono dal luogo in cui \u00e8 stato acquistato il biglietto. Quando si gioca alla lotteria online, \u00e8 importante acquistare il biglietto da un sito che offra la possibilit\u00e0 di vincere la lotteria. Alcuni siti permettono di scommettere solo sull&#8217;esito della lotteria.<\/p>\n<p><a href=\"https:\/\/jackpotlotteryonline.com\/it\/comprare-biglietti\/mega-sena\">Acquistando il biglietto della lotteria da noi<\/a>, avrete accesso alla lotteria. Infatti, il nostro agente in Brasile acquister\u00e0 i biglietti fisici con i numeri corrispondenti. Avrete cos\u00ec la possibilit\u00e0 di vincere la lotteria.<\/p>\n<p>Quindi, in caso di vincita, non dovrete far altro che ritirare il premio dal nostro sito al vostro conto. \u00c8 cos\u00ec semplice. Visitate i nostri termini e condizioni per scoprire come incassare i numeri vincenti di Mega-Sena.<\/p>\n","protected":false},"excerpt":{"rendered":"<p>I giocatori di tutto il mondo possono ora acquistare i biglietti della lotteria Mega-Sena. Non solo, ma una volta giocata la lotteria, \u00e8 possibile controllare i numeri vincenti della Mega-Sena online. Una parte essenziale del gioco della lotteria \u00e8 il controllo dei risultati dell&#8217;estrazione, in modo da non perdere nessun premio. Esistono diversi modi per [&hellip;]<\/p>\n","protected":false},"author":1,"featured_media":0,"parent":35836,"menu_order":14,"comment_status":"closed","ping_status":"closed","template":"megasena-results.php","meta":{"_et_pb_use_builder":"","_et_pb_old_content":"","_et_gb_content_width":"","exclude_from_search":false,"footnotes":""},"class_list":["post-41205","page","type-page","status-publish","hentry"],"yoast_head":"<!-- This site is optimized with the Yoast SEO plugin v23.3 - https:\/\/yoast.com\/wordpress\/plugins\/seo\/ -->\n<title>Risultati e numeri vincenti della lotteria Mega-Sena<\/title>\n<meta name=\"description\" content=\"I risultati della lotteria Mega-Sena in Brasile sono difficili da trovare - sul nostro sito web elenchiamo i numeri vincenti e i risultati delle estrazioni di oggi e di ieri.\" \/>\n<meta name=\"robots\" content=\"index, follow, max-snippet:-1, max-image-preview:large, max-video-preview:-1\" \/>\n<link rel=\"canonical\" href=\"https:\/\/jackpotlotteryonline.com\/it\/numeri-vincenti\/mega-sena\/\" \/>\n<meta property=\"og:locale\" content=\"it_IT\" \/>\n<meta property=\"og:type\" content=\"article\" \/>\n<meta property=\"og:title\" content=\"Risultati e numeri vincenti della lotteria Mega-Sena\" \/>\n<meta property=\"og:description\" content=\"I risultati della lotteria Mega-Sena in Brasile sono difficili da trovare - sul nostro sito web elenchiamo i numeri vincenti e i risultati delle estrazioni di oggi e di ieri.\" \/>\n<meta property=\"og:url\" content=\"https:\/\/jackpotlotteryonline.com\/it\/numeri-vincenti\/mega-sena\/\" \/>\n<meta property=\"og:site_name\" content=\"Lotto Online - Crack The International Lottery Jackpots\" \/>\n<meta property=\"article:modified_time\" content=\"2022-12-29T21:24:02+00:00\" \/>\n<meta property=\"og:image\" content=\"https:\/\/jackpotlotteryonline.com\/wp-content\/uploads\/2022\/11\/read1.jpg\" \/>\n<meta name=\"twitter:card\" content=\"summary_large_image\" \/>\n<meta name=\"twitter:label1\" content=\"Tempo di lettura stimato\" \/>\n\t<meta name=\"twitter:data1\" content=\"3 minuti\" \/>\n<!-- \/ Yoast SEO plugin. -->","yoast_head_json":{"title":"Risultati e numeri vincenti della lotteria Mega-Sena","description":"I risultati della lotteria Mega-Sena in Brasile sono difficili da trovare - sul nostro sito web elenchiamo i numeri vincenti e i risultati delle estrazioni di oggi e di ieri.","robots":{"index":"index","follow":"follow","max-snippet":"max-snippet:-1","max-image-preview":"max-image-preview:large","max-video-preview":"max-video-preview:-1"},"canonical":"https:\/\/jackpotlotteryonline.com\/it\/numeri-vincenti\/mega-sena\/","og_locale":"it_IT","og_type":"article","og_title":"Risultati e numeri vincenti della lotteria Mega-Sena","og_description":"I risultati della lotteria Mega-Sena in Brasile sono difficili da trovare - sul nostro sito web elenchiamo i numeri vincenti e i risultati delle estrazioni di oggi e di ieri.","og_url":"https:\/\/jackpotlotteryonline.com\/it\/numeri-vincenti\/mega-sena\/","og_site_name":"Lotto Online - Crack The International Lottery Jackpots","article_modified_time":"2022-12-29T21:24:02+00:00","og_image":[{"url":"https:\/\/jackpotlotteryonline.com\/wp-content\/uploads\/2022\/11\/read1.jpg"}],"twitter_card":"summary_large_image","twitter_misc":{"Tempo di lettura stimato":"3 minuti"},"schema":{"@context":"https:\/\/schema.org","@graph":[{"@type":"WebPage","@id":"https:\/\/jackpotlotteryonline.com\/it\/numeri-vincenti\/mega-sena\/","url":"https:\/\/jackpotlotteryonline.com\/it\/numeri-vincenti\/mega-sena\/","name":"Risultati e numeri vincenti della lotteria Mega-Sena","isPartOf":{"@id":"https:\/\/jackpotlotteryonline.com\/#website"},"primaryImageOfPage":{"@id":"https:\/\/jackpotlotteryonline.com\/it\/numeri-vincenti\/mega-sena\/#primaryimage"},"image":{"@id":"https:\/\/jackpotlotteryonline.com\/it\/numeri-vincenti\/mega-sena\/#primaryimage"},"thumbnailUrl":"https:\/\/jackpotlotteryonline.com\/wp-content\/uploads\/2022\/11\/read1.jpg","datePublished":"2022-12-08T13:32:02+00:00","dateModified":"2022-12-29T21:24:02+00:00","description":"I risultati della lotteria Mega-Sena in Brasile sono difficili da trovare - sul nostro sito web elenchiamo i numeri vincenti e i risultati delle estrazioni di oggi e di ieri.","breadcrumb":{"@id":"https:\/\/jackpotlotteryonline.com\/it\/numeri-vincenti\/mega-sena\/#breadcrumb"},"inLanguage":"it-IT","potentialAction":[{"@type":"ReadAction","target":["https:\/\/jackpotlotteryonline.com\/it\/numeri-vincenti\/mega-sena\/"]}]},{"@type":"ImageObject","inLanguage":"it-IT","@id":"https:\/\/jackpotlotteryonline.com\/it\/numeri-vincenti\/mega-sena\/#primaryimage","url":"https:\/\/jackpotlotteryonline.com\/wp-content\/uploads\/2022\/11\/read1.jpg","contentUrl":"https:\/\/jackpotlotteryonline.com\/wp-content\/uploads\/2022\/11\/read1.jpg"},{"@type":"BreadcrumbList","@id":"https:\/\/jackpotlotteryonline.com\/it\/numeri-vincenti\/mega-sena\/#breadcrumb","itemListElement":[{"@type":"ListItem","position":1,"name":"Home","item":"https:\/\/jackpotlotteryonline.com\/it\/"},{"@type":"ListItem","position":2,"name":"Risultati della lotteria","item":"https:\/\/jackpotlotteryonline.com\/winning-numbers\/"},{"@type":"ListItem","position":3,"name":"Risultati dell&#8217;estrazione della lotteria Mega-Sena"}]},{"@type":"WebSite","@id":"https:\/\/jackpotlotteryonline.com\/#website","url":"https:\/\/jackpotlotteryonline.com\/","name":"Lotto Online - Crack The International Lottery Jackpots","description":"","potentialAction":[{"@type":"SearchAction","target":{"@type":"EntryPoint","urlTemplate":"https:\/\/jackpotlotteryonline.com\/?s={search_term_string}"},"query-input":"required name=search_term_string"}],"inLanguage":"it-IT"}]}},"_links":{"self":[{"href":"https:\/\/jackpotlotteryonline.com\/it\/wp-json\/wp\/v2\/pages\/41205","targetHints":{"allow":["GET"]}}],"collection":[{"href":"https:\/\/jackpotlotteryonline.com\/it\/wp-json\/wp\/v2\/pages"}],"about":[{"href":"https:\/\/jackpotlotteryonline.com\/it\/wp-json\/wp\/v2\/types\/page"}],"author":[{"embeddable":true,"href":"https:\/\/jackpotlotteryonline.com\/it\/wp-json\/wp\/v2\/users\/1"}],"replies":[{"embeddable":true,"href":"https:\/\/jackpotlotteryonline.com\/it\/wp-json\/wp\/v2\/comments?post=41205"}],"version-history":[{"count":0,"href":"https:\/\/jackpotlotteryonline.com\/it\/wp-json\/wp\/v2\/pages\/41205\/revisions"}],"up":[{"embeddable":true,"href":"https:\/\/jackpotlotteryonline.com\/it\/wp-json\/wp\/v2\/pages\/35836"}],"wp:attachment":[{"href":"https:\/\/jackpotlotteryonline.com\/it\/wp-json\/wp\/v2\/media?parent=41205"}],"curies":[{"name":"wp","href":"https:\/\/api.w.org\/{rel}","templated":true}]}}