{"id":41261,"date":"2022-12-08T19:37:33","date_gmt":"2022-12-08T19:37:33","guid":{"rendered":"https:\/\/jackpotlotteryonline.com\/?page_id=41261"},"modified":"2022-12-30T15:12:09","modified_gmt":"2022-12-30T15:12:09","slug":"saturday-lotto","status":"publish","type":"page","link":"https:\/\/jackpotlotteryonline.com\/it\/numeri-vincenti\/saturday-lotto\/","title":{"rendered":"Risultati dell&#8217;estrazione del Lotto di sabato"},"content":{"rendered":"<p>Il Saturday Lotto, noto anche come lotto Tatts, \u00e8 una delle lotterie australiane pi\u00f9 vincenti. Ora che i giocatori di tutto il mondo possono partecipare al lotto, \u00e8 ancora pi\u00f9 importante scegliere i numeri vincenti. Vincere questa lotteria australiana significa tornare a casa con un minimo di 5 milioni di dollari. L&#8217;importo viene arrotondato se non c&#8217;\u00e8 un biglietto vincente dopo un&#8217;estrazione. Inoltre, se partecipate alla mega estrazione, che si tiene una volta all&#8217;anno a Natale, potreste incassare 30 milioni di dollari!<\/p>\n<p>Se non avete ancora acquistato il vostro biglietto vincente per il lotto, visitate il sito jackpotlotteryonline.com e<a href=\"https:\/\/jackpotlotteryonline.com\/it\/comprare-biglietti\/saturday-lotto\"> acquistate subito il vostro biglietto<\/a>. Poi tornate per conoscere i numeri vincenti.<\/p>\n<h2>Vincere al Lotto del sabato<\/h2>\n<p><img loading=\"lazy\" decoding=\"async\" class=\"alignright size-medium wp-image-28157\" src=\"https:\/\/jackpotlotteryonline.com\/wp-content\/uploads\/2022\/11\/1_lotto_money_win-300x150.jpg\" alt=\"vincere il Lotto del sabato\" width=\"300\" height=\"150\" srcset=\"https:\/\/jackpotlotteryonline.com\/wp-content\/uploads\/2022\/11\/1_lotto_money_win-300x150.jpg 300w, https:\/\/jackpotlotteryonline.com\/wp-content\/uploads\/2022\/11\/1_lotto_money_win.jpg 320w\" sizes=\"auto, (max-width: 300px) 100vw, 300px\" \/>Il lotto Tatts \u00e8 facile da giocare, soprattutto se si gioca online. Fondamentalmente, i giocatori devono scegliere 6 numeri principali tra 1 e 45. Poi 2 numeri supplementari da 1 a 6. I numeri supplementari non hanno molto a che fare con la determinazione del jackpot. Per vincere il jackpot \u00e8 sufficiente che gli otto numeri estratti coincidano.<\/p>\n<p>Quindi, vincere il lotto significa che il biglietto corrisponde alle sei palline che vengono estratte a caso da un barile di 45 palline. Poi vengono estratte altre due palline da un altro barile con sei palline. Queste palline supplementari vengono utilizzate per vincere le altre categorie di premi.<\/p>\n<p>Le estrazioni si tengono una volta alla settimana, il sabato. Perci\u00f2, se si vuole ottenere il biglietto vincente, \u00e8 necessario acquistare l&#8217;iscrizione in tempo. Le estrazioni si chiudono il sabato entro le 19:25 AEST. I giocatori che vogliono partecipare all&#8217;estrazione di quella settimana devono acquistare i biglietti vincenti prima dell&#8217;orario di chiusura.<\/p>\n<h2>Giocare online<\/h2>\n<p>Parleremo brevemente della vincita al lotto online. Quando visitate la pagina del lotto del sabato su jackpotlotteryonline.com, vi verr\u00e0 chiesto di scegliere i numeri vincenti. Se avete delle date speciali che vi hanno portato fortuna, potete usarle.<\/p>\n<p>Tuttavia, per coloro che non hanno numeri particolari tra cui scegliere, non temete. Abbiamo un selezionatore automatico di numeri che generer\u00e0 numeri vincenti casuali per voi. Molti vincitori di lotterie hanno vinto utilizzando il selezionatore di numeri casuali.<\/p>\n<p>Una volta scelti i numeri vincenti, potrete partecipare all&#8217;estrazione settimanale. Prima di poter effettuare il pagamento, vi chiederemo di registrarvi. Questo serve per tenere al sicuro il vostro biglietto e per aiutarvi a incassare le vostre vincite. Ne parleremo presto.<\/p>\n<section class=\"layout\" style=\"border: solid 1px; width: 100%;\">\n<div class=\"img-div\" style=\"margin-top: 5px;\"><img decoding=\"async\" class=\"wp-image-17212 alignleft\" style=\"height: 45px; margin: 8px 8px 0px;\" src=\"https:\/\/jackpotlotteryonline.com\/wp-content\/uploads\/2022\/11\/read1.jpg\" alt=\"leggere\" width=\"\" height=\"\" \/><\/div>\n<div style=\"padding-left: 5px;\">\n<div style=\"font-size: 1.1em;\">\n<p><strong>Guardare i numeri della lotteria estratti in diretta<\/strong><\/p>\n<p style=\"font-size: 0.85em; margin-top: -1.5em;\">Come guardare le estrazioni in diretta delle vostre lotterie preferite\u00a0 <a href=\"https:\/\/jackpotlotteryonline.com\/it\/guarda-i-numeri-della-tua-lotteria-che-vengono-estratti-in-diretta\"> Per saperne di pi\u00f9<\/a><\/p>\n<\/div>\n<\/div>\n<\/section>\n<h2>Divisioni dei premi<\/h2>\n<p>Vincere al lotto Tatts non significa solo vincere il jackpot. Questo lotto ha in tutto otto divisioni di premi. Quando si acquista un biglietto del lotto, si ha la possibilit\u00e0 di vincere una qualsiasi di queste categorie di premi. I numeri vincenti per ogni divisione sono indicati di seguito.<\/p>\n<p>Divisione 1: Partita 6 (Jackpot)<\/p>\n<p>Divisione 2: Partita 5 + 1 numero supplementare<\/p>\n<p>Divisione 3: 5 marzo<\/p>\n<p>Divisione 4: Partita 4<\/p>\n<p>Divisione 5: Partita 3 + 1 numero supplementare<\/p>\n<p>Divisione 6: Partita 3<\/p>\n<p>Probabilmente uno dei motivi per cui gli australiani amano cos\u00ec tanto questa lotteria \u00e8 la facilit\u00e0 di vincita. La probabilit\u00e0 di vincita \u00e8 fantastica e, con un montepremi minimo di 5 milioni di AUD, non c&#8217;\u00e8 da stupirsi. Se non l&#8217;avete ancora fatto, questo \u00e8 un buon momento per pensare di acquistare un biglietto vincente.<\/p>\n<h2>Numeri supplementari<\/h2>\n<p>Abbiamo accennato ai numeri supplementari e probabilmente avrete gi\u00e0 notato che alcune divisioni li utilizzano. Si noti che questi numeri sono generati in modo casuale durante le estrazioni e vengono utilizzati per determinare le divisioni 2 e 5. I giocatori non scelgono questi numeri e non sono in grado di scegliere. I giocatori non scelgono questi numeri e non hanno alcun controllo su di essi. Quindi non allarmatevi se non vedete questa opzione quando acquistate i biglietti.<\/p>\n<h2>Come controllare i risultati della vincita<\/h2>\n<p>Ora che avete acquistato il vostro biglietto, come potete verificare se avete il biglietto vincente? Il modo migliore per farlo \u00e8 tornare qui. Dopo le estrazioni, pubblichiamo su questa pagina i risultati vincenti del lotto del sabato.<\/p>\n<p>Non pubblichiamo solo i numeri del jackpot. Pubblichiamo anche i numeri vincenti di tutte le altre divisioni. In questo modo \u00e8 possibile sapere a colpo d&#8217;occhio quanto si \u00e8 andati vicini alla vincita del lotto.<\/p>\n<p>Se vi siete registrati con noi, \u00e8 ancora pi\u00f9 facile. Non dovrete andare da nessuna parte per scoprire se avete vinto al lotto. No, perch\u00e9 vi invieremo una notifica non appena avrete vinto un premio. Proprio cos\u00ec. Riceverete un&#8217;e-mail che vi avviser\u00e0 che avete i numeri vincenti del lotto. Facciamo del nostro meglio per rendere facile e senza stress giocare al lotto da qualsiasi luogo.<\/p>\n<h2>Incassare le vincite<\/h2>\n<p><img loading=\"lazy\" decoding=\"async\" class=\"alignright size-medium wp-image-34997\" src=\"https:\/\/jackpotlotteryonline.com\/wp-content\/uploads\/2022\/11\/2_ticket_saturday_lotto_au-1-166x300.jpg\" alt=\"Ricevuta online del Saturday Lotto\" width=\"166\" height=\"300\" srcset=\"https:\/\/jackpotlotteryonline.com\/wp-content\/uploads\/2022\/11\/2_ticket_saturday_lotto_au-1-166x300.jpg 166w, https:\/\/jackpotlotteryonline.com\/wp-content\/uploads\/2022\/11\/2_ticket_saturday_lotto_au-1.jpg 250w\" sizes=\"auto, (max-width: 166px) 100vw, 166px\" \/>Se avete vinto al lotto, il passo successivo sar\u00e0 quello di accedere alle vostre vincite. Non ha senso vincere al lotto in Australia se non si pu\u00f2 entrare in possesso delle proprie vincite. Ed \u00e8 qui che le cose si fanno davvero interessanti.<\/p>\n<p>Se avete vinto un premio del lotto inferiore a 2.500 euro, ottenere il vostro premio \u00e8 incredibilmente facile. Basta prelevare la vincita dalla nostra piattaforma direttamente in banca. Abbiamo diversi metodi che potete utilizzare per incassare comodamente le vostre vincite.<\/p>\n<p>Se la vincita \u00e8 superiore a 2.500 euro, potrebbe essere necessario contattare la societ\u00e0 della lotteria per presentare un reclamo. Vi forniremo il supporto necessario inviandovi un modulo di reclamo da compilare. Si tratta di un processo semplice e praticamente senza problemi.<\/p>\n<h2>Conclusione<\/h2>\n<p>Il vantaggio di acquistare i biglietti della lotteria da noi \u00e8 che sapete di aver acquistato una partecipazione alla lotteria. Con noi, non scommettete sul risultato. Acquistate effettivamente una partecipazione. Quindi, se vincete, riceverete la vostra vincita.<\/p>\n<p>Per i giocatori \u00e8 facile giocare alle migliori lotterie internazionali. \u00c8 possibile acquistare i biglietti, controllare la combinazione vincente e incassare facilmente le vincite. Ci siamo occupati di tutti i dettagli in modo che possiate rilassarvi e divertirvi. Quando <a href=\"https:\/\/jackpotlotteryonline.com\/it\/come-giocare\/saturday-lotto\">giocate alla lotteria con jackpotlotteryonline.com<\/a>, ottenete una situazione vantaggiosa per tutti. Si registri con noi oggi.<\/p>\n","protected":false},"excerpt":{"rendered":"<p>Il Saturday Lotto, noto anche come lotto Tatts, \u00e8 una delle lotterie australiane pi\u00f9 vincenti. Ora che i giocatori di tutto il mondo possono partecipare al lotto, \u00e8 ancora pi\u00f9 importante scegliere i numeri vincenti. Vincere questa lotteria australiana significa tornare a casa con un minimo di 5 milioni di dollari. L&#8217;importo viene arrotondato se [&hellip;]<\/p>\n","protected":false},"author":1,"featured_media":0,"parent":35836,"menu_order":18,"comment_status":"closed","ping_status":"closed","template":"saturday-lotto-results.php","meta":{"_et_pb_use_builder":"","_et_pb_old_content":"","_et_gb_content_width":"","exclude_from_search":false,"footnotes":""},"class_list":["post-41261","page","type-page","status-publish","hentry"],"yoast_head":"<!-- This site is optimized with the Yoast SEO plugin v23.3 - https:\/\/yoast.com\/wordpress\/plugins\/seo\/ -->\n<title>Numeri vincenti del Lotto di sabato e risultati delle estrazioni<\/title>\n<meta name=\"description\" content=\"Confronta il tuo biglietto del lotto con i risultati dell&#039;ultima estrazione del Lotto del sabato - vedi i numeri vincenti qui!\" \/>\n<meta name=\"robots\" content=\"index, follow, max-snippet:-1, max-image-preview:large, max-video-preview:-1\" \/>\n<link rel=\"canonical\" href=\"https:\/\/jackpotlotteryonline.com\/it\/numeri-vincenti\/saturday-lotto\/\" \/>\n<meta property=\"og:locale\" content=\"it_IT\" \/>\n<meta property=\"og:type\" content=\"article\" \/>\n<meta property=\"og:title\" content=\"Numeri vincenti del Lotto di sabato e risultati delle estrazioni\" \/>\n<meta property=\"og:description\" content=\"Confronta il tuo biglietto del lotto con i risultati dell&#039;ultima estrazione del Lotto del sabato - vedi i numeri vincenti qui!\" \/>\n<meta property=\"og:url\" content=\"https:\/\/jackpotlotteryonline.com\/it\/numeri-vincenti\/saturday-lotto\/\" \/>\n<meta property=\"og:site_name\" content=\"Lotto Online - Crack The International Lottery Jackpots\" \/>\n<meta property=\"article:modified_time\" content=\"2022-12-30T15:12:09+00:00\" \/>\n<meta property=\"og:image\" content=\"https:\/\/jackpotlotteryonline.com\/wp-content\/uploads\/2022\/11\/1_lotto_money_win-300x150.jpg\" \/>\n<meta name=\"twitter:card\" content=\"summary_large_image\" \/>\n<meta name=\"twitter:label1\" content=\"Tempo di lettura stimato\" \/>\n\t<meta name=\"twitter:data1\" content=\"5 minuti\" \/>\n<!-- \/ Yoast SEO plugin. -->","yoast_head_json":{"title":"Numeri vincenti del Lotto di sabato e risultati delle estrazioni","description":"Confronta il tuo biglietto del lotto con i risultati dell'ultima estrazione del Lotto del sabato - vedi i numeri vincenti qui!","robots":{"index":"index","follow":"follow","max-snippet":"max-snippet:-1","max-image-preview":"max-image-preview:large","max-video-preview":"max-video-preview:-1"},"canonical":"https:\/\/jackpotlotteryonline.com\/it\/numeri-vincenti\/saturday-lotto\/","og_locale":"it_IT","og_type":"article","og_title":"Numeri vincenti del Lotto di sabato e risultati delle estrazioni","og_description":"Confronta il tuo biglietto del lotto con i risultati dell'ultima estrazione del Lotto del sabato - vedi i numeri vincenti qui!","og_url":"https:\/\/jackpotlotteryonline.com\/it\/numeri-vincenti\/saturday-lotto\/","og_site_name":"Lotto Online - Crack The International Lottery Jackpots","article_modified_time":"2022-12-30T15:12:09+00:00","og_image":[{"url":"https:\/\/jackpotlotteryonline.com\/wp-content\/uploads\/2022\/11\/1_lotto_money_win-300x150.jpg"}],"twitter_card":"summary_large_image","twitter_misc":{"Tempo di lettura stimato":"5 minuti"},"schema":{"@context":"https:\/\/schema.org","@graph":[{"@type":"WebPage","@id":"https:\/\/jackpotlotteryonline.com\/it\/numeri-vincenti\/saturday-lotto\/","url":"https:\/\/jackpotlotteryonline.com\/it\/numeri-vincenti\/saturday-lotto\/","name":"Numeri vincenti del Lotto di sabato e risultati delle estrazioni","isPartOf":{"@id":"https:\/\/jackpotlotteryonline.com\/#website"},"primaryImageOfPage":{"@id":"https:\/\/jackpotlotteryonline.com\/it\/numeri-vincenti\/saturday-lotto\/#primaryimage"},"image":{"@id":"https:\/\/jackpotlotteryonline.com\/it\/numeri-vincenti\/saturday-lotto\/#primaryimage"},"thumbnailUrl":"https:\/\/jackpotlotteryonline.com\/wp-content\/uploads\/2022\/11\/1_lotto_money_win-300x150.jpg","datePublished":"2022-12-08T19:37:33+00:00","dateModified":"2022-12-30T15:12:09+00:00","description":"Confronta il tuo biglietto del lotto con i risultati dell'ultima estrazione del Lotto del sabato - vedi i numeri vincenti qui!","breadcrumb":{"@id":"https:\/\/jackpotlotteryonline.com\/it\/numeri-vincenti\/saturday-lotto\/#breadcrumb"},"inLanguage":"it-IT","potentialAction":[{"@type":"ReadAction","target":["https:\/\/jackpotlotteryonline.com\/it\/numeri-vincenti\/saturday-lotto\/"]}]},{"@type":"ImageObject","inLanguage":"it-IT","@id":"https:\/\/jackpotlotteryonline.com\/it\/numeri-vincenti\/saturday-lotto\/#primaryimage","url":"https:\/\/jackpotlotteryonline.com\/wp-content\/uploads\/2022\/11\/1_lotto_money_win-300x150.jpg","contentUrl":"https:\/\/jackpotlotteryonline.com\/wp-content\/uploads\/2022\/11\/1_lotto_money_win-300x150.jpg"},{"@type":"BreadcrumbList","@id":"https:\/\/jackpotlotteryonline.com\/it\/numeri-vincenti\/saturday-lotto\/#breadcrumb","itemListElement":[{"@type":"ListItem","position":1,"name":"Home","item":"https:\/\/jackpotlotteryonline.com\/it\/"},{"@type":"ListItem","position":2,"name":"Risultati della lotteria","item":"https:\/\/jackpotlotteryonline.com\/winning-numbers\/"},{"@type":"ListItem","position":3,"name":"Risultati dell&#8217;estrazione del Lotto di sabato"}]},{"@type":"WebSite","@id":"https:\/\/jackpotlotteryonline.com\/#website","url":"https:\/\/jackpotlotteryonline.com\/","name":"Lotto Online - Crack The International Lottery Jackpots","description":"","potentialAction":[{"@type":"SearchAction","target":{"@type":"EntryPoint","urlTemplate":"https:\/\/jackpotlotteryonline.com\/?s={search_term_string}"},"query-input":"required name=search_term_string"}],"inLanguage":"it-IT"}]}},"_links":{"self":[{"href":"https:\/\/jackpotlotteryonline.com\/it\/wp-json\/wp\/v2\/pages\/41261","targetHints":{"allow":["GET"]}}],"collection":[{"href":"https:\/\/jackpotlotteryonline.com\/it\/wp-json\/wp\/v2\/pages"}],"about":[{"href":"https:\/\/jackpotlotteryonline.com\/it\/wp-json\/wp\/v2\/types\/page"}],"author":[{"embeddable":true,"href":"https:\/\/jackpotlotteryonline.com\/it\/wp-json\/wp\/v2\/users\/1"}],"replies":[{"embeddable":true,"href":"https:\/\/jackpotlotteryonline.com\/it\/wp-json\/wp\/v2\/comments?post=41261"}],"version-history":[{"count":0,"href":"https:\/\/jackpotlotteryonline.com\/it\/wp-json\/wp\/v2\/pages\/41261\/revisions"}],"up":[{"embeddable":true,"href":"https:\/\/jackpotlotteryonline.com\/it\/wp-json\/wp\/v2\/pages\/35836"}],"wp:attachment":[{"href":"https:\/\/jackpotlotteryonline.com\/it\/wp-json\/wp\/v2\/media?parent=41261"}],"curies":[{"name":"wp","href":"https:\/\/api.w.org\/{rel}","templated":true}]}}