{"id":41315,"date":"2022-12-09T06:24:19","date_gmt":"2022-12-09T06:24:19","guid":{"rendered":"https:\/\/jackpotlotteryonline.com\/?page_id=41315"},"modified":"2022-12-29T13:33:35","modified_gmt":"2022-12-29T13:33:35","slug":"thunderball","status":"publish","type":"page","link":"https:\/\/jackpotlotteryonline.com\/it\/numeri-vincenti\/thunderball\/","title":{"rendered":"Risultati dell&#8217;estrazione della lotteria Thunderball"},"content":{"rendered":"<p>Thunderball \u00e8 una delle lotterie pi\u00f9 popolari del Regno Unito. Con una piccola somma, i giocatori possono vincere mezzo milione di sterline, il che \u00e8 fantastico. Ci sono molte lotterie in circolazione, ma Thunderball ha qualcosa che attira i giocatori. Potrebbe essere per le quote incredibilmente favorevoli o per il fatto che produce molti vincitori. Qualunque sia la ragione, i giocatori di tutto il mondo acquistano i biglietti della lotteria Thunderball anche online.<\/p>\n<p>Se state <a href=\"https:\/\/jackpotlotteryonline.com\/it\/come-giocare\/thunderball\">giocando alla lotteria online<\/a>, \u00e8 essenziale controllare i numeri vincenti. In questo modo potrete sapere se il vostro biglietto corrisponde alle cifre estratte. Se vi state chiedendo come controllare i risultati dell&#8217;estrazione, siete nel posto giusto. Condivideremo anche il modo migliore per controllare i risultati dell&#8217;estrazione.<\/p>\n<p>Se <a href=\"https:\/\/jackpotlotteryonline.com\/it\/comprare-biglietti\/thunderball\">acquistate i biglietti su jackpotlotteryonline.com<\/a>, continuate a leggere per scoprire come riscuotere le vostre vincite.<\/p>\n<h2>Scegliere i numeri vincenti del Thunderball<\/h2>\n<p><img loading=\"lazy\" decoding=\"async\" class=\"alignright size-medium wp-image-29480\" src=\"http:\/\/jackpotlotteryonline.com\/wp-content\/uploads\/2022\/11\/1_rain_lottery_money_win-282x300.jpg\" alt=\"Numeri vincenti Thunderball\" width=\"282\" height=\"300\" srcset=\"https:\/\/jackpotlotteryonline.com\/wp-content\/uploads\/2022\/11\/1_rain_lottery_money_win-282x300.jpg 282w, https:\/\/jackpotlotteryonline.com\/wp-content\/uploads\/2022\/11\/1_rain_lottery_money_win.jpg 300w\" sizes=\"auto, (max-width: 282px) 100vw, 282px\" \/>Ci sono due modi principali che i giocatori utilizzano per scegliere i numeri da giocare. Per la maggior parte delle lotterie, \u00e8 necessario scegliere all&#8217;interno di un certo intervallo. Quindi, alcuni giocatori preferiscono scegliere date speciali per loro, come compleanni o anniversari. Queste sono chiamate date fortunate.<\/p>\n<p>In alcune parti del mondo, alcune persone hanno dei numeri che considerano fortunati. Per esempio, alcuni vedono il numero 7 come un numero fortunato, mentre altri vedono il numero 13 come sfortunato. Dipende da ci\u00f2 che si considera fortunato. Questo \u00e8 un metodo preferito da molti giocatori in tutto il mondo e potrebbe funzionare anche per voi.<\/p>\n<p>Il secondo metodo consiste nell&#8217;utilizzare il nostro generatore automatico per selezionare le cifre in modo casuale. Questo metodo funziona per alcune persone semplicemente perch\u00e9 la lotteria \u00e8 un gioco di fortuna. Anche se potete fare qualcosa per sentirvi fortunati, non c&#8217;\u00e8 modo di garantire una vincita.<\/p>\n<h2>Come giocare a Thunderball online<\/h2>\n<p>Il Thunderball del Regno Unito \u00e8 un gioco entusiasmante. Il processo \u00e8 simile a quello di qualsiasi altro gioco del lotto. Fondamentalmente, \u00e8 necessario scegliere 5 numeri da 1 a 39 e un numero speciale da 1 a 14. Il numero speciale \u00e8 chiamato &#8220;Thunderball&#8221;. Il numero speciale \u00e8 chiamato &#8220;Thunderball&#8221; e viene utilizzato per determinare sei categorie di premi, compreso il jackpot.<\/p>\n<p>Giocare online non \u00e8 molto diverso, solo che si pu\u00f2 usare il generatore di numeri per scegliere cifre casuali. Si tratta di una sorta di &#8220;lucky dip&#8221; per coloro che sono abituati ai biglietti fisici. \u00c8 possibile scegliere pi\u00f9 linee e pi\u00f9 biglietti per aumentare le possibilit\u00e0 di vincere il Thunderball.<\/p>\n<p>Il passo successivo consiste nel partecipare all&#8217;estrazione e questa \u00e8 la parte migliore. Si noti che \u00e8 perfettamente possibile partecipare a pi\u00f9 estrazioni. E se acquistate il vostro biglietto da noi, potete partecipare all&#8217;estrazione anche con diverse settimane di anticipo. Questo vi d\u00e0 un vantaggio quando si tratta di giocare a questo gioco d&#8217;azzardo.<\/p>\n<section class=\"layout\" style=\"border: solid 1px; width: 100%;\">\n<div class=\"img-div\" style=\"margin-top: 5px;\"><img decoding=\"async\" class=\"wp-image-17212 alignleft\" style=\"height: 45px; margin: 8px 8px 0px;\" src=\"http:\/\/jackpotlotteryonline.com\/wp-content\/uploads\/2022\/11\/read1.jpg\" alt=\"leggere\" width=\"\" height=\"\" \/><\/div>\n<div style=\"padding-left: 5px;\">\n<div style=\"font-size: 1.1em;\">\n<p><strong>Le lotterie che hanno le migliori probabilit\u00e0 di vincita<\/strong><\/p>\n<p style=\"font-size: 0.85em; margin-top: -1.5em;\">Quale lotteria ha le migliori probabilit\u00e0 di vincita?\u00a0 <a href=\"https:\/\/jackpotlotteryonline.com\/it\/quale-lotteria-ha-le-migliori-probabilita-di-vincita\">Per saperne di pi\u00f9<\/a><\/p>\n<\/div>\n<\/div>\n<\/section>\n<h2>Giorni di estrazione del Thunderball<\/h2>\n<p>I giorni di estrazione sono quattro alla settimana, il marted\u00ec, il mercoled\u00ec, il venerd\u00ec e il sabato. Questa lotteria britannica prevede quattro estrazioni settimanali. Ci\u00f2 si traduce per i giocatori in una probabilit\u00e0 quattro volte maggiore di vincere il jackpot con Thunderball.<\/p>\n<p>Potete partecipare a una singola estrazione, ma probabilmente \u00e8 meglio partecipare a pi\u00f9 estrazioni per avere maggiori possibilit\u00e0 di vincita. Ricordate che con un maggior numero di partecipazioni si ha una maggiore probabilit\u00e0 di vincere.<\/p>\n<h2>Come controllare i risultati dell&#8217;estrazione del Thunderball<\/h2>\n<p>Passiamo ora alla parte migliore, ovvero il controllo dei risultati dell&#8217;estrazione. L&#8217;unico modo per sapere se avete la combinazione giusta \u00e8 controllare i risultati dell&#8217;estrazione. La maggior parte delle lotterie organizza estrazioni dal vivo e Thunderball non fa eccezione. \u00c8 quindi possibile guardare l&#8217;estrazione in diretta online. \u00c8 importante notare che le estrazioni dal vivo avvengono a un orario particolare e che, in caso di vincita, si perde il premio.<\/p>\n<p>Naturalmente, si pu\u00f2 sempre cercare su Internet per scoprire se si \u00e8 il vincitore. Sfortunatamente, mentre si pu\u00f2 ottenere la combinazione per il jackpot, non \u00e8 altrettanto facile per le altre categorie di premi. Il premio di secondo livello per Thunderball \u00e8 di 5000 sterline e non vorrete perderlo.<\/p>\n<p>La soluzione migliore \u00e8 controllare questa pagina dopo ogni estrazione. Pubblichiamo i risultati delle ultime estrazioni per tutte le categorie. Inoltre, se avete acquistato il biglietto da noi, vi informeremo se avete vinto un premio.<\/p>\n<h2>Premi che si possono vincere<\/h2>\n<p>Detto questo, quali sono i diversi premi delle varie categorie? Il Thunderball UK prevede diverse categorie di premi, con un premio solo per l&#8217;abbinamento al Thunderball. C&#8217;\u00e8 un&#8217;alta probabilit\u00e0 che un giocatore possa vincere un premio.<\/p>\n<p>Ecco la ripartizione delle categorie di premi per l&#8217;UK Thunderball e le probabilit\u00e0 di vincita.<\/p>\n<p>Categoria 1: Partita 5 + Thunderball &#8211; 1 su 8.060.598 &#8211; \u00a3 500.000<\/p>\n<p>Categoria 2: solo Partita 5 &#8211; 1 su 620.046 &#8211; \u00a35.000<\/p>\n<p>Categoria 3: Partita 4 + Thunderball &#8211; 1 su 47.416 &#8211; \u00a3250<\/p>\n<p>Categoria 4: Solo Partita 4 &#8211; 1 su 3.648 &#8211; \u00a3100<\/p>\n<p>Categoria 5: Partita 3 + Thunderball &#8211; 1 su 1.437 &#8211; \u20ac20<\/p>\n<p>Categoria 6: Solo Partita 3 &#8211; 1 su 111 &#8211; \u00a310<\/p>\n<p>Categoria 7: Partita 2 + Thunderball &#8211; 1 su 135 &#8211; \u20ac 10<\/p>\n<p>Categoria 8: Partita 1 + Thunderball &#8211; 1 su 35 &#8211; \u20ac 5<\/p>\n<p>Categoria 9: Partita Thunderball &#8211; 1 su 29 &#8211; \u20ac 3<\/p>\n<p>Chiunque pu\u00f2 vincere un premio Thunderball, anche se vive fuori dal Regno Unito. Basta acquistare il biglietto online per avere la possibilit\u00e0 di vincere molto.<\/p>\n<h2>Incasso delle vincite<\/h2>\n<p><img loading=\"lazy\" decoding=\"async\" class=\"alignright size-full wp-image-28832\" src=\"http:\/\/jackpotlotteryonline.com\/wp-content\/uploads\/2022\/11\/1_online_win_lottery.jpg\" alt=\"richiedere il premio Thunderball\" width=\"250\" height=\"167\" \/>Abbiamo detto che vi informeremo via e-mail e attraverso il vostro conto se avete un biglietto vincente. Ma come si fa a ritirare le vincite se si vive fuori dal Regno Unito? \u00c8 una domanda che molti scommettitori si pongono. Siamo qui per tranquillizzarvi sulle vostre vincite.<\/p>\n<p>Quando vi registrate con noi e acquistate i biglietti della lotteria, vi semplifichiamo il processo. In qualit\u00e0 di sito concierge, abbiamo creato un processo senza soluzione di continuit\u00e0 che vi permetter\u00e0 di ritirare facilmente le vostre vincite. Per i premi inferiori a 2.500 euro, tutto ci\u00f2 che dovete fare \u00e8 prelevare dal nostro sito sul vostro conto.<\/p>\n<p>Se avete vinto un premio superiore a tale importo, dovrete richiedere la vostra vincita direttamente alla societ\u00e0 della lotteria. Vi forniremo un modulo di reclamo e vi guideremo attraverso il processo. Non c&#8217;\u00e8 quindi da temere: ci assicuriamo che tutto sia facile e privo di stress.<\/p>\n<h2>Cose da sapere prima di richiedere il premio<\/h2>\n<p>Prima di richiedere il premio, \u00e8 importante sapere alcune cose sul gioco della lotteria nel Regno Unito. Sappiamo gi\u00e0 che la lotteria \u00e8 aperta a tutti, indipendentemente dalla nazionalit\u00e0, ma ecco alcune cose da notare:<\/p>\n<ul>\n<li>La lotteria \u00e8 aperta ai giocatori di et\u00e0 superiore ai 16 anni.<\/li>\n<li>I premi vengono pagati in un&#8217;unica soluzione<\/li>\n<li>Le vincite alla lotteria non sono soggette a imposte nel Paese. Tuttavia, se si gioca dall&#8217;estero, \u00e8 necessario verificare le leggi fiscali del proprio Paese.<\/li>\n<li>Avete 180 giorni di tempo per reclamare una vincita prima che questa torni in gioco.<\/li>\n<li>Se avete partecipato alla lotteria tramite un venditore fisico, potreste dover contattare gli organizzatori della lotteria per reclamare la vostra vincita.<\/li>\n<\/ul>\n<h2>Vantaggi di giocare alla lotteria con Jackpotlotteryonline.com<\/h2>\n<ul>\n<li>L&#8217;accesso alla lotteria \u00e8 rapido e immediato. Non \u00e8 necessario vivere nel Regno Unito per giocare alla lotteria.<\/li>\n<li>\u00c8 molto comodo perch\u00e9 non \u00e8 necessario lasciare la comodit\u00e0 di casa. Potete controllare la vostra combinazione dal vostro computer o dispositivo mobile.<\/li>\n<li>\u00c8 anche pi\u00f9 sicuro perch\u00e9 il biglietto \u00e8 memorizzato in formato digitale. Questo \u00e8 importante perch\u00e9 \u00e8 l&#8217;unico modo per reclamare la vincita.<\/li>\n<li>Non c&#8217;\u00e8 bisogno di perdere la vincita perch\u00e9 vi avvisiamo immediatamente se vincete un premio.<\/li>\n<li>Potete facilmente ritirare le vincite online senza recarvi da nessuna parte.<\/li>\n<\/ul>\n<p>Se non avete ancora acquistato il vostro biglietto Thunderball, questo \u00e8 un ottimo momento per farlo, in modo da poter partecipare alla prossima estrazione.<\/p>\n<h2>Che cos&#8217;\u00e8 un sito concierge?<\/h2>\n<p>Abbiamo detto che siamo un sito concierge e vi starete chiedendo di cosa si tratta. Un problema che hanno i giocatori che acquistano i biglietti online \u00e8 che non sanno mai se hanno partecipato alla lotteria. Molti siti permettono ai giocatori di scommettere sull&#8217;esito della lotteria, il che \u00e8 qualcosa di completamente diverso.<\/p>\n<p>Su jackpotlotteryonline.com, diamo ai nostri utenti l&#8217;accesso alle migliori lotterie internazionali di tutto il mondo. Questo perch\u00e9 gestiamo un sito di portineria in cui abbiamo agenti in diverse parti del mondo. Quando si acquistano i biglietti della lotteria da noi, il nostro agente in quel Paese acquista un biglietto fisico con i numeri corrispondenti. Il biglietto viene poi scansionato e inviato a voi.<\/p>\n<p>Quando acquistate il biglietto della lotteria Thunderball da noi, avete la certezza che, se corrispondete ai numeri estratti, vincerete la lotteria. \u00c8 cos\u00ec semplice, ma \u00e8 l&#8217;unica cosa che d\u00e0 ai nostri clienti la tranquillit\u00e0 di giocare alla lotteria online.<\/p>\n<h2>Consigli per vincere a Thunderball<\/h2>\n<p>Anche se Thunderball \u00e8 un gioco d&#8217;azzardo, ci sono cose che potete fare per aumentare le vostre probabilit\u00e0 di vincita. Di seguito ne elenchiamo alcune:<\/p>\n<ul>\n<li>Scegliete le vostre cifre fortunate. La fortuna non \u00e8 mai troppa quando si gioca a Thunderball.<\/li>\n<li>Acquistare pi\u00f9 biglietti e partecipare a pi\u00f9 estrazioni. Infatti, pi\u00f9 sono le partecipazioni, pi\u00f9 alte sono le possibilit\u00e0 di vincita.<\/li>\n<li>Unitevi o formate un sindacato. Si tratta di un gruppo di persone che mettono insieme le proprie risorse per poter acquistare pi\u00f9 biglietti.<\/li>\n<li>Credere fermamente che si vincer\u00e0. Credere con tutto il cuore attira la fortuna. Molti vincitori della lotteria hanno parlato della loro convinzione di vincere.<\/li>\n<\/ul>\n<h2>Controllate la vostra combinazione vincente su jackpotlotteryonline.com<\/h2>\n<p>Noi rendiamo facile per i giocatori l&#8217;accesso alle migliori lotterie internazionali fornendo i biglietti online. Inoltre, \u00e8 possibile controllare i risultati delle estrazioni e incassare le vincite dal nostro sito. Giocare a Thunderball non \u00e8 mai stato cos\u00ec rilassante e privo di stress. E noi abbiamo lavorato duramente per assicurarci che rimanga tale.<\/p>\n<p>Se volete provare il Thunderball del Regno Unito, non esitate ad acquistare subito i vostri biglietti. Visitate il nostro sito dopo ogni estrazione per scoprire i risultati e incassare facilmente le vostre vincite.<\/p>\n","protected":false},"excerpt":{"rendered":"<p>Thunderball \u00e8 una delle lotterie pi\u00f9 popolari del Regno Unito. Con una piccola somma, i giocatori possono vincere mezzo milione di sterline, il che \u00e8 fantastico. Ci sono molte lotterie in circolazione, ma Thunderball ha qualcosa che attira i giocatori. Potrebbe essere per le quote incredibilmente favorevoli o per il fatto che produce molti vincitori. [&hellip;]<\/p>\n","protected":false},"author":1,"featured_media":0,"parent":35836,"menu_order":12,"comment_status":"closed","ping_status":"closed","template":"thunderball-results.php","meta":{"_et_pb_use_builder":"","_et_pb_old_content":"","_et_gb_content_width":"","exclude_from_search":false,"footnotes":""},"class_list":["post-41315","page","type-page","status-publish","hentry"],"yoast_head":"<!-- This site is optimized with the Yoast SEO plugin v23.3 - https:\/\/yoast.com\/wordpress\/plugins\/seo\/ -->\n<title>Numeri vincenti della Lotteria Thunderball e risultati dell&#039;estrazione<\/title>\n<meta name=\"description\" content=\"Controlla il tuo biglietto con i numeri vincenti e i risultati dell&#039;ultima estrazione del Thunderball, o trova i risultati storici delle estrazioni.\" \/>\n<meta name=\"robots\" content=\"index, follow, max-snippet:-1, max-image-preview:large, max-video-preview:-1\" \/>\n<link rel=\"canonical\" href=\"https:\/\/jackpotlotteryonline.com\/it\/numeri-vincenti\/thunderball\/\" \/>\n<meta property=\"og:locale\" content=\"it_IT\" \/>\n<meta property=\"og:type\" content=\"article\" \/>\n<meta property=\"og:title\" content=\"Numeri vincenti della Lotteria Thunderball e risultati dell&#039;estrazione\" \/>\n<meta property=\"og:description\" content=\"Controlla il tuo biglietto con i numeri vincenti e i risultati dell&#039;ultima estrazione del Thunderball, o trova i risultati storici delle estrazioni.\" \/>\n<meta property=\"og:url\" content=\"https:\/\/jackpotlotteryonline.com\/it\/numeri-vincenti\/thunderball\/\" \/>\n<meta property=\"og:site_name\" content=\"Lotto Online - Crack The International Lottery Jackpots\" \/>\n<meta property=\"article:modified_time\" content=\"2022-12-29T13:33:35+00:00\" \/>\n<meta property=\"og:image\" content=\"http:\/\/jackpotlotteryonline.com\/wp-content\/uploads\/2022\/11\/1_rain_lottery_money_win-282x300.jpg\" \/>\n<meta name=\"twitter:card\" content=\"summary_large_image\" \/>\n<meta name=\"twitter:label1\" content=\"Tempo di lettura stimato\" \/>\n\t<meta name=\"twitter:data1\" content=\"8 minuti\" \/>\n<!-- \/ Yoast SEO plugin. -->","yoast_head_json":{"title":"Numeri vincenti della Lotteria Thunderball e risultati dell'estrazione","description":"Controlla il tuo biglietto con i numeri vincenti e i risultati dell'ultima estrazione del Thunderball, o trova i risultati storici delle estrazioni.","robots":{"index":"index","follow":"follow","max-snippet":"max-snippet:-1","max-image-preview":"max-image-preview:large","max-video-preview":"max-video-preview:-1"},"canonical":"https:\/\/jackpotlotteryonline.com\/it\/numeri-vincenti\/thunderball\/","og_locale":"it_IT","og_type":"article","og_title":"Numeri vincenti della Lotteria Thunderball e risultati dell'estrazione","og_description":"Controlla il tuo biglietto con i numeri vincenti e i risultati dell'ultima estrazione del Thunderball, o trova i risultati storici delle estrazioni.","og_url":"https:\/\/jackpotlotteryonline.com\/it\/numeri-vincenti\/thunderball\/","og_site_name":"Lotto Online - Crack The International Lottery Jackpots","article_modified_time":"2022-12-29T13:33:35+00:00","og_image":[{"url":"http:\/\/jackpotlotteryonline.com\/wp-content\/uploads\/2022\/11\/1_rain_lottery_money_win-282x300.jpg"}],"twitter_card":"summary_large_image","twitter_misc":{"Tempo di lettura stimato":"8 minuti"},"schema":{"@context":"https:\/\/schema.org","@graph":[{"@type":"WebPage","@id":"https:\/\/jackpotlotteryonline.com\/it\/numeri-vincenti\/thunderball\/","url":"https:\/\/jackpotlotteryonline.com\/it\/numeri-vincenti\/thunderball\/","name":"Numeri vincenti della Lotteria Thunderball e risultati dell'estrazione","isPartOf":{"@id":"https:\/\/jackpotlotteryonline.com\/#website"},"primaryImageOfPage":{"@id":"https:\/\/jackpotlotteryonline.com\/it\/numeri-vincenti\/thunderball\/#primaryimage"},"image":{"@id":"https:\/\/jackpotlotteryonline.com\/it\/numeri-vincenti\/thunderball\/#primaryimage"},"thumbnailUrl":"http:\/\/jackpotlotteryonline.com\/wp-content\/uploads\/2022\/11\/1_rain_lottery_money_win-282x300.jpg","datePublished":"2022-12-09T06:24:19+00:00","dateModified":"2022-12-29T13:33:35+00:00","description":"Controlla il tuo biglietto con i numeri vincenti e i risultati dell'ultima estrazione del Thunderball, o trova i risultati storici delle estrazioni.","breadcrumb":{"@id":"https:\/\/jackpotlotteryonline.com\/it\/numeri-vincenti\/thunderball\/#breadcrumb"},"inLanguage":"it-IT","potentialAction":[{"@type":"ReadAction","target":["https:\/\/jackpotlotteryonline.com\/it\/numeri-vincenti\/thunderball\/"]}]},{"@type":"ImageObject","inLanguage":"it-IT","@id":"https:\/\/jackpotlotteryonline.com\/it\/numeri-vincenti\/thunderball\/#primaryimage","url":"http:\/\/jackpotlotteryonline.com\/wp-content\/uploads\/2022\/11\/1_rain_lottery_money_win-282x300.jpg","contentUrl":"http:\/\/jackpotlotteryonline.com\/wp-content\/uploads\/2022\/11\/1_rain_lottery_money_win-282x300.jpg"},{"@type":"BreadcrumbList","@id":"https:\/\/jackpotlotteryonline.com\/it\/numeri-vincenti\/thunderball\/#breadcrumb","itemListElement":[{"@type":"ListItem","position":1,"name":"Home","item":"https:\/\/jackpotlotteryonline.com\/it\/"},{"@type":"ListItem","position":2,"name":"Risultati della lotteria","item":"https:\/\/jackpotlotteryonline.com\/winning-numbers\/"},{"@type":"ListItem","position":3,"name":"Risultati dell&#8217;estrazione della lotteria Thunderball"}]},{"@type":"WebSite","@id":"https:\/\/jackpotlotteryonline.com\/#website","url":"https:\/\/jackpotlotteryonline.com\/","name":"Lotto Online - Crack The International Lottery Jackpots","description":"","potentialAction":[{"@type":"SearchAction","target":{"@type":"EntryPoint","urlTemplate":"https:\/\/jackpotlotteryonline.com\/?s={search_term_string}"},"query-input":"required name=search_term_string"}],"inLanguage":"it-IT"}]}},"_links":{"self":[{"href":"https:\/\/jackpotlotteryonline.com\/it\/wp-json\/wp\/v2\/pages\/41315","targetHints":{"allow":["GET"]}}],"collection":[{"href":"https:\/\/jackpotlotteryonline.com\/it\/wp-json\/wp\/v2\/pages"}],"about":[{"href":"https:\/\/jackpotlotteryonline.com\/it\/wp-json\/wp\/v2\/types\/page"}],"author":[{"embeddable":true,"href":"https:\/\/jackpotlotteryonline.com\/it\/wp-json\/wp\/v2\/users\/1"}],"replies":[{"embeddable":true,"href":"https:\/\/jackpotlotteryonline.com\/it\/wp-json\/wp\/v2\/comments?post=41315"}],"version-history":[{"count":0,"href":"https:\/\/jackpotlotteryonline.com\/it\/wp-json\/wp\/v2\/pages\/41315\/revisions"}],"up":[{"embeddable":true,"href":"https:\/\/jackpotlotteryonline.com\/it\/wp-json\/wp\/v2\/pages\/35836"}],"wp:attachment":[{"href":"https:\/\/jackpotlotteryonline.com\/it\/wp-json\/wp\/v2\/media?parent=41315"}],"curies":[{"name":"wp","href":"https:\/\/api.w.org\/{rel}","templated":true}]}}