{"id":41368,"date":"2022-12-09T08:32:54","date_gmt":"2022-12-09T08:32:54","guid":{"rendered":"https:\/\/jackpotlotteryonline.com\/?page_id=41368"},"modified":"2022-12-30T09:49:45","modified_gmt":"2022-12-30T09:49:45","slug":"new-york-lottery","status":"publish","type":"page","link":"https:\/\/jackpotlotteryonline.com\/it\/numeri-vincenti\/new-york-lottery\/","title":{"rendered":"Risultati della lotteria di New York"},"content":{"rendered":"<p>Il lotto di New York era una di quelle lotterie trascurate. Soprattutto perch\u00e9 si poteva partecipare alla lotteria solo se residenti a New York. Tutto questo \u00e8 cambiato ora che i giocatori di tutto il mondo possono acquistare i biglietti della lotteria. Ora, sempre pi\u00f9 appassionati di lotterie scelgono i numeri vincenti giocando online. Il lotto di New York \u00e8 stato fondato per raccogliere fondi per l&#8217;istruzione, quindi ha origine da una buona causa. Ogni volta che si acquista un biglietto, si contribuisce al finanziamento dell&#8217;istruzione.<\/p>\n<p>Potete scegliere la vostra combinazione del lotto di New York quando <a href=\"https:\/\/jackpotlotteryonline.com\/it\/comprare-biglietti\/new-york-lottery\">acquistate il biglietto della lotteria su jackpotlotteryonline.com.<\/a><\/p>\n<h2>Come giocare al lotto di New York online<\/h2>\n<p>Giocare alla lotteria \u00e8 divertente ed emozionante. Ma questa esperienza \u00e8 ancora pi\u00f9 intensa quando si gioca online. Partecipare alla lotteria online \u00e8 veloce, semplice e assolutamente immediato. Se state giocando al lotto di New York, ecco i passi da seguire:<\/p>\n<ul>\n<li>Visitate il sito di vostra scelta (ad esempio jackpotlotteryonline.com) e cliccate sulla lotteria a cui volete giocare.<\/li>\n<li>Scegliete 6 numeri da un range compreso tra 1 e 59. C&#8217;\u00e8 un settimo numero, ma viene estratto a caso dalla societ\u00e0 del lotto e non fa parte del biglietto.<\/li>\n<li>Partecipate alle estrazioni che si tengono il mercoled\u00ec e il sabato di ogni settimana. \u00c8 possibile partecipare a una sola estrazione o a entrambe.<\/li>\n<li>Completare il pagamento. La maggior parte dei siti di lotterie richiede la registrazione per completare il pagamento. In questo modo potrete accedere facilmente al vostro biglietto dopo averlo acquistato.<\/li>\n<\/ul>\n<p>Giocare alla lotteria online \u00e8 davvero cos\u00ec semplice. Non c&#8217;\u00e8 altro modo per ottenere i biglietti al di fuori di New York. Ecco perch\u00e9 forniamo l&#8217;opzione definitiva per i giocatori che vivono in un&#8217;altra parte del mondo.<\/p>\n<h2>Come scegliere i numeri vincenti<\/h2>\n<p><img loading=\"lazy\" decoding=\"async\" class=\"alignright size-full wp-image-29534\" src=\"http:\/\/jackpotlotteryonline.com\/wp-content\/uploads\/2022\/11\/1_results_lottery_online5.jpg\" alt=\"gioca al lotto di New York online\" width=\"300\" height=\"200\" \/>Esiste davvero una strategia vincente per scegliere le combinazioni che garantiscono la vittoria alla lotteria? Noi pensiamo di no, per il semplice motivo che la lotteria \u00e8 un gioco d&#8217;azzardo. \u00c8 piuttosto difficile dire quale combinazione vi aiuter\u00e0 a vincere la lotteria, soprattutto perch\u00e9 le estrazioni sono casuali.<\/p>\n<p>Tuttavia, potete aumentare la vostra fortuna scegliendo i numeri vincenti che vi fanno sentire fortunati. Potete quindi scegliere compleanni, anniversari, cifre che vi hanno portato fortuna per tutta la vita, ecc. Oppure, potete semplicemente utilizzare lo strumento del generatore automatico sul nostro sito per scegliere cifre casuali.<\/p>\n<h2>Categorie di premi del lotto di New York<\/h2>\n<p>Questo lotto di New York ha un montepremi minimo di 2 milioni di dollari. Ma se nessuno vince il jackpot dopo le estrazioni, questo aumenta di 300.000 dollari. Questo premio continua ad aumentare fino a quando non emerge un vincitore.<\/p>\n<p>In tutto ci sono cinque categorie di premi, compreso il jackpot. Le probabilit\u00e0 di vincere un premio in totale sono di 1 su 92,05. La distribuzione dei premi dipende dalle vendite complessive. Pertanto, per ogni lotto, il 40% delle vendite viene assegnato come premio in denaro. Il montepremi \u00e8 una percentuale di questo e non \u00e8 un importo fisso. Le categorie di premi del lotto di New York sono descritte di seguito:<\/p>\n<p>Categoria 1: 6 numeri &#8211; jackpot (30%)<\/p>\n<p>Categoria 2: 5 + numero bonus &#8211; 2,9% delle vendite<\/p>\n<p>Categoria 3: 5 numeri &#8211; 2,2% delle vendite<\/p>\n<p>Categoria 4: 4 numeri &#8211; 2,5% delle vendite<\/p>\n<p>Categoria 5: 3 numeri &#8211; 2,4% delle vendite<\/p>\n<h2>Come controllare i numeri vincenti<\/h2>\n<p>Come si fa a sapere se si \u00e8 vinto un premio? Fondamentalmente, se sta giocando al lotto di New York su jackpotlotteryonline.com, la informeremo se ha vinto un premio. Lo facciamo inviando un messaggio al suo account e alla sua e-mail. Non c&#8217;\u00e8 davvero modo di perdere il premio se siete registrati con noi.<\/p>\n<p>Anche se non vincete un premio, potete controllare i numeri vincenti visitando questa pagina. I risultati dell&#8217;estrazione vengono pubblicati qui dopo ogni estrazione. Quindi tornate a vedere quale combinazione ha vinto il jackpot o i premi di altre categorie.<\/p>\n<h2>Come ritirare il premio<\/h2>\n<p><img loading=\"lazy\" decoding=\"async\" class=\"alignright size-medium wp-image-29183\" src=\"http:\/\/jackpotlotteryonline.com\/wp-content\/uploads\/2022\/11\/1_play_lotto-online-300x199.jpg\" alt=\"Numeri vincenti del lotto di New York\" width=\"300\" height=\"199\" srcset=\"https:\/\/jackpotlotteryonline.com\/wp-content\/uploads\/2022\/11\/1_play_lotto-online-300x199.jpg 300w, https:\/\/jackpotlotteryonline.com\/wp-content\/uploads\/2022\/11\/1_play_lotto-online.jpg 350w\" sizes=\"auto, (max-width: 300px) 100vw, 300px\" \/>Se avete vinto un premio, potete accedere facilmente alla vostra vincita proprio qui sul nostro sito. Per i premi inferiori a 2.500 euro, potete ritirare le vostre vincite direttamente sulla vostra banca dalla nostra piattaforma. Bastano pochi clic per ricevere il premio senza problemi.<\/p>\n<p>Tuttavia, se la vincita \u00e8 superiore a 2.500 euro, potrebbe essere necessario contattare direttamente la societ\u00e0 della lotteria. In questo caso, vi invieremo un modulo di richiesta di rimborso da compilare e vi aiuteremo a elaborare la vostra vincita.<\/p>\n<h2>Consigli per giocare al lotto di New York<\/h2>\n<p>Se avete bisogno di alcuni consigli per giocare alla lotteria, continuate a leggere. Questi consigli sono utili per giocare a qualsiasi lotteria internazionale di alto livello. Non sono quindi limitati al solo lotto di New York.<\/p>\n<ul>\n<li style=\"list-style-type: none;\">\n<ul>\n<li>Scegliete con cura i numeri vincenti. Anche se non \u00e8 possibile prevedere il vincitore della lotteria, \u00e8 sempre una buona idea scegliere una combinazione che abbia un significato per voi.<\/li>\n<li>Per questo lotto di New York, il numero bonus \u00e8 importante perch\u00e9 determina il premio della seconda categoria. Non ignoratelo, quindi, perch\u00e9 potreste tornare a casa con una bella vincita anche se non vincete il jackpot.<\/li>\n<li>Prestate attenzione ai giorni di estrazione, perch\u00e9 \u00e8 allora che si conosce il numero vincente. Inoltre, se non si partecipa a un&#8217;estrazione, non si pu\u00f2 vincere alcun premio durante quell&#8217;estrazione. I giorni di estrazione sono quindi molto importanti. Potete anche partecipare alle estrazioni con diverse settimane di anticipo (vi mostreremo come, pi\u00f9 avanti).<\/li>\n<\/ul>\n<\/li>\n<\/ul>\n<section class=\"layout\" style=\"border: solid 1px; width: 100%;\">\n<div class=\"img-div\" style=\"margin-top: 5px;\"><img decoding=\"async\" class=\"wp-image-17212 alignleft\" style=\"height: 45px; margin: 8px 8px 0px;\" src=\"http:\/\/jackpotlotteryonline.com\/wp-content\/uploads\/2022\/11\/read1.jpg\" alt=\"leggere\" width=\"\" height=\"\" \/><\/div>\n<div style=\"padding-left: 5px;\">\n<div style=\"font-size: 1.1em;\">\n<p><strong>Qual \u00e8 il segreto del successo alla lotteria?<\/strong><\/p>\n<p style=\"font-size: 0.85em; margin-top: -1.5em;\">Come giocare con successo alla lotteria\u00a0 <a href=\"https:\/\/jackpotlotteryonline.com\/it\/qual-e-il-segreto-del-successo-della-lotteria\"> Per saperne di pi\u00f9<\/a><\/p>\n<\/div>\n<\/div>\n<\/section>\n<h2>Controllare i risultati delle estrazioni su jackpotlotteryonline.com<\/h2>\n<p>Siamo un sito concierge che si occupa dei dettagli in modo che i nostri clienti possano godersi l&#8217;esperienza di giocare alla lotteria. Siamo consapevoli che nessuno vuole preoccuparsi delle piccole cose. Quel tempo potrebbe essere speso meglio per perfezionare la propria strategia di gioco. Ed \u00e8 per questo che siamo qui.<\/p>\n<p>Diamo ai nostri clienti la possibilit\u00e0 di partecipare a lotterie in tutto il mondo. Inoltre, pubblichiamo i risultati delle lotterie proprio qui e forniamo un sistema continuo per permettervi di accedere alle vostre vincite.<\/p>\n<p><a href=\"https:\/\/jackpotlotteryonline.com\/it\/come-giocare\/new-york-lottery-2\">Giocare al lotto di New York con noi<\/a> \u00e8 una vittoria per tutti.<\/p>\n","protected":false},"excerpt":{"rendered":"<p>Il lotto di New York era una di quelle lotterie trascurate. Soprattutto perch\u00e9 si poteva partecipare alla lotteria solo se residenti a New York. Tutto questo \u00e8 cambiato ora che i giocatori di tutto il mondo possono acquistare i biglietti della lotteria. Ora, sempre pi\u00f9 appassionati di lotterie scelgono i numeri vincenti giocando online. Il [&hellip;]<\/p>\n","protected":false},"author":1,"featured_media":0,"parent":35836,"menu_order":15,"comment_status":"closed","ping_status":"closed","template":"newyork-results.php","meta":{"_et_pb_use_builder":"","_et_pb_old_content":"","_et_gb_content_width":"","exclude_from_search":false,"footnotes":""},"class_list":["post-41368","page","type-page","status-publish","hentry"],"yoast_head":"<!-- This site is optimized with the Yoast SEO plugin v23.3 - https:\/\/yoast.com\/wordpress\/plugins\/seo\/ -->\n<title>Numeri vincenti della lotteria di New York e risultati delle estrazioni<\/title>\n<meta name=\"description\" content=\"I risultati delle estrazioni della Lotteria di New York - numeri vincenti, importi vinti per tutte le estrazioni passate e presenti\" \/>\n<meta name=\"robots\" content=\"index, follow, max-snippet:-1, max-image-preview:large, max-video-preview:-1\" \/>\n<link rel=\"canonical\" href=\"https:\/\/jackpotlotteryonline.com\/it\/numeri-vincenti\/new-york-lottery\/\" \/>\n<meta property=\"og:locale\" content=\"it_IT\" \/>\n<meta property=\"og:type\" content=\"article\" \/>\n<meta property=\"og:title\" content=\"Numeri vincenti della lotteria di New York e risultati delle estrazioni\" \/>\n<meta property=\"og:description\" content=\"I risultati delle estrazioni della Lotteria di New York - numeri vincenti, importi vinti per tutte le estrazioni passate e presenti\" \/>\n<meta property=\"og:url\" content=\"https:\/\/jackpotlotteryonline.com\/it\/numeri-vincenti\/new-york-lottery\/\" \/>\n<meta property=\"og:site_name\" content=\"Lotto Online - Crack The International Lottery Jackpots\" \/>\n<meta property=\"article:modified_time\" content=\"2022-12-30T09:49:45+00:00\" \/>\n<meta property=\"og:image\" content=\"http:\/\/jackpotlotteryonline.com\/wp-content\/uploads\/2022\/11\/1_results_lottery_online5.jpg\" \/>\n<meta name=\"twitter:card\" content=\"summary_large_image\" \/>\n<meta name=\"twitter:label1\" content=\"Tempo di lettura stimato\" \/>\n\t<meta name=\"twitter:data1\" content=\"6 minuti\" \/>\n<!-- \/ Yoast SEO plugin. -->","yoast_head_json":{"title":"Numeri vincenti della lotteria di New York e risultati delle estrazioni","description":"I risultati delle estrazioni della Lotteria di New York - numeri vincenti, importi vinti per tutte le estrazioni passate e presenti","robots":{"index":"index","follow":"follow","max-snippet":"max-snippet:-1","max-image-preview":"max-image-preview:large","max-video-preview":"max-video-preview:-1"},"canonical":"https:\/\/jackpotlotteryonline.com\/it\/numeri-vincenti\/new-york-lottery\/","og_locale":"it_IT","og_type":"article","og_title":"Numeri vincenti della lotteria di New York e risultati delle estrazioni","og_description":"I risultati delle estrazioni della Lotteria di New York - numeri vincenti, importi vinti per tutte le estrazioni passate e presenti","og_url":"https:\/\/jackpotlotteryonline.com\/it\/numeri-vincenti\/new-york-lottery\/","og_site_name":"Lotto Online - Crack The International Lottery Jackpots","article_modified_time":"2022-12-30T09:49:45+00:00","og_image":[{"url":"http:\/\/jackpotlotteryonline.com\/wp-content\/uploads\/2022\/11\/1_results_lottery_online5.jpg"}],"twitter_card":"summary_large_image","twitter_misc":{"Tempo di lettura stimato":"6 minuti"},"schema":{"@context":"https:\/\/schema.org","@graph":[{"@type":"WebPage","@id":"https:\/\/jackpotlotteryonline.com\/it\/numeri-vincenti\/new-york-lottery\/","url":"https:\/\/jackpotlotteryonline.com\/it\/numeri-vincenti\/new-york-lottery\/","name":"Numeri vincenti della lotteria di New York e risultati delle estrazioni","isPartOf":{"@id":"https:\/\/jackpotlotteryonline.com\/#website"},"primaryImageOfPage":{"@id":"https:\/\/jackpotlotteryonline.com\/it\/numeri-vincenti\/new-york-lottery\/#primaryimage"},"image":{"@id":"https:\/\/jackpotlotteryonline.com\/it\/numeri-vincenti\/new-york-lottery\/#primaryimage"},"thumbnailUrl":"http:\/\/jackpotlotteryonline.com\/wp-content\/uploads\/2022\/11\/1_results_lottery_online5.jpg","datePublished":"2022-12-09T08:32:54+00:00","dateModified":"2022-12-30T09:49:45+00:00","description":"I risultati delle estrazioni della Lotteria di New York - numeri vincenti, importi vinti per tutte le estrazioni passate e presenti","breadcrumb":{"@id":"https:\/\/jackpotlotteryonline.com\/it\/numeri-vincenti\/new-york-lottery\/#breadcrumb"},"inLanguage":"it-IT","potentialAction":[{"@type":"ReadAction","target":["https:\/\/jackpotlotteryonline.com\/it\/numeri-vincenti\/new-york-lottery\/"]}]},{"@type":"ImageObject","inLanguage":"it-IT","@id":"https:\/\/jackpotlotteryonline.com\/it\/numeri-vincenti\/new-york-lottery\/#primaryimage","url":"http:\/\/jackpotlotteryonline.com\/wp-content\/uploads\/2022\/11\/1_results_lottery_online5.jpg","contentUrl":"http:\/\/jackpotlotteryonline.com\/wp-content\/uploads\/2022\/11\/1_results_lottery_online5.jpg"},{"@type":"BreadcrumbList","@id":"https:\/\/jackpotlotteryonline.com\/it\/numeri-vincenti\/new-york-lottery\/#breadcrumb","itemListElement":[{"@type":"ListItem","position":1,"name":"Home","item":"https:\/\/jackpotlotteryonline.com\/it\/"},{"@type":"ListItem","position":2,"name":"Risultati della lotteria","item":"https:\/\/jackpotlotteryonline.com\/winning-numbers\/"},{"@type":"ListItem","position":3,"name":"Risultati della lotteria di New York"}]},{"@type":"WebSite","@id":"https:\/\/jackpotlotteryonline.com\/#website","url":"https:\/\/jackpotlotteryonline.com\/","name":"Lotto Online - Crack The International Lottery Jackpots","description":"","potentialAction":[{"@type":"SearchAction","target":{"@type":"EntryPoint","urlTemplate":"https:\/\/jackpotlotteryonline.com\/?s={search_term_string}"},"query-input":"required name=search_term_string"}],"inLanguage":"it-IT"}]}},"_links":{"self":[{"href":"https:\/\/jackpotlotteryonline.com\/it\/wp-json\/wp\/v2\/pages\/41368","targetHints":{"allow":["GET"]}}],"collection":[{"href":"https:\/\/jackpotlotteryonline.com\/it\/wp-json\/wp\/v2\/pages"}],"about":[{"href":"https:\/\/jackpotlotteryonline.com\/it\/wp-json\/wp\/v2\/types\/page"}],"author":[{"embeddable":true,"href":"https:\/\/jackpotlotteryonline.com\/it\/wp-json\/wp\/v2\/users\/1"}],"replies":[{"embeddable":true,"href":"https:\/\/jackpotlotteryonline.com\/it\/wp-json\/wp\/v2\/comments?post=41368"}],"version-history":[{"count":0,"href":"https:\/\/jackpotlotteryonline.com\/it\/wp-json\/wp\/v2\/pages\/41368\/revisions"}],"up":[{"embeddable":true,"href":"https:\/\/jackpotlotteryonline.com\/it\/wp-json\/wp\/v2\/pages\/35836"}],"wp:attachment":[{"href":"https:\/\/jackpotlotteryonline.com\/it\/wp-json\/wp\/v2\/media?parent=41368"}],"curies":[{"name":"wp","href":"https:\/\/api.w.org\/{rel}","templated":true}]}}