{"id":41422,"date":"2022-12-09T10:14:32","date_gmt":"2022-12-09T10:14:32","guid":{"rendered":"https:\/\/jackpotlotteryonline.com\/?page_id=41422"},"modified":"2022-12-30T12:02:13","modified_gmt":"2022-12-30T12:02:13","slug":"oz-lotto","status":"publish","type":"page","link":"https:\/\/jackpotlotteryonline.com\/it\/numeri-vincenti\/oz-lotto\/","title":{"rendered":"Risultati dell&#8217;estrazione del Lotto di Oz"},"content":{"rendered":"<h2>Informazioni sui risultati dell&#8217;estrazione dell&#8217;Oz Lotto<\/h2>\n<p><img loading=\"lazy\" decoding=\"async\" class=\"alignright size-full wp-image-26942\" src=\"http:\/\/jackpotlotteryonline.com\/wp-content\/uploads\/2022\/11\/1_euromillions_results.jpg\" alt=\"risultati delle estrazioni del lotto oz\" width=\"300\" height=\"200\" \/>Siete curiosi di conoscere i risultati dell&#8217;estrazione dell&#8217;Oz Lotto o di sapere cosa succede dopo una vincita? Questo articolo vi guider\u00e0 su come rispondere a queste domande.<\/p>\n<p>Il Lotto australiano viene estratto ogni marted\u00ec e sabato alle 19:30 AEST, quindi dopo aver scelto i vostri numeri, potete sedervi e aspettare l&#8217;estrazione. Le estrazioni vengono effettuate a Sydney attraverso un generatore di numeri computerizzato.<\/p>\n<p>L&#8217;Oz Lotto \u00e8 un gioco piuttosto remunerativo che prevede sette divisioni di premi dove, se la Divisione 1 (il jackpot) non viene vinta, si possono vincere altri premi se il giocatore indovina cinque o quattro numeri. Inoltre, dieci premi da 2 milioni di dollari ciascuno vengono assegnati quando nessun giocatore riesce a indovinare tutti e sette i numeri estratti.<\/p>\n<p>Inoltre, i risultati dell&#8217;estrazione della lotteria vengono pubblicati una settimana dopo l&#8217;estrazione sul sito web del governo vittoriano. L&#8217;ora dell&#8217;estrazione viene mantenuta privata, per proteggere la privacy dei partecipanti.<\/p>\n<h2>Come posso vincere all&#8217;Oz Lotto australiano?<\/h2>\n<p>Per vincere un premio all&#8217;Oz Lotto \u00e8 necessario sapere quanto segue:<\/p>\n<ul>\n<li>Per <a href=\"https:\/\/jackpotlotteryonline.com\/it\/come-giocare\/oz-lotto\">giocare all&#8217;Oz Lotto<\/a>, il giocatore deve estrarre dieci numeri da un pool di 47. I primi sette estratti sono considerati vincenti.<\/li>\n<li>I primi sette estratti sono considerati i numeri vincenti per il jackpot.<\/li>\n<li>I restanti tre estratti sono i numeri supplementari che vengono utilizzati per determinare i premi per le altre divisioni.<\/li>\n<li>Maggiore \u00e8 il numero di numeri corrispondenti, maggiore sar\u00e0 il premio.<\/li>\n<li>Partecipare all&#8217;Oz Lotto \u00e8 un gioco di probabilit\u00e0: si pu\u00f2 vincere o perdere.<\/li>\n<\/ul>\n<h2>Come posso verificare se ho vinto in una determinata estrazione?<\/h2>\n<p><img loading=\"lazy\" decoding=\"async\" class=\"alignright size-full wp-image-26159\" src=\"http:\/\/jackpotlotteryonline.com\/wp-content\/uploads\/2022\/11\/1_buy_lottery_online.jpg\" alt=\"risultati delle estrazioni del lotto oz\" width=\"212\" height=\"142\" \/>Se avete <a href=\"https:\/\/jackpotlotteryonline.com\/it\/comprare-biglietti\/oz-lotto\">acquistato un biglietto presso di noi<\/a>, controllate l&#8217;esito dell&#8217;estrazione sul nostro sito web. Il modo pi\u00f9 semplice per sapere se avete vinto \u00e8 accedere al vostro conto giocatore sul nostro sito web. Andate quindi su &#8220;I miei biglietti&#8221; e vedrete la scansione del vostro biglietto con i numeri con cui avete giocato. Dopo l&#8217;estrazione, tutte le cifre corrispondenti saranno evidenziate.<\/p>\n<p>Un altro modo per sapere se avete vinto \u00e8 controllare la vostra e-mail. Subito dopo l&#8217;estrazione, riceverete un&#8217;e-mail di notifica. Utilizzate le informazioni per sapere se avete vinto in quell&#8217;estrazione.<\/p>\n<p>Inoltre, potete visitare il sito ufficiale dell&#8217;Australian Oz Lotto per saperne di pi\u00f9 sui risultati passati e sulle informazioni generali sulla lotteria.<\/p>\n<h2>Come migliorare le possibilit\u00e0 di vincita<\/h2>\n<p>Per aumentare le probabilit\u00e0 di vincere il jackpot, \u00e8 possibile partecipare a pi\u00f9 estrazioni acquistando biglietti per estrazioni consecutive. In questo modo si pu\u00f2 giocare alla stessa selezione per un paio di settimane. Questo modo di giocare aumenter\u00e0 il costo dei vostri ordini, ma vi permetter\u00e0 di giocare a pi\u00f9 estrazioni.<\/p>\n<section class=\"layout\" style=\"border: solid 1px; width: 100%;\">\n<div class=\"img-div\" style=\"margin-top: 5px;\"><img decoding=\"async\" class=\"wp-image-17212 alignleft\" style=\"height: 45px; margin: 8px 8px 0px;\" src=\"http:\/\/jackpotlotteryonline.com\/wp-content\/uploads\/2022\/11\/read1.jpg\" alt=\"leggere\" width=\"\" height=\"\" \/><\/div>\n<div style=\"padding-left: 5px;\">\n<div style=\"font-size: 1.1em;\">\n<p><strong>Scegliere i numeri vincenti del lotto manualmente o utilizzando un RNG<\/strong><\/p>\n<p style=\"font-size: 0.85em; margin-top: -1.5em;\">Come generare i numeri vincenti del lotto?\u00a0<a href=\"https:\/\/jackpotlotteryonline.com\/it\/come-generare-i-numeri-vincenti-del-lotto\"> Per saperne di pi\u00f9<\/a><\/p>\n<\/div>\n<\/div>\n<\/section>\n<h2>Come posso ricevere il mio premio?<\/h2>\n<p>In caso di vincita di un premio, tenete presente quanto segue:<\/p>\n<ul>\n<li>Le vincite inferiori a 2.500 euro saranno automaticamente trasferite sul conto del giocatore. Con il premio si pu\u00f2 prelevare o continuare ad acquistare altri biglietti.<\/li>\n<li>Per le vincite superiori a 2.500 euro, il premio sar\u00e0 pagato direttamente dalla commissione della lotteria e potr\u00e0 essere ricevuto tramite bonifico bancario o assegno.<\/li>\n<\/ul>\n<p>Non perdetevi le estrazioni. Per essere sicuri di non perdere nessuna informazione, si consiglia ai giocatori di inserire nella whitelist di jackpotlotteryonline.com un provider di e-mail affidabile.<\/p>\n<p><strong>Per concludere&#8230;<\/strong><\/p>\n<p>Oz Lotto \u00e8 una delle lotterie pi\u00f9 popolari in Australia dal 1994. Molte persone sono diventate milionarie da un giorno all&#8217;altro grazie a questo gioco. Quindi cosa vi impedisce di giocare? Partecipate a questa lotteria australiana e avrete la possibilit\u00e0 di vincere uno dei tanti premi, se non il jackpot.<\/p>\n<p><strong>Registratevi oggi stesso per vincere!<\/strong><\/p>\n","protected":false},"excerpt":{"rendered":"<p>Informazioni sui risultati dell&#8217;estrazione dell&#8217;Oz Lotto Siete curiosi di conoscere i risultati dell&#8217;estrazione dell&#8217;Oz Lotto o di sapere cosa succede dopo una vincita? Questo articolo vi guider\u00e0 su come rispondere a queste domande. Il Lotto australiano viene estratto ogni marted\u00ec e sabato alle 19:30 AEST, quindi dopo aver scelto i vostri numeri, potete sedervi e [&hellip;]<\/p>\n","protected":false},"author":1,"featured_media":0,"parent":35836,"menu_order":16,"comment_status":"closed","ping_status":"closed","template":"","meta":{"_et_pb_use_builder":"","_et_pb_old_content":"","_et_gb_content_width":"","exclude_from_search":false,"footnotes":""},"class_list":["post-41422","page","type-page","status-publish","hentry"],"yoast_head":"<!-- This site is optimized with the Yoast SEO plugin v23.3 - https:\/\/yoast.com\/wordpress\/plugins\/seo\/ -->\n<title>Numeri vincenti dell&#039;Oz Lotto e risultati dell&#039;estrazione<\/title>\n<meta name=\"description\" content=\"Scoprite i numeri vincenti e i risultati passati dell&#039;Australia&#039;s Oz Lotto sulla nostra pagina dei risultati delle estrazioni. Assicuratevi di non perdere l&#039;occasione!\" \/>\n<meta name=\"robots\" content=\"index, follow, max-snippet:-1, max-image-preview:large, max-video-preview:-1\" \/>\n<link rel=\"canonical\" href=\"https:\/\/jackpotlotteryonline.com\/it\/numeri-vincenti\/oz-lotto\/\" \/>\n<meta property=\"og:locale\" content=\"it_IT\" \/>\n<meta property=\"og:type\" content=\"article\" \/>\n<meta property=\"og:title\" content=\"Numeri vincenti dell&#039;Oz Lotto e risultati dell&#039;estrazione\" \/>\n<meta property=\"og:description\" content=\"Scoprite i numeri vincenti e i risultati passati dell&#039;Australia&#039;s Oz Lotto sulla nostra pagina dei risultati delle estrazioni. Assicuratevi di non perdere l&#039;occasione!\" \/>\n<meta property=\"og:url\" content=\"https:\/\/jackpotlotteryonline.com\/it\/numeri-vincenti\/oz-lotto\/\" \/>\n<meta property=\"og:site_name\" content=\"Lotto Online - Crack The International Lottery Jackpots\" \/>\n<meta property=\"article:modified_time\" content=\"2022-12-30T12:02:13+00:00\" \/>\n<meta property=\"og:image\" content=\"http:\/\/jackpotlotteryonline.com\/wp-content\/uploads\/2022\/11\/1_euromillions_results.jpg\" \/>\n<meta name=\"twitter:card\" content=\"summary_large_image\" \/>\n<meta name=\"twitter:label1\" content=\"Tempo di lettura stimato\" \/>\n\t<meta name=\"twitter:data1\" content=\"3 minuti\" \/>\n<!-- \/ Yoast SEO plugin. -->","yoast_head_json":{"title":"Numeri vincenti dell'Oz Lotto e risultati dell'estrazione","description":"Scoprite i numeri vincenti e i risultati passati dell'Australia's Oz Lotto sulla nostra pagina dei risultati delle estrazioni. Assicuratevi di non perdere l'occasione!","robots":{"index":"index","follow":"follow","max-snippet":"max-snippet:-1","max-image-preview":"max-image-preview:large","max-video-preview":"max-video-preview:-1"},"canonical":"https:\/\/jackpotlotteryonline.com\/it\/numeri-vincenti\/oz-lotto\/","og_locale":"it_IT","og_type":"article","og_title":"Numeri vincenti dell'Oz Lotto e risultati dell'estrazione","og_description":"Scoprite i numeri vincenti e i risultati passati dell'Australia's Oz Lotto sulla nostra pagina dei risultati delle estrazioni. Assicuratevi di non perdere l'occasione!","og_url":"https:\/\/jackpotlotteryonline.com\/it\/numeri-vincenti\/oz-lotto\/","og_site_name":"Lotto Online - Crack The International Lottery Jackpots","article_modified_time":"2022-12-30T12:02:13+00:00","og_image":[{"url":"http:\/\/jackpotlotteryonline.com\/wp-content\/uploads\/2022\/11\/1_euromillions_results.jpg"}],"twitter_card":"summary_large_image","twitter_misc":{"Tempo di lettura stimato":"3 minuti"},"schema":{"@context":"https:\/\/schema.org","@graph":[{"@type":"WebPage","@id":"https:\/\/jackpotlotteryonline.com\/it\/numeri-vincenti\/oz-lotto\/","url":"https:\/\/jackpotlotteryonline.com\/it\/numeri-vincenti\/oz-lotto\/","name":"Numeri vincenti dell'Oz Lotto e risultati dell'estrazione","isPartOf":{"@id":"https:\/\/jackpotlotteryonline.com\/#website"},"primaryImageOfPage":{"@id":"https:\/\/jackpotlotteryonline.com\/it\/numeri-vincenti\/oz-lotto\/#primaryimage"},"image":{"@id":"https:\/\/jackpotlotteryonline.com\/it\/numeri-vincenti\/oz-lotto\/#primaryimage"},"thumbnailUrl":"http:\/\/jackpotlotteryonline.com\/wp-content\/uploads\/2022\/11\/1_euromillions_results.jpg","datePublished":"2022-12-09T10:14:32+00:00","dateModified":"2022-12-30T12:02:13+00:00","description":"Scoprite i numeri vincenti e i risultati passati dell'Australia's Oz Lotto sulla nostra pagina dei risultati delle estrazioni. Assicuratevi di non perdere l'occasione!","breadcrumb":{"@id":"https:\/\/jackpotlotteryonline.com\/it\/numeri-vincenti\/oz-lotto\/#breadcrumb"},"inLanguage":"it-IT","potentialAction":[{"@type":"ReadAction","target":["https:\/\/jackpotlotteryonline.com\/it\/numeri-vincenti\/oz-lotto\/"]}]},{"@type":"ImageObject","inLanguage":"it-IT","@id":"https:\/\/jackpotlotteryonline.com\/it\/numeri-vincenti\/oz-lotto\/#primaryimage","url":"http:\/\/jackpotlotteryonline.com\/wp-content\/uploads\/2022\/11\/1_euromillions_results.jpg","contentUrl":"http:\/\/jackpotlotteryonline.com\/wp-content\/uploads\/2022\/11\/1_euromillions_results.jpg"},{"@type":"BreadcrumbList","@id":"https:\/\/jackpotlotteryonline.com\/it\/numeri-vincenti\/oz-lotto\/#breadcrumb","itemListElement":[{"@type":"ListItem","position":1,"name":"Home","item":"https:\/\/jackpotlotteryonline.com\/it\/"},{"@type":"ListItem","position":2,"name":"Risultati della lotteria","item":"https:\/\/jackpotlotteryonline.com\/winning-numbers\/"},{"@type":"ListItem","position":3,"name":"Risultati dell&#8217;estrazione del Lotto di Oz"}]},{"@type":"WebSite","@id":"https:\/\/jackpotlotteryonline.com\/#website","url":"https:\/\/jackpotlotteryonline.com\/","name":"Lotto Online - Crack The International Lottery Jackpots","description":"","potentialAction":[{"@type":"SearchAction","target":{"@type":"EntryPoint","urlTemplate":"https:\/\/jackpotlotteryonline.com\/?s={search_term_string}"},"query-input":"required name=search_term_string"}],"inLanguage":"it-IT"}]}},"_links":{"self":[{"href":"https:\/\/jackpotlotteryonline.com\/it\/wp-json\/wp\/v2\/pages\/41422","targetHints":{"allow":["GET"]}}],"collection":[{"href":"https:\/\/jackpotlotteryonline.com\/it\/wp-json\/wp\/v2\/pages"}],"about":[{"href":"https:\/\/jackpotlotteryonline.com\/it\/wp-json\/wp\/v2\/types\/page"}],"author":[{"embeddable":true,"href":"https:\/\/jackpotlotteryonline.com\/it\/wp-json\/wp\/v2\/users\/1"}],"replies":[{"embeddable":true,"href":"https:\/\/jackpotlotteryonline.com\/it\/wp-json\/wp\/v2\/comments?post=41422"}],"version-history":[{"count":0,"href":"https:\/\/jackpotlotteryonline.com\/it\/wp-json\/wp\/v2\/pages\/41422\/revisions"}],"up":[{"embeddable":true,"href":"https:\/\/jackpotlotteryonline.com\/it\/wp-json\/wp\/v2\/pages\/35836"}],"wp:attachment":[{"href":"https:\/\/jackpotlotteryonline.com\/it\/wp-json\/wp\/v2\/media?parent=41422"}],"curies":[{"name":"wp","href":"https:\/\/api.w.org\/{rel}","templated":true}]}}