{"id":41474,"date":"2022-12-09T12:30:54","date_gmt":"2022-12-09T12:30:54","guid":{"rendered":"https:\/\/jackpotlotteryonline.com\/?page_id=41474"},"modified":"2022-12-30T13:40:58","modified_gmt":"2022-12-30T13:40:58","slug":"powerball-australia","status":"publish","type":"page","link":"https:\/\/jackpotlotteryonline.com\/it\/numeri-vincenti\/powerball-australia\/","title":{"rendered":"Risultati dell&#8217;estrazione Powerball Australia"},"content":{"rendered":"<p><a href=\"https:\/\/jackpotlotteryonline.com\/it\/come-giocare\/powerball-australia\">Giocare al Powerball australiano<\/a> \u00e8 facile se si acquistano i biglietti online. In questo modo \u00e8 possibile accedere al Powerball da qualsiasi parte del mondo. Ma l&#8217;acquisto del biglietto \u00e8 solo una parte del gioco del Powerball. \u00c8 necessario anche controllare i risultati dell&#8217;estrazione dei numeri vincenti. In questo modo, potrete sapere se avete vinto o meno alla lotteria. Qui vi forniamo consigli e informazioni su come controllare i risultati dell&#8217;estrazione e accedere alle vostre vincite.<\/p>\n<h2>Come controllare i numeri vincenti del Powerball Australia<\/h2>\n<p>Per giocare al Powerball, \u00e8 necessario scegliere 7 numeri da 1 a 35, pi\u00f9 un numero del Powerball da 1 a 20. Durante le estrazioni, 8 numeri vengono estratti a caso. Chi corrisponde ai numeri estratti ha il biglietto Powerball vincente.<\/p>\n<p>Forse non potete guardare le estrazioni del Powerball in diretta TV. Tuttavia, potete controllare i numeri vincenti del Powerball sui siti di notizie online. Tuttavia, questi siti pubblicano per lo pi\u00f9 solo la combinazione che vince il jackpot. Il Powerball ha diversi altri livelli di premio.<\/p>\n<p>Quindi, per conoscere i numeri vincenti del Powerball per tutti i livelli di premio, potete controllare qui dopo ogni estrazione. Pubblichiamo i numeri vincenti del Powerball sul nostro sito. Inoltre, se avete acquistato il vostro biglietto Powerball da noi, vi avviseremo se avete uno dei numeri vincenti. Vi invieremo un&#8217;e-mail e inseriremo una notifica sul vostro conto. In questo modo, non dovrete temere di perdere le vostre vincite.<\/p>\n<h2>Quali sono le probabilit\u00e0 di vincere al Powerball?<\/h2>\n<p><img loading=\"lazy\" decoding=\"async\" class=\"alignright size-full wp-image-31181\" src=\"http:\/\/jackpotlotteryonline.com\/wp-content\/uploads\/2022\/11\/logo_powerball-300x50-1.jpg\" alt=\"vincere Powerball\" width=\"300\" height=\"50\" \/>Vincere alla lotteria non \u00e8 una cosa facile. La maggior parte delle persone direbbe che le probabilit\u00e0 sono incredibilmente alte. Eppure, abbiamo sentito parlare di persone che hanno vinto somme che hanno cambiato la loro vita. Il Powerball Australia, in particolare, vanta una lunga lista di vincitori della lotteria e questo \u00e8 probabilmente dovuto alle probabilit\u00e0.<\/p>\n<p>Le probabilit\u00e0 di vincere alla lotteria Powerball sono di 1 su 70 milioni. Ci\u00f2 significa che, letteralmente, chiunque pu\u00f2 vincere la lotteria Powerball.<\/p>\n<p>Inoltre, il Powerball ha un totale di 9 categorie di premi, che aumentano ulteriormente le possibilit\u00e0 di vincere questa lotteria.<\/p>\n<h2>Premi del Powerball<\/h2>\n<p>Il jackpot del Powerball \u00e8 solitamente di 8 milioni di dollari australiani. Ma ci sono molti altri premi che si possono vincere se si hanno i numeri vincenti del Powerball Australia.<\/p>\n<p>Ecco le categorie di premi e la vincita in una delle estrazioni del Powerball. Si noti che la vincita non sar\u00e0 la stessa a ogni estrazione, poich\u00e9 i premi dipendono dal montepremi della lotteria. Ma questo \u00e8 solo per dare un&#8217;idea di cosa aspettarsi quando si ottengono i numeri vincenti del Powerball.<\/p>\n<p>Divisione 1: abbinamento 7 + Powerball &#8211; $8.000.000,00 (jackpot)<\/p>\n<p>Divisione 2: solo il 7 &#8211; $95.726,15<\/p>\n<p>Divisione 3: abbinamento 6 + Powerball &#8211; $5.661,20<\/p>\n<p>Divisione 4: solo la partita 6 &#8211; $501,70<\/p>\n<p>Divisione 5: partita 5 + Powerball &#8211; $166,75<\/p>\n<p>Divisione 6: solo partita 5 &#8211; 73,10 dollari<\/p>\n<p>Divisione 7: partita 4 + Powerball &#8211; $41,60<\/p>\n<p>Divisione 8: partita 3 + il Powerball &#8211; $18,05<\/p>\n<p>Divisione 9: partita 2 + il Powerball &#8211; $10,95<\/p>\n<h2>Cosa fare se si hanno i numeri vincenti<\/h2>\n<p>Se, controllando i risultati dell&#8217;estrazione, si scopre di avere i numeri vincenti del Powerball, il passo successivo \u00e8 come accedere alla vincita. Dato che state giocando al Powerball fuori dall&#8217;Oz, probabilmente state cercando un modo conveniente per incassare.<\/p>\n<p>Quando <a href=\"https:\/\/jackpotlotteryonline.com\/it\/comprare-biglietti\/powerball-australia\">acquistate il vostro biglietto Powerball da noi<\/a>, potete accedere alle vostre vincite da qualsiasi luogo. Per i premi inferiori a un certo importo, tutto ci\u00f2 che dovete fare \u00e8 prelevare le vostre vincite dalla nostra piattaforma. Potrete ritirarla direttamente sul vostro conto bancario.<\/p>\n<p>Quando la vostra vincita \u00e8 superiore all&#8217;importo indicato, vi forniremo un modulo di reclamo da compilare. In questo modo, potrete richiedere le vostre vincite direttamente alla societ\u00e0 della lotteria Powerball senza problemi.<\/p>\n<section class=\"layout\" style=\"border: solid 1px; width: 100%;\">\n<div class=\"img-div\" style=\"margin-top: 5px;\"><img decoding=\"async\" class=\"wp-image-17212 alignleft\" style=\"height: 45px; margin: 8px 8px 0px;\" src=\"http:\/\/jackpotlotteryonline.com\/wp-content\/uploads\/2022\/11\/read1.jpg\" alt=\"leggere\" width=\"\" height=\"\" \/><\/div>\n<div style=\"padding-left: 5px;\">\n<div style=\"font-size: 1.1em;\">\n<p><strong>Che auto compreresti se vincessi alla lotteria?<\/strong><\/p>\n<p style=\"font-size: 0.85em; margin-top: -1.5em;\">Vincere alla lotteria e avere un&#8217;auto nuova\u00a0<a href=\"https:\/\/jackpotlotteryonline.com\/it\/che-auto-compreresti-se-vincessi-alla-lotteria\"> Per saperne di pi\u00f9<\/a><\/p>\n<\/div>\n<\/div>\n<\/section>\n<h2>Vantaggi di giocare al Powerball con Jackpotlotteryonline.com<\/h2>\n<ul>\n<li>Accesso rapido e immediato alla lotteria. Non \u00e8 necessario vivere in Australia per giocare al Powerball.<\/li>\n<li>\u00c8 molto comodo perch\u00e9 non \u00e8 necessario lasciare la comodit\u00e0 di casa propria. Controllate i numeri vincenti dal vostro computer o dispositivo mobile.<\/li>\n<li>\u00c8 anche pi\u00f9 sicuro perch\u00e9 il vostro biglietto \u00e8 memorizzato digitalmente. Questo \u00e8 importante perch\u00e9 \u00e8 l&#8217;unico modo per reclamare la vincita.<\/li>\n<li>Non c&#8217;\u00e8 bisogno di perdere la vincita perch\u00e9 vi avvisiamo immediatamente se vincete un premio.<\/li>\n<li>Potete facilmente ritirare una vincita online senza recarvi da nessuna parte.<\/li>\n<\/ul>\n<h2>Controllate i vostri numeri vincenti con noi<\/h2>\n<p>Nel corso del tempo, abbiamo dedicato molte risorse e sforzi per garantire ai nostri giocatori la migliore esperienza. Non solo vi facilitiamo l&#8217;acquisto di biglietti per le migliori lotterie internazionali, ma facciamo anche molti altri passi avanti. Forniamo risultati aggiornati delle estrazioni, in modo che possiate controllare facilmente i numeri vincenti.<\/p>\n<p>Infine, non dovrete preoccuparvi di come accedere alle vostre vincite se vi aggiudicate un premio. Abbiamo pensato a tutto, in modo che possiate concentrarvi su ci\u00f2 che conta. Registratevi con noi oggi stesso.<\/p>\n","protected":false},"excerpt":{"rendered":"<p>Giocare al Powerball australiano \u00e8 facile se si acquistano i biglietti online. In questo modo \u00e8 possibile accedere al Powerball da qualsiasi parte del mondo. Ma l&#8217;acquisto del biglietto \u00e8 solo una parte del gioco del Powerball. \u00c8 necessario anche controllare i risultati dell&#8217;estrazione dei numeri vincenti. In questo modo, potrete sapere se avete vinto [&hellip;]<\/p>\n","protected":false},"author":1,"featured_media":0,"parent":35836,"menu_order":17,"comment_status":"closed","ping_status":"closed","template":"powerball-au-results.php","meta":{"_et_pb_use_builder":"","_et_pb_old_content":"","_et_gb_content_width":"","exclude_from_search":false,"footnotes":""},"class_list":["post-41474","page","type-page","status-publish","hentry"],"yoast_head":"<!-- This site is optimized with the Yoast SEO plugin v23.3 - https:\/\/yoast.com\/wordpress\/plugins\/seo\/ -->\n<title>Numeri vincenti del Powerball Australia e risultati dell&#039;estrazione<\/title>\n<meta name=\"description\" content=\"Stai cercando i numeri vincenti del Powerball Australia? Trova i risultati delle estrazioni delle lotterie australiane su questo sito\" \/>\n<meta name=\"robots\" content=\"index, follow, max-snippet:-1, max-image-preview:large, max-video-preview:-1\" \/>\n<link rel=\"canonical\" href=\"https:\/\/jackpotlotteryonline.com\/it\/numeri-vincenti\/powerball-australia\/\" \/>\n<meta property=\"og:locale\" content=\"it_IT\" \/>\n<meta property=\"og:type\" content=\"article\" \/>\n<meta property=\"og:title\" content=\"Numeri vincenti del Powerball Australia e risultati dell&#039;estrazione\" \/>\n<meta property=\"og:description\" content=\"Stai cercando i numeri vincenti del Powerball Australia? Trova i risultati delle estrazioni delle lotterie australiane su questo sito\" \/>\n<meta property=\"og:url\" content=\"https:\/\/jackpotlotteryonline.com\/it\/numeri-vincenti\/powerball-australia\/\" \/>\n<meta property=\"og:site_name\" content=\"Lotto Online - Crack The International Lottery Jackpots\" \/>\n<meta property=\"article:modified_time\" content=\"2022-12-30T13:40:58+00:00\" \/>\n<meta property=\"og:image\" content=\"http:\/\/jackpotlotteryonline.com\/wp-content\/uploads\/2022\/11\/logo_powerball-300x50-1.jpg\" \/>\n<meta name=\"twitter:card\" content=\"summary_large_image\" \/>\n<meta name=\"twitter:label1\" content=\"Tempo di lettura stimato\" \/>\n\t<meta name=\"twitter:data1\" content=\"4 minuti\" \/>\n<!-- \/ Yoast SEO plugin. -->","yoast_head_json":{"title":"Numeri vincenti del Powerball Australia e risultati dell'estrazione","description":"Stai cercando i numeri vincenti del Powerball Australia? Trova i risultati delle estrazioni delle lotterie australiane su questo sito","robots":{"index":"index","follow":"follow","max-snippet":"max-snippet:-1","max-image-preview":"max-image-preview:large","max-video-preview":"max-video-preview:-1"},"canonical":"https:\/\/jackpotlotteryonline.com\/it\/numeri-vincenti\/powerball-australia\/","og_locale":"it_IT","og_type":"article","og_title":"Numeri vincenti del Powerball Australia e risultati dell'estrazione","og_description":"Stai cercando i numeri vincenti del Powerball Australia? Trova i risultati delle estrazioni delle lotterie australiane su questo sito","og_url":"https:\/\/jackpotlotteryonline.com\/it\/numeri-vincenti\/powerball-australia\/","og_site_name":"Lotto Online - Crack The International Lottery Jackpots","article_modified_time":"2022-12-30T13:40:58+00:00","og_image":[{"url":"http:\/\/jackpotlotteryonline.com\/wp-content\/uploads\/2022\/11\/logo_powerball-300x50-1.jpg"}],"twitter_card":"summary_large_image","twitter_misc":{"Tempo di lettura stimato":"4 minuti"},"schema":{"@context":"https:\/\/schema.org","@graph":[{"@type":"WebPage","@id":"https:\/\/jackpotlotteryonline.com\/it\/numeri-vincenti\/powerball-australia\/","url":"https:\/\/jackpotlotteryonline.com\/it\/numeri-vincenti\/powerball-australia\/","name":"Numeri vincenti del Powerball Australia e risultati dell'estrazione","isPartOf":{"@id":"https:\/\/jackpotlotteryonline.com\/#website"},"primaryImageOfPage":{"@id":"https:\/\/jackpotlotteryonline.com\/it\/numeri-vincenti\/powerball-australia\/#primaryimage"},"image":{"@id":"https:\/\/jackpotlotteryonline.com\/it\/numeri-vincenti\/powerball-australia\/#primaryimage"},"thumbnailUrl":"http:\/\/jackpotlotteryonline.com\/wp-content\/uploads\/2022\/11\/logo_powerball-300x50-1.jpg","datePublished":"2022-12-09T12:30:54+00:00","dateModified":"2022-12-30T13:40:58+00:00","description":"Stai cercando i numeri vincenti del Powerball Australia? Trova i risultati delle estrazioni delle lotterie australiane su questo sito","breadcrumb":{"@id":"https:\/\/jackpotlotteryonline.com\/it\/numeri-vincenti\/powerball-australia\/#breadcrumb"},"inLanguage":"it-IT","potentialAction":[{"@type":"ReadAction","target":["https:\/\/jackpotlotteryonline.com\/it\/numeri-vincenti\/powerball-australia\/"]}]},{"@type":"ImageObject","inLanguage":"it-IT","@id":"https:\/\/jackpotlotteryonline.com\/it\/numeri-vincenti\/powerball-australia\/#primaryimage","url":"http:\/\/jackpotlotteryonline.com\/wp-content\/uploads\/2022\/11\/logo_powerball-300x50-1.jpg","contentUrl":"http:\/\/jackpotlotteryonline.com\/wp-content\/uploads\/2022\/11\/logo_powerball-300x50-1.jpg"},{"@type":"BreadcrumbList","@id":"https:\/\/jackpotlotteryonline.com\/it\/numeri-vincenti\/powerball-australia\/#breadcrumb","itemListElement":[{"@type":"ListItem","position":1,"name":"Home","item":"https:\/\/jackpotlotteryonline.com\/it\/"},{"@type":"ListItem","position":2,"name":"Risultati della lotteria","item":"https:\/\/jackpotlotteryonline.com\/winning-numbers\/"},{"@type":"ListItem","position":3,"name":"Risultati dell&#8217;estrazione Powerball Australia"}]},{"@type":"WebSite","@id":"https:\/\/jackpotlotteryonline.com\/#website","url":"https:\/\/jackpotlotteryonline.com\/","name":"Lotto Online - Crack The International Lottery Jackpots","description":"","potentialAction":[{"@type":"SearchAction","target":{"@type":"EntryPoint","urlTemplate":"https:\/\/jackpotlotteryonline.com\/?s={search_term_string}"},"query-input":"required name=search_term_string"}],"inLanguage":"it-IT"}]}},"_links":{"self":[{"href":"https:\/\/jackpotlotteryonline.com\/it\/wp-json\/wp\/v2\/pages\/41474","targetHints":{"allow":["GET"]}}],"collection":[{"href":"https:\/\/jackpotlotteryonline.com\/it\/wp-json\/wp\/v2\/pages"}],"about":[{"href":"https:\/\/jackpotlotteryonline.com\/it\/wp-json\/wp\/v2\/types\/page"}],"author":[{"embeddable":true,"href":"https:\/\/jackpotlotteryonline.com\/it\/wp-json\/wp\/v2\/users\/1"}],"replies":[{"embeddable":true,"href":"https:\/\/jackpotlotteryonline.com\/it\/wp-json\/wp\/v2\/comments?post=41474"}],"version-history":[{"count":0,"href":"https:\/\/jackpotlotteryonline.com\/it\/wp-json\/wp\/v2\/pages\/41474\/revisions"}],"up":[{"embeddable":true,"href":"https:\/\/jackpotlotteryonline.com\/it\/wp-json\/wp\/v2\/pages\/35836"}],"wp:attachment":[{"href":"https:\/\/jackpotlotteryonline.com\/it\/wp-json\/wp\/v2\/media?parent=41474"}],"curies":[{"name":"wp","href":"https:\/\/api.w.org\/{rel}","templated":true}]}}