{"id":41527,"date":"2022-12-09T14:16:37","date_gmt":"2022-12-09T14:16:37","guid":{"rendered":"https:\/\/jackpotlotteryonline.com\/?page_id=41527"},"modified":"2022-12-29T18:43:04","modified_gmt":"2022-12-29T18:43:04","slug":"lotto-america","status":"publish","type":"page","link":"https:\/\/jackpotlotteryonline.com\/it\/numeri-vincenti\/lotto-america\/","title":{"rendered":"Risultati dell&#8217;estrazione del Lotto America"},"content":{"rendered":"<p>Il Lotto America \u00e8 una lotteria statunitense che ha prodotto molti milionari. La probabilit\u00e0 di vincere alla lotteria \u00e8 fantastica, il che la rende un gioco attraente per gli appassionati di lotterie. Ora i giocatori di tutto il mondo possono <a href=\"https:\/\/jackpotlotteryonline.com\/it\/comprare-biglietti\/lotto-america\">acquistare online i biglietti di questa lotteria statunitense<\/a>. Non solo, ma possono anche controllare i numeri vincenti per scoprire se hanno vinto la lotteria.<\/p>\n<p>\u00c8 possibile acquistare i biglietti delle principali lotterie internazionali su jackpotlotteryonline.com e controllare i numeri vincenti anche qui. E se vi state chiedendo come accedere alle vostre vincite online, continuate a leggere. Condivideremo con voi tutti i dettagli e diventer\u00e0 subito evidente che giocare online \u00e8 la strada da percorrere.<\/p>\n<h2>Giocare al Lotto America online<\/h2>\n<p><img loading=\"lazy\" decoding=\"async\" class=\"size-full wp-image-32081 alignright\" src=\"https:\/\/jackpotlotteryonline.com\/wp-content\/uploads\/2022\/11\/1_mega_lotto_win-213x300-1.jpg\" alt=\"Gioca a Lotto America online\" width=\"213\" height=\"300\" \/>Abbiamo detto che \u00e8 possibile <a href=\"https:\/\/jackpotlotteryonline.com\/it\/come-giocare\/lotto-america-2\">giocare a questa lotteria online<\/a>, e non importa dove si vive. In genere i biglietti vengono venduti negli Stati Uniti, ma \u00e8 possibile acquistarli anche qui su jackpotlotteryonline.com.<\/p>\n<p>Ci sono altri siti che vendono biglietti della lotteria, ma permettono ai giocatori di scommettere solo sull&#8217;esito della lotteria. Ci\u00f2 significa che l&#8217;acquisto di un biglietto della lotteria su quel sito non d\u00e0 diritto a partecipare alla lotteria. Quindi, anche se si indovinano tutti i numeri estratti, non si vince il jackpot. La scelta del sito da utilizzare \u00e8 quindi molto importante.<\/p>\n<h2>I passi per giocare alla lotteria online<\/h2>\n<p>Una volta scelto il sito, seguite i passaggi indicati di seguito:<\/p>\n<ol>\n<li>Visitate il sito che desiderate utilizzare e cliccate su Lotto America.<\/li>\n<li>Scegliere 5 numeri da 1 a 52 (se non si \u00e8 sicuri dei numeri da usare, provare il generatore automatico di numeri).<\/li>\n<li>Scegliete poi un numero bonus (la Star Ball) dall&#8217;1 al 10<\/li>\n<li>Acquistate ulteriori linee di numeri per avere maggiori possibilit\u00e0 di vincita.<\/li>\n<li>Partecipare alle estrazioni (\u00e8 possibile partecipare a pi\u00f9 di un&#8217;estrazione)<\/li>\n<li>Registratevi e pagate le vostre partecipazioni.<\/li>\n<\/ol>\n<p>Vi chiediamo di registrarvi per alcuni motivi. Innanzitutto, vogliamo assicurarci che il vostro biglietto digitale sia sicuro. In secondo luogo, utilizziamo il vostro account per contattarvi in caso di vincita di un premio. Ne parleremo pi\u00f9 avanti.<\/p>\n<h2>Giorni di estrazione e jackpot di Lotto America<\/h2>\n<p>Questa lotteria statunitense prevede tre estrazioni settimanali, il luned\u00ec, il mercoled\u00ec e il sabato. Durante le estrazioni viene annunciato il biglietto vincente. Per vincere il jackpot, il biglietto deve corrispondere ai sei numeri estratti.<\/p>\n<p>I premi del jackpot di Lotto America partono da 2 milioni di dollari e possono essere rinnovati se non c&#8217;\u00e8 nessun vincitore dopo un&#8217;estrazione. Poich\u00e9 il montepremi viene rinnovato dopo ogni estrazione (se non c&#8217;\u00e8 un vincitore), pu\u00f2 arrivare fino a 18 milioni di dollari. \u00c8 una bella somma da vincere, vero?<\/p>\n<p>In realt\u00e0, il jackpot record del Lotto America \u00e8 stato di 23 milioni di dollari, vinto da una famiglia nel 2018.<\/p>\n<section class=\"layout\" style=\"border: solid 1px; width: 100%;\">\n<div class=\"img-div\" style=\"margin-top: 5px;\"><img decoding=\"async\" class=\"wp-image-17212 alignleft\" style=\"height: 45px; margin: 8px 8px 0px;\" src=\"https:\/\/jackpotlotteryonline.com\/wp-content\/uploads\/2022\/11\/read1.jpg\" alt=\"leggere\" width=\"\" height=\"\" \/><\/div>\n<div style=\"padding-left: 5px;\">\n<div style=\"font-size: 1.1em;\">\n<p><strong>Alcuni vincitori della lotteria hanno restituito alla comunit\u00e0<\/strong><\/p>\n<p style=\"font-size: 0.85em; margin-top: -1.5em;\">Alcune storie interessanti e commoventi di vincitori di lotterie che fanno beneficenza <a href=\"https:\/\/jackpotlotteryonline.com\/it\/storie-di-vincitori-della-lotteria-che-restituiscono\">Per saperne di pi\u00f9<\/a><\/p>\n<\/div>\n<\/div>\n<\/section>\n<h2>Categorie di premi<\/h2>\n<p>Il jackpot \u00e8, ovviamente, il primo premio della lotteria. Ma questa lotteria ha 9 diverse categorie di premi, che danno ai giocatori l&#8217;opportunit\u00e0 di vincere premi interessanti.<\/p>\n<p>Anche se non si vince il jackpot, si pu\u00f2 comunque tornare a casa con una grossa vincita indovinando i numeri vincenti di altre categorie. Ecco la suddivisione dei premi e le probabilit\u00e0 di vincita di ciascuna categoria.<\/p>\n<p>Divisione 1: 5 + Star Ball &#8211; 1 su 25.989.600 &#8211; Jackpot<\/p>\n<p>Divisione 2: 5 &#8211; 1 su 2.887.733 &#8211; 20.000 dollari<\/p>\n<p>Divisione 3: 4 + Palla stellare &#8211; 1 su 110.594 &#8211; 1.000 dollari<\/p>\n<p>Divisione 4: 4 &#8211; 1 su 12.288 &#8211; 100 dollari<\/p>\n<p>Divisione 5: 3 + Palla a stella &#8211; 1 su 2.404 &#8211; $20<\/p>\n<p>Divisione 6: 3 &#8211; 1 su 267 &#8211; $5<\/p>\n<p>Divisione 7: 2 + Palla a stella &#8211; 1 su 160 &#8211; $5<\/p>\n<p>Divisione 8: 1 + Palla a stella &#8211; 1 su 29 &#8211; $ 2<\/p>\n<p>Divisione 9: 0 + Star Ball &#8211; 1 su 17 &#8211; $2<\/p>\n<h2>Come controllare i numeri vincenti<\/h2>\n<p>Per verificare se avete vinto un premio \u00e8 sufficiente tornare su questa pagina dopo le estrazioni. Dopo ogni estrazione, pubblichiamo i risultati delle estrazioni per ogni categoria di premi. Quindi, potete controllare comodamente la nostra pagina senza stress.<\/p>\n<p>Inoltre, se avete acquistato il biglietto da noi, vi sarete anche registrati presso di noi. Ci\u00f2 significa che se vincete un premio, possiamo avvisarvi attraverso il vostro account e anche via e-mail.<\/p>\n<p>Acquistando il biglietto della lotteria da noi, non dovrete mai perdervi una vincita.<\/p>\n<h2>Incasso del premio<\/h2>\n<p><img loading=\"lazy\" decoding=\"async\" class=\"alignright size-full wp-image-31532\" src=\"https:\/\/jackpotlotteryonline.com\/wp-content\/uploads\/2022\/11\/lottoballs.jpg\" alt=\"Numeri vincenti del Lotto America\" width=\"245\" height=\"123\" \/>Una domanda che sentiamo spesso dai giocatori \u00e8 come accedere alle loro vincite quando entrano in Lotto America online. Se acquistate i biglietti della lotteria attraverso il nostro sito, vi offriamo un metodo semplice e senza problemi per riscuotere le vostre vincite.<\/p>\n<p>Le vincite di importo pari a 2.500 euro verranno accreditate sul conto e potranno essere ritirate senza alcun costo aggiuntivo. Le vincite pi\u00f9 grandi richiedono invece una procedura leggermente diversa. Per le vincite pi\u00f9 grandi, dovrete richiedere la vincita alla societ\u00e0 di lotteria. Tuttavia, vi forniremo un modulo di reclamo da compilare e, una volta fatto, elaboreremo il reclamo per voi.<\/p>\n<p>Il motivo \u00e8 che dovrete identificarvi. Inoltre, alcune societ\u00e0 di lotterie potrebbero richiedere la vostra presenza di persona per riscuotere somme maggiori. In tal caso, vi informeremo immediatamente.<\/p>\n<h2>Compra i tuoi biglietti per il Lotto America su jackpotlotteryonline.com<\/h2>\n<p>Ci sono tanti motivi per cui dovreste acquistare i vostri biglietti del Lotto America da noi. Prima di tutto, siamo un sito concierge. Ci\u00f2 significa che potete sedervi e rilassarvi mentre noi ci occupiamo dei dettagli pi\u00f9 fini per voi. Quindi, vi aiutiamo ad accedere alle migliori lotterie internazionali come Lotto America.<\/p>\n<p>Ma non ci fermiamo qui. Forniamo anche un sistema per aiutarvi a gestire le vostre lotterie. Potete letteralmente accedere a pi\u00f9 lotterie ed estrazioni direttamente dal nostro sito. Non c&#8217;\u00e8 bisogno di andare da nessun&#8217;altra parte. Inoltre, vi forniamo un modo comodo per controllare i risultati del Lotto America, tutti in un unico posto.<\/p>\n<p>Infine, potete facilmente controllare i numeri vincenti e ritirare le vostre vincite dalla nostra piattaforma direttamente sul vostro conto. Lavoriamo duramente ogni giorno per perfezionare un sistema perfetto per voi. Lasciateci togliere lo stress, cos\u00ec potrete concentrarvi sul divertimento. Registratevi con noi per giocare alla lotteria oggi stesso.<\/p>\n","protected":false},"excerpt":{"rendered":"<p>Il Lotto America \u00e8 una lotteria statunitense che ha prodotto molti milionari. La probabilit\u00e0 di vincere alla lotteria \u00e8 fantastica, il che la rende un gioco attraente per gli appassionati di lotterie. Ora i giocatori di tutto il mondo possono acquistare online i biglietti di questa lotteria statunitense. Non solo, ma possono anche controllare i [&hellip;]<\/p>\n","protected":false},"author":1,"featured_media":0,"parent":35836,"menu_order":13,"comment_status":"closed","ping_status":"closed","template":"lotto-america-results.php","meta":{"_et_pb_use_builder":"","_et_pb_old_content":"","_et_gb_content_width":"","exclude_from_search":false,"footnotes":""},"class_list":["post-41527","page","type-page","status-publish","hentry"],"yoast_head":"<!-- This site is optimized with the Yoast SEO plugin v23.3 - https:\/\/yoast.com\/wordpress\/plugins\/seo\/ -->\n<title>Numeri vincenti del Lotto America e risultati delle estrazioni<\/title>\n<meta name=\"description\" content=\"State cercando i numeri vincenti del Lotto America? I risultati delle estrazioni di tutte le grandi lotterie americane sono disponibili sul nostro sito!\" \/>\n<meta name=\"robots\" content=\"index, follow, max-snippet:-1, max-image-preview:large, max-video-preview:-1\" \/>\n<link rel=\"canonical\" href=\"https:\/\/jackpotlotteryonline.com\/it\/numeri-vincenti\/lotto-america\/\" \/>\n<meta property=\"og:locale\" content=\"it_IT\" \/>\n<meta property=\"og:type\" content=\"article\" \/>\n<meta property=\"og:title\" content=\"Numeri vincenti del Lotto America e risultati delle estrazioni\" \/>\n<meta property=\"og:description\" content=\"State cercando i numeri vincenti del Lotto America? I risultati delle estrazioni di tutte le grandi lotterie americane sono disponibili sul nostro sito!\" \/>\n<meta property=\"og:url\" content=\"https:\/\/jackpotlotteryonline.com\/it\/numeri-vincenti\/lotto-america\/\" \/>\n<meta property=\"og:site_name\" content=\"Lotto Online - Crack The International Lottery Jackpots\" \/>\n<meta property=\"article:modified_time\" content=\"2022-12-29T18:43:04+00:00\" \/>\n<meta property=\"og:image\" content=\"https:\/\/jackpotlotteryonline.com\/wp-content\/uploads\/2022\/11\/1_mega_lotto_win-213x300-1.jpg\" \/>\n<meta name=\"twitter:card\" content=\"summary_large_image\" \/>\n<meta name=\"twitter:label1\" content=\"Tempo di lettura stimato\" \/>\n\t<meta name=\"twitter:data1\" content=\"6 minuti\" \/>\n<!-- \/ Yoast SEO plugin. -->","yoast_head_json":{"title":"Numeri vincenti del Lotto America e risultati delle estrazioni","description":"State cercando i numeri vincenti del Lotto America? I risultati delle estrazioni di tutte le grandi lotterie americane sono disponibili sul nostro sito!","robots":{"index":"index","follow":"follow","max-snippet":"max-snippet:-1","max-image-preview":"max-image-preview:large","max-video-preview":"max-video-preview:-1"},"canonical":"https:\/\/jackpotlotteryonline.com\/it\/numeri-vincenti\/lotto-america\/","og_locale":"it_IT","og_type":"article","og_title":"Numeri vincenti del Lotto America e risultati delle estrazioni","og_description":"State cercando i numeri vincenti del Lotto America? I risultati delle estrazioni di tutte le grandi lotterie americane sono disponibili sul nostro sito!","og_url":"https:\/\/jackpotlotteryonline.com\/it\/numeri-vincenti\/lotto-america\/","og_site_name":"Lotto Online - Crack The International Lottery Jackpots","article_modified_time":"2022-12-29T18:43:04+00:00","og_image":[{"url":"https:\/\/jackpotlotteryonline.com\/wp-content\/uploads\/2022\/11\/1_mega_lotto_win-213x300-1.jpg"}],"twitter_card":"summary_large_image","twitter_misc":{"Tempo di lettura stimato":"6 minuti"},"schema":{"@context":"https:\/\/schema.org","@graph":[{"@type":"WebPage","@id":"https:\/\/jackpotlotteryonline.com\/it\/numeri-vincenti\/lotto-america\/","url":"https:\/\/jackpotlotteryonline.com\/it\/numeri-vincenti\/lotto-america\/","name":"Numeri vincenti del Lotto America e risultati delle estrazioni","isPartOf":{"@id":"https:\/\/jackpotlotteryonline.com\/#website"},"primaryImageOfPage":{"@id":"https:\/\/jackpotlotteryonline.com\/it\/numeri-vincenti\/lotto-america\/#primaryimage"},"image":{"@id":"https:\/\/jackpotlotteryonline.com\/it\/numeri-vincenti\/lotto-america\/#primaryimage"},"thumbnailUrl":"https:\/\/jackpotlotteryonline.com\/wp-content\/uploads\/2022\/11\/1_mega_lotto_win-213x300-1.jpg","datePublished":"2022-12-09T14:16:37+00:00","dateModified":"2022-12-29T18:43:04+00:00","description":"State cercando i numeri vincenti del Lotto America? I risultati delle estrazioni di tutte le grandi lotterie americane sono disponibili sul nostro sito!","breadcrumb":{"@id":"https:\/\/jackpotlotteryonline.com\/it\/numeri-vincenti\/lotto-america\/#breadcrumb"},"inLanguage":"it-IT","potentialAction":[{"@type":"ReadAction","target":["https:\/\/jackpotlotteryonline.com\/it\/numeri-vincenti\/lotto-america\/"]}]},{"@type":"ImageObject","inLanguage":"it-IT","@id":"https:\/\/jackpotlotteryonline.com\/it\/numeri-vincenti\/lotto-america\/#primaryimage","url":"https:\/\/jackpotlotteryonline.com\/wp-content\/uploads\/2022\/11\/1_mega_lotto_win-213x300-1.jpg","contentUrl":"https:\/\/jackpotlotteryonline.com\/wp-content\/uploads\/2022\/11\/1_mega_lotto_win-213x300-1.jpg"},{"@type":"BreadcrumbList","@id":"https:\/\/jackpotlotteryonline.com\/it\/numeri-vincenti\/lotto-america\/#breadcrumb","itemListElement":[{"@type":"ListItem","position":1,"name":"Home","item":"https:\/\/jackpotlotteryonline.com\/it\/"},{"@type":"ListItem","position":2,"name":"Risultati della lotteria","item":"https:\/\/jackpotlotteryonline.com\/winning-numbers\/"},{"@type":"ListItem","position":3,"name":"Risultati dell&#8217;estrazione del Lotto America"}]},{"@type":"WebSite","@id":"https:\/\/jackpotlotteryonline.com\/#website","url":"https:\/\/jackpotlotteryonline.com\/","name":"Lotto Online - Crack The International Lottery Jackpots","description":"","potentialAction":[{"@type":"SearchAction","target":{"@type":"EntryPoint","urlTemplate":"https:\/\/jackpotlotteryonline.com\/?s={search_term_string}"},"query-input":"required name=search_term_string"}],"inLanguage":"it-IT"}]}},"_links":{"self":[{"href":"https:\/\/jackpotlotteryonline.com\/it\/wp-json\/wp\/v2\/pages\/41527","targetHints":{"allow":["GET"]}}],"collection":[{"href":"https:\/\/jackpotlotteryonline.com\/it\/wp-json\/wp\/v2\/pages"}],"about":[{"href":"https:\/\/jackpotlotteryonline.com\/it\/wp-json\/wp\/v2\/types\/page"}],"author":[{"embeddable":true,"href":"https:\/\/jackpotlotteryonline.com\/it\/wp-json\/wp\/v2\/users\/1"}],"replies":[{"embeddable":true,"href":"https:\/\/jackpotlotteryonline.com\/it\/wp-json\/wp\/v2\/comments?post=41527"}],"version-history":[{"count":0,"href":"https:\/\/jackpotlotteryonline.com\/it\/wp-json\/wp\/v2\/pages\/41527\/revisions"}],"up":[{"embeddable":true,"href":"https:\/\/jackpotlotteryonline.com\/it\/wp-json\/wp\/v2\/pages\/35836"}],"wp:attachment":[{"href":"https:\/\/jackpotlotteryonline.com\/it\/wp-json\/wp\/v2\/media?parent=41527"}],"curies":[{"name":"wp","href":"https:\/\/api.w.org\/{rel}","templated":true}]}}