{"id":73010,"date":"2025-02-02T18:20:31","date_gmt":"2025-02-02T18:20:31","guid":{"rendered":"https:\/\/jackpotlotteryonline.com\/?page_id=73010"},"modified":"2025-02-02T18:20:31","modified_gmt":"2025-02-02T18:20:31","slug":"termini-e-condizioni-duso","status":"publish","type":"page","link":"https:\/\/jackpotlotteryonline.com\/it\/termini-e-condizioni-duso\/","title":{"rendered":"Termini e condizioni d&#8217;uso"},"content":{"rendered":"<p>I Termini e le Condizioni della Jackpot Lottery Online (di seguito denominati Termini d&#8217;uso) si applicano al sito web jackpotlotteryonline.com (di seguito denominato Sito web) gestito da LLL World Marketing Limited, Peiraios 30, 1\u00b0 piano, ufficio 1, 2023 Strovolos, Nicosia &#8211; Cipro.<\/p>\n<p>Visualizzando, navigando o utilizzando in qualsiasi modo il sito web jackpotlotteryonline.com, il Giocatore \u00e8 soggetto alle seguenti Condizioni d&#8217;uso e alla nostra Politica sulla privacy. Nel caso in cui il Giocatore non sia d&#8217;accordo con nessuno dei due, gli chiediamo di smettere di usare jackpotlotteryonline.com.<\/p>\n<p>Per qualsiasi domanda riguardante le nostre Condizioni d&#8217;uso o la nostra Politica sulla privacy, ci contatti attraverso il nostro modulo di contatto.<\/p>\n<p>Le presenti Condizioni d&#8217;uso sono regolate dalle leggi di Cipro.<\/p>\n<p>1. Definizioni<br \/>\nLotteria &#8211; Un gioco di numeri nell&#8217;ambito del quale ha luogo un&#8217;estrazione.<br \/>\nEstrazione &#8211; L&#8217;estrazione di una quantit\u00e0 specifica di numeri da determinati intervalli di numeri standard o di numeri standard e bonus all&#8217;interno di una particolare Lotteria. Le estrazioni si svolgono ripetutamente nei giorni e negli orari stabiliti dall&#8217;operatore di una determinata lotteria.<br \/>\nOperatore &#8211; L&#8217;ente che organizza l&#8217;estrazione in una determinata lotteria.<br \/>\nGiocatore &#8211; Una persona che partecipa a una delle lotterie offerte su jackpotlotteryonline.com.<br \/>\nBiglietto &#8211; Un biglietto elettronico per un&#8217;estrazione che il Giocatore seleziona per una particolare Lotteria e che contiene una o pi\u00f9 linee.<br \/>\nLinea &#8211; Una singola serie di numeri che il Giocatore ha selezionato per una particolare estrazione della Lotteria. A seconda della lotteria, pu\u00f2 contenere un importo diverso e\/o un&#8217;altra serie di numeri (di una gamma diversa) per i numeri standard e bonus (se esistono).<br \/>\nVincita &#8211; L&#8217;importo vinto se una linea creata da un Giocatore corrisponde a una serie predefinita di numeri estratti in un&#8217;estrazione per la quale \u00e8 stato acquistato il biglietto contenente la linea.<br \/>\nDeposito &#8211; Fondi depositati sul conto di un Giocatore per essere successivamente utilizzati per l&#8217;acquisto di Biglietti.<br \/>\nConto &#8211; Il conto utente del Giocatore, al quale sono assegnati i fondi del Giocatore, i Biglietti acquistati e i dati del Giocatore.<br \/>\n2. Informazioni generali<br \/>\n2.1 Il sito web jackpotlotteryonline.com fornisce l&#8217;accesso alle lotterie tramite una piattaforma online.<br \/>\n2.2 I giocatori devono avere almeno 18 anni per utilizzare il sito web.<br \/>\n2.3 \u00c8 responsabilit\u00e0 del Giocatore verificare se la partecipazione alle lotterie online \u00e8 legale nella propria giurisdizione.<br \/>\n2.4 La Societ\u00e0 LLL World Marketing Limited non \u00e8 un operatore ufficiale di lotterie. I servizi forniti sono relativi all&#8217;accesso ai biglietti della lotteria.<\/p>\n<p>3. Account utente<br \/>\n3.1 I giocatori devono registrare un account su jackpotlotteryonline.com per acquistare i biglietti.<br \/>\n3.2 I dati personali forniti durante la registrazione devono essere accurati. Qualsiasi informazione falsa o fuorviante pu\u00f2 comportare la sospensione o la chiusura dell&#8217;account.<br \/>\n3.3 I giocatori sono tenuti a mantenere la riservatezza delle proprie credenziali di accesso. La Societ\u00e0 non sar\u00e0 responsabile di accessi non autorizzati dovuti a negligenza.<\/p>\n<p>4. Depositi e pagamenti<br \/>\n4.1 I depositi possono essere effettuati attraverso i metodi di pagamento disponibili su jackpotlotteryonline.com.<br \/>\n4.2 I giocatori hanno la responsabilit\u00e0 di assicurarsi di avere fondi sufficienti sul proprio conto per acquistare i biglietti.<br \/>\n4.3 Tutti i pagamenti vengono elaborati in modo sicuro. La Societ\u00e0 si riserva il diritto di richiedere ulteriori verifiche, se necessario.<\/p>\n<p>5. Acquisto di Biglietti<br \/>\n5.1 I giocatori possono acquistare Biglietti per le varie lotterie offerte su jackpotlotteryonline.com.<br \/>\n5.2 I biglietti sono considerati validi solo dopo la conferma del pagamento.<\/p>\n<p>6. Vincite<br \/>\n6.1 Le vincite sono calcolate in base alla corrispondenza tra i numeri selezionati dal Giocatore e i numeri estratti dall&#8217;Operatore ufficiale della lotteria.<br \/>\n6.2 La Societ\u00e0 far\u00e0 il possibile per distribuire tempestivamente le vincite al Giocatore.<br \/>\n6.3 Le vincite di importo elevato possono richiedere un&#8217;ulteriore verifica dell&#8217;identit\u00e0 prima di essere distribuite al Giocatore.<\/p>\n<p>7. Limitazione di responsabilit\u00e0<br \/>\n7.1 La Societ\u00e0 non \u00e8 responsabile di eventuali errori tecnici o interruzioni che possono verificarsi durante l&#8217;utilizzo di jackpotlotteryonline.com.<br \/>\n7.2 In nessun caso la Societ\u00e0 potr\u00e0 essere ritenuta responsabile per danni indiretti, accidentali o consequenziali derivanti dall&#8217;uso del sito web.<\/p>\n<p>8. Cessazione<br \/>\n8.1 La Societ\u00e0 si riserva il diritto di chiudere o sospendere il conto di qualsiasi giocatore in caso di violazione delle Condizioni d&#8217;uso.<br \/>\n8.2 I giocatori possono richiedere la chiusura del conto in qualsiasi momento contattando l&#8217;assistenza tramite il modulo di contatto.<\/p>\n<p>9. Legge applicabile<br \/>\n9.1 Le presenti Condizioni d&#8217;uso sono disciplinate e interpretate in conformit\u00e0 alle leggi di Cipro.<\/p>\n<p>Utilizzando jackpotlotteryonline.com, il Giocatore accetta di rispettare tutti i Termini d&#8217;uso di cui sopra.<\/p>\n","protected":false},"excerpt":{"rendered":"<p>I Termini e le Condizioni della Jackpot Lottery Online (di seguito denominati Termini d&#8217;uso) si applicano al sito web jackpotlotteryonline.com (di seguito denominato Sito web) gestito da LLL World Marketing Limited, Peiraios 30, 1\u00b0 piano, ufficio 1, 2023 Strovolos, Nicosia &#8211; Cipro. Visualizzando, navigando o utilizzando in qualsiasi modo il sito web jackpotlotteryonline.com, il Giocatore [&hellip;]<\/p>\n","protected":false},"author":7,"featured_media":0,"parent":0,"menu_order":0,"comment_status":"closed","ping_status":"closed","template":"","meta":{"_et_pb_use_builder":"","_et_pb_old_content":"","_et_gb_content_width":"","exclude_from_search":false,"footnotes":""},"class_list":["post-73010","page","type-page","status-publish","hentry"],"yoast_head":"<!-- This site is optimized with the Yoast SEO plugin v23.3 - https:\/\/yoast.com\/wordpress\/plugins\/seo\/ -->\n<title>Termini e condizioni d&#039;uso - Lotto Online - Crack The International Lottery Jackpots<\/title>\n<meta name=\"robots\" content=\"index, follow, max-snippet:-1, max-image-preview:large, max-video-preview:-1\" \/>\n<link rel=\"canonical\" href=\"https:\/\/jackpotlotteryonline.com\/it\/termini-e-condizioni-duso\/\" \/>\n<meta property=\"og:locale\" content=\"it_IT\" \/>\n<meta property=\"og:type\" content=\"article\" \/>\n<meta property=\"og:title\" content=\"Termini e condizioni d&#039;uso - Lotto Online - Crack The International Lottery Jackpots\" \/>\n<meta property=\"og:description\" content=\"I Termini e le Condizioni della Jackpot Lottery Online (di seguito denominati Termini d&#8217;uso) si applicano al sito web jackpotlotteryonline.com (di seguito denominato Sito web) gestito da LLL World Marketing Limited, Peiraios 30, 1\u00b0 piano, ufficio 1, 2023 Strovolos, Nicosia &#8211; Cipro. Visualizzando, navigando o utilizzando in qualsiasi modo il sito web jackpotlotteryonline.com, il Giocatore [&hellip;]\" \/>\n<meta property=\"og:url\" content=\"https:\/\/jackpotlotteryonline.com\/it\/termini-e-condizioni-duso\/\" \/>\n<meta property=\"og:site_name\" content=\"Lotto Online - Crack The International Lottery Jackpots\" \/>\n<meta name=\"twitter:card\" content=\"summary_large_image\" \/>\n<meta name=\"twitter:label1\" content=\"Tempo di lettura stimato\" \/>\n\t<meta name=\"twitter:data1\" content=\"4 minuti\" \/>\n<!-- \/ Yoast SEO plugin. -->","yoast_head_json":{"title":"Termini e condizioni d'uso - Lotto Online - Crack The International Lottery Jackpots","robots":{"index":"index","follow":"follow","max-snippet":"max-snippet:-1","max-image-preview":"max-image-preview:large","max-video-preview":"max-video-preview:-1"},"canonical":"https:\/\/jackpotlotteryonline.com\/it\/termini-e-condizioni-duso\/","og_locale":"it_IT","og_type":"article","og_title":"Termini e condizioni d'uso - Lotto Online - Crack The International Lottery Jackpots","og_description":"I Termini e le Condizioni della Jackpot Lottery Online (di seguito denominati Termini d&#8217;uso) si applicano al sito web jackpotlotteryonline.com (di seguito denominato Sito web) gestito da LLL World Marketing Limited, Peiraios 30, 1\u00b0 piano, ufficio 1, 2023 Strovolos, Nicosia &#8211; Cipro. Visualizzando, navigando o utilizzando in qualsiasi modo il sito web jackpotlotteryonline.com, il Giocatore [&hellip;]","og_url":"https:\/\/jackpotlotteryonline.com\/it\/termini-e-condizioni-duso\/","og_site_name":"Lotto Online - Crack The International Lottery Jackpots","twitter_card":"summary_large_image","twitter_misc":{"Tempo di lettura stimato":"4 minuti"},"schema":{"@context":"https:\/\/schema.org","@graph":[{"@type":"WebPage","@id":"https:\/\/jackpotlotteryonline.com\/it\/termini-e-condizioni-duso\/","url":"https:\/\/jackpotlotteryonline.com\/it\/termini-e-condizioni-duso\/","name":"Termini e condizioni d'uso - Lotto Online - Crack The International Lottery Jackpots","isPartOf":{"@id":"https:\/\/jackpotlotteryonline.com\/#website"},"datePublished":"2025-02-02T18:20:31+00:00","dateModified":"2025-02-02T18:20:31+00:00","breadcrumb":{"@id":"https:\/\/jackpotlotteryonline.com\/it\/termini-e-condizioni-duso\/#breadcrumb"},"inLanguage":"it-IT","potentialAction":[{"@type":"ReadAction","target":["https:\/\/jackpotlotteryonline.com\/it\/termini-e-condizioni-duso\/"]}]},{"@type":"BreadcrumbList","@id":"https:\/\/jackpotlotteryonline.com\/it\/termini-e-condizioni-duso\/#breadcrumb","itemListElement":[{"@type":"ListItem","position":1,"name":"Home","item":"https:\/\/jackpotlotteryonline.com\/it\/"},{"@type":"ListItem","position":2,"name":"Termini e condizioni d&#8217;uso"}]},{"@type":"WebSite","@id":"https:\/\/jackpotlotteryonline.com\/#website","url":"https:\/\/jackpotlotteryonline.com\/","name":"Lotto Online - Crack The International Lottery Jackpots","description":"","potentialAction":[{"@type":"SearchAction","target":{"@type":"EntryPoint","urlTemplate":"https:\/\/jackpotlotteryonline.com\/?s={search_term_string}"},"query-input":"required name=search_term_string"}],"inLanguage":"it-IT"}]}},"_links":{"self":[{"href":"https:\/\/jackpotlotteryonline.com\/it\/wp-json\/wp\/v2\/pages\/73010","targetHints":{"allow":["GET"]}}],"collection":[{"href":"https:\/\/jackpotlotteryonline.com\/it\/wp-json\/wp\/v2\/pages"}],"about":[{"href":"https:\/\/jackpotlotteryonline.com\/it\/wp-json\/wp\/v2\/types\/page"}],"author":[{"embeddable":true,"href":"https:\/\/jackpotlotteryonline.com\/it\/wp-json\/wp\/v2\/users\/7"}],"replies":[{"embeddable":true,"href":"https:\/\/jackpotlotteryonline.com\/it\/wp-json\/wp\/v2\/comments?post=73010"}],"version-history":[{"count":0,"href":"https:\/\/jackpotlotteryonline.com\/it\/wp-json\/wp\/v2\/pages\/73010\/revisions"}],"wp:attachment":[{"href":"https:\/\/jackpotlotteryonline.com\/it\/wp-json\/wp\/v2\/media?parent=73010"}],"curies":[{"name":"wp","href":"https:\/\/api.w.org\/{rel}","templated":true}]}}