{"id":31964,"date":"2022-11-01T09:15:48","date_gmt":"2022-11-01T09:15:48","guid":{"rendered":"https:\/\/jackpotlotteryonline.com\/?page_id=31964"},"modified":"2023-01-06T11:44:33","modified_gmt":"2023-01-06T11:44:33","slug":"home","status":"publish","type":"page","link":"https:\/\/jackpotlotteryonline.com\/lt\/","title":{"rendered":"Home"},"content":{"rendered":"<h2>\u017daiskite loto internetu ir padidinkite savo \u0161ansus<\/h2>\n<p>Parodysime jums b\u016bdus, kaip lengvai <a href=\"https:\/\/jackpotlotteryonline.com\/lt\/kaip-zaisti\">\u017eaisti loto internetu<\/a> &#8211; d\u0117l VIS\u0172 t\u0173 did\u017eiuli\u0173 aukso puod\u0173, loterij\u0173 ne tik savo \u0161alyje, bet ir visame pasaulyje. J\u016bs\u0173 \u0161alies loterijoje n\u0117ra patraukli\u0173 loterij\u0173? Ne b\u0117da, tiesiog keliaukite d\u0117l tikrai dideli\u0173 priz\u0173. Ne\u0161vaistykite pinig\u0173 ma\u017eiems prizams &#8211; yra loterij\u0173 su did\u017eiuliais aukso puodais.<\/p>\n<p><strong>Patikrinkite m\u016bs\u0173 svetain\u0117s reklaminius skydelius, kad pamatytum\u0117te did\u017eiausius prizus, d\u0117l kuri\u0173 \u0161iuo metu galite \u017eaisti.<\/strong><br \/>\n<img loading=\"lazy\" decoding=\"async\" class=\"size-full wp-image-18302 alignright\" src=\"https:\/\/jackpotlotteryonline.com\/wp-content\/uploads\/2022\/10\/ticket_balls.jpg\" alt=\"\u017daisti loto internete\" width=\"297\" height=\"101\" \/><\/p>\n<p>Visi \u0161ie didieji loterijos aukso puodai dabar lengvai pasiekiami, nesvarbu, kur gyvenate. Tiesiog spustel\u0117kite vien\u0105 i\u0161 nuorod\u0173, kad gal\u0117tum\u0117te \u017eaisti loterij\u0105 internetu, ir u\u017esiregistruokite RedFoxLotto, kur internetu gal\u0117site nusipirkti biliet\u0105 \u012f kiekvien\u0105 i\u0161 t\u0173 did\u017eiuli\u0173 aukso puod\u0173! RedFoxLotto suteikia galimyb\u0119 nusipirkti biliet\u0105 \u012f bet kur\u012f i\u0161 did\u017eiausi\u0173 pasaulio aukso puod\u0173, kad ir kur gyventum\u0117te. Jie patikimai nupirks biliet\u0105 u\u017e jus ir pasir\u016bpins, kad gautum\u0117te savo laim\u0117jim\u0105.<\/p>\n<h2>Gaukite prieig\u0105 prie tarptautini\u0173 loterij\u0173<\/h2>\n<p>M\u016bs\u0173 svetain\u0117je pateikiame i\u0161sami\u0105 informacij\u0105 apie visas did\u017ei\u0105sias Pasaulio aukso puodo loterijas, kaip \u017eaisti internetu, kaip mok\u0117ti, kaip gauti laim\u0117jim\u0105 ir k\u0105 turite daryti, jei i\u0161lo\u0161\u0117te aukso puod\u0105. Tiesiog perskaitykite straipsnius apie tai, kaip dalyvauti, ir loterij\u0173 ap\u017evalgas \u0161ioje svetain\u0117je (\u017er. vir\u0161utin\u012f meniu), ir nesunkiai i\u0161sirinksite sau tinkam\u0105 rengin\u012f.<\/p>\n<h2>Lengva \u017eaisti internetu<\/h2>\n<p>Nesvarbu, ar nor\u0117tum\u0117te \u017eaisti JAV &#8220;Powerball&#8221;, &#8220;EuroMillions&#8221;, Ispanijos &#8220;El Gordo&#8221;, Italijos &#8220;SuperEnaLotto&#8221;, ar bet kuri\u0105 kit\u0105 loterij\u0105, <a href=\"https:\/\/jackpotlotteryonline.com\/lt\/pirkti-bilietus\">visus bilietus galite nusipirkti vienoje vietoje<\/a> &#8211; \u010dia, m\u016bs\u0173 svetain\u0117je.<\/p>\n<p>Su m\u016bs\u0173 pagalba nebegalite apsiriboti tik nacionaline loterija &#8211; dabar turite galimyb\u0119 internetu \u017eaisti bet kokio \u012fvykio internetin\u0119 loterij\u0105. Taip gal\u0117site pasirinkti did\u017eiausi\u0105 \u0161iuo metu laim\u0117jim\u0105 ir taip padidinti savo galimybes laim\u0117ti didel\u0119 sum\u0105. Arba pasirinkite loterij\u0105, kuri bus traukiama v\u0117liau &#8211; taip nereik\u0117s am\u017einai laukti, kol su\u017einosite, ar laim\u0117jote! Viskas paprasta &#8211; nuo loterijos aukso puodo pasirinkimo iki skai\u010di\u0173 rinkimo ir apmok\u0117jimo.<\/p>\n<section class=\"layout\" style=\"border: solid 1px; width: 100%;\">\n<div class=\"img-div\" style=\"margin-top: 5px;\"><img decoding=\"async\" class=\"wp-image-17212 alignleft\" style=\"height: 45px; margin: 8px 8px 0px;\" src=\"https:\/\/jackpotlotteryonline.com\/wp-content\/uploads\/2022\/11\/read1.jpg\" alt=\"skaityti\" width=\"\" height=\"\" \/><\/div>\n<div style=\"padding-left: 5px;\">\n<div style=\"font-size: 1.1em;\">\n<p><strong>Ar teis\u0117ta \u017eaisti kit\u0173 \u0161ali\u0173 loterijas internete?<\/strong><\/p>\n<p style=\"font-size: 0.85em; margin-top: -1.5em;\">Ar teis\u0117ta gauti loterijos biliet\u0105 internetu ir ar i\u0161 tikr\u0173j\u0173 gausiu pinigus? <a href=\"https:\/\/jackpotlotteryonline.com\/lt\/ar-teiseta-zaisti-loterijas-is-kitu-saliu-internete\">skaityti daugiau<\/a><\/p>\n<\/div>\n<\/div>\n<\/section>\n<h2>Biliet\u0173 internetu paslauga<\/h2>\n<p><strong>\u0160tai kaip tai veikia:<\/strong> Si\u016blome tarptautini\u0173 loterijos biliet\u0173 kurjeri\u0173 paslaug\u0105. Pasirenkate loterij\u0105, kuri\u0105 norite \u017eaisti internetu, spustel\u0117j\u0119 vien\u0105 i\u0161 auk\u0161\u010diau esan\u010di\u0173 reklamini\u0173 skydeli\u0173. Tada numerius renkat\u0117s internetu. Jei pageidaujate, kad loterijos numerius parinkt\u0173 atsitiktini\u0173 skai\u010di\u0173 generatorius, galite tai padaryti taip pat. Pasirink\u0119 numerius, u\u017esiregistruokite paskyroje ir pasirinkite b\u016bd\u0105, kaip sumok\u0117ti u\u017e loterijos biliet\u0105. Yra keletas saugi\u0173 mok\u0117jimo b\u016bd\u0173.<\/p>\n<p>Tada m\u016bs\u0173 agentai nupirks biliet\u0105 u\u017e jus ir atsi\u0173s jums patvirtinam\u0105j\u012f el. lai\u0161k\u0105 kaip pirkimo \u012frodym\u0105. Nuskenuota j\u016bs\u0173 loto bilieto kopija bus rodoma j\u016bs\u0173 paskyroje netrukus po pirkimo.<\/p>\n<h2>Tarptautini\u0173 loterij\u0173 internete privalumai<\/h2>\n<ul>\n<li>Daugiau pasirinkimo &#8211; u\u017euot buv\u0119 priversti \u017eaisti vietin\u0119 loterij\u0105, nesvarbu, kokio dyd\u017eio yra dabartinis pagrindinis prizas, galite rinktis i\u0161 keli\u0173 loterij\u0173<\/li>\n<li>Geresnis kainos ir kokyb\u0117s santykis &#8211; u\u017euot mok\u0117j\u0119, pavyzd\u017eiui, 2 eurus u\u017e biliet\u0105, kuris gali laim\u0117ti 1 milijon\u0105 eur\u0173, galite \u017eaisti d\u0117l 100 milijon\u0173 eur\u0173 ar daug didesnio &#8220;Mega-Jackpoto&#8221;. Net jei u\u017e biliet\u0105 toje didesn\u0117je loterijoje mok\u0117site didesn\u0119 kain\u0105, matemati\u0161kai j\u016bs\u0173 pinigai bus geriau i\u0161leisti \u017eaid\u017eiant d\u0117l didesnio atlygio.<\/li>\n<li>Patogumas &#8211; nebereikia i\u0161eiti i\u0161 nam\u0173, kad gautum\u0117te biliet\u0105. Biliet\u0105 galite nusipirkti i\u0161 nam\u0173 arba \u017eaisti loterijoje naudodamiesi mobiliuoju telefonu.<\/li>\n<li>Saugumas &#8211; internetin\u0117s loterijos bilieto negalima prarasti, kaip fizinio loterijos bilieto. J\u016bs\u0173 loterijos bilietai saugiai laikomi j\u016bs\u0173 internetin\u0117je paskyroje.<\/li>\n<\/ul>\n<h2>Kada vyksta vis\u0173 \u0161i\u0173 loterij\u0173 burtai?<\/h2>\n<p>Per\u017ei\u016br\u0117kite toliau pateikt\u0105 paveiksl\u0117l\u012f. Jame ap\u017evelgiamos did\u017eiausi\u0173 loterij\u0173 burt\u0173 traukimo savait\u0117s dienos.<br \/>\n<img loading=\"lazy\" decoding=\"async\" class=\"wp-image-17843 aligncenter\" src=\"https:\/\/jackpotlotteryonline.com\/wp-content\/uploads\/2022\/10\/Lotto-draw-calendar-UTC-300x50.jpg\" alt=\"Loterijos traukimo laikai\" width=\"684\" height=\"114\" srcset=\"https:\/\/jackpotlotteryonline.com\/wp-content\/uploads\/2022\/10\/Lotto-draw-calendar-UTC-300x50.jpg 300w, https:\/\/jackpotlotteryonline.com\/wp-content\/uploads\/2022\/10\/Lotto-draw-calendar-UTC-600x101.jpg 600w, https:\/\/jackpotlotteryonline.com\/wp-content\/uploads\/2022\/10\/Lotto-draw-calendar-UTC-1024x172.jpg 1024w, https:\/\/jackpotlotteryonline.com\/wp-content\/uploads\/2022\/10\/Lotto-draw-calendar-UTC-768x129.jpg 768w, https:\/\/jackpotlotteryonline.com\/wp-content\/uploads\/2022\/10\/Lotto-draw-calendar-UTC.jpg 1287w\" sizes=\"auto, (max-width: 684px) 100vw, 684px\" \/><\/p>\n<h2>K\u0105 daryti, jei laim\u0117site loterijos priz\u0105?<\/h2>\n<p>Jei laim\u0117site, atsi\u0173sime jums prane\u0161im\u0105 apie laim\u0117jim\u0105 el. pa\u0161tu. Niekada negal\u0117site praleisti laim\u0117jimo ar prarasti savo bilieto. J\u016bs\u0173 reikalavim\u0105 apdorosime persi\u0173sdami i\u0161mok\u0117jimo pra\u0161ym\u0105 loterijos bendrovei, kuri i\u0161duos jums \u010dek\u012f arba perves laim\u0117jim\u0105 \u012f j\u016bs\u0173 banko s\u0105skait\u0105. Jei laim\u0117jote didel\u012f aukso puod\u0105, kai kuriais atvejais gali tekti asmeni\u0161kai atvykti \u012f loterijos b\u016bstin\u0119. Tai n\u0117ra problema, tiesa?<\/p>\n<p>Ma\u017eesni laim\u0117jimai iki 2500 eur\u0173 i\u0161 karto bus \u012ftraukti \u012f j\u016bs\u0173 \u017eaid\u0117jo s\u0105skait\u0105, o j\u016bs gal\u0117site juos i\u0161sigryninti arba panaudoti l\u0117\u0161as pirkdami daugiau loterijos biliet\u0173.<\/p>\n<p><strong>\u0160tai kaip tai veikia. Ar esate pasiruo\u0161\u0119 laim\u0117ti daug? \u012esigykite bilietus jau \u0161iandien!<\/strong><\/p>\n","protected":false},"excerpt":{"rendered":"<p>\u017daiskite loto internetu ir padidinkite savo \u0161ansus Parodysime jums b\u016bdus, kaip lengvai \u017eaisti loto internetu &#8211; d\u0117l VIS\u0172 t\u0173 did\u017eiuli\u0173 aukso puod\u0173, loterij\u0173 ne tik savo \u0161alyje, bet ir visame pasaulyje. J\u016bs\u0173 \u0161alies loterijoje n\u0117ra patraukli\u0173 loterij\u0173? Ne b\u0117da, tiesiog keliaukite d\u0117l tikrai dideli\u0173 priz\u0173. Ne\u0161vaistykite pinig\u0173 ma\u017eiems prizams &#8211; yra loterij\u0173 su did\u017eiuliais aukso [&hellip;]<\/p>\n","protected":false},"author":1,"featured_media":0,"parent":0,"menu_order":1,"comment_status":"closed","ping_status":"closed","template":"lotto.php","meta":{"_et_pb_use_builder":"","_et_pb_old_content":"","_et_gb_content_width":"","exclude_from_search":false,"footnotes":""},"class_list":["post-31964","page","type-page","status-publish","hentry"],"yoast_head":"<!-- This site is optimized with the Yoast SEO plugin v23.3 - https:\/\/yoast.com\/wordpress\/plugins\/seo\/ -->\n<title>\u017daiskite Lotto internetu - \u012fveikite tarptautin\u0117s loterijos aukso puodus!<\/title>\n<meta name=\"description\" content=\"Gaukite biliet\u0105 \u012f viso pasaulio loterij\u0173 prizus - \u017eaiskite juos visus internetu ir laim\u0117kite milijonus\" \/>\n<meta name=\"robots\" content=\"index, follow, max-snippet:-1, max-image-preview:large, max-video-preview:-1\" \/>\n<link rel=\"canonical\" href=\"https:\/\/jackpotlotteryonline.com\/lt\/\" \/>\n<meta property=\"og:locale\" content=\"lt_LT\" \/>\n<meta property=\"og:type\" content=\"article\" \/>\n<meta property=\"og:title\" content=\"\u017daiskite Lotto internetu - \u012fveikite tarptautin\u0117s loterijos aukso puodus!\" \/>\n<meta property=\"og:description\" content=\"Gaukite biliet\u0105 \u012f viso pasaulio loterij\u0173 prizus - \u017eaiskite juos visus internetu ir laim\u0117kite milijonus\" \/>\n<meta property=\"og:url\" content=\"https:\/\/jackpotlotteryonline.com\/lt\/\" \/>\n<meta property=\"og:site_name\" content=\"Lotto Online - Crack The International Lottery Jackpots\" \/>\n<meta property=\"article:modified_time\" content=\"2023-01-06T11:44:33+00:00\" \/>\n<meta property=\"og:image\" content=\"https:\/\/jackpotlotteryonline.com\/wp-content\/uploads\/2022\/10\/ticket_balls.jpg\" \/>\n<meta name=\"twitter:card\" content=\"summary_large_image\" \/>\n<meta name=\"twitter:label1\" content=\"Est. reading time\" \/>\n\t<meta name=\"twitter:data1\" content=\"4 minut\u0117s\" \/>\n<!-- \/ Yoast SEO plugin. -->","yoast_head_json":{"title":"\u017daiskite Lotto internetu - \u012fveikite tarptautin\u0117s loterijos aukso puodus!","description":"Gaukite biliet\u0105 \u012f viso pasaulio loterij\u0173 prizus - \u017eaiskite juos visus internetu ir laim\u0117kite milijonus","robots":{"index":"index","follow":"follow","max-snippet":"max-snippet:-1","max-image-preview":"max-image-preview:large","max-video-preview":"max-video-preview:-1"},"canonical":"https:\/\/jackpotlotteryonline.com\/lt\/","og_locale":"lt_LT","og_type":"article","og_title":"\u017daiskite Lotto internetu - \u012fveikite tarptautin\u0117s loterijos aukso puodus!","og_description":"Gaukite biliet\u0105 \u012f viso pasaulio loterij\u0173 prizus - \u017eaiskite juos visus internetu ir laim\u0117kite milijonus","og_url":"https:\/\/jackpotlotteryonline.com\/lt\/","og_site_name":"Lotto Online - Crack The International Lottery Jackpots","article_modified_time":"2023-01-06T11:44:33+00:00","og_image":[{"url":"https:\/\/jackpotlotteryonline.com\/wp-content\/uploads\/2022\/10\/ticket_balls.jpg"}],"twitter_card":"summary_large_image","twitter_misc":{"Est. reading time":"4 minut\u0117s"},"schema":{"@context":"https:\/\/schema.org","@graph":[{"@type":"WebPage","@id":"https:\/\/jackpotlotteryonline.com\/lt\/","url":"https:\/\/jackpotlotteryonline.com\/lt\/","name":"\u017daiskite Lotto internetu - \u012fveikite tarptautin\u0117s loterijos aukso puodus!","isPartOf":{"@id":"https:\/\/jackpotlotteryonline.com\/#website"},"primaryImageOfPage":{"@id":"https:\/\/jackpotlotteryonline.com\/lt\/#primaryimage"},"image":{"@id":"https:\/\/jackpotlotteryonline.com\/lt\/#primaryimage"},"thumbnailUrl":"https:\/\/jackpotlotteryonline.com\/wp-content\/uploads\/2022\/10\/ticket_balls.jpg","datePublished":"2022-11-01T09:15:48+00:00","dateModified":"2023-01-06T11:44:33+00:00","description":"Gaukite biliet\u0105 \u012f viso pasaulio loterij\u0173 prizus - \u017eaiskite juos visus internetu ir laim\u0117kite milijonus","breadcrumb":{"@id":"https:\/\/jackpotlotteryonline.com\/lt\/#breadcrumb"},"inLanguage":"lt-LT","potentialAction":[{"@type":"ReadAction","target":["https:\/\/jackpotlotteryonline.com\/lt\/"]}]},{"@type":"ImageObject","inLanguage":"lt-LT","@id":"https:\/\/jackpotlotteryonline.com\/lt\/#primaryimage","url":"https:\/\/jackpotlotteryonline.com\/wp-content\/uploads\/2022\/10\/ticket_balls.jpg","contentUrl":"https:\/\/jackpotlotteryonline.com\/wp-content\/uploads\/2022\/10\/ticket_balls.jpg"},{"@type":"BreadcrumbList","@id":"https:\/\/jackpotlotteryonline.com\/lt\/#breadcrumb","itemListElement":[{"@type":"ListItem","position":1,"name":"Home","item":"https:\/\/jackpotlotteryonline.com\/lt\/"},{"@type":"ListItem","position":2,"name":"Home"}]},{"@type":"WebSite","@id":"https:\/\/jackpotlotteryonline.com\/#website","url":"https:\/\/jackpotlotteryonline.com\/","name":"Lotto Online - Crack The International Lottery Jackpots","description":"","potentialAction":[{"@type":"SearchAction","target":{"@type":"EntryPoint","urlTemplate":"https:\/\/jackpotlotteryonline.com\/?s={search_term_string}"},"query-input":"required name=search_term_string"}],"inLanguage":"lt-LT"}]}},"_links":{"self":[{"href":"https:\/\/jackpotlotteryonline.com\/lt\/wp-json\/wp\/v2\/pages\/31964","targetHints":{"allow":["GET"]}}],"collection":[{"href":"https:\/\/jackpotlotteryonline.com\/lt\/wp-json\/wp\/v2\/pages"}],"about":[{"href":"https:\/\/jackpotlotteryonline.com\/lt\/wp-json\/wp\/v2\/types\/page"}],"author":[{"embeddable":true,"href":"https:\/\/jackpotlotteryonline.com\/lt\/wp-json\/wp\/v2\/users\/1"}],"replies":[{"embeddable":true,"href":"https:\/\/jackpotlotteryonline.com\/lt\/wp-json\/wp\/v2\/comments?post=31964"}],"version-history":[{"count":0,"href":"https:\/\/jackpotlotteryonline.com\/lt\/wp-json\/wp\/v2\/pages\/31964\/revisions"}],"wp:attachment":[{"href":"https:\/\/jackpotlotteryonline.com\/lt\/wp-json\/wp\/v2\/media?parent=31964"}],"curies":[{"name":"wp","href":"https:\/\/api.w.org\/{rel}","templated":true}]}}