{"id":35707,"date":"2022-11-01T10:48:52","date_gmt":"2022-11-01T10:48:52","guid":{"rendered":"https:\/\/jackpotlotteryonline.com\/?page_id=35707"},"modified":"2022-12-19T07:40:15","modified_gmt":"2022-12-19T07:40:15","slug":"kaip-zaisti","status":"publish","type":"page","link":"https:\/\/jackpotlotteryonline.com\/lt\/kaip-zaisti\/","title":{"rendered":"Kaip \u017eaisti"},"content":{"rendered":"<h2>Internetin\u0117s loterijos renginiai ir \u017eaidimai<\/h2>\n<p>Ar norite tur\u0117ti galimyb\u0119 tapti milijonieriumi? Jei taip, tuomet prisijunkite prie milijon\u0173 \u017emoni\u0173 visame pasaulyje ir prad\u0117kite \u017eaisti loterij\u0105 internetu. Nepriklausomai nuo to, kur esate &#8211; Jungtin\u0117se Valstijose, Jungtin\u0117je Karalyst\u0117je, Australijoje ar Naujojoje Zelandijoje &#8211; galite rinktis i\u0161 daugyb\u0117s \u012fvairi\u0173 r\u016b\u0161i\u0173 tarptautini\u0173 loterijos \u017eaidim\u0173, kuriuos galima \u017eaisti internete, ir visi jie turi didelius prizus, kuriuos galite laim\u0117ti.<br \/>\n<img loading=\"lazy\" decoding=\"async\" class=\"size-full wp-image-17816 alignright\" src=\"https:\/\/jackpotlotteryonline.com\/wp-content\/uploads\/2022\/10\/lotteryticket.jpg\" alt=\"\u017daisti loterij\u0105 internetu\" width=\"212\" height=\"142\" \/><\/p>\n<p>Prad\u0117ti \u017eaisti loto internete labai paprasta. Pirmiausia turite apsilankyti m\u016bs\u0173 svetain\u0117je ir per\u017ei\u016br\u0117ti \u012fvairias si\u016blomas loterijas. Tai galite lengvai padaryti pasirink\u0119 vien\u0105 ar kelias i\u0161 i\u0161vardyt\u0173 loterij\u0173, tarp kuri\u0173 yra El Gordo loterija, Jungtin\u0117s Karalyst\u0117s nacionalin\u0117 loterija, Thunderball Lotto, Niujorko loterija ir daugelis kit\u0173.<\/p>\n<p>B\u016btent kiekvienoje loterijos r\u016b\u0161yje gal\u0117site su\u017einoti visk\u0105, k\u0105 reikia \u017einoti. Tada galite pasinaudoti m\u016bs\u0173 paslauga ir <a href=\"https:\/\/jackpotlotteryonline.com\/lt\/pirkti-bilietus\">nusipirkti biliet\u0105 internetu.<\/a><\/p>\n<p>Kiekvienos loterijos apra\u0161yme rasite toki\u0105 informacij\u0105, kaip, pavyzd\u017eiui, koks \u0161iuo metu yra pagrindinis prizas, nuo kokio dyd\u017eio jis prasideda j\u012f laim\u0117jus, taip pat kiek skai\u010di\u0173 reikia surinkti, kad laim\u0117tum\u0117te pagrindin\u012f priz\u0105, ir kokios yra kitos priz\u0173 pakopos. Taip pat gal\u0117site su\u017einoti toki\u0105 informacij\u0105, kaip antai, kokio am\u017eiaus turite b\u016bti, kad gal\u0117tum\u0117te \u017eaisti kiekvienos r\u016b\u0161ies loterij\u0173 \u017eaidimus internete, taip pat kokiomis dienomis ir valandomis vyksta burt\u0173 traukimai.<\/p>\n<section class=\"layout\" style=\"border: solid 1px; width: 100%;\">\n<div class=\"img-div\" style=\"margin-top: 5px;\"><img decoding=\"async\" class=\"wp-image-17212 alignleft\" style=\"height: 45px; margin: 8px 8px 0px;\" src=\"https:\/\/jackpotlotteryonline.com\/wp-content\/uploads\/2022\/11\/read1.jpg\" alt=\"kaip \u017eaisti\" width=\"\" height=\"\" \/><\/div>\n<div style=\"padding-left: 5px;\">\n<div style=\"font-size: 1.1em;\">\n<p><strong>Keletas gudrybi\u0173 ir patarim\u0173, kaip pasirinkti numerius<\/strong><\/p>\n<p style=\"font-size: 0.85em; margin-top: -1.5em;\">Padidinkite savo laim\u0117jimo galimybes &#8211; naudokite tam tikr\u0105 strategij\u0105 rinkdamiesi numerius<a href=\"https:\/\/jackpotlotteryonline.com\/lt\/kelios-gudrybes-ir-patarimai-kaip-issirinkti-loterijos-numerius\"> Skaityti daugiau<\/a><\/p>\n<\/div>\n<\/div>\n<\/section>\n<h2>Tarptautinis loto<\/h2>\n<p>Kad maksimaliai padidintum\u0117te savo galimybes laim\u0117ti did\u017eiausi\u0105 \u012fmanom\u0105 aukso puod\u0105, rasite, kokie yra dabartiniai aukso puodai. Tai rei\u0161kia, kad galite strategi\u0161kai pasirinkti, kuriuos loterijos \u017eaidimus \u017eaisti internetu, ir pasirinkti \u017eaisti tuos, kuriuose yra did\u017eiausi galimi laim\u0117jimai.<\/p>\n<p>Taip pat gal\u0117site \u017eaisti kelis loterijos \u017eaidimus internetu. Tai rei\u0161kia, kad jums nereik\u0117s \u012fd\u0117ti bilieto tik \u012f vienos r\u016b\u0161ies loterij\u0105, bet, jei norite, vienu metu gal\u0117site \u017eaisti skirting\u0173 r\u016b\u0161i\u0173 loterijas. Pavyzd\u017eiui, jei norite, vienu metu galite \u017eaisti JAV ir Jungtin\u0117s Karalyst\u0117s loterij\u0105, o tai labai padidins j\u016bs\u0173 galimybes laim\u0117ti pinigin\u012f priz\u0105.<\/p>\n<p>Be to, kad gal\u0117site \u017eaisti tarptautin\u0117s loterijos \u017eaidimus internetu, nepriklausomai nuo to, kur esate, taip pat gal\u0117site patikrinti ir loterijos \u017eaidim\u0173 rezultatus. <a href=\"https:\/\/jackpotlotteryonline.com\/lt\/laimeje-skaitmenys\">Vis\u0173 loterijos \u017eaidim\u0173<\/a>, nepriklausomai nuo to, koks tai b\u016bt\u0173 loterijos \u017eaidimas, rezultatai internete bus atnaujinami realiuoju laiku. Tai rei\u0161kia, kad kai tik bus atliktas j\u016bs\u0173 pasirinkto \u017eaisti loterijos \u017eaidimo burt\u0173 traukimas, rezultatus gal\u0117site pamatyti labai greitai.<br \/>\n<img loading=\"lazy\" decoding=\"async\" class=\"alignright size-full wp-image-18329\" src=\"https:\/\/jackpotlotteryonline.com\/wp-content\/uploads\/2022\/10\/ticket_numbers_pick.jpg\" alt=\"Loto bilietas internetu\" width=\"212\" height=\"142\" \/><\/p>\n<p>Be to, rasite i\u0161sami\u0105 informacij\u0105 apie tai, kaip tiksliai \u017eaisti kiekvien\u0105 loterijos \u017eaidim\u0105 internete. Pavyzd\u017eiui, niekada negalite pasirinkti per ma\u017eai arba per daug skai\u010di\u0173 &#8211; m\u016bs\u0173 biliet\u0173 sistema parodys jums prane\u0161im\u0105, kai tik padarysite toki\u0105 klaid\u0105, ir nurodys, kaip j\u0105 i\u0161taisyti.<\/p>\n<p>Tod\u0117l net jei anks\u010diau niekada ne\u017eaid\u0117te tam tikros \u0161alies loterijos, jums bus lengvai prieinama visa informacija, kad gal\u0117tum\u0117te \u017eaisti taip, lyg b\u016btum\u0117te profesionalas!<\/p>\n","protected":false},"excerpt":{"rendered":"<p>Internetin\u0117s loterijos renginiai ir \u017eaidimai Ar norite tur\u0117ti galimyb\u0119 tapti milijonieriumi? Jei taip, tuomet prisijunkite prie milijon\u0173 \u017emoni\u0173 visame pasaulyje ir prad\u0117kite \u017eaisti loterij\u0105 internetu. Nepriklausomai nuo to, kur esate &#8211; Jungtin\u0117se Valstijose, Jungtin\u0117je Karalyst\u0117je, Australijoje ar Naujojoje Zelandijoje &#8211; galite rinktis i\u0161 daugyb\u0117s \u012fvairi\u0173 r\u016b\u0161i\u0173 tarptautini\u0173 loterijos \u017eaidim\u0173, kuriuos galima \u017eaisti internete, ir visi [&hellip;]<\/p>\n","protected":false},"author":1,"featured_media":0,"parent":0,"menu_order":2,"comment_status":"closed","ping_status":"closed","template":"Play-all.php","meta":{"_et_pb_use_builder":"","_et_pb_old_content":"","_et_gb_content_width":"","exclude_from_search":false,"footnotes":""},"class_list":["post-35707","page","type-page","status-publish","hentry"],"yoast_head":"<!-- This site is optimized with the Yoast SEO plugin v23.3 - https:\/\/yoast.com\/wordpress\/plugins\/seo\/ -->\n<title>Ar galiu dalyvauti tarptautin\u0117s loterijos renginiuose internetu?<\/title>\n<meta name=\"description\" content=\"Norint dalyvauti bet kurios \u0161alies loterijos laim\u0117toj\u0173 var\u017eybose, neb\u016btina b\u016bti nuolatiniu gyventoju\" \/>\n<meta name=\"robots\" content=\"index, follow, max-snippet:-1, max-image-preview:large, max-video-preview:-1\" \/>\n<link rel=\"canonical\" href=\"https:\/\/jackpotlotteryonline.com\/lt\/kaip-zaisti\/\" \/>\n<meta property=\"og:locale\" content=\"lt_LT\" \/>\n<meta property=\"og:type\" content=\"article\" \/>\n<meta property=\"og:title\" content=\"Ar galiu dalyvauti tarptautin\u0117s loterijos renginiuose internetu?\" \/>\n<meta property=\"og:description\" content=\"Norint dalyvauti bet kurios \u0161alies loterijos laim\u0117toj\u0173 var\u017eybose, neb\u016btina b\u016bti nuolatiniu gyventoju\" \/>\n<meta property=\"og:url\" content=\"https:\/\/jackpotlotteryonline.com\/lt\/kaip-zaisti\/\" \/>\n<meta property=\"og:site_name\" content=\"Lotto Online - Crack The International Lottery Jackpots\" \/>\n<meta property=\"article:modified_time\" content=\"2022-12-19T07:40:15+00:00\" \/>\n<meta property=\"og:image\" content=\"https:\/\/jackpotlotteryonline.com\/wp-content\/uploads\/2022\/10\/lotteryticket.jpg\" \/>\n<meta name=\"twitter:card\" content=\"summary_large_image\" \/>\n<meta name=\"twitter:label1\" content=\"Est. reading time\" \/>\n\t<meta name=\"twitter:data1\" content=\"3 minut\u0117s\" \/>\n<!-- \/ Yoast SEO plugin. -->","yoast_head_json":{"title":"Ar galiu dalyvauti tarptautin\u0117s loterijos renginiuose internetu?","description":"Norint dalyvauti bet kurios \u0161alies loterijos laim\u0117toj\u0173 var\u017eybose, neb\u016btina b\u016bti nuolatiniu gyventoju","robots":{"index":"index","follow":"follow","max-snippet":"max-snippet:-1","max-image-preview":"max-image-preview:large","max-video-preview":"max-video-preview:-1"},"canonical":"https:\/\/jackpotlotteryonline.com\/lt\/kaip-zaisti\/","og_locale":"lt_LT","og_type":"article","og_title":"Ar galiu dalyvauti tarptautin\u0117s loterijos renginiuose internetu?","og_description":"Norint dalyvauti bet kurios \u0161alies loterijos laim\u0117toj\u0173 var\u017eybose, neb\u016btina b\u016bti nuolatiniu gyventoju","og_url":"https:\/\/jackpotlotteryonline.com\/lt\/kaip-zaisti\/","og_site_name":"Lotto Online - Crack The International Lottery Jackpots","article_modified_time":"2022-12-19T07:40:15+00:00","og_image":[{"url":"https:\/\/jackpotlotteryonline.com\/wp-content\/uploads\/2022\/10\/lotteryticket.jpg"}],"twitter_card":"summary_large_image","twitter_misc":{"Est. reading time":"3 minut\u0117s"},"schema":{"@context":"https:\/\/schema.org","@graph":[{"@type":"WebPage","@id":"https:\/\/jackpotlotteryonline.com\/lt\/kaip-zaisti\/","url":"https:\/\/jackpotlotteryonline.com\/lt\/kaip-zaisti\/","name":"Ar galiu dalyvauti tarptautin\u0117s loterijos renginiuose internetu?","isPartOf":{"@id":"https:\/\/jackpotlotteryonline.com\/#website"},"primaryImageOfPage":{"@id":"https:\/\/jackpotlotteryonline.com\/lt\/kaip-zaisti\/#primaryimage"},"image":{"@id":"https:\/\/jackpotlotteryonline.com\/lt\/kaip-zaisti\/#primaryimage"},"thumbnailUrl":"https:\/\/jackpotlotteryonline.com\/wp-content\/uploads\/2022\/10\/lotteryticket.jpg","datePublished":"2022-11-01T10:48:52+00:00","dateModified":"2022-12-19T07:40:15+00:00","description":"Norint dalyvauti bet kurios \u0161alies loterijos laim\u0117toj\u0173 var\u017eybose, neb\u016btina b\u016bti nuolatiniu gyventoju","breadcrumb":{"@id":"https:\/\/jackpotlotteryonline.com\/lt\/kaip-zaisti\/#breadcrumb"},"inLanguage":"lt-LT","potentialAction":[{"@type":"ReadAction","target":["https:\/\/jackpotlotteryonline.com\/lt\/kaip-zaisti\/"]}]},{"@type":"ImageObject","inLanguage":"lt-LT","@id":"https:\/\/jackpotlotteryonline.com\/lt\/kaip-zaisti\/#primaryimage","url":"https:\/\/jackpotlotteryonline.com\/wp-content\/uploads\/2022\/10\/lotteryticket.jpg","contentUrl":"https:\/\/jackpotlotteryonline.com\/wp-content\/uploads\/2022\/10\/lotteryticket.jpg"},{"@type":"BreadcrumbList","@id":"https:\/\/jackpotlotteryonline.com\/lt\/kaip-zaisti\/#breadcrumb","itemListElement":[{"@type":"ListItem","position":1,"name":"Home","item":"https:\/\/jackpotlotteryonline.com\/lt\/"},{"@type":"ListItem","position":2,"name":"Kaip \u017eaisti"}]},{"@type":"WebSite","@id":"https:\/\/jackpotlotteryonline.com\/#website","url":"https:\/\/jackpotlotteryonline.com\/","name":"Lotto Online - Crack The International Lottery Jackpots","description":"","potentialAction":[{"@type":"SearchAction","target":{"@type":"EntryPoint","urlTemplate":"https:\/\/jackpotlotteryonline.com\/?s={search_term_string}"},"query-input":"required name=search_term_string"}],"inLanguage":"lt-LT"}]}},"_links":{"self":[{"href":"https:\/\/jackpotlotteryonline.com\/lt\/wp-json\/wp\/v2\/pages\/35707","targetHints":{"allow":["GET"]}}],"collection":[{"href":"https:\/\/jackpotlotteryonline.com\/lt\/wp-json\/wp\/v2\/pages"}],"about":[{"href":"https:\/\/jackpotlotteryonline.com\/lt\/wp-json\/wp\/v2\/types\/page"}],"author":[{"embeddable":true,"href":"https:\/\/jackpotlotteryonline.com\/lt\/wp-json\/wp\/v2\/users\/1"}],"replies":[{"embeddable":true,"href":"https:\/\/jackpotlotteryonline.com\/lt\/wp-json\/wp\/v2\/comments?post=35707"}],"version-history":[{"count":0,"href":"https:\/\/jackpotlotteryonline.com\/lt\/wp-json\/wp\/v2\/pages\/35707\/revisions"}],"wp:attachment":[{"href":"https:\/\/jackpotlotteryonline.com\/lt\/wp-json\/wp\/v2\/media?parent=35707"}],"curies":[{"name":"wp","href":"https:\/\/api.w.org\/{rel}","templated":true}]}}