{"id":35768,"date":"2022-11-01T13:18:55","date_gmt":"2022-11-01T13:18:55","guid":{"rendered":"https:\/\/jackpotlotteryonline.com\/?page_id=35768"},"modified":"2022-12-19T11:08:05","modified_gmt":"2022-12-19T11:08:05","slug":"pirkti-bilietus","status":"publish","type":"page","link":"https:\/\/jackpotlotteryonline.com\/lt\/pirkti-bilietus\/","title":{"rendered":"Kaip nusipirkti loterijos bilietus internetu"},"content":{"rendered":"<p>Dabar loterijos biliet\u0173 pirkimas internetu tapo itin populiarus. Loterij\u0173 gerb\u0117jai i\u0161 viso pasaulio naudojasi loterijos biliet\u0173 internetu paslauga. Ir tam yra daug svari\u0173 prie\u017eas\u010di\u0173.<\/p>\n<p>Kai kuriems loterij\u0173 \u017eaid\u0117jams tai vienintelis b\u016bdas apskritai nusipirkti loterijos bilietus, nes j\u0173 gyvenamojoje \u0161alyje loterijos n\u0117ra. Tod\u0117l jie ie\u0161ko b\u016bd\u0173, kaip tur\u0117ti galimyb\u0119 laim\u0117ti dideles pinig\u0173 sumas, ir tam ie\u0161ko loterij\u0173 kitose \u0161alyse. O m\u016bs\u0173 svetain\u0117je galite rinktis i\u0161 daugyb\u0117s loterij\u0173, kuriose laimimi pagrindiniai prizai.<\/p>\n<p>Kit\u0173 \u0161ali\u0173 loterij\u0173 gerb\u0117jai loterijas turi savo \u0161alyse, ta\u010diau tos loterijos jiems gali b\u016bti ne tokios patrauklios. Da\u017enai tos vietin\u0117s loterijos turi ma\u017eesnius pagrindinius prizus ir aukso puodus arba jos \u017eaid\u017eiamos tik kart\u0105 per savait\u0119. Tod\u0117l \u017eaid\u0117jai ie\u0161kos kit\u0173,<a href=\"https:\/\/jackpotlotteryonline.com\/lt\/kaip-zaisti\"> pelningesni\u0173 galimybi\u0173.<\/a><\/p>\n<h2>Kit\u0173 \u0161ali\u0173 loterijose si\u016blomi didesni i\u0161mok\u0117jimai<\/h2>\n<p><img loading=\"lazy\" decoding=\"async\" class=\"alignright wp-image-17212\" src=\"http:\/\/jackpotlotteryonline.com\/wp-content\/uploads\/2022\/10\/1_buy_ticket_online.jpg\" alt=\"pirkti loterij\u0105 internetu\" width=\"272\" height=\"204\" \/><\/p>\n<p>Gerai \u017einomas principas, kad pinigus \u012f loterijos biliet\u0105 prasmingiau investuoti tada, kai pagrindiniai prizai yra labai dideli. Juk pirkdami biliet\u0105 norite gauti maksimali\u0105 vert\u0119 u\u017e pinigus. Tai rei\u0161kia, kad jei bilieto kaina yra tokia pati, potencialiai didesnis prizas suteikia jums geresn\u012f kainos ir kokyb\u0117s santyk\u012f.<\/p>\n<p>Ta\u010diau net jei internetinis loterijos, kuri\u0105 norite \u017eaisti, bilietas b\u016bt\u0173 dvigubai brangesnis u\u017e vietin\u0117s loterijos biliet\u0105, da\u017eniausiai vis tiek vert\u0117t\u0173 pirkti brangesn\u012f internetin\u012f biliet\u0105. Jei galimas pagrindinis prizas yra daugiau nei du kartus didesnis u\u017e j\u016bs\u0173 vietin\u0117s loterijos pagrindin\u012f priz\u0105, tuomet j\u016bs\u0173 matematiniai laim\u0117jimo \u0161ansai yra didesni loterijoje, \u012f kuri\u0105 turite pirkti internetin\u012f biliet\u0105.<\/p>\n<h2>Ka\u017ekur pasaulyje visada yra didelis aukso puodas<\/h2>\n<p>Ir tai yra pagrindin\u0117 prie\u017eastis pirkti loterijos bilietus internetu. Kai tiek daug loterij\u0173 yra prieinamos per internetin\u0119 biliet\u0173 paslaug\u0105, visada rasite didel\u012f aukso puod\u0105, \u012f kur\u012f verta investuoti. Ties\u0105 sakant, didel\u0117 dalis m\u016bs\u0173 klient\u0173 laikosi paprastos strategijos: Jie perka biliet\u0105 \u012f t\u0105 loterij\u0105, kurios pagrindinis prizas \u0161iuo metu yra did\u017eiausias. Visi\u0161kai logi\u0161ka, tiesa?<\/p>\n<section class=\"layout\" style=\"border: solid 1px; width: 100%;\">\n<div class=\"img-div\" style=\"margin-top: 5px;\"><img decoding=\"async\" class=\"wp-image-17212 alignleft\" style=\"height: 45px; margin: 8px 8px 0px;\" src=\"http:\/\/jackpotlotteryonline.com\/wp-content\/uploads\/2022\/11\/read1.jpg\" alt=\"saugokit\u0117s suk\u010di\u0173 loterij\u0173\" width=\"\" height=\"\" \/><\/div>\n<div style=\"padding-left: 5px;\">\n<div style=\"font-size: 1.1em;\">\n<p><strong>Loterijos suk\u010diai, apie kuriuos tur\u0117tum\u0117te \u017einoti<\/strong><\/p>\n<p style=\"font-size: 0.85em; margin-top: -1.5em;\">Nepakli\u016bkite \u012f loterijos sp\u0105stus \u00a0<a href=\"https:\/\/jackpotlotteryonline.com\/lt\/saugokites-internetines-loterijos-sukciai\">skaityti daugiau<\/a><\/p>\n<\/div>\n<\/div>\n<\/section>\n<h2>Ar teis\u0117ta pirkti vienos i\u0161 \u0161i\u0173 loterij\u0173 biliet\u0105 internetu?<\/h2>\n<p>Taip, galima. \u012esivaizduokite, kad esate JAV, o vietin\u0117je loterijoje &#8220;Powerball&#8221; laim\u0117tas did\u017eiulis aukso puodas. Nueinate, nusiperkate biliet\u0105, ir \u0161is bilietas laimi. \u017dinoma, loterija turi jums i\u0161mok\u0117ti pinigus, net jei tuo metu, <a href=\"https:\/\/jackpotlotteryonline.com\/lt\/laimeje-skaitmenys\">kai i\u0161traukiamas laim\u0117jimas<\/a>, j\u016bs\u0173 jau neb\u0117ra \u0161alyje. J\u016bs teis\u0117tai nusipirkote biliet\u0105. Nesvarbu, gyvenate ar negyvenate JAV. Lygiai taip pat veikia ir visos kitos pasaulin\u0117s loterijos.<\/p>\n<p>M\u016bs\u0173 internetin\u0117s paslaugos skirtumas yra tas, kad mes j\u016bs\u0173 vardu perkame tikr\u0105j\u012f biliet\u0105. J\u016bs j\u012f u\u017esisakote internetu, o vienas i\u0161 m\u016bs\u0173 vietini\u0173 agent\u0173 nuperka jums fizin\u012f biliet\u0105. Jie taip pat nuskenuos j\u016bs\u0173 biliet\u0105 ir jis bus \u012fkeltas \u012f j\u016bs\u0173 \u017eaid\u0117jo paskyr\u0105, kad gal\u0117tum\u0117te matyti, jog mes jums nupirkome tikr\u0105 biliet\u0105.<br \/>\n<img loading=\"lazy\" decoding=\"async\" class=\"alignright size-medium wp-image-25854\" src=\"http:\/\/jackpotlotteryonline.com\/wp-content\/uploads\/2022\/10\/1_results_tickets_lotto-300x212.jpg\" alt=\"loterijos bilietas\" width=\"300\" height=\"212\" srcset=\"https:\/\/jackpotlotteryonline.com\/wp-content\/uploads\/2022\/10\/1_results_tickets_lotto-300x212.jpg 300w, https:\/\/jackpotlotteryonline.com\/wp-content\/uploads\/2022\/10\/1_results_tickets_lotto.jpg 320w\" sizes=\"auto, (max-width: 300px) 100vw, 300px\" \/><\/p>\n<p>Jei laim\u0117site daug, tik nuo j\u016bs\u0173 priklauso, ar nor\u0117site vykti \u012f \u0161al\u012f, kurioje vyksta loterija. Jei norite, galite atsiimti biliet\u0105 i\u0161 m\u016bs\u0173 ir laim\u0117t\u0105 biliet\u0105 asmeni\u0161kai pateikti loterijos komisijai. Kaip jie su\u017einos, kas j\u012f nusipirko?<\/p>\n<p>Bet i\u0161 tikr\u0173j\u0173 jums neb\u016btina taip elgtis. Nes m\u016bs\u0173 internetin\u0117s loterijos biliet\u0173 paslaugos dalis yra ta, kad mes taip pat galime pasir\u016bpinti i\u0161mok\u0117jimu u\u017e jus. Mes apdorojame j\u016bs\u0173 laim\u0117jim\u0105, o loterijos komisija arba i\u0161siun\u010dia jums \u010dek\u012f, arba perveda laim\u0117jim\u0105 \u012f j\u016bs\u0173 banko s\u0105skait\u0105.<\/p>\n<p>O ar \u017einojote, kad visi ma\u017eesni laim\u0117jimai (ma\u017eesni nei 2500,00 \u20ac) i\u0161 karto bus pervesti \u012f j\u016bs\u0173 \u017eaid\u0117jo s\u0105skait\u0105 m\u016bs\u0173 svetain\u0117je? Jums nereikia nieko daryti, kad gautum\u0117te \u0161iuos ma\u017eesnius laim\u0117jimus. Be to, bet kada galite papra\u0161yti i\u0161mok\u0117ti pinigus, ir mes i\u0161gryninsime \u0161ias l\u0117\u0161as \u012f j\u016bs\u0173 banko s\u0105skait\u0105, kredito kortel\u0119 arba kriptovaliut\u0173 pinigin\u0119 (jei toki\u0105 turite).<\/p>\n<h2>Kiti loterijos biliet\u0173 pirkimo internetu privalumai<\/h2>\n<p>M\u016bs\u0173 biliet\u0173 paslauga turi ir kit\u0173, gana akivaizd\u017ei\u0173 privalum\u0173, kurie yra \u0161ie:<\/p>\n<ul>\n<li>Nereikia i\u0161eiti i\u0161 nam\u0173, kad gautum\u0117te biliet\u0105<\/li>\n<li>Joki\u0173 eili\u0173 prie loterijos agento ar parduotuv\u0117s (ypa\u010d svarbu, kai prizai dideli!)<\/li>\n<li>J\u016bs\u0173 bilietas negali b\u016bti pamestas, nes yra nuskenuotas ir saugomas m\u016bs\u0173 saugyklose.<\/li>\n<\/ul>\n<p>Taigi, ko laukiate? Pasirinkite loterij\u0105 ir pirkite bilietus internetu jau \u0161iandien &#8211; su trupu\u010diu s\u0117km\u0117s rytoj galite tapti pagrindinio prizo laim\u0117toju!<\/p>\n","protected":false},"excerpt":{"rendered":"<p>Dabar loterijos biliet\u0173 pirkimas internetu tapo itin populiarus. Loterij\u0173 gerb\u0117jai i\u0161 viso pasaulio naudojasi loterijos biliet\u0173 internetu paslauga. Ir tam yra daug svari\u0173 prie\u017eas\u010di\u0173. Kai kuriems loterij\u0173 \u017eaid\u0117jams tai vienintelis b\u016bdas apskritai nusipirkti loterijos bilietus, nes j\u0173 gyvenamojoje \u0161alyje loterijos n\u0117ra. Tod\u0117l jie ie\u0161ko b\u016bd\u0173, kaip tur\u0117ti galimyb\u0119 laim\u0117ti dideles pinig\u0173 sumas, ir tam ie\u0161ko [&hellip;]<\/p>\n","protected":false},"author":1,"featured_media":0,"parent":0,"menu_order":3,"comment_status":"closed","ping_status":"closed","template":"Information.php","meta":{"_et_pb_use_builder":"","_et_pb_old_content":"","_et_gb_content_width":"","exclude_from_search":false,"footnotes":""},"class_list":["post-35768","page","type-page","status-publish","hentry"],"yoast_head":"<!-- This site is optimized with the Yoast SEO plugin v23.3 - https:\/\/yoast.com\/wordpress\/plugins\/seo\/ -->\n<title>Kaip nusipirkti pasaulini\u0173 loterij\u0173 bilietus internetu<\/title>\n<meta name=\"description\" content=\"\u012e k\u0105 atkreipti d\u0117mes\u012f perkant tarptautini\u0173 loterij\u0173 bilietus internetu. Kai kurios biliet\u0173 internetu paslaugos yra ma\u017eiau rekomenduotinos, su\u017einokite, kurios\" \/>\n<meta name=\"robots\" content=\"index, follow, max-snippet:-1, max-image-preview:large, max-video-preview:-1\" \/>\n<link rel=\"canonical\" href=\"https:\/\/jackpotlotteryonline.com\/buy-tickets\/\" \/>\n<meta property=\"og:locale\" content=\"lt_LT\" \/>\n<meta property=\"og:type\" content=\"article\" \/>\n<meta property=\"og:title\" content=\"Kaip nusipirkti pasaulini\u0173 loterij\u0173 bilietus internetu\" \/>\n<meta property=\"og:description\" content=\"\u012e k\u0105 atkreipti d\u0117mes\u012f perkant tarptautini\u0173 loterij\u0173 bilietus internetu. Kai kurios biliet\u0173 internetu paslaugos yra ma\u017eiau rekomenduotinos, su\u017einokite, kurios\" \/>\n<meta property=\"og:url\" content=\"https:\/\/jackpotlotteryonline.com\/buy-tickets\/\" \/>\n<meta property=\"og:site_name\" content=\"Lotto Online - Crack The International Lottery Jackpots\" \/>\n<meta property=\"article:modified_time\" content=\"2022-12-19T11:08:05+00:00\" \/>\n<meta property=\"og:image\" content=\"http:\/\/jackpotlotteryonline.com\/wp-content\/uploads\/2022\/10\/1_buy_ticket_online.jpg\" \/>\n<meta name=\"twitter:card\" content=\"summary_large_image\" \/>\n<meta name=\"twitter:label1\" content=\"Est. reading time\" \/>\n\t<meta name=\"twitter:data1\" content=\"4 minut\u0117s\" \/>\n<!-- \/ Yoast SEO plugin. -->","yoast_head_json":{"title":"Kaip nusipirkti pasaulini\u0173 loterij\u0173 bilietus internetu","description":"\u012e k\u0105 atkreipti d\u0117mes\u012f perkant tarptautini\u0173 loterij\u0173 bilietus internetu. Kai kurios biliet\u0173 internetu paslaugos yra ma\u017eiau rekomenduotinos, su\u017einokite, kurios","robots":{"index":"index","follow":"follow","max-snippet":"max-snippet:-1","max-image-preview":"max-image-preview:large","max-video-preview":"max-video-preview:-1"},"canonical":"https:\/\/jackpotlotteryonline.com\/buy-tickets\/","og_locale":"lt_LT","og_type":"article","og_title":"Kaip nusipirkti pasaulini\u0173 loterij\u0173 bilietus internetu","og_description":"\u012e k\u0105 atkreipti d\u0117mes\u012f perkant tarptautini\u0173 loterij\u0173 bilietus internetu. Kai kurios biliet\u0173 internetu paslaugos yra ma\u017eiau rekomenduotinos, su\u017einokite, kurios","og_url":"https:\/\/jackpotlotteryonline.com\/buy-tickets\/","og_site_name":"Lotto Online - Crack The International Lottery Jackpots","article_modified_time":"2022-12-19T11:08:05+00:00","og_image":[{"url":"http:\/\/jackpotlotteryonline.com\/wp-content\/uploads\/2022\/10\/1_buy_ticket_online.jpg"}],"twitter_card":"summary_large_image","twitter_misc":{"Est. reading time":"4 minut\u0117s"},"schema":{"@context":"https:\/\/schema.org","@graph":[{"@type":"WebPage","@id":"https:\/\/jackpotlotteryonline.com\/buy-tickets\/","url":"https:\/\/jackpotlotteryonline.com\/buy-tickets\/","name":"Kaip nusipirkti pasaulini\u0173 loterij\u0173 bilietus internetu","isPartOf":{"@id":"https:\/\/jackpotlotteryonline.com\/#website"},"primaryImageOfPage":{"@id":"https:\/\/jackpotlotteryonline.com\/buy-tickets\/#primaryimage"},"image":{"@id":"https:\/\/jackpotlotteryonline.com\/buy-tickets\/#primaryimage"},"thumbnailUrl":"http:\/\/jackpotlotteryonline.com\/wp-content\/uploads\/2022\/10\/1_buy_ticket_online.jpg","datePublished":"2022-11-01T13:18:55+00:00","dateModified":"2022-12-19T11:08:05+00:00","description":"\u012e k\u0105 atkreipti d\u0117mes\u012f perkant tarptautini\u0173 loterij\u0173 bilietus internetu. Kai kurios biliet\u0173 internetu paslaugos yra ma\u017eiau rekomenduotinos, su\u017einokite, kurios","breadcrumb":{"@id":"https:\/\/jackpotlotteryonline.com\/buy-tickets\/#breadcrumb"},"inLanguage":"lt-LT","potentialAction":[{"@type":"ReadAction","target":["https:\/\/jackpotlotteryonline.com\/buy-tickets\/"]}]},{"@type":"ImageObject","inLanguage":"lt-LT","@id":"https:\/\/jackpotlotteryonline.com\/buy-tickets\/#primaryimage","url":"http:\/\/jackpotlotteryonline.com\/wp-content\/uploads\/2022\/10\/1_buy_ticket_online.jpg","contentUrl":"http:\/\/jackpotlotteryonline.com\/wp-content\/uploads\/2022\/10\/1_buy_ticket_online.jpg"},{"@type":"BreadcrumbList","@id":"https:\/\/jackpotlotteryonline.com\/buy-tickets\/#breadcrumb","itemListElement":[{"@type":"ListItem","position":1,"name":"Home","item":"https:\/\/jackpotlotteryonline.com\/lt\/"},{"@type":"ListItem","position":2,"name":"Kaip nusipirkti loterijos bilietus internetu"}]},{"@type":"WebSite","@id":"https:\/\/jackpotlotteryonline.com\/#website","url":"https:\/\/jackpotlotteryonline.com\/","name":"Lotto Online - Crack The International Lottery Jackpots","description":"","potentialAction":[{"@type":"SearchAction","target":{"@type":"EntryPoint","urlTemplate":"https:\/\/jackpotlotteryonline.com\/?s={search_term_string}"},"query-input":"required name=search_term_string"}],"inLanguage":"lt-LT"}]}},"_links":{"self":[{"href":"https:\/\/jackpotlotteryonline.com\/lt\/wp-json\/wp\/v2\/pages\/35768","targetHints":{"allow":["GET"]}}],"collection":[{"href":"https:\/\/jackpotlotteryonline.com\/lt\/wp-json\/wp\/v2\/pages"}],"about":[{"href":"https:\/\/jackpotlotteryonline.com\/lt\/wp-json\/wp\/v2\/types\/page"}],"author":[{"embeddable":true,"href":"https:\/\/jackpotlotteryonline.com\/lt\/wp-json\/wp\/v2\/users\/1"}],"replies":[{"embeddable":true,"href":"https:\/\/jackpotlotteryonline.com\/lt\/wp-json\/wp\/v2\/comments?post=35768"}],"version-history":[{"count":0,"href":"https:\/\/jackpotlotteryonline.com\/lt\/wp-json\/wp\/v2\/pages\/35768\/revisions"}],"wp:attachment":[{"href":"https:\/\/jackpotlotteryonline.com\/lt\/wp-json\/wp\/v2\/media?parent=35768"}],"curies":[{"name":"wp","href":"https:\/\/api.w.org\/{rel}","templated":true}]}}