{"id":35842,"date":"2022-11-02T07:18:07","date_gmt":"2022-11-02T07:18:07","guid":{"rendered":"https:\/\/jackpotlotteryonline.com\/?page_id=35842"},"modified":"2022-12-26T08:15:33","modified_gmt":"2022-12-26T08:15:33","slug":"laimeje-skaitmenys","status":"publish","type":"page","link":"https:\/\/jackpotlotteryonline.com\/lt\/laimeje-skaitmenys\/","title":{"rendered":"Loterijos rezultatai"},"content":{"rendered":"<h2>Loterij\u0173 rezultatai internete<\/h2>\n<p>Turint tok\u012f plat\u0173 loterij\u0173, kuriose galima \u017eaisti, asortiment\u0105 ir visiems lengvai prieinam\u0105 internet\u0105, daugelis \u017emoni\u0173 nori greitai patikrinti loterijos rezultatus internetu. Jei nusipirkote loterijos biliet\u0105, tikrai nekantraujate su\u017einoti, kokie yra konkretaus tira\u017eo laimingieji skai\u010diai. <strong>Dabar tarptautini\u0173 loterij\u0173 rezultatus galite lengvai patikrinti internetu per kelias sekundes.<\/strong><\/p>\n<p>\u0160ia paslauga galima naudotis visame pasaulyje, tod\u0117l nesvarbu, kur beb\u016btum\u0117te &#8211; ar atostogautum\u0117te, ar vyktum\u0117te \u012f komandiruot\u0119 u\u017esienyje, ar tiesiog dirbtum\u0117te darbe, ar eitum\u0117te su draugais &#8211; jums nebereik\u0117s vartyti vietinio laikra\u0161\u010dio ar laukti kelias dienas, kol su\u017einosite, ar laim\u0117jote pagrindin\u012f priz\u0105. Dabar galite papras\u010diausiai apsilankyti m\u016bs\u0173 svetain\u0117je, pasirinkti loterijos, u\u017e kuri\u0105 stat\u0117te, rezultatus ir greitai su\u017einoti, ar atsp\u0117jote kokius nors skai\u010dius.<\/p>\n<section class=\"layout\" style=\"border: solid 1px; width: 100%;\">\n<div class=\"img-div\" style=\"margin-top: 5px;\"><img decoding=\"async\" class=\"wp-image-17212 alignleft\" style=\"height: 45px; margin: 8px 8px 0px;\" src=\"https:\/\/jackpotlotteryonline.com\/wp-content\/uploads\/2022\/11\/read1.jpg\" alt=\"skaityti\" width=\"\" height=\"\" \/><\/div>\n<div style=\"padding-left: 5px;\">\n<div style=\"font-size: 1.1em;\">\n<p><strong>Steb\u0117kite, kaip loterijos numeriai traukiami gyvai<\/strong><\/p>\n<p style=\"font-size: 0.85em; margin-top: -1.5em;\">Nepakli\u016bkite \u012f loterijos sp\u0105stus\u00a0<a href=\"https:\/\/jackpotlotteryonline.com\/lt\/ziurekite-kaip-loterijos-numeriai-traukiami-gyvai\"> skaityti daugiau<\/a><\/p>\n<\/div>\n<\/div>\n<\/section>\n<h2>Tarptautinio &#8220;Jackpot&#8221; laim\u0117tojo loterijos numeriai<\/h2>\n<p>Patikrinkite \u0161ios savait\u0117s laimin\u010dius did\u017eiausius tarptautini\u0173 loterij\u0173 aukso puodus loterijos numerius, kurie kasdien atnaujinami m\u016bs\u0173 svetain\u0117je. Pateikiame geriausi\u0173 ir did\u017eiausi\u0173 planetos loterij\u0173 s\u0105ra\u0161\u0105, \u012fskaitant &#8220;El Gordo&#8221;, &#8220;Euromillions&#8221;, &#8220;Mega Millions&#8221;, &#8220;Powerball&#8221;, &#8220;SuperEnaLotto&#8221; ir daugel\u012f kit\u0173.<br \/>\n<img loading=\"lazy\" decoding=\"async\" class=\"alignright size-medium wp-image-19277\" src=\"https:\/\/jackpotlotteryonline.com\/wp-content\/uploads\/2022\/10\/2_ticket_powerball_au2-163x300.jpg\" alt=\"Loterijos biliet\u0173 nuskaitymas\" width=\"163\" height=\"300\" srcset=\"https:\/\/jackpotlotteryonline.com\/wp-content\/uploads\/2022\/10\/2_ticket_powerball_au2-163x300.jpg 163w, https:\/\/jackpotlotteryonline.com\/wp-content\/uploads\/2022\/10\/2_ticket_powerball_au2.jpg 250w\" sizes=\"auto, (max-width: 163px) 100vw, 163px\" \/><\/p>\n<p><strong>Galb\u016bt manote, kad daugumos \u0161i\u0173 loterij\u0173 negalite \u017eaisti, ta\u010diau tai netiesa!<\/strong><a href=\"https:\/\/jackpotlotteryonline.com\/lt\/pirkti-bilietus\"> \u0160iais laikais internetu<\/a> lengva nusipirkti beveik bet kurios loterijos bilietus. Tai rei\u0161kia, kad jums neb\u016btina gyventi \u0161alyje, kurioje vyksta loterija.<\/p>\n<p><strong>Tai \u012fmanoma d\u0117l m\u016bs\u0173 teikiamos paslaugos.<\/strong><\/p>\n<p>Tiesiog spustel\u0117kite bet kur\u012f i\u0161 auk\u0161\u010diau esan\u010di\u0173 <a href=\"https:\/\/jackpotlotteryonline.com\/lt\/kaip-zaisti\">mygtuk\u0173 &#8220;\u017daisti&#8221;<\/a>, ir b\u016bsite nukreipti \u012f konkre\u010dios loterijos numeri\u0173 pasirinkimo puslap\u012f. Pasirinkite numerius, u\u017esiregistruokite ir sumok\u0117kite internetu &#8211; viskas taip paprasta! Atlik\u0119 pirkim\u0105 i\u0161 karto gausite asmeninio bilieto patvirtinim\u0105, o \u0161iek tiek v\u0117liau &#8211; nuskenuot\u0105 biliet\u0105. Taip pat pasir\u016bpinsime, kad jums b\u016bt\u0173 i\u0161mok\u0117ta tai, k\u0105 laim\u0117jote. \u0160ie pasauliniai prizai da\u017enai gali b\u016bti 100 kart\u0173 didesni nei j\u016bs\u0173 vietin\u0117s loterijos, tad ko dar laukiate? I\u0161sirinkite!<\/p>\n<h2>Su\u017einokite, ar laim\u0117jote &#8211; palyginkite savo biliet\u0105 su laim\u0117jusiais skai\u010diais<\/h2>\n<p>Loterij\u0173 rezultatus galite ne tik patikrinti internetu i\u0161 savo ne\u0161iojamojo ar stacionaraus kompiuterio ar net &#8220;iPhone&#8221; namuose ar biure, bet ir i\u0161 karto patikrinti daugelio loterij\u0173 rezultatus viename puslapyje.<\/p>\n<p>\u012evykus kiekvienam loterijos traukimui, kiekvienos loterijos rezultatai atnaujinami realiuoju laiku. Tai rei\u0161kia, kad tarptautini\u0173 loterij\u0173 internetu rezultatus galite pasiekti arba galite per\u017ei\u016br\u0117ti per kelias akimirkas po to, kai \u012fvyko burt\u0173 traukimas.<br \/>\n<img loading=\"lazy\" decoding=\"async\" class=\"alignright wp-image-19599\" src=\"https:\/\/jackpotlotteryonline.com\/wp-content\/uploads\/2022\/10\/1_balls_draw_lotto_numbers-200x300.jpg\" alt=\"Loterijos laim\u0117toj\u0173 numeriai\" width=\"154\" height=\"231\" srcset=\"https:\/\/jackpotlotteryonline.com\/wp-content\/uploads\/2022\/10\/1_balls_draw_lotto_numbers-200x300.jpg 200w, https:\/\/jackpotlotteryonline.com\/wp-content\/uploads\/2022\/10\/1_balls_draw_lotto_numbers.jpg 320w\" sizes=\"auto, (max-width: 154px) 100vw, 154px\" \/><\/p>\n<p>Jei nusprend\u0117te pirkti loterijos biliet\u0105 internetu, nesvarbu, kokio tipo tai b\u016bt\u0173 loto, patikrinti loterijos rezultatus internetu \u010dia, m\u016bs\u0173 svetain\u0117je, dar papras\u010diau. Taip yra d\u0117l to, kad tuo metu, kai pateikin\u0117site savo loterijos biliet\u0105 internetu, tur\u0117site \u012fvesti savo el. pa\u0161to adres\u0105. Jis reikalingas ne tik tam, kad gal\u0117tum\u0117te atsidaryti paskyr\u0105 ir \u017eaisti, bet ir tam, kad jums b\u016bt\u0173 prane\u0161ta apie laim\u0117jim\u0105.<\/p>\n<p>\u012evykus loto traukimui, el. pa\u0161tu jums bus automati\u0161kai prane\u0161ta, ar atitikote skai\u010dius, d\u0117l kuri\u0173 gal\u0117jote laim\u0117ti pinigin\u012f priz\u0105. Tiesiog patikrinkite savo el. pa\u0161to d\u0117\u017eut\u0119.<\/p>\n<p>Be to, jei loterijos biliet\u0105 \u010dia nusipirkote internetu, galite prisijungti prie savo kliento paskyros ir rezultatai bus rodomi \u0161alia j\u016bs\u0173 bilieto, kad gal\u0117tum\u0117te juos palyginti. Tie j\u016bs\u0173 bilieto skai\u010diai, kurie sutampa su burt\u0173 keliu, bus pary\u0161kinti. Tai taip patogu, kaip tik \u012fmanoma!<\/p>\n<p>Tur\u0117dami tiek daug puiki\u0173 privalum\u0173 ir patogi\u0173 funkcij\u0173, pavyzd\u017eiui, galimyb\u0119 greitai patikrinti loterijos rezultatus internetu, <strong>daugelis \u017emoni\u0173 dabar renkasi pirkti loterijos bilietus internetu, o ne parduotuv\u0117se.<\/strong><\/p>\n","protected":false},"excerpt":{"rendered":"<p>Loterij\u0173 rezultatai internete Turint tok\u012f plat\u0173 loterij\u0173, kuriose galima \u017eaisti, asortiment\u0105 ir visiems lengvai prieinam\u0105 internet\u0105, daugelis \u017emoni\u0173 nori greitai patikrinti loterijos rezultatus internetu. Jei nusipirkote loterijos biliet\u0105, tikrai nekantraujate su\u017einoti, kokie yra konkretaus tira\u017eo laimingieji skai\u010diai. Dabar tarptautini\u0173 loterij\u0173 rezultatus galite lengvai patikrinti internetu per kelias sekundes. \u0160ia paslauga galima naudotis visame pasaulyje, tod\u0117l [&hellip;]<\/p>\n","protected":false},"author":1,"featured_media":0,"parent":0,"menu_order":4,"comment_status":"closed","ping_status":"closed","template":"Results.php","meta":{"_et_pb_use_builder":"","_et_pb_old_content":"","_et_gb_content_width":"","exclude_from_search":false,"footnotes":""},"class_list":["post-35842","page","type-page","status-publish","hentry"],"yoast_head":"<!-- This site is optimized with the Yoast SEO plugin v23.3 - https:\/\/yoast.com\/wordpress\/plugins\/seo\/ -->\n<title>Laim\u0117j\u0119 numeriai ir rezultatai tarptautiniai loto prizai<\/title>\n<meta name=\"description\" content=\"\u0160iame puslapyje rodomi daugumos tarptautini\u0173 internetini\u0173 loterij\u0173 su pagrindiniais laim\u0117jimais rezultatai ir laimingieji numeriai\" \/>\n<meta name=\"robots\" content=\"index, follow, max-snippet:-1, max-image-preview:large, max-video-preview:-1\" \/>\n<link rel=\"canonical\" href=\"https:\/\/jackpotlotteryonline.com\/lt\/laimeje-skaitmenys\/\" \/>\n<meta property=\"og:locale\" content=\"lt_LT\" \/>\n<meta property=\"og:type\" content=\"article\" \/>\n<meta property=\"og:title\" content=\"Laim\u0117j\u0119 numeriai ir rezultatai tarptautiniai loto prizai\" \/>\n<meta property=\"og:description\" content=\"\u0160iame puslapyje rodomi daugumos tarptautini\u0173 internetini\u0173 loterij\u0173 su pagrindiniais laim\u0117jimais rezultatai ir laimingieji numeriai\" \/>\n<meta property=\"og:url\" content=\"https:\/\/jackpotlotteryonline.com\/lt\/laimeje-skaitmenys\/\" \/>\n<meta property=\"og:site_name\" content=\"Lotto Online - Crack The International Lottery Jackpots\" \/>\n<meta property=\"article:modified_time\" content=\"2022-12-26T08:15:33+00:00\" \/>\n<meta property=\"og:image\" content=\"https:\/\/jackpotlotteryonline.com\/wp-content\/uploads\/2022\/11\/read1.jpg\" \/>\n<meta name=\"twitter:card\" content=\"summary_large_image\" \/>\n<meta name=\"twitter:label1\" content=\"Est. reading time\" \/>\n\t<meta name=\"twitter:data1\" content=\"3 minut\u0117s\" \/>\n<!-- \/ Yoast SEO plugin. -->","yoast_head_json":{"title":"Laim\u0117j\u0119 numeriai ir rezultatai tarptautiniai loto prizai","description":"\u0160iame puslapyje rodomi daugumos tarptautini\u0173 internetini\u0173 loterij\u0173 su pagrindiniais laim\u0117jimais rezultatai ir laimingieji numeriai","robots":{"index":"index","follow":"follow","max-snippet":"max-snippet:-1","max-image-preview":"max-image-preview:large","max-video-preview":"max-video-preview:-1"},"canonical":"https:\/\/jackpotlotteryonline.com\/lt\/laimeje-skaitmenys\/","og_locale":"lt_LT","og_type":"article","og_title":"Laim\u0117j\u0119 numeriai ir rezultatai tarptautiniai loto prizai","og_description":"\u0160iame puslapyje rodomi daugumos tarptautini\u0173 internetini\u0173 loterij\u0173 su pagrindiniais laim\u0117jimais rezultatai ir laimingieji numeriai","og_url":"https:\/\/jackpotlotteryonline.com\/lt\/laimeje-skaitmenys\/","og_site_name":"Lotto Online - Crack The International Lottery Jackpots","article_modified_time":"2022-12-26T08:15:33+00:00","og_image":[{"url":"https:\/\/jackpotlotteryonline.com\/wp-content\/uploads\/2022\/11\/read1.jpg"}],"twitter_card":"summary_large_image","twitter_misc":{"Est. reading time":"3 minut\u0117s"},"schema":{"@context":"https:\/\/schema.org","@graph":[{"@type":"WebPage","@id":"https:\/\/jackpotlotteryonline.com\/lt\/laimeje-skaitmenys\/","url":"https:\/\/jackpotlotteryonline.com\/lt\/laimeje-skaitmenys\/","name":"Laim\u0117j\u0119 numeriai ir rezultatai tarptautiniai loto prizai","isPartOf":{"@id":"https:\/\/jackpotlotteryonline.com\/#website"},"primaryImageOfPage":{"@id":"https:\/\/jackpotlotteryonline.com\/lt\/laimeje-skaitmenys\/#primaryimage"},"image":{"@id":"https:\/\/jackpotlotteryonline.com\/lt\/laimeje-skaitmenys\/#primaryimage"},"thumbnailUrl":"https:\/\/jackpotlotteryonline.com\/wp-content\/uploads\/2022\/11\/read1.jpg","datePublished":"2022-11-02T07:18:07+00:00","dateModified":"2022-12-26T08:15:33+00:00","description":"\u0160iame puslapyje rodomi daugumos tarptautini\u0173 internetini\u0173 loterij\u0173 su pagrindiniais laim\u0117jimais rezultatai ir laimingieji numeriai","breadcrumb":{"@id":"https:\/\/jackpotlotteryonline.com\/lt\/laimeje-skaitmenys\/#breadcrumb"},"inLanguage":"lt-LT","potentialAction":[{"@type":"ReadAction","target":["https:\/\/jackpotlotteryonline.com\/lt\/laimeje-skaitmenys\/"]}]},{"@type":"ImageObject","inLanguage":"lt-LT","@id":"https:\/\/jackpotlotteryonline.com\/lt\/laimeje-skaitmenys\/#primaryimage","url":"https:\/\/jackpotlotteryonline.com\/wp-content\/uploads\/2022\/11\/read1.jpg","contentUrl":"https:\/\/jackpotlotteryonline.com\/wp-content\/uploads\/2022\/11\/read1.jpg"},{"@type":"BreadcrumbList","@id":"https:\/\/jackpotlotteryonline.com\/lt\/laimeje-skaitmenys\/#breadcrumb","itemListElement":[{"@type":"ListItem","position":1,"name":"Home","item":"https:\/\/jackpotlotteryonline.com\/lt\/"},{"@type":"ListItem","position":2,"name":"Loterijos rezultatai"}]},{"@type":"WebSite","@id":"https:\/\/jackpotlotteryonline.com\/#website","url":"https:\/\/jackpotlotteryonline.com\/","name":"Lotto Online - Crack The International Lottery Jackpots","description":"","potentialAction":[{"@type":"SearchAction","target":{"@type":"EntryPoint","urlTemplate":"https:\/\/jackpotlotteryonline.com\/?s={search_term_string}"},"query-input":"required name=search_term_string"}],"inLanguage":"lt-LT"}]}},"_links":{"self":[{"href":"https:\/\/jackpotlotteryonline.com\/lt\/wp-json\/wp\/v2\/pages\/35842","targetHints":{"allow":["GET"]}}],"collection":[{"href":"https:\/\/jackpotlotteryonline.com\/lt\/wp-json\/wp\/v2\/pages"}],"about":[{"href":"https:\/\/jackpotlotteryonline.com\/lt\/wp-json\/wp\/v2\/types\/page"}],"author":[{"embeddable":true,"href":"https:\/\/jackpotlotteryonline.com\/lt\/wp-json\/wp\/v2\/users\/1"}],"replies":[{"embeddable":true,"href":"https:\/\/jackpotlotteryonline.com\/lt\/wp-json\/wp\/v2\/comments?post=35842"}],"version-history":[{"count":0,"href":"https:\/\/jackpotlotteryonline.com\/lt\/wp-json\/wp\/v2\/pages\/35842\/revisions"}],"wp:attachment":[{"href":"https:\/\/jackpotlotteryonline.com\/lt\/wp-json\/wp\/v2\/media?parent=35842"}],"curies":[{"name":"wp","href":"https:\/\/api.w.org\/{rel}","templated":true}]}}