{"id":35895,"date":"2022-11-02T09:28:25","date_gmt":"2022-11-02T09:28:25","guid":{"rendered":"https:\/\/jackpotlotteryonline.com\/?page_id=35895"},"modified":"2022-12-19T09:17:34","modified_gmt":"2022-12-19T09:17:34","slug":"powerball","status":"publish","type":"page","link":"https:\/\/jackpotlotteryonline.com\/lt\/kaip-zaisti\/powerball\/","title":{"rendered":"Powerball JAV"},"content":{"rendered":"<h2>Powerball loterijos Jackpot internete<\/h2>\n<p><img loading=\"lazy\" decoding=\"async\" class=\"alignright size-full wp-image-19358\" src=\"https:\/\/jackpotlotteryonline.com\/wp-content\/uploads\/2022\/10\/2_ticket_powerball3.jpg\" alt=\"Powerball bilietas\" width=\"180\" height=\"194\" \/><\/p>\n<p>Prie\u0161 jus &#8211; viena seniausi\u0173 ir did\u017eiausi\u0173 JAV loterij\u0173. Loterijos &#8220;Powerball&#8221; aukso puod\u0105 si\u016blo 41 JAV valstijos sudaryta keli\u0173 valstij\u0173 loterijos komisija. Ji vykdoma visose JAV valstijose (\u012fskaitant Mergeli\u0173 salas ir Kolumbijos apygard\u0105), i\u0161skyrus 8 (Nevados, Kalifornijos, Jutos, Misisip\u0117s, Vajomingo, Alabamos, Havaj\u0173 ir Aliaskos).<\/p>\n<p>Internetin\u0117s loterijos &#8220;Powerball&#8221; aukso puodas kelis kartus vir\u0161ijo 300 milijon\u0173 JAV doleri\u0173 sum\u0105, o did\u017eiausias kada nors laim\u0117tas aukso puodas buvo 1500 milijon\u0173 JAV doleri\u0173. Paprastai prizai prasideda nuo 20 mln. doleri\u0173 ir kiekvien\u0105 kart\u0105, kai nepavykdavo laim\u0117ti pagrindinio prizo, padid\u0117ja bent 5 mln. doleri\u0173.<\/p>\n<section class=\"layout\" style=\"border: solid 1px; width: 100%;\">\n<div class=\"img-div\" style=\"margin-top: 5px;\"><img decoding=\"async\" class=\"wp-image-17212 alignleft\" style=\"height: 45px; margin: 8px 8px 0px;\" src=\"https:\/\/jackpotlotteryonline.com\/wp-content\/uploads\/2022\/11\/read1.jpg\" alt=\"Did\u017eiausias loto prizas\" width=\"\" height=\"\" \/><\/div>\n<div style=\"padding-left: 5px;\">\n<div style=\"font-size: 1.1em;\">\n<p><strong>Istoriniai rekordiniai loterijos laim\u0117jimai<\/strong><\/p>\n<p style=\"font-size: 0.85em; margin-top: -1.5em;\">Did\u017eiausi istorijoje loterijos laim\u0117jimai privers jus susim\u0105styti <a href=\"https:\/\/jackpotlotteryonline.com\/lt\/didziausi-loterijos-prizai-istorijoje\">skaityti daugiau<\/a><\/p>\n<\/div>\n<\/div>\n<\/section>\n<h2>Kaip \u017eaisti &#8220;Powerball&#8221; loterij\u0105<\/h2>\n<p>Loterijos <strong>biliet\u0105 <a href=\"https:\/\/jackpotlotteryonline.com\/lt\/pirkti-bilietus\/powerball\">galite lengvai \u012fsigyti internetu<\/a> per m\u016bs\u0173 svetain\u0119. Nor\u0117dami \u017eaisti ir laim\u0117ti &#8220;Powerball&#8221; loterijos<\/strong> aukso puod\u0105, neprivalote b\u016bti JAV pilietis &#8211; galite gyventi ir u\u017e JAV rib\u0173, ta\u010diau jums turi b\u016bti ne ma\u017eiau kaip 18 met\u0173. Jums tereikia spustel\u0117ti vien\u0105 i\u0161 loterijos reklamini\u0173 skydeli\u0173, u\u017esiregistruoti, patvirtinti save ir atlikti mok\u0117jim\u0105. Likusiu reikalu pasir\u016bpinsime, kai pateiksite u\u017esakym\u0105. Biliet\u0173 pirkimas, pristatymas ir pagalba pinig\u0173 logistikos klausimais &#8211; tai sritys, kuriose galite gauti pagalb\u0105.<br \/>\n<img loading=\"lazy\" decoding=\"async\" class=\"alignright size-full wp-image-18167\" src=\"https:\/\/jackpotlotteryonline.com\/wp-content\/uploads\/2022\/10\/powerball_globe_logo.png\" alt=\"\u017eaisti powerball internetu\" width=\"200\" height=\"212\" \/><\/p>\n<p>Nor\u0117dami laim\u0117ti loterijos &#8220;Powerball&#8221; aukso puod\u0105, turite teisingai atsp\u0117ti penkis skai\u010dius i\u0161 59 ir &#8220;Powerball&#8221; skai\u010di\u0173 nuo 1 iki 39. Yra devyni b\u016bdai laim\u0117ti, o jei pataikysite &#8220;Powerball&#8221; skai\u010di\u0173, jau gausite vien\u0105 kain\u0105.<\/p>\n<p><a href=\"https:\/\/jackpotlotteryonline.com\/lt\/pirkti-bilietus\/powerball\">Loterijos &#8220;Powerball&#8221; pagrindinis<\/a> prizas internete yra tradicinis dviej\u0173 skai\u010di\u0173 loterijos \u017eaidimas. Viename b\u016bgne yra 59 balti kamuoliukai antrajame b\u016bgne yra 39 raudoni kamuoliukai. Tur\u0117site pasirinkti 5 baltuosius kamuoliukus ir vien\u0105 raudon\u0105j\u012f kamuoliuk\u0105. Kamuoliukus galima pasirinkti atsitiktine tvarka, o pasirinkimo eili\u0161kumas neturi jokios \u012ftakos rezultatui.<\/p>\n<p>Neabejotinai \u017eaisti &#8220;Powerball&#8221; loterijos aukso puod\u0105 internete turi sav\u0173 privalum\u0173, o d\u0117l nuostabi\u0173 \u0161ans\u0173 laim\u0117ti \u0161i loterija turi didel\u0119 paklaus\u0105.<\/p>\n<h2>At\u0117jo laikas i\u0161bandyti laim\u0119 &#8220;Powerball&#8221; loterijoje<\/h2>\n<p>Jei esate \u017emogus, m\u0117gstantis i\u0161bandyti laim\u0119 azartiniuose \u017eaidimuose, &#8220;Powerball&#8221; loterija tikrai yra tinkama vieta prad\u0117ti. M\u016bs\u0173 svetain\u0117je rasite daug daugiau informacijos, kuri pad\u0117s jums apsispr\u0119sti, kokius skai\u010dius pasirinkti ir \u017eaisti.<\/p>\n<p>Daugelis \u017emoni\u0173 i\u0161 ties\u0173 link\u0119 manyti, kad loterija yra atsitiktinis \u017eaidimas. Ta\u010diau suprat\u0119, kaip veikia Powerball loterija, jie gali b\u016bti link\u0119 galvoti \u0161iek tiek kitaip. <strong>Yra daugyb\u0117 \u017emoni\u0173, kurie jau laim\u0117jo &#8220;Powerball&#8221; loterijoje, ir n\u0117ra jokios prie\u017easties, kod\u0117l j\u016bs negalite b\u016bti vienas i\u0161 j\u0173. Prad\u0117kite dabar&#8230;!<\/strong><\/p>\n","protected":false},"excerpt":{"rendered":"<p>Powerball loterijos Jackpot internete Prie\u0161 jus &#8211; viena seniausi\u0173 ir did\u017eiausi\u0173 JAV loterij\u0173. Loterijos &#8220;Powerball&#8221; aukso puod\u0105 si\u016blo 41 JAV valstijos sudaryta keli\u0173 valstij\u0173 loterijos komisija. Ji vykdoma visose JAV valstijose (\u012fskaitant Mergeli\u0173 salas ir Kolumbijos apygard\u0105), i\u0161skyrus 8 (Nevados, Kalifornijos, Jutos, Misisip\u0117s, Vajomingo, Alabamos, Havaj\u0173 ir Aliaskos). Internetin\u0117s loterijos &#8220;Powerball&#8221; aukso puodas kelis kartus [&hellip;]<\/p>\n","protected":false},"author":1,"featured_media":0,"parent":35707,"menu_order":1,"comment_status":"closed","ping_status":"closed","template":"powerball-usa.php","meta":{"_et_pb_use_builder":"","_et_pb_old_content":"","_et_gb_content_width":"","exclude_from_search":false,"footnotes":""},"class_list":["post-35895","page","type-page","status-publish","hentry"],"yoast_head":"<!-- This site is optimized with the Yoast SEO plugin v23.3 - https:\/\/yoast.com\/wordpress\/plugins\/seo\/ -->\n<title>\u017daiskite &quot;Powerball&quot; loterij\u0105 internetu i\u0161 ne JAV<\/title>\n<meta name=\"description\" content=\"Powerball loterija yra viena seniausi\u0173 JAV loterij\u0173 - perskaitykite \u0161\u012f straipsn\u012f ir su\u017einokite, kaip \u0161iandien galite \u017eaisti internetu ir i\u0161 \u0161alies, esan\u010dios u\u017e JAV rib\u0173!\" \/>\n<meta name=\"robots\" content=\"index, follow, max-snippet:-1, max-image-preview:large, max-video-preview:-1\" \/>\n<link rel=\"canonical\" href=\"https:\/\/jackpotlotteryonline.com\/play-online\/powerball\/\" \/>\n<meta property=\"og:locale\" content=\"lt_LT\" \/>\n<meta property=\"og:type\" content=\"article\" \/>\n<meta property=\"og:title\" content=\"\u017daiskite &quot;Powerball&quot; loterij\u0105 internetu i\u0161 ne JAV\" \/>\n<meta property=\"og:description\" content=\"Powerball loterija yra viena seniausi\u0173 JAV loterij\u0173 - perskaitykite \u0161\u012f straipsn\u012f ir su\u017einokite, kaip \u0161iandien galite \u017eaisti internetu ir i\u0161 \u0161alies, esan\u010dios u\u017e JAV rib\u0173!\" \/>\n<meta property=\"og:url\" content=\"https:\/\/jackpotlotteryonline.com\/play-online\/powerball\/\" \/>\n<meta property=\"og:site_name\" content=\"Lotto Online - Crack The International Lottery Jackpots\" \/>\n<meta property=\"article:modified_time\" content=\"2022-12-19T09:17:34+00:00\" \/>\n<meta property=\"og:image\" content=\"https:\/\/jackpotlotteryonline.com\/wp-content\/uploads\/2022\/10\/2_ticket_powerball3.jpg\" \/>\n<meta name=\"twitter:card\" content=\"summary_large_image\" \/>\n<meta name=\"twitter:label1\" content=\"Est. reading time\" \/>\n\t<meta name=\"twitter:data1\" content=\"2 minut\u0117s\" \/>\n<!-- \/ Yoast SEO plugin. -->","yoast_head_json":{"title":"\u017daiskite \"Powerball\" loterij\u0105 internetu i\u0161 ne JAV","description":"Powerball loterija yra viena seniausi\u0173 JAV loterij\u0173 - perskaitykite \u0161\u012f straipsn\u012f ir su\u017einokite, kaip \u0161iandien galite \u017eaisti internetu ir i\u0161 \u0161alies, esan\u010dios u\u017e JAV rib\u0173!","robots":{"index":"index","follow":"follow","max-snippet":"max-snippet:-1","max-image-preview":"max-image-preview:large","max-video-preview":"max-video-preview:-1"},"canonical":"https:\/\/jackpotlotteryonline.com\/play-online\/powerball\/","og_locale":"lt_LT","og_type":"article","og_title":"\u017daiskite \"Powerball\" loterij\u0105 internetu i\u0161 ne JAV","og_description":"Powerball loterija yra viena seniausi\u0173 JAV loterij\u0173 - perskaitykite \u0161\u012f straipsn\u012f ir su\u017einokite, kaip \u0161iandien galite \u017eaisti internetu ir i\u0161 \u0161alies, esan\u010dios u\u017e JAV rib\u0173!","og_url":"https:\/\/jackpotlotteryonline.com\/play-online\/powerball\/","og_site_name":"Lotto Online - Crack The International Lottery Jackpots","article_modified_time":"2022-12-19T09:17:34+00:00","og_image":[{"url":"https:\/\/jackpotlotteryonline.com\/wp-content\/uploads\/2022\/10\/2_ticket_powerball3.jpg"}],"twitter_card":"summary_large_image","twitter_misc":{"Est. reading time":"2 minut\u0117s"},"schema":{"@context":"https:\/\/schema.org","@graph":[{"@type":"WebPage","@id":"https:\/\/jackpotlotteryonline.com\/play-online\/powerball\/","url":"https:\/\/jackpotlotteryonline.com\/play-online\/powerball\/","name":"\u017daiskite \"Powerball\" loterij\u0105 internetu i\u0161 ne JAV","isPartOf":{"@id":"https:\/\/jackpotlotteryonline.com\/#website"},"primaryImageOfPage":{"@id":"https:\/\/jackpotlotteryonline.com\/play-online\/powerball\/#primaryimage"},"image":{"@id":"https:\/\/jackpotlotteryonline.com\/play-online\/powerball\/#primaryimage"},"thumbnailUrl":"https:\/\/jackpotlotteryonline.com\/wp-content\/uploads\/2022\/10\/2_ticket_powerball3.jpg","datePublished":"2022-11-02T09:28:25+00:00","dateModified":"2022-12-19T09:17:34+00:00","description":"Powerball loterija yra viena seniausi\u0173 JAV loterij\u0173 - perskaitykite \u0161\u012f straipsn\u012f ir su\u017einokite, kaip \u0161iandien galite \u017eaisti internetu ir i\u0161 \u0161alies, esan\u010dios u\u017e JAV rib\u0173!","breadcrumb":{"@id":"https:\/\/jackpotlotteryonline.com\/play-online\/powerball\/#breadcrumb"},"inLanguage":"lt-LT","potentialAction":[{"@type":"ReadAction","target":["https:\/\/jackpotlotteryonline.com\/play-online\/powerball\/"]}]},{"@type":"ImageObject","inLanguage":"lt-LT","@id":"https:\/\/jackpotlotteryonline.com\/play-online\/powerball\/#primaryimage","url":"https:\/\/jackpotlotteryonline.com\/wp-content\/uploads\/2022\/10\/2_ticket_powerball3.jpg","contentUrl":"https:\/\/jackpotlotteryonline.com\/wp-content\/uploads\/2022\/10\/2_ticket_powerball3.jpg"},{"@type":"BreadcrumbList","@id":"https:\/\/jackpotlotteryonline.com\/play-online\/powerball\/#breadcrumb","itemListElement":[{"@type":"ListItem","position":1,"name":"Home","item":"https:\/\/jackpotlotteryonline.com\/lt\/"},{"@type":"ListItem","position":2,"name":"Kaip \u017eaisti","item":"https:\/\/jackpotlotteryonline.com\/lt\/kaip-zaisti\/"},{"@type":"ListItem","position":3,"name":"Powerball JAV"}]},{"@type":"WebSite","@id":"https:\/\/jackpotlotteryonline.com\/#website","url":"https:\/\/jackpotlotteryonline.com\/","name":"Lotto Online - Crack The International Lottery Jackpots","description":"","potentialAction":[{"@type":"SearchAction","target":{"@type":"EntryPoint","urlTemplate":"https:\/\/jackpotlotteryonline.com\/?s={search_term_string}"},"query-input":"required name=search_term_string"}],"inLanguage":"lt-LT"}]}},"_links":{"self":[{"href":"https:\/\/jackpotlotteryonline.com\/lt\/wp-json\/wp\/v2\/pages\/35895","targetHints":{"allow":["GET"]}}],"collection":[{"href":"https:\/\/jackpotlotteryonline.com\/lt\/wp-json\/wp\/v2\/pages"}],"about":[{"href":"https:\/\/jackpotlotteryonline.com\/lt\/wp-json\/wp\/v2\/types\/page"}],"author":[{"embeddable":true,"href":"https:\/\/jackpotlotteryonline.com\/lt\/wp-json\/wp\/v2\/users\/1"}],"replies":[{"embeddable":true,"href":"https:\/\/jackpotlotteryonline.com\/lt\/wp-json\/wp\/v2\/comments?post=35895"}],"version-history":[{"count":0,"href":"https:\/\/jackpotlotteryonline.com\/lt\/wp-json\/wp\/v2\/pages\/35895\/revisions"}],"up":[{"embeddable":true,"href":"https:\/\/jackpotlotteryonline.com\/lt\/wp-json\/wp\/v2\/pages\/35707"}],"wp:attachment":[{"href":"https:\/\/jackpotlotteryonline.com\/lt\/wp-json\/wp\/v2\/media?parent=35895"}],"curies":[{"name":"wp","href":"https:\/\/api.w.org\/{rel}","templated":true}]}}