{"id":35958,"date":"2022-11-02T12:19:18","date_gmt":"2022-11-02T12:19:18","guid":{"rendered":"https:\/\/jackpotlotteryonline.com\/?page_id=35958"},"modified":"2022-12-30T19:22:10","modified_gmt":"2022-12-30T19:22:10","slug":"mega-millions","status":"publish","type":"page","link":"https:\/\/jackpotlotteryonline.com\/lt\/kaip-zaisti\/mega-millions\/","title":{"rendered":"Mega Milijonai JAV"},"content":{"rendered":"<h2>Mega Millions internetinis loterijos aukso puodas<\/h2>\n<p>Mega Millions Jackpot Lotto s\u0117di Mi\u010digano valstijoje JAV ir yra \u017eaid\u017eiamas 12 JAV federalini\u0173 valstij\u0173. Kadangi burtai traukiami kiekvien\u0105 antradien\u012f ir penktadien\u012f 20 val. vakaro, laim\u0117ti laimingam \u017eaid\u0117jui gali pasitaikyti gana da\u017enai. Bilietas \u012f &#8220;Mega Millions&#8221; kainuoja palyginti nebrangiai, o did\u017eiausias kada nors i\u0161mok\u0117tas aukso puodas siek\u0117 daugiau kaip 1500 mln. doleri\u0173.<br \/>\n<img loading=\"lazy\" decoding=\"async\" class=\"alignright size-full wp-image-17546\" src=\"https:\/\/jackpotlotteryonline.com\/wp-content\/uploads\/2022\/10\/logo_Mega_Millions_233x110.png\" alt=\"\u017daiskite mega milijonus internetu\" width=\"232\" height=\"110\" \/><\/p>\n<p>Na, o jei ketinate \u017eaisti &#8220;Mega Millions&#8221;, be to, reguliariai, galite \u012fsivaizduoti, kiek laiko ir energijos reikia skirti b\u0117gimui \u012f loterij\u0105 du kartus per savait\u0119. Geriausias b\u016bdas pa\u0161alinti komplikacijas ir sutaupyti laiko b\u016bt\u0173 \u017eaisti internetu. <a href=\"https:\/\/jackpotlotteryonline.com\/lt\/laimeje-skaitmenys\/mega-millions\">Nusipirkti biliet\u0105<\/a> su m\u0117gstamais skai\u010diais ir pristatyti j\u012f \u012f namus dar niekada nebuvo taip paprasta. Su m\u016bs\u0173 pagalba &#8220;Mega Millions Lotto&#8221; aukso puod\u0105 internetu gali laim\u0117ti kiekvienas pasaulio gyventojas!<\/p>\n<h2>Kaip \u017eaisti &#8220;Mega Millions&#8221; internete<\/h2>\n<p>Loterija &#8220;Mega Millions&#8221; prasideda nuo 20 milijon\u0173 JAV doleri\u0173 sumos ir \u012f\u0117jo \u012f istorij\u0105, kai pasiek\u0117 1,5 milijardo JAV doleri\u0173 &#8211; did\u017eiausi\u0105 loterijos aukso puod\u0105 JAV istorijoje! \u017daid\u0117jai gali pasirinkti penkis skai\u010dius nuo 1 iki 56 (baltasis kamuoliukas) ir vien\u0105 vadinam\u0105j\u012f Mega skai\u010di\u0173 nuo 1 iki 46 (auksinis kamuoliukas).<br \/>\n<img loading=\"lazy\" decoding=\"async\" class=\"alignright size-full wp-image-19115\" src=\"https:\/\/jackpotlotteryonline.com\/wp-content\/uploads\/2022\/10\/2_ticket_mega_millions3.jpg\" alt=\"mega milijon\u0173 bilieto nuskaitymas\" width=\"180\" height=\"193\" \/><\/p>\n<p>Nor\u0117dami laim\u0117ti \u0161\u012f aukso puod\u0105, turite teisingai atsp\u0117ti visus penkis skai\u010dius ir &#8220;Mega&#8221; skai\u010di\u0173. Ta\u010diau net jei ir nepavyks laim\u0117ti pagrindinio prizo, turite nema\u017eai \u0161ans\u0173 laim\u0117ti, nes laimi 1 i\u0161 40 biliet\u0173. Kiekvienas sutiks, kad tai labai geri \u0161ansai laim\u0117ti loterijoje.<\/p>\n<p>D\u017eeppo prizas bus i\u0161mok\u0117tas 26 metin\u0117mis i\u0161mokomis, dar vadinamomis anuiteto galimybe, arba galite pasirinkti i\u0161mok\u0105 grynaisiais pinigais, kai jums bus i\u0161mok\u0117ta dabartin\u0117 anuiteto vert\u0117. <a href=\"https:\/\/jackpotlotteryonline.com\/lt\/laimeje-skaitmenys\/mega-millions\">Loterij\u0173<\/a> burtai paprastai traukiami Aidaho mieste (D\u017eord\u017eijoje), ta\u010diau kai laim\u0117jimas vir\u0161ija 200 milijon\u0173 JAV doleri\u0173 rib\u0105, burtai traukiami &#8220;Times Square&#8221; aik\u0161t\u0117je (Niujorke).<\/p>\n<p>Nor\u0117dami \u017eaisti \u0161ioje loterijoje, turite b\u016bti ne jaunesni kaip 18 met\u0173, ta\u010diau neprivalote b\u016bti JAV pilie\u010diai ar nuolatiniai gyventojai. Su m\u016bs\u0173 pagalba galite \u017eaisti ne i\u0161 JAV, o i\u0161 bet kurios pasaulio vietos. Ties\u0105 sakant, mes taip pat pad\u0117sime jums saugiai ir be joki\u0173 r\u016bpes\u010di\u0173 gauti laim\u0117t\u0105 priz\u0105.<\/p>\n<h2>Papildomos paslaugos<\/h2>\n<p>Beveik visose &#8220;Mega Millions&#8221; jurisdikcijose (42 i\u0161 43, i\u0161skyrus Kalifornij\u0105) \u017eaid\u0117jai turi galimyb\u0119 aktyvuoti papildom\u0105 funkcij\u0105, vadinam\u0105 &#8220;Megaplikuotoju&#8221;. Megapliusas padvigubina \u017eaidimo statym\u0105, o \u017eaid\u0117jai gali padauginti ne laim\u0117jimo prizus i\u0161 2, 3 arba 4. \u017dinoma, \u010dia nereikia min\u0117ti, kad koeficientai ma\u017e\u0117ja.<\/p>\n<p>Taigi, kai ant kortos pastatyta tiek daug, pats laikas pagalvoti apie galimyb\u0119 \u017eaisti &#8220;Mega Millions&#8221;, jis gali pad\u0117ti \u012fgyvendinti j\u016bs\u0173 svajones. U\u017esiregistruokite m\u016bs\u0173 svetain\u0117je ir i\u0161bandykite did\u017eiausi\u0105 JAV loterij\u0105.<\/p>\n<section class=\"layout\" style=\"border: solid 1px; width: 100%;\">\n<div class=\"img-div\" style=\"margin-top: 5px;\"><img decoding=\"async\" class=\"wp-image-17212 alignleft\" style=\"height: 45px; margin: 8px 8px 0px;\" src=\"https:\/\/jackpotlotteryonline.com\/wp-content\/uploads\/2022\/11\/read1.jpg\" alt=\"skaityti\" width=\"\" height=\"\" \/><\/div>\n<div style=\"padding-left: 5px;\">\n<div style=\"font-size: 1.1em;\">\n<p><strong>J\u016bs\u0173 nacionalin\u0117 loterija tarptautiniame palyginime<\/strong><\/p>\n<p style=\"font-size: 0.85em; margin-top: -1.5em;\">J\u016bs\u0173 vietin\u0117 loterija gali b\u016bti blogiausias pasirinkimas &#8211; kod\u0117l prasmingiau mok\u0117ti daugiau, bet siekti didesni\u0173 laim\u0117jim\u0173\u00a0<a href=\"https:\/\/jackpotlotteryonline.com\/lt\/jusu-vietine-loterija-tautiniame-lyginime\"> skaityti daugiau<\/a><\/p>\n<\/div>\n<\/div>\n<\/section>\n","protected":false},"excerpt":{"rendered":"<p>Mega Millions internetinis loterijos aukso puodas Mega Millions Jackpot Lotto s\u0117di Mi\u010digano valstijoje JAV ir yra \u017eaid\u017eiamas 12 JAV federalini\u0173 valstij\u0173. Kadangi burtai traukiami kiekvien\u0105 antradien\u012f ir penktadien\u012f 20 val. vakaro, laim\u0117ti laimingam \u017eaid\u0117jui gali pasitaikyti gana da\u017enai. Bilietas \u012f &#8220;Mega Millions&#8221; kainuoja palyginti nebrangiai, o did\u017eiausias kada nors i\u0161mok\u0117tas aukso puodas siek\u0117 daugiau kaip [&hellip;]<\/p>\n","protected":false},"author":1,"featured_media":0,"parent":35707,"menu_order":2,"comment_status":"closed","ping_status":"closed","template":"megamillion.php","meta":{"_et_pb_use_builder":"","_et_pb_old_content":"","_et_gb_content_width":"","exclude_from_search":false,"footnotes":""},"class_list":["post-35958","page","type-page","status-publish","hentry"],"yoast_head":"<!-- This site is optimized with the Yoast SEO plugin v23.3 - https:\/\/yoast.com\/wordpress\/plugins\/seo\/ -->\n<title>\u017daiskite &quot;Mega Millions&quot; internetu ne i\u0161 JAV<\/title>\n<meta name=\"description\" content=\"JAV loterijos &quot;Mega Millions&quot; aukso puodas yra vis\u0173 loterij\u0173 motina ir dabar galite \u017eaisti internetu, net jei gyvenate ne JAV.\" \/>\n<meta name=\"robots\" content=\"index, follow, max-snippet:-1, max-image-preview:large, max-video-preview:-1\" \/>\n<link rel=\"canonical\" href=\"https:\/\/jackpotlotteryonline.com\/play-online\/mega-millions\/\" \/>\n<meta property=\"og:locale\" content=\"lt_LT\" \/>\n<meta property=\"og:type\" content=\"article\" \/>\n<meta property=\"og:title\" content=\"\u017daiskite &quot;Mega Millions&quot; internetu ne i\u0161 JAV\" \/>\n<meta property=\"og:description\" content=\"JAV loterijos &quot;Mega Millions&quot; aukso puodas yra vis\u0173 loterij\u0173 motina ir dabar galite \u017eaisti internetu, net jei gyvenate ne JAV.\" \/>\n<meta property=\"og:url\" content=\"https:\/\/jackpotlotteryonline.com\/play-online\/mega-millions\/\" \/>\n<meta property=\"og:site_name\" content=\"Lotto Online - Crack The International Lottery Jackpots\" \/>\n<meta property=\"article:modified_time\" content=\"2022-12-30T19:22:10+00:00\" \/>\n<meta property=\"og:image\" content=\"https:\/\/jackpotlotteryonline.com\/wp-content\/uploads\/2022\/10\/logo_Mega_Millions_233x110.png\" \/>\n<meta name=\"twitter:card\" content=\"summary_large_image\" \/>\n<meta name=\"twitter:label1\" content=\"Est. reading time\" \/>\n\t<meta name=\"twitter:data1\" content=\"3 minut\u0117s\" \/>\n<!-- \/ Yoast SEO plugin. -->","yoast_head_json":{"title":"\u017daiskite \"Mega Millions\" internetu ne i\u0161 JAV","description":"JAV loterijos \"Mega Millions\" aukso puodas yra vis\u0173 loterij\u0173 motina ir dabar galite \u017eaisti internetu, net jei gyvenate ne JAV.","robots":{"index":"index","follow":"follow","max-snippet":"max-snippet:-1","max-image-preview":"max-image-preview:large","max-video-preview":"max-video-preview:-1"},"canonical":"https:\/\/jackpotlotteryonline.com\/play-online\/mega-millions\/","og_locale":"lt_LT","og_type":"article","og_title":"\u017daiskite \"Mega Millions\" internetu ne i\u0161 JAV","og_description":"JAV loterijos \"Mega Millions\" aukso puodas yra vis\u0173 loterij\u0173 motina ir dabar galite \u017eaisti internetu, net jei gyvenate ne JAV.","og_url":"https:\/\/jackpotlotteryonline.com\/play-online\/mega-millions\/","og_site_name":"Lotto Online - Crack The International Lottery Jackpots","article_modified_time":"2022-12-30T19:22:10+00:00","og_image":[{"url":"https:\/\/jackpotlotteryonline.com\/wp-content\/uploads\/2022\/10\/logo_Mega_Millions_233x110.png"}],"twitter_card":"summary_large_image","twitter_misc":{"Est. reading time":"3 minut\u0117s"},"schema":{"@context":"https:\/\/schema.org","@graph":[{"@type":"WebPage","@id":"https:\/\/jackpotlotteryonline.com\/play-online\/mega-millions\/","url":"https:\/\/jackpotlotteryonline.com\/play-online\/mega-millions\/","name":"\u017daiskite \"Mega Millions\" internetu ne i\u0161 JAV","isPartOf":{"@id":"https:\/\/jackpotlotteryonline.com\/#website"},"primaryImageOfPage":{"@id":"https:\/\/jackpotlotteryonline.com\/play-online\/mega-millions\/#primaryimage"},"image":{"@id":"https:\/\/jackpotlotteryonline.com\/play-online\/mega-millions\/#primaryimage"},"thumbnailUrl":"https:\/\/jackpotlotteryonline.com\/wp-content\/uploads\/2022\/10\/logo_Mega_Millions_233x110.png","datePublished":"2022-11-02T12:19:18+00:00","dateModified":"2022-12-30T19:22:10+00:00","description":"JAV loterijos \"Mega Millions\" aukso puodas yra vis\u0173 loterij\u0173 motina ir dabar galite \u017eaisti internetu, net jei gyvenate ne JAV.","breadcrumb":{"@id":"https:\/\/jackpotlotteryonline.com\/play-online\/mega-millions\/#breadcrumb"},"inLanguage":"lt-LT","potentialAction":[{"@type":"ReadAction","target":["https:\/\/jackpotlotteryonline.com\/play-online\/mega-millions\/"]}]},{"@type":"ImageObject","inLanguage":"lt-LT","@id":"https:\/\/jackpotlotteryonline.com\/play-online\/mega-millions\/#primaryimage","url":"https:\/\/jackpotlotteryonline.com\/wp-content\/uploads\/2022\/10\/logo_Mega_Millions_233x110.png","contentUrl":"https:\/\/jackpotlotteryonline.com\/wp-content\/uploads\/2022\/10\/logo_Mega_Millions_233x110.png"},{"@type":"BreadcrumbList","@id":"https:\/\/jackpotlotteryonline.com\/play-online\/mega-millions\/#breadcrumb","itemListElement":[{"@type":"ListItem","position":1,"name":"Home","item":"https:\/\/jackpotlotteryonline.com\/lt\/"},{"@type":"ListItem","position":2,"name":"Kaip \u017eaisti","item":"https:\/\/jackpotlotteryonline.com\/lt\/kaip-zaisti\/"},{"@type":"ListItem","position":3,"name":"Mega Milijonai JAV"}]},{"@type":"WebSite","@id":"https:\/\/jackpotlotteryonline.com\/#website","url":"https:\/\/jackpotlotteryonline.com\/","name":"Lotto Online - Crack The International Lottery Jackpots","description":"","potentialAction":[{"@type":"SearchAction","target":{"@type":"EntryPoint","urlTemplate":"https:\/\/jackpotlotteryonline.com\/?s={search_term_string}"},"query-input":"required name=search_term_string"}],"inLanguage":"lt-LT"}]}},"_links":{"self":[{"href":"https:\/\/jackpotlotteryonline.com\/lt\/wp-json\/wp\/v2\/pages\/35958","targetHints":{"allow":["GET"]}}],"collection":[{"href":"https:\/\/jackpotlotteryonline.com\/lt\/wp-json\/wp\/v2\/pages"}],"about":[{"href":"https:\/\/jackpotlotteryonline.com\/lt\/wp-json\/wp\/v2\/types\/page"}],"author":[{"embeddable":true,"href":"https:\/\/jackpotlotteryonline.com\/lt\/wp-json\/wp\/v2\/users\/1"}],"replies":[{"embeddable":true,"href":"https:\/\/jackpotlotteryonline.com\/lt\/wp-json\/wp\/v2\/comments?post=35958"}],"version-history":[{"count":0,"href":"https:\/\/jackpotlotteryonline.com\/lt\/wp-json\/wp\/v2\/pages\/35958\/revisions"}],"up":[{"embeddable":true,"href":"https:\/\/jackpotlotteryonline.com\/lt\/wp-json\/wp\/v2\/pages\/35707"}],"wp:attachment":[{"href":"https:\/\/jackpotlotteryonline.com\/lt\/wp-json\/wp\/v2\/media?parent=35958"}],"curies":[{"name":"wp","href":"https:\/\/api.w.org\/{rel}","templated":true}]}}