{"id":36028,"date":"2022-11-03T08:21:56","date_gmt":"2022-11-03T08:21:56","guid":{"rendered":"https:\/\/jackpotlotteryonline.com\/?page_id=36028"},"modified":"2022-12-30T20:13:32","modified_gmt":"2022-12-30T20:13:32","slug":"euromillions","status":"publish","type":"page","link":"https:\/\/jackpotlotteryonline.com\/lt\/kaip-zaisti\/euromillions\/","title":{"rendered":"\u017daisti &#8220;Euro Millions"},"content":{"rendered":"<h2>Gaukite &#8220;Euromillions&#8221; biliet\u0105 internetu<\/h2>\n<p><img loading=\"lazy\" decoding=\"async\" class=\"alignright wp-image-18926\" src=\"https:\/\/jackpotlotteryonline.com\/wp-content\/uploads\/2022\/10\/2_ticket_euromillions3-111x300.jpg\" alt=\"euromillions bilietas \" width=\"83\" height=\"224\" srcset=\"https:\/\/jackpotlotteryonline.com\/wp-content\/uploads\/2022\/10\/2_ticket_euromillions3-111x300.jpg 111w, https:\/\/jackpotlotteryonline.com\/wp-content\/uploads\/2022\/10\/2_ticket_euromillions3.jpg 180w\" sizes=\"auto, (max-width: 83px) 100vw, 83px\" \/><\/p>\n<p>Euromillions &#8211; tai loterija, rengiama keliose Europos \u0161alyse, pavyzd\u017eiui, Pranc\u016bzijoje, Jungtin\u0117je Karalyst\u0117je, Ispanijoje, Airijoje, Belgijoje, Liuksemburge ir \u0160veicarijoje. Loterijos &#8220;Euromillions&#8221; internetu pagrindinis prizas prasideda nuo 15 mln. eur\u0173 sumos, o rekordinis prizas siekia 190 mln. eur\u0173.<\/p>\n<p>Norint \u017eaisti &#8220;Euromillions&#8221; loterijos aukso puod\u0105, jums turi b\u016bti ne ma\u017eiau kaip 18 met\u0173, ta\u010diau \u017eaisti galite i\u0161 bet kurios pasaulio \u0161alies, naudodamiesi \u0161ioje svetain\u0117je teikiamomis paslaugomis. Tai, k\u0105 mes si\u016blome, yra gana unikalu, nes suteikia galimyb\u0119 \u017eaisti ir laim\u0117ti &#8220;Euromilijon\u0173&#8221; aukso puod\u0105 internetu visiems pasaulio gyventojams, \u012fskaitant tokias \u0161alis kaip Vokietija, Nyderlandai, Italija ir net u\u017e Europos rib\u0173, ir dar daugiau. Suteikus laimingo pasirinkimo galimyb\u0119, lengviau pasirinkti atsitiktinius skai\u010dius, u\u017euot dar\u0119 spaudim\u0105 savo pa\u010di\u0173 pilkosioms l\u0105stel\u0117ms.<\/p>\n<h2>Kaip nusipirkti &#8220;Euromillions&#8221; pagrindinio prizo biliet\u0105 u\u017e Europos rib\u0173<\/h2>\n<p><a href=\"https:\/\/jackpotlotteryonline.com\/lt\/pirkti-bilietus\/euromillions\">Perkant bilietus \u012f &#8220;Euromillions&#8221; internetin\u0117s loterijos &#8220;Euromillions&#8221; aukso puod\u0105<\/a>, m\u016bs\u0173 pagalba galima suma\u017einti varginant\u012f darb\u0105. U\u017esiregistravus m\u016bs\u0173 svetain\u0117je ir j\u0105 patikrinus, jums tereik\u0117s pasirinkti loterij\u0105 ir atlikti reikiam\u0105 mok\u0117jim\u0105. Tai atlikus, loterijos bilietas bus nupirktas j\u016bs\u0173 vardu, o nuskaitytas bilietas bus \u012fkeltas \u012f j\u016bs\u0173 paskyr\u0105, kai sumok\u0117site pasirinkta mok\u0117jimo priemone.<\/p>\n<p>Be to, jei norite kur\u012f laik\u0105 toliau \u017eaisti &#8220;Euromillions&#8221; internetin\u012f aukso puod\u0105, galite pasirinkti savo skai\u010dius arba juos pasirinkti atsitiktine tvarka ir dalyvauti keliuose tira\u017euose, ta\u010diau mok\u0117ti reik\u0117s tik kart\u0105 per kelias savaites.<\/p>\n<h2>Kaip veikia loterijos &#8220;Euromillions&#8221; internetinis pagrindinis prizas<\/h2>\n<p><img loading=\"lazy\" decoding=\"async\" class=\"alignright wp-image-17411\" src=\"https:\/\/jackpotlotteryonline.com\/wp-content\/uploads\/2022\/10\/euromillions.png\" alt=\"\u017eaisti euromillions internetu\" width=\"143\" height=\"152\" \/><\/p>\n<p>Nor\u0117dami laim\u0117ti pagrindin\u012f priz\u0105, turite pasirinkti penkis skai\u010dius nuo 1 iki 50 ir 2 papildomus &#8220;Lucky Star&#8221; skai\u010dius (nuo 1 iki 9). <a href=\"https:\/\/jackpotlotteryonline.com\/lt\/laimeje-skaitmenys\/euromillions\">Loterijos &#8220;Euromillions&#8221; pagrindinio<\/a> prizo traukimas vyksta kiekvien\u0105 penktadienio vakar\u0105, o be pagrindinio prizo yra 11 lygi\u0173 priz\u0173. Tikimyb\u0117 laim\u0117ti bent vien\u0105 priz\u0105 yra viena i\u0161 24.<\/p>\n<h2>Rezultat\u0173 tikrinimas<\/h2>\n<p>Pasibaigus burt\u0173 traukimui, rezultatus bet kuriuo metu galite pasitikrinti internetu. I\u0161 tikr\u0173j\u0173, nor\u0117dami sekti \u012fvykius, galite naudoti savo &#8220;iPad&#8221;, &#8220;iPhone&#8221; ar kit\u0105 pana\u0161\u0173 \u012frengin\u012f. Kai jums pasiseks laim\u0117ti priz\u0105 arba &#8220;Euromillions&#8221; loterijos internete pagrindin\u012f priz\u0105, mes taip pat pad\u0117sime atsiimti priz\u0105 ir pasir\u016bpinsime, kad jis b\u016bt\u0173 jums pristatytas.<\/p>\n<section class=\"layout\" style=\"border: solid 1px; width: 100%;\">\n<div class=\"img-div\" style=\"margin-top: 5px;\"><img decoding=\"async\" class=\"wp-image-17212 alignleft\" style=\"height: 45px; margin: 8px 8px 0px;\" src=\"https:\/\/jackpotlotteryonline.com\/wp-content\/uploads\/2022\/11\/read1.jpg\" alt=\"skaityti\" width=\"\" height=\"\" \/><\/div>\n<div style=\"padding-left: 5px;\">\n<div style=\"font-size: 1.1em;\">\n<p><strong>Loterijos, kuriose yra did\u017eiausi \u0161ansai laim\u0117ti didel\u0119 sum\u0105<\/strong><\/p>\n<p style=\"font-size: 0.85em; margin-top: -1.5em;\">Kurioje loterijoje yra geriausi \u0161ansai laim\u0117ti?\u00a0 <a href=\"https:\/\/jackpotlotteryonline.com\/lt\/kuri-loterija-turi-geriausius-sansus-laimeti\">skaityti daugiau<\/a><\/p>\n<\/div>\n<\/div>\n<\/section>\n<h2>&#8220;Euromillions&#8221; loterijos internete pagrindinis prizas<\/h2>\n<p>I\u0161 prad\u017ei\u0173 &#8220;Euromillions&#8221; pagrindinis prizas buvo prad\u0117tas laim\u0117ti 2004 m. vasario 7 d., o pirmasis lo\u0161imas \u012fvyko 2004 m. vasario 13 d. Pary\u017eiuje. \u017dymiausias pagrindinio prizo laim\u0117jimas \u012fvyko viename i\u0161 paskutini\u0173j\u0173 tira\u017e\u0173 (2011 m. liepos 12 d.), o 185 000 000 eur\u0173 sum\u0105 \u012f savo ki\u0161en\u0119 susi\u017e\u0117r\u0117 Colinas ir Chrisas Weirai i\u0161 Glazgo (Jungtin\u0117 Karalyst\u0117).<\/p>\n<p>Internetin\u0117s loterijos &#8220;Euromillions&#8221; pagrindinio prizo laim\u0117jimas neapsieina be skandal\u0173 &#8211; daugiausia j\u0173 kilo 2009 m. Belgijoje. Ta\u010diau jie buvo nepagr\u012fsti ir v\u0117liau buvo numal\u0161inti. Taigi at\u0117jo laikas i\u0161bandyti laim\u0119 vienoje did\u017eiausi\u0173 vis\u0173 laik\u0173 pinigini\u0173 auk\u0173.<\/p>\n","protected":false},"excerpt":{"rendered":"<p>Gaukite &#8220;Euromillions&#8221; biliet\u0105 internetu Euromillions &#8211; tai loterija, rengiama keliose Europos \u0161alyse, pavyzd\u017eiui, Pranc\u016bzijoje, Jungtin\u0117je Karalyst\u0117je, Ispanijoje, Airijoje, Belgijoje, Liuksemburge ir \u0160veicarijoje. Loterijos &#8220;Euromillions&#8221; internetu pagrindinis prizas prasideda nuo 15 mln. eur\u0173 sumos, o rekordinis prizas siekia 190 mln. eur\u0173. Norint \u017eaisti &#8220;Euromillions&#8221; loterijos aukso puod\u0105, jums turi b\u016bti ne ma\u017eiau kaip 18 met\u0173, ta\u010diau [&hellip;]<\/p>\n","protected":false},"author":1,"featured_media":0,"parent":35707,"menu_order":3,"comment_status":"closed","ping_status":"closed","template":"euromillions.php","meta":{"_et_pb_use_builder":"","_et_pb_old_content":"","_et_gb_content_width":"","exclude_from_search":false,"footnotes":""},"class_list":["post-36028","page","type-page","status-publish","hentry"],"yoast_head":"<!-- This site is optimized with the Yoast SEO plugin v23.3 - https:\/\/yoast.com\/wordpress\/plugins\/seo\/ -->\n<title>\u017daiskite &quot;Euromillions&quot; internetu i\u0161 bet kurios vietos, net u\u017e Europos rib\u0173<\/title>\n<meta name=\"description\" content=\"Loterija &quot;Euromillions&quot; yra viena geid\u017eiamiausi\u0173 loterij\u0173. Dabar galite \u017eaisti su internetiniu bilietu, net jei esate ne Europoje\" \/>\n<meta name=\"robots\" content=\"index, follow, max-snippet:-1, max-image-preview:large, max-video-preview:-1\" \/>\n<link rel=\"canonical\" href=\"https:\/\/jackpotlotteryonline.com\/play-online\/euromillions\/\" \/>\n<meta property=\"og:locale\" content=\"lt_LT\" \/>\n<meta property=\"og:type\" content=\"article\" \/>\n<meta property=\"og:title\" content=\"\u017daiskite &quot;Euromillions&quot; internetu i\u0161 bet kurios vietos, net u\u017e Europos rib\u0173\" \/>\n<meta property=\"og:description\" content=\"Loterija &quot;Euromillions&quot; yra viena geid\u017eiamiausi\u0173 loterij\u0173. Dabar galite \u017eaisti su internetiniu bilietu, net jei esate ne Europoje\" \/>\n<meta property=\"og:url\" content=\"https:\/\/jackpotlotteryonline.com\/play-online\/euromillions\/\" \/>\n<meta property=\"og:site_name\" content=\"Lotto Online - Crack The International Lottery Jackpots\" \/>\n<meta property=\"article:modified_time\" content=\"2022-12-30T20:13:32+00:00\" \/>\n<meta property=\"og:image\" content=\"https:\/\/jackpotlotteryonline.com\/wp-content\/uploads\/2022\/10\/2_ticket_euromillions3-111x300.jpg\" \/>\n<meta name=\"twitter:card\" content=\"summary_large_image\" \/>\n<meta name=\"twitter:label1\" content=\"Est. reading time\" \/>\n\t<meta name=\"twitter:data1\" content=\"3 minut\u0117s\" \/>\n<!-- \/ Yoast SEO plugin. -->","yoast_head_json":{"title":"\u017daiskite \"Euromillions\" internetu i\u0161 bet kurios vietos, net u\u017e Europos rib\u0173","description":"Loterija \"Euromillions\" yra viena geid\u017eiamiausi\u0173 loterij\u0173. Dabar galite \u017eaisti su internetiniu bilietu, net jei esate ne Europoje","robots":{"index":"index","follow":"follow","max-snippet":"max-snippet:-1","max-image-preview":"max-image-preview:large","max-video-preview":"max-video-preview:-1"},"canonical":"https:\/\/jackpotlotteryonline.com\/play-online\/euromillions\/","og_locale":"lt_LT","og_type":"article","og_title":"\u017daiskite \"Euromillions\" internetu i\u0161 bet kurios vietos, net u\u017e Europos rib\u0173","og_description":"Loterija \"Euromillions\" yra viena geid\u017eiamiausi\u0173 loterij\u0173. Dabar galite \u017eaisti su internetiniu bilietu, net jei esate ne Europoje","og_url":"https:\/\/jackpotlotteryonline.com\/play-online\/euromillions\/","og_site_name":"Lotto Online - Crack The International Lottery Jackpots","article_modified_time":"2022-12-30T20:13:32+00:00","og_image":[{"url":"https:\/\/jackpotlotteryonline.com\/wp-content\/uploads\/2022\/10\/2_ticket_euromillions3-111x300.jpg"}],"twitter_card":"summary_large_image","twitter_misc":{"Est. reading time":"3 minut\u0117s"},"schema":{"@context":"https:\/\/schema.org","@graph":[{"@type":"WebPage","@id":"https:\/\/jackpotlotteryonline.com\/play-online\/euromillions\/","url":"https:\/\/jackpotlotteryonline.com\/play-online\/euromillions\/","name":"\u017daiskite \"Euromillions\" internetu i\u0161 bet kurios vietos, net u\u017e Europos rib\u0173","isPartOf":{"@id":"https:\/\/jackpotlotteryonline.com\/#website"},"primaryImageOfPage":{"@id":"https:\/\/jackpotlotteryonline.com\/play-online\/euromillions\/#primaryimage"},"image":{"@id":"https:\/\/jackpotlotteryonline.com\/play-online\/euromillions\/#primaryimage"},"thumbnailUrl":"https:\/\/jackpotlotteryonline.com\/wp-content\/uploads\/2022\/10\/2_ticket_euromillions3-111x300.jpg","datePublished":"2022-11-03T08:21:56+00:00","dateModified":"2022-12-30T20:13:32+00:00","description":"Loterija \"Euromillions\" yra viena geid\u017eiamiausi\u0173 loterij\u0173. Dabar galite \u017eaisti su internetiniu bilietu, net jei esate ne Europoje","breadcrumb":{"@id":"https:\/\/jackpotlotteryonline.com\/play-online\/euromillions\/#breadcrumb"},"inLanguage":"lt-LT","potentialAction":[{"@type":"ReadAction","target":["https:\/\/jackpotlotteryonline.com\/play-online\/euromillions\/"]}]},{"@type":"ImageObject","inLanguage":"lt-LT","@id":"https:\/\/jackpotlotteryonline.com\/play-online\/euromillions\/#primaryimage","url":"https:\/\/jackpotlotteryonline.com\/wp-content\/uploads\/2022\/10\/2_ticket_euromillions3-111x300.jpg","contentUrl":"https:\/\/jackpotlotteryonline.com\/wp-content\/uploads\/2022\/10\/2_ticket_euromillions3-111x300.jpg"},{"@type":"BreadcrumbList","@id":"https:\/\/jackpotlotteryonline.com\/play-online\/euromillions\/#breadcrumb","itemListElement":[{"@type":"ListItem","position":1,"name":"Home","item":"https:\/\/jackpotlotteryonline.com\/lt\/"},{"@type":"ListItem","position":2,"name":"Kaip \u017eaisti","item":"https:\/\/jackpotlotteryonline.com\/lt\/kaip-zaisti\/"},{"@type":"ListItem","position":3,"name":"\u017daisti &#8220;Euro Millions"}]},{"@type":"WebSite","@id":"https:\/\/jackpotlotteryonline.com\/#website","url":"https:\/\/jackpotlotteryonline.com\/","name":"Lotto Online - Crack The International Lottery Jackpots","description":"","potentialAction":[{"@type":"SearchAction","target":{"@type":"EntryPoint","urlTemplate":"https:\/\/jackpotlotteryonline.com\/?s={search_term_string}"},"query-input":"required name=search_term_string"}],"inLanguage":"lt-LT"}]}},"_links":{"self":[{"href":"https:\/\/jackpotlotteryonline.com\/lt\/wp-json\/wp\/v2\/pages\/36028","targetHints":{"allow":["GET"]}}],"collection":[{"href":"https:\/\/jackpotlotteryonline.com\/lt\/wp-json\/wp\/v2\/pages"}],"about":[{"href":"https:\/\/jackpotlotteryonline.com\/lt\/wp-json\/wp\/v2\/types\/page"}],"author":[{"embeddable":true,"href":"https:\/\/jackpotlotteryonline.com\/lt\/wp-json\/wp\/v2\/users\/1"}],"replies":[{"embeddable":true,"href":"https:\/\/jackpotlotteryonline.com\/lt\/wp-json\/wp\/v2\/comments?post=36028"}],"version-history":[{"count":0,"href":"https:\/\/jackpotlotteryonline.com\/lt\/wp-json\/wp\/v2\/pages\/36028\/revisions"}],"up":[{"embeddable":true,"href":"https:\/\/jackpotlotteryonline.com\/lt\/wp-json\/wp\/v2\/pages\/35707"}],"wp:attachment":[{"href":"https:\/\/jackpotlotteryonline.com\/lt\/wp-json\/wp\/v2\/media?parent=36028"}],"curies":[{"name":"wp","href":"https:\/\/api.w.org\/{rel}","templated":true}]}}