{"id":36081,"date":"2022-11-03T09:55:34","date_gmt":"2022-11-03T09:55:34","guid":{"rendered":"https:\/\/jackpotlotteryonline.com\/?page_id=36081"},"modified":"2022-12-30T21:01:01","modified_gmt":"2022-12-30T21:01:01","slug":"eurojackpot","status":"publish","type":"page","link":"https:\/\/jackpotlotteryonline.com\/lt\/kaip-zaisti\/eurojackpot\/","title":{"rendered":"EuroJackpot"},"content":{"rendered":"<h2>Kaip dalyvauti &#8220;Eurojackpot&#8221; i\u0161 bet kurios \u0161alies<\/h2>\n<p>Loterija <strong>&#8220;Eurojackpot&#8221;<\/strong> kartu su &#8220;Euromillions&#8221; yra viena did\u017eiausi\u0173 ir populiariausi\u0173 loterij\u0173 visoje Europoje, kuri\u0105 kiekvien\u0105 savait\u0119 \u017eaid\u017eia milijonai \u017emoni\u0173 visame pasaulyje. Pirm\u0105 kart\u0105 &#8220;Eurojackpot&#8221; buvo sukurtas 1994 m., ta\u010diau, kelis kartus pakeitus taisykles ir format\u0105, jis kelerius metus buvo atid\u0117liojamas, kol galiausiai 2004 m. buvo paleistas ir paruo\u0161tas \u017eaisti Europoje.<br \/>\n<img loading=\"lazy\" decoding=\"async\" class=\"alignright wp-image-18574\" src=\"https:\/\/jackpotlotteryonline.com\/wp-content\/uploads\/2022\/10\/1_online_ticket_eurojackpot2.jpg\" alt=\"\u017daiskite Eurojackpot internete\" width=\"260\" height=\"173\" \/><\/p>\n<p>Nuo 2004 m., kai \u012fvyko pirmasis lo\u0161imas, milijonai \u017emoni\u0173 \u017eaid\u017eia \u0161\u012f nuostab\u0173 azartin\u012f \u017eaidim\u0105 ir yra daugyb\u0117 pagrindinio prizo laim\u0117toj\u0173, kai kuriems i\u0161 j\u0173 pasisek\u0117 laim\u0117ti daugiau nei 180 milijon\u0173 eur\u0173 vert\u0117s prizus!<\/p>\n<p>Standartinis pagrindinio prizo dydis &#8211; 15 mln. eur\u0173, kurie kei\u010dia gyvenim\u0105, tod\u0117l nenuostabu, kad &#8220;EuroJackpot&#8221; internete kiekvien\u0105 savait\u0119 \u017eaid\u017eia milijonai \u017emoni\u0173. Taisykl\u0117s labai paprastos &#8211; nor\u0117dami \u017eaisti ir laim\u0117ti aukso puod\u0105, turite teisingai pasirinkti 5 skai\u010dius i\u0161 intervalo nuo 1 iki 50, be to, teisingai atsp\u0117ti dar 2 skai\u010dius, pavadintus &#8220;laimingomis \u017evaig\u017ed\u0117mis&#8221;, nuo 1 iki 11.<\/p>\n<p><a href=\"https:\/\/jackpotlotteryonline.com\/lt\/pirkti-bilietus\/eurojackpot\">Gaukite biliet\u0105 internetu jau dabar<\/a> per m\u016bs\u0173 tarnyb\u0105 &#8211; dalyvauti ir laim\u0117ti gali kiekvienas!<\/p>\n<section class=\"layout\" style=\"border: solid 1px; width: 100%;\">\n<div class=\"img-div\" style=\"margin-top: 5px;\"><img decoding=\"async\" class=\"wp-image-17212 alignleft\" style=\"height: 45px; margin: 8px 8px 0px;\" src=\"https:\/\/jackpotlotteryonline.com\/wp-content\/uploads\/2022\/11\/read1.jpg\" alt=\"skaityti\" width=\"\" height=\"\" \/><\/div>\n<div style=\"padding-left: 5px;\">\n<div style=\"font-size: 1.1em;\">\n<p><strong>Kuri tarptautin\u0117 loterija yra geriausia?<\/strong><\/p>\n<p style=\"font-size: 0.85em; margin-top: -1.5em;\">Kurios i\u0161 tarptautini\u0173 loterij\u0173 turi geriausius \u0161ansus laim\u0117ti\u00a0 <a href=\"https:\/\/jackpotlotteryonline.com\/lt\/kuri-tarptautine-loterija-yra-geriausia\"> skaityti daugiau<\/a><\/p>\n<\/div>\n<\/div>\n<\/section>\n<h2>\u012esigykite &#8220;EuroJackpot&#8221; biliet\u0105 internetu<\/h2>\n<p><strong>Puiku, kad \u017eaid\u017eiant &#8220;EuroJackpot&#8221; internete<\/strong> galima laim\u0117ti daugyb\u0119 priz\u0173, tod\u0117l jei nelaim\u0117site pagrindinio prizo, nesijaudinkite, nes vis tiek galite tur\u0117ti \u0161ans\u0105 laim\u0117ti didelius piniginius prizus. Be didelio pagrindinio prizo, kur\u012f galite laim\u0117ti nusipirk\u0119 &#8220;EuroJackpot&#8221; biliet\u0105 internete, galite laim\u0117ti 13 skirting\u0173 priz\u0173.<br \/>\n<img loading=\"lazy\" decoding=\"async\" class=\"alignright size-medium wp-image-18736\" src=\"https:\/\/jackpotlotteryonline.com\/wp-content\/uploads\/2022\/10\/2_ticket_eurojackpot-141x300.jpg\" alt=\"eurojackpot bilietas\" width=\"141\" height=\"300\" srcset=\"https:\/\/jackpotlotteryonline.com\/wp-content\/uploads\/2022\/10\/2_ticket_eurojackpot-141x300.jpg 141w, https:\/\/jackpotlotteryonline.com\/wp-content\/uploads\/2022\/10\/2_ticket_eurojackpot.jpg 150w\" sizes=\"auto, (max-width: 141px) 100vw, 141px\" \/><\/p>\n<p>Jei did\u017eiojo pagrindinio prizo laim\u0117tojo n\u0117ra, &#8220;Eurojackpot&#8221; \u017eaidimas persikelia \u012f kit\u0105 savait\u0119. \u0160tai kod\u0117l praeityje yra buv\u0119 did\u017eiuli\u0173, 100 milijon\u0173 eur\u0173 ir daugiau siekian\u010di\u0173 aukso puod\u0173. \u0160ioje loterijoje paprastai \u017eaid\u017eia Europos \u0161ali\u0173 gyventojai, tod\u0117l kiekvien\u0105 savait\u0119 dalyviai tokiose vietov\u0117se kaip Jungtin\u0117 Karalyst\u0117, Pranc\u016bzija, Vokietija ir \u0160veicarija perka &#8220;Eurojackpot&#8221; bilietus internetu.<\/p>\n<p>Loterijos bilieto pirkimas internetu greitai tampa populiariausiu b\u016bdu \u017eaisti Eurojackpot loterijoje. Taisykl\u0117s tos pa\u010dios, ta\u010diau visas \u017eaidimo procesas yra daug greitesnis ir paprastesnis, nes biliet\u0105 nusipirkti galima daug grei\u010diau ir papras\u010diau. Pavyzd\u017eiui, u\u017euot \u0117j\u0119 \u012f vietin\u0119 parduotuv\u0119 pirkti fizinio bilieto, galite tiesiog prisijungti prie lo\u0161imo svetain\u0117s ir per kelias sekundes i\u0161sirinkti savo numerius patogiai \u012fsitais\u0119 namuose ar net biure.<\/p>\n<p>Pasirink\u0119 laimingus skai\u010dius arba net kelis skai\u010di\u0173 rinkinius, jei tikrai norite padidinti savo laim\u0117jimo galimybes, galite saugiai ir patikimai sumok\u0117ti u\u017e biliet\u0105 internetu. Po kiekvieno <a href=\"https:\/\/jackpotlotteryonline.com\/lt\/laimeje-skaitmenys\/euromillions\">&#8220;Eurojackpot&#8221; loterijos traukimo<\/a> rezultatai bus atnaujinami internete per akimirk\u0105 po to, kai kiekvien\u0105 savait\u0119 paai\u0161k\u0117s paskutinis skai\u010dius. Tai rei\u0161kia, kad galite tiesiog v\u0117l prisijungti prie savo paskyros ir per kelias sekundes per\u017ei\u016br\u0117ti laim\u0117jusius skai\u010dius, tod\u0117l jums nebereik\u0117s ie\u0161koti rezultat\u0173 laikra\u0161\u010diuose.<\/p>\n<p>Be to, kai \u017eaid\u017eiate &#8220;EuroJackpot&#8221; internetu su mumis, jums taip pat bus automati\u0161kai i\u0161si\u0173stas el. lai\u0161kas, jei atsp\u0117jote kokius nors skai\u010dius.<\/p>\n","protected":false},"excerpt":{"rendered":"<p>Kaip dalyvauti &#8220;Eurojackpot&#8221; i\u0161 bet kurios \u0161alies Loterija &#8220;Eurojackpot&#8221; kartu su &#8220;Euromillions&#8221; yra viena did\u017eiausi\u0173 ir populiariausi\u0173 loterij\u0173 visoje Europoje, kuri\u0105 kiekvien\u0105 savait\u0119 \u017eaid\u017eia milijonai \u017emoni\u0173 visame pasaulyje. Pirm\u0105 kart\u0105 &#8220;Eurojackpot&#8221; buvo sukurtas 1994 m., ta\u010diau, kelis kartus pakeitus taisykles ir format\u0105, jis kelerius metus buvo atid\u0117liojamas, kol galiausiai 2004 m. buvo paleistas ir paruo\u0161tas [&hellip;]<\/p>\n","protected":false},"author":1,"featured_media":0,"parent":35707,"menu_order":4,"comment_status":"closed","ping_status":"closed","template":"eurojackpot.php","meta":{"_et_pb_use_builder":"","_et_pb_old_content":"","_et_gb_content_width":"","exclude_from_search":false,"footnotes":""},"class_list":["post-36081","page","type-page","status-publish","hentry"],"yoast_head":"<!-- This site is optimized with the Yoast SEO plugin v23.3 - https:\/\/yoast.com\/wordpress\/plugins\/seo\/ -->\n<title>\u017daiskite &quot;Eurojackpot&quot; internetu net ir ne i\u0161 Europos<\/title>\n<meta name=\"description\" content=\"\u017daisdami &quot;Eurojackpot&quot; internetu priart\u0117site prie milijonieriaus!\" \/>\n<meta name=\"robots\" content=\"index, follow, max-snippet:-1, max-image-preview:large, max-video-preview:-1\" \/>\n<link rel=\"canonical\" href=\"https:\/\/jackpotlotteryonline.com\/play-online\/eurojackpot\/\" \/>\n<meta property=\"og:locale\" content=\"lt_LT\" \/>\n<meta property=\"og:type\" content=\"article\" \/>\n<meta property=\"og:title\" content=\"\u017daiskite &quot;Eurojackpot&quot; internetu net ir ne i\u0161 Europos\" \/>\n<meta property=\"og:description\" content=\"\u017daisdami &quot;Eurojackpot&quot; internetu priart\u0117site prie milijonieriaus!\" \/>\n<meta property=\"og:url\" content=\"https:\/\/jackpotlotteryonline.com\/play-online\/eurojackpot\/\" \/>\n<meta property=\"og:site_name\" content=\"Lotto Online - Crack The International Lottery Jackpots\" \/>\n<meta property=\"article:modified_time\" content=\"2022-12-30T21:01:01+00:00\" \/>\n<meta property=\"og:image\" content=\"https:\/\/jackpotlotteryonline.com\/wp-content\/uploads\/2022\/10\/1_online_ticket_eurojackpot2.jpg\" \/>\n<meta name=\"twitter:card\" content=\"summary_large_image\" \/>\n<meta name=\"twitter:label1\" content=\"Est. reading time\" \/>\n\t<meta name=\"twitter:data1\" content=\"3 minut\u0117s\" \/>\n<!-- \/ Yoast SEO plugin. -->","yoast_head_json":{"title":"\u017daiskite \"Eurojackpot\" internetu net ir ne i\u0161 Europos","description":"\u017daisdami \"Eurojackpot\" internetu priart\u0117site prie milijonieriaus!","robots":{"index":"index","follow":"follow","max-snippet":"max-snippet:-1","max-image-preview":"max-image-preview:large","max-video-preview":"max-video-preview:-1"},"canonical":"https:\/\/jackpotlotteryonline.com\/play-online\/eurojackpot\/","og_locale":"lt_LT","og_type":"article","og_title":"\u017daiskite \"Eurojackpot\" internetu net ir ne i\u0161 Europos","og_description":"\u017daisdami \"Eurojackpot\" internetu priart\u0117site prie milijonieriaus!","og_url":"https:\/\/jackpotlotteryonline.com\/play-online\/eurojackpot\/","og_site_name":"Lotto Online - Crack The International Lottery Jackpots","article_modified_time":"2022-12-30T21:01:01+00:00","og_image":[{"url":"https:\/\/jackpotlotteryonline.com\/wp-content\/uploads\/2022\/10\/1_online_ticket_eurojackpot2.jpg"}],"twitter_card":"summary_large_image","twitter_misc":{"Est. reading time":"3 minut\u0117s"},"schema":{"@context":"https:\/\/schema.org","@graph":[{"@type":"WebPage","@id":"https:\/\/jackpotlotteryonline.com\/play-online\/eurojackpot\/","url":"https:\/\/jackpotlotteryonline.com\/play-online\/eurojackpot\/","name":"\u017daiskite \"Eurojackpot\" internetu net ir ne i\u0161 Europos","isPartOf":{"@id":"https:\/\/jackpotlotteryonline.com\/#website"},"primaryImageOfPage":{"@id":"https:\/\/jackpotlotteryonline.com\/play-online\/eurojackpot\/#primaryimage"},"image":{"@id":"https:\/\/jackpotlotteryonline.com\/play-online\/eurojackpot\/#primaryimage"},"thumbnailUrl":"https:\/\/jackpotlotteryonline.com\/wp-content\/uploads\/2022\/10\/1_online_ticket_eurojackpot2.jpg","datePublished":"2022-11-03T09:55:34+00:00","dateModified":"2022-12-30T21:01:01+00:00","description":"\u017daisdami \"Eurojackpot\" internetu priart\u0117site prie milijonieriaus!","breadcrumb":{"@id":"https:\/\/jackpotlotteryonline.com\/play-online\/eurojackpot\/#breadcrumb"},"inLanguage":"lt-LT","potentialAction":[{"@type":"ReadAction","target":["https:\/\/jackpotlotteryonline.com\/play-online\/eurojackpot\/"]}]},{"@type":"ImageObject","inLanguage":"lt-LT","@id":"https:\/\/jackpotlotteryonline.com\/play-online\/eurojackpot\/#primaryimage","url":"https:\/\/jackpotlotteryonline.com\/wp-content\/uploads\/2022\/10\/1_online_ticket_eurojackpot2.jpg","contentUrl":"https:\/\/jackpotlotteryonline.com\/wp-content\/uploads\/2022\/10\/1_online_ticket_eurojackpot2.jpg"},{"@type":"BreadcrumbList","@id":"https:\/\/jackpotlotteryonline.com\/play-online\/eurojackpot\/#breadcrumb","itemListElement":[{"@type":"ListItem","position":1,"name":"Home","item":"https:\/\/jackpotlotteryonline.com\/lt\/"},{"@type":"ListItem","position":2,"name":"Kaip \u017eaisti","item":"https:\/\/jackpotlotteryonline.com\/lt\/kaip-zaisti\/"},{"@type":"ListItem","position":3,"name":"EuroJackpot"}]},{"@type":"WebSite","@id":"https:\/\/jackpotlotteryonline.com\/#website","url":"https:\/\/jackpotlotteryonline.com\/","name":"Lotto Online - Crack The International Lottery Jackpots","description":"","potentialAction":[{"@type":"SearchAction","target":{"@type":"EntryPoint","urlTemplate":"https:\/\/jackpotlotteryonline.com\/?s={search_term_string}"},"query-input":"required name=search_term_string"}],"inLanguage":"lt-LT"}]}},"_links":{"self":[{"href":"https:\/\/jackpotlotteryonline.com\/lt\/wp-json\/wp\/v2\/pages\/36081","targetHints":{"allow":["GET"]}}],"collection":[{"href":"https:\/\/jackpotlotteryonline.com\/lt\/wp-json\/wp\/v2\/pages"}],"about":[{"href":"https:\/\/jackpotlotteryonline.com\/lt\/wp-json\/wp\/v2\/types\/page"}],"author":[{"embeddable":true,"href":"https:\/\/jackpotlotteryonline.com\/lt\/wp-json\/wp\/v2\/users\/1"}],"replies":[{"embeddable":true,"href":"https:\/\/jackpotlotteryonline.com\/lt\/wp-json\/wp\/v2\/comments?post=36081"}],"version-history":[{"count":0,"href":"https:\/\/jackpotlotteryonline.com\/lt\/wp-json\/wp\/v2\/pages\/36081\/revisions"}],"up":[{"embeddable":true,"href":"https:\/\/jackpotlotteryonline.com\/lt\/wp-json\/wp\/v2\/pages\/35707"}],"wp:attachment":[{"href":"https:\/\/jackpotlotteryonline.com\/lt\/wp-json\/wp\/v2\/media?parent=36081"}],"curies":[{"name":"wp","href":"https:\/\/api.w.org\/{rel}","templated":true}]}}