{"id":36133,"date":"2022-11-03T13:22:31","date_gmt":"2022-11-03T13:22:31","guid":{"rendered":"https:\/\/jackpotlotteryonline.com\/?page_id=36133"},"modified":"2022-12-31T07:33:58","modified_gmt":"2022-12-31T07:33:58","slug":"superenalotto","status":"publish","type":"page","link":"https:\/\/jackpotlotteryonline.com\/lt\/kaip-zaisti\/superenalotto\/","title":{"rendered":"SuperEnaLotto Italija"},"content":{"rendered":"<h2>Superenalotto Italia<\/h2>\n<p>Tai Italijos aukso puodo loterija, kuri pirm\u0105 kart\u0105 buvo i\u0161traukta 1997 m. gruod\u017eio 3 d. <strong>Superenalotto internetinis<\/strong> aukso puodas labai da\u017enai pasiekia astronomines sumas. Jis traukiamas kiekvien\u0105 antradien\u012f, ketvirtadien\u012f ir \u0161e\u0161tadien\u012f lygiai 20.00 val. \u0160ioje loterijoje dalyvauja did\u017eiausios pagrindinio prizo sumos, ta\u010diau tikimyb\u0117 laim\u0117ti \u0161ioje loterijoje yra viena ma\u017eiausi\u0173. Yra \u017einoma, kad <strong>&#8220;Superenalotto Italia&#8221;<\/strong> pasiekia daugiau nei 250 milijon\u0173 eur\u0173 dyd\u017eio pagrindinius prizus.<\/p>\n<section class=\"layout\" style=\"border: solid 1px; width: 100%;\">\n<div class=\"img-div\" style=\"margin-top: 5px;\"><img decoding=\"async\" class=\"wp-image-17212 alignleft\" style=\"height: 45px; margin: 8px 8px 0px;\" src=\"http:\/\/jackpotlotteryonline.com\/wp-content\/uploads\/2022\/11\/read1.jpg\" alt=\"skaityti\" width=\"\" height=\"\" \/><\/div>\n<div style=\"padding-left: 5px;\">\n<div style=\"font-size: 1.1em;\">\n<p><strong>Europos loterijos<\/strong><\/p>\n<p style=\"font-size: 0.85em; margin-top: -1.5em;\">Kurios Europos loterijos yra geriausios?\u00a0<a href=\"https:\/\/jackpotlotteryonline.com\/lt\/kurios-europos-loterijos-yra-geriausios\"> skaityti daugiau<\/a><\/p>\n<\/div>\n<\/div>\n<\/section>\n<h2>Kaip veikia Superenalotto<\/h2>\n<p><img loading=\"lazy\" decoding=\"async\" class=\"alignright wp-image-17735\" src=\"http:\/\/jackpotlotteryonline.com\/wp-content\/uploads\/2022\/10\/logo_superenalotto.png\" alt=\"\u017daiskite superenalotto internetu\" width=\"168\" height=\"178\" \/><\/p>\n<p><strong>Superenalotto<\/strong> lo\u0161ime reikia atsp\u0117ti 6 skai\u010dius i\u0161 90. <a href=\"http:\/\/jackpotlotteryonline.com\/lt\/laimeje-skaitmenys\/superenalotto\">Pagrindiniame traukime<\/a> traukiami visi 6 skai\u010diai, tarp kuri\u0173 yra skai\u010dius &#8220;Jolly&#8221;, o po to vyksta antrasis ir nepriklausomas traukimas d\u0117l skai\u010diaus &#8220;Superstar&#8221;. Norint k\u0105 nors laim\u0117ti &#8220;<strong>Superenalotto Italia&#8221;<\/strong> loterijoje, reikia surinkti bent 3 skai\u010dius, o tikimyb\u0117, kad tai pavyks padaryti, yra 1 i\u0161 327. Norint laim\u0117ti pagrindin\u012f priz\u0105, tikimyb\u0117 yra 1 i\u0161 622 milijon\u0173.<\/p>\n<p>U\u017e &#8220;Super\u017evaig\u017ed\u0117s&#8221; skai\u010di\u0173 reikia mok\u0117ti papildomai, ta\u010diau jei esate pakankamai laimingi ir jums pasisek\u0117 j\u012f pataikyti, tai gali 100 kart\u0173 padidinti pinigin\u012f priz\u0105. Ties\u0105 sakant, jei atsp\u0117jote &#8220;Super\u017evaig\u017ed\u0117s&#8221; skai\u010di\u0173 ir neatitikote \u0161e\u0161i\u0173 pagrindini\u0173 skai\u010di\u0173, taip pat galite i\u0161eiti su fiksuota prizo suma.<\/p>\n<h2>K\u0105 galite laim\u0117ti su &#8220;Superenalotto&#8221; aukso puodu?<\/h2>\n<p>2022 m. \u0161iuo metu &#8220;Superenalotto Italia&#8221; laim\u0117tas did\u017eiausias vis\u0173 laik\u0173 <strong>&#8220;Superenalotto&#8221; aukso puodas, kuris \u0161iuo metu siekia<\/strong> 295 mln. eur\u0173. Tai did\u017eiausias laim\u0117tas aukso puodas per vis\u0105 Italijos loto istorij\u0105, o tuo metu, kai atnaujinamas \u0161is puslapis, laim\u0117tojas dar nebuvo rastas!<br \/>\n<img loading=\"lazy\" decoding=\"async\" class=\"alignright size-medium wp-image-19493\" src=\"http:\/\/jackpotlotteryonline.com\/wp-content\/uploads\/2022\/10\/2_ticket_superenalotto4-211x300.jpg\" alt=\"Superenalotto bilietas\" width=\"211\" height=\"300\" srcset=\"https:\/\/jackpotlotteryonline.com\/wp-content\/uploads\/2022\/10\/2_ticket_superenalotto4-211x300.jpg 211w, https:\/\/jackpotlotteryonline.com\/wp-content\/uploads\/2022\/10\/2_ticket_superenalotto4.jpg 300w\" sizes=\"auto, (max-width: 211px) 100vw, 211px\" \/><\/p>\n<p>Ta\u010diau n\u0117ra pagrindo nusivilti. Ties\u0105 sakant, kuo didesni \u0161ansai, tuo didesn\u012f aukso puod\u0105 galima laim\u0117ti ir tuo didesnis adrenalino antpl\u016bdis. Loterija visada buvo atsitiktinumo \u017eaidimas ir yra tikimyb\u0117, kad j\u016bs esate kitas laimingasis.<\/p>\n<p>Geriausias internetin\u0117s l<strong>oterijos &#8220;Superena&#8221; aukso<\/strong> puodo aspektas yra tas, kad joje gali dalyvauti bet kas i\u0161 bet kurios pasaulio vietos, net ir ne i\u0161 Italijos, o vienintelis dalyvavimo pagrindas &#8211; b\u016bti sulaukusiam daugiau nei 18 met\u0173. <strong>M\u016bs\u0173 svetain\u0117<\/strong> suteikia jums <a href=\"https:\/\/jackpotlotteryonline.com\/lt\/pirkti-bilietus\/superenalotto\">geriausi\u0105 \u0161ans\u0105 laim\u0117ti Superenalotto Italia<\/a>, o jei dar ne\u017eaid\u0117te, vadinasi, stumiate laim\u0119 ne ten, kur reikia.<\/p>\n<p>U\u017esiregistravus m\u016bs\u0173 svetain\u0117je ir patvirtinus savo \u012fgaliojimus, beliks tik pasirinkti numerius ir atlikti mok\u0117jim\u0105, kad \u012fsitikintum\u0117te, jog rezervavote viet\u0105 autobuse \u012f milijonus. M\u016bs\u0173 vietinis atstovas vietoje nupirks j\u016bs\u0173 biliet\u0105 su j\u016bs\u0173 nurodytais numeriais ir pasir\u016bpins, kad netrukus po to pamatytum\u0117te \u0161io bilieto skenuot\u0105 kopij\u0105&#8230;<\/p>\n<p>Nors laim\u0117ti <strong>Superenalotto Italia<\/strong> yra nepalanki\u0173 \u0161ans\u0173 klausimas, taip pat galite patikrinti kitas loterijas visame pasaulyje, kurias galite \u017eaisti internetu, naudodamiesi m\u016bs\u0173 paslauga.<\/p>\n<p>I\u0161sirinkite m\u0117gstamus azartinius \u017eaidimus ir pakelkite savo laim\u0117jimo procent\u0105 prisijungdami prie m\u016bs\u0173 naudotoj\u0173 bendruomen\u0117s jau \u0161iandien. At\u0117jo laikas i\u0161bandyti savo s\u0117km\u0119.<\/p>\n","protected":false},"excerpt":{"rendered":"<p>Superenalotto Italia Tai Italijos aukso puodo loterija, kuri pirm\u0105 kart\u0105 buvo i\u0161traukta 1997 m. gruod\u017eio 3 d. Superenalotto internetinis aukso puodas labai da\u017enai pasiekia astronomines sumas. Jis traukiamas kiekvien\u0105 antradien\u012f, ketvirtadien\u012f ir \u0161e\u0161tadien\u012f lygiai 20.00 val. \u0160ioje loterijoje dalyvauja did\u017eiausios pagrindinio prizo sumos, ta\u010diau tikimyb\u0117 laim\u0117ti \u0161ioje loterijoje yra viena ma\u017eiausi\u0173. Yra \u017einoma, kad &#8220;Superenalotto [&hellip;]<\/p>\n","protected":false},"author":1,"featured_media":0,"parent":35707,"menu_order":5,"comment_status":"closed","ping_status":"closed","template":"superenalotto.php","meta":{"_et_pb_use_builder":"","_et_pb_old_content":"","_et_gb_content_width":"","exclude_from_search":false,"footnotes":""},"class_list":["post-36133","page","type-page","status-publish","hentry"],"yoast_head":"<!-- This site is optimized with the Yoast SEO plugin v23.3 - https:\/\/yoast.com\/wordpress\/plugins\/seo\/ -->\n<title>\u017daiskite &quot;SuperEnaLotto&quot; internete i\u0161 u\u017e Italijos rib\u0173<\/title>\n<meta name=\"description\" content=\"Gali atrodyti, kad SuperEnaLotto yra kietas rie\u0161ut\u0117lis, ta\u010diau jei pataikysite \u012f aukso puod\u0105, laim\u0117site daug. \u017daiskite Superenalotto ne i\u0161 Italijos \u010dia!\" \/>\n<meta name=\"robots\" content=\"index, follow, max-snippet:-1, max-image-preview:large, max-video-preview:-1\" \/>\n<link rel=\"canonical\" href=\"https:\/\/jackpotlotteryonline.com\/play-online\/superenalotto\/\" \/>\n<meta property=\"og:locale\" content=\"lt_LT\" \/>\n<meta property=\"og:type\" content=\"article\" \/>\n<meta property=\"og:title\" content=\"\u017daiskite &quot;SuperEnaLotto&quot; internete i\u0161 u\u017e Italijos rib\u0173\" \/>\n<meta property=\"og:description\" content=\"Gali atrodyti, kad SuperEnaLotto yra kietas rie\u0161ut\u0117lis, ta\u010diau jei pataikysite \u012f aukso puod\u0105, laim\u0117site daug. \u017daiskite Superenalotto ne i\u0161 Italijos \u010dia!\" \/>\n<meta property=\"og:url\" content=\"https:\/\/jackpotlotteryonline.com\/play-online\/superenalotto\/\" \/>\n<meta property=\"og:site_name\" content=\"Lotto Online - Crack The International Lottery Jackpots\" \/>\n<meta property=\"article:modified_time\" content=\"2022-12-31T07:33:58+00:00\" \/>\n<meta property=\"og:image\" content=\"http:\/\/jackpotlotteryonline.com\/wp-content\/uploads\/2022\/11\/read1.jpg\" \/>\n<meta name=\"twitter:card\" content=\"summary_large_image\" \/>\n<meta name=\"twitter:label1\" content=\"Est. reading time\" \/>\n\t<meta name=\"twitter:data1\" content=\"3 minut\u0117s\" \/>\n<!-- \/ Yoast SEO plugin. -->","yoast_head_json":{"title":"\u017daiskite \"SuperEnaLotto\" internete i\u0161 u\u017e Italijos rib\u0173","description":"Gali atrodyti, kad SuperEnaLotto yra kietas rie\u0161ut\u0117lis, ta\u010diau jei pataikysite \u012f aukso puod\u0105, laim\u0117site daug. \u017daiskite Superenalotto ne i\u0161 Italijos \u010dia!","robots":{"index":"index","follow":"follow","max-snippet":"max-snippet:-1","max-image-preview":"max-image-preview:large","max-video-preview":"max-video-preview:-1"},"canonical":"https:\/\/jackpotlotteryonline.com\/play-online\/superenalotto\/","og_locale":"lt_LT","og_type":"article","og_title":"\u017daiskite \"SuperEnaLotto\" internete i\u0161 u\u017e Italijos rib\u0173","og_description":"Gali atrodyti, kad SuperEnaLotto yra kietas rie\u0161ut\u0117lis, ta\u010diau jei pataikysite \u012f aukso puod\u0105, laim\u0117site daug. \u017daiskite Superenalotto ne i\u0161 Italijos \u010dia!","og_url":"https:\/\/jackpotlotteryonline.com\/play-online\/superenalotto\/","og_site_name":"Lotto Online - Crack The International Lottery Jackpots","article_modified_time":"2022-12-31T07:33:58+00:00","og_image":[{"url":"http:\/\/jackpotlotteryonline.com\/wp-content\/uploads\/2022\/11\/read1.jpg"}],"twitter_card":"summary_large_image","twitter_misc":{"Est. reading time":"3 minut\u0117s"},"schema":{"@context":"https:\/\/schema.org","@graph":[{"@type":"WebPage","@id":"https:\/\/jackpotlotteryonline.com\/play-online\/superenalotto\/","url":"https:\/\/jackpotlotteryonline.com\/play-online\/superenalotto\/","name":"\u017daiskite \"SuperEnaLotto\" internete i\u0161 u\u017e Italijos rib\u0173","isPartOf":{"@id":"https:\/\/jackpotlotteryonline.com\/#website"},"primaryImageOfPage":{"@id":"https:\/\/jackpotlotteryonline.com\/play-online\/superenalotto\/#primaryimage"},"image":{"@id":"https:\/\/jackpotlotteryonline.com\/play-online\/superenalotto\/#primaryimage"},"thumbnailUrl":"http:\/\/jackpotlotteryonline.com\/wp-content\/uploads\/2022\/11\/read1.jpg","datePublished":"2022-11-03T13:22:31+00:00","dateModified":"2022-12-31T07:33:58+00:00","description":"Gali atrodyti, kad SuperEnaLotto yra kietas rie\u0161ut\u0117lis, ta\u010diau jei pataikysite \u012f aukso puod\u0105, laim\u0117site daug. \u017daiskite Superenalotto ne i\u0161 Italijos \u010dia!","breadcrumb":{"@id":"https:\/\/jackpotlotteryonline.com\/play-online\/superenalotto\/#breadcrumb"},"inLanguage":"lt-LT","potentialAction":[{"@type":"ReadAction","target":["https:\/\/jackpotlotteryonline.com\/play-online\/superenalotto\/"]}]},{"@type":"ImageObject","inLanguage":"lt-LT","@id":"https:\/\/jackpotlotteryonline.com\/play-online\/superenalotto\/#primaryimage","url":"http:\/\/jackpotlotteryonline.com\/wp-content\/uploads\/2022\/11\/read1.jpg","contentUrl":"http:\/\/jackpotlotteryonline.com\/wp-content\/uploads\/2022\/11\/read1.jpg"},{"@type":"BreadcrumbList","@id":"https:\/\/jackpotlotteryonline.com\/play-online\/superenalotto\/#breadcrumb","itemListElement":[{"@type":"ListItem","position":1,"name":"Home","item":"https:\/\/jackpotlotteryonline.com\/lt\/"},{"@type":"ListItem","position":2,"name":"Kaip \u017eaisti","item":"https:\/\/jackpotlotteryonline.com\/lt\/kaip-zaisti\/"},{"@type":"ListItem","position":3,"name":"SuperEnaLotto Italija"}]},{"@type":"WebSite","@id":"https:\/\/jackpotlotteryonline.com\/#website","url":"https:\/\/jackpotlotteryonline.com\/","name":"Lotto Online - Crack The International Lottery Jackpots","description":"","potentialAction":[{"@type":"SearchAction","target":{"@type":"EntryPoint","urlTemplate":"https:\/\/jackpotlotteryonline.com\/?s={search_term_string}"},"query-input":"required name=search_term_string"}],"inLanguage":"lt-LT"}]}},"_links":{"self":[{"href":"https:\/\/jackpotlotteryonline.com\/lt\/wp-json\/wp\/v2\/pages\/36133","targetHints":{"allow":["GET"]}}],"collection":[{"href":"https:\/\/jackpotlotteryonline.com\/lt\/wp-json\/wp\/v2\/pages"}],"about":[{"href":"https:\/\/jackpotlotteryonline.com\/lt\/wp-json\/wp\/v2\/types\/page"}],"author":[{"embeddable":true,"href":"https:\/\/jackpotlotteryonline.com\/lt\/wp-json\/wp\/v2\/users\/1"}],"replies":[{"embeddable":true,"href":"https:\/\/jackpotlotteryonline.com\/lt\/wp-json\/wp\/v2\/comments?post=36133"}],"version-history":[{"count":0,"href":"https:\/\/jackpotlotteryonline.com\/lt\/wp-json\/wp\/v2\/pages\/36133\/revisions"}],"up":[{"embeddable":true,"href":"https:\/\/jackpotlotteryonline.com\/lt\/wp-json\/wp\/v2\/pages\/35707"}],"wp:attachment":[{"href":"https:\/\/jackpotlotteryonline.com\/lt\/wp-json\/wp\/v2\/media?parent=36133"}],"curies":[{"name":"wp","href":"https:\/\/api.w.org\/{rel}","templated":true}]}}