{"id":36193,"date":"2022-11-04T06:41:34","date_gmt":"2022-11-04T06:41:34","guid":{"rendered":"https:\/\/jackpotlotteryonline.com\/?page_id=36193"},"modified":"2023-01-03T08:29:45","modified_gmt":"2023-01-03T08:29:45","slug":"el-gordo","status":"publish","type":"page","link":"https:\/\/jackpotlotteryonline.com\/lt\/kaip-zaisti\/el-gordo\/","title":{"rendered":"\u017daisti El Gordo Lotto Ispanija"},"content":{"rendered":"<h2>El Gordo Lotto internetinis Jackpot<\/h2>\n<p><img loading=\"lazy\" decoding=\"async\" class=\"alignright wp-image-18709\" src=\"https:\/\/jackpotlotteryonline.com\/wp-content\/uploads\/2022\/10\/2_ticket_el_gordo3-218x300.jpg\" alt=\"el gordo bilietas\" width=\"174\" height=\"239\" srcset=\"https:\/\/jackpotlotteryonline.com\/wp-content\/uploads\/2022\/10\/2_ticket_el_gordo3-218x300.jpg 218w, https:\/\/jackpotlotteryonline.com\/wp-content\/uploads\/2022\/10\/2_ticket_el_gordo3.jpg 570w\" sizes=\"auto, (max-width: 174px) 100vw, 174px\" \/><\/p>\n<p>Vidutinis ispanas 2009 m. El Gordo loto aukso puodui i\u0161leido nuostabi\u0105 60 eur\u0173 sum\u0105. Na, skai\u010dius 60 \u20ac gali pasirodyti nedidelis, ta\u010diau padauginus j\u012f i\u0161 Ispanijos gyventoj\u0173 skai\u010diaus, galima apstulbti. Geriausiai \u017einoma d\u0117l Ispanijos kal\u0117din\u0117s loterijos, ta\u010diau &#8220;El Gordo&#8221; loterija taip pat vyksta kas savait\u0119.<\/p>\n<p>Tai loterija, <a href=\"https:\/\/jackpotlotteryonline.com\/lt\/laimeje-skaitmenys\/el-gordo-draw-results\">kurios metu per savait\u0119 (kiekvien\u0105 sekmadien\u012f)<\/a> traukiamas vienas burt\u0173 traukimas, o j\u016bs turite i\u0161 54 skai\u010di\u0173 i\u0161rinkti 5 skai\u010dius. Beje, pavadinimas &#8220;El Gordo&#8221; ispani\u0161kai rei\u0161kia &#8220;Didysis&#8221;.<\/p>\n<h2>Kal\u0117dinis &#8220;El Gordo&#8221; burt\u0173 traukimas<\/h2>\n<p>El Gordo Navidad, \u017eaid\u017eiamas kart\u0105 per metus per Kal\u0117das, labai skiriasi nuo kit\u0173 pana\u0161i\u0173 loterij\u0173 pasaulyje, nes yra tik 85000 loterijos numeri\u0173 (nuo 00000 iki 84999), o loterijos traukimas yra labai ypatingas \u012fvykis, kuriam paruo\u0161ti ir \u012fvykdyti reikia daug laiko.<\/p>\n<section class=\"layout\" style=\"border: solid 1px; width: 100%;\">\n<div class=\"img-div\" style=\"margin-top: 5px;\"><img decoding=\"async\" class=\"wp-image-17212 alignleft\" style=\"height: 45px; margin: 8px 8px 0px;\" src=\"https:\/\/jackpotlotteryonline.com\/wp-content\/uploads\/2022\/11\/read1.jpg\" alt=\"skaityti\" width=\"\" height=\"\" \/><\/div>\n<div style=\"padding-left: 5px;\">\n<div style=\"font-size: 1.1em;\">\n<p><strong>Nepraleiskite did\u017eiausi\u0173 pasaulyje loterijos priz\u0173 burt\u0173 traukimo laiko<\/strong><\/p>\n<p style=\"font-size: 0.85em; margin-top: -1.5em;\">Tarptautini\u0173 loterij\u0173 burt\u0173 traukimo laik\u0173 s\u0105ra\u0161as <a href=\"https:\/\/jackpotlotteryonline.com\/lt\/kada-yra-traukimo-laikas-tautinems-loterijoms\">skaityti daugiau<\/a><\/p>\n<\/div>\n<\/div>\n<\/section>\n<h2>Kuo i\u0161skirtinis kal\u0117dinis &#8220;El Gordo&#8221;?<\/h2>\n<p><img loading=\"lazy\" decoding=\"async\" class=\"alignright size-full wp-image-17870\" src=\"https:\/\/jackpotlotteryonline.com\/wp-content\/uploads\/2022\/10\/lotto_euros.jpg\" alt=\"laim\u0117ti Kal\u0117das El Gordo\" width=\"225\" height=\"134\" \/><\/p>\n<p>Pats burt\u0173 traukimas yra labai unikalus ir kitoks. Jame beveik n\u0117ra jokios technikos ar technologij\u0173. Did\u017eiulis rutulys pripildomas medini\u0173 rutuliuk\u0173, ant kiekvieno i\u0161 j\u0173 u\u017era\u0161ytas vienas i\u0161 penkia\u017eenkli\u0173 skai\u010di\u0173. Antroje sferoje yra rutuliukai su prizais. Burtus traukia du vaikai, kurie i\u0161 kiekvienos sferos i\u0161traukia po vien\u0105 kamuoliuk\u0105, kuris apibr\u0117\u017eia laim\u0117jus\u012f skai\u010di\u0173 ir priz\u0105, kur\u012f \u0161is skai\u010dius laim\u0117jo.<\/p>\n<p>Visi\u0161kai \u017emogaus rankomis i\u0161trauktas &#8220;El Gordo Online lotto&#8221; pagrindinis prizas yra labai unikalus ir vienas geid\u017eiamiausi\u0173 \u017eemynin\u0117je Europoje. Yra trys pagrindiniai prizai ir daugiau nei 1000 ma\u017eesni\u0173 priz\u0173, o skai\u010diai, kurie i\u0161 dalies sutampa su trimis pagrindiniais priziniais skai\u010diais, taip pat ka\u017ek\u0105 laimi. Taigi, d\u0117l to tikimyb\u0117 laim\u0117ti gerokai padid\u0117ja.<\/p>\n<p>&#8220;El Gordo&#8221; yra vienas did\u017eiausi\u0173 loterijos priz\u0173 pasaulyje, kurio bendras prizinis fondas kasmet vir\u0161ija 3 mlrd. eur\u0173 (nuo \u0161iol ir nuolat auga). Neprivalote b\u016bti Ispanijos ar Europos pilietis, &#8220;El Gordo&#8221; loterijoje gali \u017eaisti kiekvienas vyresnis nei 18 met\u0173 asmuo.<\/p>\n<h2>Kaip ir kod\u0117l tur\u0117tum\u0117te \u017eaisti &#8220;El Gordo&#8221; internete?<\/h2>\n<p>U\u017esiregistruokite m\u016bs\u0173 svetain\u0117je jau \u0161iandien ir \u012fsitikinkite, kad rezervavote viet\u0105 \u012f turtus. Pad\u0117sime \u017eaid\u0117jams i\u0161 ne Ispanijos dalyvauti &#8220;El Gordo&#8221; loterijoje. Jums tereikia susikurti paskyr\u0105, pasirinkti skai\u010dius ir atlikti mok\u0117jim\u0105. Tada pasir\u016bpinsime, kad <a href=\"https:\/\/jackpotlotteryonline.com\/lt\/pirkti-bilietus\/el-gordo\">j\u016bs\u0173 vardu b\u016bt\u0173 nupirktas bilietas \u012f &#8220;El Gordo&#8221; loterijos aukso puod\u0105<\/a>. Bilietas su j\u016bs\u0173 pasirinktais skai\u010diais bus nuskaitytas u\u017e jus, o tuo atveju, jei laim\u0117site laim\u0117jim\u0105, taip pat pad\u0117sime u\u017etikrinti, kad pinigai kuo grei\u010diau pasiekt\u0173 jus. Rekomenduojame biliet\u0105 su m\u0117gstamais skai\u010diais u\u017esisakyti jau \u0161iandien.<\/p>\n","protected":false},"excerpt":{"rendered":"<p>El Gordo Lotto internetinis Jackpot Vidutinis ispanas 2009 m. El Gordo loto aukso puodui i\u0161leido nuostabi\u0105 60 eur\u0173 sum\u0105. Na, skai\u010dius 60 \u20ac gali pasirodyti nedidelis, ta\u010diau padauginus j\u012f i\u0161 Ispanijos gyventoj\u0173 skai\u010diaus, galima apstulbti. Geriausiai \u017einoma d\u0117l Ispanijos kal\u0117din\u0117s loterijos, ta\u010diau &#8220;El Gordo&#8221; loterija taip pat vyksta kas savait\u0119. Tai loterija, kurios metu per [&hellip;]<\/p>\n","protected":false},"author":1,"featured_media":0,"parent":35707,"menu_order":6,"comment_status":"closed","ping_status":"closed","template":"el-gordo.php","meta":{"_et_pb_use_builder":"","_et_pb_old_content":"","_et_gb_content_width":"","exclude_from_search":false,"footnotes":""},"class_list":["post-36193","page","type-page","status-publish","hentry"],"yoast_head":"<!-- This site is optimized with the Yoast SEO plugin v23.3 - https:\/\/yoast.com\/wordpress\/plugins\/seo\/ -->\n<title>\u017daiskite Ispanijos &quot;El Gordo Lotto&quot; internetu - net ir ne i\u0161 Ispanijos<\/title>\n<meta name=\"description\" content=\"El Gordo Lotto internetinis aukso puodas yra vienas did\u017eiausi\u0173 pasaulyje ir j\u012f galima \u017eaisti internetu i\u0161 \u0161ali\u0173, esan\u010di\u0173 u\u017e Ispanijos rib\u0173.\" \/>\n<meta name=\"robots\" content=\"index, follow, max-snippet:-1, max-image-preview:large, max-video-preview:-1\" \/>\n<link rel=\"canonical\" href=\"https:\/\/jackpotlotteryonline.com\/play-online\/el-gordo\/\" \/>\n<meta property=\"og:locale\" content=\"lt_LT\" \/>\n<meta property=\"og:type\" content=\"article\" \/>\n<meta property=\"og:title\" content=\"\u017daiskite Ispanijos &quot;El Gordo Lotto&quot; internetu - net ir ne i\u0161 Ispanijos\" \/>\n<meta property=\"og:description\" content=\"El Gordo Lotto internetinis aukso puodas yra vienas did\u017eiausi\u0173 pasaulyje ir j\u012f galima \u017eaisti internetu i\u0161 \u0161ali\u0173, esan\u010di\u0173 u\u017e Ispanijos rib\u0173.\" \/>\n<meta property=\"og:url\" content=\"https:\/\/jackpotlotteryonline.com\/play-online\/el-gordo\/\" \/>\n<meta property=\"og:site_name\" content=\"Lotto Online - Crack The International Lottery Jackpots\" \/>\n<meta property=\"article:modified_time\" content=\"2023-01-03T08:29:45+00:00\" \/>\n<meta property=\"og:image\" content=\"https:\/\/jackpotlotteryonline.com\/wp-content\/uploads\/2022\/10\/2_ticket_el_gordo3-218x300.jpg\" \/>\n<meta name=\"twitter:card\" content=\"summary_large_image\" \/>\n<meta name=\"twitter:label1\" content=\"Est. reading time\" \/>\n\t<meta name=\"twitter:data1\" content=\"3 minut\u0117s\" \/>\n<!-- \/ Yoast SEO plugin. -->","yoast_head_json":{"title":"\u017daiskite Ispanijos \"El Gordo Lotto\" internetu - net ir ne i\u0161 Ispanijos","description":"El Gordo Lotto internetinis aukso puodas yra vienas did\u017eiausi\u0173 pasaulyje ir j\u012f galima \u017eaisti internetu i\u0161 \u0161ali\u0173, esan\u010di\u0173 u\u017e Ispanijos rib\u0173.","robots":{"index":"index","follow":"follow","max-snippet":"max-snippet:-1","max-image-preview":"max-image-preview:large","max-video-preview":"max-video-preview:-1"},"canonical":"https:\/\/jackpotlotteryonline.com\/play-online\/el-gordo\/","og_locale":"lt_LT","og_type":"article","og_title":"\u017daiskite Ispanijos \"El Gordo Lotto\" internetu - net ir ne i\u0161 Ispanijos","og_description":"El Gordo Lotto internetinis aukso puodas yra vienas did\u017eiausi\u0173 pasaulyje ir j\u012f galima \u017eaisti internetu i\u0161 \u0161ali\u0173, esan\u010di\u0173 u\u017e Ispanijos rib\u0173.","og_url":"https:\/\/jackpotlotteryonline.com\/play-online\/el-gordo\/","og_site_name":"Lotto Online - Crack The International Lottery Jackpots","article_modified_time":"2023-01-03T08:29:45+00:00","og_image":[{"url":"https:\/\/jackpotlotteryonline.com\/wp-content\/uploads\/2022\/10\/2_ticket_el_gordo3-218x300.jpg"}],"twitter_card":"summary_large_image","twitter_misc":{"Est. reading time":"3 minut\u0117s"},"schema":{"@context":"https:\/\/schema.org","@graph":[{"@type":"WebPage","@id":"https:\/\/jackpotlotteryonline.com\/play-online\/el-gordo\/","url":"https:\/\/jackpotlotteryonline.com\/play-online\/el-gordo\/","name":"\u017daiskite Ispanijos \"El Gordo Lotto\" internetu - net ir ne i\u0161 Ispanijos","isPartOf":{"@id":"https:\/\/jackpotlotteryonline.com\/#website"},"primaryImageOfPage":{"@id":"https:\/\/jackpotlotteryonline.com\/play-online\/el-gordo\/#primaryimage"},"image":{"@id":"https:\/\/jackpotlotteryonline.com\/play-online\/el-gordo\/#primaryimage"},"thumbnailUrl":"https:\/\/jackpotlotteryonline.com\/wp-content\/uploads\/2022\/10\/2_ticket_el_gordo3-218x300.jpg","datePublished":"2022-11-04T06:41:34+00:00","dateModified":"2023-01-03T08:29:45+00:00","description":"El Gordo Lotto internetinis aukso puodas yra vienas did\u017eiausi\u0173 pasaulyje ir j\u012f galima \u017eaisti internetu i\u0161 \u0161ali\u0173, esan\u010di\u0173 u\u017e Ispanijos rib\u0173.","breadcrumb":{"@id":"https:\/\/jackpotlotteryonline.com\/play-online\/el-gordo\/#breadcrumb"},"inLanguage":"lt-LT","potentialAction":[{"@type":"ReadAction","target":["https:\/\/jackpotlotteryonline.com\/play-online\/el-gordo\/"]}]},{"@type":"ImageObject","inLanguage":"lt-LT","@id":"https:\/\/jackpotlotteryonline.com\/play-online\/el-gordo\/#primaryimage","url":"https:\/\/jackpotlotteryonline.com\/wp-content\/uploads\/2022\/10\/2_ticket_el_gordo3-218x300.jpg","contentUrl":"https:\/\/jackpotlotteryonline.com\/wp-content\/uploads\/2022\/10\/2_ticket_el_gordo3-218x300.jpg"},{"@type":"BreadcrumbList","@id":"https:\/\/jackpotlotteryonline.com\/play-online\/el-gordo\/#breadcrumb","itemListElement":[{"@type":"ListItem","position":1,"name":"Home","item":"https:\/\/jackpotlotteryonline.com\/lt\/"},{"@type":"ListItem","position":2,"name":"Kaip \u017eaisti","item":"https:\/\/jackpotlotteryonline.com\/lt\/kaip-zaisti\/"},{"@type":"ListItem","position":3,"name":"\u017daisti El Gordo Lotto Ispanija"}]},{"@type":"WebSite","@id":"https:\/\/jackpotlotteryonline.com\/#website","url":"https:\/\/jackpotlotteryonline.com\/","name":"Lotto Online - Crack The International Lottery Jackpots","description":"","potentialAction":[{"@type":"SearchAction","target":{"@type":"EntryPoint","urlTemplate":"https:\/\/jackpotlotteryonline.com\/?s={search_term_string}"},"query-input":"required name=search_term_string"}],"inLanguage":"lt-LT"}]}},"_links":{"self":[{"href":"https:\/\/jackpotlotteryonline.com\/lt\/wp-json\/wp\/v2\/pages\/36193","targetHints":{"allow":["GET"]}}],"collection":[{"href":"https:\/\/jackpotlotteryonline.com\/lt\/wp-json\/wp\/v2\/pages"}],"about":[{"href":"https:\/\/jackpotlotteryonline.com\/lt\/wp-json\/wp\/v2\/types\/page"}],"author":[{"embeddable":true,"href":"https:\/\/jackpotlotteryonline.com\/lt\/wp-json\/wp\/v2\/users\/1"}],"replies":[{"embeddable":true,"href":"https:\/\/jackpotlotteryonline.com\/lt\/wp-json\/wp\/v2\/comments?post=36193"}],"version-history":[{"count":0,"href":"https:\/\/jackpotlotteryonline.com\/lt\/wp-json\/wp\/v2\/pages\/36193\/revisions"}],"up":[{"embeddable":true,"href":"https:\/\/jackpotlotteryonline.com\/lt\/wp-json\/wp\/v2\/pages\/35707"}],"wp:attachment":[{"href":"https:\/\/jackpotlotteryonline.com\/lt\/wp-json\/wp\/v2\/media?parent=36193"}],"curies":[{"name":"wp","href":"https:\/\/api.w.org\/{rel}","templated":true}]}}