{"id":36250,"date":"2022-11-04T08:15:49","date_gmt":"2022-11-04T08:15:49","guid":{"rendered":"https:\/\/jackpotlotteryonline.com\/?page_id=36250"},"modified":"2022-12-31T10:53:37","modified_gmt":"2022-12-31T10:53:37","slug":"france-lotto","status":"publish","type":"page","link":"https:\/\/jackpotlotteryonline.com\/lt\/kaip-zaisti\/france-lotto\/","title":{"rendered":"\u017daisti Pranc\u016bzijos loterijos"},"content":{"rendered":"<h2>Pranc\u016bzijos Lotto internete<\/h2>\n<p><img loading=\"lazy\" decoding=\"async\" class=\"alignright size-full wp-image-18410\" src=\"https:\/\/jackpotlotteryonline.com\/wp-content\/uploads\/2022\/10\/win_big.jpg\" alt=\"\u017daisti france lotto internete\" width=\"224\" height=\"134\" \/><\/p>\n<p>France Lotto yra viena i\u0161 seniausiai organizuojam\u0173 Europos loterij\u0173, kuri\u0105 organizuoja ir valdo &#8220;Francaise des Jeux Group&#8221;. Ji labai populiari Pranc\u016bzijoje ir kitose Europos dalyse. Kadangi pranc\u016bzai yra labai aistringi azartinio \u017eaidimo gerb\u0117jai,<a href=\"https:\/\/jackpotlotteryonline.com\/lt\/laimeje-skaitmenys\/france-lotto-2\"> &#8220;France Lotto online&#8221; yra traukiama tris kartus per savait\u0119 (pirmadieniais, tre\u010diadieniais ir \u0161e\u0161tadieniais)<\/a>, prie\u0161ingai nei dauguma kit\u0173 Europos loterij\u0173, kurios traukiamos tik du kartus per savait\u0119. Apskai\u010diuota, kad per metus &#8220;French Lotto&#8221; i\u0161 viso i\u0161dalijama daugiau kaip 4,4 mlrd.<\/p>\n<p>Neprivalote b\u016bti Pranc\u016bzijos gyventojas &#8211; <strong>m\u016bs\u0173 padedami galite \u017eaisti Pranc\u016bzijos loterij\u0105 ne i\u0161 Pranc\u016bzijos ir internetu.<\/strong><\/p>\n<p>Palyginti su kitomis Europos loterijomis, &#8220;French Lotto&#8221; internete si\u016blomi aukso puodai gerokai padid\u0117ja, nes aukso puodas did\u0117ja milijonu eur\u0173. Tris kartus per savait\u0119 vykstan\u010diuose lo\u0161imuose jis kaupiasi ir did\u0117ja gana greitai, kol bus laim\u0117tas. Tai, kad \u0161is aukso puodas n\u0117ra laikomas auk\u0161\u010diausiu tarp loterij\u0173, \u012frodo, kad \u0161is aukso puodas laimimas da\u017eniau nei kitose loterijose.<\/p>\n<p>Teigiama, kad &#8220;France Lotto online&#8221; suk\u016br\u0117 daugiau milijonieri\u0173 nei dauguma kit\u0173 pana\u0161i\u0173 loterij\u0173 Europoje. Tur\u0117tum\u0117te rizikuoti, <a href=\"https:\/\/jackpotlotteryonline.com\/lt\/pirkti-bilietus\/lotto-france\">nusipirkti &#8220;France Lotto&#8221; biliet\u0105 internetu<\/a> ir tapti kitu milijonieriumi.<\/p>\n<p>Mes esame \u010dia, kad pad\u0117tume jums \u017eaisti Pranc\u016bzijos Lotto internete. \u017daisti \u0161\u012f \u017eaidim\u0105 paprasta kaip ABC, o jie pad\u0117s jums visame kelyje.<\/p>\n<section class=\"layout\" style=\"border: solid 1px; width: 100%;\">\n<div class=\"img-div\" style=\"margin-top: 5px;\"><img decoding=\"async\" class=\"wp-image-17212 alignleft\" style=\"height: 45px; margin: 8px 8px 0px;\" src=\"https:\/\/jackpotlotteryonline.com\/wp-content\/uploads\/2022\/11\/read1.jpg\" alt=\"skaityti\" width=\"\" height=\"\" \/><\/div>\n<div style=\"padding-left: 5px;\">\n<div style=\"font-size: 1.1em;\">\n<p><strong>Steb\u0117kite, kaip loterijos numeriai traukiami gyvai<\/strong><\/p>\n<p style=\"font-size: 0.85em; margin-top: -1.5em;\">Nepakli\u016bkite \u012f loterijos sp\u0105stus\u00a0 <a href=\"https:\/\/jackpotlotteryonline.com\/lt\/ziurekite-kaip-loterijos-numeriai-traukiami-gyvai\"> skaityti daugiau<\/a><\/p>\n<\/div>\n<\/div>\n<\/section>\n<h2>Kaip \u017eaisti &#8220;France Lotto&#8221; internete?<\/h2>\n<p><img loading=\"lazy\" decoding=\"async\" class=\"alignright wp-image-27131\" src=\"https:\/\/jackpotlotteryonline.com\/wp-content\/uploads\/2022\/11\/1_jckpot_win_online.jpg\" alt=\"Pranc\u016bzijos loterijos pagrindinis prizas\" width=\"159\" height=\"159\" srcset=\"https:\/\/jackpotlotteryonline.com\/wp-content\/uploads\/2022\/11\/1_jckpot_win_online.jpg 300w, https:\/\/jackpotlotteryonline.com\/wp-content\/uploads\/2022\/11\/1_jckpot_win_online-100x100.jpg 100w, https:\/\/jackpotlotteryonline.com\/wp-content\/uploads\/2022\/11\/1_jckpot_win_online-150x150.jpg 150w\" sizes=\"auto, (max-width: 159px) 100vw, 159px\" \/><\/p>\n<p>Kaip ir bet kurioje kitoje loterijoje, Pranc\u016bzijos loto reikia i\u0161 49 skai\u010di\u0173 grup\u0117s i\u0161rinkti 5 skai\u010dius ir vien\u0105 skai\u010di\u0173 i\u0161 kitos 10 skai\u010di\u0173 grup\u0117s. \u012esigyti biliet\u0105 paprasta, kai u\u017esisakysite per mus, mes nupirksime biliet\u0105 j\u016bs\u0173 vardu. I\u0161kart po pirkimo savo paskyroje matysite pasirinktus skai\u010dius, o \u0161iek tiek v\u0117liau paskyroje bus matomas ir j\u016bs\u0173 \u012fra\u0161o nuskaitymas.<\/p>\n<p>Jei skepti\u0161kai vertinate skai\u010di\u0173 pasirinkim\u0105, mes taip pat turime loterijos skai\u010di\u0173 generatori\u0173, o &#8220;France Lotto online&#8221; greitojo pasirinkimo parinktis leid\u017eia \u017eaisti atsitiktinius skai\u010dius.<\/p>\n<p>Nor\u0117dami \u012fsigyti &#8220;France Lotto&#8221; biliet\u0105 internetu, turite b\u016bti vyresni nei 18 met\u0173, o prie\u0161 tai per mus galite atlikti tam tikr\u0105 praeities rezultat\u0173 tyrim\u0105, kad gal\u0117tum\u0117te pasirinkti savo laimingus skai\u010dius.<\/p>\n<h2>Pranc\u016bzijos loto internetu priz\u0173 atsi\u0117mimas<\/h2>\n<p>Be pagrindinio prizo, &#8220;France Lotto online&#8221; taip pat si\u016blo kitus prizus u\u017e atitikusius skai\u010dius. Skirtingai nei Amerikos loterijose, prizai i\u0161mokami grynaisiais pinigais. Reikalavimus tur\u0117site pateikti per 2 m\u0117nesius nuo burt\u0173 traukimo dienos, o mes jums pad\u0117sime tai padaryti. Ma\u017eesni nei 2500 eur\u0173 prizai bus pervesti \u012f j\u016bs\u0173 s\u0105skait\u0105 m\u016bs\u0173 svetain\u0117je. D\u0117l didesn\u0117s nei \u0161i suma priz\u0173 sumos reikia kreiptis \u012f &#8220;Francaise des Jeux&#8221; mok\u0117jimo centr\u0105.<\/p>\n<p>Jei \u017eaid\u017eiate per mus, mes taip pat pad\u0117sime jums atsiimti prizus, pareik\u0161dami pretenzijas j\u016bs\u0173 vardu ir pasir\u016bpindami, kad prizas jums b\u016bt\u0173 pristatytas kuo grei\u010diau. U\u017esiregistruokite \u0161iandien nemokamai ir gaukite nenumatyt\u0173 privalum\u0173&#8230;!<\/p>\n<p>Visi &#8220;France Lotto&#8221; laim\u0117ti prizai i\u0161mokami be mokes\u010di\u0173!<\/p>\n","protected":false},"excerpt":{"rendered":"<p>Pranc\u016bzijos Lotto internete France Lotto yra viena i\u0161 seniausiai organizuojam\u0173 Europos loterij\u0173, kuri\u0105 organizuoja ir valdo &#8220;Francaise des Jeux Group&#8221;. Ji labai populiari Pranc\u016bzijoje ir kitose Europos dalyse. Kadangi pranc\u016bzai yra labai aistringi azartinio \u017eaidimo gerb\u0117jai, &#8220;France Lotto online&#8221; yra traukiama tris kartus per savait\u0119 (pirmadieniais, tre\u010diadieniais ir \u0161e\u0161tadieniais), prie\u0161ingai nei dauguma kit\u0173 Europos loterij\u0173, [&hellip;]<\/p>\n","protected":false},"author":1,"featured_media":0,"parent":35707,"menu_order":9,"comment_status":"closed","ping_status":"closed","template":"lotto-fr.php","meta":{"_et_pb_use_builder":"","_et_pb_old_content":"","_et_gb_content_width":"","exclude_from_search":false,"footnotes":""},"class_list":["post-36250","page","type-page","status-publish","hentry"],"yoast_head":"<!-- This site is optimized with the Yoast SEO plugin v23.3 - https:\/\/yoast.com\/wordpress\/plugins\/seo\/ -->\n<title>Dalyvaukite &quot;France Lotto&quot; \u017eaidime internetu i\u0161 ne Pranc\u016bzijos<\/title>\n<meta name=\"description\" content=\"\u012esigykite biliet\u0105 \u012f Pranc\u016bzijos Lotto \u010dia - mes suteikiame galimyb\u0119 Lotto gerb\u0117jams i\u0161 u\u017e Pranc\u016bzijos rib\u0173 gauti biliet\u0105 \u012f \u0161i\u0105 populiari\u0105 loterij\u0105\" \/>\n<meta name=\"robots\" content=\"index, follow, max-snippet:-1, max-image-preview:large, max-video-preview:-1\" \/>\n<link rel=\"canonical\" href=\"https:\/\/jackpotlotteryonline.com\/play-online\/france-lotto\/\" \/>\n<meta property=\"og:locale\" content=\"lt_LT\" \/>\n<meta property=\"og:type\" content=\"article\" \/>\n<meta property=\"og:title\" content=\"Dalyvaukite &quot;France Lotto&quot; \u017eaidime internetu i\u0161 ne Pranc\u016bzijos\" \/>\n<meta property=\"og:description\" content=\"\u012esigykite biliet\u0105 \u012f Pranc\u016bzijos Lotto \u010dia - mes suteikiame galimyb\u0119 Lotto gerb\u0117jams i\u0161 u\u017e Pranc\u016bzijos rib\u0173 gauti biliet\u0105 \u012f \u0161i\u0105 populiari\u0105 loterij\u0105\" \/>\n<meta property=\"og:url\" content=\"https:\/\/jackpotlotteryonline.com\/play-online\/france-lotto\/\" \/>\n<meta property=\"og:site_name\" content=\"Lotto Online - Crack The International Lottery Jackpots\" \/>\n<meta property=\"article:modified_time\" content=\"2022-12-31T10:53:37+00:00\" \/>\n<meta property=\"og:image\" content=\"https:\/\/jackpotlotteryonline.com\/wp-content\/uploads\/2022\/10\/win_big.jpg\" \/>\n<meta name=\"twitter:card\" content=\"summary_large_image\" \/>\n<meta name=\"twitter:label1\" content=\"Est. reading time\" \/>\n\t<meta name=\"twitter:data1\" content=\"3 minut\u0117s\" \/>\n<!-- \/ Yoast SEO plugin. -->","yoast_head_json":{"title":"Dalyvaukite \"France Lotto\" \u017eaidime internetu i\u0161 ne Pranc\u016bzijos","description":"\u012esigykite biliet\u0105 \u012f Pranc\u016bzijos Lotto \u010dia - mes suteikiame galimyb\u0119 Lotto gerb\u0117jams i\u0161 u\u017e Pranc\u016bzijos rib\u0173 gauti biliet\u0105 \u012f \u0161i\u0105 populiari\u0105 loterij\u0105","robots":{"index":"index","follow":"follow","max-snippet":"max-snippet:-1","max-image-preview":"max-image-preview:large","max-video-preview":"max-video-preview:-1"},"canonical":"https:\/\/jackpotlotteryonline.com\/play-online\/france-lotto\/","og_locale":"lt_LT","og_type":"article","og_title":"Dalyvaukite \"France Lotto\" \u017eaidime internetu i\u0161 ne Pranc\u016bzijos","og_description":"\u012esigykite biliet\u0105 \u012f Pranc\u016bzijos Lotto \u010dia - mes suteikiame galimyb\u0119 Lotto gerb\u0117jams i\u0161 u\u017e Pranc\u016bzijos rib\u0173 gauti biliet\u0105 \u012f \u0161i\u0105 populiari\u0105 loterij\u0105","og_url":"https:\/\/jackpotlotteryonline.com\/play-online\/france-lotto\/","og_site_name":"Lotto Online - Crack The International Lottery Jackpots","article_modified_time":"2022-12-31T10:53:37+00:00","og_image":[{"url":"https:\/\/jackpotlotteryonline.com\/wp-content\/uploads\/2022\/10\/win_big.jpg"}],"twitter_card":"summary_large_image","twitter_misc":{"Est. reading time":"3 minut\u0117s"},"schema":{"@context":"https:\/\/schema.org","@graph":[{"@type":"WebPage","@id":"https:\/\/jackpotlotteryonline.com\/play-online\/france-lotto\/","url":"https:\/\/jackpotlotteryonline.com\/play-online\/france-lotto\/","name":"Dalyvaukite \"France Lotto\" \u017eaidime internetu i\u0161 ne Pranc\u016bzijos","isPartOf":{"@id":"https:\/\/jackpotlotteryonline.com\/#website"},"primaryImageOfPage":{"@id":"https:\/\/jackpotlotteryonline.com\/play-online\/france-lotto\/#primaryimage"},"image":{"@id":"https:\/\/jackpotlotteryonline.com\/play-online\/france-lotto\/#primaryimage"},"thumbnailUrl":"https:\/\/jackpotlotteryonline.com\/wp-content\/uploads\/2022\/10\/win_big.jpg","datePublished":"2022-11-04T08:15:49+00:00","dateModified":"2022-12-31T10:53:37+00:00","description":"\u012esigykite biliet\u0105 \u012f Pranc\u016bzijos Lotto \u010dia - mes suteikiame galimyb\u0119 Lotto gerb\u0117jams i\u0161 u\u017e Pranc\u016bzijos rib\u0173 gauti biliet\u0105 \u012f \u0161i\u0105 populiari\u0105 loterij\u0105","breadcrumb":{"@id":"https:\/\/jackpotlotteryonline.com\/play-online\/france-lotto\/#breadcrumb"},"inLanguage":"lt-LT","potentialAction":[{"@type":"ReadAction","target":["https:\/\/jackpotlotteryonline.com\/play-online\/france-lotto\/"]}]},{"@type":"ImageObject","inLanguage":"lt-LT","@id":"https:\/\/jackpotlotteryonline.com\/play-online\/france-lotto\/#primaryimage","url":"https:\/\/jackpotlotteryonline.com\/wp-content\/uploads\/2022\/10\/win_big.jpg","contentUrl":"https:\/\/jackpotlotteryonline.com\/wp-content\/uploads\/2022\/10\/win_big.jpg"},{"@type":"BreadcrumbList","@id":"https:\/\/jackpotlotteryonline.com\/play-online\/france-lotto\/#breadcrumb","itemListElement":[{"@type":"ListItem","position":1,"name":"Home","item":"https:\/\/jackpotlotteryonline.com\/lt\/"},{"@type":"ListItem","position":2,"name":"Kaip \u017eaisti","item":"https:\/\/jackpotlotteryonline.com\/lt\/kaip-zaisti\/"},{"@type":"ListItem","position":3,"name":"\u017daisti Pranc\u016bzijos loterijos"}]},{"@type":"WebSite","@id":"https:\/\/jackpotlotteryonline.com\/#website","url":"https:\/\/jackpotlotteryonline.com\/","name":"Lotto Online - Crack The International Lottery Jackpots","description":"","potentialAction":[{"@type":"SearchAction","target":{"@type":"EntryPoint","urlTemplate":"https:\/\/jackpotlotteryonline.com\/?s={search_term_string}"},"query-input":"required name=search_term_string"}],"inLanguage":"lt-LT"}]}},"_links":{"self":[{"href":"https:\/\/jackpotlotteryonline.com\/lt\/wp-json\/wp\/v2\/pages\/36250","targetHints":{"allow":["GET"]}}],"collection":[{"href":"https:\/\/jackpotlotteryonline.com\/lt\/wp-json\/wp\/v2\/pages"}],"about":[{"href":"https:\/\/jackpotlotteryonline.com\/lt\/wp-json\/wp\/v2\/types\/page"}],"author":[{"embeddable":true,"href":"https:\/\/jackpotlotteryonline.com\/lt\/wp-json\/wp\/v2\/users\/1"}],"replies":[{"embeddable":true,"href":"https:\/\/jackpotlotteryonline.com\/lt\/wp-json\/wp\/v2\/comments?post=36250"}],"version-history":[{"count":0,"href":"https:\/\/jackpotlotteryonline.com\/lt\/wp-json\/wp\/v2\/pages\/36250\/revisions"}],"up":[{"embeddable":true,"href":"https:\/\/jackpotlotteryonline.com\/lt\/wp-json\/wp\/v2\/pages\/35707"}],"wp:attachment":[{"href":"https:\/\/jackpotlotteryonline.com\/lt\/wp-json\/wp\/v2\/media?parent=36250"}],"curies":[{"name":"wp","href":"https:\/\/api.w.org\/{rel}","templated":true}]}}