{"id":36308,"date":"2022-11-04T09:52:24","date_gmt":"2022-11-04T09:52:24","guid":{"rendered":"https:\/\/jackpotlotteryonline.com\/?page_id=36308"},"modified":"2022-12-31T10:01:41","modified_gmt":"2022-12-31T10:01:41","slug":"german-lotto","status":"publish","type":"page","link":"https:\/\/jackpotlotteryonline.com\/lt\/kaip-zaisti\/german-lotto\/","title":{"rendered":"Vokietijos Lotto"},"content":{"rendered":"<h2>Vokietijos Lotto dabar galima rasti internete<\/h2>\n<p><img loading=\"lazy\" decoding=\"async\" class=\"alignright wp-image-18464 size-full\" src=\"https:\/\/jackpotlotteryonline.com\/wp-content\/uploads\/2022\/10\/win_lottery_online.jpg\" alt=\"\u017daiskite vokie\u010di\u0173 loto internetu\" width=\"231\" height=\"130\" \/><\/p>\n<p>Lotto Vokietijoje veikia jau daugiau nei 5 de\u0161imtme\u010dius, o Vokietijos Lotto internete organizuoja ir valdo Deutscher Lotto ir Toto Block. Vokietijos loto internetu<a href=\"https:\/\/jackpotlotteryonline.com\/lt\/laimeje-skaitmenys\/german-lotto\"> traukiama du kartus per savait\u0119<\/a>, tre\u010diadien\u012f ir \u0161e\u0161tadien\u012f, tod\u0117l da\u017eniausiai Vokietijos loto internetu b\u016bna su vienu did\u017eiausi\u0173 Europos aukso puod\u0173. Taigi, jei gyvenate ne Vokietijoje, turite visas prie\u017eastis \u017eaisti Vokietijos loto su internetiniu bilietu.<\/p>\n<p>Jei negyvenate Vokietijoje, vienintel\u0117 galimyb\u0117 \u017eaisti Vokietijos loto internetu yra pas mus. U\u017esiregistrav\u0119 m\u016bs\u0173 svetain\u0117je, galite gauti vis\u0105 svarbi\u0105 informacij\u0105, susijusi\u0105 su Vokietijos loto internetu. Tai apima senuosius rezultatus, loterijos skai\u010di\u0173 generatori\u0173 ir viet\u0105, kurioje galite \u012fsigyti biliet\u0105. Jie netgi pad\u0117s jums pareik\u0161ti pretenzij\u0105 ir gauti priz\u0105.<\/p>\n<h2>Kaip veikia Vokietijos loto internete<\/h2>\n<p>Viskas, k\u0105 jums reikia padaryti, <a href=\"https:\/\/jackpotlotteryonline.com\/lt\/pirkti-bilietus\/lotto-germany\">tai nusipirkti Vokietijos loto internetu biliet\u0105<\/a>, pasirinkus 6 skai\u010dius i\u0161 49. Taip pat gal\u0117site pasirinkti super skai\u010di\u0173 nuo 1 iki 10. Pagrindinis burt\u0173 traukimas vyksta d\u0117l pagrindini\u0173 skai\u010di\u0173, o v\u0117liau traukiamas burt\u0173 traukimas d\u0117l superskai\u010diaus. Kai sutampa 6 pagrindiniai skai\u010diai, laimite pirm\u0105j\u012f priz\u0105. Tikrasis pagrindinis prizas laimimas, kai burt\u0173 keliu i\u0161traukti 6 pagrindiniai skai\u010diai ir superskaitmuo sutampa.<\/p>\n<p>\u017dmon\u0117s i\u0161 kit\u0173 Vokietijos \u0161ali\u0173 taip pat gali \u017eaisti Vokietijos loto internetu. M\u016bs\u0173 svetain\u0117je galite pasinaudoti \u0161ia galimybe ir i\u0161bandyti savo laim\u0119, o likusi\u0105 logistikos dal\u012f palikti mums. Nor\u0117dami \u017eaisti Vokietijos loto su internetiniu bilietu, turite b\u016bti vyresni nei 18 met\u0173.<\/p>\n<section class=\"layout\" style=\"border: solid 1px; width: 100%;\">\n<div class=\"img-div\" style=\"margin-top: 5px;\"><img decoding=\"async\" class=\"wp-image-17212 alignleft\" style=\"height: 45px; margin: 8px 8px 0px;\" src=\"https:\/\/jackpotlotteryonline.com\/wp-content\/uploads\/2022\/11\/read1.jpg\" alt=\"skaityti\" width=\"\" height=\"\" \/><\/div>\n<div style=\"padding-left: 5px;\">\n<div style=\"font-size: 1.1em;\">\n<p><strong>Kok\u012f automobil\u012f nusipirktum\u0117te, jei laim\u0117tum\u0117te loterijoje?<\/strong><\/p>\n<p style=\"font-size: 0.85em; margin-top: -1.5em;\">Laim\u0117kite loterijoje ir gaukite nauj\u0105 automobil\u012f <a href=\"https:\/\/jackpotlotteryonline.com\/lt\/koki-automobili-nusipirktumete-jei-laimetumete-loterijoje\">skaityti daugiau<\/a><\/p>\n<\/div>\n<\/div>\n<\/section>\n<h2>Laim\u0117ti Vokietijos loto internete<\/h2>\n<p><img loading=\"lazy\" decoding=\"async\" class=\"alignright size-medium wp-image-33350\" src=\"https:\/\/jackpotlotteryonline.com\/wp-content\/uploads\/2022\/11\/2_ticket_euromillions3-1-111x300.jpg\" alt=\"Vokietijos loto bilietas\" width=\"111\" height=\"300\" srcset=\"https:\/\/jackpotlotteryonline.com\/wp-content\/uploads\/2022\/11\/2_ticket_euromillions3-1-111x300.jpg 111w, https:\/\/jackpotlotteryonline.com\/wp-content\/uploads\/2022\/11\/2_ticket_euromillions3-1.jpg 180w\" sizes=\"auto, (max-width: 111px) 100vw, 111px\" \/><\/p>\n<p>Laim\u0117ti Vokietijos loto internete yra atsitiktinumo dalykas, ta\u010diau taip yra ir bet kurioje kitoje loterijoje. Mes padidinsime j\u016bs\u0173 \u0161ansus laim\u0117ti Vokietijos loto internete naudodami m\u016bs\u0173 loterijos skai\u010di\u0173 generatori\u0173 ir pateikdami informacij\u0105 apie ankstesnius rezultatus, kad pad\u0117tume jums pasirinkti laimingus skai\u010dius. \u010cia rasite vis\u0105 svarbi\u0105 informacij\u0105, susijusi\u0105 su &#8220;German lotto online&#8221;, ir gal\u0117site ja pasinaudoti, kad padidintum\u0117te savo \u0161ansus.<\/p>\n<p>Vokietijos lotto internete yra ne tik vienas did\u017eiausi\u0173 priz\u0173 Europoje, bet ir geriausiai organizuota ir labai profesionaliai vykdoma loterija pasaulyje. Kai \u017eaisite Vokietijos loto internete ir jei laim\u0117site, pad\u0117sime jums be joki\u0173 sunkum\u0173 atsiimti priz\u0105 ir pasir\u016bpinsime, kad prizo suma jums b\u016bt\u0173 pristatyta be joki\u0173 kli\u016b\u010di\u0173.<\/p>\n<p>Nors Vokietijos loto internetu yra viena seniausi\u0173 loterij\u0173 Europoje, ji n\u0117ra tokia populiari kaip kitos. Taip yra d\u0117l to, kad u\u017e Vokietijos rib\u0173 ji n\u0117ra taip pla\u010diai reklamuojama. <strong>Bet kokiu atveju tai n\u0117ra prie\u017eastis ne\u017eaisti Vokietijos loto internetu. I\u0161bandykite savo laim\u0119 Vokietijos loterijoje \u0161iandien.<\/strong><\/p>\n","protected":false},"excerpt":{"rendered":"<p>Vokietijos Lotto dabar galima rasti internete Lotto Vokietijoje veikia jau daugiau nei 5 de\u0161imtme\u010dius, o Vokietijos Lotto internete organizuoja ir valdo Deutscher Lotto ir Toto Block. Vokietijos loto internetu traukiama du kartus per savait\u0119, tre\u010diadien\u012f ir \u0161e\u0161tadien\u012f, tod\u0117l da\u017eniausiai Vokietijos loto internetu b\u016bna su vienu did\u017eiausi\u0173 Europos aukso puod\u0173. Taigi, jei gyvenate ne Vokietijoje, turite [&hellip;]<\/p>\n","protected":false},"author":1,"featured_media":0,"parent":35707,"menu_order":8,"comment_status":"closed","ping_status":"closed","template":"lotto-german.php","meta":{"_et_pb_use_builder":"","_et_pb_old_content":"","_et_gb_content_width":"","exclude_from_search":false,"footnotes":""},"class_list":["post-36308","page","type-page","status-publish","hentry"],"yoast_head":"<!-- This site is optimized with the Yoast SEO plugin v23.3 - https:\/\/yoast.com\/wordpress\/plugins\/seo\/ -->\n<title>\u017daiskite Vokietijos loto ne i\u0161 Vokietijos, naudodami internetin\u012f biliet\u0105<\/title>\n<meta name=\"description\" content=\"Gyvenate ne Vokietijoje? Ne b\u0117da - \u017eaiskite Vokietijos loto su m\u016bs\u0173 internetiniu bilietu.\" \/>\n<meta name=\"robots\" content=\"index, follow, max-snippet:-1, max-image-preview:large, max-video-preview:-1\" \/>\n<link rel=\"canonical\" href=\"https:\/\/jackpotlotteryonline.com\/play-online\/german-lotto\/\" \/>\n<meta property=\"og:locale\" content=\"lt_LT\" \/>\n<meta property=\"og:type\" content=\"article\" \/>\n<meta property=\"og:title\" content=\"\u017daiskite Vokietijos loto ne i\u0161 Vokietijos, naudodami internetin\u012f biliet\u0105\" \/>\n<meta property=\"og:description\" content=\"Gyvenate ne Vokietijoje? Ne b\u0117da - \u017eaiskite Vokietijos loto su m\u016bs\u0173 internetiniu bilietu.\" \/>\n<meta property=\"og:url\" content=\"https:\/\/jackpotlotteryonline.com\/play-online\/german-lotto\/\" \/>\n<meta property=\"og:site_name\" content=\"Lotto Online - Crack The International Lottery Jackpots\" \/>\n<meta property=\"article:modified_time\" content=\"2022-12-31T10:01:41+00:00\" \/>\n<meta property=\"og:image\" content=\"https:\/\/jackpotlotteryonline.com\/wp-content\/uploads\/2022\/10\/win_lottery_online.jpg\" \/>\n<meta name=\"twitter:card\" content=\"summary_large_image\" \/>\n<meta name=\"twitter:label1\" content=\"Est. reading time\" \/>\n\t<meta name=\"twitter:data1\" content=\"3 minut\u0117s\" \/>\n<!-- \/ Yoast SEO plugin. -->","yoast_head_json":{"title":"\u017daiskite Vokietijos loto ne i\u0161 Vokietijos, naudodami internetin\u012f biliet\u0105","description":"Gyvenate ne Vokietijoje? Ne b\u0117da - \u017eaiskite Vokietijos loto su m\u016bs\u0173 internetiniu bilietu.","robots":{"index":"index","follow":"follow","max-snippet":"max-snippet:-1","max-image-preview":"max-image-preview:large","max-video-preview":"max-video-preview:-1"},"canonical":"https:\/\/jackpotlotteryonline.com\/play-online\/german-lotto\/","og_locale":"lt_LT","og_type":"article","og_title":"\u017daiskite Vokietijos loto ne i\u0161 Vokietijos, naudodami internetin\u012f biliet\u0105","og_description":"Gyvenate ne Vokietijoje? Ne b\u0117da - \u017eaiskite Vokietijos loto su m\u016bs\u0173 internetiniu bilietu.","og_url":"https:\/\/jackpotlotteryonline.com\/play-online\/german-lotto\/","og_site_name":"Lotto Online - Crack The International Lottery Jackpots","article_modified_time":"2022-12-31T10:01:41+00:00","og_image":[{"url":"https:\/\/jackpotlotteryonline.com\/wp-content\/uploads\/2022\/10\/win_lottery_online.jpg"}],"twitter_card":"summary_large_image","twitter_misc":{"Est. reading time":"3 minut\u0117s"},"schema":{"@context":"https:\/\/schema.org","@graph":[{"@type":"WebPage","@id":"https:\/\/jackpotlotteryonline.com\/play-online\/german-lotto\/","url":"https:\/\/jackpotlotteryonline.com\/play-online\/german-lotto\/","name":"\u017daiskite Vokietijos loto ne i\u0161 Vokietijos, naudodami internetin\u012f biliet\u0105","isPartOf":{"@id":"https:\/\/jackpotlotteryonline.com\/#website"},"primaryImageOfPage":{"@id":"https:\/\/jackpotlotteryonline.com\/play-online\/german-lotto\/#primaryimage"},"image":{"@id":"https:\/\/jackpotlotteryonline.com\/play-online\/german-lotto\/#primaryimage"},"thumbnailUrl":"https:\/\/jackpotlotteryonline.com\/wp-content\/uploads\/2022\/10\/win_lottery_online.jpg","datePublished":"2022-11-04T09:52:24+00:00","dateModified":"2022-12-31T10:01:41+00:00","description":"Gyvenate ne Vokietijoje? Ne b\u0117da - \u017eaiskite Vokietijos loto su m\u016bs\u0173 internetiniu bilietu.","breadcrumb":{"@id":"https:\/\/jackpotlotteryonline.com\/play-online\/german-lotto\/#breadcrumb"},"inLanguage":"lt-LT","potentialAction":[{"@type":"ReadAction","target":["https:\/\/jackpotlotteryonline.com\/play-online\/german-lotto\/"]}]},{"@type":"ImageObject","inLanguage":"lt-LT","@id":"https:\/\/jackpotlotteryonline.com\/play-online\/german-lotto\/#primaryimage","url":"https:\/\/jackpotlotteryonline.com\/wp-content\/uploads\/2022\/10\/win_lottery_online.jpg","contentUrl":"https:\/\/jackpotlotteryonline.com\/wp-content\/uploads\/2022\/10\/win_lottery_online.jpg"},{"@type":"BreadcrumbList","@id":"https:\/\/jackpotlotteryonline.com\/play-online\/german-lotto\/#breadcrumb","itemListElement":[{"@type":"ListItem","position":1,"name":"Home","item":"https:\/\/jackpotlotteryonline.com\/lt\/"},{"@type":"ListItem","position":2,"name":"Kaip \u017eaisti","item":"https:\/\/jackpotlotteryonline.com\/lt\/kaip-zaisti\/"},{"@type":"ListItem","position":3,"name":"Vokietijos Lotto"}]},{"@type":"WebSite","@id":"https:\/\/jackpotlotteryonline.com\/#website","url":"https:\/\/jackpotlotteryonline.com\/","name":"Lotto Online - Crack The International Lottery Jackpots","description":"","potentialAction":[{"@type":"SearchAction","target":{"@type":"EntryPoint","urlTemplate":"https:\/\/jackpotlotteryonline.com\/?s={search_term_string}"},"query-input":"required name=search_term_string"}],"inLanguage":"lt-LT"}]}},"_links":{"self":[{"href":"https:\/\/jackpotlotteryonline.com\/lt\/wp-json\/wp\/v2\/pages\/36308","targetHints":{"allow":["GET"]}}],"collection":[{"href":"https:\/\/jackpotlotteryonline.com\/lt\/wp-json\/wp\/v2\/pages"}],"about":[{"href":"https:\/\/jackpotlotteryonline.com\/lt\/wp-json\/wp\/v2\/types\/page"}],"author":[{"embeddable":true,"href":"https:\/\/jackpotlotteryonline.com\/lt\/wp-json\/wp\/v2\/users\/1"}],"replies":[{"embeddable":true,"href":"https:\/\/jackpotlotteryonline.com\/lt\/wp-json\/wp\/v2\/comments?post=36308"}],"version-history":[{"count":0,"href":"https:\/\/jackpotlotteryonline.com\/lt\/wp-json\/wp\/v2\/pages\/36308\/revisions"}],"up":[{"embeddable":true,"href":"https:\/\/jackpotlotteryonline.com\/lt\/wp-json\/wp\/v2\/pages\/35707"}],"wp:attachment":[{"href":"https:\/\/jackpotlotteryonline.com\/lt\/wp-json\/wp\/v2\/media?parent=36308"}],"curies":[{"name":"wp","href":"https:\/\/api.w.org\/{rel}","templated":true}]}}