{"id":36419,"date":"2022-11-07T07:15:47","date_gmt":"2022-11-07T07:15:47","guid":{"rendered":"https:\/\/jackpotlotteryonline.com\/?page_id=36419"},"modified":"2022-12-19T16:18:19","modified_gmt":"2022-12-19T16:18:19","slug":"powerball","status":"publish","type":"page","link":"https:\/\/jackpotlotteryonline.com\/lt\/pirkti-bilietus\/powerball\/","title":{"rendered":"JAV Powerball loterija"},"content":{"rendered":"<h2>Kaip gauti &#8220;Powerball&#8221; bilietus ne i\u0161 JAV<\/h2>\n<p>Beveik kiekvienoje pasaulio \u0161alyje yra loterija, ta\u010diau ne visos loterijos yra tokios kaip did\u017eiosios JAV loterijos &#8220;Powerball&#8221; ir &#8220;Mega Millions&#8221;. JAV loterij\u0173 prizai pasiek\u0117 net 1,5 mlrd. doleri\u0173 sum\u0105 (2016 m.). Kit\u0173 \u0161ali\u0173 loterij\u0173 laim\u0117jimai niekada nesiek\u0117 tokios sumos, tod\u0117l kaskart, kai loterij\u0173 gerb\u0117jai perskaito apie dar vien\u0105 rekordin\u012f JAV loterijos laim\u0117jim\u0105, jie u\u017eduoda sau vien\u0105 klausim\u0105: <strong>Ar galiu <a href=\"https:\/\/jackpotlotteryonline.com\/lt\/kaip-zaisti\/powerball\">\u017eaisti &#8220;Powerball&#8221; ne JAV<\/a>, galb\u016bt internetu?<\/strong><\/p>\n<p><strong>Atsakymas paprastas &#8211; taip, net jei gyvenate ne JAV<\/strong>, vis tiek galite \u017eaisti &#8220;Powerball&#8221;. Esame patikima tarnyba, kuri leid\u017eia \u012fsigyti \u0161i\u0173 did\u017eiuli\u0173 loterij\u0173 ar daugelio kit\u0173 tarptautini\u0173 loterij\u0173 bilietus. Viskas labai paprasta &#8211; pasirenkate numerius internetu, o mes siun\u010diame savo agentus JAV, kad jie nupirkt\u0173 jums bilietus. \u0160ie loterijos bilietai priklauso jums, tod\u0117l turite teis\u0117t\u0105 pretenzij\u0105 pa\u010diai loterijos komisijai. Jei laim\u0117site, mes taip pat pad\u0117sime jums gauti pinigus.<\/p>\n<p>Svarbu tai, kad \u010dia gausite original\u0173 loterijos biliet\u0105, o ne dalyvausite kokioje nors loterijos apgavyst\u0117je!<\/p>\n<h2>Loterijos bilieto pirkimo internetu procesas<\/h2>\n<p><img loading=\"lazy\" decoding=\"async\" class=\"alignright size-full wp-image-34943\" src=\"http:\/\/jackpotlotteryonline.com\/wp-content\/uploads\/2022\/11\/2_ticket_powerball3-1.jpg\" alt=\"Powerball bilietas\" width=\"180\" height=\"194\" \/><\/p>\n<p><strong>Pirmiausia pa\u017evelkite \u012f m\u016bs\u0173 svetain\u0117s vir\u0161\u0173<\/strong>, kur spustel\u0117kite vien\u0105 i\u0161 reklamini\u0173 skydeli\u0173 ir pasirinkite loterij\u0105, kurioje norite dalyvauti. M\u016bs\u0173 svetain\u0117 yra prieinama daugiau nei 20 skirting\u0173 kalb\u0173. Dauguma klient\u0173 perka JAV loterij\u0173 &#8220;Powerball&#8221; ir (arba) &#8220;Mega Millions&#8221; bilietus, ta\u010diau labai da\u017enai ir kitose tarptautin\u0117se loterijose b\u016bna did\u017eiuliai prizai. Jas galite suskirstyti pagal pagrindinio prizo dyd\u012f ir tiesiog \u017eaisti loterijoje, kurios suma \u0161iuo metu yra did\u017eiausia. Jei norite \u017eaisti keliose loterijose, tai taip pat nesud\u0117tinga, pavyzd\u017eiui, galite nusipirkti vien\u0105 biliet\u0105 \u012f &#8220;Powerball&#8221;, o kit\u0105 &#8211; \u012f ispani\u0161k\u0105j\u0105 &#8220;El Gordo&#8221;.<\/p>\n<p>Toliau renkat\u0117s skai\u010dius &#8211; tai padaryti nesunku, nes m\u016bs\u0173 svetain\u0117je jums bus parodyta, kiek skai\u010di\u0173 turite pasirinkti. Jei pageidaujate, yra greito pasirinkimo funkcija, kuri generuoja numerius atsitiktine tvarka. Po to pasirinkite, kiek biliet\u0173 norite pirkti ir<a href=\"https:\/\/jackpotlotteryonline.com\/lt\/laimeje-skaitmenys\/powerball\"> kiek tira\u017e\u0173 (savai\u010di\u0173)<\/a> norite, kad bilietas galiot\u0173. Priklausomai nuo to, kiek savai\u010di\u0173 j\u016bs\u0173 bilietas dalyvaus, gausite nuolaid\u0105 u\u017e biliet\u0105 mokamai kainai.<\/p>\n<p>Pasirink\u0119 visas parinktis, galite matyti bendr\u0105 kain\u0105, o kitas \u017eingsnis &#8211; u\u017eregistruoti kliento paskyr\u0105. Apmok\u0117ti u\u017e loterijos bilietus taip pat nesud\u0117tinga &#8211; dauguma klient\u0173 renkasi mok\u0117jimo kreditine kortele galimyb\u0119, ta\u010diau yra ir kit\u0173 galimybi\u0173, pavyzd\u017eiui, (priklausomai nuo \u0161alies, i\u0161 kurios esate) momentinis banko pervedimas arba kriptovaliutos.<\/p>\n<p>Mok\u0117jimams atlikti bus naudojami naujausi ir saugiausi protokolai, tod\u0117l jums nereik\u0117s baimintis joki\u0173 kredito korteli\u0173 suk\u010diavimo atvej\u0173. Jei norite, galite pasirinkti galimyb\u0119 \u012fsigyti biliet\u0105 keliems tira\u017eams, j\u016bs\u0173 numeriai dalyvaus &#8220;Powerball&#8221; ar bet kurioje kitoje j\u016bs\u0173 pasirinktoje loterijoje 2, 4, 6 ar net 8 tira\u017euose i\u0161 eil\u0117s.\u00a0 Ta\u010diau tai tik galimyb\u0117 &#8211; jei nepa\u017eym\u0117site \u0161io langelio, u\u017e biliet\u0105 bus imamas mokestis tik u\u017e vien\u0105 tira\u017e\u0105!<\/p>\n<p>Dauguma \u017emoni\u0173, gyvenan\u010di\u0173 u\u017e JAV rib\u0173, \u017eaid\u017eia tik vietin\u0119 loterij\u0105, ne\u017einodami apie \u0161i\u0105 galimyb\u0119 \u017eaisti tarptautin\u0119 loterij\u0105 internetu. Ta\u010diau dabar, kai jau \u017einote, kas jums trukdo \u017eaisti d\u0117l aukso puod\u0173, kurie da\u017enai b\u016bna 100 kart\u0173 didesni u\u017e tuos, kuriuos galite laim\u0117ti savo gyvenamojoje \u0161alyje? Galb\u016bt b\u016bsite kitas &#8220;Powerball&#8221; pagrindinio prizo laim\u0117tojas!<\/p>\n<section class=\"layout\" style=\"border: solid 1px; width: 100%;\">\n<div class=\"img-div\" style=\"margin-top: 5px;\"><img decoding=\"async\" class=\"wp-image-17212 alignleft\" style=\"height: 45px; margin: 8px 8px 0px;\" src=\"http:\/\/jackpotlotteryonline.com\/wp-content\/uploads\/2022\/11\/read1.jpg\" alt=\"\u017eaisti powerball ne i\u0161 JAV\" width=\"\" height=\"\" \/><\/div>\n<div style=\"padding-left: 5px;\">\n<div style=\"font-size: 1.1em;\">\n<p><strong>Ar teis\u0117ta \u017eaisti kit\u0173 \u0161ali\u0173 loterijas internete?<\/strong><\/p>\n<p style=\"font-size: 0.85em; margin-top: -1.5em;\">Ar teis\u0117ta gauti loterijos biliet\u0105 internetu ir ar i\u0161 tikr\u0173j\u0173 gausiu pinigus?\u00a0\u00a0<a href=\"https:\/\/jackpotlotteryonline.com\/lt\/ar-teiseta-zaisti-loterijas-is-kitu-saliu-internete\"> skaityti daugiau<\/a><\/p>\n<\/div>\n<\/div>\n<\/section>\n<h2>Lotto JAV internetin\u0117 ap\u017evalga<\/h2>\n<p>Jungtin\u0117se Amerikos Valstijose loterijas rengia 43 valstijos, Kolumbijos apygarda, JAV Mergeli\u0173 salos ir Puerto Rikas. Kiekvienoje i\u0161 \u0161i\u0173 teritorij\u0173 yra valstij\u0173 loterijos, kurios priskiriamos <strong>Lotto USA kategorija<\/strong>i. Vienos i\u0161 pagrindini\u0173 &#8220;Lotto USA&#8221; loterij\u0173 yra &#8220;Mega Millions&#8221; ir &#8220;Powerball&#8221;. Tai did\u017eiul\u0117s loterijos, kuriomis gali naudotis vis\u0173 JAV gyventojai, o dabar \u017eaid\u0117jai i\u0161 u\u017esienio gali dalyvauti internetu naudodamiesi \u0161ia m\u016bs\u0173 paslauga.<\/p>\n<h2>Powerball Lotto JAV<\/h2>\n<p><img loading=\"lazy\" decoding=\"async\" class=\"alignright size-full wp-image-31721\" src=\"http:\/\/jackpotlotteryonline.com\/wp-content\/uploads\/2022\/11\/powerball_globe_logo.png\" alt=\"pirkti \" width=\"200\" height=\"212\" \/><\/p>\n<p>Populiariausias Lotto JAV \u017eaidimas yra &#8220;Powerball&#8221;. Powerball lo\u0161imai traukiami &#8220;Universal Studios&#8221; studijoje Floridoje, JAV, ta\u010diau jam taikomas negyvenamosios vietos reikalavimas, t. y. \u0161iame Lotto USA \u017eaidime gali dalyvauti ne Powerball valstij\u0173 gyventojai ir net \u017eaid\u0117jai u\u017e JAV rib\u0173.<\/p>\n<p>Kad gal\u0117t\u0173 \u017eaisti &#8220;Powerball&#8221;, \u017eaid\u0117jai turi b\u016bti ne jaunesni kaip 18 met\u0173. \u017daid\u0117jai turi pasirinkti \u0161e\u0161is skai\u010dius &#8211; penkis skai\u010dius nuo 1 iki 59 ir vien\u0105 &#8220;PowerBall&#8221; skai\u010di\u0173 nuo 1 iki 39. \u017daid\u0117jai gali pasinaudoti &#8220;Quick Pick&#8221; funkcija, kuri atsitiktine tvarka parinks 6 skai\u010dius.<\/p>\n<p>Paprastai &#8220;Powerball&#8221; prizai siekia de\u0161imtis milijon\u0173 doleri\u0173, nors anks\u010diau jie gana da\u017enai vir\u0161ijo 200 milijon\u0173 doleri\u0173.<\/p>\n<h2>Mega Milijonai Lotto JAV<\/h2>\n<p>&#8220;Mega Millions&#8221; yra dar viena JAV vykdoma <strong>Lotto JAV loterija<\/strong>, kuri i\u0161 tikr\u0173j\u0173 yra traukiama Atlantoje, D\u017eord\u017eijos valstijoje. Nepaisant to, &#8220;Mega Millions&#8221; netaikomas gyvenamosios vietos reikalavimas, o tai rei\u0161kia, kad &#8220;Mega Millions&#8221; loterijoje gali dalyvauti ir laim\u0117ti &#8220;Mega Millions Lotto USA&#8221; ne JAV valstij\u0173 gyventojai ir net ne JAV gyventojai.<\/p>\n<p>Kad gal\u0117tum\u0117te \u017eaisti &#8220;Mega Milijon\u0173 loto JAV&#8221; loterijoje, turite b\u016bti ne jaunesni kaip 18 met\u0173. Turite pasirinkti 6 skai\u010dius &#8211; penkis skai\u010dius nuo 1 iki 56 ir vien\u0105 &#8220;Mega Ball&#8221; skai\u010di\u0173 nuo 1 iki 46. Galite pasinaudoti greitojo pasirinkimo galimybe, kuri atsitiktine tvarka parinks skai\u010dius u\u017e jus.<\/p>\n<p>&#8220;Mega Million Lotto USA&#8221; \u017eaidime si\u016blomi piniginiai prizai ir pagrindinis prizas. Yra \u017einoma, kad gyvenim\u0105 kei\u010diantis pagrindinis prizas siekia \u0161imtus milijon\u0173 doleri\u0173, tod\u0117l \u0161is \u017eaidimas yra labai populiarus.<\/p>\n<h2>NASPL &#8211; JAV Lotto asociacija<\/h2>\n<p>\u0160iaur\u0117s Amerikos valstij\u0173 ir provincij\u0173 loterij\u0173 asociacija (NASPL) atstovauja visoms JAV valstij\u0173 ir provincij\u0173 loterijoms bei Kanados loterijoms. JAV loterij\u0105 &#8220;Lotto&#8221; veiksmingiau valdo NASPL. Ji veikia kaip &#8220;Lotto USA&#8221; s\u0105saja, teikia informacij\u0105, vykdo mokslinius tyrimus ir pl\u0117tr\u0105, u\u017etikrina saugum\u0105 ir moko &#8220;Lotto USA&#8221; darbuotojus. Visos pagrindin\u0117s JAV loterijos yra NASPL nar\u0117s.<\/p>\n","protected":false},"excerpt":{"rendered":"<p>Kaip gauti &#8220;Powerball&#8221; bilietus ne i\u0161 JAV Beveik kiekvienoje pasaulio \u0161alyje yra loterija, ta\u010diau ne visos loterijos yra tokios kaip did\u017eiosios JAV loterijos &#8220;Powerball&#8221; ir &#8220;Mega Millions&#8221;. JAV loterij\u0173 prizai pasiek\u0117 net 1,5 mlrd. doleri\u0173 sum\u0105 (2016 m.). Kit\u0173 \u0161ali\u0173 loterij\u0173 laim\u0117jimai niekada nesiek\u0117 tokios sumos, tod\u0117l kaskart, kai loterij\u0173 gerb\u0117jai perskaito apie dar vien\u0105 [&hellip;]<\/p>\n","protected":false},"author":1,"featured_media":0,"parent":35768,"menu_order":1,"comment_status":"closed","ping_status":"closed","template":"powerball-usa-info.php","meta":{"_et_pb_use_builder":"","_et_pb_old_content":"","_et_gb_content_width":"","exclude_from_search":false,"footnotes":""},"class_list":["post-36419","page","type-page","status-publish","hentry"],"yoast_head":"<!-- This site is optimized with the Yoast SEO plugin v23.3 - https:\/\/yoast.com\/wordpress\/plugins\/seo\/ -->\n<title>Pirkite &quot;Powerball&quot; bilietus internetu i\u0161 bet kurios kitos \u0161alies u\u017e JAV rib\u0173<\/title>\n<meta name=\"description\" content=\"Su\u017einokite, kaip kit\u0173 \u0161ali\u0173 gyventojai gali \u017eaisti d\u0117l did\u017eiuli\u0173 &quot;Powerball&quot; loterijos priz\u0173 internetu - galite b\u016bti ne JAV ir vis tiek \u017eaisti\" \/>\n<meta name=\"robots\" content=\"index, follow, max-snippet:-1, max-image-preview:large, max-video-preview:-1\" \/>\n<link rel=\"canonical\" href=\"https:\/\/jackpotlotteryonline.com\/buy-tickets\/powerball\/\" \/>\n<meta property=\"og:locale\" content=\"lt_LT\" \/>\n<meta property=\"og:type\" content=\"article\" \/>\n<meta property=\"og:title\" content=\"Pirkite &quot;Powerball&quot; bilietus internetu i\u0161 bet kurios kitos \u0161alies u\u017e JAV rib\u0173\" \/>\n<meta property=\"og:description\" content=\"Su\u017einokite, kaip kit\u0173 \u0161ali\u0173 gyventojai gali \u017eaisti d\u0117l did\u017eiuli\u0173 &quot;Powerball&quot; loterijos priz\u0173 internetu - galite b\u016bti ne JAV ir vis tiek \u017eaisti\" \/>\n<meta property=\"og:url\" content=\"https:\/\/jackpotlotteryonline.com\/buy-tickets\/powerball\/\" \/>\n<meta property=\"og:site_name\" content=\"Lotto Online - Crack The International Lottery Jackpots\" \/>\n<meta property=\"article:modified_time\" content=\"2022-12-19T16:18:19+00:00\" \/>\n<meta property=\"og:image\" content=\"http:\/\/jackpotlotteryonline.com\/wp-content\/uploads\/2022\/11\/2_ticket_powerball3-1.jpg\" \/>\n<meta name=\"twitter:card\" content=\"summary_large_image\" \/>\n<meta name=\"twitter:label1\" content=\"Est. reading time\" \/>\n\t<meta name=\"twitter:data1\" content=\"5 minut\u0117s\" \/>\n<!-- \/ Yoast SEO plugin. -->","yoast_head_json":{"title":"Pirkite \"Powerball\" bilietus internetu i\u0161 bet kurios kitos \u0161alies u\u017e JAV rib\u0173","description":"Su\u017einokite, kaip kit\u0173 \u0161ali\u0173 gyventojai gali \u017eaisti d\u0117l did\u017eiuli\u0173 \"Powerball\" loterijos priz\u0173 internetu - galite b\u016bti ne JAV ir vis tiek \u017eaisti","robots":{"index":"index","follow":"follow","max-snippet":"max-snippet:-1","max-image-preview":"max-image-preview:large","max-video-preview":"max-video-preview:-1"},"canonical":"https:\/\/jackpotlotteryonline.com\/buy-tickets\/powerball\/","og_locale":"lt_LT","og_type":"article","og_title":"Pirkite \"Powerball\" bilietus internetu i\u0161 bet kurios kitos \u0161alies u\u017e JAV rib\u0173","og_description":"Su\u017einokite, kaip kit\u0173 \u0161ali\u0173 gyventojai gali \u017eaisti d\u0117l did\u017eiuli\u0173 \"Powerball\" loterijos priz\u0173 internetu - galite b\u016bti ne JAV ir vis tiek \u017eaisti","og_url":"https:\/\/jackpotlotteryonline.com\/buy-tickets\/powerball\/","og_site_name":"Lotto Online - Crack The International Lottery Jackpots","article_modified_time":"2022-12-19T16:18:19+00:00","og_image":[{"url":"http:\/\/jackpotlotteryonline.com\/wp-content\/uploads\/2022\/11\/2_ticket_powerball3-1.jpg"}],"twitter_card":"summary_large_image","twitter_misc":{"Est. reading time":"5 minut\u0117s"},"schema":{"@context":"https:\/\/schema.org","@graph":[{"@type":"WebPage","@id":"https:\/\/jackpotlotteryonline.com\/buy-tickets\/powerball\/","url":"https:\/\/jackpotlotteryonline.com\/buy-tickets\/powerball\/","name":"Pirkite \"Powerball\" bilietus internetu i\u0161 bet kurios kitos \u0161alies u\u017e JAV rib\u0173","isPartOf":{"@id":"https:\/\/jackpotlotteryonline.com\/#website"},"primaryImageOfPage":{"@id":"https:\/\/jackpotlotteryonline.com\/buy-tickets\/powerball\/#primaryimage"},"image":{"@id":"https:\/\/jackpotlotteryonline.com\/buy-tickets\/powerball\/#primaryimage"},"thumbnailUrl":"http:\/\/jackpotlotteryonline.com\/wp-content\/uploads\/2022\/11\/2_ticket_powerball3-1.jpg","datePublished":"2022-11-07T07:15:47+00:00","dateModified":"2022-12-19T16:18:19+00:00","description":"Su\u017einokite, kaip kit\u0173 \u0161ali\u0173 gyventojai gali \u017eaisti d\u0117l did\u017eiuli\u0173 \"Powerball\" loterijos priz\u0173 internetu - galite b\u016bti ne JAV ir vis tiek \u017eaisti","breadcrumb":{"@id":"https:\/\/jackpotlotteryonline.com\/buy-tickets\/powerball\/#breadcrumb"},"inLanguage":"lt-LT","potentialAction":[{"@type":"ReadAction","target":["https:\/\/jackpotlotteryonline.com\/buy-tickets\/powerball\/"]}]},{"@type":"ImageObject","inLanguage":"lt-LT","@id":"https:\/\/jackpotlotteryonline.com\/buy-tickets\/powerball\/#primaryimage","url":"http:\/\/jackpotlotteryonline.com\/wp-content\/uploads\/2022\/11\/2_ticket_powerball3-1.jpg","contentUrl":"http:\/\/jackpotlotteryonline.com\/wp-content\/uploads\/2022\/11\/2_ticket_powerball3-1.jpg"},{"@type":"BreadcrumbList","@id":"https:\/\/jackpotlotteryonline.com\/buy-tickets\/powerball\/#breadcrumb","itemListElement":[{"@type":"ListItem","position":1,"name":"Home","item":"https:\/\/jackpotlotteryonline.com\/lt\/"},{"@type":"ListItem","position":2,"name":"Kaip nusipirkti loterijos bilietus internetu","item":"https:\/\/jackpotlotteryonline.com\/buy-tickets\/"},{"@type":"ListItem","position":3,"name":"JAV Powerball loterija"}]},{"@type":"WebSite","@id":"https:\/\/jackpotlotteryonline.com\/#website","url":"https:\/\/jackpotlotteryonline.com\/","name":"Lotto Online - Crack The International Lottery Jackpots","description":"","potentialAction":[{"@type":"SearchAction","target":{"@type":"EntryPoint","urlTemplate":"https:\/\/jackpotlotteryonline.com\/?s={search_term_string}"},"query-input":"required name=search_term_string"}],"inLanguage":"lt-LT"}]}},"_links":{"self":[{"href":"https:\/\/jackpotlotteryonline.com\/lt\/wp-json\/wp\/v2\/pages\/36419","targetHints":{"allow":["GET"]}}],"collection":[{"href":"https:\/\/jackpotlotteryonline.com\/lt\/wp-json\/wp\/v2\/pages"}],"about":[{"href":"https:\/\/jackpotlotteryonline.com\/lt\/wp-json\/wp\/v2\/types\/page"}],"author":[{"embeddable":true,"href":"https:\/\/jackpotlotteryonline.com\/lt\/wp-json\/wp\/v2\/users\/1"}],"replies":[{"embeddable":true,"href":"https:\/\/jackpotlotteryonline.com\/lt\/wp-json\/wp\/v2\/comments?post=36419"}],"version-history":[{"count":0,"href":"https:\/\/jackpotlotteryonline.com\/lt\/wp-json\/wp\/v2\/pages\/36419\/revisions"}],"up":[{"embeddable":true,"href":"https:\/\/jackpotlotteryonline.com\/lt\/wp-json\/wp\/v2\/pages\/35768"}],"wp:attachment":[{"href":"https:\/\/jackpotlotteryonline.com\/lt\/wp-json\/wp\/v2\/media?parent=36419"}],"curies":[{"name":"wp","href":"https:\/\/api.w.org\/{rel}","templated":true}]}}