{"id":36472,"date":"2022-11-07T08:38:05","date_gmt":"2022-11-07T08:38:05","guid":{"rendered":"https:\/\/jackpotlotteryonline.com\/?page_id=36472"},"modified":"2022-12-19T19:28:50","modified_gmt":"2022-12-19T19:28:50","slug":"euromillions","status":"publish","type":"page","link":"https:\/\/jackpotlotteryonline.com\/lt\/pirkti-bilietus\/euromillions\/","title":{"rendered":"Ar galiu gauti &#8220;Euromillions&#8221; biliet\u0105 ne i\u0161 Europos?"},"content":{"rendered":"<h2>Did\u017eiausia Europos loterija yra &#8220;Euromillions<\/h2>\n<p><img loading=\"lazy\" decoding=\"async\" class=\"alignright wp-image-17411 size-full\" src=\"https:\/\/jackpotlotteryonline.com\/wp-content\/uploads\/2022\/10\/euromillions.png\" alt=\"pirkti euromillions internetu\" width=\"200\" height=\"212\" \/><\/p>\n<p><a href=\"https:\/\/jackpotlotteryonline.com\/lt\/kaip-zaisti\/euromillions\">Euromillions<\/a> &#8211; tai \u012fvairiose Europos \u0161alyse si\u016bloma loterija. Ji buvo sukurta taip, kad joje b\u016bt\u0173 galima laim\u0117ti gerokai didesnius laim\u0117jimus nei t\u0173 atskir\u0173 \u0161ali\u0173 nacionalin\u0117se loterijose. Tai buvo pasiekta suk\u016brus ma\u017eesn\u0117s tikimyb\u0117s loterijos strukt\u016br\u0105, t. y. nusta\u010dius daugiau galim\u0173 skai\u010di\u0173 kombinacij\u0173. D\u0117l to, kad tokiems aukso puodams i\u0161lo\u0161ti paprastai prireikia daugiau laiko, ir d\u0117l didesnio pradinio 10 mln. eur\u0173 vert\u0117s aukso puodo nuolat laimimi daugiau kaip 100 mln. eur\u0173.<\/p>\n<h2>Kod\u0117l norint \u017eaisti reikia biliet\u0173 internetu paslaugos?<\/h2>\n<p>Na, jei gyvenate vienoje i\u0161 loterijoje dalyvaujan\u010di\u0173 Europos \u0161ali\u0173, tokios paslaugos, kaip m\u016bs\u0173, jums nereik\u0117s. Ta\u010diau jei taip n\u0117ra arba jei gyvenate ne Europoje, vienintelis b\u016bdas gauti &#8220;Euromillions&#8221; biliet\u0105 yra internetu. Jums tereikia spustel\u0117ti vir\u0161uje esan\u010di\u0105 &#8220;Euromillions&#8221; reklamin\u0119 juost\u0105 ir u\u017esisakyti bilietus, tada j\u016bs\u0173 dalyvavimas bus u\u017etikrintas. Beje, <strong>tikruosius &#8220;Euromillions&#8221; bilietus perkame per oficial\u0173<\/strong> biliet\u0173 pardav\u0117j\u0105, \u012fsik\u016brus\u012f Europoje.<\/p>\n<section class=\"layout\" style=\"border: solid 1px; width: 100%;\">\n<div class=\"img-div\" style=\"margin-top: 5px;\"><img decoding=\"async\" class=\"wp-image-17212 alignleft\" style=\"height: 45px; margin: 8px 8px 0px;\" src=\"https:\/\/jackpotlotteryonline.com\/wp-content\/uploads\/2022\/11\/read1.jpg\" alt=\"\u017eaisti \" width=\"\" height=\"\" \/><\/div>\n<div style=\"padding-left: 5px;\">\n<div style=\"font-size: 1.1em;\">\n<p><strong>Loterijos, kuriose yra did\u017eiausi \u0161ansai laim\u0117ti didel\u0119 sum\u0105<\/strong><\/p>\n<p style=\"font-size: 0.85em; margin-top: -1.5em;\">Kurioje loterijoje yra geriausi \u0161ansai laim\u0117ti? \u00a0<a href=\"https:\/\/jackpotlotteryonline.com\/lt\/kuri-loterija-turi-geriausius-sansus-laimeti\">skaityti daugiau<\/a><\/p>\n<\/div>\n<\/div>\n<\/section>\n<h2>Apie &#8220;Euromillions<\/h2>\n<p><a href=\"https:\/\/jackpotlotteryonline.com\/lt\/laimeje-skaitmenys\/euromillions\">\u0160ioje loterijoje vyksta du savaitiniai traukimai<\/a> antradien\u012f ir penktadien\u012f. Jos strukt\u016bra tokia pati kaip ir &#8220;Eurojackpot&#8221;, i\u0161skyrus tai, kad \u010dia n\u0117ra vir\u0161utin\u0117s pagrindinio prizo ribos ir reikia pasirinkti du papildomus skai\u010dius nuo 1 iki 12. Ji taip pat turi 13 priz\u0173 pakop\u0173.<\/p>\n<h2>Tarptautini\u0173 loterij\u0173 biliet\u0173 pirkimo paslauga<\/h2>\n<p><img loading=\"lazy\" decoding=\"async\" class=\"alignright size-full wp-image-33431\" src=\"https:\/\/jackpotlotteryonline.com\/wp-content\/uploads\/2022\/11\/2_ticket_euromillions-112x300-1.jpg\" alt=\"euromillions bilietas\" width=\"112\" height=\"300\" \/><\/p>\n<p>Be to, kad teikiame jums &#8220;Euromillions&#8221; ir &#8220;Eurojackpot&#8221; bilietus internetu, i\u0161 viso galime rinktis i\u0161 daugiau nei 20 loterij\u0173. Nors galb\u016bt visada nor\u0117site rinktis t\u0105, kurios prizai did\u017eiausi, verta pagalvoti ir apie kai kurias &#8220;ma\u017eesnes&#8221; loterijas. Jos gali pasi\u016blyti palankesnius \u0161ansus laim\u0117ti arba ma\u017eesnes biliet\u0173 kainas.<\/p>\n<p>Jums taip pat nereikia nerimauti d\u0117l mok\u0117jim\u0173 ir duomen\u0173 saugumo. Mok\u0117jimams apdoroti naudojame itin saugius protokolus. Priimame mok\u0117jimus kredito kortel\u0117mis, kriptovaliutomis, banko pavedimu ir daugeliu kit\u0173 galimybi\u0173.<\/p>\n","protected":false},"excerpt":{"rendered":"<p>Did\u017eiausia Europos loterija yra &#8220;Euromillions Euromillions &#8211; tai \u012fvairiose Europos \u0161alyse si\u016bloma loterija. Ji buvo sukurta taip, kad joje b\u016bt\u0173 galima laim\u0117ti gerokai didesnius laim\u0117jimus nei t\u0173 atskir\u0173 \u0161ali\u0173 nacionalin\u0117se loterijose. Tai buvo pasiekta suk\u016brus ma\u017eesn\u0117s tikimyb\u0117s loterijos strukt\u016br\u0105, t. y. nusta\u010dius daugiau galim\u0173 skai\u010di\u0173 kombinacij\u0173. D\u0117l to, kad tokiems aukso puodams i\u0161lo\u0161ti paprastai prireikia [&hellip;]<\/p>\n","protected":false},"author":1,"featured_media":0,"parent":35768,"menu_order":3,"comment_status":"closed","ping_status":"closed","template":"euromillions-info.php","meta":{"_et_pb_use_builder":"","_et_pb_old_content":"","_et_gb_content_width":"","exclude_from_search":false,"footnotes":""},"class_list":["post-36472","page","type-page","status-publish","hentry"],"yoast_head":"<!-- This site is optimized with the Yoast SEO plugin v23.3 - https:\/\/yoast.com\/wordpress\/plugins\/seo\/ -->\n<title>Gaukite &quot;Euromillions&quot; biliet\u0105 ne i\u0161 Europos<\/title>\n<meta name=\"description\" content=\"Kaip dalyvauti &quot;Euromillions&quot; internete i\u0161 ne Europos \u0161ali\u0173 - tiesiog nusipirkite biliet\u0105 m\u016bs\u0173 svetain\u0117je\" \/>\n<meta name=\"robots\" content=\"index, follow, max-snippet:-1, max-image-preview:large, max-video-preview:-1\" \/>\n<link rel=\"canonical\" href=\"https:\/\/jackpotlotteryonline.com\/buy-tickets\/euromillions\/\" \/>\n<meta property=\"og:locale\" content=\"lt_LT\" \/>\n<meta property=\"og:type\" content=\"article\" \/>\n<meta property=\"og:title\" content=\"Gaukite &quot;Euromillions&quot; biliet\u0105 ne i\u0161 Europos\" \/>\n<meta property=\"og:description\" content=\"Kaip dalyvauti &quot;Euromillions&quot; internete i\u0161 ne Europos \u0161ali\u0173 - tiesiog nusipirkite biliet\u0105 m\u016bs\u0173 svetain\u0117je\" \/>\n<meta property=\"og:url\" content=\"https:\/\/jackpotlotteryonline.com\/buy-tickets\/euromillions\/\" \/>\n<meta property=\"og:site_name\" content=\"Lotto Online - Crack The International Lottery Jackpots\" \/>\n<meta property=\"article:modified_time\" content=\"2022-12-19T19:28:50+00:00\" \/>\n<meta property=\"og:image\" content=\"https:\/\/jackpotlotteryonline.com\/wp-content\/uploads\/2022\/10\/euromillions.png\" \/>\n<meta name=\"twitter:card\" content=\"summary_large_image\" \/>\n<meta name=\"twitter:label1\" content=\"Est. reading time\" \/>\n\t<meta name=\"twitter:data1\" content=\"2 minut\u0117s\" \/>\n<!-- \/ Yoast SEO plugin. -->","yoast_head_json":{"title":"Gaukite \"Euromillions\" biliet\u0105 ne i\u0161 Europos","description":"Kaip dalyvauti \"Euromillions\" internete i\u0161 ne Europos \u0161ali\u0173 - tiesiog nusipirkite biliet\u0105 m\u016bs\u0173 svetain\u0117je","robots":{"index":"index","follow":"follow","max-snippet":"max-snippet:-1","max-image-preview":"max-image-preview:large","max-video-preview":"max-video-preview:-1"},"canonical":"https:\/\/jackpotlotteryonline.com\/buy-tickets\/euromillions\/","og_locale":"lt_LT","og_type":"article","og_title":"Gaukite \"Euromillions\" biliet\u0105 ne i\u0161 Europos","og_description":"Kaip dalyvauti \"Euromillions\" internete i\u0161 ne Europos \u0161ali\u0173 - tiesiog nusipirkite biliet\u0105 m\u016bs\u0173 svetain\u0117je","og_url":"https:\/\/jackpotlotteryonline.com\/buy-tickets\/euromillions\/","og_site_name":"Lotto Online - Crack The International Lottery Jackpots","article_modified_time":"2022-12-19T19:28:50+00:00","og_image":[{"url":"https:\/\/jackpotlotteryonline.com\/wp-content\/uploads\/2022\/10\/euromillions.png"}],"twitter_card":"summary_large_image","twitter_misc":{"Est. reading time":"2 minut\u0117s"},"schema":{"@context":"https:\/\/schema.org","@graph":[{"@type":"WebPage","@id":"https:\/\/jackpotlotteryonline.com\/buy-tickets\/euromillions\/","url":"https:\/\/jackpotlotteryonline.com\/buy-tickets\/euromillions\/","name":"Gaukite \"Euromillions\" biliet\u0105 ne i\u0161 Europos","isPartOf":{"@id":"https:\/\/jackpotlotteryonline.com\/#website"},"primaryImageOfPage":{"@id":"https:\/\/jackpotlotteryonline.com\/buy-tickets\/euromillions\/#primaryimage"},"image":{"@id":"https:\/\/jackpotlotteryonline.com\/buy-tickets\/euromillions\/#primaryimage"},"thumbnailUrl":"https:\/\/jackpotlotteryonline.com\/wp-content\/uploads\/2022\/10\/euromillions.png","datePublished":"2022-11-07T08:38:05+00:00","dateModified":"2022-12-19T19:28:50+00:00","description":"Kaip dalyvauti \"Euromillions\" internete i\u0161 ne Europos \u0161ali\u0173 - tiesiog nusipirkite biliet\u0105 m\u016bs\u0173 svetain\u0117je","breadcrumb":{"@id":"https:\/\/jackpotlotteryonline.com\/buy-tickets\/euromillions\/#breadcrumb"},"inLanguage":"lt-LT","potentialAction":[{"@type":"ReadAction","target":["https:\/\/jackpotlotteryonline.com\/buy-tickets\/euromillions\/"]}]},{"@type":"ImageObject","inLanguage":"lt-LT","@id":"https:\/\/jackpotlotteryonline.com\/buy-tickets\/euromillions\/#primaryimage","url":"https:\/\/jackpotlotteryonline.com\/wp-content\/uploads\/2022\/10\/euromillions.png","contentUrl":"https:\/\/jackpotlotteryonline.com\/wp-content\/uploads\/2022\/10\/euromillions.png"},{"@type":"BreadcrumbList","@id":"https:\/\/jackpotlotteryonline.com\/buy-tickets\/euromillions\/#breadcrumb","itemListElement":[{"@type":"ListItem","position":1,"name":"Home","item":"https:\/\/jackpotlotteryonline.com\/lt\/"},{"@type":"ListItem","position":2,"name":"Kaip nusipirkti loterijos bilietus internetu","item":"https:\/\/jackpotlotteryonline.com\/buy-tickets\/"},{"@type":"ListItem","position":3,"name":"Ar galiu gauti &#8220;Euromillions&#8221; biliet\u0105 ne i\u0161 Europos?"}]},{"@type":"WebSite","@id":"https:\/\/jackpotlotteryonline.com\/#website","url":"https:\/\/jackpotlotteryonline.com\/","name":"Lotto Online - Crack The International Lottery Jackpots","description":"","potentialAction":[{"@type":"SearchAction","target":{"@type":"EntryPoint","urlTemplate":"https:\/\/jackpotlotteryonline.com\/?s={search_term_string}"},"query-input":"required name=search_term_string"}],"inLanguage":"lt-LT"}]}},"_links":{"self":[{"href":"https:\/\/jackpotlotteryonline.com\/lt\/wp-json\/wp\/v2\/pages\/36472","targetHints":{"allow":["GET"]}}],"collection":[{"href":"https:\/\/jackpotlotteryonline.com\/lt\/wp-json\/wp\/v2\/pages"}],"about":[{"href":"https:\/\/jackpotlotteryonline.com\/lt\/wp-json\/wp\/v2\/types\/page"}],"author":[{"embeddable":true,"href":"https:\/\/jackpotlotteryonline.com\/lt\/wp-json\/wp\/v2\/users\/1"}],"replies":[{"embeddable":true,"href":"https:\/\/jackpotlotteryonline.com\/lt\/wp-json\/wp\/v2\/comments?post=36472"}],"version-history":[{"count":0,"href":"https:\/\/jackpotlotteryonline.com\/lt\/wp-json\/wp\/v2\/pages\/36472\/revisions"}],"up":[{"embeddable":true,"href":"https:\/\/jackpotlotteryonline.com\/lt\/wp-json\/wp\/v2\/pages\/35768"}],"wp:attachment":[{"href":"https:\/\/jackpotlotteryonline.com\/lt\/wp-json\/wp\/v2\/media?parent=36472"}],"curies":[{"name":"wp","href":"https:\/\/api.w.org\/{rel}","templated":true}]}}