{"id":36527,"date":"2022-11-07T10:21:52","date_gmt":"2022-11-07T10:21:52","guid":{"rendered":"https:\/\/jackpotlotteryonline.com\/?page_id=36527"},"modified":"2023-01-03T20:05:16","modified_gmt":"2023-01-03T20:05:16","slug":"eurojackpot","status":"publish","type":"page","link":"https:\/\/jackpotlotteryonline.com\/lt\/pirkti-bilietus\/eurojackpot\/","title":{"rendered":"Eurojackpot biliet\u0173 pirkimas ne i\u0161 dalyvaujan\u010di\u0173 \u0161ali\u0173"},"content":{"rendered":"<h2>Apie &#8220;Eurojackpot<\/h2>\n<p><a href=\"https:\/\/jackpotlotteryonline.com\/lt\/kaip-zaisti\/eurojackpot\">Eurojackpot<\/a> turi vien\u0105 \u012fdomi\u0105 savyb\u0119, kuri\u0105 tur\u0117tum\u0117te \u017einoti: Kiekvien\u0105 kart\u0105, kai pagrindinis prizas pasiekia 90 mln. Tai rei\u0161kia, kad visos l\u0117\u0161os, gautos u\u017e parduotus bilietus, vir\u0161ijan\u010dios 90 mln. Tuomet \u0161i antrojo lygio kaina bus gerokai didesn\u0117. Atsi\u017evelgiant \u012f tai, kad tikimyb\u0117 laim\u0117ti \u0161\u012f priz\u0105 yra 10 kart\u0173 didesn\u0117, palyginti su pagrindiniu prizu, visada gera strategija yra sutelkti d\u0117mes\u012f \u012f \u0161i\u0105 loterij\u0105, kai ji pasiekia 90 mln. eur\u0173 rib\u0105.<\/p>\n<p>Kas savait\u0119 <a href=\"https:\/\/jackpotlotteryonline.com\/lt\/laimeje-skaitmenys\/eurojackpot\">&#8220;Eurojackpot&#8221; loterijoje yra tik viena burt\u0173 traukimo diena<\/a> &#8211; penktadienis. Spauskite 5 i\u0161 50 skai\u010di\u0173 ir du papildomus skai\u010dius nuo 1 iki 10, ir b\u016bsite pakeliui laim\u0117ti priz\u0105 i\u0161 12 lygi\u0173.<\/p>\n<h2>Kaip \u012fsigyti &#8220;Eurojackpot&#8221; bilietus<\/h2>\n<p><img loading=\"lazy\" decoding=\"async\" class=\"wp-image-26077 size-medium alignright\" src=\"http:\/\/jackpotlotteryonline.com\/wp-content\/uploads\/2022\/11\/1_buy_eurojackpot_ticket-300x99.jpg\" alt=\"pirkti Eurojackpot bilietus internetu\" width=\"300\" height=\"99\" srcset=\"https:\/\/jackpotlotteryonline.com\/wp-content\/uploads\/2022\/11\/1_buy_eurojackpot_ticket-300x99.jpg 300w, https:\/\/jackpotlotteryonline.com\/wp-content\/uploads\/2022\/11\/1_buy_eurojackpot_ticket.jpg 350w\" sizes=\"auto, (max-width: 300px) 100vw, 300px\" \/><\/p>\n<p>Eurojackpot yra Europos loterija, o \u012fra\u0161ai da\u017eniausiai parduodami Eurojackpot \u0161alyse. Eurojackpot loterijoje dalyvauja 18 \u0161ali\u0173, o loterijoje gali dalyvauti visi, gyvenantys tose \u0161alyse. Eurojackpot \u0161alys yra Kroatija, Danija, Estija, Suomija, Vokietija, Islandija, Italija, Latvija, Lietuva, Nyderlandai, Norvegija, Slov\u0117nija, Suomija, Ispanija ir \u0160vedija.<\/p>\n<p>Nors &#8220;Eurojackpot&#8221; priklauso 18 \u0161ali\u0173, loterijos kvitai parduodami ir kai kuriose \u017eemyne esan\u010diose nedalyvaujan\u010diose \u0161alyse. Bet kurioje i\u0161 \u0161i\u0173 \u0161ali\u0173 \u017eaid\u0117jai gali u\u017eeiti pas bet kur\u012f loterijos pardav\u0117j\u0105 ir \u012fsigyti loterijos kvit\u0173. Tai negalioja tiems \u017eaid\u0117jams, kurie nori dalyvauti &#8220;Eurojackpot&#8221; loterijoje u\u017e Europos rib\u0173.<\/p>\n<h2>K\u0105 daryti, jei gyvenate ne Europoje<\/h2>\n<p>Jei gyvenate u\u017e \u017eemyno rib\u0173 ir norite dalyvauti &#8220;Eurojackpot&#8221; loterijoje, geriausia i\u0161eitis &#8211; apsilankyti internete. Tai galite padaryti internetu arba naudodamiesi mobiliuoju \u012frenginiu. Jums tereikia susirasti loterijos svetain\u0119, nusipirkti biliet\u0105 ir dalyvauti loterijoje. Tada laukite, kol su\u017einosite, ar laim\u0117jote. Tai paprastas procesas, ta\u010diau reikia atkreipti d\u0117mes\u012f \u012f kelet\u0105 dalyk\u0173.<\/p>\n<p>\u012era\u0161ai \u012f &#8220;Eurojackpot&#8221; parduodami keliose interneto svetain\u0117se, ta\u010diau svarbu ie\u0161koti teis\u0117to internetinio pardav\u0117jo. Internetas suteikia prieig\u0105 prie nuostabi\u0173 tarptautini\u0173 loterij\u0173, ne tik prie vieno &#8220;Eurojackpot&#8221;. Ta\u010diau turite b\u016bti tikri, kad \u012fra\u0161\u0117te \u012f &#8220;Eurojackpot&#8221;, o ne stat\u0117te prie\u0161 loterijos rezultatus. Taip, yra skirtumas.<\/p>\n<section class=\"layout\" style=\"border: solid 1px; width: 100%;\">\n<div class=\"img-div\" style=\"margin-top: 5px;\"><img decoding=\"async\" class=\"wp-image-17212 alignleft\" style=\"height: 45px; margin: 8px 8px 0px;\" src=\"http:\/\/jackpotlotteryonline.com\/wp-content\/uploads\/2022\/11\/read1.jpg\" alt=\"Skaityti\" width=\"\" height=\"\" \/><\/div>\n<div style=\"padding-left: 5px;\">\n<div style=\"font-size: 1.1em;\">\n<p><strong>Kuri tarptautin\u0117 loterija yra geriausia?<\/strong><\/p>\n<p style=\"font-size: 0.85em; margin-top: -1.5em;\">Kurios i\u0161 tarptautini\u0173 loterij\u0173 turi geriausius \u0161ansus laim\u0117ti\u00a0 <a href=\"https:\/\/jackpotlotteryonline.com\/lt\/kuri-tarptautine-loterija-yra-geriausia\">skaityti daugiau<\/a><\/p>\n<\/div>\n<\/div>\n<\/section>\n<h2>Kur \u012fsigyti &#8220;Eurojackpot&#8221; biliet\u0173<\/h2>\n<p>Kai internete ie\u0161kosite &#8220;Eurojackpot&#8221; pardav\u0117jo, neskub\u0117kite \u012fsigyti &#8220;Eurojackpot&#8221; \u012fra\u0161o, nebent \u017einote, kad tai yra konjunkt\u016brin\u0117 svetain\u0117. Tokios svetain\u0117s suteikia \u017eaid\u0117jams prieig\u0105 prie geriausi\u0173 tarptautini\u0173 loterij\u0173, toki\u0173 kaip &#8220;Eurojackpot&#8221;, pateikdamos loterijos kvitus.<\/p>\n<p>Internetu galima \u012fsigyti &#8220;Eurojackpot&#8221; kvit\u0105, ta\u010diau nepatekti \u012f loterij\u0105. Taip yra tod\u0117l, kad \u0161iose svetain\u0117se \u017eaid\u0117jai gali la\u017eintis tik d\u0117l loterijos rezultat\u0173. Svetain\u0117je jackpotlotlotteryonline.com mes u\u017etikriname, kad \u012f Eurojackpot loterij\u0105 pateksite i\u0161 bet kurios vietos.<\/p>\n<p>Kai i\u0161 m\u016bs\u0173 \u012fsigysite \u012fra\u0161\u0105, m\u016bs\u0173 turinio agentai nueis ir nupirks fizin\u012f &#8220;Eurojackpot&#8221; kvit\u0105 su atitinkamais skai\u010diais. Tokiu b\u016bdu, net jei fizi\u0161kai nesate \u0161alyje, vis tiek dalyvausite &#8220;Eurojackpot&#8221; loterijoje. Jei j\u016bs\u0173 bilietas atitiks i\u0161trauktus skai\u010dius, laim\u0117site priz\u0105. Be to, jums nereikia r\u016bpintis, kaip atsiimti &#8220;Eurojackpot&#8221; priz\u0105, nes tuo u\u017e jus pasir\u016bpinsime mes. Jums tereikia atsiimti priz\u0105 i\u0161 m\u016bs\u0173 platformos \u012f savo internetin\u0119 s\u0105skait\u0105.<\/p>\n<h2>Registracijos jackpotlotteryonline.com privalumai<\/h2>\n<p><img loading=\"lazy\" decoding=\"async\" class=\"alignright size-medium wp-image-28886\" src=\"http:\/\/jackpotlotteryonline.com\/wp-content\/uploads\/2022\/11\/1_pick_for_eurojackpot-300x100.jpg\" alt=\"eurojackpot bilietas\" width=\"300\" height=\"100\" srcset=\"https:\/\/jackpotlotteryonline.com\/wp-content\/uploads\/2022\/11\/1_pick_for_eurojackpot-300x100.jpg 300w, https:\/\/jackpotlotteryonline.com\/wp-content\/uploads\/2022\/11\/1_pick_for_eurojackpot-600x200.jpg 600w, https:\/\/jackpotlotteryonline.com\/wp-content\/uploads\/2022\/11\/1_pick_for_eurojackpot.jpg 734w\" sizes=\"auto, (max-width: 300px) 100vw, 300px\" \/><\/p>\n<p>Jackpotlotlotteryonline.com yra konsjer\u017eo svetain\u0117, tod\u0117l savo klientams suteikiame galimyb\u0119 dalyvauti loterijose i\u0161 viso pasaulio. Tikime, kad Eurojackpot tur\u0117t\u0173 b\u016bti prieinamas kiekvienam, kuris yra pilnametis ir veiksnus, tod\u0117l \u0161i\u0105 aistr\u0105 perk\u0117l\u0117me \u012f savo paslaug\u0173 teikim\u0105. Kai u\u017esiregistruosite pas mus, \u0161tai k\u0105 gausite:<\/p>\n<ul>\n<li>prieig\u0105 prie daugiau nei dviej\u0173 de\u0161im\u010di\u0173 tarptautini\u0173 loterij\u0173, \u012fskaitant &#8220;Eurojackpot&#8221;.<\/li>\n<li>skland\u0173 b\u016bd\u0105 \u017eaisti loterijoje<\/li>\n<li>Vienoje vietoje galite \u017eaisti kelias loterijas ir dalyvauti keliuose tira\u017euose<\/li>\n<li>Jums nereikia sekti vis\u0173 savo &#8220;Eurojackpot&#8221; loterijos biliet\u0173, tai u\u017e jus padarysime mes<\/li>\n<li>Taip pat sekame j\u016bs\u0173 laim\u0117jimus ir persp\u0117jame, kad nepraleistum\u0117te progos atsiimti prizo<\/li>\n<li>Lengvai i\u0161sigryninkite laim\u0117jimus i\u0161 m\u016bs\u0173 platformos \u012f savo internetin\u0119 s\u0105skait\u0105<\/li>\n<\/ul>\n<p>Daugiausia d\u0117mesio skiriame tam, kad \u017eaisdami loterijoje patirsite maloni\u0173 \u012fsp\u016bd\u017ei\u0173. Mes patobulinome savo paslaugas ir toliau tobuliname proces\u0105, kad jis b\u016bt\u0173 intuityvesnis m\u016bs\u0173 \u017eaid\u0117jams.<\/p>\n<h2>Atlikite \u0161iuos veiksmus, kad patektum\u0117te \u012f &#8220;Eurojackpot<\/h2>\n<p><strong>1 \u017eingsnis:<\/strong> apsilankykite jackpotlotlotteryonline.com ir eikite \u012f loterij\u0105, \u012f kuri\u0105 norite patekti, \u0161iuo atveju \u012f Eurojackpot. Spustel\u0117kite j\u0105.<\/p>\n<p><strong>2 veiksmas:<\/strong> pasirinkite 5 pagrindinius ir 2 papildomus skai\u010dius. Galite pasirinkti kelias \u012fvesties eilutes, kad padidintum\u0117te savo \u0161ansus laim\u0117ti Eurojackpot. Jei neturite konkretaus skai\u010diaus, naudokite &#8220;Quick Pick All&#8221;, kad pasirinkimo procesas b\u016bt\u0173 greitesnis.<\/p>\n<p><strong>3 veiksmas:<\/strong> pasirinkite norimo \u012fsigyti bilieto r\u016b\u0161\u012f. Galite \u012fsigyti vienkartin\u012f arba \u012fsigyti daugkartin\u012f, kuris leis jums dalyvauti keliuose tira\u017euose. V\u0117lgi, dalyvaudami keliuose tira\u017euose, turite daugiau galimybi\u0173 laim\u0117ti &#8220;Eurojackpot&#8221;.<\/p>\n<p><strong>4 \u017eingsnis:<\/strong> pereikite \u012f mok\u0117jimo puslap\u012f. Mok\u0117jimo puslapyje b\u016bsite papra\u0161yti u\u017esiregistruoti arba u\u017esiregistruoti. To prie\u017eastis yra trejopa:<\/p>\n<ol>\n<li>kad visada tur\u0117tum\u0117te prieig\u0105 prie &#8220;Eurojackpot&#8221; kvito, nes tik taip galite atsiimti priz\u0105.<\/li>\n<li>kad gal\u0117tume jus \u012fsp\u0117ti, jei laim\u0117tum\u0117te &#8220;Eurojackpot&#8221; arba bet kur\u012f i\u0161 kit\u0173 lygi\u0173 priz\u0173. Tai padarysime per platform\u0105 ir j\u016bs\u0173 el. pa\u0161tu<\/li>\n<li>Kad jums b\u016bt\u0173 lengviau atsiimti ir atsiimti priz\u0105<\/li>\n<\/ol>\n<p>\u0160tai ir viskas. Dalyvauti &#8220;Eurojackpot&#8221; loterijoje i\u0161 bet kurios vietos yra taip paprasta, kaip atlikti \u0161iuos tris veiksmus. Dabar galite m\u0117gautis saugiu ir nesud\u0117tingu la\u017eyb\u0173 \u017eaidimu patogiai s\u0117d\u0117dami prie kompiuterio ar mobiliojo \u012frenginio.<\/p>\n<p>Kod\u0117l gi neu\u017esiregistravus pas mus \u0161iandien ir nepirkus &#8220;Eurojackpot&#8221; biliet\u0173 ne i\u0161 Europos? \u017daisti loterijoje yra jaudinantis dalykas ir niekada ne\u017einai, kada tau pasiseks. Jei norite tur\u0117ti galimyb\u0119 tapti milijonieriumi, eikite internetu ir dalyvaukite &#8220;Eurojackpot&#8221; loterijoje jau \u0161iandien.<\/p>\n","protected":false},"excerpt":{"rendered":"<p>Apie &#8220;Eurojackpot Eurojackpot turi vien\u0105 \u012fdomi\u0105 savyb\u0119, kuri\u0105 tur\u0117tum\u0117te \u017einoti: Kiekvien\u0105 kart\u0105, kai pagrindinis prizas pasiekia 90 mln. Tai rei\u0161kia, kad visos l\u0117\u0161os, gautos u\u017e parduotus bilietus, vir\u0161ijan\u010dios 90 mln. Tuomet \u0161i antrojo lygio kaina bus gerokai didesn\u0117. Atsi\u017evelgiant \u012f tai, kad tikimyb\u0117 laim\u0117ti \u0161\u012f priz\u0105 yra 10 kart\u0173 didesn\u0117, palyginti su pagrindiniu prizu, visada [&hellip;]<\/p>\n","protected":false},"author":1,"featured_media":0,"parent":35768,"menu_order":4,"comment_status":"closed","ping_status":"closed","template":"eurojackpot-info.php","meta":{"_et_pb_use_builder":"","_et_pb_old_content":"","_et_gb_content_width":"","exclude_from_search":false,"footnotes":""},"class_list":["post-36527","page","type-page","status-publish","hentry"],"yoast_head":"<!-- This site is optimized with the Yoast SEO plugin v23.3 - https:\/\/yoast.com\/wordpress\/plugins\/seo\/ -->\n<title>Pirkite &quot;Eurojackpot&quot; bilietus u\u017e Europos rib\u0173 | Gaukite bilietus internetu<\/title>\n<meta name=\"description\" content=\"Kai kuriose Europos \u0161alyse &quot;Eurojackpot&quot; bilietus galite \u012fsigyti parduotuv\u0117je. Ta\u010diau \u010dia galite \u012fsigyti biliet\u0173 net ir u\u017e Europos rib\u0173\" \/>\n<meta name=\"robots\" content=\"index, follow, max-snippet:-1, max-image-preview:large, max-video-preview:-1\" \/>\n<link rel=\"canonical\" href=\"https:\/\/jackpotlotteryonline.com\/lt\/pirkti-bilietus\/eurojackpot\/\" \/>\n<meta property=\"og:locale\" content=\"lt_LT\" \/>\n<meta property=\"og:type\" content=\"article\" \/>\n<meta property=\"og:title\" content=\"Pirkite &quot;Eurojackpot&quot; bilietus u\u017e Europos rib\u0173 | Gaukite bilietus internetu\" \/>\n<meta property=\"og:description\" content=\"Kai kuriose Europos \u0161alyse &quot;Eurojackpot&quot; bilietus galite \u012fsigyti parduotuv\u0117je. Ta\u010diau \u010dia galite \u012fsigyti biliet\u0173 net ir u\u017e Europos rib\u0173\" \/>\n<meta property=\"og:url\" content=\"https:\/\/jackpotlotteryonline.com\/lt\/pirkti-bilietus\/eurojackpot\/\" \/>\n<meta property=\"og:site_name\" content=\"Lotto Online - Crack The International Lottery Jackpots\" \/>\n<meta property=\"article:modified_time\" content=\"2023-01-03T20:05:16+00:00\" \/>\n<meta property=\"og:image\" content=\"http:\/\/jackpotlotteryonline.com\/wp-content\/uploads\/2022\/11\/1_buy_eurojackpot_ticket-300x99.jpg\" \/>\n<meta name=\"twitter:card\" content=\"summary_large_image\" \/>\n<meta name=\"twitter:label1\" content=\"Est. reading time\" \/>\n\t<meta name=\"twitter:data1\" content=\"5 minut\u0117s\" \/>\n<!-- \/ Yoast SEO plugin. -->","yoast_head_json":{"title":"Pirkite \"Eurojackpot\" bilietus u\u017e Europos rib\u0173 | Gaukite bilietus internetu","description":"Kai kuriose Europos \u0161alyse \"Eurojackpot\" bilietus galite \u012fsigyti parduotuv\u0117je. Ta\u010diau \u010dia galite \u012fsigyti biliet\u0173 net ir u\u017e Europos rib\u0173","robots":{"index":"index","follow":"follow","max-snippet":"max-snippet:-1","max-image-preview":"max-image-preview:large","max-video-preview":"max-video-preview:-1"},"canonical":"https:\/\/jackpotlotteryonline.com\/lt\/pirkti-bilietus\/eurojackpot\/","og_locale":"lt_LT","og_type":"article","og_title":"Pirkite \"Eurojackpot\" bilietus u\u017e Europos rib\u0173 | Gaukite bilietus internetu","og_description":"Kai kuriose Europos \u0161alyse \"Eurojackpot\" bilietus galite \u012fsigyti parduotuv\u0117je. Ta\u010diau \u010dia galite \u012fsigyti biliet\u0173 net ir u\u017e Europos rib\u0173","og_url":"https:\/\/jackpotlotteryonline.com\/lt\/pirkti-bilietus\/eurojackpot\/","og_site_name":"Lotto Online - Crack The International Lottery Jackpots","article_modified_time":"2023-01-03T20:05:16+00:00","og_image":[{"url":"http:\/\/jackpotlotteryonline.com\/wp-content\/uploads\/2022\/11\/1_buy_eurojackpot_ticket-300x99.jpg"}],"twitter_card":"summary_large_image","twitter_misc":{"Est. reading time":"5 minut\u0117s"},"schema":{"@context":"https:\/\/schema.org","@graph":[{"@type":"WebPage","@id":"https:\/\/jackpotlotteryonline.com\/lt\/pirkti-bilietus\/eurojackpot\/","url":"https:\/\/jackpotlotteryonline.com\/lt\/pirkti-bilietus\/eurojackpot\/","name":"Pirkite \"Eurojackpot\" bilietus u\u017e Europos rib\u0173 | Gaukite bilietus internetu","isPartOf":{"@id":"https:\/\/jackpotlotteryonline.com\/#website"},"primaryImageOfPage":{"@id":"https:\/\/jackpotlotteryonline.com\/lt\/pirkti-bilietus\/eurojackpot\/#primaryimage"},"image":{"@id":"https:\/\/jackpotlotteryonline.com\/lt\/pirkti-bilietus\/eurojackpot\/#primaryimage"},"thumbnailUrl":"http:\/\/jackpotlotteryonline.com\/wp-content\/uploads\/2022\/11\/1_buy_eurojackpot_ticket-300x99.jpg","datePublished":"2022-11-07T10:21:52+00:00","dateModified":"2023-01-03T20:05:16+00:00","description":"Kai kuriose Europos \u0161alyse \"Eurojackpot\" bilietus galite \u012fsigyti parduotuv\u0117je. Ta\u010diau \u010dia galite \u012fsigyti biliet\u0173 net ir u\u017e Europos rib\u0173","breadcrumb":{"@id":"https:\/\/jackpotlotteryonline.com\/lt\/pirkti-bilietus\/eurojackpot\/#breadcrumb"},"inLanguage":"lt-LT","potentialAction":[{"@type":"ReadAction","target":["https:\/\/jackpotlotteryonline.com\/lt\/pirkti-bilietus\/eurojackpot\/"]}]},{"@type":"ImageObject","inLanguage":"lt-LT","@id":"https:\/\/jackpotlotteryonline.com\/lt\/pirkti-bilietus\/eurojackpot\/#primaryimage","url":"http:\/\/jackpotlotteryonline.com\/wp-content\/uploads\/2022\/11\/1_buy_eurojackpot_ticket-300x99.jpg","contentUrl":"http:\/\/jackpotlotteryonline.com\/wp-content\/uploads\/2022\/11\/1_buy_eurojackpot_ticket-300x99.jpg"},{"@type":"BreadcrumbList","@id":"https:\/\/jackpotlotteryonline.com\/lt\/pirkti-bilietus\/eurojackpot\/#breadcrumb","itemListElement":[{"@type":"ListItem","position":1,"name":"Home","item":"https:\/\/jackpotlotteryonline.com\/lt\/"},{"@type":"ListItem","position":2,"name":"Kaip nusipirkti loterijos bilietus internetu","item":"https:\/\/jackpotlotteryonline.com\/buy-tickets\/"},{"@type":"ListItem","position":3,"name":"Eurojackpot biliet\u0173 pirkimas ne i\u0161 dalyvaujan\u010di\u0173 \u0161ali\u0173"}]},{"@type":"WebSite","@id":"https:\/\/jackpotlotteryonline.com\/#website","url":"https:\/\/jackpotlotteryonline.com\/","name":"Lotto Online - Crack The International Lottery Jackpots","description":"","potentialAction":[{"@type":"SearchAction","target":{"@type":"EntryPoint","urlTemplate":"https:\/\/jackpotlotteryonline.com\/?s={search_term_string}"},"query-input":"required name=search_term_string"}],"inLanguage":"lt-LT"}]}},"_links":{"self":[{"href":"https:\/\/jackpotlotteryonline.com\/lt\/wp-json\/wp\/v2\/pages\/36527","targetHints":{"allow":["GET"]}}],"collection":[{"href":"https:\/\/jackpotlotteryonline.com\/lt\/wp-json\/wp\/v2\/pages"}],"about":[{"href":"https:\/\/jackpotlotteryonline.com\/lt\/wp-json\/wp\/v2\/types\/page"}],"author":[{"embeddable":true,"href":"https:\/\/jackpotlotteryonline.com\/lt\/wp-json\/wp\/v2\/users\/1"}],"replies":[{"embeddable":true,"href":"https:\/\/jackpotlotteryonline.com\/lt\/wp-json\/wp\/v2\/comments?post=36527"}],"version-history":[{"count":0,"href":"https:\/\/jackpotlotteryonline.com\/lt\/wp-json\/wp\/v2\/pages\/36527\/revisions"}],"up":[{"embeddable":true,"href":"https:\/\/jackpotlotteryonline.com\/lt\/wp-json\/wp\/v2\/pages\/35768"}],"wp:attachment":[{"href":"https:\/\/jackpotlotteryonline.com\/lt\/wp-json\/wp\/v2\/media?parent=36527"}],"curies":[{"name":"wp","href":"https:\/\/api.w.org\/{rel}","templated":true}]}}