{"id":36579,"date":"2022-11-07T14:10:51","date_gmt":"2022-11-07T14:10:51","guid":{"rendered":"https:\/\/jackpotlotteryonline.com\/?page_id=36579"},"modified":"2023-01-03T20:28:23","modified_gmt":"2023-01-03T20:28:23","slug":"superenalotto","status":"publish","type":"page","link":"https:\/\/jackpotlotteryonline.com\/lt\/pirkti-bilietus\/superenalotto\/","title":{"rendered":"Pirkti Superenalotto bilietus"},"content":{"rendered":"<h2>Kod\u0117l Superenalotto?<\/h2>\n<p>Ar dom\u0117jot\u0117s, kaip galite \u012fsigyti Superenalotto bilietus ne i\u0161 Italijos? Superenalotto yra viena i\u0161 populiariausi\u0173 loterij\u0173 Europos \u017eemyne. Nenuostabu, kad \u017eaid\u0117jai visame pasaulyje reguliariai atlieka statymus \u0161ioje loterijoje.<\/p>\n<p>Jackpotlotlotteryonline.com suteikiame \u017eaid\u0117jams prieig\u0105 prie geriausi\u0173 tarptautini\u0173 loterij\u0173, toki\u0173 kaip Superenalotto. Suteikiame jums galimyb\u0119 \u012fsigyti bilietus, patikrinti burt\u0173 rezultatus ir pasiekti savo laim\u0117jimus.<\/p>\n<p>Kod\u0117l plintant pasaulin\u0117ms loterijoms \u017eaid\u0117jas tur\u0117t\u0173 rinktis statyti u\u017e Superenalotto? Panagrin\u0117sime kelet\u0105 prie\u017eas\u010di\u0173, d\u0117l kuri\u0173 Superenalotto spar\u010diai populiar\u0117ja tarp lo\u0161\u0117j\u0173. Jei skubate atlikti statym\u0105, galite apsilankyti pas mus jau dabar, kad tur\u0117tum\u0117te galimyb\u0119 laim\u0117ti didel\u012f laim\u0117jim\u0105 Superenalotto loterijoje.<\/p>\n<h2>Superenalotto turi nuostabius prizus<\/h2>\n<p>Pagrindin\u0117 prie\u017eastis, kod\u0117l \u017eaid\u0117jai m\u0117gsta Italijos &#8220;Superenalotto&#8221;, tikriausiai yra nuostabus pagrindinio prizo laim\u0117jimas. \u012edomu tai, kad pagrindinis prizas prasideda nuo ma\u017eiausios 2 milijon\u0173 eur\u0173 sumos. Tai neatrodo \u012fsp\u016bdingas skai\u010dius, kai pagalvojate, kad daugyb\u0117 loterij\u0173 si\u016blo toki\u0105 sum\u0105.<\/p>\n<p>Ta\u010diau patrauklu tai, kad &#8220;Superenalotto&#8221; pagrindiniam prizui nenustatyta vir\u0161utin\u0117 riba. Jei po burt\u0173 traukimo laim\u0117tojo n\u0117ra, jis persikelia ir t\u0119siasi po kiekvieno burt\u0173 traukimo, kol paai\u0161k\u0117ja laim\u0117tojas. Kad tai dar labiau i\u0161ry\u0161k\u0117t\u0173, &#8220;Superenalotto&#8221; loterijoje per savait\u0119 rengiami <a href=\"https:\/\/jackpotlotteryonline.com\/lt\/laimeje-skaitmenys\/superenalotto\">trys tira\u017eai<\/a>. Beveik n\u0117ra joki\u0173 apribojim\u0173, kiek kart\u0173 gali b\u016bti perskeltas pagrindinis prizas.<\/p>\n<p>Ties\u0105 sakant, prie\u0161 kelerius metus pagrindinis prizas persivert\u0117 tiek kart\u0173, kad 2019 m. buvo pasiektas rekordinis prizas &#8211; 209,1 mln. eur\u0173.<\/p>\n<h2>Ar min\u0117jome tris tira\u017eus per savait\u0119?<\/h2>\n<p><img loading=\"lazy\" decoding=\"async\" class=\"alignright size-full wp-image-31316\" src=\"http:\/\/jackpotlotteryonline.com\/wp-content\/uploads\/2022\/11\/logo_superenalotto.png\" alt=\"Superenalotto loterijos kamuoliukas\" width=\"200\" height=\"212\" \/><\/p>\n<p>Kai \u017eaid\u017eiate Superenalotto, kiekvien\u0105 savait\u0119 turite tris galimybes laim\u0117ti didel\u0119 sum\u0105. Taip yra tod\u0117l, kad &#8220;Superenalotto&#8221; loterija savo tira\u017eus rengia tris kartus per savait\u0119 &#8211; antradieniais, ketvirtadieniais ir \u0161e\u0161tadieniais.<\/p>\n<p>Tai rei\u0161kia, kad jei n\u0117ra laim\u0117tojo, pagrindinio prizo suma auga grei\u010diau. Superenalotto pagrindinis prizas gal\u0117jo patrigub\u0117ti vos per vien\u0105 trump\u0105 savait\u0119. To pakanka, kad lo\u0161\u0117jai suskubt\u0173 atlikti statymus.<\/p>\n<p>Nenorite pralaim\u0117ti kito lo\u0161imo metu? Kod\u0117l gi nepereiti \u012f jackpotlotteryonline.com ir nepadaryti statymo u\u017e Superenalotto dabar? Niekada negali \u017einoti, kada s\u0117km\u0117 bus jums palanki.<\/p>\n<h2>5 geriausi Superenalotto laim\u0117tojai<\/h2>\n<p>Vis dar nesate tikri, ar norite atlikti statym\u0105 Superenalotto loterijoje? Ne b\u0117da. Jus paskatins perskaityti, kokias \u012fsp\u016bdingas sumas laim\u0117jo ankstesni laim\u0117tojai.<\/p>\n<p>Did\u017eiausi\u0105 aukso puod\u0105 2019 m. laim\u0117jo loterijos sindikatas, o jo suma siek\u0117 209,1 mln. eur\u0173. Apie tai jau trumpai u\u017esimin\u0117me, ta\u010diau yra dar kai kas, ko nepamin\u0117jome. T\u0105 aukso puod\u0105 laim\u0117jo vienas bilieto tur\u0117tojas. Ar galite \u012fsivaizduoti, kad namo gr\u012f\u017etum\u0117te su daugiau nei dviem \u0161imtais milijon\u0173 eur\u0173?<\/p>\n<p>Antr\u0105 pagal dyd\u012f aukso puod\u0105 2010 m. laim\u0117jo loterijos sindikatas, o jo suma siek\u0117 177,7 mln. eur\u0173. Po to seka 163,5 mln. eur\u0173 vert\u0117s aukso puodas, kur\u012f 2016 m. laim\u0117jo vienas bilietas. Kit\u0105 did\u017eiausi\u0105 aukso puod\u0105 2009 m. laim\u0117jo kitas vieno bilieto savininkas, o jo suma siek\u0117 147,8 mln. eur\u0173. Galiausiai 2010 m. du bilietai pasidalijo 139 mln. eur\u0173 vert\u0117s pagrindin\u012f priz\u0105.<\/p>\n<h2>Kaip \u017eaisti Superenalotto<\/h2>\n<p><a href=\"https:\/\/jackpotlotteryonline.com\/lt\/kaip-zaisti\/superenalotto\">Nor\u0117dami \u017eaisti Superenalotto<\/a>, pasirinkite \u0161e\u0161is pagrindinius skai\u010dius nuo 1 iki 90. Galite pasirinkti kelias skai\u010di\u0173 eilutes, kad padidintum\u0117te savo galimybes laim\u0117ti loterijoje. Tada pasirinkite norim\u0173 lo\u0161im\u0173 skai\u010di\u0173. Jei norite, galite nuspr\u0119sti dalyvauti kiekviename tira\u017ee kiekvien\u0105 savait\u0119 per ateinan\u010dias 5 savaites. Kuo daugiau tira\u017e\u0173 dalyvausite, tuo didesn\u0117 tikimyb\u0117 laim\u0117ti priz\u0105.<\/p>\n<p>Be to, yra vadinamoji &#8220;Super\u017evaig\u017ed\u0117&#8221; &#8211; tai parinktis, padedanti padidinti j\u016bs\u0173 \u0161ansus laim\u0117ti. Taip pat galite nusipirkti &#8220;Linksm\u0105j\u012f skai\u010di\u0173&#8221;, kuris renkamas nuo 1 iki 90. &#8220;Jolly number&#8221; neturi \u012ftakos pagrindiniam prizui, ta\u010diau jis naudojamas sprend\u017eiant d\u0117l antrosios priz\u0173 kategorijos laim\u0117tojo.<\/p>\n<p>I\u0161sirink\u0119 numerius, sumok\u0117kite u\u017e biliet\u0105 ir laukite burt\u0173 traukimo. Kai u\u017esiregistruosite pas mus, proces\u0105 automatizuosime, kad jis vykt\u0173 skland\u017eiau. Mes pa\u0161aliname stres\u0105, kad gal\u0117tum\u0117te m\u0117gautis linksmyb\u0117mis be joki\u0173 r\u016bpes\u010di\u0173.<\/p>\n<section class=\"layout\" style=\"border: solid 1px; width: 100%;\">\n<div class=\"img-div\" style=\"margin-top: 5px;\"><img decoding=\"async\" class=\"wp-image-17212 alignleft\" style=\"height: 45px; margin: 8px 8px 0px;\" src=\"http:\/\/jackpotlotteryonline.com\/wp-content\/uploads\/2022\/11\/read1.jpg\" alt=\"skaityti\" width=\"\" height=\"\" \/><\/div>\n<div style=\"padding-left: 5px;\">\n<div style=\"font-size: 1.1em;\">\n<p><strong>Rinkit\u0117s laimin\u010dius loterijos numerius rankiniu b\u016bdu arba naudodami RNG<\/strong><\/p>\n<p style=\"font-size: 0.85em; margin-top: -1.5em;\">Kaip sugeneruoti laimin\u010dius loterijos numerius? \u00a0<a href=\"https:\/\/jackpotlotteryonline.com\/lt\/kaip-generuoti-laimincius-lotto-numerius\">skaityti daugiau<\/a><\/p>\n<\/div>\n<\/div>\n<\/section>\n<h2>Kokia tikimyb\u0117 laim\u0117ti Superenalotto?<\/h2>\n<p>Apskritai loterijoje n\u0117ra \u017einoma, kad \u017eaid\u0117jai turi didelius \u0161ansus. Tiesa ta, kad tikimyb\u0117 laim\u0117ti n\u0117ra labai didel\u0117. \u012edomu tai, kad d\u0117l to \u017eaisti loterij\u0105 yra daug \u012fdomiau. Nes laim\u0117jimas, kai atrodo, kad \u0161ansai yra ne j\u016bs\u0173 naudai, suteikia \u017eaid\u0117jams didel\u012f azart\u0105. Be to, tai puikus b\u016bdas su\u017einoti, kad s\u0117km\u0117 yra j\u016bs\u0173 pus\u0117je.<\/p>\n<p>Tikimyb\u0117 laim\u0117ti &#8220;Superenalotto&#8221; aukso puod\u0105 yra 1 i\u0161 622 614 630. Ta\u010diau yra 6 priz\u0173 kategorijos ir 25 \u20ac momentinio laim\u0117jimo kategorija. \u012evertinus \u0161ias galimybes, tikimyb\u0117 laim\u0117ti bet kur\u012f priz\u0105 yra 1 i\u0161 16.<\/p>\n<p>Bet kuris lo\u0161\u0117jas sutiks, kad tai ne\u012ftik\u0117tini ir \u017eaid\u0117jui palank\u016bs \u0161ansai.<\/p>\n<h2>Superenalotto priz\u0173 kategorijos<\/h2>\n<p><img loading=\"lazy\" decoding=\"async\" class=\"size-medium wp-image-35376 alignright\" src=\"http:\/\/jackpotlotteryonline.com\/wp-content\/uploads\/2022\/11\/2_ticket_superenalotto4-1-211x300.jpg\" alt=\"Superenalotto prizo bilietas\" width=\"211\" height=\"300\" srcset=\"https:\/\/jackpotlotteryonline.com\/wp-content\/uploads\/2022\/11\/2_ticket_superenalotto4-1-211x300.jpg 211w, https:\/\/jackpotlotteryonline.com\/wp-content\/uploads\/2022\/11\/2_ticket_superenalotto4-1.jpg 300w\" sizes=\"auto, (max-width: 211px) 100vw, 211px\" \/><\/p>\n<p>Traukiant burtus i\u0161 b\u016bgno, kuriame yra kamuoliukai su skai\u010diais nuo 1 iki 90, atsitiktinai i\u0161renkami \u0161e\u0161i skai\u010diai. Bet kuris bilietas, atitinkantis i\u0161trauktus skai\u010dius, laimi pagrindin\u012f priz\u0105.<\/p>\n<p>Superenalotto pagrindinio prizo dydis prasideda nuo 2 mln. eur\u0173, ta\u010diau paprastai jis b\u016bna gerokai didesnis, nes yra i\u0161 naujo i\u0161lo\u0161iamas. Kitos priz\u0173 kategorijos nustatomos pagal turim\u0173 l\u0117\u0161\u0173 procentin\u0119 dal\u012f. Taigi, ne\u012fmanoma nustatyti, kokia suma b\u016bt\u0173 i\u0161dalijama kiekvieno burt\u0173 traukimo metu.<\/p>\n<p>6 skai\u010diai &#8211; pagrindinis prizas (17,4 % vis\u0173 l\u0117\u0161\u0173)<br \/>\n5 + linksmasis skai\u010dius &#8211; 13 proc.<br \/>\n5 numeriai &#8211; 4,2 %<br \/>\n4 skai\u010diai &#8211; 4,2 %<br \/>\n3 skai\u010diai &#8211; 12,8<br \/>\n2 skai\u010diai &#8211; 40%<\/p>\n<p><strong>Kad geriau \u012fsivaizduotum\u0117te, pateikiame vidutin\u0119 vieno tira\u017eo sum\u0105.<\/strong><\/p>\n<p>6 skai\u010diai &#8211; 92 056 091,66 EUR<br \/>\n5 + &#8220;Jolly&#8221; skai\u010dius &#8211; 594 951,95 EUR<br \/>\n5 skai\u010diai &#8211; 49 736,38 EUR<br \/>\n4 skai\u010diai &#8211; 354,83 \u20ac<br \/>\n3 skai\u010diai &#8211; 27,15 EUR<br \/>\n2 skai\u010diai &#8211; 5,48 euro<\/p>\n<h2>\u017daisti Superenalotto internete<\/h2>\n<p>Superenalotto yra itali\u0161ka loterija, o \u012fra\u0161ai parduodami tik Italijoje. Taigi, jei gyvenate ne Italijoje, vienintelis b\u016bdas dalyvauti Superenalotto loterijoje &#8211; \u012fsigyti \u012fra\u0161\u0105 internetu. Tai galite padaryti i\u0161 internetinio loterijos pardav\u0117jo, pavyzd\u017eiui, jackpotlotlotteryonline.com.<\/p>\n<h2>Superenalotto \u012fra\u0161\u0173 pirkimo internetu privalumai<\/h2>\n<ul>\n<li>Greitai ir i\u0161 karto gaunate prieig\u0105 prie loterijos<\/li>\n<li>Tai labai patogu, nes jums nereikia i\u0161eiti i\u0161 nam\u0173<\/li>\n<li>Taip pat saugiau, nes j\u016bs\u0173 bilietas saugomas skaitmeniniu b\u016bdu. Tai svarbu, nes tai vienintelis b\u016bdas atsiimti laim\u0117jim\u0105.<\/li>\n<li>Nereikia praleisti savo laim\u0117jimo, nes mes i\u0161 karto jus \u012fsp\u0117sime, jei laim\u0117site kok\u012f nors priz\u0105<\/li>\n<li>Galite lengvai atsiimti bet kok\u012f laim\u0117jim\u0105 internetu niekur nevykstant<\/li>\n<\/ul>\n<h2>U\u017esiregistruokite pas mus ir \u017eaiskite Superenalotto<\/h2>\n<p>Jei gyvenate ne Italijoje ir norite \u012fsigyti prieig\u0105 prie loterijos &#8220;Superenalotto&#8221;, galite tai padaryti u\u017esiregistrav\u0119 pas mus. Teikiame konsjer\u017eo paslaug\u0105, kuri suteikia jums tiesiogin\u0119 prieig\u0105 prie geriausi\u0173 tarptautini\u0173 loterij\u0173, \u012fskaitant &#8220;Superenalotto&#8221;.<\/p>\n<p>M\u016bs\u0173 tikslas &#8211; paversti loterijos patirt\u012f malonia m\u016bs\u0173 klientams. Mes pa\u0161aliname stres\u0105 d\u0117l paprast\u0173 dalyk\u0173, palikdami jums galimyb\u0119 m\u0117gautis statym\u0173 atlikimu. Pirkite loterijos bilietus su mumis dabar, kad tur\u0117tum\u0117te galimyb\u0119 laim\u0117ti daug Superenalotto.<\/p>\n","protected":false},"excerpt":{"rendered":"<p>Kod\u0117l Superenalotto? Ar dom\u0117jot\u0117s, kaip galite \u012fsigyti Superenalotto bilietus ne i\u0161 Italijos? Superenalotto yra viena i\u0161 populiariausi\u0173 loterij\u0173 Europos \u017eemyne. Nenuostabu, kad \u017eaid\u0117jai visame pasaulyje reguliariai atlieka statymus \u0161ioje loterijoje. Jackpotlotlotteryonline.com suteikiame \u017eaid\u0117jams prieig\u0105 prie geriausi\u0173 tarptautini\u0173 loterij\u0173, toki\u0173 kaip Superenalotto. Suteikiame jums galimyb\u0119 \u012fsigyti bilietus, patikrinti burt\u0173 rezultatus ir pasiekti savo laim\u0117jimus. Kod\u0117l plintant [&hellip;]<\/p>\n","protected":false},"author":1,"featured_media":0,"parent":35768,"menu_order":5,"comment_status":"closed","ping_status":"closed","template":"superenalotto.php","meta":{"_et_pb_use_builder":"","_et_pb_old_content":"","_et_gb_content_width":"","exclude_from_search":false,"footnotes":""},"class_list":["post-36579","page","type-page","status-publish","hentry"],"yoast_head":"<!-- This site is optimized with the Yoast SEO plugin v23.3 - https:\/\/yoast.com\/wordpress\/plugins\/seo\/ -->\n<title>Pirkti Superenalotto bilietus i\u0161 u\u017e Italijos rib\u0173 | Gaukite bilietus internetu<\/title>\n<meta name=\"description\" content=\"Negyvenate Italijoje, bet norite dalyvauti Superenalotto? \u012esigykite &quot;Superenalotto&quot; biliet\u0105 internetu per mus\" \/>\n<meta name=\"robots\" content=\"index, follow, max-snippet:-1, max-image-preview:large, max-video-preview:-1\" \/>\n<link rel=\"canonical\" href=\"https:\/\/jackpotlotteryonline.com\/buy-tickets\/superenalotto\/\" \/>\n<meta property=\"og:locale\" content=\"lt_LT\" \/>\n<meta property=\"og:type\" content=\"article\" \/>\n<meta property=\"og:title\" content=\"Pirkti Superenalotto bilietus i\u0161 u\u017e Italijos rib\u0173 | Gaukite bilietus internetu\" \/>\n<meta property=\"og:description\" content=\"Negyvenate Italijoje, bet norite dalyvauti Superenalotto? \u012esigykite &quot;Superenalotto&quot; biliet\u0105 internetu per mus\" \/>\n<meta property=\"og:url\" content=\"https:\/\/jackpotlotteryonline.com\/buy-tickets\/superenalotto\/\" \/>\n<meta property=\"og:site_name\" content=\"Lotto Online - Crack The International Lottery Jackpots\" \/>\n<meta property=\"article:modified_time\" content=\"2023-01-03T20:28:23+00:00\" \/>\n<meta property=\"og:image\" content=\"http:\/\/jackpotlotteryonline.com\/wp-content\/uploads\/2022\/11\/logo_superenalotto.png\" \/>\n<meta name=\"twitter:card\" content=\"summary_large_image\" \/>\n<meta name=\"twitter:label1\" content=\"Est. reading time\" \/>\n\t<meta name=\"twitter:data1\" content=\"5 minut\u0117s\" \/>\n<!-- \/ Yoast SEO plugin. -->","yoast_head_json":{"title":"Pirkti Superenalotto bilietus i\u0161 u\u017e Italijos rib\u0173 | Gaukite bilietus internetu","description":"Negyvenate Italijoje, bet norite dalyvauti Superenalotto? \u012esigykite \"Superenalotto\" biliet\u0105 internetu per mus","robots":{"index":"index","follow":"follow","max-snippet":"max-snippet:-1","max-image-preview":"max-image-preview:large","max-video-preview":"max-video-preview:-1"},"canonical":"https:\/\/jackpotlotteryonline.com\/buy-tickets\/superenalotto\/","og_locale":"lt_LT","og_type":"article","og_title":"Pirkti Superenalotto bilietus i\u0161 u\u017e Italijos rib\u0173 | Gaukite bilietus internetu","og_description":"Negyvenate Italijoje, bet norite dalyvauti Superenalotto? \u012esigykite \"Superenalotto\" biliet\u0105 internetu per mus","og_url":"https:\/\/jackpotlotteryonline.com\/buy-tickets\/superenalotto\/","og_site_name":"Lotto Online - Crack The International Lottery Jackpots","article_modified_time":"2023-01-03T20:28:23+00:00","og_image":[{"url":"http:\/\/jackpotlotteryonline.com\/wp-content\/uploads\/2022\/11\/logo_superenalotto.png"}],"twitter_card":"summary_large_image","twitter_misc":{"Est. reading time":"5 minut\u0117s"},"schema":{"@context":"https:\/\/schema.org","@graph":[{"@type":"WebPage","@id":"https:\/\/jackpotlotteryonline.com\/buy-tickets\/superenalotto\/","url":"https:\/\/jackpotlotteryonline.com\/buy-tickets\/superenalotto\/","name":"Pirkti Superenalotto bilietus i\u0161 u\u017e Italijos rib\u0173 | Gaukite bilietus internetu","isPartOf":{"@id":"https:\/\/jackpotlotteryonline.com\/#website"},"primaryImageOfPage":{"@id":"https:\/\/jackpotlotteryonline.com\/buy-tickets\/superenalotto\/#primaryimage"},"image":{"@id":"https:\/\/jackpotlotteryonline.com\/buy-tickets\/superenalotto\/#primaryimage"},"thumbnailUrl":"http:\/\/jackpotlotteryonline.com\/wp-content\/uploads\/2022\/11\/logo_superenalotto.png","datePublished":"2022-11-07T14:10:51+00:00","dateModified":"2023-01-03T20:28:23+00:00","description":"Negyvenate Italijoje, bet norite dalyvauti Superenalotto? \u012esigykite \"Superenalotto\" biliet\u0105 internetu per mus","breadcrumb":{"@id":"https:\/\/jackpotlotteryonline.com\/buy-tickets\/superenalotto\/#breadcrumb"},"inLanguage":"lt-LT","potentialAction":[{"@type":"ReadAction","target":["https:\/\/jackpotlotteryonline.com\/buy-tickets\/superenalotto\/"]}]},{"@type":"ImageObject","inLanguage":"lt-LT","@id":"https:\/\/jackpotlotteryonline.com\/buy-tickets\/superenalotto\/#primaryimage","url":"http:\/\/jackpotlotteryonline.com\/wp-content\/uploads\/2022\/11\/logo_superenalotto.png","contentUrl":"http:\/\/jackpotlotteryonline.com\/wp-content\/uploads\/2022\/11\/logo_superenalotto.png"},{"@type":"BreadcrumbList","@id":"https:\/\/jackpotlotteryonline.com\/buy-tickets\/superenalotto\/#breadcrumb","itemListElement":[{"@type":"ListItem","position":1,"name":"Home","item":"https:\/\/jackpotlotteryonline.com\/lt\/"},{"@type":"ListItem","position":2,"name":"Kaip nusipirkti loterijos bilietus internetu","item":"https:\/\/jackpotlotteryonline.com\/buy-tickets\/"},{"@type":"ListItem","position":3,"name":"Pirkti Superenalotto bilietus"}]},{"@type":"WebSite","@id":"https:\/\/jackpotlotteryonline.com\/#website","url":"https:\/\/jackpotlotteryonline.com\/","name":"Lotto Online - Crack The International Lottery Jackpots","description":"","potentialAction":[{"@type":"SearchAction","target":{"@type":"EntryPoint","urlTemplate":"https:\/\/jackpotlotteryonline.com\/?s={search_term_string}"},"query-input":"required name=search_term_string"}],"inLanguage":"lt-LT"}]}},"_links":{"self":[{"href":"https:\/\/jackpotlotteryonline.com\/lt\/wp-json\/wp\/v2\/pages\/36579","targetHints":{"allow":["GET"]}}],"collection":[{"href":"https:\/\/jackpotlotteryonline.com\/lt\/wp-json\/wp\/v2\/pages"}],"about":[{"href":"https:\/\/jackpotlotteryonline.com\/lt\/wp-json\/wp\/v2\/types\/page"}],"author":[{"embeddable":true,"href":"https:\/\/jackpotlotteryonline.com\/lt\/wp-json\/wp\/v2\/users\/1"}],"replies":[{"embeddable":true,"href":"https:\/\/jackpotlotteryonline.com\/lt\/wp-json\/wp\/v2\/comments?post=36579"}],"version-history":[{"count":0,"href":"https:\/\/jackpotlotteryonline.com\/lt\/wp-json\/wp\/v2\/pages\/36579\/revisions"}],"up":[{"embeddable":true,"href":"https:\/\/jackpotlotteryonline.com\/lt\/wp-json\/wp\/v2\/pages\/35768"}],"wp:attachment":[{"href":"https:\/\/jackpotlotteryonline.com\/lt\/wp-json\/wp\/v2\/media?parent=36579"}],"curies":[{"name":"wp","href":"https:\/\/api.w.org\/{rel}","templated":true}]}}