{"id":36633,"date":"2022-11-08T08:15:49","date_gmt":"2022-11-08T08:15:49","guid":{"rendered":"https:\/\/jackpotlotteryonline.com\/?page_id=36633"},"modified":"2023-01-03T20:45:03","modified_gmt":"2023-01-03T20:45:03","slug":"el-gordo","status":"publish","type":"page","link":"https:\/\/jackpotlotteryonline.com\/lt\/pirkti-bilietus\/el-gordo\/","title":{"rendered":"Pirkti El Gordo bilietus"},"content":{"rendered":"<h2>Nuostabi Ispanijos loterija<\/h2>\n<p>El Gordo jau u\u017e kampo, o ne visiems pasiseka gyventi Ispanijoje ar keliauti \u012f j\u0105. Vis d\u0117lto visur lo\u0161\u0117jus jaudina mintis, kad gal\u0117s dalyvauti \u0161i\u0105 loterij\u0105 lydin\u010diose linksmyb\u0117se ir \u0161vent\u0117se. \u0160ioje loterijoje gali dalyvauti ir u\u017e \u0161alies rib\u0173 gyvenantys \u017eaid\u0117jai, o mes jums parodysime, kaip tai padaryti.<\/p>\n<p>Jei dar tik pradedate<a href=\"https:\/\/jackpotlotteryonline.com\/lt\/kaip-zaisti\/el-gordo\"> \u017eaisti loterijoje<\/a>, jums gali b\u016bti \u012fdomu su\u017einoti, kad tai yra Ispanijos loterija. D\u0117l didelio pagrindinio prizo ji vadinama &#8220;El Gordo&#8221;, kas rei\u0161kia &#8220;Storas&#8221;. Teigiama, kad tai yra did\u017eiausias pagrindinis prizas pasaulyje.<\/p>\n<p>Taigi, kaip galite dalyvauti loterijoje, nors ir negyvenate Ispanijoje? Skaitykite toliau ir mes jums apie tai papasakosime.<\/p>\n<h2>Kaip nusipirkti &#8220;El Gordo&#8221; bilietus u\u017e Ispanijos rib\u0173<\/h2>\n<p><img loading=\"lazy\" decoding=\"async\" class=\"size-full wp-image-17870 alignright\" src=\"https:\/\/jackpotlotteryonline.com\/wp-content\/uploads\/2022\/10\/lotto_euros.jpg\" alt=\"Pirkti \" width=\"225\" height=\"134\" \/><\/p>\n<p>Lengviausias b\u016bdas nusipirkti &#8220;El Gordo&#8221; loterijos bilietus &#8211; internetu i\u0161 internetinio loterij\u0173 pardav\u0117jo, pavyzd\u017eiui, jackpotlotlotteryonline.com. Mes teikiame skland\u017eias paslaugas, tod\u0117l \u017eaisti geriausiose tarptautin\u0117se loterijose tampa paprasta. U\u017esiregistrav\u0119 pas mus, gaunate specialiai jums pritaikyt\u0105 platform\u0105, kuri yra pritaikyta j\u016bs\u0173 poreikiams.<\/p>\n<p>Norime u\u017etikrinti, kad m\u016bs\u0173 klientai patirt\u0173 malonum\u0105, kur\u012f teikia \u017eaidimas loterijoje. Dalyvaudami &#8220;El Gordo&#8221; loterijoje tampate istorijos ir tradicij\u0173 dalimi. \u0160i Ispanijos loterija dar vadinama Kal\u0117d\u0173 loterija, be kurios sezonas n\u0117ra toks pat.<\/p>\n<p>Dalyvavimas Ispanijos Kal\u0117d\u0173 loterijoje gali b\u016bti \u0161iek tiek painus, jei dalyvaujate pirm\u0105 kart\u0105. Skirtingai nei kitose loterijose, j\u016bs negalite pasirinkti savo skai\u010di\u0173. Ant kiekvieno lapelio numeriai jau yra atspausdinti. Kad b\u016bt\u0173 dar daugiau painiavos, El Gordo loterijoje yra 100 000 skai\u010di\u0173. Jackpotlotlotteryonline.com mes pad\u0117sime jums atlikti kiekvien\u0105 \u017eingsn\u012f.<\/p>\n<h2>Kod\u0117l tur\u0117tum\u0117te dalyvauti &#8220;El Gordo&#8221; loterijoje<\/h2>\n<p>Yra kelios prie\u017eastys, kod\u0117l \u017eaid\u0117jai visame pasaulyje m\u0117gsta &#8220;El Gordo&#8221;. Pamin\u0117jome tai, kad ji yra persmelkta istorijos ir tradicij\u0173. Pirmasis loterijos traukimas \u012fvyko 1812 m.; tai rei\u0161kia, kad jai jau daugiau nei 200 met\u0173. El Gordo yra antroji seniausia pasaulyje veikianti loterija, tapusi Ispanijos kult\u016bros dalimi.<\/p>\n<p>Kasmet burtai<a href=\"https:\/\/jackpotlotteryonline.com\/lt\/laimeje-skaitmenys\/el-gordo-draw-results\"> traukiami<\/a> gruod\u017eio 22 d., tod\u0117l tai puikus b\u016bdas pa\u012fvairinti \u0161ventin\u012f laikotarp\u012f. Pats burt\u0173 traukimas yra dar vienas didingas renginys, nes burt\u0173 traukimo rezultatus skelbia San Ildefonso mokyklos mokiniai. Ar jau min\u0117jome, kad El Gordo yra kupinas tradicij\u0173? Tai neabejotinai yra tai, ko kasmet laukia seni ir nauji \u017eaid\u0117jai.<\/p>\n<p>Be to, &#8220;El Gordo&#8221; &#8211; tai loterija, skatinanti ir puosel\u0117janti bendruomen\u0119. Bilietai suskirstyti \u012f kelis poskyrius, tod\u0117l gana da\u017enai pasitaiko, kad poskyriuose prenumeruojamos kaimynyst\u0117s. Tad kod\u0117l gi nepadarius ka\u017eko ypatingo savo \u0161eimai ir draugams ir ne\u012fsijungus &#8220;El Gordo&#8221; kartu? Tai puikus b\u016bdas \u0161v\u0119sti Kal\u0117das.<\/p>\n<section class=\"layout\" style=\"border: solid 1px; width: 100%;\">\n<div class=\"img-div\" style=\"margin-top: 5px;\"><img decoding=\"async\" class=\"wp-image-17212 alignleft\" style=\"height: 45px; margin: 8px 8px 0px;\" src=\"https:\/\/jackpotlotteryonline.com\/wp-content\/uploads\/2022\/11\/read1.jpg\" alt=\"skaityti\" width=\"\" height=\"\" \/><\/div>\n<div style=\"padding-left: 5px;\">\n<div style=\"font-size: 1.1em;\">\n<p><strong>Nepraleiskite did\u017eiausi\u0173 pasaulyje loterijos priz\u0173 burt\u0173 traukimo laiko<\/strong><\/p>\n<p style=\"font-size: 0.85em; margin-top: -1.5em;\">Tarptautini\u0173 loterij\u0173 burt\u0173 traukimo laik\u0173 s\u0105ra\u0161as\u00a0<a href=\"https:\/\/jackpotlotteryonline.com\/lt\/kada-yra-traukimo-laikas-tautinems-loterijoms\"> skaityti daugiau<\/a><\/p>\n<\/div>\n<\/div>\n<\/section>\n<h2>Kaip \u017eaisti El Gordo<\/h2>\n<p><img loading=\"lazy\" decoding=\"async\" class=\"alignright size-full wp-image-32459\" src=\"https:\/\/jackpotlotteryonline.com\/wp-content\/uploads\/2022\/11\/2_ticket_el_gordo-1.jpg\" alt=\"El Gordo loterijos bilietas\" width=\"213\" height=\"300\" \/><\/p>\n<p>Kai dalyvausite Ispanijos Kal\u0117d\u0173 loterijoje, j\u016bs\u0173 kvite gali b\u016bti skai\u010diai nuo 00000 iki 99999. Kiekvienas bilietas padalytas \u012f de\u0161imt dali\u0173, kurios dar skirstomos \u012f smulkesnes dalis. Taigi, nesvarbu, koks j\u016bs\u0173 biud\u017eetas, galite sau leisti nusipirkti biliet\u0105.<\/p>\n<p>Ne ma\u017eiau \u012fdomu tai, kad &#8220;El Gordo&#8221; \u017eaid\u0117jai turi labai didel\u0119 tikimyb\u0119 laim\u0117ti. Bendras laim\u0117jimas siekia milijardus eur\u0173, o \u0161ansai ne\u012ftik\u0117tini. Taigi \u017eaid\u0117jai gali gr\u012f\u017eti namo su t\u016bkstan\u010diais eur\u0173, net jei nelaim\u0117s pirmojo prizo.<\/p>\n<p>Nusipirkus biliet\u0105 belieka laukti gruod\u017eio 22 d. vyksian\u010di\u0173 burt\u0173 traukim\u0173. Savo svetain\u0117je pra\u0161ome klient\u0173 u\u017esiregistruoti, kad gal\u0117tume jiems prane\u0161ti, kai tik jie laim\u0117s priz\u0105. Be to, i\u0161sigryninti laim\u0117jim\u0105 yra paprasta, nes tai galite padaryti m\u016bs\u0173 platformoje.<\/p>\n<h2>\u017dingsniai, kaip \u017eaisti &#8220;El Gordo&#8221; internete<\/h2>\n<ol>\n<li>Dabar, kai taip pat kaip ir mes d\u017eiaugiat\u0117s Ispanijos kal\u0117dine loterija, leiskite mums supa\u017eindinti jus su jos vykdymo etapais.<\/li>\n<li>Pirkite &#8220;El Gordo&#8221; biliet\u0105 m\u016bs\u0173 svetain\u0117je<\/li>\n<li>U\u017esiregistruokite, kad laim\u0117jimo atveju gal\u0117tume su jumis susisiekti<\/li>\n<li>Laukite burt\u0173 traukimo<\/li>\n<\/ol>\n<h2>Atsiimkite laim\u0117jim\u0105, jei laim\u0117jote<\/h2>\n<p>U\u017esiregistravus pas mus viskas taip paprasta. Mes pa\u0161aliname visus sunkumus, kad jums likt\u0173 tik \u017eaidimo malonumas. Jei ie\u0161kote loterijos \u017eaidimo su gerais \u0161ansais, kuriuo gal\u0117tum\u0117te m\u0117gautis, toliau neie\u0161kokite.<\/p>\n<p>Tur\u0117tume pamin\u0117ti, kad nors &#8220;El Gordo&#8221; turi didelius \u0161ansus, tai yra atsitiktinis \u017eaidimas. N\u0117ra jokio b\u016bdo garantuoti, kad laim\u0117site, ir niekas negali pasakyti, kad taip pat nelaim\u0117site. Vis d\u0117lto vienintelis b\u016bdas, kaip galite tur\u0117ti \u0161ans\u0105 laim\u0117ti priz\u0105, yra tas, kad apskritai dalyvausite loterijoje. Taigi u\u017esiregistruokite pas mus dabar ir \u012fsigykite Ispanijos Kal\u0117d\u0173 loterijos bilietus.<\/p>\n","protected":false},"excerpt":{"rendered":"<p>Nuostabi Ispanijos loterija El Gordo jau u\u017e kampo, o ne visiems pasiseka gyventi Ispanijoje ar keliauti \u012f j\u0105. Vis d\u0117lto visur lo\u0161\u0117jus jaudina mintis, kad gal\u0117s dalyvauti \u0161i\u0105 loterij\u0105 lydin\u010diose linksmyb\u0117se ir \u0161vent\u0117se. \u0160ioje loterijoje gali dalyvauti ir u\u017e \u0161alies rib\u0173 gyvenantys \u017eaid\u0117jai, o mes jums parodysime, kaip tai padaryti. Jei dar tik pradedate \u017eaisti [&hellip;]<\/p>\n","protected":false},"author":1,"featured_media":0,"parent":35768,"menu_order":6,"comment_status":"closed","ping_status":"closed","template":"el-gordo-info.php","meta":{"_et_pb_use_builder":"","_et_pb_old_content":"","_et_gb_content_width":"","exclude_from_search":false,"footnotes":""},"class_list":["post-36633","page","type-page","status-publish","hentry"],"yoast_head":"<!-- This site is optimized with the Yoast SEO plugin v23.3 - https:\/\/yoast.com\/wordpress\/plugins\/seo\/ -->\n<title>Pirkti &quot;El Gordo&quot; bilietus i\u0161 u\u017e Ispanijos rib\u0173 | El Gordo bilietai internetu<\/title>\n<meta name=\"description\" content=\"Jei gyvenate u\u017e Ispanijos rib\u0173, galite \u012fsigyti El Gordo bilietus internetu - \u010dia, naudodamiesi \u0161ia internetine biliet\u0173 pardavimo paslauga\" \/>\n<meta name=\"robots\" content=\"index, follow, max-snippet:-1, max-image-preview:large, max-video-preview:-1\" \/>\n<link rel=\"canonical\" href=\"https:\/\/jackpotlotteryonline.com\/buy-tickets\/el-gordo\/\" \/>\n<meta property=\"og:locale\" content=\"lt_LT\" \/>\n<meta property=\"og:type\" content=\"article\" \/>\n<meta property=\"og:title\" content=\"Pirkti &quot;El Gordo&quot; bilietus i\u0161 u\u017e Ispanijos rib\u0173 | El Gordo bilietai internetu\" \/>\n<meta property=\"og:description\" content=\"Jei gyvenate u\u017e Ispanijos rib\u0173, galite \u012fsigyti El Gordo bilietus internetu - \u010dia, naudodamiesi \u0161ia internetine biliet\u0173 pardavimo paslauga\" \/>\n<meta property=\"og:url\" content=\"https:\/\/jackpotlotteryonline.com\/buy-tickets\/el-gordo\/\" \/>\n<meta property=\"og:site_name\" content=\"Lotto Online - Crack The International Lottery Jackpots\" \/>\n<meta property=\"article:modified_time\" content=\"2023-01-03T20:45:03+00:00\" \/>\n<meta property=\"og:image\" content=\"https:\/\/jackpotlotteryonline.com\/wp-content\/uploads\/2022\/10\/lotto_euros.jpg\" \/>\n<meta name=\"twitter:card\" content=\"summary_large_image\" \/>\n<meta name=\"twitter:label1\" content=\"Est. reading time\" \/>\n\t<meta name=\"twitter:data1\" content=\"4 minut\u0117s\" \/>\n<!-- \/ Yoast SEO plugin. -->","yoast_head_json":{"title":"Pirkti \"El Gordo\" bilietus i\u0161 u\u017e Ispanijos rib\u0173 | El Gordo bilietai internetu","description":"Jei gyvenate u\u017e Ispanijos rib\u0173, galite \u012fsigyti El Gordo bilietus internetu - \u010dia, naudodamiesi \u0161ia internetine biliet\u0173 pardavimo paslauga","robots":{"index":"index","follow":"follow","max-snippet":"max-snippet:-1","max-image-preview":"max-image-preview:large","max-video-preview":"max-video-preview:-1"},"canonical":"https:\/\/jackpotlotteryonline.com\/buy-tickets\/el-gordo\/","og_locale":"lt_LT","og_type":"article","og_title":"Pirkti \"El Gordo\" bilietus i\u0161 u\u017e Ispanijos rib\u0173 | El Gordo bilietai internetu","og_description":"Jei gyvenate u\u017e Ispanijos rib\u0173, galite \u012fsigyti El Gordo bilietus internetu - \u010dia, naudodamiesi \u0161ia internetine biliet\u0173 pardavimo paslauga","og_url":"https:\/\/jackpotlotteryonline.com\/buy-tickets\/el-gordo\/","og_site_name":"Lotto Online - Crack The International Lottery Jackpots","article_modified_time":"2023-01-03T20:45:03+00:00","og_image":[{"url":"https:\/\/jackpotlotteryonline.com\/wp-content\/uploads\/2022\/10\/lotto_euros.jpg"}],"twitter_card":"summary_large_image","twitter_misc":{"Est. reading time":"4 minut\u0117s"},"schema":{"@context":"https:\/\/schema.org","@graph":[{"@type":"WebPage","@id":"https:\/\/jackpotlotteryonline.com\/buy-tickets\/el-gordo\/","url":"https:\/\/jackpotlotteryonline.com\/buy-tickets\/el-gordo\/","name":"Pirkti \"El Gordo\" bilietus i\u0161 u\u017e Ispanijos rib\u0173 | El Gordo bilietai internetu","isPartOf":{"@id":"https:\/\/jackpotlotteryonline.com\/#website"},"primaryImageOfPage":{"@id":"https:\/\/jackpotlotteryonline.com\/buy-tickets\/el-gordo\/#primaryimage"},"image":{"@id":"https:\/\/jackpotlotteryonline.com\/buy-tickets\/el-gordo\/#primaryimage"},"thumbnailUrl":"https:\/\/jackpotlotteryonline.com\/wp-content\/uploads\/2022\/10\/lotto_euros.jpg","datePublished":"2022-11-08T08:15:49+00:00","dateModified":"2023-01-03T20:45:03+00:00","description":"Jei gyvenate u\u017e Ispanijos rib\u0173, galite \u012fsigyti El Gordo bilietus internetu - \u010dia, naudodamiesi \u0161ia internetine biliet\u0173 pardavimo paslauga","breadcrumb":{"@id":"https:\/\/jackpotlotteryonline.com\/buy-tickets\/el-gordo\/#breadcrumb"},"inLanguage":"lt-LT","potentialAction":[{"@type":"ReadAction","target":["https:\/\/jackpotlotteryonline.com\/buy-tickets\/el-gordo\/"]}]},{"@type":"ImageObject","inLanguage":"lt-LT","@id":"https:\/\/jackpotlotteryonline.com\/buy-tickets\/el-gordo\/#primaryimage","url":"https:\/\/jackpotlotteryonline.com\/wp-content\/uploads\/2022\/10\/lotto_euros.jpg","contentUrl":"https:\/\/jackpotlotteryonline.com\/wp-content\/uploads\/2022\/10\/lotto_euros.jpg"},{"@type":"BreadcrumbList","@id":"https:\/\/jackpotlotteryonline.com\/buy-tickets\/el-gordo\/#breadcrumb","itemListElement":[{"@type":"ListItem","position":1,"name":"Home","item":"https:\/\/jackpotlotteryonline.com\/lt\/"},{"@type":"ListItem","position":2,"name":"Kaip nusipirkti loterijos bilietus internetu","item":"https:\/\/jackpotlotteryonline.com\/buy-tickets\/"},{"@type":"ListItem","position":3,"name":"Pirkti El Gordo bilietus"}]},{"@type":"WebSite","@id":"https:\/\/jackpotlotteryonline.com\/#website","url":"https:\/\/jackpotlotteryonline.com\/","name":"Lotto Online - Crack The International Lottery Jackpots","description":"","potentialAction":[{"@type":"SearchAction","target":{"@type":"EntryPoint","urlTemplate":"https:\/\/jackpotlotteryonline.com\/?s={search_term_string}"},"query-input":"required name=search_term_string"}],"inLanguage":"lt-LT"}]}},"_links":{"self":[{"href":"https:\/\/jackpotlotteryonline.com\/lt\/wp-json\/wp\/v2\/pages\/36633","targetHints":{"allow":["GET"]}}],"collection":[{"href":"https:\/\/jackpotlotteryonline.com\/lt\/wp-json\/wp\/v2\/pages"}],"about":[{"href":"https:\/\/jackpotlotteryonline.com\/lt\/wp-json\/wp\/v2\/types\/page"}],"author":[{"embeddable":true,"href":"https:\/\/jackpotlotteryonline.com\/lt\/wp-json\/wp\/v2\/users\/1"}],"replies":[{"embeddable":true,"href":"https:\/\/jackpotlotteryonline.com\/lt\/wp-json\/wp\/v2\/comments?post=36633"}],"version-history":[{"count":0,"href":"https:\/\/jackpotlotteryonline.com\/lt\/wp-json\/wp\/v2\/pages\/36633\/revisions"}],"up":[{"embeddable":true,"href":"https:\/\/jackpotlotteryonline.com\/lt\/wp-json\/wp\/v2\/pages\/35768"}],"wp:attachment":[{"href":"https:\/\/jackpotlotteryonline.com\/lt\/wp-json\/wp\/v2\/media?parent=36633"}],"curies":[{"name":"wp","href":"https:\/\/api.w.org\/{rel}","templated":true}]}}