{"id":36685,"date":"2022-11-08T10:09:24","date_gmt":"2022-11-08T10:09:24","guid":{"rendered":"https:\/\/jackpotlotteryonline.com\/?page_id=36685"},"modified":"2023-01-03T21:07:07","modified_gmt":"2023-01-03T21:07:07","slug":"lotto-germany","status":"publish","type":"page","link":"https:\/\/jackpotlotteryonline.com\/lt\/pirkti-bilietus\/lotto-germany\/","title":{"rendered":"Pirkti bilietus Lotto Vokietija"},"content":{"rendered":"<p>\u017daid\u0117jams, gyvenantiems ne Vokietijoje, gali b\u016bti \u0161iek tiek sud\u0117tinga nusipirkti Vokietijos Lotto bilietus, ta\u010diau taip neturi b\u016bti. Vokietijos Lotto dar \u017einomas kaip 6 aus 49 ir yra viena ilgiausiai veikian\u010di\u0173 loterij\u0173 Europoje. \u012ekurta 1955 m., ji greitai tapo pagrindiniu loterijos \u017eaidimu \u0161alyje.<\/p>\n<p>\u012era\u0161us \u012f \u0161i\u0105 loterij\u0105 galima \u012fsigyti Vokietijoje veikian\u010diuose akredituotuose pardavimuose. Ta\u010diau jei gyvenate kitame pasaulio kra\u0161te, tur\u0117tum\u0117te pasikliauti patikima internetine loterijos svetaine, pavyzd\u017eiui, jackpotlotlotteryoneline.com.<\/p>\n<p><a href=\"https:\/\/jackpotlotteryonline.com\/lt\/kaip-zaisti\/german-lotto\">\u017daisti loterij\u0105 internetu<\/a> yra paprasta, o naudojantis m\u016bs\u0173 svetaine tai tampa skland\u017eia ir malonia patirtimi.<\/p>\n<h2>Kaip \u017eaisti Vokietijos Lotto m\u016bs\u0173 svetain\u0117je<\/h2>\n<p><img loading=\"lazy\" decoding=\"async\" class=\"alignright size-medium wp-image-33350\" src=\"http:\/\/jackpotlotteryonline.com\/wp-content\/uploads\/2022\/11\/2_ticket_euromillions3-1-111x300.jpg\" alt=\"Vokietijos loto bilietas\" width=\"111\" height=\"300\" srcset=\"https:\/\/jackpotlotteryonline.com\/wp-content\/uploads\/2022\/11\/2_ticket_euromillions3-1-111x300.jpg 111w, https:\/\/jackpotlotteryonline.com\/wp-content\/uploads\/2022\/11\/2_ticket_euromillions3-1.jpg 180w\" sizes=\"auto, (max-width: 111px) 100vw, 111px\" \/><\/p>\n<p>Pa\u017eodinis 6 aus 49 vertimas yra \u0161e\u0161i i\u0161 49. Nor\u0117dami \u017eaisti voki\u0161k\u0105 loterij\u0105, turite pasirinkti \u0161e\u0161is skai\u010dius nuo 1 iki 49 ir papildom\u0105 skai\u010di\u0173 nuo 0 iki 9. Tai tas pats, ar \u017eaid\u017eiate neprisijung\u0119, ar internetu.<\/p>\n<p>\u012esigydami \u012fra\u0161\u0105 \u012f Vokietijos loterij\u0105 m\u016bs\u0173 svetain\u0117je, galite pasirinkti 6 skai\u010dius i\u0161 49. Galite pasirinkti daugiau nei vien\u0105 skai\u010di\u0173 eilut\u0119, nes kiekvienas i\u0161 j\u0173 skai\u010diuojamas \u012fra\u0161ui, tod\u0117l j\u016bs\u0173 \u0161ansai yra didesni. Toliau galite pasirinkti, ar norite dalyvauti viename, ar keliuose tira\u017euose.<\/p>\n<p><a href=\"https:\/\/jackpotlotteryonline.com\/lt\/laimeje-skaitmenys\/german-lotto\">Vokietijos loterijoje per savait\u0119<\/a> vyksta du traukimai &#8211; tre\u010diadien\u012f ir \u0161e\u0161tadien\u012f; galite nuspr\u0119sti, ar dalyvauti viename, ar keliuose traukimuose. Pasirink\u0119, kitas \u017eingsnis &#8211; sumok\u0117ti u\u017e pirkin\u012f. Tuo metu papra\u0161ysime j\u016bs\u0173 u\u017esiregistruoti pas mus. Tai b\u016btina d\u0117l keli\u0173 prie\u017eas\u010di\u0173:<\/p>\n<ul>\n<li>U\u017esiregistrav\u0119 gal\u0117site saugiai laikyti savo dalyvio bilietus, nes j\u0173 prireiks norint atsiimti laim\u0117jimus.<\/li>\n<li>gal\u0117site lengvai patikrinti burt\u0173 traukimo rezultatus, nors jei laim\u0117site kok\u012f nors priz\u0105, mes jums apie tai prane\u0161ime per prietais\u0173 skydel\u012f ir el. pa\u0161tu.<\/li>\n<li>Taip pat galite i\u0161sigryninti visus laim\u0117jimus tiesiai m\u016bs\u0173 platformoje.<\/li>\n<\/ul>\n<h2>Kaip laim\u0117ti loterij\u0105<\/h2>\n<p>Loterijos metu traukiami \u0161e\u0161i skai\u010diai nuo 1 iki 49. Premijinis skai\u010dius, kuris vadinamas &#8220;Superzahl&#8221;, traukiamas i\u0161 kito aparato. Jei j\u016bs\u0173 skai\u010diai sutampa su i\u0161trauktais skai\u010diais, laimite pagrindin\u012f priz\u0105.<\/p>\n<p>Svarbu pabr\u0117\u017eti, kad pagrindinis prizas n\u0117ra vienintelis prizas, kur\u012f \u017eaid\u0117jai gali laim\u0117ti \u017eaisdami Vokietijos loterijoje. \u0160ioje Europos loterijoje yra 10 skirting\u0173 priz\u0173 kategorij\u0173, taip pat prizas tik u\u017e dviej\u0173 skai\u010di\u0173 ir premijinio skai\u010diaus atitikim\u0105.<\/p>\n<p>Kaip jau min\u0117jome, tikimyb\u0117 laim\u0117ti \u0161ioje loterijoje yra gana didel\u0117. Tikimyb\u0117 laim\u0117ti pagrindin\u012f priz\u0105 yra 1 i\u0161 139 838 160, o bendra tikimyb\u0117 laim\u0117ti priz\u0105 &#8211; 1 i\u0161 31. Jei niekada ne\u017eaid\u0117te voki\u0161koje loterijoje &#8220;6 aus 49&#8221;, dabar pats metas pagalvoti apie statym\u0105. Tai galite padaryti \u012fsigij\u0119 loterijos \u012fra\u0161\u0105 svetain\u0117je jackpotlotlotteryoneline.com.<\/p>\n<section class=\"layout\" style=\"border: solid 1px; width: 100%;\">\n<div class=\"img-div\" style=\"margin-top: 5px;\"><img decoding=\"async\" class=\"wp-image-17212 alignleft\" style=\"height: 45px; margin: 8px 8px 0px;\" src=\"http:\/\/jackpotlotteryonline.com\/wp-content\/uploads\/2022\/11\/read1.jpg\" alt=\"skaityti\" width=\"\" height=\"\" \/><\/div>\n<div style=\"padding-left: 5px;\">\n<div style=\"font-size: 1.1em;\">\n<p><strong>Kok\u012f automobil\u012f nusipirktum\u0117te, jei laim\u0117tum\u0117te loterijoje?<\/strong><\/p>\n<p style=\"font-size: 0.85em; margin-top: -1.5em;\">Laim\u0117kite loterijoje ir gaukite nauj\u0105 automobil\u012f \u00a0\u00a0<a href=\"https:\/\/jackpotlotteryonline.com\/lt\/koki-automobili-nusipirktumete-jei-laimetumete-loterijoje\">skaityti daugiau<\/a><\/p>\n<\/div>\n<\/div>\n<\/section>\n<h2>Kaip \u017einoti, kad turiu tikr\u0105 biliet\u0105?<\/h2>\n<p>Tai labai svarbus klausimas, ypa\u010d kai perkate Vokietijos loterijos bilietus internetu. Gali b\u016bti, kad nusipirksite, kaip manote, \u012fra\u0161\u0105 \u012f loterij\u0105, ta\u010diau \u012f j\u0105 nepateksite.<\/p>\n<p>Ant kiekvieno loterijos bilieto yra atspausdinti serijos numeriai, kurie yra svarb\u016bs nustatant, ar bilietas yra autenti\u0161kas. Tuo jackpotlotlotteryonline.com, mes vykdome konsjer\u017eo paslaug\u0105 savo klientams. Turime omenyje tai, kad kai i\u0161 m\u016bs\u0173 \u012fsigysite loterijos bilietus internetu, j\u016bs\u0173 bilietai tur\u0117s serijinius numerius, gautus i\u0161 Vokietijos loterijos.<\/p>\n<p>Kitaip tariant, naudodamiesi m\u016bs\u0173 paslauga gausite prieig\u0105 prie loterijos. Jei atitiksite i\u0161trauktus numerius, laim\u0117site pagrindin\u012f priz\u0105.<\/p>\n<h2>Kaip atsiimti laim\u0117jim\u0105?<\/h2>\n<p><img loading=\"lazy\" decoding=\"async\" class=\"size-medium wp-image-27698 alignright\" src=\"http:\/\/jackpotlotteryonline.com\/wp-content\/uploads\/2022\/11\/1_lottery_results-300x150.jpg\" alt=\"vokietija-lotterio kamuoliukai\" width=\"300\" height=\"150\" srcset=\"https:\/\/jackpotlotteryonline.com\/wp-content\/uploads\/2022\/11\/1_lottery_results-300x150.jpg 300w, https:\/\/jackpotlotteryonline.com\/wp-content\/uploads\/2022\/11\/1_lottery_results.jpg 350w\" sizes=\"auto, (max-width: 300px) 100vw, 300px\" \/><\/p>\n<p>\u017daid\u017eiant loterij\u0105 su mumis privalumas yra tas, kad jums nereikia r\u016bpintis d\u0117l laim\u0117jimo atsi\u0117mimo. Vis\u0173 pirma, j\u016bs\u0173 \u010dekis yra saugus j\u016bs\u0173 s\u0105skaitoje ir n\u0117ra baim\u0117s j\u012f prarasti. Kadangi kvito jums prireiks norint atsiimti laim\u0117jim\u0105, tai yra gerai. 2021 m. 11,3 mln. eur\u0173 vert\u0117s pagrindinis prizas gr\u012f\u017eo \u012f fond\u0105, nes 3 metus buvo neatsiimtas. Nenorime, kad taip nutikt\u0173 ir jums.<\/p>\n<p>Antra, jei k\u0105 nors laim\u0117site, mes jums i\u0161 karto prane\u0161ime, o kit\u0105 kart\u0105, kai prisijungsite prie savo paskyros, j\u016bs\u0173 l\u0117\u0161os jau bus ten, kur j\u016bs\u0173 laukia. Tiesiog perveskite l\u0117\u0161as \u012f savo banko s\u0105skait\u0105 ir gal\u0117site m\u0117gautis laim\u0117jimu.<\/p>\n<p>Mes \u017einome, kad \u017eaisdami loterijoje r\u016bpinat\u0117s gerai praleisti laik\u0105. Juk tai tur\u0117t\u0173 b\u016bti smagus \u017eaidimas. Tod\u0117l nenuilstamai dirbame, kad suma\u017eintume proces\u0105 taip, kad jis b\u016bt\u0173 sklandus ir nesud\u0117tingas, o j\u016bs gal\u0117tum\u0117te m\u0117gautis \u017eaidimu.<\/p>\n<h2>6 aus 49 priz\u0173 pakopos<\/h2>\n<p>Norite su\u017einoti, k\u0105 galite laim\u0117ti \u017eaisdami Vokietijos loto? \u010cia pateikiami skirtingi priz\u0173 lygiai ir kiekvienam lygiui skiriama prizinio fondo dalis.<\/p>\n<p>Match 6 + Superzahl &#8211; 12,80 % (pagrindinis prizas)<br \/>\nTik &#8220;Match 6&#8221; &#8211; 10 %.<br \/>\n5 rungtyn\u0117s + &#8220;Superzahl&#8221; &#8211; 5 %.<br \/>\nTik 5 rungtyn\u0117s &#8211; 15 %.<br \/>\n4 rungtyn\u0117s + &#8220;Superzahl&#8221; &#8211; 5 %.<br \/>\nTik 4 rungtyn\u0117s &#8211; 10%<br \/>\n3 rungtyn\u0117s + &#8220;Superzahl&#8221; &#8211; 10%<br \/>\nTik 3 rungtyn\u0117s &#8211; 45 %.<br \/>\n2 rungtyn\u0117s + &#8220;Superzahl&#8221; &#8211; 6 EUR<\/p>\n<p>Atkreipkite d\u0117mes\u012f, kad kiti prizai nustatomi po to, kai i\u0161 priz\u0173 fondo i\u0161skai\u010diuojamas pagrindinis prizas.<\/p>\n<h2>Kokio dyd\u017eio yra pagrindinis prizas?<\/h2>\n<p>Vokietijos loterijos pagrindinio prizo dydis prasideda nuo 2 mln. eur\u0173 ir po kiekvieno tira\u017eo, jei n\u0117ra laim\u0117tojo, persikelia. D\u0117l to pagrindinis prizas did\u0117ja, kol pasiekia burnoje tirpstan\u010di\u0105 sum\u0105.<\/p>\n<p>Pavyzd\u017eiui, 2020 m. spalio m\u0117n. vienas bilieto tur\u0117tojas laim\u0117jo 42 583 626 EUR pagrindin\u012f priz\u0105. \u0160is laim\u0117jimas buvo did\u017eiausias per vis\u0105 Vokietijos loto istorij\u0105. Jam ant kuln\u0173 lipo ir 33 832 008 eur\u0173 vert\u0117s pagrindinis prizas, kur\u012f taip pat laim\u0117jo vienas loterijos \u017eaid\u0117jas.<\/p>\n<p>Keli kiti Vokietijos loterijos biliet\u0173 tur\u0117tojai laim\u0117jo milijon\u0173 eur\u0173 vert\u0117s pagrindinius prizus. Tod\u0117l nenuostabu, kad lo\u0161\u0117jai visame pasaulyje skuba dalyvauti kassavaitiniuose lo\u0161imuose.<\/p>\n<h2>U\u017esiregistruokite pas mus ir \u017eaiskite loterij\u0105 internetu<\/h2>\n<p>Norint dalyvauti Vokietijos loterijoje, neb\u016btina gyventi Vokietijoje. U\u017esiregistrav\u0119 pas mus, gausite prieig\u0105 prie geriausi\u0173 tarptautini\u0173 loterij\u0173. Tai i\u0161 ties\u0173 atveria galimybi\u0173 pasaul\u012f. Taip pat atkreipkite d\u0117mes\u012f, kad loterijoje gautos l\u0117\u0161os Vokietijoje neapmokestinamos. Ta\u010diau patariame pasidom\u0117ti mokes\u010di\u0173 \u012fstatymais toje vietoje, kurioje gyvenate.<\/p>\n<p>Taigi, ko dar laukiate? U\u017esiregistruokite pas mus ir \u012fsigykite Vokietijos loterijos bilietus internetu bei pasinerkite \u012f jaudinant\u012f tarptautini\u0173 loterij\u0173 \u017eaidim\u0173 pasaul\u012f.<\/p>\n","protected":false},"excerpt":{"rendered":"<p>\u017daid\u0117jams, gyvenantiems ne Vokietijoje, gali b\u016bti \u0161iek tiek sud\u0117tinga nusipirkti Vokietijos Lotto bilietus, ta\u010diau taip neturi b\u016bti. Vokietijos Lotto dar \u017einomas kaip 6 aus 49 ir yra viena ilgiausiai veikian\u010di\u0173 loterij\u0173 Europoje. \u012ekurta 1955 m., ji greitai tapo pagrindiniu loterijos \u017eaidimu \u0161alyje. \u012era\u0161us \u012f \u0161i\u0105 loterij\u0105 galima \u012fsigyti Vokietijoje veikian\u010diuose akredituotuose pardavimuose. Ta\u010diau jei gyvenate [&hellip;]<\/p>\n","protected":false},"author":1,"featured_media":0,"parent":35768,"menu_order":8,"comment_status":"closed","ping_status":"closed","template":"lotto-german-info.php","meta":{"_et_pb_use_builder":"","_et_pb_old_content":"","_et_gb_content_width":"","exclude_from_search":false,"footnotes":""},"class_list":["post-36685","page","type-page","status-publish","hentry"],"yoast_head":"<!-- This site is optimized with the Yoast SEO plugin v23.3 - https:\/\/yoast.com\/wordpress\/plugins\/seo\/ -->\n<title>Pirkite Vokietijos Lotto bilietus u\u017e Vokietijos rib\u0173 | Vokietijos Lotto internetu<\/title>\n<meta name=\"description\" content=\"Vokietijos Lotto 6\/49 bilietai yra \u010dia, \u010dia galite saugiai nusipirkti juos internetu i\u0161 u\u017e Vokietijos rib\u0173\" \/>\n<meta name=\"robots\" content=\"index, follow, max-snippet:-1, max-image-preview:large, max-video-preview:-1\" \/>\n<link rel=\"canonical\" href=\"https:\/\/jackpotlotteryonline.com\/buy-tickets\/lotto-germany\/\" \/>\n<meta property=\"og:locale\" content=\"lt_LT\" \/>\n<meta property=\"og:type\" content=\"article\" \/>\n<meta property=\"og:title\" content=\"Pirkite Vokietijos Lotto bilietus u\u017e Vokietijos rib\u0173 | Vokietijos Lotto internetu\" \/>\n<meta property=\"og:description\" content=\"Vokietijos Lotto 6\/49 bilietai yra \u010dia, \u010dia galite saugiai nusipirkti juos internetu i\u0161 u\u017e Vokietijos rib\u0173\" \/>\n<meta property=\"og:url\" content=\"https:\/\/jackpotlotteryonline.com\/buy-tickets\/lotto-germany\/\" \/>\n<meta property=\"og:site_name\" content=\"Lotto Online - Crack The International Lottery Jackpots\" \/>\n<meta property=\"article:modified_time\" content=\"2023-01-03T21:07:07+00:00\" \/>\n<meta property=\"og:image\" content=\"http:\/\/jackpotlotteryonline.com\/wp-content\/uploads\/2022\/11\/2_ticket_euromillions3-1-111x300.jpg\" \/>\n<meta name=\"twitter:card\" content=\"summary_large_image\" \/>\n<meta name=\"twitter:label1\" content=\"Est. reading time\" \/>\n\t<meta name=\"twitter:data1\" content=\"5 minut\u0117s\" \/>\n<!-- \/ Yoast SEO plugin. -->","yoast_head_json":{"title":"Pirkite Vokietijos Lotto bilietus u\u017e Vokietijos rib\u0173 | Vokietijos Lotto internetu","description":"Vokietijos Lotto 6\/49 bilietai yra \u010dia, \u010dia galite saugiai nusipirkti juos internetu i\u0161 u\u017e Vokietijos rib\u0173","robots":{"index":"index","follow":"follow","max-snippet":"max-snippet:-1","max-image-preview":"max-image-preview:large","max-video-preview":"max-video-preview:-1"},"canonical":"https:\/\/jackpotlotteryonline.com\/buy-tickets\/lotto-germany\/","og_locale":"lt_LT","og_type":"article","og_title":"Pirkite Vokietijos Lotto bilietus u\u017e Vokietijos rib\u0173 | Vokietijos Lotto internetu","og_description":"Vokietijos Lotto 6\/49 bilietai yra \u010dia, \u010dia galite saugiai nusipirkti juos internetu i\u0161 u\u017e Vokietijos rib\u0173","og_url":"https:\/\/jackpotlotteryonline.com\/buy-tickets\/lotto-germany\/","og_site_name":"Lotto Online - Crack The International Lottery Jackpots","article_modified_time":"2023-01-03T21:07:07+00:00","og_image":[{"url":"http:\/\/jackpotlotteryonline.com\/wp-content\/uploads\/2022\/11\/2_ticket_euromillions3-1-111x300.jpg"}],"twitter_card":"summary_large_image","twitter_misc":{"Est. reading time":"5 minut\u0117s"},"schema":{"@context":"https:\/\/schema.org","@graph":[{"@type":"WebPage","@id":"https:\/\/jackpotlotteryonline.com\/buy-tickets\/lotto-germany\/","url":"https:\/\/jackpotlotteryonline.com\/buy-tickets\/lotto-germany\/","name":"Pirkite Vokietijos Lotto bilietus u\u017e Vokietijos rib\u0173 | Vokietijos Lotto internetu","isPartOf":{"@id":"https:\/\/jackpotlotteryonline.com\/#website"},"primaryImageOfPage":{"@id":"https:\/\/jackpotlotteryonline.com\/buy-tickets\/lotto-germany\/#primaryimage"},"image":{"@id":"https:\/\/jackpotlotteryonline.com\/buy-tickets\/lotto-germany\/#primaryimage"},"thumbnailUrl":"http:\/\/jackpotlotteryonline.com\/wp-content\/uploads\/2022\/11\/2_ticket_euromillions3-1-111x300.jpg","datePublished":"2022-11-08T10:09:24+00:00","dateModified":"2023-01-03T21:07:07+00:00","description":"Vokietijos Lotto 6\/49 bilietai yra \u010dia, \u010dia galite saugiai nusipirkti juos internetu i\u0161 u\u017e Vokietijos rib\u0173","breadcrumb":{"@id":"https:\/\/jackpotlotteryonline.com\/buy-tickets\/lotto-germany\/#breadcrumb"},"inLanguage":"lt-LT","potentialAction":[{"@type":"ReadAction","target":["https:\/\/jackpotlotteryonline.com\/buy-tickets\/lotto-germany\/"]}]},{"@type":"ImageObject","inLanguage":"lt-LT","@id":"https:\/\/jackpotlotteryonline.com\/buy-tickets\/lotto-germany\/#primaryimage","url":"http:\/\/jackpotlotteryonline.com\/wp-content\/uploads\/2022\/11\/2_ticket_euromillions3-1-111x300.jpg","contentUrl":"http:\/\/jackpotlotteryonline.com\/wp-content\/uploads\/2022\/11\/2_ticket_euromillions3-1-111x300.jpg"},{"@type":"BreadcrumbList","@id":"https:\/\/jackpotlotteryonline.com\/buy-tickets\/lotto-germany\/#breadcrumb","itemListElement":[{"@type":"ListItem","position":1,"name":"Home","item":"https:\/\/jackpotlotteryonline.com\/lt\/"},{"@type":"ListItem","position":2,"name":"Kaip nusipirkti loterijos bilietus internetu","item":"https:\/\/jackpotlotteryonline.com\/buy-tickets\/"},{"@type":"ListItem","position":3,"name":"Pirkti bilietus Lotto Vokietija"}]},{"@type":"WebSite","@id":"https:\/\/jackpotlotteryonline.com\/#website","url":"https:\/\/jackpotlotteryonline.com\/","name":"Lotto Online - Crack The International Lottery Jackpots","description":"","potentialAction":[{"@type":"SearchAction","target":{"@type":"EntryPoint","urlTemplate":"https:\/\/jackpotlotteryonline.com\/?s={search_term_string}"},"query-input":"required name=search_term_string"}],"inLanguage":"lt-LT"}]}},"_links":{"self":[{"href":"https:\/\/jackpotlotteryonline.com\/lt\/wp-json\/wp\/v2\/pages\/36685","targetHints":{"allow":["GET"]}}],"collection":[{"href":"https:\/\/jackpotlotteryonline.com\/lt\/wp-json\/wp\/v2\/pages"}],"about":[{"href":"https:\/\/jackpotlotteryonline.com\/lt\/wp-json\/wp\/v2\/types\/page"}],"author":[{"embeddable":true,"href":"https:\/\/jackpotlotteryonline.com\/lt\/wp-json\/wp\/v2\/users\/1"}],"replies":[{"embeddable":true,"href":"https:\/\/jackpotlotteryonline.com\/lt\/wp-json\/wp\/v2\/comments?post=36685"}],"version-history":[{"count":0,"href":"https:\/\/jackpotlotteryonline.com\/lt\/wp-json\/wp\/v2\/pages\/36685\/revisions"}],"up":[{"embeddable":true,"href":"https:\/\/jackpotlotteryonline.com\/lt\/wp-json\/wp\/v2\/pages\/35768"}],"wp:attachment":[{"href":"https:\/\/jackpotlotteryonline.com\/lt\/wp-json\/wp\/v2\/media?parent=36685"}],"curies":[{"name":"wp","href":"https:\/\/api.w.org\/{rel}","templated":true}]}}