{"id":36739,"date":"2022-11-08T12:35:26","date_gmt":"2022-11-08T12:35:26","guid":{"rendered":"https:\/\/jackpotlotteryonline.com\/?page_id=36739"},"modified":"2022-12-21T15:17:03","modified_gmt":"2022-12-21T15:17:03","slug":"la-primitiva","status":"publish","type":"page","link":"https:\/\/jackpotlotteryonline.com\/lt\/pirkti-bilietus\/la-primitiva\/","title":{"rendered":"Pirkti La Primitiva bilietus"},"content":{"rendered":"<h2>La Primitiva internetu<\/h2>\n<p>Ispanijos loterijos visada trauk\u0117 daugelio vaizduot\u0119, ir La Primitiva n\u0117ra i\u0161imtis. O dabar &#8220;<strong>La Primitiva&#8221; biliet\u0105 internetu galite nusipirkti ir u\u017e Ispanijos rib\u0173<\/strong>. Anks\u010diau &#8220;La Primitiva&#8221; buvo skirta tik Ispanijos pilie\u010diams, ta\u010diau, plintant komunikacijoms, ji persik\u0117l\u0117 \u012f kit\u0105 kart\u0105 ir yra si\u016bloma visiems, sulaukusiems 18 met\u0173.<\/p>\n<p>M\u016bs\u0173 svetain\u0117je &#8220;La Primitiva Lotto&#8221; dabar galima \u017eaisti internetu. Tai viena did\u017eiausi\u0173 Europos loterij\u0173, kurioje galima laim\u0117ti did\u017eiulius prizus.<\/p>\n<p>Jei norite nusipirkti La Primitiva loto biliet\u0105 internetu ir gyvenate ne Ispanijoje, vienintel\u0117 galimyb\u0117 &#8211; pirkti j\u012f i\u0161 m\u016bs\u0173. Tur\u0117dami daugyb\u0119 klient\u0173 i\u0161 viso pasaulio, mes teikiame jums geriausias paslaugas, \u012fskaitant &#8220;La Primitiva&#8221; bilieto pirkim\u0105 j\u016bs\u0173 vardu, pagalb\u0105 renkantis numerius ir u\u017etikrinant, kad piniginis prizas jums b\u016bt\u0173 saugiai pristatytas.<\/p>\n<section class=\"layout\" style=\"border: solid 1px; width: 100%;\">\n<div class=\"img-div\" style=\"margin-top: 5px;\"><img decoding=\"async\" class=\"wp-image-17212 alignleft\" style=\"height: 45px; margin: 8px 8px 0px;\" src=\"https:\/\/jackpotlotteryonline.com\/wp-content\/uploads\/2022\/11\/read1.jpg\" alt=\"skaityti\" width=\"\" height=\"\" \/><\/div>\n<div style=\"padding-left: 5px;\">\n<div style=\"font-size: 1.1em;\">\n<p><strong>Kokia yra loterijos s\u0117km\u0117s paslaptis?<\/strong><\/p>\n<p style=\"font-size: 0.85em; margin-top: -1.5em;\">Kaip s\u0117kmingai \u017eaisti loterijoje \u00a0<a href=\"https:\/\/jackpotlotteryonline.com\/lt\/kas-yra-loterijos-sekmes-paslaptis\">skaityti daugiau<\/a><\/p>\n<\/div>\n<\/div>\n<\/section>\n<h2>Kod\u0117l verta \u017eaisti La Primitiva internetu<\/h2>\n<p><a href=\"https:\/\/jackpotlotteryonline.com\/lt\/laimeje-skaitmenys\/la-primitiva\">La Primitiva Online lo\u0161imai<\/a> vyksta tris kartus per savait\u0119. Tai suteikia laiko, kad pagrindiniai prizai greitai did\u0117t\u0173. Kartu tikimyb\u0117 laim\u0117ti yra gana didel\u0117, net ir auk\u0161\u010diausi\u0173 lygi\u0173 priz\u0173 atveju. Kiekvienas &#8220;La Primitiva Online&#8221; loterijoje dalyvaujantis &#8220;La Primitiva Online&#8221; m\u0117g\u0117jas turi 1:6 tikimyb\u0119 laim\u0117ti pinigin\u012f priz\u0105.<\/p>\n<h2>La Primitiva vs El Gordo vs Ispanijos kal\u0117din\u0117 loterija<\/h2>\n<p>Iki \u0161iol viena did\u017eiausi\u0173 loterij\u0173 pagal si\u016blomus atlygius, La Primitiva yra viena i\u0161 geid\u017eiamiausi\u0173 i\u0161 daugyb\u0117s loterijos priz\u0173, kuriuos galite<a href=\"https:\/\/jackpotlotteryonline.com\/lt\/kaip-zaisti\/la-primitiva-2\"> \u017eaisti m\u016bs\u0173 svetain\u0117je<\/a>. N\u0117ra prie\u017easties prarasti vilt\u012f ar galimyb\u0119, net jei negyvenate Ispanijoje. Galite \u017eaisti i\u0161 bet kurios pasaulio vietos, jei esate vyresni nei 18 met\u0173.<\/p>\n<p>El Gordo yra visai kita loterija, ta\u010diau j\u0105 taip pat galite \u017eaisti m\u016bs\u0173 svetain\u0117je. El Gordo burtai traukiami tik kart\u0105 per savait\u0119, sekmadieniais.<\/p>\n<p>Be reguliari\u0173 savaitini\u0173 La Primitiva ir El Gordo lo\u0161im\u0173, yra kal\u0117dinis El Gordo lo\u0161imas, kuris traukiamas tik kart\u0105 per metus, gruod\u017eio 22 d.<\/p>\n","protected":false},"excerpt":{"rendered":"<p>La Primitiva internetu Ispanijos loterijos visada trauk\u0117 daugelio vaizduot\u0119, ir La Primitiva n\u0117ra i\u0161imtis. O dabar &#8220;La Primitiva&#8221; biliet\u0105 internetu galite nusipirkti ir u\u017e Ispanijos rib\u0173. Anks\u010diau &#8220;La Primitiva&#8221; buvo skirta tik Ispanijos pilie\u010diams, ta\u010diau, plintant komunikacijoms, ji persik\u0117l\u0117 \u012f kit\u0105 kart\u0105 ir yra si\u016bloma visiems, sulaukusiems 18 met\u0173. M\u016bs\u0173 svetain\u0117je &#8220;La Primitiva Lotto&#8221; dabar [&hellip;]<\/p>\n","protected":false},"author":1,"featured_media":0,"parent":35768,"menu_order":7,"comment_status":"closed","ping_status":"closed","template":"la-primitiva-info.php","meta":{"_et_pb_use_builder":"","_et_pb_old_content":"","_et_gb_content_width":"","exclude_from_search":false,"footnotes":""},"class_list":["post-36739","page","type-page","status-publish","hentry"],"yoast_head":"<!-- This site is optimized with the Yoast SEO plugin v23.3 - https:\/\/yoast.com\/wordpress\/plugins\/seo\/ -->\n<title>Pirkti biliet\u0105 \u012f La Primitiva Lotto internetu ir u\u017e Ispanijos rib\u0173<\/title>\n<meta name=\"description\" content=\"Pirkite &quot;La Primitiva Lotto&quot; bilietus internetu i\u0161 u\u017e Ispanijos rib\u0173, sukry\u017eiuokite pir\u0161tus, laukite ir laim\u0117kite!\" \/>\n<meta name=\"robots\" content=\"index, follow, max-snippet:-1, max-image-preview:large, max-video-preview:-1\" \/>\n<link rel=\"canonical\" href=\"https:\/\/jackpotlotteryonline.com\/buy-tickets\/la-primitiva\/\" \/>\n<meta property=\"og:locale\" content=\"lt_LT\" \/>\n<meta property=\"og:type\" content=\"article\" \/>\n<meta property=\"og:title\" content=\"Pirkti biliet\u0105 \u012f La Primitiva Lotto internetu ir u\u017e Ispanijos rib\u0173\" \/>\n<meta property=\"og:description\" content=\"Pirkite &quot;La Primitiva Lotto&quot; bilietus internetu i\u0161 u\u017e Ispanijos rib\u0173, sukry\u017eiuokite pir\u0161tus, laukite ir laim\u0117kite!\" \/>\n<meta property=\"og:url\" content=\"https:\/\/jackpotlotteryonline.com\/buy-tickets\/la-primitiva\/\" \/>\n<meta property=\"og:site_name\" content=\"Lotto Online - Crack The International Lottery Jackpots\" \/>\n<meta property=\"article:modified_time\" content=\"2022-12-21T15:17:03+00:00\" \/>\n<meta property=\"og:image\" content=\"https:\/\/jackpotlotteryonline.com\/wp-content\/uploads\/2022\/11\/read1.jpg\" \/>\n<meta name=\"twitter:card\" content=\"summary_large_image\" \/>\n<meta name=\"twitter:label1\" content=\"Est. reading time\" \/>\n\t<meta name=\"twitter:data1\" content=\"2 minut\u0117s\" \/>\n<!-- \/ Yoast SEO plugin. -->","yoast_head_json":{"title":"Pirkti biliet\u0105 \u012f La Primitiva Lotto internetu ir u\u017e Ispanijos rib\u0173","description":"Pirkite \"La Primitiva Lotto\" bilietus internetu i\u0161 u\u017e Ispanijos rib\u0173, sukry\u017eiuokite pir\u0161tus, laukite ir laim\u0117kite!","robots":{"index":"index","follow":"follow","max-snippet":"max-snippet:-1","max-image-preview":"max-image-preview:large","max-video-preview":"max-video-preview:-1"},"canonical":"https:\/\/jackpotlotteryonline.com\/buy-tickets\/la-primitiva\/","og_locale":"lt_LT","og_type":"article","og_title":"Pirkti biliet\u0105 \u012f La Primitiva Lotto internetu ir u\u017e Ispanijos rib\u0173","og_description":"Pirkite \"La Primitiva Lotto\" bilietus internetu i\u0161 u\u017e Ispanijos rib\u0173, sukry\u017eiuokite pir\u0161tus, laukite ir laim\u0117kite!","og_url":"https:\/\/jackpotlotteryonline.com\/buy-tickets\/la-primitiva\/","og_site_name":"Lotto Online - Crack The International Lottery Jackpots","article_modified_time":"2022-12-21T15:17:03+00:00","og_image":[{"url":"https:\/\/jackpotlotteryonline.com\/wp-content\/uploads\/2022\/11\/read1.jpg"}],"twitter_card":"summary_large_image","twitter_misc":{"Est. reading time":"2 minut\u0117s"},"schema":{"@context":"https:\/\/schema.org","@graph":[{"@type":"WebPage","@id":"https:\/\/jackpotlotteryonline.com\/buy-tickets\/la-primitiva\/","url":"https:\/\/jackpotlotteryonline.com\/buy-tickets\/la-primitiva\/","name":"Pirkti biliet\u0105 \u012f La Primitiva Lotto internetu ir u\u017e Ispanijos rib\u0173","isPartOf":{"@id":"https:\/\/jackpotlotteryonline.com\/#website"},"primaryImageOfPage":{"@id":"https:\/\/jackpotlotteryonline.com\/buy-tickets\/la-primitiva\/#primaryimage"},"image":{"@id":"https:\/\/jackpotlotteryonline.com\/buy-tickets\/la-primitiva\/#primaryimage"},"thumbnailUrl":"https:\/\/jackpotlotteryonline.com\/wp-content\/uploads\/2022\/11\/read1.jpg","datePublished":"2022-11-08T12:35:26+00:00","dateModified":"2022-12-21T15:17:03+00:00","description":"Pirkite \"La Primitiva Lotto\" bilietus internetu i\u0161 u\u017e Ispanijos rib\u0173, sukry\u017eiuokite pir\u0161tus, laukite ir laim\u0117kite!","breadcrumb":{"@id":"https:\/\/jackpotlotteryonline.com\/buy-tickets\/la-primitiva\/#breadcrumb"},"inLanguage":"lt-LT","potentialAction":[{"@type":"ReadAction","target":["https:\/\/jackpotlotteryonline.com\/buy-tickets\/la-primitiva\/"]}]},{"@type":"ImageObject","inLanguage":"lt-LT","@id":"https:\/\/jackpotlotteryonline.com\/buy-tickets\/la-primitiva\/#primaryimage","url":"https:\/\/jackpotlotteryonline.com\/wp-content\/uploads\/2022\/11\/read1.jpg","contentUrl":"https:\/\/jackpotlotteryonline.com\/wp-content\/uploads\/2022\/11\/read1.jpg"},{"@type":"BreadcrumbList","@id":"https:\/\/jackpotlotteryonline.com\/buy-tickets\/la-primitiva\/#breadcrumb","itemListElement":[{"@type":"ListItem","position":1,"name":"Home","item":"https:\/\/jackpotlotteryonline.com\/lt\/"},{"@type":"ListItem","position":2,"name":"Kaip nusipirkti loterijos bilietus internetu","item":"https:\/\/jackpotlotteryonline.com\/buy-tickets\/"},{"@type":"ListItem","position":3,"name":"Pirkti La Primitiva bilietus"}]},{"@type":"WebSite","@id":"https:\/\/jackpotlotteryonline.com\/#website","url":"https:\/\/jackpotlotteryonline.com\/","name":"Lotto Online - Crack The International Lottery Jackpots","description":"","potentialAction":[{"@type":"SearchAction","target":{"@type":"EntryPoint","urlTemplate":"https:\/\/jackpotlotteryonline.com\/?s={search_term_string}"},"query-input":"required name=search_term_string"}],"inLanguage":"lt-LT"}]}},"_links":{"self":[{"href":"https:\/\/jackpotlotteryonline.com\/lt\/wp-json\/wp\/v2\/pages\/36739","targetHints":{"allow":["GET"]}}],"collection":[{"href":"https:\/\/jackpotlotteryonline.com\/lt\/wp-json\/wp\/v2\/pages"}],"about":[{"href":"https:\/\/jackpotlotteryonline.com\/lt\/wp-json\/wp\/v2\/types\/page"}],"author":[{"embeddable":true,"href":"https:\/\/jackpotlotteryonline.com\/lt\/wp-json\/wp\/v2\/users\/1"}],"replies":[{"embeddable":true,"href":"https:\/\/jackpotlotteryonline.com\/lt\/wp-json\/wp\/v2\/comments?post=36739"}],"version-history":[{"count":0,"href":"https:\/\/jackpotlotteryonline.com\/lt\/wp-json\/wp\/v2\/pages\/36739\/revisions"}],"up":[{"embeddable":true,"href":"https:\/\/jackpotlotteryonline.com\/lt\/wp-json\/wp\/v2\/pages\/35768"}],"wp:attachment":[{"href":"https:\/\/jackpotlotteryonline.com\/lt\/wp-json\/wp\/v2\/media?parent=36739"}],"curies":[{"name":"wp","href":"https:\/\/api.w.org\/{rel}","templated":true}]}}