{"id":36794,"date":"2022-11-09T07:05:35","date_gmt":"2022-11-09T07:05:35","guid":{"rendered":"https:\/\/jackpotlotteryonline.com\/?page_id=36794"},"modified":"2023-01-03T21:40:16","modified_gmt":"2023-01-03T21:40:16","slug":"lotto-france","status":"publish","type":"page","link":"https:\/\/jackpotlotteryonline.com\/lt\/pirkti-bilietus\/lotto-france\/","title":{"rendered":"Pirkti Lotto Pranc\u016bzija bilietus"},"content":{"rendered":"<p>Ar galite nusipirkti Pranc\u016bzijos Lotto bilietus ne i\u0161 Europos \u0161alies? Galb\u016bt esate patyr\u0119s lo\u0161\u0117jas arba naujokas ir svarstote, kod\u0117l jus tur\u0117t\u0173 dominti b\u016btent \u0161i loterija. Pasidalysime su jumis keliomis prie\u017eastimis, kod\u0117l manome, kad Pranc\u016bzijos nacionalin\u0117 loterija yra puikus \u017eaidimas. Jei esate \u017eaid\u0117jas i\u0161 kito pasaulio kra\u0161to, su\u017einosite, kaip \u012fsigyti \u0161ios loterijos \u012fra\u0161us.<\/p>\n<p>Loterija yra atsitiktinumo \u017eaidimas ir kartais, norint pagauti didesn\u0119 \u017euv\u012f, gali tekti i\u0161skleisti tinkl\u0105. I\u0161 esm\u0117s tai rei\u0161kia, kad reikia i\u0161tirti kitas loterijas, kad padidintum\u0117te savo galimybes laim\u0117ti. Pranc\u016bzijos loterij\u0105 verta i\u0161bandyti d\u0117l daugyb\u0117s prie\u017eas\u010di\u0173, kurias \u0161iame straipsnyje paliesime.<\/p>\n<h2>Nuostabios pagrindinio prizo sumos<\/h2>\n<p>Pranc\u016bz\u0173 loterija, dar vadinama &#8220;France Lotto&#8221; arba trumpiau &#8211; &#8220;Loto&#8221;, turi labai patrauklius pagrindinius prizus, kurie pritraukia \u017eaid\u0117jus i\u0161 viso pasaulio. Pradinis 2 mln. eur\u0173 vert\u0117s aukso puodas gali b\u016bti daug didesnis, jei po kiekvieno tira\u017eo jo nepavyks laim\u0117ti.<\/p>\n<p>Pranc\u016bzijos loterijos pagrindinis prizas, kai n\u0117ra laim\u0117tojo, atsinaujina ir did\u0117ja tol, kol pasiekia didel\u0119 sum\u0105. \u017daisdami \u0161i\u0105 Europos loterij\u0105 galite tapti 11 mln. eur\u0173 ar didesnio pagrindinio prizo laim\u0117toju.<\/p>\n<p>\u20ac ir gali did\u0117ti 34 kartus i\u0161 eil\u0117s, kol nustos did\u0117ti. Pabandykite \u012fsivaizduoti, kiek tai gali sudaryti, ir gana greitai.<\/p>\n<h2>Keli tira\u017eai per savait\u0119<\/h2>\n<p>Pagrindinio prizo prizas taip spar\u010diai auga d\u0117l to, kad yra daugyb\u0117 traukim\u0173.<a href=\"https:\/\/jackpotlotteryonline.com\/lt\/laimeje-skaitmenys\/france-lotto-2\"> Pranc\u016bzijos loterijoje per savait\u0119<\/a> vyksta trys tira\u017eai, tod\u0117l \u017eaid\u0117jai turi kelet\u0105 galimybi\u0173 laim\u0117ti didel\u012f laim\u0117jim\u0105. Laim\u0117jimai vyksta pirmadien\u012f, tre\u010diadien\u012f ir \u0161e\u0161tadien\u012f.<\/p>\n<p>Jei nuspr\u0119site dalyvauti \u0161ioje loterijoje, rekomenduojame dalyvauti keliuose tira\u017euose, nes taip padidinsite savo \u0161ansus laim\u0117ti.<\/p>\n<h2>10 skirting\u0173 priz\u0173 kategorij\u0173<\/h2>\n<p><img loading=\"lazy\" decoding=\"async\" class=\"alignright size-full wp-image-30344\" src=\"http:\/\/jackpotlotteryonline.com\/wp-content\/uploads\/2022\/11\/1_winning_numbers_euromillions.jpg\" alt=\"Pranc\u016bzijos loterijos priz\u0173 kategorija\" width=\"300\" height=\"300\" srcset=\"https:\/\/jackpotlotteryonline.com\/wp-content\/uploads\/2022\/11\/1_winning_numbers_euromillions.jpg 300w, https:\/\/jackpotlotteryonline.com\/wp-content\/uploads\/2022\/11\/1_winning_numbers_euromillions-100x100.jpg 100w, https:\/\/jackpotlotteryonline.com\/wp-content\/uploads\/2022\/11\/1_winning_numbers_euromillions-150x150.jpg 150w\" sizes=\"auto, (max-width: 300px) 100vw, 300px\" \/><\/p>\n<p>Pagrindinis prizas yra patrauklus, ta\u010diau tai ne vienintelis dalykas, kur\u012f galite laim\u0117ti <a href=\"https:\/\/jackpotlotteryonline.com\/lt\/kaip-zaisti\/france-lotto\">\u017eaisdami Pranc\u016bzijos loto<\/a>. \u0160ioje 1978 m. \u012fsteigtoje loterijoje yra de\u0161imt skirting\u0173 priz\u0173 kategorij\u0173. Yra net prizas u\u017e atsitiktinio skai\u010diaus atitikim\u0105.<\/p>\n<p>Toliau i\u0161vardytos priz\u0173 kategorijos.<\/p>\n<p>5 skai\u010di\u0173 ir atsitiktinio skai\u010diaus atitikimas &#8211; aukso puodas<br \/>\nTik 5 skai\u010di\u0173 atitikimas &#8211; 8,44 % prizinio fondo<br \/>\n4 skai\u010di\u0173 ir atsitiktinio skai\u010diaus atitikimas &#8211; 2,06 % prizinio fondo<br \/>\nTik 4 skai\u010di\u0173 atitikimas &#8211; 7,43 % prizinio fondo<br \/>\n3 skai\u010diai + atsitiktinis skai\u010dius &#8211; 4,44 % prizinio fondo.<br \/>\nTik 3 skai\u010di\u0173 atitikimas &#8211; 15,98 % prizinio fondo l\u0117\u0161\u0173<br \/>\n2 numeriai + atsitiktinis skai\u010dius &#8211; 12,43 % prizinio fondo l\u0117\u0161\u0173<br \/>\nTik 2 skai\u010di\u0173 atitikimas &#8211; 49,22 % prizinio fondo l\u0117\u0161\u0173<br \/>\n1 skai\u010dius + atsitiktinis skai\u010dius &#8211; 2,20 \u20ac<br \/>\nTik atsitiktinis skai\u010dius &#8211; 2,20 EUR<\/p>\n<h2>Lengva \u017eaisti neprisijungus ir internetu<\/h2>\n<p>Dar viena prie\u017eastis, d\u0117l kurios verta apsvarstyti galimyb\u0119 \u017eaisti Pranc\u016bzijos loterijoje, yra ta, kad joje dalyvauti gana paprasta. Jei gyvenate Pranc\u016bzijoje, dalyvauti loterijoje paprasta &#8211; tereikia nueiti pas registruot\u0105 loterijos pardav\u0117j\u0105 ir nusipirkti loterijos kvit\u0105. Loterijos kvite galite pasirinkti 5 pagrindinius skai\u010dius ir atsitiktin\u012f skai\u010di\u0173. Galite pasirinkti daugiau nei vien\u0105 skai\u010di\u0173 eilut\u0119, kad padidintum\u0117te savo galimybes laim\u0117ti loterijoje.<\/p>\n<p>Ta\u010diau jei gyvenate ne Pranc\u016bzijoje, dalyvauti loterijoje n\u0117ra taip paprasta. Negalite u\u017eeiti \u012f parduotuv\u0119 ir nusipirkti \u0161ios loterijos biliet\u0173, tod\u0117l bilietus galite \u012fsigyti internetu. Jei loterijoje dalyvaujate internetu, galioja tas pats principas. Tai yra, pasirinkite 5 pagrindinius skai\u010dius ir atsitiktin\u012f skai\u010di\u0173.<\/p>\n<p>Nesvarbu, ar \u017eaid\u017eiate loterijoje ne internetu, ar internetu, turite pasirinkti, kiek tira\u017e\u0173 norite dalyvauti. Pasibaigus tira\u017eams, loterijoje laimi bilietas, kuris atitinka i\u0161trauktus skai\u010dius.<\/p>\n<section class=\"layout\" style=\"border: solid 1px; width: 100%;\">\n<div class=\"img-div\" style=\"margin-top: 5px;\"><img decoding=\"async\" class=\"wp-image-17212 alignleft\" style=\"height: 45px; margin: 8px 8px 0px;\" src=\"http:\/\/jackpotlotteryonline.com\/wp-content\/uploads\/2022\/11\/read1.jpg\" alt=\"skaityti\" width=\"\" height=\"\" \/><\/div>\n<div style=\"padding-left: 5px;\">\n<div style=\"font-size: 1.1em;\">\n<p><strong>Steb\u0117kite, kaip loterijos numeriai traukiami gyvai<\/strong><\/p>\n<p style=\"font-size: 0.85em; margin-top: -1.5em;\">Nepakli\u016bkite \u012f loterijos sp\u0105stus\u00a0\u00a0 <a href=\"https:\/\/jackpotlotteryonline.com\/lt\/ziurekite-kaip-loterijos-numeriai-traukiami-gyvai\"> skaityti daugiau<\/a><\/p>\n<\/div>\n<\/div>\n<\/section>\n<h2>\u017daisti Pranc\u016bzijos Lotto su jackpotlotlotteryonline.com<\/h2>\n<p>Jei esate naujokas \u017eaisdamas loterij\u0105 internetu, viskas gali greitai pasidaryti labai painu. Kaip atsirinkti tarp \u012fvairi\u0173 svetaini\u0173, teigian\u010di\u0173, kad parduoda loterijos bilietus, ir rasti autenti\u0161kus pardav\u0117jus? Tai paprasta. Ie\u0161kokite svetain\u0117s, kuri si\u016blo konsjer\u017eo paslaugas.<\/p>\n<p>Tuo jackpotlotlotteryoneline.com mes si\u016blome konsjer\u017eo paslaugas savo klientams, kad jie gaut\u0173 prieig\u0105 prie pasirinkt\u0173 loterij\u0173. Kai \u012fsigysite \u012fra\u0161\u0105 m\u016bs\u0173 svetain\u0117je, m\u016bs\u0173 agentai Pranc\u016bzijoje nupirks fizinius bilietus su j\u016bs\u0173 pasirinktu numeriu.<\/p>\n<p>Taip elgiamasi siekiant u\u017etikrinti, kad ne tik la\u017eintum\u0117t\u0117s d\u0117l loterijos rezultat\u0173, bet ir kad i\u0161 ties\u0173 dalyvautum\u0117te loterijos lo\u0161imuose ir tur\u0117tum\u0117te galimyb\u0119 laim\u0117ti pagrindin\u012f priz\u0105.<\/p>\n<h2>Patarimai, kaip padidinti savo galimybes laim\u0117ti<\/h2>\n<p><img loading=\"lazy\" decoding=\"async\" class=\"alignright size-full wp-image-35051\" src=\"http:\/\/jackpotlotteryonline.com\/wp-content\/uploads\/2022\/11\/2_ticket_saturday_lotto_au-1-166x300-1.jpg\" alt=\"Pranc\u016bzijos loterijos bilietas\" width=\"166\" height=\"300\" \/><\/p>\n<p>Loterija &#8211; tai \u017eaidimas su skai\u010diais. Kuo daugiau \u017eaid\u017eiate, tuo didesn\u0117 tikimyb\u0117 laim\u0117ti. Didel\u0117 dalis loterijos laim\u0117toj\u0173 atskleid\u0117, kad prie\u0161 laim\u0117dami jie \u017eaid\u0117 kelerius metus. Taigi pateikiame kelet\u0105 b\u016bd\u0173, kaip galite padidinti savo galimybes laim\u0117ti loterijoje.<\/p>\n<ul>\n<li>\u012esigykite kelis loterijos \u012fra\u0161us. Tai atrodo taip akivaizdu, ta\u010diau yra \u017emoni\u0173, kurie \u012fsigyja vien\u0105 \u012fra\u0161\u0105 vienam tira\u017eui ir po to jau\u010diasi nusivyl\u0119, nes nelaim\u0117jo. Jei norite padidinti savo galimybes laim\u0117ti, turite \u012fsigyti kelis \u012fra\u0161us.<\/li>\n<li>Taip pat dalyvaukite keliuose traukimuose. Ta pati logika galioja ir tira\u017eams. Kuo daugiau loterij\u0173 dalyvausite, tuo didesn\u0117 tikimyb\u0117 laim\u0117ti didel\u012f laim\u0117jim\u0105.<\/li>\n<li>Pabandykite prisijungti prie loterijos sindikato. Tai \u017emoni\u0173 grup\u0117, susib\u016brusi tam, kad sutelkt\u0173 savo i\u0161teklius ir gal\u0117t\u0173 \u017eaisti loterijoje. Suvienij\u0119 i\u0161teklius, jie gali \u012fsigyti daugiau \u012fra\u0161\u0173 ir dalyvauti keliuose tira\u017euose. \u012edomu tai, kad daugelis loterij\u0173 sindikat\u0173 per daugel\u012f met\u0173 laim\u0117jo ne\u012ftik\u0117tinus aukso puodus, tod\u0117l tai gera galimyb\u0117 i\u0161bandyti.<\/li>\n<li>Tik\u0117kite, kad laim\u0117site. Pritraukimo d\u0117snis yra dalykas ir daugyb\u0117 loterijos laim\u0117toj\u0173 pasakyt\u0173, kad jie tik\u0117jo, jog laim\u0117s loterijoje. Jei ketinate praleisti nors kiek laiko \u017eaisdami loterij\u0105, verta tvirtai tik\u0117ti, kad laim\u0117site.<\/li>\n<li>Nepasiduokite. Kai kelis kartus \u017eaid\u017eiate ir nelaimite, kyla pagunda pasiduoti. Ta\u010diau jei tikrai norite laim\u0117ti daug, turite b\u016bti nuosekl\u016bs. Statykite tik tiek, kiek galite sau leisti.<\/li>\n<li>Nepamir\u0161kite, kad \u017eaisdami loterijoje turite linksmintis. Gal\u0173 gale, tai vis tiek yra \u017eaidimas, ir kol m\u0117gaujat\u0117s \u0161ia patirtimi, tol verta tai daryti.<\/li>\n<\/ul>\n<h2>\u012esigykite Pranc\u016bzijos Lotto bilietus dabar<\/h2>\n<p>Jei jus, kaip ir mus, jaudina Pranc\u016bzijos loterija, tuomet at\u0117jo laikas \u012fsigyti savo loterijos bilietus. Laimei, neb\u0117ra svarbu, kur gyvenate, nes bilietus galite \u012fsigyti internetu.<\/p>\n<p>U\u017esiregistrav\u0119 pas mus, netur\u0117site nerimauti, kad prarasite bilietus ar pamir\u0161ite patikrinti rezultatus. Mes visa tai sutvarkome u\u017e jus ir \u012fsp\u0117jame apie galimus laim\u0117jimus. Be to, per m\u016bs\u0173 platform\u0105 galite lengvai atsiimti laim\u0117jimus.<\/p>\n<p>\u017daisdami m\u016bs\u0173 svetain\u0117je, loterijoje gal\u0117site \u017eaisti skland\u017eiai ir be streso. Niekada ne\u017einote, ar b\u016btent \u0161i\u0105 dien\u0105 s\u0117km\u0117 bus j\u016bs\u0173 pus\u0117je. Tad kod\u0117l gi neu\u017esiregistravus pas mus \u0161iandien ir ne\u012fsigijus Pranc\u016bzijos loterijos biliet\u0173?<\/p>\n","protected":false},"excerpt":{"rendered":"<p>Ar galite nusipirkti Pranc\u016bzijos Lotto bilietus ne i\u0161 Europos \u0161alies? Galb\u016bt esate patyr\u0119s lo\u0161\u0117jas arba naujokas ir svarstote, kod\u0117l jus tur\u0117t\u0173 dominti b\u016btent \u0161i loterija. Pasidalysime su jumis keliomis prie\u017eastimis, kod\u0117l manome, kad Pranc\u016bzijos nacionalin\u0117 loterija yra puikus \u017eaidimas. Jei esate \u017eaid\u0117jas i\u0161 kito pasaulio kra\u0161to, su\u017einosite, kaip \u012fsigyti \u0161ios loterijos \u012fra\u0161us. Loterija yra atsitiktinumo [&hellip;]<\/p>\n","protected":false},"author":1,"featured_media":0,"parent":35768,"menu_order":9,"comment_status":"closed","ping_status":"closed","template":"lotto-fr-info.php","meta":{"_et_pb_use_builder":"","_et_pb_old_content":"","_et_gb_content_width":"","exclude_from_search":false,"footnotes":""},"class_list":["post-36794","page","type-page","status-publish","hentry"],"yoast_head":"<!-- This site is optimized with the Yoast SEO plugin v23.3 - https:\/\/yoast.com\/wordpress\/plugins\/seo\/ -->\n<title>Pirkti Pranc\u016bzijos Lotto bilietus i\u0161 ne Pranc\u016bzijos rib\u0173 | Gaukite Pranc\u016bzijos Lotto bilietus internetu<\/title>\n<meta name=\"description\" content=\"Nor\u0117dami pirkti &quot;France Lotto&quot; bilietus, neb\u016btinai turite b\u016bti Pranc\u016bzijoje. \u012esigykite Pranc\u016bzijos loterijos bilietus internetu \u010dia!\" \/>\n<meta name=\"robots\" content=\"index, follow, max-snippet:-1, max-image-preview:large, max-video-preview:-1\" \/>\n<link rel=\"canonical\" href=\"https:\/\/jackpotlotteryonline.com\/lt\/pirkti-bilietus\/lotto-france\/\" \/>\n<meta property=\"og:locale\" content=\"lt_LT\" \/>\n<meta property=\"og:type\" content=\"article\" \/>\n<meta property=\"og:title\" content=\"Pirkti Pranc\u016bzijos Lotto bilietus i\u0161 ne Pranc\u016bzijos rib\u0173 | Gaukite Pranc\u016bzijos Lotto bilietus internetu\" \/>\n<meta property=\"og:description\" content=\"Nor\u0117dami pirkti &quot;France Lotto&quot; bilietus, neb\u016btinai turite b\u016bti Pranc\u016bzijoje. \u012esigykite Pranc\u016bzijos loterijos bilietus internetu \u010dia!\" \/>\n<meta property=\"og:url\" content=\"https:\/\/jackpotlotteryonline.com\/lt\/pirkti-bilietus\/lotto-france\/\" \/>\n<meta property=\"og:site_name\" content=\"Lotto Online - Crack The International Lottery Jackpots\" \/>\n<meta property=\"article:modified_time\" content=\"2023-01-03T21:40:16+00:00\" \/>\n<meta property=\"og:image\" content=\"http:\/\/jackpotlotteryonline.com\/wp-content\/uploads\/2022\/11\/1_winning_numbers_euromillions.jpg\" \/>\n<meta name=\"twitter:card\" content=\"summary_large_image\" \/>\n<meta name=\"twitter:label1\" content=\"Est. reading time\" \/>\n\t<meta name=\"twitter:data1\" content=\"5 minut\u0117s\" \/>\n<!-- \/ Yoast SEO plugin. -->","yoast_head_json":{"title":"Pirkti Pranc\u016bzijos Lotto bilietus i\u0161 ne Pranc\u016bzijos rib\u0173 | Gaukite Pranc\u016bzijos Lotto bilietus internetu","description":"Nor\u0117dami pirkti \"France Lotto\" bilietus, neb\u016btinai turite b\u016bti Pranc\u016bzijoje. \u012esigykite Pranc\u016bzijos loterijos bilietus internetu \u010dia!","robots":{"index":"index","follow":"follow","max-snippet":"max-snippet:-1","max-image-preview":"max-image-preview:large","max-video-preview":"max-video-preview:-1"},"canonical":"https:\/\/jackpotlotteryonline.com\/lt\/pirkti-bilietus\/lotto-france\/","og_locale":"lt_LT","og_type":"article","og_title":"Pirkti Pranc\u016bzijos Lotto bilietus i\u0161 ne Pranc\u016bzijos rib\u0173 | Gaukite Pranc\u016bzijos Lotto bilietus internetu","og_description":"Nor\u0117dami pirkti \"France Lotto\" bilietus, neb\u016btinai turite b\u016bti Pranc\u016bzijoje. \u012esigykite Pranc\u016bzijos loterijos bilietus internetu \u010dia!","og_url":"https:\/\/jackpotlotteryonline.com\/lt\/pirkti-bilietus\/lotto-france\/","og_site_name":"Lotto Online - Crack The International Lottery Jackpots","article_modified_time":"2023-01-03T21:40:16+00:00","og_image":[{"url":"http:\/\/jackpotlotteryonline.com\/wp-content\/uploads\/2022\/11\/1_winning_numbers_euromillions.jpg"}],"twitter_card":"summary_large_image","twitter_misc":{"Est. reading time":"5 minut\u0117s"},"schema":{"@context":"https:\/\/schema.org","@graph":[{"@type":"WebPage","@id":"https:\/\/jackpotlotteryonline.com\/lt\/pirkti-bilietus\/lotto-france\/","url":"https:\/\/jackpotlotteryonline.com\/lt\/pirkti-bilietus\/lotto-france\/","name":"Pirkti Pranc\u016bzijos Lotto bilietus i\u0161 ne Pranc\u016bzijos rib\u0173 | Gaukite Pranc\u016bzijos Lotto bilietus internetu","isPartOf":{"@id":"https:\/\/jackpotlotteryonline.com\/#website"},"primaryImageOfPage":{"@id":"https:\/\/jackpotlotteryonline.com\/lt\/pirkti-bilietus\/lotto-france\/#primaryimage"},"image":{"@id":"https:\/\/jackpotlotteryonline.com\/lt\/pirkti-bilietus\/lotto-france\/#primaryimage"},"thumbnailUrl":"http:\/\/jackpotlotteryonline.com\/wp-content\/uploads\/2022\/11\/1_winning_numbers_euromillions.jpg","datePublished":"2022-11-09T07:05:35+00:00","dateModified":"2023-01-03T21:40:16+00:00","description":"Nor\u0117dami pirkti \"France Lotto\" bilietus, neb\u016btinai turite b\u016bti Pranc\u016bzijoje. \u012esigykite Pranc\u016bzijos loterijos bilietus internetu \u010dia!","breadcrumb":{"@id":"https:\/\/jackpotlotteryonline.com\/lt\/pirkti-bilietus\/lotto-france\/#breadcrumb"},"inLanguage":"lt-LT","potentialAction":[{"@type":"ReadAction","target":["https:\/\/jackpotlotteryonline.com\/lt\/pirkti-bilietus\/lotto-france\/"]}]},{"@type":"ImageObject","inLanguage":"lt-LT","@id":"https:\/\/jackpotlotteryonline.com\/lt\/pirkti-bilietus\/lotto-france\/#primaryimage","url":"http:\/\/jackpotlotteryonline.com\/wp-content\/uploads\/2022\/11\/1_winning_numbers_euromillions.jpg","contentUrl":"http:\/\/jackpotlotteryonline.com\/wp-content\/uploads\/2022\/11\/1_winning_numbers_euromillions.jpg"},{"@type":"BreadcrumbList","@id":"https:\/\/jackpotlotteryonline.com\/lt\/pirkti-bilietus\/lotto-france\/#breadcrumb","itemListElement":[{"@type":"ListItem","position":1,"name":"Home","item":"https:\/\/jackpotlotteryonline.com\/lt\/"},{"@type":"ListItem","position":2,"name":"Kaip nusipirkti loterijos bilietus internetu","item":"https:\/\/jackpotlotteryonline.com\/buy-tickets\/"},{"@type":"ListItem","position":3,"name":"Pirkti Lotto Pranc\u016bzija bilietus"}]},{"@type":"WebSite","@id":"https:\/\/jackpotlotteryonline.com\/#website","url":"https:\/\/jackpotlotteryonline.com\/","name":"Lotto Online - Crack The International Lottery Jackpots","description":"","potentialAction":[{"@type":"SearchAction","target":{"@type":"EntryPoint","urlTemplate":"https:\/\/jackpotlotteryonline.com\/?s={search_term_string}"},"query-input":"required name=search_term_string"}],"inLanguage":"lt-LT"}]}},"_links":{"self":[{"href":"https:\/\/jackpotlotteryonline.com\/lt\/wp-json\/wp\/v2\/pages\/36794","targetHints":{"allow":["GET"]}}],"collection":[{"href":"https:\/\/jackpotlotteryonline.com\/lt\/wp-json\/wp\/v2\/pages"}],"about":[{"href":"https:\/\/jackpotlotteryonline.com\/lt\/wp-json\/wp\/v2\/types\/page"}],"author":[{"embeddable":true,"href":"https:\/\/jackpotlotteryonline.com\/lt\/wp-json\/wp\/v2\/users\/1"}],"replies":[{"embeddable":true,"href":"https:\/\/jackpotlotteryonline.com\/lt\/wp-json\/wp\/v2\/comments?post=36794"}],"version-history":[{"count":0,"href":"https:\/\/jackpotlotteryonline.com\/lt\/wp-json\/wp\/v2\/pages\/36794\/revisions"}],"up":[{"embeddable":true,"href":"https:\/\/jackpotlotteryonline.com\/lt\/wp-json\/wp\/v2\/pages\/35768"}],"wp:attachment":[{"href":"https:\/\/jackpotlotteryonline.com\/lt\/wp-json\/wp\/v2\/media?parent=36794"}],"curies":[{"name":"wp","href":"https:\/\/api.w.org\/{rel}","templated":true}]}}