{"id":36847,"date":"2022-11-09T09:01:05","date_gmt":"2022-11-09T09:01:05","guid":{"rendered":"https:\/\/jackpotlotteryonline.com\/?page_id=36847"},"modified":"2023-01-04T09:16:11","modified_gmt":"2023-01-04T09:16:11","slug":"lotto-america","status":"publish","type":"page","link":"https:\/\/jackpotlotteryonline.com\/lt\/pirkti-bilietus\/lotto-america\/","title":{"rendered":"Lotto America bilietai internetu"},"content":{"rendered":"<p>2018 m. kovo m\u0117n. \u0161eima laim\u0117jo 23 mln. doleri\u0173 vert\u0117s &#8220;Lotto America&#8221; pagrindin\u012f priz\u0105. Tai did\u017eiausias prizas, kur\u012f iki \u0161iol yra laim\u0117j\u0119s bet kuris \u017eaid\u0117jas, ta\u010diau tai atkreip\u0117 d\u0117mes\u012f \u012f \u0161i\u0105 loterij\u0105. 1988 m. septyni\u0173 Amerikos valstij\u0173 \u012fsteigta loterija, prie jos prisijung\u0117 dar kelios valstijos. B\u0117gant metams i\u0161 \u0161ios loterijos i\u0161augo keli milijonieriai.<\/p>\n<p>\u0160ios loterijos bilietus galite \u012fsigyti bet kurioje i\u0161 joje dalyvaujan\u010di\u0173 valstij\u0173. \u012edomu tai, kad \u0161i loterija n\u0117ra vienintel\u0117 JAV, ta\u010diau ji nuolat pritraukia \u017eaid\u0117jus i\u0161 visur. Jei \u017eaid\u017eiate ne \u0160iaur\u0117s Amerikoje, jums gali kilti klausimas, kaip nusipirkti \u0161ios loterijos bilietus.<\/p>\n<p>Mes jums pad\u0117sime <a href=\"https:\/\/jackpotlotteryonline.com\/lt\/kaip-zaisti\/lotto-america-2\">s\u0117kmingai \u017eaisti \u0161i\u0105 loterij\u0105 ne i\u0161 Valstij\u0173<\/a>. Taip pat pasistengsime atsakyti \u012f visus jums r\u016bpimus klausimus apie &#8220;Lotto America&#8221; ir kaip dalyvauti loterijoje.<\/p>\n<h2>Kaip veikia \u0161i loterija?<\/h2>\n<p><img loading=\"lazy\" decoding=\"async\" class=\"size-full wp-image-29993 alignright\" src=\"https:\/\/jackpotlotteryonline.com\/wp-content\/uploads\/2022\/11\/1_win_lottery_usa_online.jpg\" alt=\"Lotto America bilietai internetu\" width=\"300\" height=\"200\" \/><\/p>\n<p>Kaip ir dauguma loterijos \u017eaidim\u0173, tai yra \u017eaidimas su skai\u010diais keliais b\u016bdais. Tai skai\u010di\u0173 \u017eaidimas, nes \u017eaid\u0117jai neturi dideli\u0173 \u0161ans\u0173 laim\u0117ti. Ta\u010diau tokia jau yra loterija ir ne\u017einia, kada s\u0117km\u0117 bus palanki \u017eaid\u0117jui. Be to, tai yra \u017eaidimas su skai\u010diais, nes jis \u017eaid\u017eiamas tokiu b\u016bdu.<\/p>\n<p>\u0160ioje JAV loterijoje \u017eaid\u0117jai turi pasirinkti penkis pagrindinius skai\u010dius nuo 1 iki 52. Taip pat reikia pasirinkti &#8220;Star Ball&#8221; numer\u012f nuo 1 iki 10. I\u0161 viso tai yra 6 skai\u010diai. Jei nesate tikri, kokius numerius pasirinkti, galite pasinaudoti automatiniu pasirinkimo \u012frankiu, kad tai b\u016bt\u0173 grei\u010diau. Be to, galite pasirinkti kelias skai\u010di\u0173 eilutes, kad padidintum\u0117te laim\u0117jimo tikimyb\u0119.<\/p>\n<p>Toliau pasirinkite, kiek tira\u017e\u0173 norite dalyvauti. \u0160i Amerikos loterija rengia tris tira\u017eus per savait\u0119 &#8211; pirmadien\u012f, tre\u010diadien\u012f ir \u0161e\u0161tadien\u012f. Galite dalyvauti keliuose tira\u017euose.<\/p>\n<h2>\u017daidimas &#8220;All Star Bonus<\/h2>\n<p>\u017daidimas &#8220;All Star Bonus&#8221; &#8211; tai b\u016bdas padauginti laim\u0117jim\u0105. Rinkdamiesi numerius, u\u017e papildom\u0105 mokest\u012f galite \u012ftraukti &#8220;All Star&#8221; premij\u0105. Tai ypa\u010d naudinga tiems, kurie laimi kit\u0173 kategorij\u0173 prizus, nes gali gerokai padidinti tai, k\u0105 jie parsine\u0161a namo.<\/p>\n<p>Premija &#8220;All Star&#8221; atsitiktinai parenkama ir paskelbiama <a href=\"https:\/\/jackpotlotteryonline.com\/lt\/laimeje-skaitmenys\/lotto-america\">burt\u0173 traukimo dien\u0105<\/a>. Atkreipkite d\u0117mes\u012f, kad negalite jos \u012ftraukti po to, kai jau atlikote pirkim\u0105. Ji turi b\u016bti \u012ftraukta perkant biliet\u0105.<\/p>\n<section class=\"layout\" style=\"border: solid 1px; width: 100%;\">\n<div class=\"img-div\" style=\"margin-top: 5px;\"><img decoding=\"async\" class=\"wp-image-17212 alignleft\" style=\"height: 45px; margin: 8px 8px 0px;\" src=\"https:\/\/jackpotlotteryonline.com\/wp-content\/uploads\/2022\/11\/read1.jpg\" alt=\"skaityti\" width=\"\" height=\"\" \/><\/div>\n<div style=\"padding-left: 5px;\">\n<div style=\"font-size: 1.1em;\">\n<p><strong>Kai kurie loterijos laim\u0117tojai sugr\u012f\u017eo \u012f bendruomen\u0119<\/strong><\/p>\n<p style=\"font-size: 0.85em; margin-top: -1.5em;\">Keletas \u012fdomi\u0173 ir \u0161ird\u012f d\u017eiuginan\u010di\u0173 istorij\u0173 apie loterijos laim\u0117toj\u0173 param\u0105\u00a0 <a href=\"https:\/\/jackpotlotteryonline.com\/lt\/istorijos-apie-loterijos-laimetojus-duodancius-graza\"> skaityti daugiau<\/a><\/p>\n<\/div>\n<\/div>\n<\/section>\n<h2>Laim\u0117ti aukso puod\u0105<\/h2>\n<p>D\u017eeppo prad\u017eia &#8211; 2 milijonai JAV doleri\u0173. Jei po burt\u0173 traukimo laim\u0117tojo n\u0117ra, jis perkeliamas \u012f kit\u0105 burt\u0173 traukim\u0105. Toliau jis t\u0119siasi, kol pasiekia 10 mln. doleri\u0173. Kaip min\u0117jome prad\u017eioje, jis gali vir\u0161yti 10 mln. doleri\u0173.<\/p>\n<p>Verta pamin\u0117ti, kad pagrindinis prizas n\u0117ra vienintelis prizas, kur\u012f \u017eaid\u0117jas gali laim\u0117ti \u017eaisdamas \u0161i\u0105 amerikieti\u0161k\u0105 loterij\u0105. Joje yra dar a\u0161tuoni priz\u0173 lygiai, \u012fskaitant priz\u0105 vien u\u017e \u017evaig\u017ed\u0117s kamuoliuko atitikim\u0105. Sujungus su &#8220;All Star Bonus&#8221;, papildom\u0105 priz\u0105 laim\u0117j\u0119s \u017eaid\u0117jas gali gr\u012f\u017eti namo daug turtingesnis.<\/p>\n<h2>Kai laimite<\/h2>\n<p>Pasak &#8220;Lotto America&#8221; svetain\u0117s, priz\u0105 galite atsiimti tik toje valstijoje, kurioje laim\u0117jote. Taigi, jei biliet\u0105 nusipirkote, pavyzd\u017eiui, Meino valstijoje, nor\u0117dami atsiimti laim\u0117jim\u0105 tur\u0117site vykti \u012f t\u0105 valstij\u0105. Ta\u010diau, jei gyvenate u\u017e valstijos rib\u0173, viskas yra \u0161iek tiek kitaip.<\/p>\n<h2>Kaip nusipirkti &#8220;Lotto America&#8221; bilietus i\u0161 ne JAV<\/h2>\n<p><img loading=\"lazy\" decoding=\"async\" class=\"alignright size-medium wp-image-34079\" src=\"https:\/\/jackpotlotteryonline.com\/wp-content\/uploads\/2022\/11\/2_ticket_mon_wed_lotto_au-176x300.jpg\" alt=\"Lotto America bilietai i\u0161 u\u017e JAV rib\u0173\" width=\"176\" height=\"300\" srcset=\"https:\/\/jackpotlotteryonline.com\/wp-content\/uploads\/2022\/11\/2_ticket_mon_wed_lotto_au-176x300.jpg 176w, https:\/\/jackpotlotteryonline.com\/wp-content\/uploads\/2022\/11\/2_ticket_mon_wed_lotto_au.jpg 250w\" sizes=\"auto, (max-width: 176px) 100vw, 176px\" \/><\/p>\n<p>Yra tik du b\u016bdai dalyvauti \u0161ioje loterijoje. Pirmasis &#8211; nusipirkti biliet\u0105 i\u0161 pardav\u0117jo bet kurioje i\u0161 valstij\u0173, kuriose parduodami bilietai. Tuo tarpu antrasis b\u016bdas &#8211; gauti prieig\u0105 prie loterijos internetu. Vis daugiau lo\u0161\u0117j\u0173 tarptautin\u0117se loterijose dalyvauja internetu.<\/p>\n<p>Yra loterij\u0173 svetaini\u0173, kurios suteikia \u017eaid\u0117jams teis\u0117t\u0105 prieig\u0105 prie loterij\u0173 visame pasaulyje. Prie\u0161 globojant bet kuri\u0105 i\u0161 \u0161i\u0173 svetaini\u0173, pirmiausia svarbu i\u0161siai\u0161kinti, ar tai yra konjunkt\u016brin\u0117 svetain\u0117. Taip yra tam, kad galiausiai neliktum\u0117te la\u017eintis d\u0117l loterijos rezultat\u0173, o ne dalyvauti loterijoje.<\/p>\n<p>Kai perkate loterijos biliet\u0105 i\u0161 m\u016bs\u0173, gaunate prieig\u0105 prie pasirinktos loterijos. Mes teikiame konsjer\u017eo paslaug\u0105 su agentais visame pasaulyje. \u012esigij\u0119 biliet\u0105 internetu, m\u016bs\u0173 agentai toje \u0161alyje taip pat gaus fizin\u012f biliet\u0105 su atitinkamais skai\u010diais. Kad ir kur b\u016btum\u0117te, galite b\u016bti tikri, kad turite galimyb\u0119 laim\u0117ti didel\u0119 sum\u0105.<\/p>\n","protected":false},"excerpt":{"rendered":"<p>2018 m. kovo m\u0117n. \u0161eima laim\u0117jo 23 mln. doleri\u0173 vert\u0117s &#8220;Lotto America&#8221; pagrindin\u012f priz\u0105. Tai did\u017eiausias prizas, kur\u012f iki \u0161iol yra laim\u0117j\u0119s bet kuris \u017eaid\u0117jas, ta\u010diau tai atkreip\u0117 d\u0117mes\u012f \u012f \u0161i\u0105 loterij\u0105. 1988 m. septyni\u0173 Amerikos valstij\u0173 \u012fsteigta loterija, prie jos prisijung\u0117 dar kelios valstijos. B\u0117gant metams i\u0161 \u0161ios loterijos i\u0161augo keli milijonieriai. \u0160ios loterijos [&hellip;]<\/p>\n","protected":false},"author":1,"featured_media":0,"parent":35768,"menu_order":13,"comment_status":"closed","ping_status":"closed","template":"lotto-america-info.php","meta":{"_et_pb_use_builder":"","_et_pb_old_content":"","_et_gb_content_width":"","exclude_from_search":false,"footnotes":""},"class_list":["post-36847","page","type-page","status-publish","hentry"],"yoast_head":"<!-- This site is optimized with the Yoast SEO plugin v23.3 - https:\/\/yoast.com\/wordpress\/plugins\/seo\/ -->\n<title>Pirkti &quot;Lotto America&quot; bilietus i\u0161 ne JAV rib\u0173 | Lotto America internetu<\/title>\n<meta name=\"description\" content=\"Lotto America galima \u017eaisti u\u017e JAV rib\u0173 - tiesiog nusipirkite Lotto America biliet\u0105 naudodamiesi m\u016bs\u0173 internetine biliet\u0173 paslauga\" \/>\n<meta name=\"robots\" content=\"index, follow, max-snippet:-1, max-image-preview:large, max-video-preview:-1\" \/>\n<link rel=\"canonical\" href=\"https:\/\/jackpotlotteryonline.com\/buy-tickets\/lotto-america\/\" \/>\n<meta property=\"og:locale\" content=\"lt_LT\" \/>\n<meta property=\"og:type\" content=\"article\" \/>\n<meta property=\"og:title\" content=\"Pirkti &quot;Lotto America&quot; bilietus i\u0161 ne JAV rib\u0173 | Lotto America internetu\" \/>\n<meta property=\"og:description\" content=\"Lotto America galima \u017eaisti u\u017e JAV rib\u0173 - tiesiog nusipirkite Lotto America biliet\u0105 naudodamiesi m\u016bs\u0173 internetine biliet\u0173 paslauga\" \/>\n<meta property=\"og:url\" content=\"https:\/\/jackpotlotteryonline.com\/buy-tickets\/lotto-america\/\" \/>\n<meta property=\"og:site_name\" content=\"Lotto Online - Crack The International Lottery Jackpots\" \/>\n<meta property=\"article:modified_time\" content=\"2023-01-04T09:16:11+00:00\" \/>\n<meta property=\"og:image\" content=\"https:\/\/jackpotlotteryonline.com\/wp-content\/uploads\/2022\/11\/1_win_lottery_usa_online.jpg\" \/>\n<meta name=\"twitter:card\" content=\"summary_large_image\" \/>\n<meta name=\"twitter:label1\" content=\"Est. reading time\" \/>\n\t<meta name=\"twitter:data1\" content=\"4 minut\u0117s\" \/>\n<!-- \/ Yoast SEO plugin. -->","yoast_head_json":{"title":"Pirkti \"Lotto America\" bilietus i\u0161 ne JAV rib\u0173 | Lotto America internetu","description":"Lotto America galima \u017eaisti u\u017e JAV rib\u0173 - tiesiog nusipirkite Lotto America biliet\u0105 naudodamiesi m\u016bs\u0173 internetine biliet\u0173 paslauga","robots":{"index":"index","follow":"follow","max-snippet":"max-snippet:-1","max-image-preview":"max-image-preview:large","max-video-preview":"max-video-preview:-1"},"canonical":"https:\/\/jackpotlotteryonline.com\/buy-tickets\/lotto-america\/","og_locale":"lt_LT","og_type":"article","og_title":"Pirkti \"Lotto America\" bilietus i\u0161 ne JAV rib\u0173 | Lotto America internetu","og_description":"Lotto America galima \u017eaisti u\u017e JAV rib\u0173 - tiesiog nusipirkite Lotto America biliet\u0105 naudodamiesi m\u016bs\u0173 internetine biliet\u0173 paslauga","og_url":"https:\/\/jackpotlotteryonline.com\/buy-tickets\/lotto-america\/","og_site_name":"Lotto Online - Crack The International Lottery Jackpots","article_modified_time":"2023-01-04T09:16:11+00:00","og_image":[{"url":"https:\/\/jackpotlotteryonline.com\/wp-content\/uploads\/2022\/11\/1_win_lottery_usa_online.jpg"}],"twitter_card":"summary_large_image","twitter_misc":{"Est. reading time":"4 minut\u0117s"},"schema":{"@context":"https:\/\/schema.org","@graph":[{"@type":"WebPage","@id":"https:\/\/jackpotlotteryonline.com\/buy-tickets\/lotto-america\/","url":"https:\/\/jackpotlotteryonline.com\/buy-tickets\/lotto-america\/","name":"Pirkti \"Lotto America\" bilietus i\u0161 ne JAV rib\u0173 | Lotto America internetu","isPartOf":{"@id":"https:\/\/jackpotlotteryonline.com\/#website"},"primaryImageOfPage":{"@id":"https:\/\/jackpotlotteryonline.com\/buy-tickets\/lotto-america\/#primaryimage"},"image":{"@id":"https:\/\/jackpotlotteryonline.com\/buy-tickets\/lotto-america\/#primaryimage"},"thumbnailUrl":"https:\/\/jackpotlotteryonline.com\/wp-content\/uploads\/2022\/11\/1_win_lottery_usa_online.jpg","datePublished":"2022-11-09T09:01:05+00:00","dateModified":"2023-01-04T09:16:11+00:00","description":"Lotto America galima \u017eaisti u\u017e JAV rib\u0173 - tiesiog nusipirkite Lotto America biliet\u0105 naudodamiesi m\u016bs\u0173 internetine biliet\u0173 paslauga","breadcrumb":{"@id":"https:\/\/jackpotlotteryonline.com\/buy-tickets\/lotto-america\/#breadcrumb"},"inLanguage":"lt-LT","potentialAction":[{"@type":"ReadAction","target":["https:\/\/jackpotlotteryonline.com\/buy-tickets\/lotto-america\/"]}]},{"@type":"ImageObject","inLanguage":"lt-LT","@id":"https:\/\/jackpotlotteryonline.com\/buy-tickets\/lotto-america\/#primaryimage","url":"https:\/\/jackpotlotteryonline.com\/wp-content\/uploads\/2022\/11\/1_win_lottery_usa_online.jpg","contentUrl":"https:\/\/jackpotlotteryonline.com\/wp-content\/uploads\/2022\/11\/1_win_lottery_usa_online.jpg"},{"@type":"BreadcrumbList","@id":"https:\/\/jackpotlotteryonline.com\/buy-tickets\/lotto-america\/#breadcrumb","itemListElement":[{"@type":"ListItem","position":1,"name":"Home","item":"https:\/\/jackpotlotteryonline.com\/lt\/"},{"@type":"ListItem","position":2,"name":"Kaip nusipirkti loterijos bilietus internetu","item":"https:\/\/jackpotlotteryonline.com\/buy-tickets\/"},{"@type":"ListItem","position":3,"name":"Lotto America bilietai internetu"}]},{"@type":"WebSite","@id":"https:\/\/jackpotlotteryonline.com\/#website","url":"https:\/\/jackpotlotteryonline.com\/","name":"Lotto Online - Crack The International Lottery Jackpots","description":"","potentialAction":[{"@type":"SearchAction","target":{"@type":"EntryPoint","urlTemplate":"https:\/\/jackpotlotteryonline.com\/?s={search_term_string}"},"query-input":"required name=search_term_string"}],"inLanguage":"lt-LT"}]}},"_links":{"self":[{"href":"https:\/\/jackpotlotteryonline.com\/lt\/wp-json\/wp\/v2\/pages\/36847","targetHints":{"allow":["GET"]}}],"collection":[{"href":"https:\/\/jackpotlotteryonline.com\/lt\/wp-json\/wp\/v2\/pages"}],"about":[{"href":"https:\/\/jackpotlotteryonline.com\/lt\/wp-json\/wp\/v2\/types\/page"}],"author":[{"embeddable":true,"href":"https:\/\/jackpotlotteryonline.com\/lt\/wp-json\/wp\/v2\/users\/1"}],"replies":[{"embeddable":true,"href":"https:\/\/jackpotlotteryonline.com\/lt\/wp-json\/wp\/v2\/comments?post=36847"}],"version-history":[{"count":0,"href":"https:\/\/jackpotlotteryonline.com\/lt\/wp-json\/wp\/v2\/pages\/36847\/revisions"}],"up":[{"embeddable":true,"href":"https:\/\/jackpotlotteryonline.com\/lt\/wp-json\/wp\/v2\/pages\/35768"}],"wp:attachment":[{"href":"https:\/\/jackpotlotteryonline.com\/lt\/wp-json\/wp\/v2\/media?parent=36847"}],"curies":[{"name":"wp","href":"https:\/\/api.w.org\/{rel}","templated":true}]}}