{"id":36899,"date":"2022-11-09T10:06:09","date_gmt":"2022-11-09T10:06:09","guid":{"rendered":"https:\/\/jackpotlotteryonline.com\/?page_id=36899"},"modified":"2022-12-22T12:32:55","modified_gmt":"2022-12-22T12:32:55","slug":"uk-lottery","status":"publish","type":"page","link":"https:\/\/jackpotlotteryonline.com\/lt\/pirkti-bilietus\/uk-lottery\/","title":{"rendered":"JK loterijos"},"content":{"rendered":"<h2>Loterijos JK internetin\u0117 ap\u017evalga<\/h2>\n<p>Jungtin\u0117s Karalyst\u0117s loterija yra populiarus \u017eaidimas d\u0117l galimyb\u0117s padaryti milijonieri\u0173. J\u0105 galima \u017eaisti ir internetu. <a href=\"https:\/\/jackpotlotteryonline.com\/lt\/laimeje-skaitmenys\/uk-lottery\">\u017daidimas traukiamas du kartus per savait\u0119<\/a> &#8211; tre\u010diadieniais ir \u0161e\u0161tadieniais.<\/p>\n<h2>Kaip veikia JK loterija<\/h2>\n<p>Kiekvienas \u017eaid\u0117jas savo biliete turi pasirinkti 6 skai\u010dius i\u0161 1-49 skai\u010di\u0173. Traukiant burtus i\u0161renkami \u0161e\u0161i skai\u010diai ir vienas papildomas skai\u010dius. D\u0117l palyginti ma\u017eo i\u0161mok\u0117jimo procento \u0161ios loterijos nerekomenduojame. Internete yra daugyb\u0117 kit\u0173 tarptautini\u0173 loterij\u0173 \u017eaidim\u0173, kuriuose i\u0161mok\u0117jimai yra didesni, o prizai &#8211; didesni.<\/p>\n<section class=\"layout\" style=\"border: solid 1px; width: 100%;\">\n<div class=\"img-div\" style=\"margin-top: 5px;\"><img decoding=\"async\" class=\"wp-image-17212 alignleft\" style=\"height: 45px; margin: 8px 8px 0px;\" src=\"http:\/\/jackpotlotteryonline.com\/wp-content\/uploads\/2022\/11\/read1.jpg\" alt=\"skaityti\" width=\"\" height=\"\" \/><\/div>\n<div style=\"padding-left: 5px;\">\n<div style=\"font-size: 1.1em;\">\n<p><strong>Europos loterijos<\/strong><\/p>\n<p style=\"font-size: 0.85em; margin-top: -1.5em;\">Kurios Europos loterijos yra geriausios? <a href=\"https:\/\/jackpotlotteryonline.com\/lt\/kurios-europos-loterijos-yra-geriausios\">\u00a0skaityti daugiau<\/a><\/p>\n<\/div>\n<\/div>\n<\/section>\n<h2>Laim\u0117ti JK loterij\u0105<\/h2>\n<p><img loading=\"lazy\" decoding=\"async\" class=\"alignright size-medium wp-image-19520\" src=\"http:\/\/jackpotlotteryonline.com\/wp-content\/uploads\/2022\/10\/2_ticket_uk_lottery-192x300.jpg\" alt=\"Pirkti JK loterijos biliet\u0105\" width=\"192\" height=\"300\" srcset=\"https:\/\/jackpotlotteryonline.com\/wp-content\/uploads\/2022\/10\/2_ticket_uk_lottery-192x300.jpg 192w, https:\/\/jackpotlotteryonline.com\/wp-content\/uploads\/2022\/10\/2_ticket_uk_lottery.jpg 250w\" sizes=\"auto, (max-width: 192px) 100vw, 192px\" \/><\/p>\n<p>Nor\u0117dami laim\u0117ti priz\u0105, turite surinkti ma\u017eiausiai tris skai\u010dius, atitinkan\u010dius pagrindinius i\u0161trauktus skai\u010dius. Premijinis skai\u010dius svarbus tik tada, jei i\u0161traukti bent penki pagrindiniai skai\u010diai.<\/p>\n<p>Atsiimti laim\u0117jim\u0105 paprasta. Jei laim\u0117site iki 2500 \u20ac, laim\u0117jimas bus i\u0161mok\u0117tas tiesiai \u012f j\u016bs\u0173 loterijos \u017eaid\u0117jo s\u0105skait\u0105 \u010dia, m\u016bs\u0173 svetain\u0117je. Jei laim\u0117jimas didesnis nei 2500 \u20ac, m\u016bs\u0173 klient\u0173 aptarnavimo skyrius su jumis susisieks ir susitars d\u0117l tiesioginio i\u0161mok\u0117jimo i\u0161 loterijos bendrov\u0117s.<\/p>\n<p>Ma\u017edaug 45 % vis\u0173 JK loterijos l\u0117\u0161\u0173 skiriama prizams. Jei atitiksite \u0161e\u0161is pagrindinius skai\u010dius, jums bus i\u0161mok\u0117ta 52 % fondo l\u0117\u0161\u0173; jei atitiksite penkis pagrindinius skai\u010dius ir papildom\u0105 skai\u010di\u0173, jums bus i\u0161mok\u0117ta 16 % likusi\u0173 fondo l\u0117\u0161\u0173; jei atitiksite penkis pagrindinius skai\u010dius, jums bus i\u0161mok\u0117ta 10 % likusi\u0173 fondo l\u0117\u0161\u0173; jei atitiksite keturis pagrindinius skai\u010dius, jums bus i\u0161mok\u0117ta 22 % likusi\u0173 fondo l\u0117\u0161\u0173, o jei atitiksite 3 pagrindinius skai\u010dius, jums paprastai bus i\u0161mok\u0117ta 10 GBP. &#8220;UK Lotto&#8221; taip pat si\u016blo internetinius momentini\u0173 laim\u0117jim\u0173 \u017eaidimus.<\/p>\n<h2>\u017daisti JK loterij\u0105 internetu<\/h2>\n<p><a href=\"https:\/\/jackpotlotteryonline.com\/lt\/kaip-zaisti\/uk-lottery\">JK Lotto galite \u017eaisti internetu,<\/a> tod\u0117l jis yra lengviau prieinamas ir patogesnis. Jums nebereikia eiti \u012f parduotuv\u0119 ir pirkti JK Lotto biliet\u0173; dabar galite pirkti bilietus patogiai \u012fsitais\u0119 savo namuose ir tai nepriklauso nuo to, ar gyvenate JK.<\/p>\n<p>Nor\u0117dami \u017eaisti JK loto internetu ir ne i\u0161 JK, turite spustel\u0117ti auk\u0161\u010diau esant\u012f JK loterijos baner\u012f. Jums tereikia u\u017esiregistruoti ir tada atlikti mok\u0117jim\u0105 internetu.<\/p>\n<h2>Kod\u0117l daugumos tarptautini\u0173 loterij\u0173 prizai yra patrauklesni nei JK loterijos<\/h2>\n<ul>\n<li>Tarptautini\u0173 loterij\u0173 pagrindiniai prizai yra daug didesni (patikrinkite vir\u0161uje esan\u010diame baneryje nurodytas sumas)<\/li>\n<li>JK Lotto kaip laim\u0117jim\u0105 i\u0161moka tik 45 % l\u0117\u0161\u0173<\/li>\n<li>M\u016bs\u0173 svetain\u0117je galite rinktis i\u0161 daugyb\u0117s mega loterij\u0173 ir did\u017eiuli\u0173 aukso puod\u0173!<\/li>\n<\/ul>\n","protected":false},"excerpt":{"rendered":"<p>Loterijos JK internetin\u0117 ap\u017evalga Jungtin\u0117s Karalyst\u0117s loterija yra populiarus \u017eaidimas d\u0117l galimyb\u0117s padaryti milijonieri\u0173. J\u0105 galima \u017eaisti ir internetu. \u017daidimas traukiamas du kartus per savait\u0119 &#8211; tre\u010diadieniais ir \u0161e\u0161tadieniais. Kaip veikia JK loterija Kiekvienas \u017eaid\u0117jas savo biliete turi pasirinkti 6 skai\u010dius i\u0161 1-49 skai\u010di\u0173. Traukiant burtus i\u0161renkami \u0161e\u0161i skai\u010diai ir vienas papildomas skai\u010dius. D\u0117l palyginti [&hellip;]<\/p>\n","protected":false},"author":1,"featured_media":0,"parent":35768,"menu_order":10,"comment_status":"closed","ping_status":"closed","template":"lotto-uk-info.php","meta":{"_et_pb_use_builder":"","_et_pb_old_content":"","_et_gb_content_width":"","exclude_from_search":false,"footnotes":""},"class_list":["post-36899","page","type-page","status-publish","hentry"],"yoast_head":"<!-- This site is optimized with the Yoast SEO plugin v23.3 - https:\/\/yoast.com\/wordpress\/plugins\/seo\/ -->\n<title>Pirkti bilietus internetu \u012f JK loterij\u0105 i\u0161 u\u017e JK rib\u0173<\/title>\n<meta name=\"description\" content=\"Kaip veikia JK loterija ir kaip nusipirkti biliet\u0105 bei laim\u0117ti internetu i\u0161 u\u017e JK rib\u0173\" \/>\n<meta name=\"robots\" content=\"index, follow, max-snippet:-1, max-image-preview:large, max-video-preview:-1\" \/>\n<link rel=\"canonical\" href=\"https:\/\/jackpotlotteryonline.com\/lt\/pirkti-bilietus\/uk-lottery\/\" \/>\n<meta property=\"og:locale\" content=\"lt_LT\" \/>\n<meta property=\"og:type\" content=\"article\" \/>\n<meta property=\"og:title\" content=\"Pirkti bilietus internetu \u012f JK loterij\u0105 i\u0161 u\u017e JK rib\u0173\" \/>\n<meta property=\"og:description\" content=\"Kaip veikia JK loterija ir kaip nusipirkti biliet\u0105 bei laim\u0117ti internetu i\u0161 u\u017e JK rib\u0173\" \/>\n<meta property=\"og:url\" content=\"https:\/\/jackpotlotteryonline.com\/lt\/pirkti-bilietus\/uk-lottery\/\" \/>\n<meta property=\"og:site_name\" content=\"Lotto Online - Crack The International Lottery Jackpots\" \/>\n<meta property=\"article:modified_time\" content=\"2022-12-22T12:32:55+00:00\" \/>\n<meta property=\"og:image\" content=\"http:\/\/jackpotlotteryonline.com\/wp-content\/uploads\/2022\/11\/read1.jpg\" \/>\n<meta name=\"twitter:card\" content=\"summary_large_image\" \/>\n<meta name=\"twitter:label1\" content=\"Est. reading time\" \/>\n\t<meta name=\"twitter:data1\" content=\"2 minut\u0117s\" \/>\n<!-- \/ Yoast SEO plugin. -->","yoast_head_json":{"title":"Pirkti bilietus internetu \u012f JK loterij\u0105 i\u0161 u\u017e JK rib\u0173","description":"Kaip veikia JK loterija ir kaip nusipirkti biliet\u0105 bei laim\u0117ti internetu i\u0161 u\u017e JK rib\u0173","robots":{"index":"index","follow":"follow","max-snippet":"max-snippet:-1","max-image-preview":"max-image-preview:large","max-video-preview":"max-video-preview:-1"},"canonical":"https:\/\/jackpotlotteryonline.com\/lt\/pirkti-bilietus\/uk-lottery\/","og_locale":"lt_LT","og_type":"article","og_title":"Pirkti bilietus internetu \u012f JK loterij\u0105 i\u0161 u\u017e JK rib\u0173","og_description":"Kaip veikia JK loterija ir kaip nusipirkti biliet\u0105 bei laim\u0117ti internetu i\u0161 u\u017e JK rib\u0173","og_url":"https:\/\/jackpotlotteryonline.com\/lt\/pirkti-bilietus\/uk-lottery\/","og_site_name":"Lotto Online - Crack The International Lottery Jackpots","article_modified_time":"2022-12-22T12:32:55+00:00","og_image":[{"url":"http:\/\/jackpotlotteryonline.com\/wp-content\/uploads\/2022\/11\/read1.jpg"}],"twitter_card":"summary_large_image","twitter_misc":{"Est. reading time":"2 minut\u0117s"},"schema":{"@context":"https:\/\/schema.org","@graph":[{"@type":"WebPage","@id":"https:\/\/jackpotlotteryonline.com\/lt\/pirkti-bilietus\/uk-lottery\/","url":"https:\/\/jackpotlotteryonline.com\/lt\/pirkti-bilietus\/uk-lottery\/","name":"Pirkti bilietus internetu \u012f JK loterij\u0105 i\u0161 u\u017e JK rib\u0173","isPartOf":{"@id":"https:\/\/jackpotlotteryonline.com\/#website"},"primaryImageOfPage":{"@id":"https:\/\/jackpotlotteryonline.com\/lt\/pirkti-bilietus\/uk-lottery\/#primaryimage"},"image":{"@id":"https:\/\/jackpotlotteryonline.com\/lt\/pirkti-bilietus\/uk-lottery\/#primaryimage"},"thumbnailUrl":"http:\/\/jackpotlotteryonline.com\/wp-content\/uploads\/2022\/11\/read1.jpg","datePublished":"2022-11-09T10:06:09+00:00","dateModified":"2022-12-22T12:32:55+00:00","description":"Kaip veikia JK loterija ir kaip nusipirkti biliet\u0105 bei laim\u0117ti internetu i\u0161 u\u017e JK rib\u0173","breadcrumb":{"@id":"https:\/\/jackpotlotteryonline.com\/lt\/pirkti-bilietus\/uk-lottery\/#breadcrumb"},"inLanguage":"lt-LT","potentialAction":[{"@type":"ReadAction","target":["https:\/\/jackpotlotteryonline.com\/lt\/pirkti-bilietus\/uk-lottery\/"]}]},{"@type":"ImageObject","inLanguage":"lt-LT","@id":"https:\/\/jackpotlotteryonline.com\/lt\/pirkti-bilietus\/uk-lottery\/#primaryimage","url":"http:\/\/jackpotlotteryonline.com\/wp-content\/uploads\/2022\/11\/read1.jpg","contentUrl":"http:\/\/jackpotlotteryonline.com\/wp-content\/uploads\/2022\/11\/read1.jpg"},{"@type":"BreadcrumbList","@id":"https:\/\/jackpotlotteryonline.com\/lt\/pirkti-bilietus\/uk-lottery\/#breadcrumb","itemListElement":[{"@type":"ListItem","position":1,"name":"Home","item":"https:\/\/jackpotlotteryonline.com\/lt\/"},{"@type":"ListItem","position":2,"name":"Kaip nusipirkti loterijos bilietus internetu","item":"https:\/\/jackpotlotteryonline.com\/buy-tickets\/"},{"@type":"ListItem","position":3,"name":"JK loterijos"}]},{"@type":"WebSite","@id":"https:\/\/jackpotlotteryonline.com\/#website","url":"https:\/\/jackpotlotteryonline.com\/","name":"Lotto Online - Crack The International Lottery Jackpots","description":"","potentialAction":[{"@type":"SearchAction","target":{"@type":"EntryPoint","urlTemplate":"https:\/\/jackpotlotteryonline.com\/?s={search_term_string}"},"query-input":"required name=search_term_string"}],"inLanguage":"lt-LT"}]}},"_links":{"self":[{"href":"https:\/\/jackpotlotteryonline.com\/lt\/wp-json\/wp\/v2\/pages\/36899","targetHints":{"allow":["GET"]}}],"collection":[{"href":"https:\/\/jackpotlotteryonline.com\/lt\/wp-json\/wp\/v2\/pages"}],"about":[{"href":"https:\/\/jackpotlotteryonline.com\/lt\/wp-json\/wp\/v2\/types\/page"}],"author":[{"embeddable":true,"href":"https:\/\/jackpotlotteryonline.com\/lt\/wp-json\/wp\/v2\/users\/1"}],"replies":[{"embeddable":true,"href":"https:\/\/jackpotlotteryonline.com\/lt\/wp-json\/wp\/v2\/comments?post=36899"}],"version-history":[{"count":0,"href":"https:\/\/jackpotlotteryonline.com\/lt\/wp-json\/wp\/v2\/pages\/36899\/revisions"}],"up":[{"embeddable":true,"href":"https:\/\/jackpotlotteryonline.com\/lt\/wp-json\/wp\/v2\/pages\/35768"}],"wp:attachment":[{"href":"https:\/\/jackpotlotteryonline.com\/lt\/wp-json\/wp\/v2\/media?parent=36899"}],"curies":[{"name":"wp","href":"https:\/\/api.w.org\/{rel}","templated":true}]}}