{"id":36952,"date":"2022-11-09T11:21:33","date_gmt":"2022-11-09T11:21:33","guid":{"rendered":"https:\/\/jackpotlotteryonline.com\/?page_id=36952"},"modified":"2023-01-04T08:17:18","modified_gmt":"2023-01-04T08:17:18","slug":"set-for-life","status":"publish","type":"page","link":"https:\/\/jackpotlotteryonline.com\/lt\/pirkti-bilietus\/set-for-life\/","title":{"rendered":"Pirkti Set for Life bilietus"},"content":{"rendered":"<p>Ar esate pasiruo\u0161\u0119 pasinaudoti galimybe tapti &#8220;Set for life&#8221;? N\u0117ra tinkamesnio laiko nei dabar, kai galite pabandyti laim\u0117ti 10 000 svar\u0173 sterling\u0173 kas m\u0117nes\u012f per ateinan\u010dius 30 met\u0173, o viskas prasideda \u017eaid\u017eiant <a href=\"https:\/\/jackpotlotteryonline.com\/lt\/kaip-zaisti\/saturday-lotto-2\">Jungtin\u0117s Karalyst\u0117s loterijoje<\/a>.<\/p>\n<p>\u0160i\u0105 loterij\u0105 organizuoja Jungtin\u0117s Karalyst\u0117s nacionalin\u0117 loterija, o pirmasis jos lo\u0161imas \u012fvyko 1999 m. Nuo tada ji tapo m\u0117gstamiausia brit\u0173 loterijos \u017eaid\u0117j\u0173, nes 10 000 svar\u0173 sterling\u0173 per m\u0117nes\u012f 30 met\u0173 traukos j\u0117gai atsispirti atrodo beveik per sunku. Nereik\u0117t\u0173 atsispirti ir jums, jei tai susij\u0119 su jumis. Laim\u0117ti \u0161i\u0105 loterij\u0105 &#8211; tai beveik tas pats, kas kiekvien\u0105 m\u0117nes\u012f \u012f namus ateiti Kal\u0117d\u0173 seneliui.<br \/>\n<img loading=\"lazy\" decoding=\"async\" class=\"alignright size-medium wp-image-35457\" src=\"https:\/\/jackpotlotteryonline.com\/wp-content\/uploads\/2022\/11\/2_ticket_uk_lottery-192x300.jpg\" alt=\"Set for Life bilietai\" width=\"192\" height=\"300\" srcset=\"https:\/\/jackpotlotteryonline.com\/wp-content\/uploads\/2022\/11\/2_ticket_uk_lottery-192x300.jpg 192w, https:\/\/jackpotlotteryonline.com\/wp-content\/uploads\/2022\/11\/2_ticket_uk_lottery.jpg 250w\" sizes=\"auto, (max-width: 192px) 100vw, 192px\" \/><\/p>\n<p>\u0160ios Did\u017eiosios Britanijos loterijos bilietai parduodami pla\u010diame \u0161alies pardav\u0117j\u0173 tinkle. Ta\u010diau jei gyvenate ne Jungtin\u0117je Karalyst\u0117je, n\u0117ra jokios prie\u017easties, d\u0117l kurios taip pat negal\u0117tum\u0117te \u012fsigyti \u0161ios loterijos biliet\u0173. Jackpotlotlotteryonline.com suteikia loterij\u0173 entuziastams prieig\u0105 prie geriausi\u0173 tarptautini\u0173 loterij\u0173 patogiai s\u0117dint prie kompiuterio ar mobiliojo \u012frenginio.<\/p>\n<p>U\u017esiregistruokite pas mus ir prad\u0117kite \u017eaisti loterijas Jungtin\u0117je Karalyst\u0117je ir kitose pasaulio \u0161alyse.<\/p>\n<h2>Kaip \u017eaisti &#8220;Set for Life&#8221; internete<\/h2>\n<p>\u0160i loterija skiriasi nuo kit\u0173 loterij\u0173, nes tai yra anuitetin\u0117 loterija, tod\u0117l laim\u0117tojai negr\u012f\u0161 namo su milijonais eur\u0173 ar svar\u0173 sterling\u0173. Ta\u010diau skiriasi tik prizo skyrimo b\u016bdas. Kaip ir kitose loterijose, \u017eaid\u0117jui reikia pasirinkti pagrindinius skai\u010dius i\u0161 tam tikro intervalo ir special\u0173 skai\u010di\u0173.<\/p>\n<p>Nor\u0117dami gauti &#8220;Set for Life&#8221; bilietus internetu, apsilankykite pasirinktoje svetain\u0117je, tada pasirinkite penkis pagrindinius skai\u010dius nuo 1 iki 47. Pasirinkite papildom\u0105 papildom\u0105 skai\u010di\u0173, vadinam\u0105 &#8220;Life Ball number&#8221;, i\u0161 intervalo nuo 1 iki 10. Galite naudoti savo laiminguosius skai\u010dius arba pasinaudoti automatinio pasirinkimo priemone ir pasirinkti atsitiktin\u0119 skai\u010di\u0173 eilut\u0119. Taip pat galite pasirinkti kelias skai\u010di\u0173 eilutes, kad padidintum\u0117te laim\u0117jimo tikimyb\u0119.<\/p>\n<p>Nor\u0117dami laim\u0117ti loterijoje, turite atitikti visus 6 i\u0161trauktus skai\u010dius. Jei u\u017esiregistruosite pas mus, gal\u0117site <a href=\"https:\/\/jackpotlotteryonline.com\/lt\/laimeje-skaitmenys\/set-for-life\">dalyvauti traukimuose prie\u0161 kelias savaites.<\/a><\/p>\n<h2>Prizai<\/h2>\n<p><img loading=\"lazy\" decoding=\"async\" class=\"size-medium wp-image-30128 alignright\" src=\"https:\/\/jackpotlotteryonline.com\/wp-content\/uploads\/2022\/11\/1_win_online_lottery_jackpot-300x182.jpg\" alt=\"Brit\u0173 loterijos prizas\" width=\"300\" height=\"182\" srcset=\"https:\/\/jackpotlotteryonline.com\/wp-content\/uploads\/2022\/11\/1_win_online_lottery_jackpot-300x182.jpg 300w, https:\/\/jackpotlotteryonline.com\/wp-content\/uploads\/2022\/11\/1_win_online_lottery_jackpot.jpg 320w\" sizes=\"auto, (max-width: 300px) 100vw, 300px\" \/><\/p>\n<p>Taigi, kalb\u0117jome apie pagrindin\u012f priz\u0105, kuris 30 met\u0173 kas m\u0117nes\u012f siekia 10 000 svar\u0173 sterling\u0173. Ta\u010diau tai ne vienintelis prizas \u0161ios loterijos \u017eaid\u0117jams. Pavyzd\u017eiui, jei atitiksite tik 5 pagrindinius skai\u010dius, kas m\u0117nes\u012f metus gausite 10 000 svar\u0173 sterling\u0173. Neblogai, tiesa?<\/p>\n<p>Ap\u017evelkime priz\u0173 paskirstym\u0105 ir tai, ko tikisi laim\u0117ti \u017eaid\u0117jai, \u012fsigij\u0119 \u0161ios Did\u017eiosios Britanijos loterijos bilietus.<\/p>\n<p>5 pagrindini\u0173 skai\u010di\u0173 atitikimas + &#8220;Life Ball&#8221; &#8211; 10 000 svar\u0173 sterling\u0173 kas m\u0117nes\u012f 30 met\u0173<br \/>\nTik 5 pagrindini\u0173 skai\u010di\u0173 atitikimas &#8211; 10 000 svar\u0173 sterling\u0173 kas m\u0117nes\u012f 1 metus<br \/>\n4 pagrindiniai skai\u010diai + &#8220;Life Ball&#8221; &#8211; 250 svar\u0173 sterling\u0173<br \/>\nTik 4 pagrindiniai skai\u010diai &#8211; 50 svar\u0173 sterling\u0173<br \/>\n3 pagrindiniai skai\u010diai + &#8220;Life Ball&#8221; &#8211; 30 \u00a3<br \/>\nTik 3 pagrindiniai skai\u010diai &#8211; 20 svar\u0173 sterling\u0173<br \/>\n2 pagrindiniai numeriai + &#8220;Life Ball&#8221; &#8211; \u00a310<br \/>\nTik 2 pagrindiniai numeriai &#8211; 5 \u00a3<\/p>\n<h2>Prizo atsi\u0117mimas<\/h2>\n<p>Prizui atsiimti turite 180 dien\u0173, antraip jo atsiimti nebegal\u0117site. Loterijos prizai Jungtin\u0117je Karalyst\u0117je neapmokestinami, tod\u0117l galite m\u0117gautis visais laim\u0117jimais, kaip tik norite. Ta\u010diau \u017eaid\u017eiantiems ne i\u0161 \u0161alies, vert\u0117t\u0173 i\u0161siai\u0161kinti, kokie mokes\u010di\u0173 \u012fstatymai galioja j\u016bs\u0173 gyvenamojoje vietoje.<\/p>\n<section class=\"layout\" style=\"border: solid 1px; width: 100%;\">\n<div class=\"img-div\" style=\"margin-top: 5px;\"><img decoding=\"async\" class=\"wp-image-17212 alignleft\" style=\"height: 45px; margin: 8px 8px 0px;\" src=\"https:\/\/jackpotlotteryonline.com\/wp-content\/uploads\/2022\/11\/read1.jpg\" alt=\"skaityti\" width=\"\" height=\"\" \/><\/div>\n<div style=\"padding-left: 5px;\">\n<div style=\"font-size: 1.1em;\">\n<p><strong>Loterij\u0173 laim\u0117jim\u0173 mokes\u010diai<\/strong><\/p>\n<p style=\"font-size: 0.85em; margin-top: -1.5em;\">Ar turiu mok\u0117ti mokes\u010dius u\u017e loterijos laim\u0117jim\u0105? \u00a0<a href=\"https:\/\/jackpotlotteryonline.com\/lt\/ar-turiu-moketi-mokescius-uz-loterijos-laimejimus\">skaityti daugiau<\/a><\/p>\n<\/div>\n<\/div>\n<\/section>\n<h2>Nuostabi gyvenimo galimyb\u0117<\/h2>\n<p>Galimyb\u0117 laim\u0117ti &#8220;Set for Life&#8221; &#8211; tai galimyb\u0117 visam gyvenimui. Jei laim\u0117site, daugiau niekada nebereik\u0117s r\u016bpintis savo finansais. Yra istorij\u0173 apie loterijos laim\u0117tojus, kurie i\u0161leido vis\u0105 savo turt\u0105 ir dabar yra bankrutav\u0119. Su \u0161ia loterija jums taip atsitikti neturi. Net jei pirm\u0105 m\u0117nes\u012f visk\u0105 i\u0161leisite, \u017einokite, kad kit\u0105 m\u0117nes\u012f gal\u0117site panaudoti geriau.<\/p>\n<p>Pagalvokite, k\u0105 reik\u0161t\u0173 gauti toki\u0105 sum\u0105 kiekvien\u0105 m\u0117nes\u012f 30 met\u0173.<\/p>\n<h2>U\u017esiregistruokite pas mus ir \u017eaiskite &#8220;Set for Life<\/h2>\n<p>Gauti biliet\u0105 \u012f JK anuitet\u0173 loterij\u0105 i\u0161 bet kurios vietos dar niekada nebuvo taip paprasta. Kai u\u017esiregistruosite pas mus, lengvai ir be r\u016bpes\u010di\u0173 \u017eaisite geriausiose loterijose visame pasaulyje. Mums svarbiausia sukurti savo klientams \u012fsimintin\u0105 patirt\u012f. Taigi u\u017esiregistruokite pas mus \u0161iandien ir \u012fsigykite &#8220;Set for Life&#8221; bilietus i\u0161 bet kurios pasaulio vietos.<\/p>\n","protected":false},"excerpt":{"rendered":"<p>Ar esate pasiruo\u0161\u0119 pasinaudoti galimybe tapti &#8220;Set for life&#8221;? N\u0117ra tinkamesnio laiko nei dabar, kai galite pabandyti laim\u0117ti 10 000 svar\u0173 sterling\u0173 kas m\u0117nes\u012f per ateinan\u010dius 30 met\u0173, o viskas prasideda \u017eaid\u017eiant Jungtin\u0117s Karalyst\u0117s loterijoje. \u0160i\u0105 loterij\u0105 organizuoja Jungtin\u0117s Karalyst\u0117s nacionalin\u0117 loterija, o pirmasis jos lo\u0161imas \u012fvyko 1999 m. Nuo tada ji tapo m\u0117gstamiausia brit\u0173 [&hellip;]<\/p>\n","protected":false},"author":1,"featured_media":0,"parent":35768,"menu_order":11,"comment_status":"closed","ping_status":"closed","template":"set-for-life-info.php","meta":{"_et_pb_use_builder":"","_et_pb_old_content":"","_et_gb_content_width":"","exclude_from_search":false,"footnotes":""},"class_list":["post-36952","page","type-page","status-publish","hentry"],"yoast_head":"<!-- This site is optimized with the Yoast SEO plugin v23.3 - https:\/\/yoast.com\/wordpress\/plugins\/seo\/ -->\n<title>Pirkti &quot;Set for life&quot; bilietus u\u017e Jungtin\u0117s Karalyst\u0117s rib\u0173 | \u012esigykite &quot;Set for life&quot; bilietus internetu<\/title>\n<meta name=\"description\" content=\"Set for Life yra labai ypatinga loterija, ta\u010diau nor\u0117dami joje dalyvauti ne i\u0161 Jungtin\u0117s Karalyst\u0117s, turite nusipirkti biliet\u0105 internetu \u010dia\" \/>\n<meta name=\"robots\" content=\"index, follow, max-snippet:-1, max-image-preview:large, max-video-preview:-1\" \/>\n<link rel=\"canonical\" href=\"https:\/\/jackpotlotteryonline.com\/lt\/pirkti-bilietus\/set-for-life\/\" \/>\n<meta property=\"og:locale\" content=\"lt_LT\" \/>\n<meta property=\"og:type\" content=\"article\" \/>\n<meta property=\"og:title\" content=\"Pirkti &quot;Set for life&quot; bilietus u\u017e Jungtin\u0117s Karalyst\u0117s rib\u0173 | \u012esigykite &quot;Set for life&quot; bilietus internetu\" \/>\n<meta property=\"og:description\" content=\"Set for Life yra labai ypatinga loterija, ta\u010diau nor\u0117dami joje dalyvauti ne i\u0161 Jungtin\u0117s Karalyst\u0117s, turite nusipirkti biliet\u0105 internetu \u010dia\" \/>\n<meta property=\"og:url\" content=\"https:\/\/jackpotlotteryonline.com\/lt\/pirkti-bilietus\/set-for-life\/\" \/>\n<meta property=\"og:site_name\" content=\"Lotto Online - Crack The International Lottery Jackpots\" \/>\n<meta property=\"article:modified_time\" content=\"2023-01-04T08:17:18+00:00\" \/>\n<meta property=\"og:image\" content=\"https:\/\/jackpotlotteryonline.com\/wp-content\/uploads\/2022\/11\/2_ticket_uk_lottery-192x300.jpg\" \/>\n<meta name=\"twitter:card\" content=\"summary_large_image\" \/>\n<meta name=\"twitter:label1\" content=\"Est. reading time\" \/>\n\t<meta name=\"twitter:data1\" content=\"4 minut\u0117s\" \/>\n<!-- \/ Yoast SEO plugin. -->","yoast_head_json":{"title":"Pirkti \"Set for life\" bilietus u\u017e Jungtin\u0117s Karalyst\u0117s rib\u0173 | \u012esigykite \"Set for life\" bilietus internetu","description":"Set for Life yra labai ypatinga loterija, ta\u010diau nor\u0117dami joje dalyvauti ne i\u0161 Jungtin\u0117s Karalyst\u0117s, turite nusipirkti biliet\u0105 internetu \u010dia","robots":{"index":"index","follow":"follow","max-snippet":"max-snippet:-1","max-image-preview":"max-image-preview:large","max-video-preview":"max-video-preview:-1"},"canonical":"https:\/\/jackpotlotteryonline.com\/lt\/pirkti-bilietus\/set-for-life\/","og_locale":"lt_LT","og_type":"article","og_title":"Pirkti \"Set for life\" bilietus u\u017e Jungtin\u0117s Karalyst\u0117s rib\u0173 | \u012esigykite \"Set for life\" bilietus internetu","og_description":"Set for Life yra labai ypatinga loterija, ta\u010diau nor\u0117dami joje dalyvauti ne i\u0161 Jungtin\u0117s Karalyst\u0117s, turite nusipirkti biliet\u0105 internetu \u010dia","og_url":"https:\/\/jackpotlotteryonline.com\/lt\/pirkti-bilietus\/set-for-life\/","og_site_name":"Lotto Online - Crack The International Lottery Jackpots","article_modified_time":"2023-01-04T08:17:18+00:00","og_image":[{"url":"https:\/\/jackpotlotteryonline.com\/wp-content\/uploads\/2022\/11\/2_ticket_uk_lottery-192x300.jpg"}],"twitter_card":"summary_large_image","twitter_misc":{"Est. reading time":"4 minut\u0117s"},"schema":{"@context":"https:\/\/schema.org","@graph":[{"@type":"WebPage","@id":"https:\/\/jackpotlotteryonline.com\/lt\/pirkti-bilietus\/set-for-life\/","url":"https:\/\/jackpotlotteryonline.com\/lt\/pirkti-bilietus\/set-for-life\/","name":"Pirkti \"Set for life\" bilietus u\u017e Jungtin\u0117s Karalyst\u0117s rib\u0173 | \u012esigykite \"Set for life\" bilietus internetu","isPartOf":{"@id":"https:\/\/jackpotlotteryonline.com\/#website"},"primaryImageOfPage":{"@id":"https:\/\/jackpotlotteryonline.com\/lt\/pirkti-bilietus\/set-for-life\/#primaryimage"},"image":{"@id":"https:\/\/jackpotlotteryonline.com\/lt\/pirkti-bilietus\/set-for-life\/#primaryimage"},"thumbnailUrl":"https:\/\/jackpotlotteryonline.com\/wp-content\/uploads\/2022\/11\/2_ticket_uk_lottery-192x300.jpg","datePublished":"2022-11-09T11:21:33+00:00","dateModified":"2023-01-04T08:17:18+00:00","description":"Set for Life yra labai ypatinga loterija, ta\u010diau nor\u0117dami joje dalyvauti ne i\u0161 Jungtin\u0117s Karalyst\u0117s, turite nusipirkti biliet\u0105 internetu \u010dia","breadcrumb":{"@id":"https:\/\/jackpotlotteryonline.com\/lt\/pirkti-bilietus\/set-for-life\/#breadcrumb"},"inLanguage":"lt-LT","potentialAction":[{"@type":"ReadAction","target":["https:\/\/jackpotlotteryonline.com\/lt\/pirkti-bilietus\/set-for-life\/"]}]},{"@type":"ImageObject","inLanguage":"lt-LT","@id":"https:\/\/jackpotlotteryonline.com\/lt\/pirkti-bilietus\/set-for-life\/#primaryimage","url":"https:\/\/jackpotlotteryonline.com\/wp-content\/uploads\/2022\/11\/2_ticket_uk_lottery-192x300.jpg","contentUrl":"https:\/\/jackpotlotteryonline.com\/wp-content\/uploads\/2022\/11\/2_ticket_uk_lottery-192x300.jpg"},{"@type":"BreadcrumbList","@id":"https:\/\/jackpotlotteryonline.com\/lt\/pirkti-bilietus\/set-for-life\/#breadcrumb","itemListElement":[{"@type":"ListItem","position":1,"name":"Home","item":"https:\/\/jackpotlotteryonline.com\/lt\/"},{"@type":"ListItem","position":2,"name":"Kaip nusipirkti loterijos bilietus internetu","item":"https:\/\/jackpotlotteryonline.com\/buy-tickets\/"},{"@type":"ListItem","position":3,"name":"Pirkti Set for Life bilietus"}]},{"@type":"WebSite","@id":"https:\/\/jackpotlotteryonline.com\/#website","url":"https:\/\/jackpotlotteryonline.com\/","name":"Lotto Online - Crack The International Lottery Jackpots","description":"","potentialAction":[{"@type":"SearchAction","target":{"@type":"EntryPoint","urlTemplate":"https:\/\/jackpotlotteryonline.com\/?s={search_term_string}"},"query-input":"required name=search_term_string"}],"inLanguage":"lt-LT"}]}},"_links":{"self":[{"href":"https:\/\/jackpotlotteryonline.com\/lt\/wp-json\/wp\/v2\/pages\/36952","targetHints":{"allow":["GET"]}}],"collection":[{"href":"https:\/\/jackpotlotteryonline.com\/lt\/wp-json\/wp\/v2\/pages"}],"about":[{"href":"https:\/\/jackpotlotteryonline.com\/lt\/wp-json\/wp\/v2\/types\/page"}],"author":[{"embeddable":true,"href":"https:\/\/jackpotlotteryonline.com\/lt\/wp-json\/wp\/v2\/users\/1"}],"replies":[{"embeddable":true,"href":"https:\/\/jackpotlotteryonline.com\/lt\/wp-json\/wp\/v2\/comments?post=36952"}],"version-history":[{"count":0,"href":"https:\/\/jackpotlotteryonline.com\/lt\/wp-json\/wp\/v2\/pages\/36952\/revisions"}],"up":[{"embeddable":true,"href":"https:\/\/jackpotlotteryonline.com\/lt\/wp-json\/wp\/v2\/pages\/35768"}],"wp:attachment":[{"href":"https:\/\/jackpotlotteryonline.com\/lt\/wp-json\/wp\/v2\/media?parent=36952"}],"curies":[{"name":"wp","href":"https:\/\/api.w.org\/{rel}","templated":true}]}}