{"id":37005,"date":"2022-11-09T13:11:50","date_gmt":"2022-11-09T13:11:50","guid":{"rendered":"https:\/\/jackpotlotteryonline.com\/?page_id=37005"},"modified":"2022-12-24T08:50:21","modified_gmt":"2022-12-24T08:50:21","slug":"mega-sena","status":"publish","type":"page","link":"https:\/\/jackpotlotteryonline.com\/lt\/pirkti-bilietus\/mega-sena\/","title":{"rendered":"Pirkti Mega Sena bilietus"},"content":{"rendered":"<p>Mega Sena &#8211; tai did\u017eiausia Brazilijos loterija, kurios pagrindinis prizas yra vienas did\u017eiausi\u0173 pasaulyje. Nenuostabu, kad lo\u0161\u0117jai visur trok\u0161ta tur\u0117ti galimyb\u0119 laim\u0117ti pagrindin\u012f priz\u0105. \u012edomu tai, kad &#8220;Mega Sena&#8221; taip pat yra lengva \u017eaisti, lengviau nei daugel\u012f kit\u0173 tarptautini\u0173 loterij\u0173. Lengva \u017eaisti loterij\u0105, didelis pagrindinis prizas ir palank\u016bs koeficientai &#8211; visa tai lemia, kad \u0161i loterija yra labai patraukli \u017eaid\u0117jams visame pasaulyje.<\/p>\n<p><a href=\"https:\/\/jackpotlotteryonline.com\/lt\/kaip-zaisti\/mega-sena-2\">\u017daisti &#8220;Mega Sena&#8221; loterij\u0105<\/a> paprasta &#8211; tereikia atsp\u0117ti \u0161e\u0161is i\u0161trauktus skai\u010dius. \u017daid\u017eiant \u0161i\u0105 loterij\u0105 n\u0117ra joki\u0173 speciali\u0173 ar papildom\u0173 skai\u010di\u0173. Tiesiog pasirinkite 6 skai\u010dius nuo 1 iki 60 ir <a href=\"https:\/\/jackpotlotteryonline.com\/lt\/laimeje-skaitmenys\/mega-sena\">dalyvaukite burt\u0173 traukime<\/a>.<\/p>\n<p>Nors nor\u0117dami patekti \u012f lo\u0161im\u0105 turite pasirinkti \u0161e\u0161is skai\u010dius, ta\u010diau linij\u0173 skai\u010dius neribojamas. Taigi, galite pasirinkti de\u0161imt eilu\u010di\u0173 po \u0161e\u0161is skai\u010dius, kad padidintum\u0117te savo galimybes laim\u0117ti loterijoje.<\/p>\n<h2>Kur \u012fsigyti &#8220;Mega Sena&#8221; biliet\u0173<\/h2>\n<p><img loading=\"lazy\" decoding=\"async\" class=\"alignright size-full wp-image-28778\" src=\"http:\/\/jackpotlotteryonline.com\/wp-content\/uploads\/2022\/11\/1_online_ticket_eurojackpot2.jpg\" alt=\"pirkti \" width=\"300\" height=\"200\" \/><\/p>\n<p>Jei gyvenate Brazilijoje, dalyvauti \u0161ioje loterijoje taip pat paprasta, kaip nueiti pas loterijos pardav\u0117j\u0105 ir nusipirkti bilietus. Ta\u010diau \u017eaid\u0117jams, gyvenantiems u\u017e \u0161alies rib\u0173, tai gali kelti \u0161iek tiek sunkum\u0173. Jei gyvenate u\u017e \u0161ios jurisdikcijos rib\u0173, turite vien\u0105 galimyb\u0119. Bilietus tur\u0117site \u012fsigyti internetu.<\/p>\n<h2>Mega Sena biliet\u0173 pirkimas internetu<\/h2>\n<p>\u017daisti loterij\u0105 internetu yra gana paprasta ir suteikia \u017eaid\u0117jams galimyb\u0119 dalyvauti loterijose i\u0161 viso pasaulio. Paprastai \u017eaid\u0117jai, negyvenantys tam tikroje \u0161alyje, negal\u0117t\u0173 \u017eaisti tos \u0161alies loterijoje. Internetas demokratizavo dalyvavim\u0105 loterijoje, suteikdamas galimyb\u0119 dalyvauti \u017eaid\u0117jams, kurie anks\u010diau negal\u0117jo dalyvauti d\u0117l geografini\u0173 rib\u0173.<\/p>\n<p>Dabar \u017eaisti loterijoje &#8220;Mega Sena&#8221; taip paprasta, kaip apsilankyti internetin\u0117je loterijos svetain\u0117je, pavyzd\u017eiui, jackpotlotlotteryonline.com. Ten galite \u012fsigyti biliet\u0105, pasirinkdami skai\u010dius ir nuspr\u0119sdami, kiek tira\u017e\u0173 norite dalyvauti. Kai tai padarysite, beliks tik laukti burt\u0173 traukimo rezultat\u0173.<\/p>\n<h2>Koks yra \u0161ios loterijos pagrindinis prizas?<\/h2>\n<p>Ar min\u0117jome, kad &#8220;Mega Sena&#8221; yra viena did\u017eiausi\u0173 loterij\u0173 pasaulyje? Gali pasirodyti, kad tuo sunku patik\u0117ti, kai pagalvojate apie pradin\u012f 450 00 USD vert\u0117s pagrindinio prizo dyd\u012f, ypa\u010d kai jis yra \u0161alia kai kuri\u0173 kit\u0173 loterij\u0173, kuri\u0173 pradiniai prizai yra didesni.<\/p>\n<p>Ta\u010diau &#8220;Mega Sena&#8221; \u017eavesys yra tas, kad prizai gali i\u0161augti iki ne\u012ftik\u0117tinai dideli\u0173 sum\u0173. Kai kurie did\u017eiausi &#8220;Mega Sena&#8221; \u017eaid\u0117j\u0173 laim\u0117ti aukso puodai siek\u0117 milijonus JAV doleri\u0173. Did\u017eiausias aukso puodas \u0161iek tiek vir\u0161ijo 73 milijonus JAV doleri\u0173.<\/p>\n<p>\u012evertinus tai, tampa ai\u0161ku, kad \u017eaidimas loterijoje &#8220;Mega Sena&#8221; gali b\u016bti labai geras pasirinkimas, kai ie\u0161kote loterij\u0173, kuriose gal\u0117tum\u0117te dalyvauti.<\/p>\n<section class=\"layout\" style=\"border: solid 1px; width: 100%;\">\n<div class=\"img-div\" style=\"margin-top: 5px;\"><img decoding=\"async\" class=\"wp-image-17212 alignleft\" style=\"height: 45px; margin: 8px 8px 0px;\" src=\"http:\/\/jackpotlotteryonline.com\/wp-content\/uploads\/2022\/11\/read1.jpg\" alt=\"skaityti\" width=\"\" height=\"\" \/><\/div>\n<div style=\"padding-left: 5px;\">\n<div style=\"font-size: 1.1em;\">\n<p><strong>Keletas gudrybi\u0173 ir patarim\u0173, kaip pasirinkti numerius<\/strong><\/p>\n<p style=\"font-size: 0.85em; margin-top: -1.5em;\">Padidinkite savo laim\u0117jimo galimybes &#8211; naudokite tam tikr\u0105 strategij\u0105 rinkdamiesi numerius\u00a0<a href=\"https:\/\/jackpotlotteryonline.com\/lt\/kelios-gudrybes-ir-patarimai-kaip-issirinkti-loterijos-numerius\"> skaityti daugiau<\/a><\/p>\n<\/div>\n<\/div>\n<\/section>\n<h2>Kas nutiks, jei laim\u0117site loterijoje?<\/h2>\n<p>Su \u0161iuo klausimu susiduriame da\u017enai, ypa\u010d i\u0161 t\u0173, kurie perka &#8220;Mega Sena&#8221; loterijos bilietus ne i\u0161 Piet\u0173 Amerikos \u0161alies. Jums gali kilti klausimas, ar turite skristi \u012f t\u0105 Piet\u0173 Amerikos \u0161al\u012f, kad atsiimtum\u0117te savo priz\u0105. Ta\u010diau tai visai neb\u016btina, nors jei norite aplankyti ir pasigro\u017e\u0117ti vietomis, b\u016btinai u\u017esisakykite skryd\u012f.<\/p>\n<p>Vis d\u0117lto, jei norite \u017eaisti loterijoje ir atsiimti laim\u0117jim\u0105 be jokio streso, tuomet \u017eaidimas internetu yra puikus b\u016bdas tai padaryti.<\/p>\n<p>Kai u\u017esiregistruosite pas mus, \u017eengsite dar vien\u0105 \u017eingsn\u012f \u012f priek\u012f &#8211; u\u017etikrinsime, kad gal\u0117site dalyvauti pasirinktose tarptautin\u0117se loterijose, \u012fskaitant &#8220;Mega Sena&#8221; loterij\u0105. Ne tik tai, bet ir tai, kad i\u0161 m\u016bs\u0173 svetain\u0117s galite lengvai atsiimti laim\u0117jimus \u012f savo s\u0105skait\u0105. \u017daisti loterijoje dar niekada nebuvo taip paprasta.<\/p>\n<h2>K\u0105 daryti su &#8220;Mega da virada&#8221;?<\/h2>\n<p><img loading=\"lazy\" decoding=\"async\" class=\"alignright size-full wp-image-35593\" src=\"http:\/\/jackpotlotteryonline.com\/wp-content\/uploads\/2022\/11\/2_ticket_uk_lottery2-1-190x300-1.jpg\" alt=\"Mega Sena loterijos bilietas\" width=\"190\" height=\"300\" \/><\/p>\n<p>Ypa\u010d d\u017eiaugiam\u0117s, kad apie tai paklaus\u0117te, nes tai yra vienas did\u017eiausi\u0173 priz\u0173. Ties\u0105 sakant, tai yra did\u017eiausias \u0161i\u0173 met\u0173 Brazilijos aukso puodas, o jo suma gali siekti iki 60 milijon\u0173 JAV doleri\u0173.<\/p>\n<p>Mega da Virada &#8211; tai specialus loterijos &#8220;Mega Sena&#8221; aukso puodas, kuris vyksta kart\u0105 per metus. Kasmet &#8220;Mega Virada&#8221; burtai traukiami spalio 31 d. ir suteikia \u017eaid\u0117jams galimyb\u0119 laim\u0117ti didel\u0119 sum\u0105.<\/p>\n<p>Be to, &#8220;Mega da Virada&#8221; neperkeliama, tod\u0117l \u0161\u012f priz\u0105 reikia laim\u0117ti, antraip jis i\u0161nyks visiems metams.<\/p>\n<h2>\u012eprastos &#8220;Mega Sena&#8221; traukimo dienos<\/h2>\n<p>Pirkdami &#8220;Mega Sena&#8221; bilietus, galite rinktis tre\u010diadien\u012f arba \u0161e\u0161tadien\u012f vykstant\u012f burt\u0173 traukim\u0105. \u017dinoma, galite dalyvauti ir viename, ir kitame, ir kitame, k\u0105 mes ir rekomenduojame, nes taip padid\u0117ja j\u016bs\u0173 galimyb\u0117s laim\u0117ti priz\u0105.<\/p>\n<p>Jei labai norite padidinti savo galimybes laim\u0117ti pagrindin\u012f priz\u0105, tur\u0117tum\u0117te apsvarstyti galimyb\u0119 prisijungti prie loterijos sindikato. Privalumas tas, kad tur\u0117site prieig\u0105 prie fondo, tod\u0117l gal\u0117site dalyvauti keliuose tira\u017euose nei\u0161leisdami vis\u0173 savo l\u0117\u0161\u0173.<\/p>\n<h2>Priz\u0173 pakopos<\/h2>\n<p>&#8220;Mega Sena&#8221; loterijoje yra trys priz\u0173 pakopos, \u012f kurias \u012feina ir pagrindinis prizas. Tai rei\u0161kia, kad, be pagrindinio prizo, \u017eaid\u0117jai taip pat turi galimyb\u0119 laim\u0117ti kit\u0173 dviej\u0173 kategorij\u0173 prizus. Jas i\u0161vardysime toliau ir parodysime, kaip galite laim\u0117ti \u0161iuose lygmenyse.<\/p>\n<p>6 skai\u010di\u0173 atitikimas &#8211; aukso puodas &#8211; 35 % prizinio fondo pinig\u0173<br \/>\n5 skai\u010di\u0173 atitikimas &#8211; 2 lygmuo &#8211; 19 % prizinio fondo pinig\u0173<br \/>\n4 skai\u010di\u0173 atitikimas &#8211; 3 pakopa &#8211; 19 % prizinio fondo pinig\u0173<\/p>\n<p><strong>\u012edomus faktas: tikimyb\u0117 laim\u0117ti priz\u0105, kai \u017eaid\u017eiate vien\u0105 biliet\u0105 su 6 skai\u010diais, yra 1 i\u0161 2298.<\/strong><\/p>\n<h2>U\u017esiregistruokite pas mus ir dalyvaukite loterijoje &#8220;Mega Sena<\/h2>\n<p>Tegul tai, kad negyvenate Piet\u0173 Amerikoje, nesutrukdo jums m\u0117gautis &#8220;Mega Sena&#8221; loterija. Laim\u0117jimo tikimyb\u0117 didel\u0117, o prizai viliojantys. Taigi, jei gyvenate ne Brazilijoje, &#8220;Mega Sena&#8221; bilietus galite \u012fsigyti m\u016bs\u0173 svetain\u0117je u\u017esiregistrav\u0119 pas mus.<\/p>\n<p>Si\u016blome vieno langelio sprendim\u0105, kuris supaprastina vis\u0105 loterijos \u017eaidimo proces\u0105. Dabar galite atsipalaiduoti ir nesunkiai atlikti statym\u0105, nes mes u\u017e jus sutvarkysime vis\u0105 stres\u0105 kelian\u010di\u0105 dal\u012f. Kod\u0117l nepirkti &#8220;Mega Sena&#8221; biliet\u0173 dabar, kad tur\u0117tum\u0117te galimyb\u0119 laim\u0117ti daug?<\/p>\n","protected":false},"excerpt":{"rendered":"<p>Mega Sena &#8211; tai did\u017eiausia Brazilijos loterija, kurios pagrindinis prizas yra vienas did\u017eiausi\u0173 pasaulyje. Nenuostabu, kad lo\u0161\u0117jai visur trok\u0161ta tur\u0117ti galimyb\u0119 laim\u0117ti pagrindin\u012f priz\u0105. \u012edomu tai, kad &#8220;Mega Sena&#8221; taip pat yra lengva \u017eaisti, lengviau nei daugel\u012f kit\u0173 tarptautini\u0173 loterij\u0173. Lengva \u017eaisti loterij\u0105, didelis pagrindinis prizas ir palank\u016bs koeficientai &#8211; visa tai lemia, kad \u0161i [&hellip;]<\/p>\n","protected":false},"author":1,"featured_media":0,"parent":35768,"menu_order":15,"comment_status":"closed","ping_status":"closed","template":"megasena-info.php","meta":{"_et_pb_use_builder":"","_et_pb_old_content":"","_et_gb_content_width":"","exclude_from_search":false,"footnotes":""},"class_list":["post-37005","page","type-page","status-publish","hentry"],"yoast_head":"<!-- This site is optimized with the Yoast SEO plugin v23.3 - https:\/\/yoast.com\/wordpress\/plugins\/seo\/ -->\n<title>Pirkti &quot;Mega Sena&quot; bilietus ne i\u0161 Brazilijos | Gaukite &quot;Mega Sena&quot; bilietus internetu<\/title>\n<meta name=\"description\" content=\"Jums neb\u016btina b\u016bti Brazilijoje, kad gal\u0117tum\u0117te dalyvauti &quot;Mega Sena&quot;, \u012fsigykite &quot;Mega Sena&quot; biliet\u0105 internetu m\u016bs\u0173 svetain\u0117je\" \/>\n<meta name=\"robots\" content=\"index, follow, max-snippet:-1, max-image-preview:large, max-video-preview:-1\" \/>\n<link rel=\"canonical\" href=\"https:\/\/jackpotlotteryonline.com\/lt\/pirkti-bilietus\/mega-sena\/\" \/>\n<meta property=\"og:locale\" content=\"lt_LT\" \/>\n<meta property=\"og:type\" content=\"article\" \/>\n<meta property=\"og:title\" content=\"Pirkti &quot;Mega Sena&quot; bilietus ne i\u0161 Brazilijos | Gaukite &quot;Mega Sena&quot; bilietus internetu\" \/>\n<meta property=\"og:description\" content=\"Jums neb\u016btina b\u016bti Brazilijoje, kad gal\u0117tum\u0117te dalyvauti &quot;Mega Sena&quot;, \u012fsigykite &quot;Mega Sena&quot; biliet\u0105 internetu m\u016bs\u0173 svetain\u0117je\" \/>\n<meta property=\"og:url\" content=\"https:\/\/jackpotlotteryonline.com\/lt\/pirkti-bilietus\/mega-sena\/\" \/>\n<meta property=\"og:site_name\" content=\"Lotto Online - Crack The International Lottery Jackpots\" \/>\n<meta property=\"article:modified_time\" content=\"2022-12-24T08:50:21+00:00\" \/>\n<meta property=\"og:image\" content=\"http:\/\/jackpotlotteryonline.com\/wp-content\/uploads\/2022\/11\/1_online_ticket_eurojackpot2.jpg\" \/>\n<meta name=\"twitter:card\" content=\"summary_large_image\" \/>\n<meta name=\"twitter:label1\" content=\"Est. reading time\" \/>\n\t<meta name=\"twitter:data1\" content=\"5 minut\u0117s\" \/>\n<!-- \/ Yoast SEO plugin. -->","yoast_head_json":{"title":"Pirkti \"Mega Sena\" bilietus ne i\u0161 Brazilijos | Gaukite \"Mega Sena\" bilietus internetu","description":"Jums neb\u016btina b\u016bti Brazilijoje, kad gal\u0117tum\u0117te dalyvauti \"Mega Sena\", \u012fsigykite \"Mega Sena\" biliet\u0105 internetu m\u016bs\u0173 svetain\u0117je","robots":{"index":"index","follow":"follow","max-snippet":"max-snippet:-1","max-image-preview":"max-image-preview:large","max-video-preview":"max-video-preview:-1"},"canonical":"https:\/\/jackpotlotteryonline.com\/lt\/pirkti-bilietus\/mega-sena\/","og_locale":"lt_LT","og_type":"article","og_title":"Pirkti \"Mega Sena\" bilietus ne i\u0161 Brazilijos | Gaukite \"Mega Sena\" bilietus internetu","og_description":"Jums neb\u016btina b\u016bti Brazilijoje, kad gal\u0117tum\u0117te dalyvauti \"Mega Sena\", \u012fsigykite \"Mega Sena\" biliet\u0105 internetu m\u016bs\u0173 svetain\u0117je","og_url":"https:\/\/jackpotlotteryonline.com\/lt\/pirkti-bilietus\/mega-sena\/","og_site_name":"Lotto Online - Crack The International Lottery Jackpots","article_modified_time":"2022-12-24T08:50:21+00:00","og_image":[{"url":"http:\/\/jackpotlotteryonline.com\/wp-content\/uploads\/2022\/11\/1_online_ticket_eurojackpot2.jpg"}],"twitter_card":"summary_large_image","twitter_misc":{"Est. reading time":"5 minut\u0117s"},"schema":{"@context":"https:\/\/schema.org","@graph":[{"@type":"WebPage","@id":"https:\/\/jackpotlotteryonline.com\/lt\/pirkti-bilietus\/mega-sena\/","url":"https:\/\/jackpotlotteryonline.com\/lt\/pirkti-bilietus\/mega-sena\/","name":"Pirkti \"Mega Sena\" bilietus ne i\u0161 Brazilijos | Gaukite \"Mega Sena\" bilietus internetu","isPartOf":{"@id":"https:\/\/jackpotlotteryonline.com\/#website"},"primaryImageOfPage":{"@id":"https:\/\/jackpotlotteryonline.com\/lt\/pirkti-bilietus\/mega-sena\/#primaryimage"},"image":{"@id":"https:\/\/jackpotlotteryonline.com\/lt\/pirkti-bilietus\/mega-sena\/#primaryimage"},"thumbnailUrl":"http:\/\/jackpotlotteryonline.com\/wp-content\/uploads\/2022\/11\/1_online_ticket_eurojackpot2.jpg","datePublished":"2022-11-09T13:11:50+00:00","dateModified":"2022-12-24T08:50:21+00:00","description":"Jums neb\u016btina b\u016bti Brazilijoje, kad gal\u0117tum\u0117te dalyvauti \"Mega Sena\", \u012fsigykite \"Mega Sena\" biliet\u0105 internetu m\u016bs\u0173 svetain\u0117je","breadcrumb":{"@id":"https:\/\/jackpotlotteryonline.com\/lt\/pirkti-bilietus\/mega-sena\/#breadcrumb"},"inLanguage":"lt-LT","potentialAction":[{"@type":"ReadAction","target":["https:\/\/jackpotlotteryonline.com\/lt\/pirkti-bilietus\/mega-sena\/"]}]},{"@type":"ImageObject","inLanguage":"lt-LT","@id":"https:\/\/jackpotlotteryonline.com\/lt\/pirkti-bilietus\/mega-sena\/#primaryimage","url":"http:\/\/jackpotlotteryonline.com\/wp-content\/uploads\/2022\/11\/1_online_ticket_eurojackpot2.jpg","contentUrl":"http:\/\/jackpotlotteryonline.com\/wp-content\/uploads\/2022\/11\/1_online_ticket_eurojackpot2.jpg"},{"@type":"BreadcrumbList","@id":"https:\/\/jackpotlotteryonline.com\/lt\/pirkti-bilietus\/mega-sena\/#breadcrumb","itemListElement":[{"@type":"ListItem","position":1,"name":"Home","item":"https:\/\/jackpotlotteryonline.com\/lt\/"},{"@type":"ListItem","position":2,"name":"Kaip nusipirkti loterijos bilietus internetu","item":"https:\/\/jackpotlotteryonline.com\/buy-tickets\/"},{"@type":"ListItem","position":3,"name":"Pirkti Mega Sena bilietus"}]},{"@type":"WebSite","@id":"https:\/\/jackpotlotteryonline.com\/#website","url":"https:\/\/jackpotlotteryonline.com\/","name":"Lotto Online - Crack The International Lottery Jackpots","description":"","potentialAction":[{"@type":"SearchAction","target":{"@type":"EntryPoint","urlTemplate":"https:\/\/jackpotlotteryonline.com\/?s={search_term_string}"},"query-input":"required name=search_term_string"}],"inLanguage":"lt-LT"}]}},"_links":{"self":[{"href":"https:\/\/jackpotlotteryonline.com\/lt\/wp-json\/wp\/v2\/pages\/37005","targetHints":{"allow":["GET"]}}],"collection":[{"href":"https:\/\/jackpotlotteryonline.com\/lt\/wp-json\/wp\/v2\/pages"}],"about":[{"href":"https:\/\/jackpotlotteryonline.com\/lt\/wp-json\/wp\/v2\/types\/page"}],"author":[{"embeddable":true,"href":"https:\/\/jackpotlotteryonline.com\/lt\/wp-json\/wp\/v2\/users\/1"}],"replies":[{"embeddable":true,"href":"https:\/\/jackpotlotteryonline.com\/lt\/wp-json\/wp\/v2\/comments?post=37005"}],"version-history":[{"count":0,"href":"https:\/\/jackpotlotteryonline.com\/lt\/wp-json\/wp\/v2\/pages\/37005\/revisions"}],"up":[{"embeddable":true,"href":"https:\/\/jackpotlotteryonline.com\/lt\/wp-json\/wp\/v2\/pages\/35768"}],"wp:attachment":[{"href":"https:\/\/jackpotlotteryonline.com\/lt\/wp-json\/wp\/v2\/media?parent=37005"}],"curies":[{"name":"wp","href":"https:\/\/api.w.org\/{rel}","templated":true}]}}