{"id":37059,"date":"2022-11-10T07:15:54","date_gmt":"2022-11-10T07:15:54","guid":{"rendered":"https:\/\/jackpotlotteryonline.com\/?page_id=37059"},"modified":"2023-01-06T09:47:38","modified_gmt":"2023-01-06T09:47:38","slug":"new-york-lottery","status":"publish","type":"page","link":"https:\/\/jackpotlotteryonline.com\/lt\/pirkti-bilietus\/new-york-lottery\/","title":{"rendered":"Bilietai \u012f Niujorko loterijos"},"content":{"rendered":"<p>Jei ie\u0161kote loterijos, turin\u010dios spalving\u0105 istorij\u0105, Niujorko loterija yra geriausias pasirinkimas. \u0160i istorija ir skandalais apipinta loterija taip pat yra loterija, \u012fkurta d\u0117l gero tikslo.<a href=\"https:\/\/jackpotlotteryonline.com\/lt\/kaip-zaisti\/new-york-lottery-2\"> \u017daisti loterij\u0105<\/a> &#8211; geras b\u016bdas smagiai praleisti laik\u0105, be to, ji suteikia jums ka\u017ek\u0105, ko galite laukti.<\/p>\n<p>\u017daid\u0117jai u\u017e JAV rib\u0173, norintys \u012fsigyti \u0161ios loterijos bilietus, tai gali padaryti apsilank\u0119 svetain\u0117je jackpotlotlotteryonline.com. Mes suteikiame \u017eaid\u0117jams prieig\u0105 prie geriausi\u0173 tarptautini\u0173 loterij\u0173, nesvarbu, kurioje pasaulio vietoje jie beb\u016bt\u0173.<\/p>\n<h2>Trumpa &#8220;New York Lotto&#8221; istorija<\/h2>\n<p>\u0160i\u0105 loterij\u0105 vykdo Niujorko valstijos vald\u017eia JAV. Ji buvo \u012fkurta 1967 m. kaip b\u016bdas pad\u0117ti finansuoti valstijos \u0161vietim\u0105. Valstijos pilie\u010diai referendume nubalsavo u\u017e tai, kad b\u016bt\u0173 pakeista konstitucija ir leista steigti valstijos valdom\u0105 loterij\u0105. \u012edomu tai, kad pirmasis loterijos \u0161\u016bkis buvo &#8220;J\u016bs\u0173 gyvenimo \u0161ansas pad\u0117ti \u0161vietimui&#8221;.<\/p>\n<p>Taigi, jei jums reikia gerai jaustis \u017eaid\u017eiant loterijoje, \u0161i loterija yra gera proga jums. Ne tik tur\u0117tum\u0117te galimyb\u0119 laim\u0117ti didel\u0119 sum\u0105, bet ir \u017einotum\u0117te, kad \u017eaisdami darote gera.<\/p>\n<p>Dar vienas \u012fdomus faktas yra tas, kad \u0161ios loterijos prad\u017eioje j\u0105 ne kart\u0105, o du kartus buvo i\u0161tik\u0119s skandalas. 1975-6 metais pardavimas buvo sustabdytas, nes paai\u0161k\u0117jo, kad neparduoti bilietai buvo paskelbti laim\u0117tojais. V\u0117liau, devintajame de\u0161imtmetyje, valstyb\u0117s tarnautojai manipuliavo rezultatais \u0161eimos nari\u0173 ir draug\u0173 naudai. Tie laikai jau seniai praeityje, ir \u0161i loterija tapo viena patikimiausi\u0173 \u0161alyje.<\/p>\n<h2>Kaip nusipirkti loterijos bilietus ne i\u0161 JAV<\/h2>\n<p><img loading=\"lazy\" decoding=\"async\" class=\"alignright size-full wp-image-26402\" src=\"http:\/\/jackpotlotteryonline.com\/wp-content\/uploads\/2022\/11\/1_buy_online_ticket_powerball.jpg\" alt=\"Niujorko loterijos prizas\" width=\"300\" height=\"194\" \/><\/p>\n<p>Jei gyvenate ne Jungtin\u0117se Valstijose, yra tik vienas teis\u0117tas b\u016bdas \u012fsigyti loterijos biliet\u0173. Tai &#8211; \u012fsigyti juos internetu i\u0161 internetinio loterij\u0173 pardav\u0117jo, pavyzd\u017eiui, jackpotlotlotteryonline.com.<\/p>\n<p>Nor\u0117dami \u012fsigyti bilietus, tiesiog apsilankykite svetain\u0117je ir spustel\u0117kite norim\u0105 loterij\u0105. Tada pasirinkite \u0161e\u0161is skai\u010dius nuo 1 iki 59. Nedvejodami \u012fsigykite kelias eilutes, kad padidintum\u0117te laim\u0117jimo tikimyb\u0119. Pasirink\u0119 skai\u010dius, \u012fveskite pasirinkt\u0105 loterijos numer\u012f ir atlikite mok\u0117jim\u0105.<\/p>\n<p>\u017daisti loterij\u0105 i\u0161 u\u017e Jungtini\u0173 Valstij\u0173 rib\u0173 internetu yra teis\u0117ta ir teis\u0117ta. Be to, jis atveria daugyb\u0119 galimybi\u0173 \u017eaid\u0117jams visame pasaulyje. J\u016bs\u0173 nebereikia riboti geografija, nes galite lengvai statyti be sien\u0173.<\/p>\n<h2>Premijos skai\u010dius<\/h2>\n<p>Taip, yra premijinis skai\u010dius, kuris traukiamas septintuoju numeriu. Ta\u010diau premijinis skai\u010dius nenaudojamas pagrindiniam prizui nustatyti, o naudojamas antrajam prizui laim\u0117ti. Nor\u0117damas laim\u0117ti antrojo prizo kategorij\u0105, \u017eaid\u0117jas turi surinkti \u0161e\u0161is i\u0161trauktus skai\u010dius ir premijin\u012f skai\u010di\u0173.<\/p>\n<section class=\"layout\" style=\"border: solid 1px; width: 100%;\">\n<div class=\"img-div\" style=\"margin-top: 5px;\"><img decoding=\"async\" class=\"wp-image-17212 alignleft\" style=\"height: 45px; margin: 8px 8px 0px;\" src=\"http:\/\/jackpotlotteryonline.com\/wp-content\/uploads\/2022\/11\/read1.jpg\" alt=\"skaityti\" width=\"\" height=\"\" \/><\/div>\n<div style=\"padding-left: 5px;\">\n<div style=\"font-size: 1.1em;\">\n<p><strong>Loterij\u0173 patarimai<\/strong><\/p>\n<p style=\"font-size: 0.85em; margin-top: -1.5em;\">Patarimai, kurie padeda laim\u0117ti loterijoje\u00a0<a href=\"https:\/\/jackpotlotteryonline.com\/lt\/patarimai-kurie-padeda-laimeti-loterijoje\"> skaityti daugiau<\/a><\/p>\n<\/div>\n<\/div>\n<\/section>\n<h2>Priz\u0173 kategorijos<\/h2>\n<p>Bendra tikimyb\u0117 laim\u0117ti priz\u0105 yra 1:92,05. Priz\u0173 paskirstymas priklauso nuo bendr\u0173 pardavim\u0173. Taigi, kiekvienai loterijai 40 % pardavim\u0173 skiriama kaip prizai. Pagrindinis prizas yra procentin\u0117 dalis ir n\u0117ra fiksuota suma. Toliau pateikiamos priz\u0173 kategorijos:<\/p>\n<p>1 kategorija: 6 skai\u010diai &#8211; pagrindinis prizas (30 %)<br \/>\n2 kategorija: 5 + premijinis skai\u010dius &#8211; 2,9 % pardavim\u0173<br \/>\n3 kategorija: 5 skai\u010diai &#8211; 2,2 % pardavim\u0173<br \/>\n4 kategorija: 4 skai\u010diai &#8211; 2,5 % pardavim\u0173<br \/>\n5 kategorija: 3 skai\u010diai &#8211; 2,4 % pardavim\u0173<\/p>\n<h2>Niujorkas Lotto atkreipti dienas<\/h2>\n<p><a href=\"https:\/\/jackpotlotteryonline.com\/lt\/laimeje-skaitmenys\/new-york-lottery\">Niujorko loterijoje (kaip ji kartais vadinama) kiekvien\u0105 savait\u0119 yra dvi traukimo dienos<\/a>. Jos vyksta tre\u010diadieniais ir \u0161e\u0161tadieniais. Taigi, galite dalyvauti keli\u0173 dien\u0173 lo\u0161imuose prie\u0161 kelias savaites.<\/p>\n<p>Nor\u0117dami su\u017einoti, ar laim\u0117jote priz\u0105, galite \u017ei\u016br\u0117ti loterij\u0173 traukim\u0105 per televizori\u0173 arba pasitikrinti loterij\u0173 rezultatus naujienose. Ta\u010diau tai gali lengvai nuvarginti, ypa\u010d jei tuo metu esate u\u017esi\u0117m\u0119. Jei norite paprastesn\u0117s alternatyvos, u\u017esiregistruokite pas mus ir mes i\u0161 karto jus \u012fsp\u0117sime, jei laim\u0117site.<\/p>\n<h2>Kod\u0117l tur\u0117tum\u0117te \u017eaisti Niujorko loterijoje?<\/h2>\n<p>Kai pagalvojate apie tai, kad pinigin\u012f priz\u0105 lemia pardavimai, galite nusivilti. Kas nutiks, jei pardavimai nebus geri? Tai rei\u0161kia, kad pagrindinis prizas gali b\u016bti gerokai suma\u017eintas. Tai tikra baim\u0117, su kuria susiduria lo\u0161\u0117jai, \u017eaid\u017eiantys \u0161i\u0105 loterij\u0105.<\/p>\n<p>Ta\u010diau yra keletas dalyk\u0173, kurie veikia Niujorko valstijos vyriausyb\u0117s valdomos loterijos naudai. Pirma, \u0161ia loterija labai domimasi, tod\u0117l pardavimai vis dar gana geri. Pagrindinis prizas n\u0117ra toks didelis kaip kai kuri\u0173 kit\u0173 tarptautini\u0173 loterij\u0173, ta\u010diau \u017eaid\u0117jai gali laim\u0117ti iki 10 mln. doleri\u0173.<\/p>\n<p>Be to, tikimyb\u0117 laim\u0117ti priz\u0105 yra daug didesn\u0117 nei kit\u0173 loterij\u0173, kuri\u0173 pagrindiniai prizai yra didesni. Nors kai kurie lo\u0161\u0117jai gali nemanyti, kad tai didelio statymo, ta\u010diau palank\u016bs \u0161ansai neabejotinai pasaldina pasi\u016blym\u0105. Be to, pagrindinio prizo prizas yra visai neblogas ir vis dar gali paversti laim\u0117tojus milijonieriais.<\/p>\n<h2>U\u017esiregistruokite pas mus, kad patirti streso nereik\u0117t\u0173<\/h2>\n<p><img loading=\"lazy\" decoding=\"async\" class=\"size-full wp-image-35321 alignright\" src=\"http:\/\/jackpotlotteryonline.com\/wp-content\/uploads\/2022\/11\/2_ticket_superenalotto-1.jpg\" alt=\"Niujorko loterijos bilietas\" width=\"228\" height=\"300\" \/><\/p>\n<p>\u017daisti &#8220;New York Lotto&#8221; yra paprasta ir nesud\u0117tinga, kai u\u017esiregistruosite pas mus. Apsilank\u0119 m\u016bs\u0173 svetain\u0117je rasite daugyb\u0119 tarptautini\u0173 loterij\u0173, kuriose galite dalyvauti. \u012esigykite biliet\u0105 ir atlikite statym\u0105 pasirinktoje loterijoje, o jei norite, pasirinkite kelis \u012fra\u0161us. Jei nesate tikri, kokius skai\u010dius pasirinkti, jums pad\u0117s m\u016bs\u0173 automatinio pasirinkimo \u012frankis.<\/p>\n<p>Pasirink\u0119 skai\u010dius, \u012fveskite burtus ir eikite \u012f mok\u0117jimo srit\u012f. Tuo metu papra\u0161ysime j\u016bs\u0173 u\u017esiregistruoti. Taip yra d\u0117l \u0161i\u0173 prie\u017eas\u010di\u0173:<\/p>\n<ul>\n<li>U\u017esiregistrav\u0119 gal\u0117site u\u017etikrinti, kad j\u016bs\u0173 bilietai bus saug\u016bs ir gal\u0117site lengvai atsiimti laim\u0117tus prizus.<\/li>\n<li>Jei laim\u0117site kok\u012f nors priz\u0105, gausite prane\u0161im\u0105 prietais\u0173 skydelyje ir el. pa\u0161tu<\/li>\n<li>atsiimti priz\u0105 dar niekada nebuvo taip paprasta, nes tai galite padaryti \u010dia pat, m\u016bs\u0173 platformoje<\/li>\n<\/ul>\n<h2>Kaip \u017einoti, kad dalyvaujate loterijoje?<\/h2>\n<p>Tai teis\u0117tas klausimas, nes yra keletas paslaug\u0173, kurios parduoda loterijos bilietus, bet nesuteikia jums prieigos prie loterijos. Tai, k\u0105 jos daro, yra tai, kad suteikia jums galimyb\u0119 la\u017eintis d\u0117l pagrindinio prizo. Taigi, net jei laim\u0117site, galite gauti tik dal\u012f pagrindinio prizo sumos. Mes to nedarome.<\/p>\n<p>Mes teikiame konsjer\u017eo paslaug\u0105, kuri u\u017etikrina, kad m\u016bs\u0173 klientai realiuoju laiku gaut\u0173 prieig\u0105 prie pasirinkt\u0173 loterij\u0173. \u012esigydami \u012fra\u0161\u0105, m\u016bs\u0173 agentai Niujorke taip pat nupirks fizin\u012f biliet\u0105 su j\u016bs\u0173 pageidaujamais skai\u010diais. Tai rei\u0161kia, kad jei j\u016bs\u0173 skai\u010diai sutampa su i\u0161trauktais skai\u010diais, laim\u0117jote pagrindin\u012f priz\u0105.<\/p>\n<p>Atrodo, kad tai gera proga pamin\u0117ti, kad loterija yra atsitiktinis \u017eaidimas. Vadinasi, n\u0117ra jokio b\u016bdo nustatyti, kas laim\u0117s. \u017dinome tik tiek, kad vienintelis b\u016bdas tur\u0117ti galimyb\u0119 laim\u0117ti &#8211; atlikti statym\u0105. \u0160tai kod\u0117l mes dedame papildomas pastangas, kad u\u017etikrintume, jog m\u016bs\u0173 klientai tur\u0117t\u0173 toki\u0105 galimyb\u0119.<\/p>\n<h2>\u017daiskite &#8220;New York Lotto&#8221; internetu \u0161iandien<\/h2>\n<p>Laikas nustoti galvoti apie loterijos biliet\u0105 ir j\u012f \u012fsigyti. Tai gali b\u016bti viso gyvenimo nuotykio prad\u017eia. Tad kod\u0117l gi \u0161iandien nesilankius pas mus adresu jackpotlotlotteryonline.com ir neatlikus statymo i\u0161 bet kurios pasaulio vietos? Niekada ne\u017einai, kada laim\u0117si loterijoje.<\/p>\n","protected":false},"excerpt":{"rendered":"<p>Jei ie\u0161kote loterijos, turin\u010dios spalving\u0105 istorij\u0105, Niujorko loterija yra geriausias pasirinkimas. \u0160i istorija ir skandalais apipinta loterija taip pat yra loterija, \u012fkurta d\u0117l gero tikslo. \u017daisti loterij\u0105 &#8211; geras b\u016bdas smagiai praleisti laik\u0105, be to, ji suteikia jums ka\u017ek\u0105, ko galite laukti. \u017daid\u0117jai u\u017e JAV rib\u0173, norintys \u012fsigyti \u0161ios loterijos bilietus, tai gali padaryti apsilank\u0119 [&hellip;]<\/p>\n","protected":false},"author":1,"featured_media":0,"parent":35768,"menu_order":14,"comment_status":"closed","ping_status":"closed","template":"newyork-info.php","meta":{"_et_pb_use_builder":"","_et_pb_old_content":"","_et_gb_content_width":"","exclude_from_search":false,"footnotes":""},"class_list":["post-37059","page","type-page","status-publish","hentry"],"yoast_head":"<!-- This site is optimized with the Yoast SEO plugin v23.3 - https:\/\/yoast.com\/wordpress\/plugins\/seo\/ -->\n<title>Pirkti Niujorko loterijos bilietus i\u0161 u\u017e JAV rib\u0173 | Gaukite Niujorko loterijos bilietus internetu<\/title>\n<meta name=\"description\" content=\"Norite nusipirkti Niujorko loterijos biliet\u0105, bet gyvenate ne JAV? Gaukite loterijos bilietus internetu \u010dia\" \/>\n<meta name=\"robots\" content=\"index, follow, max-snippet:-1, max-image-preview:large, max-video-preview:-1\" \/>\n<link rel=\"canonical\" href=\"https:\/\/jackpotlotteryonline.com\/lt\/pirkti-bilietus\/new-york-lottery\/\" \/>\n<meta property=\"og:locale\" content=\"lt_LT\" \/>\n<meta property=\"og:type\" content=\"article\" \/>\n<meta property=\"og:title\" content=\"Pirkti Niujorko loterijos bilietus i\u0161 u\u017e JAV rib\u0173 | Gaukite Niujorko loterijos bilietus internetu\" \/>\n<meta property=\"og:description\" content=\"Norite nusipirkti Niujorko loterijos biliet\u0105, bet gyvenate ne JAV? Gaukite loterijos bilietus internetu \u010dia\" \/>\n<meta property=\"og:url\" content=\"https:\/\/jackpotlotteryonline.com\/lt\/pirkti-bilietus\/new-york-lottery\/\" \/>\n<meta property=\"og:site_name\" content=\"Lotto Online - Crack The International Lottery Jackpots\" \/>\n<meta property=\"article:modified_time\" content=\"2023-01-06T09:47:38+00:00\" \/>\n<meta property=\"og:image\" content=\"http:\/\/jackpotlotteryonline.com\/wp-content\/uploads\/2022\/11\/1_buy_online_ticket_powerball.jpg\" \/>\n<meta name=\"twitter:card\" content=\"summary_large_image\" \/>\n<meta name=\"twitter:label1\" content=\"Est. reading time\" \/>\n\t<meta name=\"twitter:data1\" content=\"5 minut\u0117s\" \/>\n<!-- \/ Yoast SEO plugin. -->","yoast_head_json":{"title":"Pirkti Niujorko loterijos bilietus i\u0161 u\u017e JAV rib\u0173 | Gaukite Niujorko loterijos bilietus internetu","description":"Norite nusipirkti Niujorko loterijos biliet\u0105, bet gyvenate ne JAV? Gaukite loterijos bilietus internetu \u010dia","robots":{"index":"index","follow":"follow","max-snippet":"max-snippet:-1","max-image-preview":"max-image-preview:large","max-video-preview":"max-video-preview:-1"},"canonical":"https:\/\/jackpotlotteryonline.com\/lt\/pirkti-bilietus\/new-york-lottery\/","og_locale":"lt_LT","og_type":"article","og_title":"Pirkti Niujorko loterijos bilietus i\u0161 u\u017e JAV rib\u0173 | Gaukite Niujorko loterijos bilietus internetu","og_description":"Norite nusipirkti Niujorko loterijos biliet\u0105, bet gyvenate ne JAV? Gaukite loterijos bilietus internetu \u010dia","og_url":"https:\/\/jackpotlotteryonline.com\/lt\/pirkti-bilietus\/new-york-lottery\/","og_site_name":"Lotto Online - Crack The International Lottery Jackpots","article_modified_time":"2023-01-06T09:47:38+00:00","og_image":[{"url":"http:\/\/jackpotlotteryonline.com\/wp-content\/uploads\/2022\/11\/1_buy_online_ticket_powerball.jpg"}],"twitter_card":"summary_large_image","twitter_misc":{"Est. reading time":"5 minut\u0117s"},"schema":{"@context":"https:\/\/schema.org","@graph":[{"@type":"WebPage","@id":"https:\/\/jackpotlotteryonline.com\/lt\/pirkti-bilietus\/new-york-lottery\/","url":"https:\/\/jackpotlotteryonline.com\/lt\/pirkti-bilietus\/new-york-lottery\/","name":"Pirkti Niujorko loterijos bilietus i\u0161 u\u017e JAV rib\u0173 | Gaukite Niujorko loterijos bilietus internetu","isPartOf":{"@id":"https:\/\/jackpotlotteryonline.com\/#website"},"primaryImageOfPage":{"@id":"https:\/\/jackpotlotteryonline.com\/lt\/pirkti-bilietus\/new-york-lottery\/#primaryimage"},"image":{"@id":"https:\/\/jackpotlotteryonline.com\/lt\/pirkti-bilietus\/new-york-lottery\/#primaryimage"},"thumbnailUrl":"http:\/\/jackpotlotteryonline.com\/wp-content\/uploads\/2022\/11\/1_buy_online_ticket_powerball.jpg","datePublished":"2022-11-10T07:15:54+00:00","dateModified":"2023-01-06T09:47:38+00:00","description":"Norite nusipirkti Niujorko loterijos biliet\u0105, bet gyvenate ne JAV? Gaukite loterijos bilietus internetu \u010dia","breadcrumb":{"@id":"https:\/\/jackpotlotteryonline.com\/lt\/pirkti-bilietus\/new-york-lottery\/#breadcrumb"},"inLanguage":"lt-LT","potentialAction":[{"@type":"ReadAction","target":["https:\/\/jackpotlotteryonline.com\/lt\/pirkti-bilietus\/new-york-lottery\/"]}]},{"@type":"ImageObject","inLanguage":"lt-LT","@id":"https:\/\/jackpotlotteryonline.com\/lt\/pirkti-bilietus\/new-york-lottery\/#primaryimage","url":"http:\/\/jackpotlotteryonline.com\/wp-content\/uploads\/2022\/11\/1_buy_online_ticket_powerball.jpg","contentUrl":"http:\/\/jackpotlotteryonline.com\/wp-content\/uploads\/2022\/11\/1_buy_online_ticket_powerball.jpg"},{"@type":"BreadcrumbList","@id":"https:\/\/jackpotlotteryonline.com\/lt\/pirkti-bilietus\/new-york-lottery\/#breadcrumb","itemListElement":[{"@type":"ListItem","position":1,"name":"Home","item":"https:\/\/jackpotlotteryonline.com\/lt\/"},{"@type":"ListItem","position":2,"name":"Kaip nusipirkti loterijos bilietus internetu","item":"https:\/\/jackpotlotteryonline.com\/buy-tickets\/"},{"@type":"ListItem","position":3,"name":"Bilietai \u012f Niujorko loterijos"}]},{"@type":"WebSite","@id":"https:\/\/jackpotlotteryonline.com\/#website","url":"https:\/\/jackpotlotteryonline.com\/","name":"Lotto Online - Crack The International Lottery Jackpots","description":"","potentialAction":[{"@type":"SearchAction","target":{"@type":"EntryPoint","urlTemplate":"https:\/\/jackpotlotteryonline.com\/?s={search_term_string}"},"query-input":"required name=search_term_string"}],"inLanguage":"lt-LT"}]}},"_links":{"self":[{"href":"https:\/\/jackpotlotteryonline.com\/lt\/wp-json\/wp\/v2\/pages\/37059","targetHints":{"allow":["GET"]}}],"collection":[{"href":"https:\/\/jackpotlotteryonline.com\/lt\/wp-json\/wp\/v2\/pages"}],"about":[{"href":"https:\/\/jackpotlotteryonline.com\/lt\/wp-json\/wp\/v2\/types\/page"}],"author":[{"embeddable":true,"href":"https:\/\/jackpotlotteryonline.com\/lt\/wp-json\/wp\/v2\/users\/1"}],"replies":[{"embeddable":true,"href":"https:\/\/jackpotlotteryonline.com\/lt\/wp-json\/wp\/v2\/comments?post=37059"}],"version-history":[{"count":0,"href":"https:\/\/jackpotlotteryonline.com\/lt\/wp-json\/wp\/v2\/pages\/37059\/revisions"}],"up":[{"embeddable":true,"href":"https:\/\/jackpotlotteryonline.com\/lt\/wp-json\/wp\/v2\/pages\/35768"}],"wp:attachment":[{"href":"https:\/\/jackpotlotteryonline.com\/lt\/wp-json\/wp\/v2\/media?parent=37059"}],"curies":[{"name":"wp","href":"https:\/\/api.w.org\/{rel}","templated":true}]}}