{"id":37111,"date":"2022-11-10T09:23:45","date_gmt":"2022-11-10T09:23:45","guid":{"rendered":"https:\/\/jackpotlotteryonline.com\/?page_id=37111"},"modified":"2023-01-04T08:48:51","modified_gmt":"2023-01-04T08:48:51","slug":"thunderball","status":"publish","type":"page","link":"https:\/\/jackpotlotteryonline.com\/lt\/pirkti-bilietus\/thunderball\/","title":{"rendered":"Pirkti &#8220;Thunderball&#8221; bilietus"},"content":{"rendered":"<p>Jungtin\u0117je Karalyst\u0117je netr\u016bksta loterij\u0173, kuriose \u017eaid\u0117jai gali \u017eaisti. Nuo loterij\u0173 iki rent\u0173 \u017eaidim\u0173 &#8211; kiekvienas gali rasti k\u0105 nors sau ir taip pat beveik kiekvien\u0105 dien\u0105. Ta\u010diau vienas i\u0161 m\u0117gstamiausi\u0173 lo\u0161\u0117j\u0173 \u017eaidim\u0173 yra &#8220;Thunderball&#8221;. \u012edomu tai, kad tai yra loterija, kuri nesi\u016blo milijon\u0173 svar\u0173 sterling\u0173 vert\u0117s pagrindinio prizo. Ties\u0105 sakant, galime garantuoti, kad net jei laim\u0117site pagrindin\u012f priz\u0105, milijonieriumi netapsite. Kod\u0117l \u017eaid\u0117jai m\u0117gsta \u0161i\u0105 loterij\u0105?<\/p>\n<p>Prie\u017eastis paprasta &#8211; \u0161ansai yra daug didesni nei kituose \u017eaidimuose, kuriuose laimimi didesni prizai. Keturi kassavaitiniai lo\u0161imai ir solidi pagrindinio prizo suma &#8211; nenuostabu, kad loterijos entuziastai kiekvien\u0105 savait\u0119 pl\u016bsta \u012f \u0161i\u0105 loterij\u0105.<\/p>\n<p>Jei gyvenate ne Jungtin\u0117je Karalyst\u0117je, taip pat galite dalyvauti bet kuriame i\u0161 burt\u0173 traukim\u0173. Apsilankykite svetain\u0117je jackpotlotlotteryonline.com, kad gal\u0117tum\u0117te efektyviai ir be streso nusipirkti loterijos bilietus, kad ir kur b\u016btum\u0117te.<\/p>\n<h2>Kaip veikia &#8220;Thunderball&#8221;?<\/h2>\n<p><img loading=\"lazy\" decoding=\"async\" class=\"alignright size-medium wp-image-30425\" src=\"https:\/\/jackpotlotteryonline.com\/wp-content\/uploads\/2022\/11\/1_you_win_jackpot-300x300.jpg\" alt=\"Kaip \u017eaisti Thunderball\" width=\"300\" height=\"300\" srcset=\"https:\/\/jackpotlotteryonline.com\/wp-content\/uploads\/2022\/11\/1_you_win_jackpot-300x300.jpg 300w, https:\/\/jackpotlotteryonline.com\/wp-content\/uploads\/2022\/11\/1_you_win_jackpot-100x100.jpg 100w, https:\/\/jackpotlotteryonline.com\/wp-content\/uploads\/2022\/11\/1_you_win_jackpot-150x150.jpg 150w, https:\/\/jackpotlotteryonline.com\/wp-content\/uploads\/2022\/11\/1_you_win_jackpot.jpg 320w\" sizes=\"auto, (max-width: 300px) 100vw, 300px\" \/><\/p>\n<p>\u0160i\u0105 Did\u017eiosios Britanijos loterij\u0105 \u017eaisti paprasta ir lengva, o patyr\u0119 loterij\u0173 \u017eaid\u0117jai netur\u0117t\u0173 patirti joki\u0173 problem\u0173 su \u0161ia Did\u017eiosios Britanijos loterija.<\/p>\n<p>Nor\u0117dami<a href=\"https:\/\/jackpotlotteryonline.com\/lt\/kaip-zaisti\/thunderball\"> \u017eaisti \u0161i\u0105 brit\u0173 loterij\u0105<\/a>, \u017eaid\u0117jai turi pasirinkti penkis pagrindinius skai\u010dius nuo 1 iki 39 ir vien\u0105 special\u0173j\u012f skai\u010di\u0173 nuo 1 iki 14. Specialusis skai\u010dius vadinamas Thunderball.<\/p>\n<p>I\u0161sirinkus numerius, kitas \u017eingsnis &#8211; <a href=\"https:\/\/jackpotlotteryonline.com\/lt\/laimeje-skaitmenys\/thunderball\">dalyvauti traukimuose<\/a> ir laukti rezultat\u0173. Jau min\u0117jome, kad loterijoje si\u016blomi keturi savaitiniai traukimai. Tai keturios galimyb\u0117s laim\u0117ti pagrindin\u012f priz\u0105! Lygiosios vyksta antradien\u012f, tre\u010diadien\u012f, ketvirtadien\u012f ir \u0161e\u0161tadien\u012f.<\/p>\n<h2>Ar teis\u0117ta pirkti JK loterijos biliet\u0105 internetu?<\/h2>\n<p>Klausimas, ar galite dalyvauti loterijoje internetu, yra pagr\u012fstas r\u016bpestis. Tiesa, kad ten esama suk\u010di\u0173, ir b\u016bt\u0173 kvaila \u012f tai nekreipti d\u0117mesio. Ta\u010diau yra teis\u0117t\u0173 loterij\u0173 svetaini\u0173, kurios parduoda bilietus \u012f loterijas visame pasaulyje, ir tai yra visi\u0161kai teis\u0117ta.<\/p>\n<p>Vis\u0173 pirma, \u0161i Did\u017eiosios Britanijos loterija n\u0117ra skirta tik Jungtin\u0117s Karalyst\u0117s pilie\u010diams. Vienintelis apribojimas yra geografinis, nes fizinius bilietus parduoda \u0161alies pardav\u0117jai. Biliet\u0173 pirkimas internetu yra vienintelis b\u016bdas \u017eaisti loterijoje ne i\u0161 \u0161alies.<\/p>\n<p>Prie\u0161 pirkdami loterijos biliet\u0105 \u012fsitikinkite, kad naudojat\u0117s teis\u0117to loterijos pardav\u0117jo paslaugomis, ypa\u010d tokio, kuris turi ger\u0105 reputacij\u0105. Geras b\u016bdas patikrinti, ar jie turi laim\u0117jim\u0173 i\u0161mok\u0117jimo istorij\u0105, kad neprarastum\u0117te laim\u0117jimo.<\/p>\n<section class=\"layout\" style=\"border: solid 1px; width: 100%;\">\n<div class=\"img-div\" style=\"margin-top: 5px;\"><img decoding=\"async\" class=\"wp-image-17212 alignleft\" style=\"height: 45px; margin: 8px 8px 0px;\" src=\"https:\/\/jackpotlotteryonline.com\/wp-content\/uploads\/2022\/11\/read1.jpg\" alt=\"skaityti\" width=\"\" height=\"\" \/><\/div>\n<div style=\"padding-left: 5px;\">\n<div style=\"font-size: 1.1em;\">\n<p><strong>J\u016bs\u0173 nacionalin\u0117 loterija tarptautiniame palyginime<\/strong><\/p>\n<p style=\"font-size: 0.85em; margin-top: -1.5em;\">J\u016bs\u0173 vietin\u0117 loterija gali b\u016bti blogiausias pasirinkimas &#8211; kod\u0117l prasmingiau mok\u0117ti daugiau, bet siekti didesni\u0173 laim\u0117jim\u0173\u00a0 <a href=\"https:\/\/jackpotlotteryonline.com\/lt\/jusu-vietine-loterija-tautiniame-lyginime\"> skaityti daugiau<\/a><\/p>\n<\/div>\n<\/div>\n<\/section>\n<h2>D\u017eekoptas ir prizai<\/h2>\n<p>Koks tiksliai yra \u0161ios Did\u017eiosios Britanijos loterijos pagrindinis prizas? Pagrindinis prizas yra penki \u0161imtai t\u016bkstan\u010di\u0173 svar\u0173 sterling\u0173 ir jis garantuojamas kiekviename tira\u017ee. Bet kuris bilietas, kuriame sutampa penki i\u0161traukti skai\u010diai ir specialusis skai\u010dius, laimi pagrindin\u012f priz\u0105.<\/p>\n<p>Jackpot&#8217;as n\u0117ra vienintelis prizas, kur\u012f \u017eaid\u0117jai gali laim\u0117ti \u0161ioje loterijoje, nes yra ir kit\u0173 lygi\u0173 priz\u0173. Antrojo lygio prizas taip pat yra fiksuota penki\u0173 t\u016bkstan\u010di\u0173 svar\u0173 sterling\u0173 suma, kuri yra tikrai puiki. I\u0161 viso yra devynios priz\u0173 pakopos ir prizas tik u\u017e specialaus skai\u010diaus atitikim\u0105.<\/p>\n<p>V\u0117lgi, \u0161ios loterijos \u0161ansai yra ne\u012ftik\u0117tini, tod\u0117l nuo pat pirmojo lo\u0161imo 1999 m. joje atsirado tiek daug laim\u0117toj\u0173. D\u0117l didel\u0117s \u0161ios loterijos paklausos, nuo vieno savaitinio traukimo ji tapo keturiais savaitiniais traukimais. Taigi, jei \u017eaid\u017eiate \u0161i\u0105 Did\u017eiosios Britanijos loterij\u0105, tikimyb\u0117 laim\u0117ti pagrindin\u012f priz\u0105 yra 1 i\u0161 8 060 598, o tikimyb\u0117 laim\u0117ti bet kur\u012f priz\u0105 &#8211; 1 i\u0161 13.<br \/>\n<img loading=\"lazy\" decoding=\"async\" class=\"alignright size-medium wp-image-35457\" src=\"https:\/\/jackpotlotteryonline.com\/wp-content\/uploads\/2022\/11\/2_ticket_uk_lottery-192x300.jpg\" alt=\"Thunderball bilietas\" width=\"192\" height=\"300\" srcset=\"https:\/\/jackpotlotteryonline.com\/wp-content\/uploads\/2022\/11\/2_ticket_uk_lottery-192x300.jpg 192w, https:\/\/jackpotlotteryonline.com\/wp-content\/uploads\/2022\/11\/2_ticket_uk_lottery.jpg 250w\" sizes=\"auto, (max-width: 192px) 100vw, 192px\" \/><\/p>\n<p><strong>\u017daisdami \u0161i\u0105 loterij\u0105 galite tik\u0117tis laim\u0117ti \u0161tai k\u0105:<\/strong><\/p>\n<p>5 skai\u010di\u0173 atitikimas + specialus skai\u010dius &#8211; 500 000 svar\u0173 sterling\u0173 (aukso puodas)<br \/>\nTik 5 skai\u010di\u0173 atitikimas &#8211; \u00a35000<br \/>\n4 skai\u010di\u0173 ir specialaus skai\u010diaus atitikimas &#8211; 250 svar\u0173 sterling\u0173<br \/>\nTik 4 skai\u010di\u0173 atitikimas &#8211; \u00a3100<br \/>\n3 numeriai + specialus skai\u010dius &#8211; \u00a320<br \/>\nTik 3 numeriai &#8211; \u00a310<br \/>\n2 skai\u010diai ir specialus skai\u010dius &#8211; \u00a310<br \/>\n1 skai\u010dius ir specialus skai\u010dius &#8211; \u00a35<br \/>\n0 skai\u010di\u0173 ir specialus skai\u010dius &#8211; 3 \u00a3<\/p>\n<h2>Kaip atsiimti priz\u0105<\/h2>\n<p>Prizo atsi\u0117mimo b\u016bdas priklauso nuo to, kaip \u012fsigijote loterijos biliet\u0105. Jei \u012f loterij\u0105 patekote per m\u016bs\u0173 svetain\u0119, galite atsiimti priz\u0105 prisijung\u0119 prie savo paskyros ir atsiimti laim\u0117jim\u0105 i\u0161 m\u016bs\u0173 platformos.<\/p>\n<p>Prie\u0161 atsiimant priz\u0105, svarbu \u017einoti kelet\u0105 dalyk\u0173 apie \u017eaidim\u0105 loterijoje Jungtin\u0117je Karalyst\u0117je. Jau \u017einome, kad loterijoje gali dalyvauti visi, nepriklausomai nuo pilietyb\u0117s, ta\u010diau \u0161tai keletas dalyk\u0173, \u012f kuriuos reik\u0117t\u0173 atkreipti d\u0117mes\u012f:<\/p>\n<ul>\n<li>Loterijoje gali dalyvauti vyresni nei 16 met\u0173 am\u017eiaus \u017eaid\u0117jai.<\/li>\n<li>Prizai i\u0161mokami vienkartine suma<\/li>\n<li>Loterijos laim\u0117jimai \u0161alyje neapmokestinami. Ta\u010diau, jei \u017eaid\u017eiate ne i\u0161 \u0161alies, tur\u0117tum\u0117te pasidom\u0117ti savo \u0161alies mokes\u010di\u0173 \u012fstatymais<\/li>\n<li>Per 180 dien\u0173 galite atsiimti bet kok\u012f laim\u0117jim\u0105, kol jis gr\u012f\u0161 \u012f fond\u0105<\/li>\n<li>Jei loterijoje dalyvavote per fizin\u012f pardav\u0117j\u0105, jums gali tekti susisiekti su loterijos organizatoriais, kad atsiimtum\u0117te laim\u0117jim\u0105.<\/li>\n<\/ul>\n<h2>Kod\u0117l tur\u0117tum\u0117te \u017eaisti loterijoje su mumis<\/h2>\n<p>Esame pagal u\u017esakym\u0105 teikiama konsjer\u017eo paslauga, kuri suteikia prieig\u0105 prie geriausi\u0173 tarptautini\u0173 loterij\u0173 \u017eaid\u0117jams visame pasaulyje. Daugel\u012f met\u0173 tobulinome proces\u0105, kad u\u017etikrintume, jog m\u016bs\u0173 klientai patirt\u0173 jaudinan\u010di\u0105 patirt\u012f, kuri b\u016bt\u0173 maloni ir nekelt\u0173 streso.<\/p>\n<p>U\u017esiregistrav\u0119 pas mus, galite patogiai dalyvauti keliose loterijose i\u0161 vienos internetin\u0117s platformos. Suteikiame papildom\u0105 saugum\u0105, nes \u017einote, kad j\u016bs\u0173 dalyvio kvitas yra saugus, tod\u0117l jums nereikia nerimauti, kad j\u012f prarasite. Taip pat galite atsipalaiduoti \u017einodami, kad nepraleisite n\u0117 vieno laim\u0117jimo, nes mes jums prane\u0161ime, kai tik laim\u0117site priz\u0105.<\/p>\n<p>I\u0161 esm\u0117s, mes pa\u0161aliname visus var\u017etus ir girg\u017edesius, susijusius su \u017eaidimu loterijoje, palikdami jums laisv\u0119 u\u017esiimti tuo, kas jums labiausiai patinka: smagiai leisti laik\u0105. Nesvarbu, kurioje pasaulio vietoje esate, kai tik turite interneto ry\u0161\u012f, galite dalyvauti geriausiose tarptautin\u0117se loterijose.<\/p>\n<p>Naudodamiesi jackpotlotlotteryonline.com galite rinktis i\u0161 keli\u0173 variant\u0173. Galite \u017eaisti vienoje ar keliose loterijose, dalyvauti viename ar keliuose tira\u017euose ir net nustatyti prenumerat\u0105, kad j\u016bs\u0173 \u012fra\u0161ai vykt\u0173 autopilotu. Kod\u0117l gi neapsilankius pas mus \u0161iandien ir nenusipirkus &#8220;Thunderball&#8221; biliet\u0173 ne i\u0161 Jungtin\u0117s Karalyst\u0117s?<\/p>\n","protected":false},"excerpt":{"rendered":"<p>Jungtin\u0117je Karalyst\u0117je netr\u016bksta loterij\u0173, kuriose \u017eaid\u0117jai gali \u017eaisti. Nuo loterij\u0173 iki rent\u0173 \u017eaidim\u0173 &#8211; kiekvienas gali rasti k\u0105 nors sau ir taip pat beveik kiekvien\u0105 dien\u0105. Ta\u010diau vienas i\u0161 m\u0117gstamiausi\u0173 lo\u0161\u0117j\u0173 \u017eaidim\u0173 yra &#8220;Thunderball&#8221;. \u012edomu tai, kad tai yra loterija, kuri nesi\u016blo milijon\u0173 svar\u0173 sterling\u0173 vert\u0117s pagrindinio prizo. Ties\u0105 sakant, galime garantuoti, kad net jei [&hellip;]<\/p>\n","protected":false},"author":1,"featured_media":0,"parent":35768,"menu_order":12,"comment_status":"closed","ping_status":"closed","template":"thunderball-info.php","meta":{"_et_pb_use_builder":"","_et_pb_old_content":"","_et_gb_content_width":"","exclude_from_search":false,"footnotes":""},"class_list":["post-37111","page","type-page","status-publish","hentry"],"yoast_head":"<!-- This site is optimized with the Yoast SEO plugin v23.3 - https:\/\/yoast.com\/wordpress\/plugins\/seo\/ -->\n<title>Pirkti &quot;Thunderball&quot; bilietus i\u0161 u\u017e JK rib\u0173 | Loterija &quot;Thunderball&quot; internetu<\/title>\n<meta name=\"description\" content=\"\u012esigykite &quot;Thunderball&quot; biliet\u0105 ne i\u0161 Jungtin\u0117s Karalyst\u0117s, pirkdami j\u012f internetu \u010dia! Gaukite nuskaityt\u0105 &quot;Thunderball&quot; biliet\u0105 naudodamiesi m\u016bs\u0173 teisin\u0117mis paslaugomis\" \/>\n<meta name=\"robots\" content=\"index, follow, max-snippet:-1, max-image-preview:large, max-video-preview:-1\" \/>\n<link rel=\"canonical\" href=\"https:\/\/jackpotlotteryonline.com\/lt\/pirkti-bilietus\/thunderball\/\" \/>\n<meta property=\"og:locale\" content=\"lt_LT\" \/>\n<meta property=\"og:type\" content=\"article\" \/>\n<meta property=\"og:title\" content=\"Pirkti &quot;Thunderball&quot; bilietus i\u0161 u\u017e JK rib\u0173 | Loterija &quot;Thunderball&quot; internetu\" \/>\n<meta property=\"og:description\" content=\"\u012esigykite &quot;Thunderball&quot; biliet\u0105 ne i\u0161 Jungtin\u0117s Karalyst\u0117s, pirkdami j\u012f internetu \u010dia! Gaukite nuskaityt\u0105 &quot;Thunderball&quot; biliet\u0105 naudodamiesi m\u016bs\u0173 teisin\u0117mis paslaugomis\" \/>\n<meta property=\"og:url\" content=\"https:\/\/jackpotlotteryonline.com\/lt\/pirkti-bilietus\/thunderball\/\" \/>\n<meta property=\"og:site_name\" content=\"Lotto Online - Crack The International Lottery Jackpots\" \/>\n<meta property=\"article:modified_time\" content=\"2023-01-04T08:48:51+00:00\" \/>\n<meta property=\"og:image\" content=\"https:\/\/jackpotlotteryonline.com\/wp-content\/uploads\/2022\/11\/1_you_win_jackpot-300x300.jpg\" \/>\n<meta name=\"twitter:card\" content=\"summary_large_image\" \/>\n<meta name=\"twitter:label1\" content=\"Est. reading time\" \/>\n\t<meta name=\"twitter:data1\" content=\"5 minut\u0117s\" \/>\n<!-- \/ Yoast SEO plugin. -->","yoast_head_json":{"title":"Pirkti \"Thunderball\" bilietus i\u0161 u\u017e JK rib\u0173 | Loterija \"Thunderball\" internetu","description":"\u012esigykite \"Thunderball\" biliet\u0105 ne i\u0161 Jungtin\u0117s Karalyst\u0117s, pirkdami j\u012f internetu \u010dia! Gaukite nuskaityt\u0105 \"Thunderball\" biliet\u0105 naudodamiesi m\u016bs\u0173 teisin\u0117mis paslaugomis","robots":{"index":"index","follow":"follow","max-snippet":"max-snippet:-1","max-image-preview":"max-image-preview:large","max-video-preview":"max-video-preview:-1"},"canonical":"https:\/\/jackpotlotteryonline.com\/lt\/pirkti-bilietus\/thunderball\/","og_locale":"lt_LT","og_type":"article","og_title":"Pirkti \"Thunderball\" bilietus i\u0161 u\u017e JK rib\u0173 | Loterija \"Thunderball\" internetu","og_description":"\u012esigykite \"Thunderball\" biliet\u0105 ne i\u0161 Jungtin\u0117s Karalyst\u0117s, pirkdami j\u012f internetu \u010dia! Gaukite nuskaityt\u0105 \"Thunderball\" biliet\u0105 naudodamiesi m\u016bs\u0173 teisin\u0117mis paslaugomis","og_url":"https:\/\/jackpotlotteryonline.com\/lt\/pirkti-bilietus\/thunderball\/","og_site_name":"Lotto Online - Crack The International Lottery Jackpots","article_modified_time":"2023-01-04T08:48:51+00:00","og_image":[{"url":"https:\/\/jackpotlotteryonline.com\/wp-content\/uploads\/2022\/11\/1_you_win_jackpot-300x300.jpg"}],"twitter_card":"summary_large_image","twitter_misc":{"Est. reading time":"5 minut\u0117s"},"schema":{"@context":"https:\/\/schema.org","@graph":[{"@type":"WebPage","@id":"https:\/\/jackpotlotteryonline.com\/lt\/pirkti-bilietus\/thunderball\/","url":"https:\/\/jackpotlotteryonline.com\/lt\/pirkti-bilietus\/thunderball\/","name":"Pirkti \"Thunderball\" bilietus i\u0161 u\u017e JK rib\u0173 | Loterija \"Thunderball\" internetu","isPartOf":{"@id":"https:\/\/jackpotlotteryonline.com\/#website"},"primaryImageOfPage":{"@id":"https:\/\/jackpotlotteryonline.com\/lt\/pirkti-bilietus\/thunderball\/#primaryimage"},"image":{"@id":"https:\/\/jackpotlotteryonline.com\/lt\/pirkti-bilietus\/thunderball\/#primaryimage"},"thumbnailUrl":"https:\/\/jackpotlotteryonline.com\/wp-content\/uploads\/2022\/11\/1_you_win_jackpot-300x300.jpg","datePublished":"2022-11-10T09:23:45+00:00","dateModified":"2023-01-04T08:48:51+00:00","description":"\u012esigykite \"Thunderball\" biliet\u0105 ne i\u0161 Jungtin\u0117s Karalyst\u0117s, pirkdami j\u012f internetu \u010dia! Gaukite nuskaityt\u0105 \"Thunderball\" biliet\u0105 naudodamiesi m\u016bs\u0173 teisin\u0117mis paslaugomis","breadcrumb":{"@id":"https:\/\/jackpotlotteryonline.com\/lt\/pirkti-bilietus\/thunderball\/#breadcrumb"},"inLanguage":"lt-LT","potentialAction":[{"@type":"ReadAction","target":["https:\/\/jackpotlotteryonline.com\/lt\/pirkti-bilietus\/thunderball\/"]}]},{"@type":"ImageObject","inLanguage":"lt-LT","@id":"https:\/\/jackpotlotteryonline.com\/lt\/pirkti-bilietus\/thunderball\/#primaryimage","url":"https:\/\/jackpotlotteryonline.com\/wp-content\/uploads\/2022\/11\/1_you_win_jackpot-300x300.jpg","contentUrl":"https:\/\/jackpotlotteryonline.com\/wp-content\/uploads\/2022\/11\/1_you_win_jackpot-300x300.jpg"},{"@type":"BreadcrumbList","@id":"https:\/\/jackpotlotteryonline.com\/lt\/pirkti-bilietus\/thunderball\/#breadcrumb","itemListElement":[{"@type":"ListItem","position":1,"name":"Home","item":"https:\/\/jackpotlotteryonline.com\/lt\/"},{"@type":"ListItem","position":2,"name":"Kaip nusipirkti loterijos bilietus internetu","item":"https:\/\/jackpotlotteryonline.com\/buy-tickets\/"},{"@type":"ListItem","position":3,"name":"Pirkti &#8222;Thunderball&#8221; bilietus"}]},{"@type":"WebSite","@id":"https:\/\/jackpotlotteryonline.com\/#website","url":"https:\/\/jackpotlotteryonline.com\/","name":"Lotto Online - Crack The International Lottery Jackpots","description":"","potentialAction":[{"@type":"SearchAction","target":{"@type":"EntryPoint","urlTemplate":"https:\/\/jackpotlotteryonline.com\/?s={search_term_string}"},"query-input":"required name=search_term_string"}],"inLanguage":"lt-LT"}]}},"_links":{"self":[{"href":"https:\/\/jackpotlotteryonline.com\/lt\/wp-json\/wp\/v2\/pages\/37111","targetHints":{"allow":["GET"]}}],"collection":[{"href":"https:\/\/jackpotlotteryonline.com\/lt\/wp-json\/wp\/v2\/pages"}],"about":[{"href":"https:\/\/jackpotlotteryonline.com\/lt\/wp-json\/wp\/v2\/types\/page"}],"author":[{"embeddable":true,"href":"https:\/\/jackpotlotteryonline.com\/lt\/wp-json\/wp\/v2\/users\/1"}],"replies":[{"embeddable":true,"href":"https:\/\/jackpotlotteryonline.com\/lt\/wp-json\/wp\/v2\/comments?post=37111"}],"version-history":[{"count":0,"href":"https:\/\/jackpotlotteryonline.com\/lt\/wp-json\/wp\/v2\/pages\/37111\/revisions"}],"up":[{"embeddable":true,"href":"https:\/\/jackpotlotteryonline.com\/lt\/wp-json\/wp\/v2\/pages\/35768"}],"wp:attachment":[{"href":"https:\/\/jackpotlotteryonline.com\/lt\/wp-json\/wp\/v2\/media?parent=37111"}],"curies":[{"name":"wp","href":"https:\/\/api.w.org\/{rel}","templated":true}]}}