{"id":37166,"date":"2022-11-10T12:30:11","date_gmt":"2022-11-10T12:30:11","guid":{"rendered":"https:\/\/jackpotlotteryonline.com\/?page_id=37166"},"modified":"2022-12-24T15:35:08","modified_gmt":"2022-12-24T15:35:08","slug":"powerball-australia","status":"publish","type":"page","link":"https:\/\/jackpotlotteryonline.com\/lt\/pirkti-bilietus\/powerball-australia\/","title":{"rendered":"Pirkti &#8220;Powerball Australia&#8221; bilietus"},"content":{"rendered":"<p>Kai galvojate apie \u0161i\u0105 loterij\u0105, pirmiausia \u012f galv\u0105 ateina JAV loterija, o ne Australijos versija. \u0160i\u0105 nuostabi\u0105 loterij\u0105 m\u0117gsta Aussie lotto entuziastai. Powerball Australia greitai tampa viena i\u0161 populiariausi\u0173 tarptautini\u0173 loterij\u0173, nes lo\u0161\u0117jai visame pasaulyje pripa\u017e\u012fsta jos potencial\u0105.<\/p>\n<p>Garantuojamas minimalus 3 mln. doleri\u0173 laim\u0117jimas, o jei po burt\u0173 traukimo n\u0117ra laim\u0117tojo, suma persikelia. Jis gali b\u016bti pervedamas kelis kartus, kol tampa gana didelis. Rekordinis 160 mln. doleri\u0173 vert\u0117s aukso puodas buvo laim\u0117tas 2022 m. spalio m\u0117n. i\u0161 vieno bilieto.<\/p>\n<p>Jei norite prapl\u0117sti savo, kaip loterijos \u017eaid\u0117jo, akirat\u012f, tur\u0117tum\u0117te pagalvoti apie &#8220;Powerball Australia&#8221;. Ji yra linksma, kupina nuotaikos ir suteikia \u017eaid\u0117jams galimyb\u0119 laim\u0117ti daug be beproti\u0161k\u0173 JAV versijos \u0161ans\u0173. Be to, nesvarbu, kur gyvenate, nes galite<a href=\"https:\/\/jackpotlotteryonline.com\/lt\/kaip-zaisti\/powerball-australia\"> \u017eaisti internetu adresu jackpotlotlotteryonline.com.<\/a><\/p>\n<h2>Kaip veikia &#8220;Powerball Australia&#8221;?<\/h2>\n<p><img loading=\"lazy\" decoding=\"async\" class=\"size-full wp-image-31181 alignright\" src=\"http:\/\/jackpotlotteryonline.com\/wp-content\/uploads\/2022\/11\/logo_powerball-300x50-1.jpg\" alt=\"Powerball Australia\" width=\"300\" height=\"50\" \/><\/p>\n<p>\u0160ioje loterijoje kamuoliukai su dviem skai\u010di\u0173 rinkiniais yra dviejose skirtingose statin\u0117se. Kamuoliukai i\u0161 kiekvienos statin\u0117s traukiami atsitiktine tvarka ir laimi bet kuris \u012fra\u0161as, atitinkantis i\u0161trauktus skai\u010dius. Pirmojoje statin\u0117je yra 35 kamuoliukai, o \u017eaid\u0117jai turi pasirinkti 7 \u0161io diapazono skai\u010dius. Antroje statin\u0117je yra 20 skai\u010di\u0173, o \u017eaid\u0117jai renkasi VIEN\u0104 skai\u010di\u0173 i\u0161 \u0161io intervalo.<\/p>\n<p>\u012era\u0161o eilut\u0117je yra 8 skai\u010diai, o bilietas gali tur\u0117ti daugiau nei vien\u0105 \u012fra\u0161o eilut\u0119. Ties\u0105 sakant, patartina \u012fvesti kelias eilutes, kad padid\u0117t\u0173 laim\u0117jimo tikimyb\u0117. Tikimyb\u0117 laim\u0117ti pagrindin\u012f priz\u0105 yra 1:1:134 490 400.<\/p>\n<p>Taip, tikimyb\u0117 gana didel\u0117, ta\u010diau taip veikia loterija. Tai yra skai\u010di\u0173 \u017eaidimas ir daug kas priklauso nuo s\u0117km\u0117s. Ne\u017einia, kada s\u0117km\u0117 nuspr\u0119s b\u016bti palanki \u017eaid\u0117jui. Be to, tai smagus hobis, jei tik nevir\u0161ijate savo galimybi\u0173.<\/p>\n<h2>Ar galite padidinti savo \u0161ansus laim\u0117ti?<\/h2>\n<p>\u012edomu tai, kad galite padidinti savo \u0161ansus laim\u0117ti pagrindin\u012f priz\u0105. Garantuoto metodo n\u0117ra, nors dauguma laim\u0117toj\u0173 prisipa\u017e\u012fsta, kad \u017eaid\u0117 kelis kartus, kol k\u0105 nors laim\u0117jo. \u010cia ir slypi paslaptis.<\/p>\n<p>M\u016bs\u0173 \u017einiomis, b\u016bdas pakreipti laim\u0117jimo tikimyb\u0119 savo naudai yra pirkti daugiau \u012fra\u0161\u0173. Tai rei\u0161kia, kad reikia keli\u0173 \u012f\u0117jimo eilu\u010di\u0173 ir keli\u0173 traukim\u0173. Loterija loterijas traukia kart\u0105 per savait\u0119, ketvirtadieniais. Jei bilietus \u012fsigysite m\u016bs\u0173 svetain\u0117je, gal\u0117site dalyvauti traukimuose prie\u0161 kelias savaites.<\/p>\n<p>Kita galimyb\u0117 &#8211; prisijungti prie loterijos sindikato. Sindikato privalumas yra tas, kad j\u016bs\u0173 pinigai pasiekia kur kas daugiau nei \u017eaid\u017eiant vienam. \u017dinoma, jei bilietas laim\u0117s, kiekvienas sindikato narys pasidalins laim\u0117jim\u0105.<\/p>\n<section class=\"layout\" style=\"border: solid 1px; width: 100%;\">\n<div class=\"img-div\" style=\"margin-top: 5px;\"><img decoding=\"async\" class=\"wp-image-17212 alignleft\" style=\"height: 45px; margin: 8px 8px 0px;\" src=\"http:\/\/jackpotlotteryonline.com\/wp-content\/uploads\/2022\/11\/read1.jpg\" alt=\"skaityti\" width=\"\" height=\"\" \/><\/div>\n<div style=\"padding-left: 5px;\">\n<div style=\"font-size: 1.1em;\">\n<p><strong>Rinkit\u0117s laimin\u010dius loterijos numerius rankiniu b\u016bdu arba naudodami RNG<\/strong><\/p>\n<p style=\"font-size: 0.85em; margin-top: -1.5em;\">Kaip sugeneruoti laimin\u010dius loterijos numerius?\u00a0<a href=\"https:\/\/jackpotlotteryonline.com\/lt\/kaip-generuoti-laimincius-lotto-numerius\"> skaityti daugiau<\/a><\/p>\n<\/div>\n<\/div>\n<\/section>\n<h2>Kaip \u017eaisti Aussie loterij\u0105 internete<\/h2>\n<p><img loading=\"lazy\" decoding=\"async\" class=\"alignright size-medium wp-image-34538\" src=\"http:\/\/jackpotlotteryonline.com\/wp-content\/uploads\/2022\/11\/2_ticket_powerball_au-157x300.jpg\" alt=\"Australijos loterijos bilietas\" width=\"157\" height=\"300\" srcset=\"https:\/\/jackpotlotteryonline.com\/wp-content\/uploads\/2022\/11\/2_ticket_powerball_au-157x300.jpg 157w, https:\/\/jackpotlotteryonline.com\/wp-content\/uploads\/2022\/11\/2_ticket_powerball_au.jpg 250w\" sizes=\"auto, (max-width: 157px) 100vw, 157px\" \/><\/p>\n<p>\u017daisti loterij\u0105 internetu paprasta ir tai galite daryti, kad ir kur b\u016btum\u0117te. Apsilank\u0119 pas mus adresu jackpotlotlotteryonline.com, galite lengvai nusipirkti \u012fra\u0161us \u012f populiariausias tarptautines loterijas, \u012fskaitant Aussie loterijas. Nor\u0117dami nusipirkti \u012fra\u0161us, papras\u010diausiai pasirinkite numerius ir dalyvaukite burt\u0173 traukime. Ne\u017einote, kokius skai\u010dius naudoti, pasinaudokite m\u016bs\u0173 greito pasirinkimo \u012frankiu, kad sugeneruotum\u0117te atsitiktinius skai\u010dius.<\/p>\n<p>Kai pateksite \u012f mok\u0117jimo puslap\u012f, papra\u0161ysime j\u016bs\u0173 u\u017esiregistruoti. Tai daroma tam, kad j\u016bs\u0173 kvitas likt\u0173 saugus j\u016bs\u0173 s\u0105skaitoje. Taip pat galite nustatyti automatin\u012f loterijos \u017eaidim\u0173 re\u017eim\u0105, kad b\u016btum\u0117te automati\u0161kai \u012ftraukti \u012f pasirinktus tira\u017eus. Jei laim\u0117site priz\u0105, nedelsdami jus apie tai informuosime, o tada gal\u0117site atsiimti priz\u0105 i\u0161 m\u016bs\u0173 platformos.<\/p>\n<p>Dedame visas pastangas, kad supaprastintume jums loterijos patirt\u012f, kad gal\u0117tum\u0117te atsipalaiduoti ir susitelkti \u012f ger\u0105 laik\u0105.<\/p>\n<h2>Priz\u0173 skyriai<\/h2>\n<p>\u0160ioje &#8220;Aussie&#8221; loterijoje yra 9 priz\u0173 skyriai, o norint laim\u0117ti priz\u0105, \u017eaid\u0117jai neprivalo atitikti vis\u0173 8 i\u0161traukt\u0173 skai\u010di\u0173. Nors pagrindinis prizas prasideda nuo 3 milijon\u0173 JAV doleri\u0173, jis gali keliskart persikelti, kol taps daug didesniu prizu.<\/p>\n<p>Atkreipkite d\u0117mes\u012f, kad pagrindinio prizo dydis neribojamas, ta\u010diau jis gali b\u016bti pervestas tik 25 kartus, kol v\u0117l pasieks 3 milijonus JAV doleri\u0173.<\/p>\n<p>\u017demesni\u0173 padalini\u0173 prizai sudaro tam tikr\u0105 procentin\u0119 prizinio fondo dal\u012f. Pasidalysime vidutiniu i\u0161mok\u0173 dyd\u017eiu, kad susidarytum\u0117te vaizd\u0105. Tai n\u0117ra garantuotas kiekvieno tira\u017eo i\u0161mok\u0117jimas, nes sumos gali skirtis.<\/p>\n<p>7 pagrindini\u0173 skai\u010di\u0173 ir specialaus skai\u010diaus atitikimas &#8211; 23 043 155,47 USD (vidutinis i\u0161mok\u0117jimas)<br \/>\nTik 7 numeri\u0173 atitikimas &#8211; 126 484,05 USD<br \/>\n6 skai\u010di\u0173 ir specialaus skai\u010diaus atitikimas &#8211; 5 326,97 USD<br \/>\nTik 6 skai\u010di\u0173 atitikimas &#8211; 454,35 USD<br \/>\n5 skai\u010di\u0173 ir specialaus skai\u010diaus atitikimas &#8211; 158,34 USD<br \/>\n4 skai\u010di\u0173 ir specialaus skai\u010diaus atitikimas &#8211; 70,85 USD<br \/>\nTik 5 skai\u010di\u0173 atitikimas &#8211; 42,23 USD<br \/>\n3 numeri\u0173 ir specialaus numerio atitikimas &#8211; 17,57 USD<br \/>\n2 skai\u010di\u0173 ir specialaus skai\u010diaus atitikimas &#8211; 10,71 USD<\/p>\n<h2>Kaip patikrinti rezultatus<\/h2>\n<p>Rezultatai skelbiami m\u016bs\u0173 svetain\u0117je po kiekvieno burt\u0173 traukimo. Burtai traukiami kiekvien\u0105 ketvirtadien\u012f 19:25 AEST.<\/p>\n<p>Suprantame, kad kartais pasitaiko gyvenimi\u0161k\u0173 situacij\u0173 ir jums gali nepavykti i\u0161 karto<a href=\"https:\/\/jackpotlotteryonline.com\/lt\/laimeje-skaitmenys\/powerball-australia\"> patikrinti burt\u0173 traukimo rezultat<\/a>\u0173. Taigi, jei laim\u0117site kok\u012f nors priz\u0105, ne tik persp\u0117sime jus per j\u016bs\u0173 paskyr\u0105, bet ir atsi\u0173sime jums el. lai\u0161k\u0105. Tokiu b\u016bdu jums nereik\u0117s praleisti galimyb\u0117s atsiimti priz\u0105.<\/p>\n<h2>U\u017esiregistruokite pas mus ir \u012fsigykite &#8220;Powerball Australia&#8221; bilietus internetu<\/h2>\n<p>Ar jus jaudina galimyb\u0117 \u017eaisti \u0161ioje loterijoje? Mes taip pat, ir d\u017eiaugiam\u0117s gal\u0117dami perkelti j\u0105 \u012f mobil\u0173j\u012f \u012frengin\u012f \u0161alia j\u016bs\u0173. Kai tik tur\u0117site interneto ry\u0161\u012f, gal\u0117site \u012fsigyti Australijos loterijos biliet\u0105.<\/p>\n<p>Loterija yra smagus \u017eaidimas ir visur yra istorij\u0173 apie loterijos laim\u0117tojus. J\u016bs galite b\u016bti kitas laim\u0117tojas, bet to nesu\u017einosite, kol nedalyvausite loterijoje. Supaprastinome \u0161\u012f proces\u0105, kad jums nereik\u0117t\u0173 patirti streso. Jums nereikia palikti m\u016bs\u0173 puslapio, kad atliktum\u0117te su loterija susijusias u\u017eduotis. Viskas taip paprasta.<\/p>\n<p>Nesvarbu, kurioje pasaulio vietoje esate, \u012fra\u0161\u0105 \u012f did\u017eiausi\u0105 Australijos loterij\u0105 galite nusipirkti \u010dia, m\u016bs\u0173 svetain\u0117je. U\u017esiregistruokite pas mus \u0161iandien.<\/p>\n","protected":false},"excerpt":{"rendered":"<p>Kai galvojate apie \u0161i\u0105 loterij\u0105, pirmiausia \u012f galv\u0105 ateina JAV loterija, o ne Australijos versija. \u0160i\u0105 nuostabi\u0105 loterij\u0105 m\u0117gsta Aussie lotto entuziastai. Powerball Australia greitai tampa viena i\u0161 populiariausi\u0173 tarptautini\u0173 loterij\u0173, nes lo\u0161\u0117jai visame pasaulyje pripa\u017e\u012fsta jos potencial\u0105. Garantuojamas minimalus 3 mln. doleri\u0173 laim\u0117jimas, o jei po burt\u0173 traukimo n\u0117ra laim\u0117tojo, suma persikelia. Jis gali [&hellip;]<\/p>\n","protected":false},"author":1,"featured_media":0,"parent":35768,"menu_order":17,"comment_status":"closed","ping_status":"closed","template":"powerball-au-info.php","meta":{"_et_pb_use_builder":"","_et_pb_old_content":"","_et_gb_content_width":"","exclude_from_search":false,"footnotes":""},"class_list":["post-37166","page","type-page","status-publish","hentry"],"yoast_head":"<!-- This site is optimized with the Yoast SEO plugin v23.3 - https:\/\/yoast.com\/wordpress\/plugins\/seo\/ -->\n<title>Pirkti &quot;Powerball Australia&quot; bilietus i\u0161 u\u017e Australijos rib\u0173<\/title>\n<meta name=\"description\" content=\"Australijos &quot;Powerball&quot; loterijos versija - galite dalyvauti, jei tiesiog nusipirksite biliet\u0105 internetu \u010dia, m\u016bs\u0173 svetain\u0117je\" \/>\n<meta name=\"robots\" content=\"index, follow, max-snippet:-1, max-image-preview:large, max-video-preview:-1\" \/>\n<link rel=\"canonical\" href=\"https:\/\/jackpotlotteryonline.com\/lt\/pirkti-bilietus\/powerball-australia\/\" \/>\n<meta property=\"og:locale\" content=\"lt_LT\" \/>\n<meta property=\"og:type\" content=\"article\" \/>\n<meta property=\"og:title\" content=\"Pirkti &quot;Powerball Australia&quot; bilietus i\u0161 u\u017e Australijos rib\u0173\" \/>\n<meta property=\"og:description\" content=\"Australijos &quot;Powerball&quot; loterijos versija - galite dalyvauti, jei tiesiog nusipirksite biliet\u0105 internetu \u010dia, m\u016bs\u0173 svetain\u0117je\" \/>\n<meta property=\"og:url\" content=\"https:\/\/jackpotlotteryonline.com\/lt\/pirkti-bilietus\/powerball-australia\/\" \/>\n<meta property=\"og:site_name\" content=\"Lotto Online - Crack The International Lottery Jackpots\" \/>\n<meta property=\"article:modified_time\" content=\"2022-12-24T15:35:08+00:00\" \/>\n<meta property=\"og:image\" content=\"http:\/\/jackpotlotteryonline.com\/wp-content\/uploads\/2022\/11\/logo_powerball-300x50-1.jpg\" \/>\n<meta name=\"twitter:card\" content=\"summary_large_image\" \/>\n<meta name=\"twitter:label1\" content=\"Est. reading time\" \/>\n\t<meta name=\"twitter:data1\" content=\"4 minut\u0117s\" \/>\n<!-- \/ Yoast SEO plugin. -->","yoast_head_json":{"title":"Pirkti \"Powerball Australia\" bilietus i\u0161 u\u017e Australijos rib\u0173","description":"Australijos \"Powerball\" loterijos versija - galite dalyvauti, jei tiesiog nusipirksite biliet\u0105 internetu \u010dia, m\u016bs\u0173 svetain\u0117je","robots":{"index":"index","follow":"follow","max-snippet":"max-snippet:-1","max-image-preview":"max-image-preview:large","max-video-preview":"max-video-preview:-1"},"canonical":"https:\/\/jackpotlotteryonline.com\/lt\/pirkti-bilietus\/powerball-australia\/","og_locale":"lt_LT","og_type":"article","og_title":"Pirkti \"Powerball Australia\" bilietus i\u0161 u\u017e Australijos rib\u0173","og_description":"Australijos \"Powerball\" loterijos versija - galite dalyvauti, jei tiesiog nusipirksite biliet\u0105 internetu \u010dia, m\u016bs\u0173 svetain\u0117je","og_url":"https:\/\/jackpotlotteryonline.com\/lt\/pirkti-bilietus\/powerball-australia\/","og_site_name":"Lotto Online - Crack The International Lottery Jackpots","article_modified_time":"2022-12-24T15:35:08+00:00","og_image":[{"url":"http:\/\/jackpotlotteryonline.com\/wp-content\/uploads\/2022\/11\/logo_powerball-300x50-1.jpg"}],"twitter_card":"summary_large_image","twitter_misc":{"Est. reading time":"4 minut\u0117s"},"schema":{"@context":"https:\/\/schema.org","@graph":[{"@type":"WebPage","@id":"https:\/\/jackpotlotteryonline.com\/lt\/pirkti-bilietus\/powerball-australia\/","url":"https:\/\/jackpotlotteryonline.com\/lt\/pirkti-bilietus\/powerball-australia\/","name":"Pirkti \"Powerball Australia\" bilietus i\u0161 u\u017e Australijos rib\u0173","isPartOf":{"@id":"https:\/\/jackpotlotteryonline.com\/#website"},"primaryImageOfPage":{"@id":"https:\/\/jackpotlotteryonline.com\/lt\/pirkti-bilietus\/powerball-australia\/#primaryimage"},"image":{"@id":"https:\/\/jackpotlotteryonline.com\/lt\/pirkti-bilietus\/powerball-australia\/#primaryimage"},"thumbnailUrl":"http:\/\/jackpotlotteryonline.com\/wp-content\/uploads\/2022\/11\/logo_powerball-300x50-1.jpg","datePublished":"2022-11-10T12:30:11+00:00","dateModified":"2022-12-24T15:35:08+00:00","description":"Australijos \"Powerball\" loterijos versija - galite dalyvauti, jei tiesiog nusipirksite biliet\u0105 internetu \u010dia, m\u016bs\u0173 svetain\u0117je","breadcrumb":{"@id":"https:\/\/jackpotlotteryonline.com\/lt\/pirkti-bilietus\/powerball-australia\/#breadcrumb"},"inLanguage":"lt-LT","potentialAction":[{"@type":"ReadAction","target":["https:\/\/jackpotlotteryonline.com\/lt\/pirkti-bilietus\/powerball-australia\/"]}]},{"@type":"ImageObject","inLanguage":"lt-LT","@id":"https:\/\/jackpotlotteryonline.com\/lt\/pirkti-bilietus\/powerball-australia\/#primaryimage","url":"http:\/\/jackpotlotteryonline.com\/wp-content\/uploads\/2022\/11\/logo_powerball-300x50-1.jpg","contentUrl":"http:\/\/jackpotlotteryonline.com\/wp-content\/uploads\/2022\/11\/logo_powerball-300x50-1.jpg"},{"@type":"BreadcrumbList","@id":"https:\/\/jackpotlotteryonline.com\/lt\/pirkti-bilietus\/powerball-australia\/#breadcrumb","itemListElement":[{"@type":"ListItem","position":1,"name":"Home","item":"https:\/\/jackpotlotteryonline.com\/lt\/"},{"@type":"ListItem","position":2,"name":"Kaip nusipirkti loterijos bilietus internetu","item":"https:\/\/jackpotlotteryonline.com\/buy-tickets\/"},{"@type":"ListItem","position":3,"name":"Pirkti &#8222;Powerball Australia&#8221; bilietus"}]},{"@type":"WebSite","@id":"https:\/\/jackpotlotteryonline.com\/#website","url":"https:\/\/jackpotlotteryonline.com\/","name":"Lotto Online - Crack The International Lottery Jackpots","description":"","potentialAction":[{"@type":"SearchAction","target":{"@type":"EntryPoint","urlTemplate":"https:\/\/jackpotlotteryonline.com\/?s={search_term_string}"},"query-input":"required name=search_term_string"}],"inLanguage":"lt-LT"}]}},"_links":{"self":[{"href":"https:\/\/jackpotlotteryonline.com\/lt\/wp-json\/wp\/v2\/pages\/37166","targetHints":{"allow":["GET"]}}],"collection":[{"href":"https:\/\/jackpotlotteryonline.com\/lt\/wp-json\/wp\/v2\/pages"}],"about":[{"href":"https:\/\/jackpotlotteryonline.com\/lt\/wp-json\/wp\/v2\/types\/page"}],"author":[{"embeddable":true,"href":"https:\/\/jackpotlotteryonline.com\/lt\/wp-json\/wp\/v2\/users\/1"}],"replies":[{"embeddable":true,"href":"https:\/\/jackpotlotteryonline.com\/lt\/wp-json\/wp\/v2\/comments?post=37166"}],"version-history":[{"count":0,"href":"https:\/\/jackpotlotteryonline.com\/lt\/wp-json\/wp\/v2\/pages\/37166\/revisions"}],"up":[{"embeddable":true,"href":"https:\/\/jackpotlotteryonline.com\/lt\/wp-json\/wp\/v2\/pages\/35768"}],"wp:attachment":[{"href":"https:\/\/jackpotlotteryonline.com\/lt\/wp-json\/wp\/v2\/media?parent=37166"}],"curies":[{"name":"wp","href":"https:\/\/api.w.org\/{rel}","templated":true}]}}